{"id":5776,"date":"2025-10-18T11:40:22","date_gmt":"2025-10-18T11:40:22","guid":{"rendered":"https:\/\/happyinaknit.com\/?post_type=product&#038;p=5776"},"modified":"2025-10-18T11:44:33","modified_gmt":"2025-10-18T11:44:33","slug":"prym-antgaliai-kojininiams-virbalams","status":"publish","type":"product","link":"https:\/\/happyinaknit.com\/lt\/produktas\/prym-antgaliai-kojininiams-virbalams\/","title":{"rendered":"Prym Antgaliai Kojininiams Virbalams"},"content":{"rendered":"<p>Patog\u016bs<strong> Prym plastikiniai antgaliai<\/strong> \u2013 tai saugus sprendimas kojinini\u0173 virbal\u0173 laikymui ir aki\u0173 fiksavimui mezgant ar transportuojant mezgin\u012f. Antgaliai neleid\u017eia akims nuslysti nuo virbal\u0173 ir saugo galiukus nuo pa\u017eeidim\u0173.<\/p>\n<p>Rinkinyje yra antgaliai kepur\u0117l\u0117s ir pir\u0161tin\u0117s formos \u2013 \u017eaismingi, bet itin funkcional\u016bs.<\/p>\n<p><strong>Savyb\u0117s:<\/strong><\/p>\n<ul>\n<li>Skirti kojininiams virbalams<\/li>\n<li>Apsaugo akis ir virbal\u0173 galiukus transportuojant<\/li>\n<li>Pagaminti i\u0161 tvirto plastiko<\/li>\n<li>Lengvai u\u017esimauna ir tvirtai laikosi<\/li>\n<\/ul>\n<p><strong>Variantai:<\/strong><\/p>\n<p>\ud83d\udd39 M\u0117lyni \u2013 tinkami virbalams Nr. 2,0\u20132,5 mm<\/p>\n<p>\ud83d\udd39 Pilki \u2013 tinkami virbalams Nr. 3,0\u20133,5 mm<\/p>\n<p>Gamintojas: Prym, Vokietija<\/p>\n<p>Pastaba: spalv\u0173 atspalviai gali \u0161iek tiek skirtis priklausomai nuo \u012frenginio ekrano<\/p>\n","protected":false},"excerpt":{"rendered":"<p>Patog\u016bs Prym plastikiniai antgaliai \u2013 tai saugus sprendimas kojinini\u0173 virbal\u0173 laikymui ir aki\u0173 fiksavimui mezgant ar transportuojant mezgin\u012f. Antgaliai neleid\u017eia akims nuslysti nuo virbal\u0173 ir saugo galiukus nuo pa\u017eeidim\u0173. Rinkinyje yra antgaliai kepur\u0117l\u0117s ir pir\u0161tin\u0117s formos \u2013 \u017eaismingi, bet itin funkcional\u016bs. Savyb\u0117s: Skirti kojininiams virbalams Apsaugo akis ir virbal\u0173 galiukus transportuojant Pagaminti i\u0161 tvirto plastiko [&hellip;]<\/p>\n","protected":false},"featured_media":5778,"comment_status":"open","ping_status":"closed","template":"","meta":{"_acf_changed":false},"product_brand":[1072],"product_cat":[15,868,19],"product_tag":[],"pro-kategorijos":[],"class_list":{"0":"post-5776","1":"product","2":"type-product","3":"status-publish","4":"has-post-thumbnail","6":"product_brand-prym","7":"product_cat-visi-produktai","8":"product_cat-antgaliaistabdziukai","9":"product_cat-mezgimo-priemones","11":"first","12":"instock","13":"shipping-taxable","14":"purchasable","15":"product-type-variable"},"acf":[],"yoast_head":"<!-- This site is optimized with the Yoast SEO plugin v26.8 - https:\/\/yoast.com\/product\/yoast-seo-wordpress\/ -->\n<title>Prym Antgaliai Kojininiams Virbalams - Happyinaknit.com<\/title>\n<meta name=\"robots\" content=\"index, follow, max-snippet:-1, max-image-preview:large, max-video-preview:-1\" \/>\n<link rel=\"canonical\" href=\"https:\/\/happyinaknit.com\/lt\/produktas\/prym-antgaliai-kojininiams-virbalams\/\" \/>\n<meta property=\"og:locale\" content=\"lt_LT\" \/>\n<meta property=\"og:type\" content=\"article\" \/>\n<meta property=\"og:title\" content=\"Prym Antgaliai Kojininiams Virbalams - Happyinaknit.com\" \/>\n<meta property=\"og:description\" content=\"Patog\u016bs Prym plastikiniai antgaliai \u2013 tai saugus sprendimas kojinini\u0173 virbal\u0173 laikymui ir aki\u0173 fiksavimui mezgant ar transportuojant mezgin\u012f. Antgaliai neleid\u017eia akims nuslysti nuo virbal\u0173 ir saugo galiukus nuo pa\u017eeidim\u0173. Rinkinyje yra antgaliai kepur\u0117l\u0117s ir pir\u0161tin\u0117s formos \u2013 \u017eaismingi, bet itin funkcional\u016bs. Savyb\u0117s: Skirti kojininiams virbalams Apsaugo akis ir virbal\u0173 galiukus transportuojant Pagaminti i\u0161 tvirto plastiko [&hellip;]\" \/>\n<meta property=\"og:url\" content=\"https:\/\/happyinaknit.com\/lt\/produktas\/prym-antgaliai-kojininiams-virbalams\/\" \/>\n<meta property=\"og:site_name\" content=\"Happyinaknit.com\" \/>\n<meta property=\"article:modified_time\" content=\"2025-10-18T11:44:33+00:00\" \/>\n<meta property=\"og:image\" content=\"https:\/\/happyinaknit.com\/wp-content\/uploads\/2025\/10\/j2d7d318c03ghjgfanube0yhhewvlglw.webp\" \/>\n\t<meta property=\"og:image:width\" content=\"1200\" \/>\n\t<meta property=\"og:image:height\" content=\"1200\" \/>\n\t<meta property=\"og:image:type\" content=\"image\/webp\" \/>\n<meta name=\"twitter:card\" content=\"summary_large_image\" \/>\n<script type=\"application\/ld+json\" class=\"yoast-schema-graph\">{\"@context\":\"https:\/\/schema.org\",\"@graph\":[{\"@type\":\"WebPage\",\"@id\":\"https:\/\/happyinaknit.com\/produktas\/prym-antgaliai-kojininiams-virbalams\/\",\"url\":\"https:\/\/happyinaknit.com\/produktas\/prym-antgaliai-kojininiams-virbalams\/\",\"name\":\"Prym Antgaliai Kojininiams Virbalams - Happyinaknit.com\",\"isPartOf\":{\"@id\":\"https:\/\/happyinaknit.com\/lt\/#website\"},\"primaryImageOfPage\":{\"@id\":\"https:\/\/happyinaknit.com\/produktas\/prym-antgaliai-kojininiams-virbalams\/#primaryimage\"},\"image\":{\"@id\":\"https:\/\/happyinaknit.com\/produktas\/prym-antgaliai-kojininiams-virbalams\/#primaryimage\"},\"thumbnailUrl\":\"https:\/\/happyinaknit.com\/wp-content\/uploads\/2025\/10\/j2d7d318c03ghjgfanube0yhhewvlglw.webp\",\"datePublished\":\"2025-10-18T11:40:22+00:00\",\"dateModified\":\"2025-10-18T11:44:33+00:00\",\"breadcrumb\":{\"@id\":\"https:\/\/happyinaknit.com\/produktas\/prym-antgaliai-kojininiams-virbalams\/#breadcrumb\"},\"inLanguage\":\"lt-LT\",\"potentialAction\":[{\"@type\":\"ReadAction\",\"target\":[\"https:\/\/happyinaknit.com\/produktas\/prym-antgaliai-kojininiams-virbalams\/\"]}]},{\"@type\":\"ImageObject\",\"inLanguage\":\"lt-LT\",\"@id\":\"https:\/\/happyinaknit.com\/produktas\/prym-antgaliai-kojininiams-virbalams\/#primaryimage\",\"url\":\"https:\/\/happyinaknit.com\/wp-content\/uploads\/2025\/10\/j2d7d318c03ghjgfanube0yhhewvlglw.webp\",\"contentUrl\":\"https:\/\/happyinaknit.com\/wp-content\/uploads\/2025\/10\/j2d7d318c03ghjgfanube0yhhewvlglw.webp\",\"width\":1200,\"height\":1200},{\"@type\":\"BreadcrumbList\",\"@id\":\"https:\/\/happyinaknit.com\/produktas\/prym-antgaliai-kojininiams-virbalams\/#breadcrumb\",\"itemListElement\":[{\"@type\":\"ListItem\",\"position\":1,\"name\":\"Home\",\"item\":\"https:\/\/happyinaknit.com\/lt\/\"},{\"@type\":\"ListItem\",\"position\":2,\"name\":\"Parduotuv\u0117\",\"item\":\"https:\/\/happyinaknit.com\/lt\/parduotuve\/\"},{\"@type\":\"ListItem\",\"position\":3,\"name\":\"Prym Antgaliai Kojininiams Virbalams\"}]},{\"@type\":\"WebSite\",\"@id\":\"https:\/\/happyinaknit.com\/lt\/#website\",\"url\":\"https:\/\/happyinaknit.com\/lt\/\",\"name\":\"Happyinaknit.com\",\"description\":\"\",\"potentialAction\":[{\"@type\":\"SearchAction\",\"target\":{\"@type\":\"EntryPoint\",\"urlTemplate\":\"https:\/\/happyinaknit.com\/lt\/?s={search_term_string}\"},\"query-input\":{\"@type\":\"PropertyValueSpecification\",\"valueRequired\":true,\"valueName\":\"search_term_string\"}}],\"inLanguage\":\"lt-LT\"}]}<\/script>\n<!-- \/ Yoast SEO plugin. -->","yoast_head_json":{"title":"Prym Antgaliai Kojininiams Virbalams - Happyinaknit.com","robots":{"index":"index","follow":"follow","max-snippet":"max-snippet:-1","max-image-preview":"max-image-preview:large","max-video-preview":"max-video-preview:-1"},"canonical":"https:\/\/happyinaknit.com\/lt\/produktas\/prym-antgaliai-kojininiams-virbalams\/","og_locale":"lt_LT","og_type":"article","og_title":"Prym Antgaliai Kojininiams Virbalams - Happyinaknit.com","og_description":"Patog\u016bs Prym plastikiniai antgaliai \u2013 tai saugus sprendimas kojinini\u0173 virbal\u0173 laikymui ir aki\u0173 fiksavimui mezgant ar transportuojant mezgin\u012f. Antgaliai neleid\u017eia akims nuslysti nuo virbal\u0173 ir saugo galiukus nuo pa\u017eeidim\u0173. Rinkinyje yra antgaliai kepur\u0117l\u0117s ir pir\u0161tin\u0117s formos \u2013 \u017eaismingi, bet itin funkcional\u016bs. Savyb\u0117s: Skirti kojininiams virbalams Apsaugo akis ir virbal\u0173 galiukus transportuojant Pagaminti i\u0161 tvirto plastiko [&hellip;]","og_url":"https:\/\/happyinaknit.com\/lt\/produktas\/prym-antgaliai-kojininiams-virbalams\/","og_site_name":"Happyinaknit.com","article_modified_time":"2025-10-18T11:44:33+00:00","og_image":[{"width":1200,"height":1200,"url":"https:\/\/happyinaknit.com\/wp-content\/uploads\/2025\/10\/j2d7d318c03ghjgfanube0yhhewvlglw.webp","type":"image\/webp"}],"twitter_card":"summary_large_image","schema":{"@context":"https:\/\/schema.org","@graph":[{"@type":"WebPage","@id":"https:\/\/happyinaknit.com\/produktas\/prym-antgaliai-kojininiams-virbalams\/","url":"https:\/\/happyinaknit.com\/produktas\/prym-antgaliai-kojininiams-virbalams\/","name":"Prym Antgaliai Kojininiams Virbalams - Happyinaknit.com","isPartOf":{"@id":"https:\/\/happyinaknit.com\/lt\/#website"},"primaryImageOfPage":{"@id":"https:\/\/happyinaknit.com\/produktas\/prym-antgaliai-kojininiams-virbalams\/#primaryimage"},"image":{"@id":"https:\/\/happyinaknit.com\/produktas\/prym-antgaliai-kojininiams-virbalams\/#primaryimage"},"thumbnailUrl":"https:\/\/happyinaknit.com\/wp-content\/uploads\/2025\/10\/j2d7d318c03ghjgfanube0yhhewvlglw.webp","datePublished":"2025-10-18T11:40:22+00:00","dateModified":"2025-10-18T11:44:33+00:00","breadcrumb":{"@id":"https:\/\/happyinaknit.com\/produktas\/prym-antgaliai-kojininiams-virbalams\/#breadcrumb"},"inLanguage":"lt-LT","potentialAction":[{"@type":"ReadAction","target":["https:\/\/happyinaknit.com\/produktas\/prym-antgaliai-kojininiams-virbalams\/"]}]},{"@type":"ImageObject","inLanguage":"lt-LT","@id":"https:\/\/happyinaknit.com\/produktas\/prym-antgaliai-kojininiams-virbalams\/#primaryimage","url":"https:\/\/happyinaknit.com\/wp-content\/uploads\/2025\/10\/j2d7d318c03ghjgfanube0yhhewvlglw.webp","contentUrl":"https:\/\/happyinaknit.com\/wp-content\/uploads\/2025\/10\/j2d7d318c03ghjgfanube0yhhewvlglw.webp","width":1200,"height":1200},{"@type":"BreadcrumbList","@id":"https:\/\/happyinaknit.com\/produktas\/prym-antgaliai-kojininiams-virbalams\/#breadcrumb","itemListElement":[{"@type":"ListItem","position":1,"name":"Home","item":"https:\/\/happyinaknit.com\/lt\/"},{"@type":"ListItem","position":2,"name":"Parduotuv\u0117","item":"https:\/\/happyinaknit.com\/lt\/parduotuve\/"},{"@type":"ListItem","position":3,"name":"Prym Antgaliai Kojininiams Virbalams"}]},{"@type":"WebSite","@id":"https:\/\/happyinaknit.com\/lt\/#website","url":"https:\/\/happyinaknit.com\/lt\/","name":"Happyinaknit.com","description":"","potentialAction":[{"@type":"SearchAction","target":{"@type":"EntryPoint","urlTemplate":"https:\/\/happyinaknit.com\/lt\/?s={search_term_string}"},"query-input":{"@type":"PropertyValueSpecification","valueRequired":true,"valueName":"search_term_string"}}],"inLanguage":"lt-LT"}]}},"_links":{"self":[{"href":"https:\/\/happyinaknit.com\/lt\/wp-json\/wp\/v2\/product\/5776","targetHints":{"allow":["GET"]}}],"collection":[{"href":"https:\/\/happyinaknit.com\/lt\/wp-json\/wp\/v2\/product"}],"about":[{"href":"https:\/\/happyinaknit.com\/lt\/wp-json\/wp\/v2\/types\/product"}],"replies":[{"embeddable":true,"href":"https:\/\/happyinaknit.com\/lt\/wp-json\/wp\/v2\/comments?post=5776"}],"wp:featuredmedia":[{"embeddable":true,"href":"https:\/\/happyinaknit.com\/lt\/wp-json\/wp\/v2\/media\/5778"}],"wp:attachment":[{"href":"https:\/\/happyinaknit.com\/lt\/wp-json\/wp\/v2\/media?parent=5776"}],"wp:term":[{"taxonomy":"product_brand","embeddable":true,"href":"https:\/\/happyinaknit.com\/lt\/wp-json\/wp\/v2\/product_brand?post=5776"},{"taxonomy":"product_cat","embeddable":true,"href":"https:\/\/happyinaknit.com\/lt\/wp-json\/wp\/v2\/product_cat?post=5776"},{"taxonomy":"product_tag","embeddable":true,"href":"https:\/\/happyinaknit.com\/lt\/wp-json\/wp\/v2\/product_tag?post=5776"},{"taxonomy":"pro-kategorijos","embeddable":true,"href":"https:\/\/happyinaknit.com\/lt\/wp-json\/wp\/v2\/pro-kategorijos?post=5776"}],"curies":[{"name":"wp","href":"https:\/\/api.w.org\/{rel}","templated":true}]}}