{"id":5773,"date":"2025-10-18T11:30:09","date_gmt":"2025-10-18T11:30:09","guid":{"rendered":"https:\/\/happyinaknit.com\/?post_type=product&#038;p=5773"},"modified":"2026-02-01T21:42:03","modified_gmt":"2026-02-01T21:42:03","slug":"prym-kliju-piestukas-aqua-marker","status":"publish","type":"product","link":"https:\/\/happyinaknit.com\/lt\/produktas\/prym-kliju-piestukas-aqua-marker\/","title":{"rendered":"Prym klij\u0173 pie\u0161tukas \u201eAqua Marker\u201c"},"content":{"rendered":"<p data-start=\"42\" data-end=\"291\">Klij\u0173 pie\u0161tukas <strong data-start=\"58\" data-end=\"78\">Prym Aqua Marker<\/strong> skirtas laikinai fiksuoti \u012fvairias siuvimo ir rankdarbi\u0173 detales \u2013 n\u0117rinius, u\u017etrauktukus, rafij\u0105 ir kitas dekoratyvines juosteles. Tai nepakei\u010diamas pagalbininkas tiek siuvant rankomis, tiek ma\u0161ina.<\/p>\n<p data-start=\"293\" data-end=\"489\">Klijai i\u0161 prad\u017ei\u0173 turi <strong data-start=\"316\" data-end=\"345\">\u0161velniai gelton\u0105 atspalv\u012f<\/strong>, tod\u0117l ai\u0161kiai matosi u\u017etepta vieta. Po i\u0161d\u017ei\u016bvimo spalva visi\u0161kai <strong data-start=\"413\" data-end=\"425\">i\u0161nyksta<\/strong>, o klijai tampa <strong data-start=\"442\" data-end=\"486\">skaidr\u016bs ir visi\u0161kai i\u0161siplauna vandeniu<\/strong>.<\/p>\n<p data-start=\"491\" data-end=\"505\"><strong data-start=\"491\" data-end=\"503\">Savyb\u0117s:<\/strong><\/p>\n<ul data-start=\"506\" data-end=\"758\">\n<li data-start=\"506\" data-end=\"574\">\n<p data-start=\"508\" data-end=\"574\">Tinka tvirtinti n\u0117rinius, juosteles, u\u017etrauktukus, rafij\u0105 ir kt.<\/p>\n<\/li>\n<li data-start=\"575\" data-end=\"625\">\n<p data-start=\"577\" data-end=\"625\">Geltonas atspalvis padeda matyti u\u017etept\u0105 viet\u0105<\/p>\n<\/li>\n<li data-start=\"626\" data-end=\"669\">\n<p data-start=\"628\" data-end=\"669\">I\u0161d\u017ei\u016bv\u0119 klijai tampa visi\u0161kai skaidr\u016bs<\/p>\n<\/li>\n<li data-start=\"670\" data-end=\"701\">\n<p data-start=\"672\" data-end=\"701\">Lengvai i\u0161siplauna vandeniu<\/p>\n<\/li>\n<li data-start=\"702\" data-end=\"758\">\n<p data-start=\"704\" data-end=\"758\">Galima papildyti atsarginiu klij\u0173 u\u017etaisu (<em data-start=\"747\" data-end=\"755\">refill<\/em>)<\/p>\n<\/li>\n<\/ul>\n<p data-start=\"760\" data-end=\"793\"><strong data-start=\"760\" data-end=\"775\">Gamintojas:<\/strong> Prym, Vokietija<\/p>\n<p data-start=\"795\" data-end=\"883\" data-is-last-node=\"\" data-is-only-node=\"\"><strong data-start=\"795\" data-end=\"807\">Pastaba:<\/strong> spalv\u0173 atspalviai gali \u0161iek tiek skirtis priklausomai nuo \u012frenginio ekrano.<\/p>\n","protected":false},"excerpt":{"rendered":"<p>Klij\u0173 pie\u0161tukas Prym Aqua Marker skirtas laikinai fiksuoti \u012fvairias siuvimo ir rankdarbi\u0173 detales \u2013 n\u0117rinius, u\u017etrauktukus, rafij\u0105 ir kitas dekoratyvines juosteles. Tai nepakei\u010diamas pagalbininkas tiek siuvant rankomis, tiek ma\u0161ina. Klijai i\u0161 prad\u017ei\u0173 turi \u0161velniai gelton\u0105 atspalv\u012f, tod\u0117l ai\u0161kiai matosi u\u017etepta vieta. Po i\u0161d\u017ei\u016bvimo spalva visi\u0161kai i\u0161nyksta, o klijai tampa skaidr\u016bs ir visi\u0161kai i\u0161siplauna vandeniu. Savyb\u0117s: [&hellip;]<\/p>\n","protected":false},"featured_media":5774,"comment_status":"open","ping_status":"closed","template":"","meta":{"_acf_changed":false},"product_brand":[1072],"product_cat":[15,1083,20],"product_tag":[],"pro-kategorijos":[],"class_list":{"0":"post-5773","1":"product","2":"type-product","3":"status-publish","4":"has-post-thumbnail","6":"product_brand-prym","7":"product_cat-visi-produktai","8":"product_cat-lateksasklijai","9":"product_cat-priedai-mezgimui","11":"first","12":"instock","13":"shipping-taxable","14":"purchasable","15":"product-type-simple"},"acf":[],"yoast_head":"<!-- This site is optimized with the Yoast SEO plugin v26.8 - https:\/\/yoast.com\/product\/yoast-seo-wordpress\/ -->\n<title>Prym klij\u0173 pie\u0161tukas \u201eAqua Marker\u201c - Happyinaknit.com<\/title>\n<meta name=\"robots\" content=\"index, follow, max-snippet:-1, max-image-preview:large, max-video-preview:-1\" \/>\n<link rel=\"canonical\" href=\"https:\/\/happyinaknit.com\/lt\/produktas\/prym-kliju-piestukas-aqua-marker\/\" \/>\n<meta property=\"og:locale\" content=\"lt_LT\" \/>\n<meta property=\"og:type\" content=\"article\" \/>\n<meta property=\"og:title\" content=\"Prym klij\u0173 pie\u0161tukas \u201eAqua Marker\u201c - Happyinaknit.com\" \/>\n<meta property=\"og:description\" content=\"Klij\u0173 pie\u0161tukas Prym Aqua Marker skirtas laikinai fiksuoti \u012fvairias siuvimo ir rankdarbi\u0173 detales \u2013 n\u0117rinius, u\u017etrauktukus, rafij\u0105 ir kitas dekoratyvines juosteles. Tai nepakei\u010diamas pagalbininkas tiek siuvant rankomis, tiek ma\u0161ina. Klijai i\u0161 prad\u017ei\u0173 turi \u0161velniai gelton\u0105 atspalv\u012f, tod\u0117l ai\u0161kiai matosi u\u017etepta vieta. Po i\u0161d\u017ei\u016bvimo spalva visi\u0161kai i\u0161nyksta, o klijai tampa skaidr\u016bs ir visi\u0161kai i\u0161siplauna vandeniu. Savyb\u0117s: [&hellip;]\" \/>\n<meta property=\"og:url\" content=\"https:\/\/happyinaknit.com\/lt\/produktas\/prym-kliju-piestukas-aqua-marker\/\" \/>\n<meta property=\"og:site_name\" content=\"Happyinaknit.com\" \/>\n<meta property=\"article:modified_time\" content=\"2026-02-01T21:42:03+00:00\" \/>\n<meta property=\"og:image\" content=\"https:\/\/happyinaknit.com\/wp-content\/uploads\/2025\/10\/1qe27frksyupvhbwwp50cuuvit8krsfr.jpeg\" \/>\n\t<meta property=\"og:image:width\" content=\"1280\" \/>\n\t<meta property=\"og:image:height\" content=\"1280\" \/>\n\t<meta property=\"og:image:type\" content=\"image\/jpeg\" \/>\n<meta name=\"twitter:card\" content=\"summary_large_image\" \/>\n<meta name=\"twitter:label1\" content=\"Est. reading time\" \/>\n\t<meta name=\"twitter:data1\" content=\"1 minut\u0117\" \/>\n<script type=\"application\/ld+json\" class=\"yoast-schema-graph\">{\"@context\":\"https:\/\/schema.org\",\"@graph\":[{\"@type\":\"WebPage\",\"@id\":\"https:\/\/happyinaknit.com\/produktas\/prym-kliju-piestukas-aqua-marker\/\",\"url\":\"https:\/\/happyinaknit.com\/produktas\/prym-kliju-piestukas-aqua-marker\/\",\"name\":\"Prym klij\u0173 pie\u0161tukas \u201eAqua Marker\u201c - Happyinaknit.com\",\"isPartOf\":{\"@id\":\"https:\/\/happyinaknit.com\/lt\/#website\"},\"primaryImageOfPage\":{\"@id\":\"https:\/\/happyinaknit.com\/produktas\/prym-kliju-piestukas-aqua-marker\/#primaryimage\"},\"image\":{\"@id\":\"https:\/\/happyinaknit.com\/produktas\/prym-kliju-piestukas-aqua-marker\/#primaryimage\"},\"thumbnailUrl\":\"https:\/\/happyinaknit.com\/wp-content\/uploads\/2025\/10\/1qe27frksyupvhbwwp50cuuvit8krsfr.jpeg\",\"datePublished\":\"2025-10-18T11:30:09+00:00\",\"dateModified\":\"2026-02-01T21:42:03+00:00\",\"breadcrumb\":{\"@id\":\"https:\/\/happyinaknit.com\/produktas\/prym-kliju-piestukas-aqua-marker\/#breadcrumb\"},\"inLanguage\":\"lt-LT\",\"potentialAction\":[{\"@type\":\"ReadAction\",\"target\":[\"https:\/\/happyinaknit.com\/produktas\/prym-kliju-piestukas-aqua-marker\/\"]}]},{\"@type\":\"ImageObject\",\"inLanguage\":\"lt-LT\",\"@id\":\"https:\/\/happyinaknit.com\/produktas\/prym-kliju-piestukas-aqua-marker\/#primaryimage\",\"url\":\"https:\/\/happyinaknit.com\/wp-content\/uploads\/2025\/10\/1qe27frksyupvhbwwp50cuuvit8krsfr.jpeg\",\"contentUrl\":\"https:\/\/happyinaknit.com\/wp-content\/uploads\/2025\/10\/1qe27frksyupvhbwwp50cuuvit8krsfr.jpeg\",\"width\":1280,\"height\":1280},{\"@type\":\"BreadcrumbList\",\"@id\":\"https:\/\/happyinaknit.com\/produktas\/prym-kliju-piestukas-aqua-marker\/#breadcrumb\",\"itemListElement\":[{\"@type\":\"ListItem\",\"position\":1,\"name\":\"Home\",\"item\":\"https:\/\/happyinaknit.com\/lt\/\"},{\"@type\":\"ListItem\",\"position\":2,\"name\":\"Parduotuv\u0117\",\"item\":\"https:\/\/happyinaknit.com\/lt\/parduotuve\/\"},{\"@type\":\"ListItem\",\"position\":3,\"name\":\"Prym klij\u0173 pie\u0161tukas \u201eAqua Marker\u201c\"}]},{\"@type\":\"WebSite\",\"@id\":\"https:\/\/happyinaknit.com\/lt\/#website\",\"url\":\"https:\/\/happyinaknit.com\/lt\/\",\"name\":\"Happyinaknit.com\",\"description\":\"\",\"potentialAction\":[{\"@type\":\"SearchAction\",\"target\":{\"@type\":\"EntryPoint\",\"urlTemplate\":\"https:\/\/happyinaknit.com\/lt\/?s={search_term_string}\"},\"query-input\":{\"@type\":\"PropertyValueSpecification\",\"valueRequired\":true,\"valueName\":\"search_term_string\"}}],\"inLanguage\":\"lt-LT\"}]}<\/script>\n<!-- \/ Yoast SEO plugin. -->","yoast_head_json":{"title":"Prym klij\u0173 pie\u0161tukas \u201eAqua Marker\u201c - Happyinaknit.com","robots":{"index":"index","follow":"follow","max-snippet":"max-snippet:-1","max-image-preview":"max-image-preview:large","max-video-preview":"max-video-preview:-1"},"canonical":"https:\/\/happyinaknit.com\/lt\/produktas\/prym-kliju-piestukas-aqua-marker\/","og_locale":"lt_LT","og_type":"article","og_title":"Prym klij\u0173 pie\u0161tukas \u201eAqua Marker\u201c - Happyinaknit.com","og_description":"Klij\u0173 pie\u0161tukas Prym Aqua Marker skirtas laikinai fiksuoti \u012fvairias siuvimo ir rankdarbi\u0173 detales \u2013 n\u0117rinius, u\u017etrauktukus, rafij\u0105 ir kitas dekoratyvines juosteles. Tai nepakei\u010diamas pagalbininkas tiek siuvant rankomis, tiek ma\u0161ina. Klijai i\u0161 prad\u017ei\u0173 turi \u0161velniai gelton\u0105 atspalv\u012f, tod\u0117l ai\u0161kiai matosi u\u017etepta vieta. Po i\u0161d\u017ei\u016bvimo spalva visi\u0161kai i\u0161nyksta, o klijai tampa skaidr\u016bs ir visi\u0161kai i\u0161siplauna vandeniu. Savyb\u0117s: [&hellip;]","og_url":"https:\/\/happyinaknit.com\/lt\/produktas\/prym-kliju-piestukas-aqua-marker\/","og_site_name":"Happyinaknit.com","article_modified_time":"2026-02-01T21:42:03+00:00","og_image":[{"width":1280,"height":1280,"url":"https:\/\/happyinaknit.com\/wp-content\/uploads\/2025\/10\/1qe27frksyupvhbwwp50cuuvit8krsfr.jpeg","type":"image\/jpeg"}],"twitter_card":"summary_large_image","twitter_misc":{"Est. reading time":"1 minut\u0117"},"schema":{"@context":"https:\/\/schema.org","@graph":[{"@type":"WebPage","@id":"https:\/\/happyinaknit.com\/produktas\/prym-kliju-piestukas-aqua-marker\/","url":"https:\/\/happyinaknit.com\/produktas\/prym-kliju-piestukas-aqua-marker\/","name":"Prym klij\u0173 pie\u0161tukas \u201eAqua Marker\u201c - Happyinaknit.com","isPartOf":{"@id":"https:\/\/happyinaknit.com\/lt\/#website"},"primaryImageOfPage":{"@id":"https:\/\/happyinaknit.com\/produktas\/prym-kliju-piestukas-aqua-marker\/#primaryimage"},"image":{"@id":"https:\/\/happyinaknit.com\/produktas\/prym-kliju-piestukas-aqua-marker\/#primaryimage"},"thumbnailUrl":"https:\/\/happyinaknit.com\/wp-content\/uploads\/2025\/10\/1qe27frksyupvhbwwp50cuuvit8krsfr.jpeg","datePublished":"2025-10-18T11:30:09+00:00","dateModified":"2026-02-01T21:42:03+00:00","breadcrumb":{"@id":"https:\/\/happyinaknit.com\/produktas\/prym-kliju-piestukas-aqua-marker\/#breadcrumb"},"inLanguage":"lt-LT","potentialAction":[{"@type":"ReadAction","target":["https:\/\/happyinaknit.com\/produktas\/prym-kliju-piestukas-aqua-marker\/"]}]},{"@type":"ImageObject","inLanguage":"lt-LT","@id":"https:\/\/happyinaknit.com\/produktas\/prym-kliju-piestukas-aqua-marker\/#primaryimage","url":"https:\/\/happyinaknit.com\/wp-content\/uploads\/2025\/10\/1qe27frksyupvhbwwp50cuuvit8krsfr.jpeg","contentUrl":"https:\/\/happyinaknit.com\/wp-content\/uploads\/2025\/10\/1qe27frksyupvhbwwp50cuuvit8krsfr.jpeg","width":1280,"height":1280},{"@type":"BreadcrumbList","@id":"https:\/\/happyinaknit.com\/produktas\/prym-kliju-piestukas-aqua-marker\/#breadcrumb","itemListElement":[{"@type":"ListItem","position":1,"name":"Home","item":"https:\/\/happyinaknit.com\/lt\/"},{"@type":"ListItem","position":2,"name":"Parduotuv\u0117","item":"https:\/\/happyinaknit.com\/lt\/parduotuve\/"},{"@type":"ListItem","position":3,"name":"Prym klij\u0173 pie\u0161tukas \u201eAqua Marker\u201c"}]},{"@type":"WebSite","@id":"https:\/\/happyinaknit.com\/lt\/#website","url":"https:\/\/happyinaknit.com\/lt\/","name":"Happyinaknit.com","description":"","potentialAction":[{"@type":"SearchAction","target":{"@type":"EntryPoint","urlTemplate":"https:\/\/happyinaknit.com\/lt\/?s={search_term_string}"},"query-input":{"@type":"PropertyValueSpecification","valueRequired":true,"valueName":"search_term_string"}}],"inLanguage":"lt-LT"}]}},"_links":{"self":[{"href":"https:\/\/happyinaknit.com\/lt\/wp-json\/wp\/v2\/product\/5773","targetHints":{"allow":["GET"]}}],"collection":[{"href":"https:\/\/happyinaknit.com\/lt\/wp-json\/wp\/v2\/product"}],"about":[{"href":"https:\/\/happyinaknit.com\/lt\/wp-json\/wp\/v2\/types\/product"}],"replies":[{"embeddable":true,"href":"https:\/\/happyinaknit.com\/lt\/wp-json\/wp\/v2\/comments?post=5773"}],"wp:featuredmedia":[{"embeddable":true,"href":"https:\/\/happyinaknit.com\/lt\/wp-json\/wp\/v2\/media\/5774"}],"wp:attachment":[{"href":"https:\/\/happyinaknit.com\/lt\/wp-json\/wp\/v2\/media?parent=5773"}],"wp:term":[{"taxonomy":"product_brand","embeddable":true,"href":"https:\/\/happyinaknit.com\/lt\/wp-json\/wp\/v2\/product_brand?post=5773"},{"taxonomy":"product_cat","embeddable":true,"href":"https:\/\/happyinaknit.com\/lt\/wp-json\/wp\/v2\/product_cat?post=5773"},{"taxonomy":"product_tag","embeddable":true,"href":"https:\/\/happyinaknit.com\/lt\/wp-json\/wp\/v2\/product_tag?post=5773"},{"taxonomy":"pro-kategorijos","embeddable":true,"href":"https:\/\/happyinaknit.com\/lt\/wp-json\/wp\/v2\/pro-kategorijos?post=5773"}],"curies":[{"name":"wp","href":"https:\/\/api.w.org\/{rel}","templated":true}]}}