{"id":5759,"date":"2025-10-17T23:40:26","date_gmt":"2025-10-17T23:40:26","guid":{"rendered":"https:\/\/happyinaknit.com\/?post_type=product&#038;p=5759"},"modified":"2025-10-17T23:40:27","modified_gmt":"2025-10-17T23:40:27","slug":"clover-pakabukas-siulu-kirptuvas","status":"publish","type":"product","link":"https:\/\/happyinaknit.com\/lt\/produktas\/clover-pakabukas-siulu-kirptuvas\/","title":{"rendered":"Clover pakabukas\u2013si\u016bl\u0173 kirptuvas"},"content":{"rendered":"<p data-start=\"40\" data-end=\"262\">Eleganti\u0161kas ir funkcionalus <strong data-start=\"69\" data-end=\"79\">Clover<\/strong> pakabukas\u2013kirptuvas \u2013 nepakei\u010diamas pagalbininkas mezg\u0117joms ir siuv\u0117joms. Viduje pasl\u0117ptas a\u0161trus diskinis peiliukas leid\u017eia lengvai ir saugiai nukirpti si\u016blus bet kur ir bet kada.<\/p>\n<p data-start=\"264\" data-end=\"378\">Pakabuk\u0105 galima ne\u0161ioti ant kaklo kaip stiling\u0105 aksesuar\u0105 arba u\u017ed\u0117ti ant si\u016bl\u0173 rit\u0117s \u2013 jis visada bus po ranka.<\/p>\n<p data-start=\"380\" data-end=\"394\"><strong data-start=\"380\" data-end=\"392\">Savyb\u0117s:<\/strong><\/p>\n<ul data-start=\"395\" data-end=\"581\">\n<li data-start=\"395\" data-end=\"439\">\n<p data-start=\"397\" data-end=\"439\">A\u0161trus diskinis peiliukas si\u016blams kirpti<\/p>\n<\/li>\n<li data-start=\"440\" data-end=\"485\">\n<p data-start=\"442\" data-end=\"485\">Saugus naudoti \u2013 a\u0161menys pasl\u0117pti korpuse<\/p>\n<\/li>\n<li data-start=\"486\" data-end=\"544\">\n<p data-start=\"488\" data-end=\"544\">Galima naudoti kaip pakabuk\u0105 arba tvirtinti prie rit\u0117s<\/p>\n<\/li>\n<li data-start=\"545\" data-end=\"581\">\n<p data-start=\"547\" data-end=\"581\">Patvarus ir dekoratyvus dizainas<\/p>\n<\/li>\n<\/ul>\n<p data-start=\"583\" data-end=\"604\"><strong data-start=\"583\" data-end=\"602\">Galimi stiliai:<\/strong><\/p>\n<ul data-start=\"605\" data-end=\"646\">\n<li data-start=\"605\" data-end=\"626\">\n<p data-start=\"607\" data-end=\"626\">Antikinio sidabro<\/p>\n<\/li>\n<li data-start=\"627\" data-end=\"646\">\n<p data-start=\"629\" data-end=\"646\">Antikinio aukso<\/p>\n<\/li>\n<\/ul>\n<p data-start=\"648\" data-end=\"771\" data-is-last-node=\"\" data-is-only-node=\"\"><strong data-start=\"648\" data-end=\"663\">Gamintojas:<\/strong> Clover, Japonija<br data-start=\"680\" data-end=\"683\" \/><strong data-start=\"683\" data-end=\"695\">Pastaba:<\/strong> spalv\u0173 atspalviai gali \u0161iek tiek skirtis priklausomai nuo \u012frenginio ekrano.<\/p>\n","protected":false},"excerpt":{"rendered":"<p>Eleganti\u0161kas ir funkcionalus Clover pakabukas\u2013kirptuvas \u2013 nepakei\u010diamas pagalbininkas mezg\u0117joms ir siuv\u0117joms. Viduje pasl\u0117ptas a\u0161trus diskinis peiliukas leid\u017eia lengvai ir saugiai nukirpti si\u016blus bet kur ir bet kada. Pakabuk\u0105 galima ne\u0161ioti ant kaklo kaip stiling\u0105 aksesuar\u0105 arba u\u017ed\u0117ti ant si\u016bl\u0173 rit\u0117s \u2013 jis visada bus po ranka. Savyb\u0117s: A\u0161trus diskinis peiliukas si\u016blams kirpti Saugus naudoti \u2013 [&hellip;]<\/p>\n","protected":false},"featured_media":5751,"comment_status":"open","ping_status":"closed","template":"","meta":{"_acf_changed":false},"product_brand":[1074],"product_cat":[15,20,90],"product_tag":[],"pro-kategorijos":[],"class_list":{"0":"post-5759","1":"product","2":"type-product","3":"status-publish","4":"has-post-thumbnail","6":"product_brand-clover","7":"product_cat-visi-produktai","8":"product_cat-priedai-mezgimui","9":"product_cat-zirkles","11":"first","12":"instock","13":"shipping-taxable","14":"purchasable","15":"product-type-variable"},"acf":[],"yoast_head":"<!-- This site is optimized with the Yoast SEO plugin v26.8 - https:\/\/yoast.com\/product\/yoast-seo-wordpress\/ -->\n<title>Clover pakabukas\u2013si\u016bl\u0173 kirptuvas - Happyinaknit.com<\/title>\n<meta name=\"robots\" content=\"index, follow, max-snippet:-1, max-image-preview:large, max-video-preview:-1\" \/>\n<link rel=\"canonical\" href=\"https:\/\/happyinaknit.com\/lt\/produktas\/clover-pakabukas-siulu-kirptuvas\/\" \/>\n<meta property=\"og:locale\" content=\"lt_LT\" \/>\n<meta property=\"og:type\" content=\"article\" \/>\n<meta property=\"og:title\" content=\"Clover pakabukas\u2013si\u016bl\u0173 kirptuvas - Happyinaknit.com\" \/>\n<meta property=\"og:description\" content=\"Eleganti\u0161kas ir funkcionalus Clover pakabukas\u2013kirptuvas \u2013 nepakei\u010diamas pagalbininkas mezg\u0117joms ir siuv\u0117joms. Viduje pasl\u0117ptas a\u0161trus diskinis peiliukas leid\u017eia lengvai ir saugiai nukirpti si\u016blus bet kur ir bet kada. Pakabuk\u0105 galima ne\u0161ioti ant kaklo kaip stiling\u0105 aksesuar\u0105 arba u\u017ed\u0117ti ant si\u016bl\u0173 rit\u0117s \u2013 jis visada bus po ranka. Savyb\u0117s: A\u0161trus diskinis peiliukas si\u016blams kirpti Saugus naudoti \u2013 [&hellip;]\" \/>\n<meta property=\"og:url\" content=\"https:\/\/happyinaknit.com\/lt\/produktas\/clover-pakabukas-siulu-kirptuvas\/\" \/>\n<meta property=\"og:site_name\" content=\"Happyinaknit.com\" \/>\n<meta property=\"article:modified_time\" content=\"2025-10-17T23:40:27+00:00\" \/>\n<meta property=\"og:image\" content=\"https:\/\/happyinaknit.com\/wp-content\/uploads\/2025\/10\/Clover-Yarn-Cutter-Pendant-Antique-Gold_d4c28ed3-49a5-41ab-bb44-6ecda39e35c4.cfc7ef200c26a96b0e280866c988eb71.jpeg.webp\" \/>\n\t<meta property=\"og:image:width\" content=\"768\" \/>\n\t<meta property=\"og:image:height\" content=\"768\" \/>\n\t<meta property=\"og:image:type\" content=\"image\/webp\" \/>\n<meta name=\"twitter:card\" content=\"summary_large_image\" \/>\n<meta name=\"twitter:label1\" content=\"Est. reading time\" \/>\n\t<meta name=\"twitter:data1\" content=\"1 minut\u0117\" \/>\n<script type=\"application\/ld+json\" class=\"yoast-schema-graph\">{\"@context\":\"https:\/\/schema.org\",\"@graph\":[{\"@type\":\"WebPage\",\"@id\":\"https:\/\/happyinaknit.com\/produktas\/clover-pakabukas-siulu-kirptuvas\/\",\"url\":\"https:\/\/happyinaknit.com\/produktas\/clover-pakabukas-siulu-kirptuvas\/\",\"name\":\"Clover pakabukas\u2013si\u016bl\u0173 kirptuvas - Happyinaknit.com\",\"isPartOf\":{\"@id\":\"https:\/\/happyinaknit.com\/lt\/#website\"},\"primaryImageOfPage\":{\"@id\":\"https:\/\/happyinaknit.com\/produktas\/clover-pakabukas-siulu-kirptuvas\/#primaryimage\"},\"image\":{\"@id\":\"https:\/\/happyinaknit.com\/produktas\/clover-pakabukas-siulu-kirptuvas\/#primaryimage\"},\"thumbnailUrl\":\"https:\/\/happyinaknit.com\/wp-content\/uploads\/2025\/10\/Clover-Yarn-Cutter-Pendant-Antique-Gold_d4c28ed3-49a5-41ab-bb44-6ecda39e35c4.cfc7ef200c26a96b0e280866c988eb71.jpeg.webp\",\"datePublished\":\"2025-10-17T23:40:26+00:00\",\"dateModified\":\"2025-10-17T23:40:27+00:00\",\"breadcrumb\":{\"@id\":\"https:\/\/happyinaknit.com\/produktas\/clover-pakabukas-siulu-kirptuvas\/#breadcrumb\"},\"inLanguage\":\"lt-LT\",\"potentialAction\":[{\"@type\":\"ReadAction\",\"target\":[\"https:\/\/happyinaknit.com\/produktas\/clover-pakabukas-siulu-kirptuvas\/\"]}]},{\"@type\":\"ImageObject\",\"inLanguage\":\"lt-LT\",\"@id\":\"https:\/\/happyinaknit.com\/produktas\/clover-pakabukas-siulu-kirptuvas\/#primaryimage\",\"url\":\"https:\/\/happyinaknit.com\/wp-content\/uploads\/2025\/10\/Clover-Yarn-Cutter-Pendant-Antique-Gold_d4c28ed3-49a5-41ab-bb44-6ecda39e35c4.cfc7ef200c26a96b0e280866c988eb71.jpeg.webp\",\"contentUrl\":\"https:\/\/happyinaknit.com\/wp-content\/uploads\/2025\/10\/Clover-Yarn-Cutter-Pendant-Antique-Gold_d4c28ed3-49a5-41ab-bb44-6ecda39e35c4.cfc7ef200c26a96b0e280866c988eb71.jpeg.webp\",\"width\":768,\"height\":768},{\"@type\":\"BreadcrumbList\",\"@id\":\"https:\/\/happyinaknit.com\/produktas\/clover-pakabukas-siulu-kirptuvas\/#breadcrumb\",\"itemListElement\":[{\"@type\":\"ListItem\",\"position\":1,\"name\":\"Home\",\"item\":\"https:\/\/happyinaknit.com\/lt\/\"},{\"@type\":\"ListItem\",\"position\":2,\"name\":\"Parduotuv\u0117\",\"item\":\"https:\/\/happyinaknit.com\/lt\/parduotuve\/\"},{\"@type\":\"ListItem\",\"position\":3,\"name\":\"Clover pakabukas\u2013si\u016bl\u0173 kirptuvas\"}]},{\"@type\":\"WebSite\",\"@id\":\"https:\/\/happyinaknit.com\/lt\/#website\",\"url\":\"https:\/\/happyinaknit.com\/lt\/\",\"name\":\"Happyinaknit.com\",\"description\":\"\",\"potentialAction\":[{\"@type\":\"SearchAction\",\"target\":{\"@type\":\"EntryPoint\",\"urlTemplate\":\"https:\/\/happyinaknit.com\/lt\/?s={search_term_string}\"},\"query-input\":{\"@type\":\"PropertyValueSpecification\",\"valueRequired\":true,\"valueName\":\"search_term_string\"}}],\"inLanguage\":\"lt-LT\"}]}<\/script>\n<!-- \/ Yoast SEO plugin. -->","yoast_head_json":{"title":"Clover pakabukas\u2013si\u016bl\u0173 kirptuvas - Happyinaknit.com","robots":{"index":"index","follow":"follow","max-snippet":"max-snippet:-1","max-image-preview":"max-image-preview:large","max-video-preview":"max-video-preview:-1"},"canonical":"https:\/\/happyinaknit.com\/lt\/produktas\/clover-pakabukas-siulu-kirptuvas\/","og_locale":"lt_LT","og_type":"article","og_title":"Clover pakabukas\u2013si\u016bl\u0173 kirptuvas - Happyinaknit.com","og_description":"Eleganti\u0161kas ir funkcionalus Clover pakabukas\u2013kirptuvas \u2013 nepakei\u010diamas pagalbininkas mezg\u0117joms ir siuv\u0117joms. Viduje pasl\u0117ptas a\u0161trus diskinis peiliukas leid\u017eia lengvai ir saugiai nukirpti si\u016blus bet kur ir bet kada. Pakabuk\u0105 galima ne\u0161ioti ant kaklo kaip stiling\u0105 aksesuar\u0105 arba u\u017ed\u0117ti ant si\u016bl\u0173 rit\u0117s \u2013 jis visada bus po ranka. Savyb\u0117s: A\u0161trus diskinis peiliukas si\u016blams kirpti Saugus naudoti \u2013 [&hellip;]","og_url":"https:\/\/happyinaknit.com\/lt\/produktas\/clover-pakabukas-siulu-kirptuvas\/","og_site_name":"Happyinaknit.com","article_modified_time":"2025-10-17T23:40:27+00:00","og_image":[{"width":768,"height":768,"url":"https:\/\/happyinaknit.com\/wp-content\/uploads\/2025\/10\/Clover-Yarn-Cutter-Pendant-Antique-Gold_d4c28ed3-49a5-41ab-bb44-6ecda39e35c4.cfc7ef200c26a96b0e280866c988eb71.jpeg.webp","type":"image\/webp"}],"twitter_card":"summary_large_image","twitter_misc":{"Est. reading time":"1 minut\u0117"},"schema":{"@context":"https:\/\/schema.org","@graph":[{"@type":"WebPage","@id":"https:\/\/happyinaknit.com\/produktas\/clover-pakabukas-siulu-kirptuvas\/","url":"https:\/\/happyinaknit.com\/produktas\/clover-pakabukas-siulu-kirptuvas\/","name":"Clover pakabukas\u2013si\u016bl\u0173 kirptuvas - Happyinaknit.com","isPartOf":{"@id":"https:\/\/happyinaknit.com\/lt\/#website"},"primaryImageOfPage":{"@id":"https:\/\/happyinaknit.com\/produktas\/clover-pakabukas-siulu-kirptuvas\/#primaryimage"},"image":{"@id":"https:\/\/happyinaknit.com\/produktas\/clover-pakabukas-siulu-kirptuvas\/#primaryimage"},"thumbnailUrl":"https:\/\/happyinaknit.com\/wp-content\/uploads\/2025\/10\/Clover-Yarn-Cutter-Pendant-Antique-Gold_d4c28ed3-49a5-41ab-bb44-6ecda39e35c4.cfc7ef200c26a96b0e280866c988eb71.jpeg.webp","datePublished":"2025-10-17T23:40:26+00:00","dateModified":"2025-10-17T23:40:27+00:00","breadcrumb":{"@id":"https:\/\/happyinaknit.com\/produktas\/clover-pakabukas-siulu-kirptuvas\/#breadcrumb"},"inLanguage":"lt-LT","potentialAction":[{"@type":"ReadAction","target":["https:\/\/happyinaknit.com\/produktas\/clover-pakabukas-siulu-kirptuvas\/"]}]},{"@type":"ImageObject","inLanguage":"lt-LT","@id":"https:\/\/happyinaknit.com\/produktas\/clover-pakabukas-siulu-kirptuvas\/#primaryimage","url":"https:\/\/happyinaknit.com\/wp-content\/uploads\/2025\/10\/Clover-Yarn-Cutter-Pendant-Antique-Gold_d4c28ed3-49a5-41ab-bb44-6ecda39e35c4.cfc7ef200c26a96b0e280866c988eb71.jpeg.webp","contentUrl":"https:\/\/happyinaknit.com\/wp-content\/uploads\/2025\/10\/Clover-Yarn-Cutter-Pendant-Antique-Gold_d4c28ed3-49a5-41ab-bb44-6ecda39e35c4.cfc7ef200c26a96b0e280866c988eb71.jpeg.webp","width":768,"height":768},{"@type":"BreadcrumbList","@id":"https:\/\/happyinaknit.com\/produktas\/clover-pakabukas-siulu-kirptuvas\/#breadcrumb","itemListElement":[{"@type":"ListItem","position":1,"name":"Home","item":"https:\/\/happyinaknit.com\/lt\/"},{"@type":"ListItem","position":2,"name":"Parduotuv\u0117","item":"https:\/\/happyinaknit.com\/lt\/parduotuve\/"},{"@type":"ListItem","position":3,"name":"Clover pakabukas\u2013si\u016bl\u0173 kirptuvas"}]},{"@type":"WebSite","@id":"https:\/\/happyinaknit.com\/lt\/#website","url":"https:\/\/happyinaknit.com\/lt\/","name":"Happyinaknit.com","description":"","potentialAction":[{"@type":"SearchAction","target":{"@type":"EntryPoint","urlTemplate":"https:\/\/happyinaknit.com\/lt\/?s={search_term_string}"},"query-input":{"@type":"PropertyValueSpecification","valueRequired":true,"valueName":"search_term_string"}}],"inLanguage":"lt-LT"}]}},"_links":{"self":[{"href":"https:\/\/happyinaknit.com\/lt\/wp-json\/wp\/v2\/product\/5759","targetHints":{"allow":["GET"]}}],"collection":[{"href":"https:\/\/happyinaknit.com\/lt\/wp-json\/wp\/v2\/product"}],"about":[{"href":"https:\/\/happyinaknit.com\/lt\/wp-json\/wp\/v2\/types\/product"}],"replies":[{"embeddable":true,"href":"https:\/\/happyinaknit.com\/lt\/wp-json\/wp\/v2\/comments?post=5759"}],"wp:featuredmedia":[{"embeddable":true,"href":"https:\/\/happyinaknit.com\/lt\/wp-json\/wp\/v2\/media\/5751"}],"wp:attachment":[{"href":"https:\/\/happyinaknit.com\/lt\/wp-json\/wp\/v2\/media?parent=5759"}],"wp:term":[{"taxonomy":"product_brand","embeddable":true,"href":"https:\/\/happyinaknit.com\/lt\/wp-json\/wp\/v2\/product_brand?post=5759"},{"taxonomy":"product_cat","embeddable":true,"href":"https:\/\/happyinaknit.com\/lt\/wp-json\/wp\/v2\/product_cat?post=5759"},{"taxonomy":"product_tag","embeddable":true,"href":"https:\/\/happyinaknit.com\/lt\/wp-json\/wp\/v2\/product_tag?post=5759"},{"taxonomy":"pro-kategorijos","embeddable":true,"href":"https:\/\/happyinaknit.com\/lt\/wp-json\/wp\/v2\/pro-kategorijos?post=5759"}],"curies":[{"name":"wp","href":"https:\/\/api.w.org\/{rel}","templated":true}]}}