{"id":5731,"date":"2025-10-17T23:15:00","date_gmt":"2025-10-17T23:15:00","guid":{"rendered":"https:\/\/happyinaknit.com\/?post_type=product&#038;p=5731"},"modified":"2025-10-24T22:35:54","modified_gmt":"2025-10-24T22:35:54","slug":"clover-audinio-segtukai-nr-3185","status":"publish","type":"product","link":"https:\/\/happyinaknit.com\/lt\/produktas\/clover-audinio-segtukai-nr-3185\/","title":{"rendered":"Clover audinio segtukai (Nr. 3185)"},"content":{"rendered":"<p data-start=\"42\" data-end=\"357\">Auk\u0161tos kokyb\u0117s <strong data-start=\"58\" data-end=\"68\">Clover<\/strong> segtukai \u2013 puiki alternatyva smeigtukams ar si\u016bl\u0173 \u012fv\u0117rimui, kai reikia pritvirtinti kelis audinio sluoksnius ar dirbti su stora, sunki\u0105ja med\u017eiaga. Segtukai pla\u010diai atsiveria, turi matavimo \u017eym\u0117jimus ir plok\u0161\u010di\u0105 apatin\u0119 pus\u0119, tod\u0117l yra itin patog\u016bs naudojant siuvimo ma\u0161ina ar overloku.<\/p>\n<p data-start=\"359\" data-end=\"482\"><strong data-start=\"359\" data-end=\"378\">Rinkin\u012f sudaro:<\/strong><br data-start=\"378\" data-end=\"381\" \/>10 segtuk\u0173 (po 2 vnt. kiekvienos spalvos): <strong data-start=\"424\" data-end=\"480\">geltoni, oran\u017einiai, ro\u017einiai, violetiniai ir m\u0117lyni<\/strong><\/p>\n<p data-start=\"484\" data-end=\"498\"><strong data-start=\"484\" data-end=\"496\">Savyb\u0117s:<\/strong><\/p>\n<ul data-start=\"499\" data-end=\"747\">\n<li data-start=\"499\" data-end=\"541\">\n<p data-start=\"501\" data-end=\"541\">Tvirtai laiko kelis audinio sluoksnius<\/p>\n<\/li>\n<li data-start=\"542\" data-end=\"590\">\n<p data-start=\"544\" data-end=\"590\">Saugesni u\u017e smeigtukus \u2013 nepa\u017eeid\u017eia audinio<\/p>\n<\/li>\n<li data-start=\"591\" data-end=\"646\">\n<p data-start=\"593\" data-end=\"646\">Turi <strong data-start=\"598\" data-end=\"619\">plok\u0161\u010di\u0105 pagrind\u0105<\/strong> patogiam siuvimui ma\u0161ina<\/p>\n<\/li>\n<li data-start=\"687\" data-end=\"747\">\n<p data-start=\"689\" data-end=\"747\">Puikiai tinka tiek profesionalams, tiek pradedantiesiems<\/p>\n<\/li>\n<\/ul>\n<p data-start=\"749\" data-end=\"872\" data-is-last-node=\"\" data-is-only-node=\"\"><strong data-start=\"749\" data-end=\"764\">Gamintojas:<\/strong> Clover, Japonija<br data-start=\"781\" data-end=\"784\" \/><strong data-start=\"784\" data-end=\"796\">Pastaba:<\/strong> spalv\u0173 atspalviai gali \u0161iek tiek skirtis priklausomai nuo \u012frenginio ekrano.<\/p>\n","protected":false},"excerpt":{"rendered":"<p>Auk\u0161tos kokyb\u0117s Clover segtukai \u2013 puiki alternatyva smeigtukams ar si\u016bl\u0173 \u012fv\u0117rimui, kai reikia pritvirtinti kelis audinio sluoksnius ar dirbti su stora, sunki\u0105ja med\u017eiaga. Segtukai pla\u010diai atsiveria, turi matavimo \u017eym\u0117jimus ir plok\u0161\u010di\u0105 apatin\u0119 pus\u0119, tod\u0117l yra itin patog\u016bs naudojant siuvimo ma\u0161ina ar overloku. Rinkin\u012f sudaro:10 segtuk\u0173 (po 2 vnt. kiekvienos spalvos): geltoni, oran\u017einiai, ro\u017einiai, violetiniai ir [&hellip;]<\/p>\n","protected":false},"featured_media":5737,"comment_status":"open","ping_status":"closed","template":"","meta":{"_acf_changed":false},"product_brand":[1074],"product_cat":[15,1082,52,1350,20],"product_tag":[],"pro-kategorijos":[],"class_list":{"0":"post-5731","1":"product","2":"type-product","3":"status-publish","4":"has-post-thumbnail","6":"product_brand-clover","7":"product_cat-visi-produktai","8":"product_cat-blokavimo-priemones","9":"product_cat-kiti-mezgimo-reikmenys","10":"product_cat-laikikliai","11":"product_cat-priedai-mezgimui","13":"first","14":"instock","15":"shipping-taxable","16":"purchasable","17":"product-type-simple"},"acf":[],"yoast_head":"<!-- This site is optimized with the Yoast SEO plugin v26.8 - https:\/\/yoast.com\/product\/yoast-seo-wordpress\/ -->\n<title>Clover audinio segtukai (Nr. 3185) - Happyinaknit.com<\/title>\n<meta name=\"robots\" content=\"index, follow, max-snippet:-1, max-image-preview:large, max-video-preview:-1\" \/>\n<link rel=\"canonical\" href=\"https:\/\/happyinaknit.com\/lt\/produktas\/clover-audinio-segtukai-nr-3185\/\" \/>\n<meta property=\"og:locale\" content=\"lt_LT\" \/>\n<meta property=\"og:type\" content=\"article\" \/>\n<meta property=\"og:title\" content=\"Clover audinio segtukai (Nr. 3185) - Happyinaknit.com\" \/>\n<meta property=\"og:description\" content=\"Auk\u0161tos kokyb\u0117s Clover segtukai \u2013 puiki alternatyva smeigtukams ar si\u016bl\u0173 \u012fv\u0117rimui, kai reikia pritvirtinti kelis audinio sluoksnius ar dirbti su stora, sunki\u0105ja med\u017eiaga. Segtukai pla\u010diai atsiveria, turi matavimo \u017eym\u0117jimus ir plok\u0161\u010di\u0105 apatin\u0119 pus\u0119, tod\u0117l yra itin patog\u016bs naudojant siuvimo ma\u0161ina ar overloku. Rinkin\u012f sudaro:10 segtuk\u0173 (po 2 vnt. kiekvienos spalvos): geltoni, oran\u017einiai, ro\u017einiai, violetiniai ir [&hellip;]\" \/>\n<meta property=\"og:url\" content=\"https:\/\/happyinaknit.com\/lt\/produktas\/clover-audinio-segtukai-nr-3185\/\" \/>\n<meta property=\"og:site_name\" content=\"Happyinaknit.com\" \/>\n<meta property=\"article:modified_time\" content=\"2025-10-24T22:35:54+00:00\" \/>\n<meta property=\"og:image\" content=\"https:\/\/happyinaknit.com\/wp-content\/uploads\/2025\/10\/LG-0735_01000.jpg\" \/>\n\t<meta property=\"og:image:width\" content=\"750\" \/>\n\t<meta property=\"og:image:height\" content=\"750\" \/>\n\t<meta property=\"og:image:type\" content=\"image\/jpeg\" \/>\n<meta name=\"twitter:card\" content=\"summary_large_image\" \/>\n<meta name=\"twitter:label1\" content=\"Est. reading time\" \/>\n\t<meta name=\"twitter:data1\" content=\"1 minut\u0117\" \/>\n<script type=\"application\/ld+json\" class=\"yoast-schema-graph\">{\"@context\":\"https:\/\/schema.org\",\"@graph\":[{\"@type\":\"WebPage\",\"@id\":\"https:\/\/happyinaknit.com\/produktas\/clover-audinio-segtukai-nr-3185\/\",\"url\":\"https:\/\/happyinaknit.com\/produktas\/clover-audinio-segtukai-nr-3185\/\",\"name\":\"Clover audinio segtukai (Nr. 3185) - Happyinaknit.com\",\"isPartOf\":{\"@id\":\"https:\/\/happyinaknit.com\/lt\/#website\"},\"primaryImageOfPage\":{\"@id\":\"https:\/\/happyinaknit.com\/produktas\/clover-audinio-segtukai-nr-3185\/#primaryimage\"},\"image\":{\"@id\":\"https:\/\/happyinaknit.com\/produktas\/clover-audinio-segtukai-nr-3185\/#primaryimage\"},\"thumbnailUrl\":\"https:\/\/happyinaknit.com\/wp-content\/uploads\/2025\/10\/LG-0735_01000.jpg\",\"datePublished\":\"2025-10-17T23:15:00+00:00\",\"dateModified\":\"2025-10-24T22:35:54+00:00\",\"breadcrumb\":{\"@id\":\"https:\/\/happyinaknit.com\/produktas\/clover-audinio-segtukai-nr-3185\/#breadcrumb\"},\"inLanguage\":\"lt-LT\",\"potentialAction\":[{\"@type\":\"ReadAction\",\"target\":[\"https:\/\/happyinaknit.com\/produktas\/clover-audinio-segtukai-nr-3185\/\"]}]},{\"@type\":\"ImageObject\",\"inLanguage\":\"lt-LT\",\"@id\":\"https:\/\/happyinaknit.com\/produktas\/clover-audinio-segtukai-nr-3185\/#primaryimage\",\"url\":\"https:\/\/happyinaknit.com\/wp-content\/uploads\/2025\/10\/LG-0735_01000.jpg\",\"contentUrl\":\"https:\/\/happyinaknit.com\/wp-content\/uploads\/2025\/10\/LG-0735_01000.jpg\",\"width\":750,\"height\":750},{\"@type\":\"BreadcrumbList\",\"@id\":\"https:\/\/happyinaknit.com\/produktas\/clover-audinio-segtukai-nr-3185\/#breadcrumb\",\"itemListElement\":[{\"@type\":\"ListItem\",\"position\":1,\"name\":\"Home\",\"item\":\"https:\/\/happyinaknit.com\/lt\/\"},{\"@type\":\"ListItem\",\"position\":2,\"name\":\"Parduotuv\u0117\",\"item\":\"https:\/\/happyinaknit.com\/lt\/parduotuve\/\"},{\"@type\":\"ListItem\",\"position\":3,\"name\":\"Clover audinio segtukai (Nr. 3185)\"}]},{\"@type\":\"WebSite\",\"@id\":\"https:\/\/happyinaknit.com\/lt\/#website\",\"url\":\"https:\/\/happyinaknit.com\/lt\/\",\"name\":\"Happyinaknit.com\",\"description\":\"\",\"potentialAction\":[{\"@type\":\"SearchAction\",\"target\":{\"@type\":\"EntryPoint\",\"urlTemplate\":\"https:\/\/happyinaknit.com\/lt\/?s={search_term_string}\"},\"query-input\":{\"@type\":\"PropertyValueSpecification\",\"valueRequired\":true,\"valueName\":\"search_term_string\"}}],\"inLanguage\":\"lt-LT\"}]}<\/script>\n<!-- \/ Yoast SEO plugin. -->","yoast_head_json":{"title":"Clover audinio segtukai (Nr. 3185) - Happyinaknit.com","robots":{"index":"index","follow":"follow","max-snippet":"max-snippet:-1","max-image-preview":"max-image-preview:large","max-video-preview":"max-video-preview:-1"},"canonical":"https:\/\/happyinaknit.com\/lt\/produktas\/clover-audinio-segtukai-nr-3185\/","og_locale":"lt_LT","og_type":"article","og_title":"Clover audinio segtukai (Nr. 3185) - Happyinaknit.com","og_description":"Auk\u0161tos kokyb\u0117s Clover segtukai \u2013 puiki alternatyva smeigtukams ar si\u016bl\u0173 \u012fv\u0117rimui, kai reikia pritvirtinti kelis audinio sluoksnius ar dirbti su stora, sunki\u0105ja med\u017eiaga. Segtukai pla\u010diai atsiveria, turi matavimo \u017eym\u0117jimus ir plok\u0161\u010di\u0105 apatin\u0119 pus\u0119, tod\u0117l yra itin patog\u016bs naudojant siuvimo ma\u0161ina ar overloku. Rinkin\u012f sudaro:10 segtuk\u0173 (po 2 vnt. kiekvienos spalvos): geltoni, oran\u017einiai, ro\u017einiai, violetiniai ir [&hellip;]","og_url":"https:\/\/happyinaknit.com\/lt\/produktas\/clover-audinio-segtukai-nr-3185\/","og_site_name":"Happyinaknit.com","article_modified_time":"2025-10-24T22:35:54+00:00","og_image":[{"width":750,"height":750,"url":"https:\/\/happyinaknit.com\/wp-content\/uploads\/2025\/10\/LG-0735_01000.jpg","type":"image\/jpeg"}],"twitter_card":"summary_large_image","twitter_misc":{"Est. reading time":"1 minut\u0117"},"schema":{"@context":"https:\/\/schema.org","@graph":[{"@type":"WebPage","@id":"https:\/\/happyinaknit.com\/produktas\/clover-audinio-segtukai-nr-3185\/","url":"https:\/\/happyinaknit.com\/produktas\/clover-audinio-segtukai-nr-3185\/","name":"Clover audinio segtukai (Nr. 3185) - Happyinaknit.com","isPartOf":{"@id":"https:\/\/happyinaknit.com\/lt\/#website"},"primaryImageOfPage":{"@id":"https:\/\/happyinaknit.com\/produktas\/clover-audinio-segtukai-nr-3185\/#primaryimage"},"image":{"@id":"https:\/\/happyinaknit.com\/produktas\/clover-audinio-segtukai-nr-3185\/#primaryimage"},"thumbnailUrl":"https:\/\/happyinaknit.com\/wp-content\/uploads\/2025\/10\/LG-0735_01000.jpg","datePublished":"2025-10-17T23:15:00+00:00","dateModified":"2025-10-24T22:35:54+00:00","breadcrumb":{"@id":"https:\/\/happyinaknit.com\/produktas\/clover-audinio-segtukai-nr-3185\/#breadcrumb"},"inLanguage":"lt-LT","potentialAction":[{"@type":"ReadAction","target":["https:\/\/happyinaknit.com\/produktas\/clover-audinio-segtukai-nr-3185\/"]}]},{"@type":"ImageObject","inLanguage":"lt-LT","@id":"https:\/\/happyinaknit.com\/produktas\/clover-audinio-segtukai-nr-3185\/#primaryimage","url":"https:\/\/happyinaknit.com\/wp-content\/uploads\/2025\/10\/LG-0735_01000.jpg","contentUrl":"https:\/\/happyinaknit.com\/wp-content\/uploads\/2025\/10\/LG-0735_01000.jpg","width":750,"height":750},{"@type":"BreadcrumbList","@id":"https:\/\/happyinaknit.com\/produktas\/clover-audinio-segtukai-nr-3185\/#breadcrumb","itemListElement":[{"@type":"ListItem","position":1,"name":"Home","item":"https:\/\/happyinaknit.com\/lt\/"},{"@type":"ListItem","position":2,"name":"Parduotuv\u0117","item":"https:\/\/happyinaknit.com\/lt\/parduotuve\/"},{"@type":"ListItem","position":3,"name":"Clover audinio segtukai (Nr. 3185)"}]},{"@type":"WebSite","@id":"https:\/\/happyinaknit.com\/lt\/#website","url":"https:\/\/happyinaknit.com\/lt\/","name":"Happyinaknit.com","description":"","potentialAction":[{"@type":"SearchAction","target":{"@type":"EntryPoint","urlTemplate":"https:\/\/happyinaknit.com\/lt\/?s={search_term_string}"},"query-input":{"@type":"PropertyValueSpecification","valueRequired":true,"valueName":"search_term_string"}}],"inLanguage":"lt-LT"}]}},"_links":{"self":[{"href":"https:\/\/happyinaknit.com\/lt\/wp-json\/wp\/v2\/product\/5731","targetHints":{"allow":["GET"]}}],"collection":[{"href":"https:\/\/happyinaknit.com\/lt\/wp-json\/wp\/v2\/product"}],"about":[{"href":"https:\/\/happyinaknit.com\/lt\/wp-json\/wp\/v2\/types\/product"}],"replies":[{"embeddable":true,"href":"https:\/\/happyinaknit.com\/lt\/wp-json\/wp\/v2\/comments?post=5731"}],"wp:featuredmedia":[{"embeddable":true,"href":"https:\/\/happyinaknit.com\/lt\/wp-json\/wp\/v2\/media\/5737"}],"wp:attachment":[{"href":"https:\/\/happyinaknit.com\/lt\/wp-json\/wp\/v2\/media?parent=5731"}],"wp:term":[{"taxonomy":"product_brand","embeddable":true,"href":"https:\/\/happyinaknit.com\/lt\/wp-json\/wp\/v2\/product_brand?post=5731"},{"taxonomy":"product_cat","embeddable":true,"href":"https:\/\/happyinaknit.com\/lt\/wp-json\/wp\/v2\/product_cat?post=5731"},{"taxonomy":"product_tag","embeddable":true,"href":"https:\/\/happyinaknit.com\/lt\/wp-json\/wp\/v2\/product_tag?post=5731"},{"taxonomy":"pro-kategorijos","embeddable":true,"href":"https:\/\/happyinaknit.com\/lt\/wp-json\/wp\/v2\/pro-kategorijos?post=5731"}],"curies":[{"name":"wp","href":"https:\/\/api.w.org\/{rel}","templated":true}]}}