{"id":5726,"date":"2025-10-17T22:49:01","date_gmt":"2025-10-17T22:49:01","guid":{"rendered":"https:\/\/happyinaknit.com\/?post_type=product&#038;p=5726"},"modified":"2025-10-18T08:05:01","modified_gmt":"2025-10-18T08:05:01","slug":"clover-adatu-rinkinys-nr-3168","status":"publish","type":"product","link":"https:\/\/happyinaknit.com\/lt\/produktas\/clover-adatu-rinkinys-nr-3168\/","title":{"rendered":"Clover adat\u0173 rinkinys\u00a0(Nr. 3168)"},"content":{"rendered":"<p data-start=\"65\" data-end=\"335\">Auk\u0161tos kokyb\u0117s <strong data-start=\"81\" data-end=\"91\">Clover<\/strong> adatos skirtos mezgini\u0173 siuvimui, si\u016bl\u0173 gal\u0173 pasl\u0117pimui. \u00a0D\u0117l kruop\u0161\u010diai nugludint\u0173 galiuk\u0173 adatos lengvai slysta tarp si\u016bl\u0173, o u\u017eapvalintas ar lenktas galiukas padeda tiksliai atlikti u\u017ebaigimo darbus, nepa\u017eeid\u017eiant mezginio.<\/p>\n<p data-start=\"337\" data-end=\"358\"><strong data-start=\"337\" data-end=\"356\">Rinkin\u012f sudaro:<\/strong><\/p>\n<ul data-start=\"359\" data-end=\"487\">\n<li data-start=\"359\" data-end=\"401\">\n<p data-start=\"361\" data-end=\"401\">1 adata Nr. 20 \u2013 su <strong data-start=\"381\" data-end=\"399\">lenktu galiuku<\/strong><\/p>\n<\/li>\n<li data-start=\"402\" data-end=\"444\">\n<p data-start=\"404\" data-end=\"444\">1 adata Nr. 22 \u2013 su <strong data-start=\"424\" data-end=\"442\">lenktu galiuku<\/strong><\/p>\n<\/li>\n<li data-start=\"445\" data-end=\"487\">\n<p data-start=\"447\" data-end=\"487\">1 adata Nr. 24 \u2013 su <strong data-start=\"467\" data-end=\"485\">tiesiu galiuku<\/strong><\/p>\n<\/li>\n<\/ul>\n<p data-start=\"489\" data-end=\"503\"><strong data-start=\"489\" data-end=\"501\">Savyb\u0117s:<\/strong><\/p>\n<ul data-start=\"504\" data-end=\"650\">\n<li data-start=\"504\" data-end=\"541\">\n<p data-start=\"506\" data-end=\"541\">Patvarus metalas, lygus pavir\u0161ius<\/p>\n<\/li>\n<li data-start=\"542\" data-end=\"565\">\n<p data-start=\"544\" data-end=\"565\">Lengva \u012fverti si\u016bl\u0105<\/p>\n<\/li>\n<li data-start=\"566\" data-end=\"624\">\n<p data-start=\"568\" data-end=\"624\">Tinka megzt\u0173 gamini\u0173 siuvimui ir si\u016bl\u0173 gal\u0173 pasl\u0117pimui<\/p>\n<\/li>\n<li data-start=\"625\" data-end=\"650\">\n<p data-start=\"627\" data-end=\"650\">Patogus laikyti d\u0117kle<\/p>\n<\/li>\n<\/ul>\n<p data-start=\"652\" data-end=\"775\" data-is-last-node=\"\" data-is-only-node=\"\"><strong data-start=\"652\" data-end=\"667\">Gamintojas:<\/strong> Clover, Japonija<br data-start=\"684\" data-end=\"687\" \/><strong data-start=\"687\" data-end=\"699\">Pastaba:<\/strong> spalv\u0173 atspalviai gali \u0161iek tiek skirtis priklausomai nuo \u012frenginio ekrano.<\/p>\n","protected":false},"excerpt":{"rendered":"<p>Auk\u0161tos kokyb\u0117s Clover adatos skirtos mezgini\u0173 siuvimui, si\u016bl\u0173 gal\u0173 pasl\u0117pimui. \u00a0D\u0117l kruop\u0161\u010diai nugludint\u0173 galiuk\u0173 adatos lengvai slysta tarp si\u016bl\u0173, o u\u017eapvalintas ar lenktas galiukas padeda tiksliai atlikti u\u017ebaigimo darbus, nepa\u017eeid\u017eiant mezginio. Rinkin\u012f sudaro: 1 adata Nr. 20 \u2013 su lenktu galiuku 1 adata Nr. 22 \u2013 su lenktu galiuku 1 adata Nr. 24 \u2013 su [&hellip;]<\/p>\n","protected":false},"featured_media":5727,"comment_status":"open","ping_status":"closed","template":"","meta":{"_acf_changed":false},"product_brand":[1074],"product_cat":[15,1080,20],"product_tag":[],"pro-kategorijos":[],"class_list":{"0":"post-5726","1":"product","2":"type-product","3":"status-publish","4":"has-post-thumbnail","6":"product_brand-clover","7":"product_cat-visi-produktai","8":"product_cat-adatos","9":"product_cat-priedai-mezgimui","11":"first","12":"instock","13":"shipping-taxable","14":"purchasable","15":"product-type-simple"},"acf":[],"yoast_head":"<!-- This site is optimized with the Yoast SEO plugin v26.8 - https:\/\/yoast.com\/product\/yoast-seo-wordpress\/ -->\n<title>Clover adat\u0173 rinkinys\u00a0(Nr. 3168) - Happyinaknit.com<\/title>\n<meta name=\"robots\" content=\"index, follow, max-snippet:-1, max-image-preview:large, max-video-preview:-1\" \/>\n<link rel=\"canonical\" href=\"https:\/\/happyinaknit.com\/lt\/produktas\/clover-adatu-rinkinys-nr-3168\/\" \/>\n<meta property=\"og:locale\" content=\"lt_LT\" \/>\n<meta property=\"og:type\" content=\"article\" \/>\n<meta property=\"og:title\" content=\"Clover adat\u0173 rinkinys\u00a0(Nr. 3168) - Happyinaknit.com\" \/>\n<meta property=\"og:description\" content=\"Auk\u0161tos kokyb\u0117s Clover adatos skirtos mezgini\u0173 siuvimui, si\u016bl\u0173 gal\u0173 pasl\u0117pimui. \u00a0D\u0117l kruop\u0161\u010diai nugludint\u0173 galiuk\u0173 adatos lengvai slysta tarp si\u016bl\u0173, o u\u017eapvalintas ar lenktas galiukas padeda tiksliai atlikti u\u017ebaigimo darbus, nepa\u017eeid\u017eiant mezginio. Rinkin\u012f sudaro: 1 adata Nr. 20 \u2013 su lenktu galiuku 1 adata Nr. 22 \u2013 su lenktu galiuku 1 adata Nr. 24 \u2013 su [&hellip;]\" \/>\n<meta property=\"og:url\" content=\"https:\/\/happyinaknit.com\/lt\/produktas\/clover-adatu-rinkinys-nr-3168\/\" \/>\n<meta property=\"og:site_name\" content=\"Happyinaknit.com\" \/>\n<meta property=\"article:modified_time\" content=\"2025-10-18T08:05:01+00:00\" \/>\n<meta property=\"og:image\" content=\"https:\/\/happyinaknit.com\/wp-content\/uploads\/2025\/10\/clover-lace-darning-needle-set-no-3168.jpg\" \/>\n\t<meta property=\"og:image:width\" content=\"381\" \/>\n\t<meta property=\"og:image:height\" content=\"492\" \/>\n\t<meta property=\"og:image:type\" content=\"image\/jpeg\" \/>\n<meta name=\"twitter:card\" content=\"summary_large_image\" \/>\n<script type=\"application\/ld+json\" class=\"yoast-schema-graph\">{\"@context\":\"https:\/\/schema.org\",\"@graph\":[{\"@type\":\"WebPage\",\"@id\":\"https:\/\/happyinaknit.com\/produktas\/clover-adatu-rinkinys-nr-3168\/\",\"url\":\"https:\/\/happyinaknit.com\/produktas\/clover-adatu-rinkinys-nr-3168\/\",\"name\":\"Clover adat\u0173 rinkinys\u00a0(Nr. 3168) - Happyinaknit.com\",\"isPartOf\":{\"@id\":\"https:\/\/happyinaknit.com\/lt\/#website\"},\"primaryImageOfPage\":{\"@id\":\"https:\/\/happyinaknit.com\/produktas\/clover-adatu-rinkinys-nr-3168\/#primaryimage\"},\"image\":{\"@id\":\"https:\/\/happyinaknit.com\/produktas\/clover-adatu-rinkinys-nr-3168\/#primaryimage\"},\"thumbnailUrl\":\"https:\/\/happyinaknit.com\/wp-content\/uploads\/2025\/10\/clover-lace-darning-needle-set-no-3168.jpg\",\"datePublished\":\"2025-10-17T22:49:01+00:00\",\"dateModified\":\"2025-10-18T08:05:01+00:00\",\"breadcrumb\":{\"@id\":\"https:\/\/happyinaknit.com\/produktas\/clover-adatu-rinkinys-nr-3168\/#breadcrumb\"},\"inLanguage\":\"lt-LT\",\"potentialAction\":[{\"@type\":\"ReadAction\",\"target\":[\"https:\/\/happyinaknit.com\/produktas\/clover-adatu-rinkinys-nr-3168\/\"]}]},{\"@type\":\"ImageObject\",\"inLanguage\":\"lt-LT\",\"@id\":\"https:\/\/happyinaknit.com\/produktas\/clover-adatu-rinkinys-nr-3168\/#primaryimage\",\"url\":\"https:\/\/happyinaknit.com\/wp-content\/uploads\/2025\/10\/clover-lace-darning-needle-set-no-3168.jpg\",\"contentUrl\":\"https:\/\/happyinaknit.com\/wp-content\/uploads\/2025\/10\/clover-lace-darning-needle-set-no-3168.jpg\",\"width\":381,\"height\":492},{\"@type\":\"BreadcrumbList\",\"@id\":\"https:\/\/happyinaknit.com\/produktas\/clover-adatu-rinkinys-nr-3168\/#breadcrumb\",\"itemListElement\":[{\"@type\":\"ListItem\",\"position\":1,\"name\":\"Home\",\"item\":\"https:\/\/happyinaknit.com\/lt\/\"},{\"@type\":\"ListItem\",\"position\":2,\"name\":\"Parduotuv\u0117\",\"item\":\"https:\/\/happyinaknit.com\/lt\/parduotuve\/\"},{\"@type\":\"ListItem\",\"position\":3,\"name\":\"Clover adat\u0173 rinkinys\u00a0(Nr. 3168)\"}]},{\"@type\":\"WebSite\",\"@id\":\"https:\/\/happyinaknit.com\/lt\/#website\",\"url\":\"https:\/\/happyinaknit.com\/lt\/\",\"name\":\"Happyinaknit.com\",\"description\":\"\",\"potentialAction\":[{\"@type\":\"SearchAction\",\"target\":{\"@type\":\"EntryPoint\",\"urlTemplate\":\"https:\/\/happyinaknit.com\/lt\/?s={search_term_string}\"},\"query-input\":{\"@type\":\"PropertyValueSpecification\",\"valueRequired\":true,\"valueName\":\"search_term_string\"}}],\"inLanguage\":\"lt-LT\"}]}<\/script>\n<!-- \/ Yoast SEO plugin. -->","yoast_head_json":{"title":"Clover adat\u0173 rinkinys\u00a0(Nr. 3168) - Happyinaknit.com","robots":{"index":"index","follow":"follow","max-snippet":"max-snippet:-1","max-image-preview":"max-image-preview:large","max-video-preview":"max-video-preview:-1"},"canonical":"https:\/\/happyinaknit.com\/lt\/produktas\/clover-adatu-rinkinys-nr-3168\/","og_locale":"lt_LT","og_type":"article","og_title":"Clover adat\u0173 rinkinys\u00a0(Nr. 3168) - Happyinaknit.com","og_description":"Auk\u0161tos kokyb\u0117s Clover adatos skirtos mezgini\u0173 siuvimui, si\u016bl\u0173 gal\u0173 pasl\u0117pimui. \u00a0D\u0117l kruop\u0161\u010diai nugludint\u0173 galiuk\u0173 adatos lengvai slysta tarp si\u016bl\u0173, o u\u017eapvalintas ar lenktas galiukas padeda tiksliai atlikti u\u017ebaigimo darbus, nepa\u017eeid\u017eiant mezginio. Rinkin\u012f sudaro: 1 adata Nr. 20 \u2013 su lenktu galiuku 1 adata Nr. 22 \u2013 su lenktu galiuku 1 adata Nr. 24 \u2013 su [&hellip;]","og_url":"https:\/\/happyinaknit.com\/lt\/produktas\/clover-adatu-rinkinys-nr-3168\/","og_site_name":"Happyinaknit.com","article_modified_time":"2025-10-18T08:05:01+00:00","og_image":[{"width":381,"height":492,"url":"https:\/\/happyinaknit.com\/wp-content\/uploads\/2025\/10\/clover-lace-darning-needle-set-no-3168.jpg","type":"image\/jpeg"}],"twitter_card":"summary_large_image","schema":{"@context":"https:\/\/schema.org","@graph":[{"@type":"WebPage","@id":"https:\/\/happyinaknit.com\/produktas\/clover-adatu-rinkinys-nr-3168\/","url":"https:\/\/happyinaknit.com\/produktas\/clover-adatu-rinkinys-nr-3168\/","name":"Clover adat\u0173 rinkinys\u00a0(Nr. 3168) - Happyinaknit.com","isPartOf":{"@id":"https:\/\/happyinaknit.com\/lt\/#website"},"primaryImageOfPage":{"@id":"https:\/\/happyinaknit.com\/produktas\/clover-adatu-rinkinys-nr-3168\/#primaryimage"},"image":{"@id":"https:\/\/happyinaknit.com\/produktas\/clover-adatu-rinkinys-nr-3168\/#primaryimage"},"thumbnailUrl":"https:\/\/happyinaknit.com\/wp-content\/uploads\/2025\/10\/clover-lace-darning-needle-set-no-3168.jpg","datePublished":"2025-10-17T22:49:01+00:00","dateModified":"2025-10-18T08:05:01+00:00","breadcrumb":{"@id":"https:\/\/happyinaknit.com\/produktas\/clover-adatu-rinkinys-nr-3168\/#breadcrumb"},"inLanguage":"lt-LT","potentialAction":[{"@type":"ReadAction","target":["https:\/\/happyinaknit.com\/produktas\/clover-adatu-rinkinys-nr-3168\/"]}]},{"@type":"ImageObject","inLanguage":"lt-LT","@id":"https:\/\/happyinaknit.com\/produktas\/clover-adatu-rinkinys-nr-3168\/#primaryimage","url":"https:\/\/happyinaknit.com\/wp-content\/uploads\/2025\/10\/clover-lace-darning-needle-set-no-3168.jpg","contentUrl":"https:\/\/happyinaknit.com\/wp-content\/uploads\/2025\/10\/clover-lace-darning-needle-set-no-3168.jpg","width":381,"height":492},{"@type":"BreadcrumbList","@id":"https:\/\/happyinaknit.com\/produktas\/clover-adatu-rinkinys-nr-3168\/#breadcrumb","itemListElement":[{"@type":"ListItem","position":1,"name":"Home","item":"https:\/\/happyinaknit.com\/lt\/"},{"@type":"ListItem","position":2,"name":"Parduotuv\u0117","item":"https:\/\/happyinaknit.com\/lt\/parduotuve\/"},{"@type":"ListItem","position":3,"name":"Clover adat\u0173 rinkinys\u00a0(Nr. 3168)"}]},{"@type":"WebSite","@id":"https:\/\/happyinaknit.com\/lt\/#website","url":"https:\/\/happyinaknit.com\/lt\/","name":"Happyinaknit.com","description":"","potentialAction":[{"@type":"SearchAction","target":{"@type":"EntryPoint","urlTemplate":"https:\/\/happyinaknit.com\/lt\/?s={search_term_string}"},"query-input":{"@type":"PropertyValueSpecification","valueRequired":true,"valueName":"search_term_string"}}],"inLanguage":"lt-LT"}]}},"_links":{"self":[{"href":"https:\/\/happyinaknit.com\/lt\/wp-json\/wp\/v2\/product\/5726","targetHints":{"allow":["GET"]}}],"collection":[{"href":"https:\/\/happyinaknit.com\/lt\/wp-json\/wp\/v2\/product"}],"about":[{"href":"https:\/\/happyinaknit.com\/lt\/wp-json\/wp\/v2\/types\/product"}],"replies":[{"embeddable":true,"href":"https:\/\/happyinaknit.com\/lt\/wp-json\/wp\/v2\/comments?post=5726"}],"wp:featuredmedia":[{"embeddable":true,"href":"https:\/\/happyinaknit.com\/lt\/wp-json\/wp\/v2\/media\/5727"}],"wp:attachment":[{"href":"https:\/\/happyinaknit.com\/lt\/wp-json\/wp\/v2\/media?parent=5726"}],"wp:term":[{"taxonomy":"product_brand","embeddable":true,"href":"https:\/\/happyinaknit.com\/lt\/wp-json\/wp\/v2\/product_brand?post=5726"},{"taxonomy":"product_cat","embeddable":true,"href":"https:\/\/happyinaknit.com\/lt\/wp-json\/wp\/v2\/product_cat?post=5726"},{"taxonomy":"product_tag","embeddable":true,"href":"https:\/\/happyinaknit.com\/lt\/wp-json\/wp\/v2\/product_tag?post=5726"},{"taxonomy":"pro-kategorijos","embeddable":true,"href":"https:\/\/happyinaknit.com\/lt\/wp-json\/wp\/v2\/pro-kategorijos?post=5726"}],"curies":[{"name":"wp","href":"https:\/\/api.w.org\/{rel}","templated":true}]}}