{"id":5715,"date":"2025-10-17T22:38:30","date_gmt":"2025-10-17T22:38:30","guid":{"rendered":"https:\/\/happyinaknit.com\/?post_type=product&#038;p=5715"},"modified":"2026-02-23T13:10:19","modified_gmt":"2026-02-23T13:10:19","slug":"clover-amour-nerimo-vaseliai","status":"publish","type":"product","link":"https:\/\/happyinaknit.com\/lt\/produktas\/clover-amour-nerimo-vaseliai\/","title":{"rendered":"Clover Amour n\u0117rimo v\u0105\u0161eliai"},"content":{"rendered":"<p data-start=\"0\" data-end=\"33\"><strong data-start=\"0\" data-end=\"31\">Clover Amour n\u0117rimo v\u0105\u0161elis<\/strong><\/p>\n<p data-start=\"35\" data-end=\"260\">Patogus ir ergonomi\u0161kas <strong data-start=\"59\" data-end=\"75\">Clover Amour<\/strong> v\u0105\u0161elis sukurtas taip, kad mezgimas b\u016bt\u0173 lengvas ir malonus net ilgo darbo metu. Speciali forma ir \u0161velni, neslystanti ranken\u0117l\u0117 u\u017etikrina komfort\u0105 bei tikslum\u0105 kiekviename judesyje.<\/p>\n<p data-start=\"262\" data-end=\"276\"><strong data-start=\"262\" data-end=\"274\">Savyb\u0117s:<\/strong><\/p>\n<ul data-start=\"277\" data-end=\"685\">\n<li data-start=\"277\" data-end=\"366\">\n<p data-start=\"279\" data-end=\"366\">Ypatingai <strong data-start=\"289\" data-end=\"324\">skland\u017eiai slystantis kabliukas<\/strong> neleid\u017eia si\u016blui u\u017estrigti ar i\u0161slysti.<\/p>\n<\/li>\n<li data-start=\"367\" data-end=\"435\">\n<p data-start=\"369\" data-end=\"435\"><strong data-start=\"369\" data-end=\"397\">Pailginta tiesioji dalis<\/strong> padeda i\u0161laikyti vienod\u0105 aki\u0173 dyd\u012f.<\/p>\n<\/li>\n<li data-start=\"436\" data-end=\"525\">\n<p data-start=\"438\" data-end=\"525\"><strong data-start=\"438\" data-end=\"471\">Ergonomi\u0161ka mink\u0161ta ranken\u0117l\u0117<\/strong> patogiai guli rankoje ir suma\u017eina \u012ftamp\u0105 pir\u0161tuose.<\/p>\n<\/li>\n<li data-start=\"526\" data-end=\"624\">\n<p data-start=\"528\" data-end=\"624\"><strong data-start=\"528\" data-end=\"545\">Trimat\u0117 forma<\/strong> atitinka nat\u016bral\u0173 pir\u0161t\u0173 lenkimo kamp\u0105 \u2013 ma\u017eina nuovarg\u012f mezgant ilg\u0105 laik\u0105.<\/p>\n<\/li>\n<li data-start=\"625\" data-end=\"685\">\n<p data-start=\"627\" data-end=\"685\">Tinka tiek pradedantiesiems, tiek patyrusiems mezg\u0117jams.<\/p>\n<\/li>\n<\/ul>\n<p data-start=\"687\" data-end=\"759\"><strong data-start=\"687\" data-end=\"700\">Med\u017eiaga:<\/strong><br data-start=\"700\" data-end=\"703\" \/>Aliuminis (v\u0105\u0161elio galvut\u0117) \/ mink\u0161ta gumin\u0117 ranken\u0117l\u0117<\/p>\n<p data-start=\"761\" data-end=\"795\"><strong data-start=\"761\" data-end=\"776\">Gamintojas:<\/strong> Clover, Japonija<\/p>\n<p data-start=\"797\" data-end=\"885\" data-is-last-node=\"\" data-is-only-node=\"\"><strong data-start=\"797\" data-end=\"809\">Pastaba:<\/strong> spalv\u0173 atspalviai gali \u0161iek tiek skirtis priklausomai nuo \u012frenginio ekrano.<\/p>\n","protected":false},"excerpt":{"rendered":"<p>Clover Amour n\u0117rimo v\u0105\u0161elis Patogus ir ergonomi\u0161kas Clover Amour v\u0105\u0161elis sukurtas taip, kad mezgimas b\u016bt\u0173 lengvas ir malonus net ilgo darbo metu. Speciali forma ir \u0161velni, neslystanti ranken\u0117l\u0117 u\u017etikrina komfort\u0105 bei tikslum\u0105 kiekviename judesyje. Savyb\u0117s: Ypatingai skland\u017eiai slystantis kabliukas neleid\u017eia si\u016blui u\u017estrigti ar i\u0161slysti. Pailginta tiesioji dalis padeda i\u0161laikyti vienod\u0105 aki\u0173 dyd\u012f. Ergonomi\u0161ka mink\u0161ta ranken\u0117l\u0117 [&hellip;]<\/p>\n","protected":false},"featured_media":5719,"comment_status":"open","ping_status":"closed","template":"","meta":{"_acf_changed":false},"product_brand":[1074],"product_cat":[15,19,870],"product_tag":[],"pro-kategorijos":[],"class_list":{"0":"post-5715","1":"product","2":"type-product","3":"status-publish","4":"has-post-thumbnail","6":"product_brand-clover","7":"product_cat-visi-produktai","8":"product_cat-mezgimo-priemones","9":"product_cat-nerimo-vaseliai","11":"first","12":"instock","13":"shipping-taxable","14":"purchasable","15":"product-type-variable"},"acf":[],"yoast_head":"<!-- This site is optimized with the Yoast SEO plugin v26.8 - https:\/\/yoast.com\/product\/yoast-seo-wordpress\/ -->\n<title>Clover Amour n\u0117rimo v\u0105\u0161eliai - Happyinaknit.com<\/title>\n<meta name=\"robots\" content=\"index, follow, max-snippet:-1, max-image-preview:large, max-video-preview:-1\" \/>\n<link rel=\"canonical\" href=\"https:\/\/happyinaknit.com\/lt\/produktas\/clover-amour-nerimo-vaseliai\/\" \/>\n<meta property=\"og:locale\" content=\"lt_LT\" \/>\n<meta property=\"og:type\" content=\"article\" \/>\n<meta property=\"og:title\" content=\"Clover Amour n\u0117rimo v\u0105\u0161eliai - Happyinaknit.com\" \/>\n<meta property=\"og:description\" content=\"Clover Amour n\u0117rimo v\u0105\u0161elis Patogus ir ergonomi\u0161kas Clover Amour v\u0105\u0161elis sukurtas taip, kad mezgimas b\u016bt\u0173 lengvas ir malonus net ilgo darbo metu. Speciali forma ir \u0161velni, neslystanti ranken\u0117l\u0117 u\u017etikrina komfort\u0105 bei tikslum\u0105 kiekviename judesyje. Savyb\u0117s: Ypatingai skland\u017eiai slystantis kabliukas neleid\u017eia si\u016blui u\u017estrigti ar i\u0161slysti. Pailginta tiesioji dalis padeda i\u0161laikyti vienod\u0105 aki\u0173 dyd\u012f. Ergonomi\u0161ka mink\u0161ta ranken\u0117l\u0117 [&hellip;]\" \/>\n<meta property=\"og:url\" content=\"https:\/\/happyinaknit.com\/lt\/produktas\/clover-amour-nerimo-vaseliai\/\" \/>\n<meta property=\"og:site_name\" content=\"Happyinaknit.com\" \/>\n<meta property=\"article:modified_time\" content=\"2026-02-23T13:10:19+00:00\" \/>\n<meta property=\"og:image\" content=\"https:\/\/happyinaknit.com\/wp-content\/uploads\/2025\/10\/clover-amour-crochet-16052-dv-p.webp.jpeg\" \/>\n\t<meta property=\"og:image:width\" content=\"1080\" \/>\n\t<meta property=\"og:image:height\" content=\"1080\" \/>\n\t<meta property=\"og:image:type\" content=\"image\/jpeg\" \/>\n<meta name=\"twitter:card\" content=\"summary_large_image\" \/>\n<meta name=\"twitter:label1\" content=\"Est. reading time\" \/>\n\t<meta name=\"twitter:data1\" content=\"1 minut\u0117\" \/>\n<script type=\"application\/ld+json\" class=\"yoast-schema-graph\">{\"@context\":\"https:\/\/schema.org\",\"@graph\":[{\"@type\":\"WebPage\",\"@id\":\"https:\/\/happyinaknit.com\/produktas\/clover-amour-nerimo-vaseliai\/\",\"url\":\"https:\/\/happyinaknit.com\/produktas\/clover-amour-nerimo-vaseliai\/\",\"name\":\"Clover Amour n\u0117rimo v\u0105\u0161eliai - Happyinaknit.com\",\"isPartOf\":{\"@id\":\"https:\/\/happyinaknit.com\/lt\/#website\"},\"primaryImageOfPage\":{\"@id\":\"https:\/\/happyinaknit.com\/produktas\/clover-amour-nerimo-vaseliai\/#primaryimage\"},\"image\":{\"@id\":\"https:\/\/happyinaknit.com\/produktas\/clover-amour-nerimo-vaseliai\/#primaryimage\"},\"thumbnailUrl\":\"https:\/\/happyinaknit.com\/wp-content\/uploads\/2025\/10\/clover-amour-crochet-16052-dv-p.webp.jpeg\",\"datePublished\":\"2025-10-17T22:38:30+00:00\",\"dateModified\":\"2026-02-23T13:10:19+00:00\",\"breadcrumb\":{\"@id\":\"https:\/\/happyinaknit.com\/produktas\/clover-amour-nerimo-vaseliai\/#breadcrumb\"},\"inLanguage\":\"lt-LT\",\"potentialAction\":[{\"@type\":\"ReadAction\",\"target\":[\"https:\/\/happyinaknit.com\/produktas\/clover-amour-nerimo-vaseliai\/\"]}]},{\"@type\":\"ImageObject\",\"inLanguage\":\"lt-LT\",\"@id\":\"https:\/\/happyinaknit.com\/produktas\/clover-amour-nerimo-vaseliai\/#primaryimage\",\"url\":\"https:\/\/happyinaknit.com\/wp-content\/uploads\/2025\/10\/clover-amour-crochet-16052-dv-p.webp.jpeg\",\"contentUrl\":\"https:\/\/happyinaknit.com\/wp-content\/uploads\/2025\/10\/clover-amour-crochet-16052-dv-p.webp.jpeg\",\"width\":1080,\"height\":1080},{\"@type\":\"BreadcrumbList\",\"@id\":\"https:\/\/happyinaknit.com\/produktas\/clover-amour-nerimo-vaseliai\/#breadcrumb\",\"itemListElement\":[{\"@type\":\"ListItem\",\"position\":1,\"name\":\"Home\",\"item\":\"https:\/\/happyinaknit.com\/lt\/\"},{\"@type\":\"ListItem\",\"position\":2,\"name\":\"Parduotuv\u0117\",\"item\":\"https:\/\/happyinaknit.com\/lt\/parduotuve\/\"},{\"@type\":\"ListItem\",\"position\":3,\"name\":\"Clover Amour n\u0117rimo v\u0105\u0161eliai\"}]},{\"@type\":\"WebSite\",\"@id\":\"https:\/\/happyinaknit.com\/lt\/#website\",\"url\":\"https:\/\/happyinaknit.com\/lt\/\",\"name\":\"Happyinaknit.com\",\"description\":\"\",\"potentialAction\":[{\"@type\":\"SearchAction\",\"target\":{\"@type\":\"EntryPoint\",\"urlTemplate\":\"https:\/\/happyinaknit.com\/lt\/?s={search_term_string}\"},\"query-input\":{\"@type\":\"PropertyValueSpecification\",\"valueRequired\":true,\"valueName\":\"search_term_string\"}}],\"inLanguage\":\"lt-LT\"}]}<\/script>\n<!-- \/ Yoast SEO plugin. -->","yoast_head_json":{"title":"Clover Amour n\u0117rimo v\u0105\u0161eliai - Happyinaknit.com","robots":{"index":"index","follow":"follow","max-snippet":"max-snippet:-1","max-image-preview":"max-image-preview:large","max-video-preview":"max-video-preview:-1"},"canonical":"https:\/\/happyinaknit.com\/lt\/produktas\/clover-amour-nerimo-vaseliai\/","og_locale":"lt_LT","og_type":"article","og_title":"Clover Amour n\u0117rimo v\u0105\u0161eliai - Happyinaknit.com","og_description":"Clover Amour n\u0117rimo v\u0105\u0161elis Patogus ir ergonomi\u0161kas Clover Amour v\u0105\u0161elis sukurtas taip, kad mezgimas b\u016bt\u0173 lengvas ir malonus net ilgo darbo metu. Speciali forma ir \u0161velni, neslystanti ranken\u0117l\u0117 u\u017etikrina komfort\u0105 bei tikslum\u0105 kiekviename judesyje. Savyb\u0117s: Ypatingai skland\u017eiai slystantis kabliukas neleid\u017eia si\u016blui u\u017estrigti ar i\u0161slysti. Pailginta tiesioji dalis padeda i\u0161laikyti vienod\u0105 aki\u0173 dyd\u012f. Ergonomi\u0161ka mink\u0161ta ranken\u0117l\u0117 [&hellip;]","og_url":"https:\/\/happyinaknit.com\/lt\/produktas\/clover-amour-nerimo-vaseliai\/","og_site_name":"Happyinaknit.com","article_modified_time":"2026-02-23T13:10:19+00:00","og_image":[{"width":1080,"height":1080,"url":"https:\/\/happyinaknit.com\/wp-content\/uploads\/2025\/10\/clover-amour-crochet-16052-dv-p.webp.jpeg","type":"image\/jpeg"}],"twitter_card":"summary_large_image","twitter_misc":{"Est. reading time":"1 minut\u0117"},"schema":{"@context":"https:\/\/schema.org","@graph":[{"@type":"WebPage","@id":"https:\/\/happyinaknit.com\/produktas\/clover-amour-nerimo-vaseliai\/","url":"https:\/\/happyinaknit.com\/produktas\/clover-amour-nerimo-vaseliai\/","name":"Clover Amour n\u0117rimo v\u0105\u0161eliai - Happyinaknit.com","isPartOf":{"@id":"https:\/\/happyinaknit.com\/lt\/#website"},"primaryImageOfPage":{"@id":"https:\/\/happyinaknit.com\/produktas\/clover-amour-nerimo-vaseliai\/#primaryimage"},"image":{"@id":"https:\/\/happyinaknit.com\/produktas\/clover-amour-nerimo-vaseliai\/#primaryimage"},"thumbnailUrl":"https:\/\/happyinaknit.com\/wp-content\/uploads\/2025\/10\/clover-amour-crochet-16052-dv-p.webp.jpeg","datePublished":"2025-10-17T22:38:30+00:00","dateModified":"2026-02-23T13:10:19+00:00","breadcrumb":{"@id":"https:\/\/happyinaknit.com\/produktas\/clover-amour-nerimo-vaseliai\/#breadcrumb"},"inLanguage":"lt-LT","potentialAction":[{"@type":"ReadAction","target":["https:\/\/happyinaknit.com\/produktas\/clover-amour-nerimo-vaseliai\/"]}]},{"@type":"ImageObject","inLanguage":"lt-LT","@id":"https:\/\/happyinaknit.com\/produktas\/clover-amour-nerimo-vaseliai\/#primaryimage","url":"https:\/\/happyinaknit.com\/wp-content\/uploads\/2025\/10\/clover-amour-crochet-16052-dv-p.webp.jpeg","contentUrl":"https:\/\/happyinaknit.com\/wp-content\/uploads\/2025\/10\/clover-amour-crochet-16052-dv-p.webp.jpeg","width":1080,"height":1080},{"@type":"BreadcrumbList","@id":"https:\/\/happyinaknit.com\/produktas\/clover-amour-nerimo-vaseliai\/#breadcrumb","itemListElement":[{"@type":"ListItem","position":1,"name":"Home","item":"https:\/\/happyinaknit.com\/lt\/"},{"@type":"ListItem","position":2,"name":"Parduotuv\u0117","item":"https:\/\/happyinaknit.com\/lt\/parduotuve\/"},{"@type":"ListItem","position":3,"name":"Clover Amour n\u0117rimo v\u0105\u0161eliai"}]},{"@type":"WebSite","@id":"https:\/\/happyinaknit.com\/lt\/#website","url":"https:\/\/happyinaknit.com\/lt\/","name":"Happyinaknit.com","description":"","potentialAction":[{"@type":"SearchAction","target":{"@type":"EntryPoint","urlTemplate":"https:\/\/happyinaknit.com\/lt\/?s={search_term_string}"},"query-input":{"@type":"PropertyValueSpecification","valueRequired":true,"valueName":"search_term_string"}}],"inLanguage":"lt-LT"}]}},"_links":{"self":[{"href":"https:\/\/happyinaknit.com\/lt\/wp-json\/wp\/v2\/product\/5715","targetHints":{"allow":["GET"]}}],"collection":[{"href":"https:\/\/happyinaknit.com\/lt\/wp-json\/wp\/v2\/product"}],"about":[{"href":"https:\/\/happyinaknit.com\/lt\/wp-json\/wp\/v2\/types\/product"}],"replies":[{"embeddable":true,"href":"https:\/\/happyinaknit.com\/lt\/wp-json\/wp\/v2\/comments?post=5715"}],"wp:featuredmedia":[{"embeddable":true,"href":"https:\/\/happyinaknit.com\/lt\/wp-json\/wp\/v2\/media\/5719"}],"wp:attachment":[{"href":"https:\/\/happyinaknit.com\/lt\/wp-json\/wp\/v2\/media?parent=5715"}],"wp:term":[{"taxonomy":"product_brand","embeddable":true,"href":"https:\/\/happyinaknit.com\/lt\/wp-json\/wp\/v2\/product_brand?post=5715"},{"taxonomy":"product_cat","embeddable":true,"href":"https:\/\/happyinaknit.com\/lt\/wp-json\/wp\/v2\/product_cat?post=5715"},{"taxonomy":"product_tag","embeddable":true,"href":"https:\/\/happyinaknit.com\/lt\/wp-json\/wp\/v2\/product_tag?post=5715"},{"taxonomy":"pro-kategorijos","embeddable":true,"href":"https:\/\/happyinaknit.com\/lt\/wp-json\/wp\/v2\/pro-kategorijos?post=5715"}],"curies":[{"name":"wp","href":"https:\/\/api.w.org\/{rel}","templated":true}]}}