{"id":5699,"date":"2025-10-17T22:17:49","date_gmt":"2025-10-17T22:17:49","guid":{"rendered":"https:\/\/happyinaknit.com\/?post_type=product&#038;p=5699"},"modified":"2025-10-17T22:26:56","modified_gmt":"2025-10-17T22:26:56","slug":"clover-prietaisas-kutams-gaminti","status":"publish","type":"product","link":"https:\/\/happyinaknit.com\/lt\/produktas\/clover-prietaisas-kutams-gaminti\/","title":{"rendered":"Clover prietaisas kutams gaminti"},"content":{"rendered":"<p data-start=\"40\" data-end=\"205\">Su <strong data-start=\"43\" data-end=\"53\">Clover<\/strong> \u012frankiu galite lengvai ir greitai pasigaminti tvarkingus bei vienodus kutus i\u0161 \u012fvairi\u0173 si\u016bl\u0173 r\u016b\u0161i\u0173 \u2013 vilnos, medviln\u0117s, lino ar net blizgan\u010di\u0173 si\u016bl\u0173.<\/p>\n<p data-start=\"207\" data-end=\"353\">\u012erenginys leid\u017eia sukurti dekoratyvinius kutus \u012fvairaus dyd\u017eio rankdarbiams, megztiems gaminiams, \u0161alikams, pagalv\u0117l\u0117ms ar aksesuarams papuo\u0161ti.<\/p>\n<p data-start=\"355\" data-end=\"533\"><strong data-start=\"355\" data-end=\"376\">Galimi variantai:<\/strong><br data-start=\"376\" data-end=\"379\" \/>\ud83d\udd39 <strong data-start=\"382\" data-end=\"410\">Lavandos spalvos \u012frankis<\/strong> \u2013 kutams <strong data-start=\"420\" data-end=\"442\">3 cm, 4 cm ir 5 cm<\/strong> dyd\u017eio<br data-start=\"449\" data-end=\"452\" \/>\ud83d\udd39 <strong data-start=\"455\" data-end=\"479\">M\u0117t\u0173 spalvos \u012frankis<\/strong> \u2013 kutams <strong data-start=\"489\" data-end=\"524\">6 cm, 7 cm, 8 cm, 9 cm ir 10 cm<\/strong> dyd\u017eio<\/p>\n<p data-start=\"535\" data-end=\"549\"><strong data-start=\"535\" data-end=\"547\">Savyb\u0117s:<\/strong><\/p>\n<ul data-start=\"550\" data-end=\"705\">\n<li data-start=\"550\" data-end=\"591\">\n<p data-start=\"552\" data-end=\"591\">Paprasta naudoti net pradedantiesiems<\/p>\n<\/li>\n<li data-start=\"592\" data-end=\"624\">\n<p data-start=\"594\" data-end=\"624\">Tinka bet koki\u0173 si\u016bl\u0173 tipams<\/p>\n<\/li>\n<li data-start=\"625\" data-end=\"669\">\n<p data-start=\"627\" data-end=\"669\">Leid\u017eia pagaminti tobulai vienodus kutus<\/p>\n<\/li>\n<li data-start=\"670\" data-end=\"705\">\n<p data-start=\"672\" data-end=\"705\">Kompakti\u0161kas ir patogus laikyti<\/p>\n<\/li>\n<\/ul>\n<p data-start=\"707\" data-end=\"830\" data-is-last-node=\"\" data-is-only-node=\"\"><strong data-start=\"707\" data-end=\"722\">Gamintojas:<\/strong> Clover, Japonija<br data-start=\"739\" data-end=\"742\" \/><strong data-start=\"742\" data-end=\"754\">Pastaba:<\/strong> spalv\u0173 atspalviai gali \u0161iek tiek skirtis priklausomai nuo \u012frenginio ekrano.<\/p>\n","protected":false},"excerpt":{"rendered":"<p>Su Clover \u012frankiu galite lengvai ir greitai pasigaminti tvarkingus bei vienodus kutus i\u0161 \u012fvairi\u0173 si\u016bl\u0173 r\u016b\u0161i\u0173 \u2013 vilnos, medviln\u0117s, lino ar net blizgan\u010di\u0173 si\u016bl\u0173. \u012erenginys leid\u017eia sukurti dekoratyvinius kutus \u012fvairaus dyd\u017eio rankdarbiams, megztiems gaminiams, \u0161alikams, pagalv\u0117l\u0117ms ar aksesuarams papuo\u0161ti. Galimi variantai:\ud83d\udd39 Lavandos spalvos \u012frankis \u2013 kutams 3 cm, 4 cm ir 5 cm dyd\u017eio\ud83d\udd39 M\u0117t\u0173 [&hellip;]<\/p>\n","protected":false},"featured_media":5701,"comment_status":"open","ping_status":"closed","template":"","meta":{"_acf_changed":false},"product_brand":[1074],"product_cat":[15,52,20],"product_tag":[],"pro-kategorijos":[],"class_list":{"0":"post-5699","1":"product","2":"type-product","3":"status-publish","4":"has-post-thumbnail","6":"product_brand-clover","7":"product_cat-visi-produktai","8":"product_cat-kiti-mezgimo-reikmenys","9":"product_cat-priedai-mezgimui","11":"first","12":"instock","13":"shipping-taxable","14":"purchasable","15":"product-type-variable"},"acf":[],"yoast_head":"<!-- This site is optimized with the Yoast SEO plugin v26.8 - https:\/\/yoast.com\/product\/yoast-seo-wordpress\/ -->\n<title>Clover prietaisas kutams gaminti - Happyinaknit.com<\/title>\n<meta name=\"robots\" content=\"index, follow, max-snippet:-1, max-image-preview:large, max-video-preview:-1\" \/>\n<link rel=\"canonical\" href=\"https:\/\/happyinaknit.com\/lt\/produktas\/clover-prietaisas-kutams-gaminti\/\" \/>\n<meta property=\"og:locale\" content=\"lt_LT\" \/>\n<meta property=\"og:type\" content=\"article\" \/>\n<meta property=\"og:title\" content=\"Clover prietaisas kutams gaminti - Happyinaknit.com\" \/>\n<meta property=\"og:description\" content=\"Su Clover \u012frankiu galite lengvai ir greitai pasigaminti tvarkingus bei vienodus kutus i\u0161 \u012fvairi\u0173 si\u016bl\u0173 r\u016b\u0161i\u0173 \u2013 vilnos, medviln\u0117s, lino ar net blizgan\u010di\u0173 si\u016bl\u0173. \u012erenginys leid\u017eia sukurti dekoratyvinius kutus \u012fvairaus dyd\u017eio rankdarbiams, megztiems gaminiams, \u0161alikams, pagalv\u0117l\u0117ms ar aksesuarams papuo\u0161ti. Galimi variantai:\ud83d\udd39 Lavandos spalvos \u012frankis \u2013 kutams 3 cm, 4 cm ir 5 cm dyd\u017eio\ud83d\udd39 M\u0117t\u0173 [&hellip;]\" \/>\n<meta property=\"og:url\" content=\"https:\/\/happyinaknit.com\/lt\/produktas\/clover-prietaisas-kutams-gaminti\/\" \/>\n<meta property=\"og:site_name\" content=\"Happyinaknit.com\" \/>\n<meta property=\"article:modified_time\" content=\"2025-10-17T22:26:56+00:00\" \/>\n<meta property=\"og:image\" content=\"https:\/\/happyinaknit.com\/wp-content\/uploads\/2025\/10\/1620138647-scaled.jpg\" \/>\n\t<meta property=\"og:image:width\" content=\"2560\" \/>\n\t<meta property=\"og:image:height\" content=\"2560\" \/>\n\t<meta property=\"og:image:type\" content=\"image\/jpeg\" \/>\n<meta name=\"twitter:card\" content=\"summary_large_image\" \/>\n<meta name=\"twitter:label1\" content=\"Est. reading time\" \/>\n\t<meta name=\"twitter:data1\" content=\"1 minut\u0117\" \/>\n<script type=\"application\/ld+json\" class=\"yoast-schema-graph\">{\"@context\":\"https:\/\/schema.org\",\"@graph\":[{\"@type\":\"WebPage\",\"@id\":\"https:\/\/happyinaknit.com\/produktas\/clover-prietaisas-kutams-gaminti\/\",\"url\":\"https:\/\/happyinaknit.com\/produktas\/clover-prietaisas-kutams-gaminti\/\",\"name\":\"Clover prietaisas kutams gaminti - Happyinaknit.com\",\"isPartOf\":{\"@id\":\"https:\/\/happyinaknit.com\/lt\/#website\"},\"primaryImageOfPage\":{\"@id\":\"https:\/\/happyinaknit.com\/produktas\/clover-prietaisas-kutams-gaminti\/#primaryimage\"},\"image\":{\"@id\":\"https:\/\/happyinaknit.com\/produktas\/clover-prietaisas-kutams-gaminti\/#primaryimage\"},\"thumbnailUrl\":\"https:\/\/happyinaknit.com\/wp-content\/uploads\/2025\/10\/1620138647-scaled.jpg\",\"datePublished\":\"2025-10-17T22:17:49+00:00\",\"dateModified\":\"2025-10-17T22:26:56+00:00\",\"breadcrumb\":{\"@id\":\"https:\/\/happyinaknit.com\/produktas\/clover-prietaisas-kutams-gaminti\/#breadcrumb\"},\"inLanguage\":\"lt-LT\",\"potentialAction\":[{\"@type\":\"ReadAction\",\"target\":[\"https:\/\/happyinaknit.com\/produktas\/clover-prietaisas-kutams-gaminti\/\"]}]},{\"@type\":\"ImageObject\",\"inLanguage\":\"lt-LT\",\"@id\":\"https:\/\/happyinaknit.com\/produktas\/clover-prietaisas-kutams-gaminti\/#primaryimage\",\"url\":\"https:\/\/happyinaknit.com\/wp-content\/uploads\/2025\/10\/1620138647-scaled.jpg\",\"contentUrl\":\"https:\/\/happyinaknit.com\/wp-content\/uploads\/2025\/10\/1620138647-scaled.jpg\",\"width\":2560,\"height\":2560},{\"@type\":\"BreadcrumbList\",\"@id\":\"https:\/\/happyinaknit.com\/produktas\/clover-prietaisas-kutams-gaminti\/#breadcrumb\",\"itemListElement\":[{\"@type\":\"ListItem\",\"position\":1,\"name\":\"Home\",\"item\":\"https:\/\/happyinaknit.com\/lt\/\"},{\"@type\":\"ListItem\",\"position\":2,\"name\":\"Parduotuv\u0117\",\"item\":\"https:\/\/happyinaknit.com\/lt\/parduotuve\/\"},{\"@type\":\"ListItem\",\"position\":3,\"name\":\"Clover prietaisas kutams gaminti\"}]},{\"@type\":\"WebSite\",\"@id\":\"https:\/\/happyinaknit.com\/lt\/#website\",\"url\":\"https:\/\/happyinaknit.com\/lt\/\",\"name\":\"Happyinaknit.com\",\"description\":\"\",\"potentialAction\":[{\"@type\":\"SearchAction\",\"target\":{\"@type\":\"EntryPoint\",\"urlTemplate\":\"https:\/\/happyinaknit.com\/lt\/?s={search_term_string}\"},\"query-input\":{\"@type\":\"PropertyValueSpecification\",\"valueRequired\":true,\"valueName\":\"search_term_string\"}}],\"inLanguage\":\"lt-LT\"}]}<\/script>\n<!-- \/ Yoast SEO plugin. -->","yoast_head_json":{"title":"Clover prietaisas kutams gaminti - Happyinaknit.com","robots":{"index":"index","follow":"follow","max-snippet":"max-snippet:-1","max-image-preview":"max-image-preview:large","max-video-preview":"max-video-preview:-1"},"canonical":"https:\/\/happyinaknit.com\/lt\/produktas\/clover-prietaisas-kutams-gaminti\/","og_locale":"lt_LT","og_type":"article","og_title":"Clover prietaisas kutams gaminti - Happyinaknit.com","og_description":"Su Clover \u012frankiu galite lengvai ir greitai pasigaminti tvarkingus bei vienodus kutus i\u0161 \u012fvairi\u0173 si\u016bl\u0173 r\u016b\u0161i\u0173 \u2013 vilnos, medviln\u0117s, lino ar net blizgan\u010di\u0173 si\u016bl\u0173. \u012erenginys leid\u017eia sukurti dekoratyvinius kutus \u012fvairaus dyd\u017eio rankdarbiams, megztiems gaminiams, \u0161alikams, pagalv\u0117l\u0117ms ar aksesuarams papuo\u0161ti. Galimi variantai:\ud83d\udd39 Lavandos spalvos \u012frankis \u2013 kutams 3 cm, 4 cm ir 5 cm dyd\u017eio\ud83d\udd39 M\u0117t\u0173 [&hellip;]","og_url":"https:\/\/happyinaknit.com\/lt\/produktas\/clover-prietaisas-kutams-gaminti\/","og_site_name":"Happyinaknit.com","article_modified_time":"2025-10-17T22:26:56+00:00","og_image":[{"width":2560,"height":2560,"url":"https:\/\/happyinaknit.com\/wp-content\/uploads\/2025\/10\/1620138647-scaled.jpg","type":"image\/jpeg"}],"twitter_card":"summary_large_image","twitter_misc":{"Est. reading time":"1 minut\u0117"},"schema":{"@context":"https:\/\/schema.org","@graph":[{"@type":"WebPage","@id":"https:\/\/happyinaknit.com\/produktas\/clover-prietaisas-kutams-gaminti\/","url":"https:\/\/happyinaknit.com\/produktas\/clover-prietaisas-kutams-gaminti\/","name":"Clover prietaisas kutams gaminti - Happyinaknit.com","isPartOf":{"@id":"https:\/\/happyinaknit.com\/lt\/#website"},"primaryImageOfPage":{"@id":"https:\/\/happyinaknit.com\/produktas\/clover-prietaisas-kutams-gaminti\/#primaryimage"},"image":{"@id":"https:\/\/happyinaknit.com\/produktas\/clover-prietaisas-kutams-gaminti\/#primaryimage"},"thumbnailUrl":"https:\/\/happyinaknit.com\/wp-content\/uploads\/2025\/10\/1620138647-scaled.jpg","datePublished":"2025-10-17T22:17:49+00:00","dateModified":"2025-10-17T22:26:56+00:00","breadcrumb":{"@id":"https:\/\/happyinaknit.com\/produktas\/clover-prietaisas-kutams-gaminti\/#breadcrumb"},"inLanguage":"lt-LT","potentialAction":[{"@type":"ReadAction","target":["https:\/\/happyinaknit.com\/produktas\/clover-prietaisas-kutams-gaminti\/"]}]},{"@type":"ImageObject","inLanguage":"lt-LT","@id":"https:\/\/happyinaknit.com\/produktas\/clover-prietaisas-kutams-gaminti\/#primaryimage","url":"https:\/\/happyinaknit.com\/wp-content\/uploads\/2025\/10\/1620138647-scaled.jpg","contentUrl":"https:\/\/happyinaknit.com\/wp-content\/uploads\/2025\/10\/1620138647-scaled.jpg","width":2560,"height":2560},{"@type":"BreadcrumbList","@id":"https:\/\/happyinaknit.com\/produktas\/clover-prietaisas-kutams-gaminti\/#breadcrumb","itemListElement":[{"@type":"ListItem","position":1,"name":"Home","item":"https:\/\/happyinaknit.com\/lt\/"},{"@type":"ListItem","position":2,"name":"Parduotuv\u0117","item":"https:\/\/happyinaknit.com\/lt\/parduotuve\/"},{"@type":"ListItem","position":3,"name":"Clover prietaisas kutams gaminti"}]},{"@type":"WebSite","@id":"https:\/\/happyinaknit.com\/lt\/#website","url":"https:\/\/happyinaknit.com\/lt\/","name":"Happyinaknit.com","description":"","potentialAction":[{"@type":"SearchAction","target":{"@type":"EntryPoint","urlTemplate":"https:\/\/happyinaknit.com\/lt\/?s={search_term_string}"},"query-input":{"@type":"PropertyValueSpecification","valueRequired":true,"valueName":"search_term_string"}}],"inLanguage":"lt-LT"}]}},"_links":{"self":[{"href":"https:\/\/happyinaknit.com\/lt\/wp-json\/wp\/v2\/product\/5699","targetHints":{"allow":["GET"]}}],"collection":[{"href":"https:\/\/happyinaknit.com\/lt\/wp-json\/wp\/v2\/product"}],"about":[{"href":"https:\/\/happyinaknit.com\/lt\/wp-json\/wp\/v2\/types\/product"}],"replies":[{"embeddable":true,"href":"https:\/\/happyinaknit.com\/lt\/wp-json\/wp\/v2\/comments?post=5699"}],"wp:featuredmedia":[{"embeddable":true,"href":"https:\/\/happyinaknit.com\/lt\/wp-json\/wp\/v2\/media\/5701"}],"wp:attachment":[{"href":"https:\/\/happyinaknit.com\/lt\/wp-json\/wp\/v2\/media?parent=5699"}],"wp:term":[{"taxonomy":"product_brand","embeddable":true,"href":"https:\/\/happyinaknit.com\/lt\/wp-json\/wp\/v2\/product_brand?post=5699"},{"taxonomy":"product_cat","embeddable":true,"href":"https:\/\/happyinaknit.com\/lt\/wp-json\/wp\/v2\/product_cat?post=5699"},{"taxonomy":"product_tag","embeddable":true,"href":"https:\/\/happyinaknit.com\/lt\/wp-json\/wp\/v2\/product_tag?post=5699"},{"taxonomy":"pro-kategorijos","embeddable":true,"href":"https:\/\/happyinaknit.com\/lt\/wp-json\/wp\/v2\/pro-kategorijos?post=5699"}],"curies":[{"name":"wp","href":"https:\/\/api.w.org\/{rel}","templated":true}]}}