{"id":5693,"date":"2025-10-17T22:06:16","date_gmt":"2025-10-17T22:06:16","guid":{"rendered":"https:\/\/happyinaknit.com\/?post_type=product&#038;p=5693"},"modified":"2025-10-18T07:55:08","modified_gmt":"2025-10-18T07:55:08","slug":"clover-mezginio-akiu-zymekliai-3107","status":"publish","type":"product","link":"https:\/\/happyinaknit.com\/lt\/produktas\/clover-mezginio-akiu-zymekliai-3107\/","title":{"rendered":"Clover mezginio aki\u0173 \u017eymekliai 3107"},"content":{"rendered":"<p data-start=\"41\" data-end=\"243\"><strong data-start=\"41\" data-end=\"51\">Clover<\/strong> \u017eiediniai \u017eymekliai \u2013 tai nepakei\u010diamas pagalbininkas mezgant, leid\u017eiantis patogiai pa\u017eym\u0117ti ra\u0161to prad\u017ei\u0105 ar pabaig\u0105, vietas prie\u0161 ar po tam tikro ra\u0161to, akcentuoti prid\u0117jimus ar nu\u0117mimus.<\/p>\n<p data-start=\"245\" data-end=\"390\">Pagaminti i\u0161 mink\u0161to, lankstaus plastiko, jie nebrai\u017eo virbal\u0173 pavir\u0161iaus ir ypa\u010d tinka naudoti su <strong data-start=\"348\" data-end=\"387\">mediniais ar bambukiniais virbalais<\/strong>.<\/p>\n<p data-start=\"392\" data-end=\"462\">Rinkinyje yra <strong data-start=\"406\" data-end=\"438\">violetin\u0117s ir \u017ealios spalvos<\/strong> \u017eiedai dviej\u0173 dyd\u017ei\u0173:<\/p>\n<ul data-start=\"463\" data-end=\"552\">\n<li data-start=\"463\" data-end=\"506\">\n<p data-start=\"465\" data-end=\"506\">Ma\u017ei \u2013 tinka virbalams <strong data-start=\"488\" data-end=\"504\">2,00\u20133,75 mm<\/strong><\/p>\n<\/li>\n<li data-start=\"507\" data-end=\"552\">\n<p data-start=\"509\" data-end=\"552\">Dideli \u2013 tinka virbalams <strong data-start=\"534\" data-end=\"550\">3,75\u20138,00 mm<\/strong><\/p>\n<\/li>\n<\/ul>\n<p data-start=\"554\" data-end=\"606\"><strong data-start=\"554\" data-end=\"568\">Pakuot\u0117je:<\/strong> 30 \u017eymekli\u0173 (10 ma\u017e\u0173 ir 20 dideli\u0173)<\/p>\n<p data-start=\"608\" data-end=\"622\"><strong data-start=\"608\" data-end=\"620\">Savyb\u0117s:<\/strong><\/p>\n<ul data-start=\"623\" data-end=\"839\">\n<li data-start=\"623\" data-end=\"666\">\n<p data-start=\"625\" data-end=\"666\">Mink\u0161ti ir elastingi \u2013 nebrai\u017eo virbal\u0173<\/p>\n<\/li>\n<li data-start=\"667\" data-end=\"735\">\n<p data-start=\"669\" data-end=\"735\">Patog\u016bs naudoti tiek su mediniais, tiek su metaliniais virbalais<\/p>\n<\/li>\n<li data-start=\"736\" data-end=\"786\">\n<p data-start=\"738\" data-end=\"786\">Padeda tiksliai sekti ra\u0161t\u0105 ir skai\u010diuoti akis<\/p>\n<\/li>\n<li data-start=\"787\" data-end=\"839\">\n<p data-start=\"789\" data-end=\"839\">Skirting\u0173 spalv\u0173 ir dyd\u017ei\u0173 \u2013 patogiam atskyrimui<\/p>\n<\/li>\n<\/ul>\n<p data-start=\"841\" data-end=\"1014\" data-is-last-node=\"\" data-is-only-node=\"\"><strong data-start=\"841\" data-end=\"853\">Pastaba:<\/strong> ma\u017eiau tinkami naudoti su v\u0105\u0161eliu.<br data-start=\"888\" data-end=\"891\" \/><strong data-start=\"891\" data-end=\"906\">Gamintojas:<\/strong> Clover, Japonija<br data-start=\"923\" data-end=\"926\" \/><strong data-start=\"926\" data-end=\"938\">Pastaba:<\/strong> spalv\u0173 atspalviai gali \u0161iek tiek skirtis priklausomai nuo \u012frenginio ekrano.<\/p>\n","protected":false},"excerpt":{"rendered":"<p>Clover \u017eiediniai \u017eymekliai \u2013 tai nepakei\u010diamas pagalbininkas mezgant, leid\u017eiantis patogiai pa\u017eym\u0117ti ra\u0161to prad\u017ei\u0105 ar pabaig\u0105, vietas prie\u0161 ar po tam tikro ra\u0161to, akcentuoti prid\u0117jimus ar nu\u0117mimus. Pagaminti i\u0161 mink\u0161to, lankstaus plastiko, jie nebrai\u017eo virbal\u0173 pavir\u0161iaus ir ypa\u010d tinka naudoti su mediniais ar bambukiniais virbalais. Rinkinyje yra violetin\u0117s ir \u017ealios spalvos \u017eiedai dviej\u0173 dyd\u017ei\u0173: Ma\u017ei \u2013 [&hellip;]<\/p>\n","protected":false},"featured_media":5695,"comment_status":"open","ping_status":"closed","template":"","meta":{"_acf_changed":false},"product_brand":[1074],"product_cat":[15,20,1081],"product_tag":[],"pro-kategorijos":[],"class_list":{"0":"post-5693","1":"product","2":"type-product","3":"status-publish","4":"has-post-thumbnail","6":"product_brand-clover","7":"product_cat-visi-produktai","8":"product_cat-priedai-mezgimui","9":"product_cat-zymekliai","11":"first","12":"instock","13":"shipping-taxable","14":"purchasable","15":"product-type-simple"},"acf":[],"yoast_head":"<!-- This site is optimized with the Yoast SEO plugin v26.8 - https:\/\/yoast.com\/product\/yoast-seo-wordpress\/ -->\n<title>Clover mezginio aki\u0173 \u017eymekliai 3107 - Happyinaknit.com<\/title>\n<meta name=\"robots\" content=\"index, follow, max-snippet:-1, max-image-preview:large, max-video-preview:-1\" \/>\n<link rel=\"canonical\" href=\"https:\/\/happyinaknit.com\/lt\/produktas\/clover-mezginio-akiu-zymekliai-3107\/\" \/>\n<meta property=\"og:locale\" content=\"lt_LT\" \/>\n<meta property=\"og:type\" content=\"article\" \/>\n<meta property=\"og:title\" content=\"Clover mezginio aki\u0173 \u017eymekliai 3107 - Happyinaknit.com\" \/>\n<meta property=\"og:description\" content=\"Clover \u017eiediniai \u017eymekliai \u2013 tai nepakei\u010diamas pagalbininkas mezgant, leid\u017eiantis patogiai pa\u017eym\u0117ti ra\u0161to prad\u017ei\u0105 ar pabaig\u0105, vietas prie\u0161 ar po tam tikro ra\u0161to, akcentuoti prid\u0117jimus ar nu\u0117mimus. Pagaminti i\u0161 mink\u0161to, lankstaus plastiko, jie nebrai\u017eo virbal\u0173 pavir\u0161iaus ir ypa\u010d tinka naudoti su mediniais ar bambukiniais virbalais. Rinkinyje yra violetin\u0117s ir \u017ealios spalvos \u017eiedai dviej\u0173 dyd\u017ei\u0173: Ma\u017ei \u2013 [&hellip;]\" \/>\n<meta property=\"og:url\" content=\"https:\/\/happyinaknit.com\/lt\/produktas\/clover-mezginio-akiu-zymekliai-3107\/\" \/>\n<meta property=\"og:site_name\" content=\"Happyinaknit.com\" \/>\n<meta property=\"article:modified_time\" content=\"2025-10-18T07:55:08+00:00\" \/>\n<meta property=\"og:image\" content=\"https:\/\/happyinaknit.com\/wp-content\/uploads\/2025\/10\/3107CV.jpg\" \/>\n\t<meta property=\"og:image:width\" content=\"450\" \/>\n\t<meta property=\"og:image:height\" content=\"450\" \/>\n\t<meta property=\"og:image:type\" content=\"image\/jpeg\" \/>\n<meta name=\"twitter:card\" content=\"summary_large_image\" \/>\n<meta name=\"twitter:label1\" content=\"Est. reading time\" \/>\n\t<meta name=\"twitter:data1\" content=\"1 minut\u0117\" \/>\n<script type=\"application\/ld+json\" class=\"yoast-schema-graph\">{\"@context\":\"https:\/\/schema.org\",\"@graph\":[{\"@type\":\"WebPage\",\"@id\":\"https:\/\/happyinaknit.com\/produktas\/clover-mezginio-akiu-zymekliai-3107\/\",\"url\":\"https:\/\/happyinaknit.com\/produktas\/clover-mezginio-akiu-zymekliai-3107\/\",\"name\":\"Clover mezginio aki\u0173 \u017eymekliai 3107 - Happyinaknit.com\",\"isPartOf\":{\"@id\":\"https:\/\/happyinaknit.com\/lt\/#website\"},\"primaryImageOfPage\":{\"@id\":\"https:\/\/happyinaknit.com\/produktas\/clover-mezginio-akiu-zymekliai-3107\/#primaryimage\"},\"image\":{\"@id\":\"https:\/\/happyinaknit.com\/produktas\/clover-mezginio-akiu-zymekliai-3107\/#primaryimage\"},\"thumbnailUrl\":\"https:\/\/happyinaknit.com\/wp-content\/uploads\/2025\/10\/3107CV.jpg\",\"datePublished\":\"2025-10-17T22:06:16+00:00\",\"dateModified\":\"2025-10-18T07:55:08+00:00\",\"breadcrumb\":{\"@id\":\"https:\/\/happyinaknit.com\/produktas\/clover-mezginio-akiu-zymekliai-3107\/#breadcrumb\"},\"inLanguage\":\"lt-LT\",\"potentialAction\":[{\"@type\":\"ReadAction\",\"target\":[\"https:\/\/happyinaknit.com\/produktas\/clover-mezginio-akiu-zymekliai-3107\/\"]}]},{\"@type\":\"ImageObject\",\"inLanguage\":\"lt-LT\",\"@id\":\"https:\/\/happyinaknit.com\/produktas\/clover-mezginio-akiu-zymekliai-3107\/#primaryimage\",\"url\":\"https:\/\/happyinaknit.com\/wp-content\/uploads\/2025\/10\/3107CV.jpg\",\"contentUrl\":\"https:\/\/happyinaknit.com\/wp-content\/uploads\/2025\/10\/3107CV.jpg\",\"width\":450,\"height\":450},{\"@type\":\"BreadcrumbList\",\"@id\":\"https:\/\/happyinaknit.com\/produktas\/clover-mezginio-akiu-zymekliai-3107\/#breadcrumb\",\"itemListElement\":[{\"@type\":\"ListItem\",\"position\":1,\"name\":\"Home\",\"item\":\"https:\/\/happyinaknit.com\/lt\/\"},{\"@type\":\"ListItem\",\"position\":2,\"name\":\"Parduotuv\u0117\",\"item\":\"https:\/\/happyinaknit.com\/lt\/parduotuve\/\"},{\"@type\":\"ListItem\",\"position\":3,\"name\":\"Clover mezginio aki\u0173 \u017eymekliai 3107\"}]},{\"@type\":\"WebSite\",\"@id\":\"https:\/\/happyinaknit.com\/lt\/#website\",\"url\":\"https:\/\/happyinaknit.com\/lt\/\",\"name\":\"Happyinaknit.com\",\"description\":\"\",\"potentialAction\":[{\"@type\":\"SearchAction\",\"target\":{\"@type\":\"EntryPoint\",\"urlTemplate\":\"https:\/\/happyinaknit.com\/lt\/?s={search_term_string}\"},\"query-input\":{\"@type\":\"PropertyValueSpecification\",\"valueRequired\":true,\"valueName\":\"search_term_string\"}}],\"inLanguage\":\"lt-LT\"}]}<\/script>\n<!-- \/ Yoast SEO plugin. -->","yoast_head_json":{"title":"Clover mezginio aki\u0173 \u017eymekliai 3107 - Happyinaknit.com","robots":{"index":"index","follow":"follow","max-snippet":"max-snippet:-1","max-image-preview":"max-image-preview:large","max-video-preview":"max-video-preview:-1"},"canonical":"https:\/\/happyinaknit.com\/lt\/produktas\/clover-mezginio-akiu-zymekliai-3107\/","og_locale":"lt_LT","og_type":"article","og_title":"Clover mezginio aki\u0173 \u017eymekliai 3107 - Happyinaknit.com","og_description":"Clover \u017eiediniai \u017eymekliai \u2013 tai nepakei\u010diamas pagalbininkas mezgant, leid\u017eiantis patogiai pa\u017eym\u0117ti ra\u0161to prad\u017ei\u0105 ar pabaig\u0105, vietas prie\u0161 ar po tam tikro ra\u0161to, akcentuoti prid\u0117jimus ar nu\u0117mimus. Pagaminti i\u0161 mink\u0161to, lankstaus plastiko, jie nebrai\u017eo virbal\u0173 pavir\u0161iaus ir ypa\u010d tinka naudoti su mediniais ar bambukiniais virbalais. Rinkinyje yra violetin\u0117s ir \u017ealios spalvos \u017eiedai dviej\u0173 dyd\u017ei\u0173: Ma\u017ei \u2013 [&hellip;]","og_url":"https:\/\/happyinaknit.com\/lt\/produktas\/clover-mezginio-akiu-zymekliai-3107\/","og_site_name":"Happyinaknit.com","article_modified_time":"2025-10-18T07:55:08+00:00","og_image":[{"width":450,"height":450,"url":"https:\/\/happyinaknit.com\/wp-content\/uploads\/2025\/10\/3107CV.jpg","type":"image\/jpeg"}],"twitter_card":"summary_large_image","twitter_misc":{"Est. reading time":"1 minut\u0117"},"schema":{"@context":"https:\/\/schema.org","@graph":[{"@type":"WebPage","@id":"https:\/\/happyinaknit.com\/produktas\/clover-mezginio-akiu-zymekliai-3107\/","url":"https:\/\/happyinaknit.com\/produktas\/clover-mezginio-akiu-zymekliai-3107\/","name":"Clover mezginio aki\u0173 \u017eymekliai 3107 - Happyinaknit.com","isPartOf":{"@id":"https:\/\/happyinaknit.com\/lt\/#website"},"primaryImageOfPage":{"@id":"https:\/\/happyinaknit.com\/produktas\/clover-mezginio-akiu-zymekliai-3107\/#primaryimage"},"image":{"@id":"https:\/\/happyinaknit.com\/produktas\/clover-mezginio-akiu-zymekliai-3107\/#primaryimage"},"thumbnailUrl":"https:\/\/happyinaknit.com\/wp-content\/uploads\/2025\/10\/3107CV.jpg","datePublished":"2025-10-17T22:06:16+00:00","dateModified":"2025-10-18T07:55:08+00:00","breadcrumb":{"@id":"https:\/\/happyinaknit.com\/produktas\/clover-mezginio-akiu-zymekliai-3107\/#breadcrumb"},"inLanguage":"lt-LT","potentialAction":[{"@type":"ReadAction","target":["https:\/\/happyinaknit.com\/produktas\/clover-mezginio-akiu-zymekliai-3107\/"]}]},{"@type":"ImageObject","inLanguage":"lt-LT","@id":"https:\/\/happyinaknit.com\/produktas\/clover-mezginio-akiu-zymekliai-3107\/#primaryimage","url":"https:\/\/happyinaknit.com\/wp-content\/uploads\/2025\/10\/3107CV.jpg","contentUrl":"https:\/\/happyinaknit.com\/wp-content\/uploads\/2025\/10\/3107CV.jpg","width":450,"height":450},{"@type":"BreadcrumbList","@id":"https:\/\/happyinaknit.com\/produktas\/clover-mezginio-akiu-zymekliai-3107\/#breadcrumb","itemListElement":[{"@type":"ListItem","position":1,"name":"Home","item":"https:\/\/happyinaknit.com\/lt\/"},{"@type":"ListItem","position":2,"name":"Parduotuv\u0117","item":"https:\/\/happyinaknit.com\/lt\/parduotuve\/"},{"@type":"ListItem","position":3,"name":"Clover mezginio aki\u0173 \u017eymekliai 3107"}]},{"@type":"WebSite","@id":"https:\/\/happyinaknit.com\/lt\/#website","url":"https:\/\/happyinaknit.com\/lt\/","name":"Happyinaknit.com","description":"","potentialAction":[{"@type":"SearchAction","target":{"@type":"EntryPoint","urlTemplate":"https:\/\/happyinaknit.com\/lt\/?s={search_term_string}"},"query-input":{"@type":"PropertyValueSpecification","valueRequired":true,"valueName":"search_term_string"}}],"inLanguage":"lt-LT"}]}},"_links":{"self":[{"href":"https:\/\/happyinaknit.com\/lt\/wp-json\/wp\/v2\/product\/5693","targetHints":{"allow":["GET"]}}],"collection":[{"href":"https:\/\/happyinaknit.com\/lt\/wp-json\/wp\/v2\/product"}],"about":[{"href":"https:\/\/happyinaknit.com\/lt\/wp-json\/wp\/v2\/types\/product"}],"replies":[{"embeddable":true,"href":"https:\/\/happyinaknit.com\/lt\/wp-json\/wp\/v2\/comments?post=5693"}],"wp:featuredmedia":[{"embeddable":true,"href":"https:\/\/happyinaknit.com\/lt\/wp-json\/wp\/v2\/media\/5695"}],"wp:attachment":[{"href":"https:\/\/happyinaknit.com\/lt\/wp-json\/wp\/v2\/media?parent=5693"}],"wp:term":[{"taxonomy":"product_brand","embeddable":true,"href":"https:\/\/happyinaknit.com\/lt\/wp-json\/wp\/v2\/product_brand?post=5693"},{"taxonomy":"product_cat","embeddable":true,"href":"https:\/\/happyinaknit.com\/lt\/wp-json\/wp\/v2\/product_cat?post=5693"},{"taxonomy":"product_tag","embeddable":true,"href":"https:\/\/happyinaknit.com\/lt\/wp-json\/wp\/v2\/product_tag?post=5693"},{"taxonomy":"pro-kategorijos","embeddable":true,"href":"https:\/\/happyinaknit.com\/lt\/wp-json\/wp\/v2\/pro-kategorijos?post=5693"}],"curies":[{"name":"wp","href":"https:\/\/api.w.org\/{rel}","templated":true}]}}