{"id":5682,"date":"2025-10-17T21:49:41","date_gmt":"2025-10-17T21:49:41","guid":{"rendered":"https:\/\/happyinaknit.com\/?post_type=product&#038;p=5682"},"modified":"2025-12-01T16:31:41","modified_gmt":"2025-12-01T16:31:41","slug":"seeknit-koshitsu-virbalai-su-valu-80-cm","status":"publish","type":"product","link":"https:\/\/happyinaknit.com\/lt\/produktas\/seeknit-koshitsu-virbalai-su-valu-80-cm\/","title":{"rendered":"Seeknit Koshitsu virbalai su valu 80 cm"},"content":{"rendered":"<p data-start=\"88\" data-end=\"409\"><strong data-start=\"88\" data-end=\"111\">Seeknit Koshitsu <\/strong>\u00a0\u2013 tai <strong data-start=\"118\" data-end=\"136\">premium klas\u0117s<\/strong> virbalai, gaminami Japonijoje nuo <strong data-start=\"171\" data-end=\"184\">1916 met\u0173<\/strong>, naudojant tik kruop\u0161\u010diai atrinkt\u0105 <strong data-start=\"220\" data-end=\"228\">moso<\/strong> ir <strong data-start=\"232\" data-end=\"242\">madake<\/strong> bambuk\u0105. \u0160ie virbalai i\u0161siskiria <strong data-start=\"276\" data-end=\"303\">tvirtumu, ilgaam\u017ei\u0161kumu<\/strong> ir <strong data-start=\"307\" data-end=\"346\">nepriekai\u0161tingai glotniu pavir\u0161iumi<\/strong>, tod\u0117l si\u016blai slysta lengvai, o mezgimas tampa itin malonus.<\/p>\n<p data-start=\"411\" data-end=\"696\">Serijos <strong data-start=\"419\" data-end=\"431\">Koshitsu<\/strong> virbalai i\u0161siskiria savo <strong data-start=\"457\" data-end=\"488\">\u0161ilta, tamsiai rusva spalva<\/strong>, kuri gaunama d\u0117l specialaus bambuko apdorojimo auk\u0161toje temperat\u016broje ir sl\u0117gyje. Po to jie yra kruop\u0161\u010diai <strong data-start=\"597\" data-end=\"637\">nupoliruojami nat\u016braliu augal\u0173 va\u0161ku<\/strong>, tod\u0117l tampa dar atsparesni pa\u017eeidimams ir deformacijai.<\/p>\n<p data-start=\"698\" data-end=\"852\">Virbalai turi <strong data-start=\"712\" data-end=\"740\">360\u00b0 besisukan\u010di\u0105 jungt\u012f<\/strong>, tod\u0117l valas niekada nepersisuka, o mezgimas i\u0161lieka sklandus ir patogus net dirbant su dideliais projektais.<\/p>\n<p data-start=\"854\" data-end=\"868\"><strong data-start=\"854\" data-end=\"866\">Savyb\u0117s:<\/strong><\/p>\n<ul data-start=\"869\" data-end=\"1209\">\n<li data-start=\"869\" data-end=\"941\">\n<p data-start=\"871\" data-end=\"941\">Pagaminti i\u0161 auk\u0161\u010diausios kokyb\u0117s japoni\u0161ko bambuko<\/p>\n<\/li>\n<li data-start=\"942\" data-end=\"1013\">\n<p data-start=\"944\" data-end=\"1013\">Poliruoti nat\u016braliu augal\u0173 va\u0161ku \u2013 itin glotn\u016bs ir malon\u016bs lietimui<\/p>\n<\/li>\n<li data-start=\"1014\" data-end=\"1061\">\n<p data-start=\"1016\" data-end=\"1061\">Didesnis patvarumas d\u0117l terminio apdorojimo<\/p>\n<\/li>\n<li data-start=\"1062\" data-end=\"1119\">\n<p data-start=\"1064\" data-end=\"1119\">360\u00b0 besisukanti jungtis \u2013 joki\u0173 persisukim\u0173 ar mazg\u0173<\/p>\n<\/li>\n<li data-start=\"1120\" data-end=\"1176\">\n<p data-start=\"1122\" data-end=\"1176\">Lazeriu i\u0161graviruoti dyd\u017eiai \u2013 nenusitrins naudojant<\/p>\n<\/li>\n<li data-start=\"1177\" data-end=\"1209\">\n<p data-start=\"1179\" data-end=\"1209\">Lengvi, \u0161ilti ir ergonomi\u0161ki<\/p>\n<\/li>\n<\/ul>\n<p data-start=\"1211\" data-end=\"1229\"><strong data-start=\"1211\" data-end=\"1227\">I\u0161matavimai:<\/strong><\/p>\n<ul data-start=\"1230\" data-end=\"1328\">\n<li data-start=\"1230\" data-end=\"1265\">\n<p data-start=\"1232\" data-end=\"1265\">Virbal\u0173 ilgis: apie <strong data-start=\"1252\" data-end=\"1263\">12,5 cm<\/strong><\/p>\n<\/li>\n<li data-start=\"1266\" data-end=\"1296\">\n<p data-start=\"1268\" data-end=\"1296\">Valo ilgis: apie <strong data-start=\"1285\" data-end=\"1294\">57 cm<\/strong><\/p>\n<\/li>\n<li data-start=\"1297\" data-end=\"1328\">\n<p data-start=\"1299\" data-end=\"1328\">Bendras ilgis: apie <strong data-start=\"1319\" data-end=\"1328\">80 cm<\/strong><\/p>\n<\/li>\n<\/ul>\n<p data-start=\"1330\" data-end=\"1394\"><strong data-start=\"1330\" data-end=\"1343\">Med\u017eiaga:<\/strong> japoni\u0161kas bambukas<br data-start=\"1363\" data-end=\"1366\" \/><strong data-start=\"1366\" data-end=\"1383\">Kilm\u0117s \u0161alis:<\/strong> Japonija<\/p>\n<p data-start=\"1396\" data-end=\"1484\" data-is-last-node=\"\" data-is-only-node=\"\"><strong data-start=\"1396\" data-end=\"1408\">Pastaba:<\/strong> spalv\u0173 atspalviai gali \u0161iek tiek skirtis priklausomai nuo \u012frenginio ekrano.<\/p>\n","protected":false},"excerpt":{"rendered":"<p>Seeknit Koshitsu \u00a0\u2013 tai premium klas\u0117s virbalai, gaminami Japonijoje nuo 1916 met\u0173, naudojant tik kruop\u0161\u010diai atrinkt\u0105 moso ir madake bambuk\u0105. \u0160ie virbalai i\u0161siskiria tvirtumu, ilgaam\u017ei\u0161kumu ir nepriekai\u0161tingai glotniu pavir\u0161iumi, tod\u0117l si\u016blai slysta lengvai, o mezgimas tampa itin malonus. Serijos Koshitsu virbalai i\u0161siskiria savo \u0161ilta, tamsiai rusva spalva, kuri gaunama d\u0117l specialaus bambuko apdorojimo auk\u0161toje temperat\u016broje [&hellip;]<\/p>\n","protected":false},"featured_media":5689,"comment_status":"open","ping_status":"closed","template":"","meta":{"_acf_changed":false},"product_brand":[1068],"product_cat":[15,19,862],"product_tag":[],"pro-kategorijos":[],"class_list":{"0":"post-5682","1":"product","2":"type-product","3":"status-publish","4":"has-post-thumbnail","6":"product_brand-ka-seeknit","7":"product_cat-visi-produktai","8":"product_cat-mezgimo-priemones","9":"product_cat-virbalai-su-valu","11":"first","12":"instock","13":"shipping-taxable","14":"purchasable","15":"product-type-variable"},"acf":[],"yoast_head":"<!-- This site is optimized with the Yoast SEO plugin v26.8 - https:\/\/yoast.com\/product\/yoast-seo-wordpress\/ -->\n<title>Seeknit Koshitsu virbalai su valu 80 cm - Happyinaknit.com<\/title>\n<meta name=\"robots\" content=\"index, follow, max-snippet:-1, max-image-preview:large, max-video-preview:-1\" \/>\n<link rel=\"canonical\" href=\"https:\/\/happyinaknit.com\/lt\/produktas\/seeknit-koshitsu-virbalai-su-valu-80-cm\/\" \/>\n<meta property=\"og:locale\" content=\"lt_LT\" \/>\n<meta property=\"og:type\" content=\"article\" \/>\n<meta property=\"og:title\" content=\"Seeknit Koshitsu virbalai su valu 80 cm - Happyinaknit.com\" \/>\n<meta property=\"og:description\" content=\"Seeknit Koshitsu \u00a0\u2013 tai premium klas\u0117s virbalai, gaminami Japonijoje nuo 1916 met\u0173, naudojant tik kruop\u0161\u010diai atrinkt\u0105 moso ir madake bambuk\u0105. \u0160ie virbalai i\u0161siskiria tvirtumu, ilgaam\u017ei\u0161kumu ir nepriekai\u0161tingai glotniu pavir\u0161iumi, tod\u0117l si\u016blai slysta lengvai, o mezgimas tampa itin malonus. Serijos Koshitsu virbalai i\u0161siskiria savo \u0161ilta, tamsiai rusva spalva, kuri gaunama d\u0117l specialaus bambuko apdorojimo auk\u0161toje temperat\u016broje [&hellip;]\" \/>\n<meta property=\"og:url\" content=\"https:\/\/happyinaknit.com\/lt\/produktas\/seeknit-koshitsu-virbalai-su-valu-80-cm\/\" \/>\n<meta property=\"og:site_name\" content=\"Happyinaknit.com\" \/>\n<meta property=\"article:modified_time\" content=\"2025-12-01T16:31:41+00:00\" \/>\n<meta name=\"twitter:card\" content=\"summary_large_image\" \/>\n<meta name=\"twitter:label1\" content=\"Est. reading time\" \/>\n\t<meta name=\"twitter:data1\" content=\"1 minut\u0117\" \/>\n<script type=\"application\/ld+json\" class=\"yoast-schema-graph\">{\"@context\":\"https:\/\/schema.org\",\"@graph\":[{\"@type\":\"WebPage\",\"@id\":\"https:\/\/happyinaknit.com\/produktas\/seeknit-koshitsu-virbalai-su-valu-80-cm\/\",\"url\":\"https:\/\/happyinaknit.com\/produktas\/seeknit-koshitsu-virbalai-su-valu-80-cm\/\",\"name\":\"Seeknit Koshitsu virbalai su valu 80 cm - Happyinaknit.com\",\"isPartOf\":{\"@id\":\"https:\/\/happyinaknit.com\/lt\/#website\"},\"primaryImageOfPage\":{\"@id\":\"https:\/\/happyinaknit.com\/produktas\/seeknit-koshitsu-virbalai-su-valu-80-cm\/#primaryimage\"},\"image\":{\"@id\":\"https:\/\/happyinaknit.com\/produktas\/seeknit-koshitsu-virbalai-su-valu-80-cm\/#primaryimage\"},\"thumbnailUrl\":\"https:\/\/happyinaknit.com\/wp-content\/uploads\/2025\/10\/il_570xN.3695244588_e512.jpg.avif\",\"datePublished\":\"2025-10-17T21:49:41+00:00\",\"dateModified\":\"2025-12-01T16:31:41+00:00\",\"breadcrumb\":{\"@id\":\"https:\/\/happyinaknit.com\/produktas\/seeknit-koshitsu-virbalai-su-valu-80-cm\/#breadcrumb\"},\"inLanguage\":\"lt-LT\",\"potentialAction\":[{\"@type\":\"ReadAction\",\"target\":[\"https:\/\/happyinaknit.com\/produktas\/seeknit-koshitsu-virbalai-su-valu-80-cm\/\"]}]},{\"@type\":\"ImageObject\",\"inLanguage\":\"lt-LT\",\"@id\":\"https:\/\/happyinaknit.com\/produktas\/seeknit-koshitsu-virbalai-su-valu-80-cm\/#primaryimage\",\"url\":\"https:\/\/happyinaknit.com\/wp-content\/uploads\/2025\/10\/il_570xN.3695244588_e512.jpg.avif\",\"contentUrl\":\"https:\/\/happyinaknit.com\/wp-content\/uploads\/2025\/10\/il_570xN.3695244588_e512.jpg.avif\",\"width\":570,\"height\":570},{\"@type\":\"BreadcrumbList\",\"@id\":\"https:\/\/happyinaknit.com\/produktas\/seeknit-koshitsu-virbalai-su-valu-80-cm\/#breadcrumb\",\"itemListElement\":[{\"@type\":\"ListItem\",\"position\":1,\"name\":\"Home\",\"item\":\"https:\/\/happyinaknit.com\/lt\/\"},{\"@type\":\"ListItem\",\"position\":2,\"name\":\"Parduotuv\u0117\",\"item\":\"https:\/\/happyinaknit.com\/lt\/parduotuve\/\"},{\"@type\":\"ListItem\",\"position\":3,\"name\":\"Seeknit Koshitsu virbalai su valu 80 cm\"}]},{\"@type\":\"WebSite\",\"@id\":\"https:\/\/happyinaknit.com\/lt\/#website\",\"url\":\"https:\/\/happyinaknit.com\/lt\/\",\"name\":\"Happyinaknit.com\",\"description\":\"\",\"potentialAction\":[{\"@type\":\"SearchAction\",\"target\":{\"@type\":\"EntryPoint\",\"urlTemplate\":\"https:\/\/happyinaknit.com\/lt\/?s={search_term_string}\"},\"query-input\":{\"@type\":\"PropertyValueSpecification\",\"valueRequired\":true,\"valueName\":\"search_term_string\"}}],\"inLanguage\":\"lt-LT\"}]}<\/script>\n<!-- \/ Yoast SEO plugin. -->","yoast_head_json":{"title":"Seeknit Koshitsu virbalai su valu 80 cm - Happyinaknit.com","robots":{"index":"index","follow":"follow","max-snippet":"max-snippet:-1","max-image-preview":"max-image-preview:large","max-video-preview":"max-video-preview:-1"},"canonical":"https:\/\/happyinaknit.com\/lt\/produktas\/seeknit-koshitsu-virbalai-su-valu-80-cm\/","og_locale":"lt_LT","og_type":"article","og_title":"Seeknit Koshitsu virbalai su valu 80 cm - Happyinaknit.com","og_description":"Seeknit Koshitsu \u00a0\u2013 tai premium klas\u0117s virbalai, gaminami Japonijoje nuo 1916 met\u0173, naudojant tik kruop\u0161\u010diai atrinkt\u0105 moso ir madake bambuk\u0105. \u0160ie virbalai i\u0161siskiria tvirtumu, ilgaam\u017ei\u0161kumu ir nepriekai\u0161tingai glotniu pavir\u0161iumi, tod\u0117l si\u016blai slysta lengvai, o mezgimas tampa itin malonus. Serijos Koshitsu virbalai i\u0161siskiria savo \u0161ilta, tamsiai rusva spalva, kuri gaunama d\u0117l specialaus bambuko apdorojimo auk\u0161toje temperat\u016broje [&hellip;]","og_url":"https:\/\/happyinaknit.com\/lt\/produktas\/seeknit-koshitsu-virbalai-su-valu-80-cm\/","og_site_name":"Happyinaknit.com","article_modified_time":"2025-12-01T16:31:41+00:00","twitter_card":"summary_large_image","twitter_misc":{"Est. reading time":"1 minut\u0117"},"schema":{"@context":"https:\/\/schema.org","@graph":[{"@type":"WebPage","@id":"https:\/\/happyinaknit.com\/produktas\/seeknit-koshitsu-virbalai-su-valu-80-cm\/","url":"https:\/\/happyinaknit.com\/produktas\/seeknit-koshitsu-virbalai-su-valu-80-cm\/","name":"Seeknit Koshitsu virbalai su valu 80 cm - Happyinaknit.com","isPartOf":{"@id":"https:\/\/happyinaknit.com\/lt\/#website"},"primaryImageOfPage":{"@id":"https:\/\/happyinaknit.com\/produktas\/seeknit-koshitsu-virbalai-su-valu-80-cm\/#primaryimage"},"image":{"@id":"https:\/\/happyinaknit.com\/produktas\/seeknit-koshitsu-virbalai-su-valu-80-cm\/#primaryimage"},"thumbnailUrl":"https:\/\/happyinaknit.com\/wp-content\/uploads\/2025\/10\/il_570xN.3695244588_e512.jpg.avif","datePublished":"2025-10-17T21:49:41+00:00","dateModified":"2025-12-01T16:31:41+00:00","breadcrumb":{"@id":"https:\/\/happyinaknit.com\/produktas\/seeknit-koshitsu-virbalai-su-valu-80-cm\/#breadcrumb"},"inLanguage":"lt-LT","potentialAction":[{"@type":"ReadAction","target":["https:\/\/happyinaknit.com\/produktas\/seeknit-koshitsu-virbalai-su-valu-80-cm\/"]}]},{"@type":"ImageObject","inLanguage":"lt-LT","@id":"https:\/\/happyinaknit.com\/produktas\/seeknit-koshitsu-virbalai-su-valu-80-cm\/#primaryimage","url":"https:\/\/happyinaknit.com\/wp-content\/uploads\/2025\/10\/il_570xN.3695244588_e512.jpg.avif","contentUrl":"https:\/\/happyinaknit.com\/wp-content\/uploads\/2025\/10\/il_570xN.3695244588_e512.jpg.avif","width":570,"height":570},{"@type":"BreadcrumbList","@id":"https:\/\/happyinaknit.com\/produktas\/seeknit-koshitsu-virbalai-su-valu-80-cm\/#breadcrumb","itemListElement":[{"@type":"ListItem","position":1,"name":"Home","item":"https:\/\/happyinaknit.com\/lt\/"},{"@type":"ListItem","position":2,"name":"Parduotuv\u0117","item":"https:\/\/happyinaknit.com\/lt\/parduotuve\/"},{"@type":"ListItem","position":3,"name":"Seeknit Koshitsu virbalai su valu 80 cm"}]},{"@type":"WebSite","@id":"https:\/\/happyinaknit.com\/lt\/#website","url":"https:\/\/happyinaknit.com\/lt\/","name":"Happyinaknit.com","description":"","potentialAction":[{"@type":"SearchAction","target":{"@type":"EntryPoint","urlTemplate":"https:\/\/happyinaknit.com\/lt\/?s={search_term_string}"},"query-input":{"@type":"PropertyValueSpecification","valueRequired":true,"valueName":"search_term_string"}}],"inLanguage":"lt-LT"}]}},"_links":{"self":[{"href":"https:\/\/happyinaknit.com\/lt\/wp-json\/wp\/v2\/product\/5682","targetHints":{"allow":["GET"]}}],"collection":[{"href":"https:\/\/happyinaknit.com\/lt\/wp-json\/wp\/v2\/product"}],"about":[{"href":"https:\/\/happyinaknit.com\/lt\/wp-json\/wp\/v2\/types\/product"}],"replies":[{"embeddable":true,"href":"https:\/\/happyinaknit.com\/lt\/wp-json\/wp\/v2\/comments?post=5682"}],"wp:featuredmedia":[{"embeddable":true,"href":"https:\/\/happyinaknit.com\/lt\/wp-json\/wp\/v2\/media\/5689"}],"wp:attachment":[{"href":"https:\/\/happyinaknit.com\/lt\/wp-json\/wp\/v2\/media?parent=5682"}],"wp:term":[{"taxonomy":"product_brand","embeddable":true,"href":"https:\/\/happyinaknit.com\/lt\/wp-json\/wp\/v2\/product_brand?post=5682"},{"taxonomy":"product_cat","embeddable":true,"href":"https:\/\/happyinaknit.com\/lt\/wp-json\/wp\/v2\/product_cat?post=5682"},{"taxonomy":"product_tag","embeddable":true,"href":"https:\/\/happyinaknit.com\/lt\/wp-json\/wp\/v2\/product_tag?post=5682"},{"taxonomy":"pro-kategorijos","embeddable":true,"href":"https:\/\/happyinaknit.com\/lt\/wp-json\/wp\/v2\/pro-kategorijos?post=5682"}],"curies":[{"name":"wp","href":"https:\/\/api.w.org\/{rel}","templated":true}]}}