{"id":5666,"date":"2025-10-17T21:09:47","date_gmt":"2025-10-17T21:09:47","guid":{"rendered":"https:\/\/happyinaknit.com\/?post_type=product&#038;p=5666"},"modified":"2025-10-17T21:09:48","modified_gmt":"2025-10-17T21:09:48","slug":"ka-seeknit-shirotake-prisukami-bambukiniai-virbalai-5-cm","status":"publish","type":"product","link":"https:\/\/happyinaknit.com\/lt\/produktas\/ka-seeknit-shirotake-prisukami-bambukiniai-virbalai-5-cm\/","title":{"rendered":"KA Seeknit Shirotake  prisukami bambukiniai virbalai 5 cm"},"content":{"rendered":"<article class=\"text-token-text-primary w-full focus:outline-none [--shadow-height:45px] has-data-writing-block:pointer-events-none has-data-writing-block:-mt-(--shadow-height) has-data-writing-block:pt-(--shadow-height) [&amp;:has([data-writing-block])&gt;*]:pointer-events-auto [content-visibility:auto] supports-[content-visibility:auto]:[contain-intrinsic-size:auto_100lvh] scroll-mt-[calc(var(--header-height)+min(200px,max(70px,20svh)))]\" dir=\"auto\" style=\"font-style: normal; font-variant-caps: normal; font-weight: 400; letter-spacing: normal; orphans: auto; text-align: start; text-indent: 0px; text-transform: none; white-space: normal; widows: auto; word-spacing: 0px; -webkit-text-stroke-width: 0px; text-decoration: none; caret-color: #000000; color: #000000;\" tabindex=\"-1\" data-turn-id=\"request-68dd7b2f-c4c0-8325-99d8-8cdfbe689f41-8\" data-testid=\"conversation-turn-640\" data-scroll-anchor=\"true\" data-turn=\"assistant\">\n<div class=\"text-base my-auto mx-auto pb-10 [--thread-content-margin:--spacing(4)] thread-sm:[--thread-content-margin:--spacing(6)] thread-lg:[--thread-content-margin:--spacing(16)] px-(--thread-content-margin)\">\n<div class=\"[--thread-content-max-width:40rem] thread-lg:[--thread-content-max-width:48rem] mx-auto max-w-(--thread-content-max-width) flex-1 group\/turn-messages focus-visible:outline-hidden relative flex w-full min-w-0 flex-col agent-turn\" tabindex=\"-1\">\n<div class=\"flex max-w-full flex-col grow\">\n<div class=\"min-h-8 text-message relative flex w-full flex-col items-end gap-2 text-start break-words whitespace-normal [.text-message+&amp;]:mt-1\" dir=\"auto\" data-message-author-role=\"assistant\" data-message-id=\"bb19324b-a13d-4ad6-9ea8-6121fe4192c4\" data-message-model-slug=\"gpt-5\">\n<div class=\"flex w-full flex-col gap-1 empty:hidden first:pt-[1px]\">\n<div class=\"markdown prose dark:prose-invert w-full break-words light markdown-new-styling\">\n<p data-start=\"61\" data-end=\"311\"><strong data-start=\"61\" data-end=\"82\">Seeknit Shirotake<\/strong> \u2013 tai auk\u0161\u010diausios kokyb\u0117s japoni\u0161ki prisukami virbalai, pagaminti i\u0161 tvirto, lankstaus ir itin lengvo bambuko. Kiekvienas virbalas nupoliruotas nat\u016braliu va\u0161ku, tod\u0117l pavir\u0161ius visi\u0161kai lygus, o mezgimas \u2013 \u0161velnus ir malonus.<\/p>\n<p data-start=\"313\" data-end=\"542\">Virbal\u0173 dyd\u017eiai <strong data-start=\"329\" data-end=\"353\">i\u0161graviruoti lazeriu<\/strong>, tod\u0117l jie niekada nenusitrins. Kaip ir visos <strong data-start=\"400\" data-end=\"411\">Seeknit<\/strong> sistemos, \u0161ie virbalai turi <strong data-start=\"440\" data-end=\"465\">besisukan\u010dius jungtis<\/strong>, kurios apsaugo val\u0105 nuo persisukimo ir garantuoja patog\u0173, tolyg\u0173 mezgim\u0105.<\/p>\n<p data-start=\"544\" data-end=\"558\"><strong data-start=\"544\" data-end=\"556\">Savyb\u0117s:<\/strong><\/p>\n<ul data-start=\"559\" data-end=\"896\">\n<li data-start=\"559\" data-end=\"609\">\n<p data-start=\"561\" data-end=\"609\">Pagaminti i\u0161 auk\u0161tos kokyb\u0117s japoni\u0161ko bambuko<\/p>\n<\/li>\n<li data-start=\"610\" data-end=\"658\">\n<p data-start=\"612\" data-end=\"658\">Idealiai lygus, va\u0161ku nupoliruotas pavir\u0161ius<\/p>\n<\/li>\n<li data-start=\"659\" data-end=\"716\">\n<p data-start=\"661\" data-end=\"716\">Lazeriu i\u0161graviruoti dyd\u017eiai \u2013 atspar\u016bs nusid\u0117v\u0117jimui<\/p>\n<\/li>\n<li data-start=\"717\" data-end=\"781\">\n<p data-start=\"719\" data-end=\"781\">Besisukanti jungtis u\u017etikrina skland\u0173 mezgim\u0105 be persisukim\u0173<\/p>\n<\/li>\n<li data-start=\"782\" data-end=\"837\">\n<p data-start=\"784\" data-end=\"837\">Lengvi, \u0161ilti ir ergonomi\u0161ki \u2013 itin patog\u016bs rankoje<\/p>\n<\/li>\n<li data-start=\"838\" data-end=\"896\">\n<p data-start=\"840\" data-end=\"896\">Suderinami su visais <strong data-start=\"861\" data-end=\"875\">KA Seeknit<\/strong> valais ir priedais<\/p>\n<\/li>\n<\/ul>\n<p data-start=\"898\" data-end=\"1022\"><strong data-start=\"898\" data-end=\"911\">Med\u017eiaga:<\/strong> japoni\u0161kas bambukas<br data-start=\"991\" data-end=\"994\" \/><strong data-start=\"994\" data-end=\"1011\">Kilm\u0117s \u0161alis:<\/strong> Japonija<\/p>\n<p data-start=\"1024\" data-end=\"1112\" data-is-last-node=\"\" data-is-only-node=\"\"><strong data-start=\"1024\" data-end=\"1036\">Pastaba:<\/strong> spalv\u0173 atspalviai gali \u0161iek tiek skirtis priklausomai nuo \u012frenginio ekrano.<\/p>\n<\/div>\n<\/div>\n<\/div>\n<\/div>\n<div class=\"z-0 flex min-h-[46px] justify-start\"><\/div>\n<div class=\"mt-3 w-full empty:hidden\"><\/div>\n<\/div>\n<\/div>\n<\/article>\n","protected":false},"excerpt":{"rendered":"<p>Seeknit Shirotake \u2013 tai auk\u0161\u010diausios kokyb\u0117s japoni\u0161ki prisukami virbalai, pagaminti i\u0161 tvirto, lankstaus ir itin lengvo bambuko. Kiekvienas virbalas nupoliruotas nat\u016braliu va\u0161ku, tod\u0117l pavir\u0161ius visi\u0161kai lygus, o mezgimas \u2013 \u0161velnus ir malonus. Virbal\u0173 dyd\u017eiai i\u0161graviruoti lazeriu, tod\u0117l jie niekada nenusitrins. Kaip ir visos Seeknit sistemos, \u0161ie virbalai turi besisukan\u010dius jungtis, kurios apsaugo val\u0105 nuo persisukimo [&hellip;]<\/p>\n","protected":false},"featured_media":5656,"comment_status":"open","ping_status":"closed","template":"","meta":{"_acf_changed":false},"product_brand":[1068],"product_cat":[15,19,863],"product_tag":[],"pro-kategorijos":[],"class_list":{"0":"post-5666","1":"product","2":"type-product","3":"status-publish","4":"has-post-thumbnail","6":"product_brand-ka-seeknit","7":"product_cat-visi-produktai","8":"product_cat-mezgimo-priemones","9":"product_cat-prisukami-virbalai","11":"first","12":"instock","13":"shipping-taxable","14":"purchasable","15":"product-type-variable"},"acf":[],"yoast_head":"<!-- This site is optimized with the Yoast SEO plugin v26.8 - https:\/\/yoast.com\/product\/yoast-seo-wordpress\/ -->\n<title>KA Seeknit Shirotake prisukami bambukiniai virbalai 5 cm - Happyinaknit.com<\/title>\n<meta name=\"robots\" content=\"index, follow, max-snippet:-1, max-image-preview:large, max-video-preview:-1\" \/>\n<link rel=\"canonical\" href=\"https:\/\/happyinaknit.com\/lt\/produktas\/ka-seeknit-shirotake-prisukami-bambukiniai-virbalai-5-cm\/\" \/>\n<meta property=\"og:locale\" content=\"lt_LT\" \/>\n<meta property=\"og:type\" content=\"article\" \/>\n<meta property=\"og:title\" content=\"KA Seeknit Shirotake prisukami bambukiniai virbalai 5 cm - Happyinaknit.com\" \/>\n<meta property=\"og:description\" content=\"Seeknit Shirotake \u2013 tai auk\u0161\u010diausios kokyb\u0117s japoni\u0161ki prisukami virbalai, pagaminti i\u0161 tvirto, lankstaus ir itin lengvo bambuko. Kiekvienas virbalas nupoliruotas nat\u016braliu va\u0161ku, tod\u0117l pavir\u0161ius visi\u0161kai lygus, o mezgimas \u2013 \u0161velnus ir malonus. Virbal\u0173 dyd\u017eiai i\u0161graviruoti lazeriu, tod\u0117l jie niekada nenusitrins. Kaip ir visos Seeknit sistemos, \u0161ie virbalai turi besisukan\u010dius jungtis, kurios apsaugo val\u0105 nuo persisukimo [&hellip;]\" \/>\n<meta property=\"og:url\" content=\"https:\/\/happyinaknit.com\/lt\/produktas\/ka-seeknit-shirotake-prisukami-bambukiniai-virbalai-5-cm\/\" \/>\n<meta property=\"og:site_name\" content=\"Happyinaknit.com\" \/>\n<meta property=\"article:modified_time\" content=\"2025-10-17T21:09:48+00:00\" \/>\n<meta property=\"og:image\" content=\"https:\/\/happyinaknit.com\/wp-content\/uploads\/2025\/10\/il_570xN.3709355970_3jk0.jpg.webp\" \/>\n\t<meta property=\"og:image:width\" content=\"570\" \/>\n\t<meta property=\"og:image:height\" content=\"570\" \/>\n\t<meta property=\"og:image:type\" content=\"image\/webp\" \/>\n<meta name=\"twitter:card\" content=\"summary_large_image\" \/>\n<meta name=\"twitter:label1\" content=\"Est. reading time\" \/>\n\t<meta name=\"twitter:data1\" content=\"1 minut\u0117\" \/>\n<script type=\"application\/ld+json\" class=\"yoast-schema-graph\">{\"@context\":\"https:\/\/schema.org\",\"@graph\":[{\"@type\":\"WebPage\",\"@id\":\"https:\/\/happyinaknit.com\/produktas\/ka-seeknit-shirotake-prisukami-bambukiniai-virbalai-5-cm\/\",\"url\":\"https:\/\/happyinaknit.com\/produktas\/ka-seeknit-shirotake-prisukami-bambukiniai-virbalai-5-cm\/\",\"name\":\"KA Seeknit Shirotake prisukami bambukiniai virbalai 5 cm - Happyinaknit.com\",\"isPartOf\":{\"@id\":\"https:\/\/happyinaknit.com\/lt\/#website\"},\"primaryImageOfPage\":{\"@id\":\"https:\/\/happyinaknit.com\/produktas\/ka-seeknit-shirotake-prisukami-bambukiniai-virbalai-5-cm\/#primaryimage\"},\"image\":{\"@id\":\"https:\/\/happyinaknit.com\/produktas\/ka-seeknit-shirotake-prisukami-bambukiniai-virbalai-5-cm\/#primaryimage\"},\"thumbnailUrl\":\"https:\/\/happyinaknit.com\/wp-content\/uploads\/2025\/10\/il_570xN.3709355970_3jk0.jpg.webp\",\"datePublished\":\"2025-10-17T21:09:47+00:00\",\"dateModified\":\"2025-10-17T21:09:48+00:00\",\"breadcrumb\":{\"@id\":\"https:\/\/happyinaknit.com\/produktas\/ka-seeknit-shirotake-prisukami-bambukiniai-virbalai-5-cm\/#breadcrumb\"},\"inLanguage\":\"lt-LT\",\"potentialAction\":[{\"@type\":\"ReadAction\",\"target\":[\"https:\/\/happyinaknit.com\/produktas\/ka-seeknit-shirotake-prisukami-bambukiniai-virbalai-5-cm\/\"]}]},{\"@type\":\"ImageObject\",\"inLanguage\":\"lt-LT\",\"@id\":\"https:\/\/happyinaknit.com\/produktas\/ka-seeknit-shirotake-prisukami-bambukiniai-virbalai-5-cm\/#primaryimage\",\"url\":\"https:\/\/happyinaknit.com\/wp-content\/uploads\/2025\/10\/il_570xN.3709355970_3jk0.jpg.webp\",\"contentUrl\":\"https:\/\/happyinaknit.com\/wp-content\/uploads\/2025\/10\/il_570xN.3709355970_3jk0.jpg.webp\",\"width\":570,\"height\":570},{\"@type\":\"BreadcrumbList\",\"@id\":\"https:\/\/happyinaknit.com\/produktas\/ka-seeknit-shirotake-prisukami-bambukiniai-virbalai-5-cm\/#breadcrumb\",\"itemListElement\":[{\"@type\":\"ListItem\",\"position\":1,\"name\":\"Home\",\"item\":\"https:\/\/happyinaknit.com\/lt\/\"},{\"@type\":\"ListItem\",\"position\":2,\"name\":\"Parduotuv\u0117\",\"item\":\"https:\/\/happyinaknit.com\/lt\/parduotuve\/\"},{\"@type\":\"ListItem\",\"position\":3,\"name\":\"KA Seeknit Shirotake prisukami bambukiniai virbalai 5 cm\"}]},{\"@type\":\"WebSite\",\"@id\":\"https:\/\/happyinaknit.com\/lt\/#website\",\"url\":\"https:\/\/happyinaknit.com\/lt\/\",\"name\":\"Happyinaknit.com\",\"description\":\"\",\"potentialAction\":[{\"@type\":\"SearchAction\",\"target\":{\"@type\":\"EntryPoint\",\"urlTemplate\":\"https:\/\/happyinaknit.com\/lt\/?s={search_term_string}\"},\"query-input\":{\"@type\":\"PropertyValueSpecification\",\"valueRequired\":true,\"valueName\":\"search_term_string\"}}],\"inLanguage\":\"lt-LT\"}]}<\/script>\n<!-- \/ Yoast SEO plugin. -->","yoast_head_json":{"title":"KA Seeknit Shirotake prisukami bambukiniai virbalai 5 cm - Happyinaknit.com","robots":{"index":"index","follow":"follow","max-snippet":"max-snippet:-1","max-image-preview":"max-image-preview:large","max-video-preview":"max-video-preview:-1"},"canonical":"https:\/\/happyinaknit.com\/lt\/produktas\/ka-seeknit-shirotake-prisukami-bambukiniai-virbalai-5-cm\/","og_locale":"lt_LT","og_type":"article","og_title":"KA Seeknit Shirotake prisukami bambukiniai virbalai 5 cm - Happyinaknit.com","og_description":"Seeknit Shirotake \u2013 tai auk\u0161\u010diausios kokyb\u0117s japoni\u0161ki prisukami virbalai, pagaminti i\u0161 tvirto, lankstaus ir itin lengvo bambuko. Kiekvienas virbalas nupoliruotas nat\u016braliu va\u0161ku, tod\u0117l pavir\u0161ius visi\u0161kai lygus, o mezgimas \u2013 \u0161velnus ir malonus. Virbal\u0173 dyd\u017eiai i\u0161graviruoti lazeriu, tod\u0117l jie niekada nenusitrins. Kaip ir visos Seeknit sistemos, \u0161ie virbalai turi besisukan\u010dius jungtis, kurios apsaugo val\u0105 nuo persisukimo [&hellip;]","og_url":"https:\/\/happyinaknit.com\/lt\/produktas\/ka-seeknit-shirotake-prisukami-bambukiniai-virbalai-5-cm\/","og_site_name":"Happyinaknit.com","article_modified_time":"2025-10-17T21:09:48+00:00","og_image":[{"width":570,"height":570,"url":"https:\/\/happyinaknit.com\/wp-content\/uploads\/2025\/10\/il_570xN.3709355970_3jk0.jpg.webp","type":"image\/webp"}],"twitter_card":"summary_large_image","twitter_misc":{"Est. reading time":"1 minut\u0117"},"schema":{"@context":"https:\/\/schema.org","@graph":[{"@type":"WebPage","@id":"https:\/\/happyinaknit.com\/produktas\/ka-seeknit-shirotake-prisukami-bambukiniai-virbalai-5-cm\/","url":"https:\/\/happyinaknit.com\/produktas\/ka-seeknit-shirotake-prisukami-bambukiniai-virbalai-5-cm\/","name":"KA Seeknit Shirotake prisukami bambukiniai virbalai 5 cm - Happyinaknit.com","isPartOf":{"@id":"https:\/\/happyinaknit.com\/lt\/#website"},"primaryImageOfPage":{"@id":"https:\/\/happyinaknit.com\/produktas\/ka-seeknit-shirotake-prisukami-bambukiniai-virbalai-5-cm\/#primaryimage"},"image":{"@id":"https:\/\/happyinaknit.com\/produktas\/ka-seeknit-shirotake-prisukami-bambukiniai-virbalai-5-cm\/#primaryimage"},"thumbnailUrl":"https:\/\/happyinaknit.com\/wp-content\/uploads\/2025\/10\/il_570xN.3709355970_3jk0.jpg.webp","datePublished":"2025-10-17T21:09:47+00:00","dateModified":"2025-10-17T21:09:48+00:00","breadcrumb":{"@id":"https:\/\/happyinaknit.com\/produktas\/ka-seeknit-shirotake-prisukami-bambukiniai-virbalai-5-cm\/#breadcrumb"},"inLanguage":"lt-LT","potentialAction":[{"@type":"ReadAction","target":["https:\/\/happyinaknit.com\/produktas\/ka-seeknit-shirotake-prisukami-bambukiniai-virbalai-5-cm\/"]}]},{"@type":"ImageObject","inLanguage":"lt-LT","@id":"https:\/\/happyinaknit.com\/produktas\/ka-seeknit-shirotake-prisukami-bambukiniai-virbalai-5-cm\/#primaryimage","url":"https:\/\/happyinaknit.com\/wp-content\/uploads\/2025\/10\/il_570xN.3709355970_3jk0.jpg.webp","contentUrl":"https:\/\/happyinaknit.com\/wp-content\/uploads\/2025\/10\/il_570xN.3709355970_3jk0.jpg.webp","width":570,"height":570},{"@type":"BreadcrumbList","@id":"https:\/\/happyinaknit.com\/produktas\/ka-seeknit-shirotake-prisukami-bambukiniai-virbalai-5-cm\/#breadcrumb","itemListElement":[{"@type":"ListItem","position":1,"name":"Home","item":"https:\/\/happyinaknit.com\/lt\/"},{"@type":"ListItem","position":2,"name":"Parduotuv\u0117","item":"https:\/\/happyinaknit.com\/lt\/parduotuve\/"},{"@type":"ListItem","position":3,"name":"KA Seeknit Shirotake prisukami bambukiniai virbalai 5 cm"}]},{"@type":"WebSite","@id":"https:\/\/happyinaknit.com\/lt\/#website","url":"https:\/\/happyinaknit.com\/lt\/","name":"Happyinaknit.com","description":"","potentialAction":[{"@type":"SearchAction","target":{"@type":"EntryPoint","urlTemplate":"https:\/\/happyinaknit.com\/lt\/?s={search_term_string}"},"query-input":{"@type":"PropertyValueSpecification","valueRequired":true,"valueName":"search_term_string"}}],"inLanguage":"lt-LT"}]}},"_links":{"self":[{"href":"https:\/\/happyinaknit.com\/lt\/wp-json\/wp\/v2\/product\/5666","targetHints":{"allow":["GET"]}}],"collection":[{"href":"https:\/\/happyinaknit.com\/lt\/wp-json\/wp\/v2\/product"}],"about":[{"href":"https:\/\/happyinaknit.com\/lt\/wp-json\/wp\/v2\/types\/product"}],"replies":[{"embeddable":true,"href":"https:\/\/happyinaknit.com\/lt\/wp-json\/wp\/v2\/comments?post=5666"}],"wp:featuredmedia":[{"embeddable":true,"href":"https:\/\/happyinaknit.com\/lt\/wp-json\/wp\/v2\/media\/5656"}],"wp:attachment":[{"href":"https:\/\/happyinaknit.com\/lt\/wp-json\/wp\/v2\/media?parent=5666"}],"wp:term":[{"taxonomy":"product_brand","embeddable":true,"href":"https:\/\/happyinaknit.com\/lt\/wp-json\/wp\/v2\/product_brand?post=5666"},{"taxonomy":"product_cat","embeddable":true,"href":"https:\/\/happyinaknit.com\/lt\/wp-json\/wp\/v2\/product_cat?post=5666"},{"taxonomy":"product_tag","embeddable":true,"href":"https:\/\/happyinaknit.com\/lt\/wp-json\/wp\/v2\/product_tag?post=5666"},{"taxonomy":"pro-kategorijos","embeddable":true,"href":"https:\/\/happyinaknit.com\/lt\/wp-json\/wp\/v2\/pro-kategorijos?post=5666"}],"curies":[{"name":"wp","href":"https:\/\/api.w.org\/{rel}","templated":true}]}}