{"id":5652,"date":"2025-10-17T21:02:09","date_gmt":"2025-10-17T21:02:09","guid":{"rendered":"https:\/\/happyinaknit.com\/?post_type=product&#038;p=5652"},"modified":"2025-11-02T07:09:44","modified_gmt":"2025-11-02T07:09:44","slug":"ka-seeknit-shirotake-japoniski-bambukiniai-virbalai-su-valu-50-cm","status":"publish","type":"product","link":"https:\/\/happyinaknit.com\/lt\/produktas\/ka-seeknit-shirotake-japoniski-bambukiniai-virbalai-su-valu-50-cm\/","title":{"rendered":"KA Seeknit Shirotake \u2013 japoni\u0161ki bambukiniai virbalai su valu 50 cm"},"content":{"rendered":"<p data-start=\"69\" data-end=\"319\"><strong data-start=\"69\" data-end=\"90\">Seeknit Shirotake<\/strong> \u2013 tai auk\u0161\u010diausios kokyb\u0117s japoni\u0161ki virbalai, pagaminti i\u0161 ypatingo tvirto ir elastingo bambuko. Kiekvienas virbalas kruop\u0161\u010diai nupoliruotas nat\u016braliu va\u0161ku, tod\u0117l pavir\u0161ius idealiai lygus \u2013 si\u016blai slysta lengvai ir tolygiai.<\/p>\n<p data-start=\"321\" data-end=\"547\">Ant virbal\u0173 i\u0161graviruoti dyd\u017eiai niekada nenusitrina, o visi <strong data-start=\"382\" data-end=\"393\">Seeknit<\/strong> apval\u016bs virbalai turi <strong data-start=\"416\" data-end=\"443\">s besisukan\u010diais valais<\/strong>, kurie apsaugo nuo susisukimo ir \u012flinkim\u0173. Patys valai \u2013 mink\u0161ti, plasti\u0161ki ir itin patog\u016bs mezgimui.<\/p>\n<p data-start=\"549\" data-end=\"563\"><strong data-start=\"549\" data-end=\"561\">Savyb\u0117s:<\/strong><\/p>\n<ul data-start=\"564\" data-end=\"880\">\n<li data-start=\"564\" data-end=\"615\">\n<p data-start=\"566\" data-end=\"615\">Pagaminti i\u0161 ypatingai tvirto japoni\u0161ko bambuko<\/p>\n<\/li>\n<li data-start=\"616\" data-end=\"674\">\n<p data-start=\"618\" data-end=\"674\">Idealiai lygus pavir\u0161ius, nupoliruotas nat\u016braliu va\u0161ku<\/p>\n<\/li>\n<li data-start=\"675\" data-end=\"727\">\n<p data-start=\"677\" data-end=\"727\">I\u0161graviruoti numeriai, kurie niekada nenusitrina<\/p>\n<\/li>\n<li data-start=\"728\" data-end=\"790\">\n<p data-start=\"730\" data-end=\"790\">Besisukantis valas \u2013 apsauga nuo \u012fsitempimo ir persisukimo<\/p>\n<\/li>\n<li data-start=\"791\" data-end=\"830\">\n<p data-start=\"793\" data-end=\"830\">Mink\u0161ti, lankst\u016bs ir patvar\u016bs valai<\/p>\n<\/li>\n<li data-start=\"831\" data-end=\"880\">\n<p data-start=\"833\" data-end=\"880\">Lengvi, \u0161ilti ir itin malon\u016bs laikyti rankoje<\/p>\n<\/li>\n<\/ul>\n<p data-start=\"882\" data-end=\"984\"><strong data-start=\"882\" data-end=\"895\">Med\u017eiaga:<\/strong> japoni\u0161kas bambukas<br data-start=\"915\" data-end=\"918\" \/><strong data-start=\"918\" data-end=\"928\">Tipas:<\/strong> apval\u016bs virbalai su valu<br data-start=\"953\" data-end=\"956\" \/><strong data-start=\"956\" data-end=\"973\">Kilm\u0117s \u0161alis:<\/strong> Japonija<\/p>\n<p data-start=\"986\" data-end=\"1074\" data-is-last-node=\"\" data-is-only-node=\"\"><strong data-start=\"986\" data-end=\"998\">Pastaba:<\/strong> spalv\u0173 atspalviai gali \u0161iek tiek skirtis priklausomai nuo \u012frenginio ekrano.<\/p>\n","protected":false},"excerpt":{"rendered":"<p>Seeknit Shirotake \u2013 tai auk\u0161\u010diausios kokyb\u0117s japoni\u0161ki virbalai, pagaminti i\u0161 ypatingo tvirto ir elastingo bambuko. Kiekvienas virbalas kruop\u0161\u010diai nupoliruotas nat\u016braliu va\u0161ku, tod\u0117l pavir\u0161ius idealiai lygus \u2013 si\u016blai slysta lengvai ir tolygiai. Ant virbal\u0173 i\u0161graviruoti dyd\u017eiai niekada nenusitrina, o visi Seeknit apval\u016bs virbalai turi s besisukan\u010diais valais, kurie apsaugo nuo susisukimo ir \u012flinkim\u0173. Patys valai \u2013 [&hellip;]<\/p>\n","protected":false},"featured_media":5657,"comment_status":"open","ping_status":"closed","template":"","meta":{"_acf_changed":false},"product_brand":[1068],"product_cat":[15,19,862],"product_tag":[],"pro-kategorijos":[],"class_list":{"0":"post-5652","1":"product","2":"type-product","3":"status-publish","4":"has-post-thumbnail","6":"product_brand-ka-seeknit","7":"product_cat-visi-produktai","8":"product_cat-mezgimo-priemones","9":"product_cat-virbalai-su-valu","11":"first","12":"instock","13":"shipping-taxable","14":"purchasable","15":"product-type-variable"},"acf":[],"yoast_head":"<!-- This site is optimized with the Yoast SEO plugin v26.8 - https:\/\/yoast.com\/product\/yoast-seo-wordpress\/ -->\n<title>KA Seeknit Shirotake \u2013 japoni\u0161ki bambukiniai virbalai su valu 50 cm - Happyinaknit.com<\/title>\n<meta name=\"robots\" content=\"index, follow, max-snippet:-1, max-image-preview:large, max-video-preview:-1\" \/>\n<link rel=\"canonical\" href=\"https:\/\/happyinaknit.com\/lt\/produktas\/ka-seeknit-shirotake-japoniski-bambukiniai-virbalai-su-valu-50-cm\/\" \/>\n<meta property=\"og:locale\" content=\"lt_LT\" \/>\n<meta property=\"og:type\" content=\"article\" \/>\n<meta property=\"og:title\" content=\"KA Seeknit Shirotake \u2013 japoni\u0161ki bambukiniai virbalai su valu 50 cm - Happyinaknit.com\" \/>\n<meta property=\"og:description\" content=\"Seeknit Shirotake \u2013 tai auk\u0161\u010diausios kokyb\u0117s japoni\u0161ki virbalai, pagaminti i\u0161 ypatingo tvirto ir elastingo bambuko. Kiekvienas virbalas kruop\u0161\u010diai nupoliruotas nat\u016braliu va\u0161ku, tod\u0117l pavir\u0161ius idealiai lygus \u2013 si\u016blai slysta lengvai ir tolygiai. Ant virbal\u0173 i\u0161graviruoti dyd\u017eiai niekada nenusitrina, o visi Seeknit apval\u016bs virbalai turi s besisukan\u010diais valais, kurie apsaugo nuo susisukimo ir \u012flinkim\u0173. Patys valai \u2013 [&hellip;]\" \/>\n<meta property=\"og:url\" content=\"https:\/\/happyinaknit.com\/lt\/produktas\/ka-seeknit-shirotake-japoniski-bambukiniai-virbalai-su-valu-50-cm\/\" \/>\n<meta property=\"og:site_name\" content=\"Happyinaknit.com\" \/>\n<meta property=\"article:modified_time\" content=\"2025-11-02T07:09:44+00:00\" \/>\n<meta property=\"og:image\" content=\"https:\/\/happyinaknit.com\/wp-content\/uploads\/2025\/10\/il_fullxfull.3709396310_np55.jpg.webp\" \/>\n\t<meta property=\"og:image:width\" content=\"2000\" \/>\n\t<meta property=\"og:image:height\" content=\"2000\" \/>\n\t<meta property=\"og:image:type\" content=\"image\/webp\" \/>\n<meta name=\"twitter:card\" content=\"summary_large_image\" \/>\n<meta name=\"twitter:label1\" content=\"Est. reading time\" \/>\n\t<meta name=\"twitter:data1\" content=\"1 minut\u0117\" \/>\n<script type=\"application\/ld+json\" class=\"yoast-schema-graph\">{\"@context\":\"https:\/\/schema.org\",\"@graph\":[{\"@type\":\"WebPage\",\"@id\":\"https:\/\/happyinaknit.com\/produktas\/ka-seeknit-shirotake-japoniski-bambukiniai-virbalai-su-valu-50-cm\/\",\"url\":\"https:\/\/happyinaknit.com\/produktas\/ka-seeknit-shirotake-japoniski-bambukiniai-virbalai-su-valu-50-cm\/\",\"name\":\"KA Seeknit Shirotake \u2013 japoni\u0161ki bambukiniai virbalai su valu 50 cm - Happyinaknit.com\",\"isPartOf\":{\"@id\":\"https:\/\/happyinaknit.com\/lt\/#website\"},\"primaryImageOfPage\":{\"@id\":\"https:\/\/happyinaknit.com\/produktas\/ka-seeknit-shirotake-japoniski-bambukiniai-virbalai-su-valu-50-cm\/#primaryimage\"},\"image\":{\"@id\":\"https:\/\/happyinaknit.com\/produktas\/ka-seeknit-shirotake-japoniski-bambukiniai-virbalai-su-valu-50-cm\/#primaryimage\"},\"thumbnailUrl\":\"https:\/\/happyinaknit.com\/wp-content\/uploads\/2025\/10\/il_fullxfull.3709396310_np55.jpg.webp\",\"datePublished\":\"2025-10-17T21:02:09+00:00\",\"dateModified\":\"2025-11-02T07:09:44+00:00\",\"breadcrumb\":{\"@id\":\"https:\/\/happyinaknit.com\/produktas\/ka-seeknit-shirotake-japoniski-bambukiniai-virbalai-su-valu-50-cm\/#breadcrumb\"},\"inLanguage\":\"lt-LT\",\"potentialAction\":[{\"@type\":\"ReadAction\",\"target\":[\"https:\/\/happyinaknit.com\/produktas\/ka-seeknit-shirotake-japoniski-bambukiniai-virbalai-su-valu-50-cm\/\"]}]},{\"@type\":\"ImageObject\",\"inLanguage\":\"lt-LT\",\"@id\":\"https:\/\/happyinaknit.com\/produktas\/ka-seeknit-shirotake-japoniski-bambukiniai-virbalai-su-valu-50-cm\/#primaryimage\",\"url\":\"https:\/\/happyinaknit.com\/wp-content\/uploads\/2025\/10\/il_fullxfull.3709396310_np55.jpg.webp\",\"contentUrl\":\"https:\/\/happyinaknit.com\/wp-content\/uploads\/2025\/10\/il_fullxfull.3709396310_np55.jpg.webp\",\"width\":2000,\"height\":2000},{\"@type\":\"BreadcrumbList\",\"@id\":\"https:\/\/happyinaknit.com\/produktas\/ka-seeknit-shirotake-japoniski-bambukiniai-virbalai-su-valu-50-cm\/#breadcrumb\",\"itemListElement\":[{\"@type\":\"ListItem\",\"position\":1,\"name\":\"Home\",\"item\":\"https:\/\/happyinaknit.com\/lt\/\"},{\"@type\":\"ListItem\",\"position\":2,\"name\":\"Parduotuv\u0117\",\"item\":\"https:\/\/happyinaknit.com\/lt\/parduotuve\/\"},{\"@type\":\"ListItem\",\"position\":3,\"name\":\"KA Seeknit Shirotake \u2013 japoni\u0161ki bambukiniai virbalai su valu 50 cm\"}]},{\"@type\":\"WebSite\",\"@id\":\"https:\/\/happyinaknit.com\/lt\/#website\",\"url\":\"https:\/\/happyinaknit.com\/lt\/\",\"name\":\"Happyinaknit.com\",\"description\":\"\",\"potentialAction\":[{\"@type\":\"SearchAction\",\"target\":{\"@type\":\"EntryPoint\",\"urlTemplate\":\"https:\/\/happyinaknit.com\/lt\/?s={search_term_string}\"},\"query-input\":{\"@type\":\"PropertyValueSpecification\",\"valueRequired\":true,\"valueName\":\"search_term_string\"}}],\"inLanguage\":\"lt-LT\"}]}<\/script>\n<!-- \/ Yoast SEO plugin. -->","yoast_head_json":{"title":"KA Seeknit Shirotake \u2013 japoni\u0161ki bambukiniai virbalai su valu 50 cm - Happyinaknit.com","robots":{"index":"index","follow":"follow","max-snippet":"max-snippet:-1","max-image-preview":"max-image-preview:large","max-video-preview":"max-video-preview:-1"},"canonical":"https:\/\/happyinaknit.com\/lt\/produktas\/ka-seeknit-shirotake-japoniski-bambukiniai-virbalai-su-valu-50-cm\/","og_locale":"lt_LT","og_type":"article","og_title":"KA Seeknit Shirotake \u2013 japoni\u0161ki bambukiniai virbalai su valu 50 cm - Happyinaknit.com","og_description":"Seeknit Shirotake \u2013 tai auk\u0161\u010diausios kokyb\u0117s japoni\u0161ki virbalai, pagaminti i\u0161 ypatingo tvirto ir elastingo bambuko. Kiekvienas virbalas kruop\u0161\u010diai nupoliruotas nat\u016braliu va\u0161ku, tod\u0117l pavir\u0161ius idealiai lygus \u2013 si\u016blai slysta lengvai ir tolygiai. Ant virbal\u0173 i\u0161graviruoti dyd\u017eiai niekada nenusitrina, o visi Seeknit apval\u016bs virbalai turi s besisukan\u010diais valais, kurie apsaugo nuo susisukimo ir \u012flinkim\u0173. Patys valai \u2013 [&hellip;]","og_url":"https:\/\/happyinaknit.com\/lt\/produktas\/ka-seeknit-shirotake-japoniski-bambukiniai-virbalai-su-valu-50-cm\/","og_site_name":"Happyinaknit.com","article_modified_time":"2025-11-02T07:09:44+00:00","og_image":[{"width":2000,"height":2000,"url":"https:\/\/happyinaknit.com\/wp-content\/uploads\/2025\/10\/il_fullxfull.3709396310_np55.jpg.webp","type":"image\/webp"}],"twitter_card":"summary_large_image","twitter_misc":{"Est. reading time":"1 minut\u0117"},"schema":{"@context":"https:\/\/schema.org","@graph":[{"@type":"WebPage","@id":"https:\/\/happyinaknit.com\/produktas\/ka-seeknit-shirotake-japoniski-bambukiniai-virbalai-su-valu-50-cm\/","url":"https:\/\/happyinaknit.com\/produktas\/ka-seeknit-shirotake-japoniski-bambukiniai-virbalai-su-valu-50-cm\/","name":"KA Seeknit Shirotake \u2013 japoni\u0161ki bambukiniai virbalai su valu 50 cm - Happyinaknit.com","isPartOf":{"@id":"https:\/\/happyinaknit.com\/lt\/#website"},"primaryImageOfPage":{"@id":"https:\/\/happyinaknit.com\/produktas\/ka-seeknit-shirotake-japoniski-bambukiniai-virbalai-su-valu-50-cm\/#primaryimage"},"image":{"@id":"https:\/\/happyinaknit.com\/produktas\/ka-seeknit-shirotake-japoniski-bambukiniai-virbalai-su-valu-50-cm\/#primaryimage"},"thumbnailUrl":"https:\/\/happyinaknit.com\/wp-content\/uploads\/2025\/10\/il_fullxfull.3709396310_np55.jpg.webp","datePublished":"2025-10-17T21:02:09+00:00","dateModified":"2025-11-02T07:09:44+00:00","breadcrumb":{"@id":"https:\/\/happyinaknit.com\/produktas\/ka-seeknit-shirotake-japoniski-bambukiniai-virbalai-su-valu-50-cm\/#breadcrumb"},"inLanguage":"lt-LT","potentialAction":[{"@type":"ReadAction","target":["https:\/\/happyinaknit.com\/produktas\/ka-seeknit-shirotake-japoniski-bambukiniai-virbalai-su-valu-50-cm\/"]}]},{"@type":"ImageObject","inLanguage":"lt-LT","@id":"https:\/\/happyinaknit.com\/produktas\/ka-seeknit-shirotake-japoniski-bambukiniai-virbalai-su-valu-50-cm\/#primaryimage","url":"https:\/\/happyinaknit.com\/wp-content\/uploads\/2025\/10\/il_fullxfull.3709396310_np55.jpg.webp","contentUrl":"https:\/\/happyinaknit.com\/wp-content\/uploads\/2025\/10\/il_fullxfull.3709396310_np55.jpg.webp","width":2000,"height":2000},{"@type":"BreadcrumbList","@id":"https:\/\/happyinaknit.com\/produktas\/ka-seeknit-shirotake-japoniski-bambukiniai-virbalai-su-valu-50-cm\/#breadcrumb","itemListElement":[{"@type":"ListItem","position":1,"name":"Home","item":"https:\/\/happyinaknit.com\/lt\/"},{"@type":"ListItem","position":2,"name":"Parduotuv\u0117","item":"https:\/\/happyinaknit.com\/lt\/parduotuve\/"},{"@type":"ListItem","position":3,"name":"KA Seeknit Shirotake \u2013 japoni\u0161ki bambukiniai virbalai su valu 50 cm"}]},{"@type":"WebSite","@id":"https:\/\/happyinaknit.com\/lt\/#website","url":"https:\/\/happyinaknit.com\/lt\/","name":"Happyinaknit.com","description":"","potentialAction":[{"@type":"SearchAction","target":{"@type":"EntryPoint","urlTemplate":"https:\/\/happyinaknit.com\/lt\/?s={search_term_string}"},"query-input":{"@type":"PropertyValueSpecification","valueRequired":true,"valueName":"search_term_string"}}],"inLanguage":"lt-LT"}]}},"_links":{"self":[{"href":"https:\/\/happyinaknit.com\/lt\/wp-json\/wp\/v2\/product\/5652","targetHints":{"allow":["GET"]}}],"collection":[{"href":"https:\/\/happyinaknit.com\/lt\/wp-json\/wp\/v2\/product"}],"about":[{"href":"https:\/\/happyinaknit.com\/lt\/wp-json\/wp\/v2\/types\/product"}],"replies":[{"embeddable":true,"href":"https:\/\/happyinaknit.com\/lt\/wp-json\/wp\/v2\/comments?post=5652"}],"wp:featuredmedia":[{"embeddable":true,"href":"https:\/\/happyinaknit.com\/lt\/wp-json\/wp\/v2\/media\/5657"}],"wp:attachment":[{"href":"https:\/\/happyinaknit.com\/lt\/wp-json\/wp\/v2\/media?parent=5652"}],"wp:term":[{"taxonomy":"product_brand","embeddable":true,"href":"https:\/\/happyinaknit.com\/lt\/wp-json\/wp\/v2\/product_brand?post=5652"},{"taxonomy":"product_cat","embeddable":true,"href":"https:\/\/happyinaknit.com\/lt\/wp-json\/wp\/v2\/product_cat?post=5652"},{"taxonomy":"product_tag","embeddable":true,"href":"https:\/\/happyinaknit.com\/lt\/wp-json\/wp\/v2\/product_tag?post=5652"},{"taxonomy":"pro-kategorijos","embeddable":true,"href":"https:\/\/happyinaknit.com\/lt\/wp-json\/wp\/v2\/pro-kategorijos?post=5652"}],"curies":[{"name":"wp","href":"https:\/\/api.w.org\/{rel}","templated":true}]}}