{"id":5638,"date":"2025-10-17T18:38:24","date_gmt":"2025-10-17T18:38:24","guid":{"rendered":"https:\/\/happyinaknit.com\/?post_type=product&#038;p=5638"},"modified":"2026-03-26T14:49:46","modified_gmt":"2026-03-26T14:49:46","slug":"addi-mystic-sock-lace-kojininiai-virbalai-15-cm","status":"publish","type":"product","link":"https:\/\/happyinaknit.com\/lt\/produktas\/addi-mystic-sock-lace-kojininiai-virbalai-15-cm\/","title":{"rendered":"Addi Mystic Sock Lace kojininiai virbalai 15,5 cm"},"content":{"rendered":"<p data-start=\"67\" data-end=\"375\"><strong data-start=\"67\" data-end=\"92\">Addi Mystic Sock Lace<\/strong> \u2013 tai auk\u0161tos kokyb\u0117s kojini\u0173 mezgimo virbalai, pagaminti i\u0161 tvirto aliuminio ir padengti misti\u0161kai \u017evilgan\u010dia daugiaspalve anoduota danga. \u0160ie virbalai turi itin plonus \u201elace\u201c tipo galiukus, tod\u0117l akys slysta lengvai, o sud\u0117tingi ra\u0161tai ir smulkios detal\u0117s mezgasi ypa\u010d tiksliai.<\/p>\n<p data-start=\"377\" data-end=\"530\">Tamsiai \u017evilganti virbal\u0173 spalva sukuria puik\u0173 kontrast\u0105 \u0161viesiai si\u016bl\u0173 spalvai, o j\u0173 tvirtas metalinis pagrindas u\u017etikrina ilgaam\u017ei\u0161kum\u0105 ir stabilum\u0105.<\/p>\n<p data-start=\"692\" data-end=\"706\"><strong data-start=\"692\" data-end=\"704\">Savyb\u0117s:<\/strong><\/p>\n<ul data-start=\"707\" data-end=\"937\">\n<li data-start=\"707\" data-end=\"747\">\n<p data-start=\"709\" data-end=\"747\">Mistin\u0117, daugiaspalv\u0117 anoduota danga<\/p>\n<\/li>\n<li data-start=\"748\" data-end=\"796\">\n<p data-start=\"750\" data-end=\"796\">Itin ploni \u201elace\u201c galiukai tiksliam mezgimui<\/p>\n<\/li>\n<li data-start=\"797\" data-end=\"840\">\n<p data-start=\"799\" data-end=\"840\">Patogus slydimas net su plonais si\u016blais<\/p>\n<\/li>\n<li data-start=\"841\" data-end=\"871\">\n<p data-start=\"843\" data-end=\"871\">Tvirtas, ilgaam\u017eis metalas<\/p>\n<\/li>\n<li data-start=\"872\" data-end=\"937\">\n<p data-start=\"874\" data-end=\"937\">Idealiai tinka smulkiems ra\u0161tams, kojin\u0117ms ir detal\u0117ms megzti<\/p>\n<\/li>\n<\/ul>\n<p data-start=\"532\" data-end=\"690\"><strong data-start=\"532\" data-end=\"545\">Med\u017eiaga:<\/strong> anoduotas aliuminis (multicolour)<br data-start=\"579\" data-end=\"582\" \/><strong data-start=\"582\" data-end=\"592\">Ilgis:<\/strong> 15,5 cm<br data-start=\"598\" data-end=\"601\" \/><strong data-start=\"601\" data-end=\"611\">Tipas:<\/strong> kojininiai virbalai (\u201edouble pointed needles\u201c)<br data-start=\"658\" data-end=\"661\" \/><strong data-start=\"661\" data-end=\"678\" data-is-only-node=\"\">Kilm\u0117s \u0161alis:<\/strong> Vokietija<\/p>\n<p data-start=\"692\" data-end=\"706\"><strong data-start=\"939\" data-end=\"951\">Pastaba:<\/strong> spalv\u0173 atspalviai gali \u0161iek tiek skirtis priklausomai nuo \u012frenginio ekrano.<\/p>\n","protected":false},"excerpt":{"rendered":"<p>Addi Mystic Sock Lace \u2013 tai auk\u0161tos kokyb\u0117s kojini\u0173 mezgimo virbalai, pagaminti i\u0161 tvirto aliuminio ir padengti misti\u0161kai \u017evilgan\u010dia daugiaspalve anoduota danga. \u0160ie virbalai turi itin plonus \u201elace\u201c tipo galiukus, tod\u0117l akys slysta lengvai, o sud\u0117tingi ra\u0161tai ir smulkios detal\u0117s mezgasi ypa\u010d tiksliai. Tamsiai \u017evilganti virbal\u0173 spalva sukuria puik\u0173 kontrast\u0105 \u0161viesiai si\u016bl\u0173 spalvai, o j\u0173 [&hellip;]<\/p>\n","protected":false},"featured_media":5639,"comment_status":"open","ping_status":"closed","template":"","meta":{"_acf_changed":false},"product_brand":[786],"product_cat":[15,19,865],"product_tag":[],"pro-kategorijos":[],"class_list":{"0":"post-5638","1":"product","2":"type-product","3":"status-publish","4":"has-post-thumbnail","6":"product_brand-addi","7":"product_cat-visi-produktai","8":"product_cat-mezgimo-priemones","9":"product_cat-virbalai-kojinems","11":"first","12":"instock","13":"shipping-taxable","14":"purchasable","15":"product-type-variable"},"acf":[],"yoast_head":"<!-- This site is optimized with the Yoast SEO plugin v26.8 - https:\/\/yoast.com\/product\/yoast-seo-wordpress\/ -->\n<title>Addi Mystic Sock Lace kojininiai virbalai 15,5 cm - Happyinaknit.com<\/title>\n<meta name=\"robots\" content=\"index, follow, max-snippet:-1, max-image-preview:large, max-video-preview:-1\" \/>\n<link rel=\"canonical\" href=\"https:\/\/happyinaknit.com\/lt\/produktas\/addi-mystic-sock-lace-kojininiai-virbalai-15-cm\/\" \/>\n<meta property=\"og:locale\" content=\"lt_LT\" \/>\n<meta property=\"og:type\" content=\"article\" \/>\n<meta property=\"og:title\" content=\"Addi Mystic Sock Lace kojininiai virbalai 15,5 cm - Happyinaknit.com\" \/>\n<meta property=\"og:description\" content=\"Addi Mystic Sock Lace \u2013 tai auk\u0161tos kokyb\u0117s kojini\u0173 mezgimo virbalai, pagaminti i\u0161 tvirto aliuminio ir padengti misti\u0161kai \u017evilgan\u010dia daugiaspalve anoduota danga. \u0160ie virbalai turi itin plonus \u201elace\u201c tipo galiukus, tod\u0117l akys slysta lengvai, o sud\u0117tingi ra\u0161tai ir smulkios detal\u0117s mezgasi ypa\u010d tiksliai. Tamsiai \u017evilganti virbal\u0173 spalva sukuria puik\u0173 kontrast\u0105 \u0161viesiai si\u016bl\u0173 spalvai, o j\u0173 [&hellip;]\" \/>\n<meta property=\"og:url\" content=\"https:\/\/happyinaknit.com\/lt\/produktas\/addi-mystic-sock-lace-kojininiai-virbalai-15-cm\/\" \/>\n<meta property=\"og:site_name\" content=\"Happyinaknit.com\" \/>\n<meta property=\"article:modified_time\" content=\"2026-03-26T14:49:46+00:00\" \/>\n<meta property=\"og:image\" content=\"https:\/\/happyinaknit.com\/wp-content\/uploads\/2025\/10\/1_35e64097-ea09-4317-aa15-5fec523b9b48.png.webp\" \/>\n\t<meta property=\"og:image:width\" content=\"720\" \/>\n\t<meta property=\"og:image:height\" content=\"720\" \/>\n\t<meta property=\"og:image:type\" content=\"image\/webp\" \/>\n<meta name=\"twitter:card\" content=\"summary_large_image\" \/>\n<meta name=\"twitter:label1\" content=\"Est. reading time\" \/>\n\t<meta name=\"twitter:data1\" content=\"1 minut\u0117\" \/>\n<script type=\"application\/ld+json\" class=\"yoast-schema-graph\">{\"@context\":\"https:\/\/schema.org\",\"@graph\":[{\"@type\":\"WebPage\",\"@id\":\"https:\/\/happyinaknit.com\/produktas\/addi-mystic-sock-lace-kojininiai-virbalai-15-cm\/\",\"url\":\"https:\/\/happyinaknit.com\/produktas\/addi-mystic-sock-lace-kojininiai-virbalai-15-cm\/\",\"name\":\"Addi Mystic Sock Lace kojininiai virbalai 15,5 cm - Happyinaknit.com\",\"isPartOf\":{\"@id\":\"https:\/\/happyinaknit.com\/lt\/#website\"},\"primaryImageOfPage\":{\"@id\":\"https:\/\/happyinaknit.com\/produktas\/addi-mystic-sock-lace-kojininiai-virbalai-15-cm\/#primaryimage\"},\"image\":{\"@id\":\"https:\/\/happyinaknit.com\/produktas\/addi-mystic-sock-lace-kojininiai-virbalai-15-cm\/#primaryimage\"},\"thumbnailUrl\":\"https:\/\/happyinaknit.com\/wp-content\/uploads\/2025\/10\/1_35e64097-ea09-4317-aa15-5fec523b9b48.png.webp\",\"datePublished\":\"2025-10-17T18:38:24+00:00\",\"dateModified\":\"2026-03-26T14:49:46+00:00\",\"breadcrumb\":{\"@id\":\"https:\/\/happyinaknit.com\/produktas\/addi-mystic-sock-lace-kojininiai-virbalai-15-cm\/#breadcrumb\"},\"inLanguage\":\"lt-LT\",\"potentialAction\":[{\"@type\":\"ReadAction\",\"target\":[\"https:\/\/happyinaknit.com\/produktas\/addi-mystic-sock-lace-kojininiai-virbalai-15-cm\/\"]}]},{\"@type\":\"ImageObject\",\"inLanguage\":\"lt-LT\",\"@id\":\"https:\/\/happyinaknit.com\/produktas\/addi-mystic-sock-lace-kojininiai-virbalai-15-cm\/#primaryimage\",\"url\":\"https:\/\/happyinaknit.com\/wp-content\/uploads\/2025\/10\/1_35e64097-ea09-4317-aa15-5fec523b9b48.png.webp\",\"contentUrl\":\"https:\/\/happyinaknit.com\/wp-content\/uploads\/2025\/10\/1_35e64097-ea09-4317-aa15-5fec523b9b48.png.webp\",\"width\":720,\"height\":720},{\"@type\":\"BreadcrumbList\",\"@id\":\"https:\/\/happyinaknit.com\/produktas\/addi-mystic-sock-lace-kojininiai-virbalai-15-cm\/#breadcrumb\",\"itemListElement\":[{\"@type\":\"ListItem\",\"position\":1,\"name\":\"Home\",\"item\":\"https:\/\/happyinaknit.com\/lt\/\"},{\"@type\":\"ListItem\",\"position\":2,\"name\":\"Parduotuv\u0117\",\"item\":\"https:\/\/happyinaknit.com\/lt\/parduotuve\/\"},{\"@type\":\"ListItem\",\"position\":3,\"name\":\"Addi Mystic Sock Lace kojininiai virbalai 15,5 cm\"}]},{\"@type\":\"WebSite\",\"@id\":\"https:\/\/happyinaknit.com\/lt\/#website\",\"url\":\"https:\/\/happyinaknit.com\/lt\/\",\"name\":\"Happyinaknit.com\",\"description\":\"\",\"potentialAction\":[{\"@type\":\"SearchAction\",\"target\":{\"@type\":\"EntryPoint\",\"urlTemplate\":\"https:\/\/happyinaknit.com\/lt\/?s={search_term_string}\"},\"query-input\":{\"@type\":\"PropertyValueSpecification\",\"valueRequired\":true,\"valueName\":\"search_term_string\"}}],\"inLanguage\":\"lt-LT\"}]}<\/script>\n<!-- \/ Yoast SEO plugin. -->","yoast_head_json":{"title":"Addi Mystic Sock Lace kojininiai virbalai 15,5 cm - Happyinaknit.com","robots":{"index":"index","follow":"follow","max-snippet":"max-snippet:-1","max-image-preview":"max-image-preview:large","max-video-preview":"max-video-preview:-1"},"canonical":"https:\/\/happyinaknit.com\/lt\/produktas\/addi-mystic-sock-lace-kojininiai-virbalai-15-cm\/","og_locale":"lt_LT","og_type":"article","og_title":"Addi Mystic Sock Lace kojininiai virbalai 15,5 cm - Happyinaknit.com","og_description":"Addi Mystic Sock Lace \u2013 tai auk\u0161tos kokyb\u0117s kojini\u0173 mezgimo virbalai, pagaminti i\u0161 tvirto aliuminio ir padengti misti\u0161kai \u017evilgan\u010dia daugiaspalve anoduota danga. \u0160ie virbalai turi itin plonus \u201elace\u201c tipo galiukus, tod\u0117l akys slysta lengvai, o sud\u0117tingi ra\u0161tai ir smulkios detal\u0117s mezgasi ypa\u010d tiksliai. Tamsiai \u017evilganti virbal\u0173 spalva sukuria puik\u0173 kontrast\u0105 \u0161viesiai si\u016bl\u0173 spalvai, o j\u0173 [&hellip;]","og_url":"https:\/\/happyinaknit.com\/lt\/produktas\/addi-mystic-sock-lace-kojininiai-virbalai-15-cm\/","og_site_name":"Happyinaknit.com","article_modified_time":"2026-03-26T14:49:46+00:00","og_image":[{"width":720,"height":720,"url":"https:\/\/happyinaknit.com\/wp-content\/uploads\/2025\/10\/1_35e64097-ea09-4317-aa15-5fec523b9b48.png.webp","type":"image\/webp"}],"twitter_card":"summary_large_image","twitter_misc":{"Est. reading time":"1 minut\u0117"},"schema":{"@context":"https:\/\/schema.org","@graph":[{"@type":"WebPage","@id":"https:\/\/happyinaknit.com\/produktas\/addi-mystic-sock-lace-kojininiai-virbalai-15-cm\/","url":"https:\/\/happyinaknit.com\/produktas\/addi-mystic-sock-lace-kojininiai-virbalai-15-cm\/","name":"Addi Mystic Sock Lace kojininiai virbalai 15,5 cm - Happyinaknit.com","isPartOf":{"@id":"https:\/\/happyinaknit.com\/lt\/#website"},"primaryImageOfPage":{"@id":"https:\/\/happyinaknit.com\/produktas\/addi-mystic-sock-lace-kojininiai-virbalai-15-cm\/#primaryimage"},"image":{"@id":"https:\/\/happyinaknit.com\/produktas\/addi-mystic-sock-lace-kojininiai-virbalai-15-cm\/#primaryimage"},"thumbnailUrl":"https:\/\/happyinaknit.com\/wp-content\/uploads\/2025\/10\/1_35e64097-ea09-4317-aa15-5fec523b9b48.png.webp","datePublished":"2025-10-17T18:38:24+00:00","dateModified":"2026-03-26T14:49:46+00:00","breadcrumb":{"@id":"https:\/\/happyinaknit.com\/produktas\/addi-mystic-sock-lace-kojininiai-virbalai-15-cm\/#breadcrumb"},"inLanguage":"lt-LT","potentialAction":[{"@type":"ReadAction","target":["https:\/\/happyinaknit.com\/produktas\/addi-mystic-sock-lace-kojininiai-virbalai-15-cm\/"]}]},{"@type":"ImageObject","inLanguage":"lt-LT","@id":"https:\/\/happyinaknit.com\/produktas\/addi-mystic-sock-lace-kojininiai-virbalai-15-cm\/#primaryimage","url":"https:\/\/happyinaknit.com\/wp-content\/uploads\/2025\/10\/1_35e64097-ea09-4317-aa15-5fec523b9b48.png.webp","contentUrl":"https:\/\/happyinaknit.com\/wp-content\/uploads\/2025\/10\/1_35e64097-ea09-4317-aa15-5fec523b9b48.png.webp","width":720,"height":720},{"@type":"BreadcrumbList","@id":"https:\/\/happyinaknit.com\/produktas\/addi-mystic-sock-lace-kojininiai-virbalai-15-cm\/#breadcrumb","itemListElement":[{"@type":"ListItem","position":1,"name":"Home","item":"https:\/\/happyinaknit.com\/lt\/"},{"@type":"ListItem","position":2,"name":"Parduotuv\u0117","item":"https:\/\/happyinaknit.com\/lt\/parduotuve\/"},{"@type":"ListItem","position":3,"name":"Addi Mystic Sock Lace kojininiai virbalai 15,5 cm"}]},{"@type":"WebSite","@id":"https:\/\/happyinaknit.com\/lt\/#website","url":"https:\/\/happyinaknit.com\/lt\/","name":"Happyinaknit.com","description":"","potentialAction":[{"@type":"SearchAction","target":{"@type":"EntryPoint","urlTemplate":"https:\/\/happyinaknit.com\/lt\/?s={search_term_string}"},"query-input":{"@type":"PropertyValueSpecification","valueRequired":true,"valueName":"search_term_string"}}],"inLanguage":"lt-LT"}]}},"_links":{"self":[{"href":"https:\/\/happyinaknit.com\/lt\/wp-json\/wp\/v2\/product\/5638","targetHints":{"allow":["GET"]}}],"collection":[{"href":"https:\/\/happyinaknit.com\/lt\/wp-json\/wp\/v2\/product"}],"about":[{"href":"https:\/\/happyinaknit.com\/lt\/wp-json\/wp\/v2\/types\/product"}],"replies":[{"embeddable":true,"href":"https:\/\/happyinaknit.com\/lt\/wp-json\/wp\/v2\/comments?post=5638"}],"wp:featuredmedia":[{"embeddable":true,"href":"https:\/\/happyinaknit.com\/lt\/wp-json\/wp\/v2\/media\/5639"}],"wp:attachment":[{"href":"https:\/\/happyinaknit.com\/lt\/wp-json\/wp\/v2\/media?parent=5638"}],"wp:term":[{"taxonomy":"product_brand","embeddable":true,"href":"https:\/\/happyinaknit.com\/lt\/wp-json\/wp\/v2\/product_brand?post=5638"},{"taxonomy":"product_cat","embeddable":true,"href":"https:\/\/happyinaknit.com\/lt\/wp-json\/wp\/v2\/product_cat?post=5638"},{"taxonomy":"product_tag","embeddable":true,"href":"https:\/\/happyinaknit.com\/lt\/wp-json\/wp\/v2\/product_tag?post=5638"},{"taxonomy":"pro-kategorijos","embeddable":true,"href":"https:\/\/happyinaknit.com\/lt\/wp-json\/wp\/v2\/pro-kategorijos?post=5638"}],"curies":[{"name":"wp","href":"https:\/\/api.w.org\/{rel}","templated":true}]}}