{"id":5597,"date":"2025-10-16T22:58:04","date_gmt":"2025-10-16T22:58:04","guid":{"rendered":"https:\/\/happyinaknit.com\/?post_type=product&#038;p=5597"},"modified":"2025-10-19T15:44:21","modified_gmt":"2025-10-19T15:44:21","slug":"pro-lana-mediniai-kojiniu-blokatoriai","status":"publish","type":"product","link":"https:\/\/happyinaknit.com\/lt\/produktas\/pro-lana-mediniai-kojiniu-blokatoriai\/","title":{"rendered":"Pro Lana mediniai kojini\u0173 blokatoriai"},"content":{"rendered":"<p data-start=\"47\" data-end=\"305\"><strong data-start=\"47\" data-end=\"59\">Pro Lana<\/strong> blokatoriai kojin\u0117ms \u2013 tai auk\u0161tos kokyb\u0117s mediniai \u012frankiai, skirti dailiam megzt\u0173 kojini\u0173 formavimui ir d\u017eiovinimui. Jie padeda i\u0161laikyti tobul\u0105 form\u0105 po skalbimo ar blokavimo, kad j\u016bs\u0173 rank\u0173 darbo kojin\u0117s visada atrodyt\u0173 profesionaliai.<\/p>\n<p data-start=\"307\" data-end=\"554\">Pagaminti i\u0161 <strong data-start=\"320\" data-end=\"352\">nat\u016bralios, tvirtos medienos<\/strong>, \u0161ie blokatoriai yra ne tik funkcional\u016bs, bet ir esteti\u0161ki.<br data-start=\"412\" data-end=\"415\" \/>Papildomas privalumas \u2013 <strong data-start=\"439\" data-end=\"496\">ant j\u0173 galima matuoti mezgimo tankum\u0105 ir virbal\u0173 dyd\u012f<\/strong>, tod\u0117l tai itin prakti\u0161kas \u012frankis kiekvienai mezg\u0117jai.<\/p>\n<p data-start=\"561\" data-end=\"575\"><strong data-start=\"561\" data-end=\"573\">Savyb\u0117s:<\/strong><\/p>\n<ul data-start=\"576\" data-end=\"800\">\n<li data-start=\"576\" data-end=\"617\">\n<p data-start=\"578\" data-end=\"617\">Pagaminti i\u0161 auk\u0161tos kokyb\u0117s medienos<\/p>\n<\/li>\n<li data-start=\"618\" data-end=\"668\">\n<p data-start=\"620\" data-end=\"668\">Tinka megzt\u0173 kojini\u0173 formavimui ir d\u017eiovinimui<\/p>\n<\/li>\n<li data-start=\"669\" data-end=\"741\">\n<p data-start=\"671\" data-end=\"741\">Galima naudoti kaip liniuot\u0119 tankumui ar virbal\u0173 dyd\u017eiui matuoti<\/p>\n<\/li>\n<li data-start=\"742\" data-end=\"767\">\n<p data-start=\"744\" data-end=\"767\">Patvar\u016bs ir esteti\u0161ki<\/p>\n<p data-start=\"915\" data-end=\"952\"><strong data-start=\"915\" data-end=\"930\">Gamintojas:<\/strong> Pro Lana, Vokietija<\/p>\n<p data-start=\"954\" data-end=\"1042\" data-is-last-node=\"\" data-is-only-node=\"\"><strong data-start=\"954\" data-end=\"966\">Pastaba:<\/strong> spalv\u0173 atspalviai gali \u0161iek tiek skirtis priklausomai nuo \u012frenginio ekrano.<\/p>\n<p data-start=\"954\" data-end=\"1042\" data-is-last-node=\"\" data-is-only-node=\"\"><strong data-start=\"770\" data-end=\"798\">Kaina nurodyta u\u017e 1 vnt.<\/strong><\/p>\n<\/li>\n<\/ul>\n","protected":false},"excerpt":{"rendered":"<p>Pro Lana blokatoriai kojin\u0117ms \u2013 tai auk\u0161tos kokyb\u0117s mediniai \u012frankiai, skirti dailiam megzt\u0173 kojini\u0173 formavimui ir d\u017eiovinimui. Jie padeda i\u0161laikyti tobul\u0105 form\u0105 po skalbimo ar blokavimo, kad j\u016bs\u0173 rank\u0173 darbo kojin\u0117s visada atrodyt\u0173 profesionaliai. Pagaminti i\u0161 nat\u016bralios, tvirtos medienos, \u0161ie blokatoriai yra ne tik funkcional\u016bs, bet ir esteti\u0161ki.Papildomas privalumas \u2013 ant j\u0173 galima matuoti mezgimo [&hellip;]<\/p>\n","protected":false},"featured_media":5609,"comment_status":"open","ping_status":"closed","template":"","meta":{"_acf_changed":false},"product_brand":[1073],"product_cat":[15,1082,20],"product_tag":[],"pro-kategorijos":[],"class_list":{"0":"post-5597","1":"product","2":"type-product","3":"status-publish","4":"has-post-thumbnail","6":"product_brand-pro-lana","7":"product_cat-visi-produktai","8":"product_cat-blokavimo-priemones","9":"product_cat-priedai-mezgimui","11":"first","12":"instock","13":"shipping-taxable","14":"purchasable","15":"product-type-variable"},"acf":[],"yoast_head":"<!-- This site is optimized with the Yoast SEO plugin v26.8 - https:\/\/yoast.com\/product\/yoast-seo-wordpress\/ -->\n<title>Pro Lana mediniai kojini\u0173 blokatoriai - Happyinaknit.com<\/title>\n<meta name=\"robots\" content=\"index, follow, max-snippet:-1, max-image-preview:large, max-video-preview:-1\" \/>\n<link rel=\"canonical\" href=\"https:\/\/happyinaknit.com\/lt\/produktas\/pro-lana-mediniai-kojiniu-blokatoriai\/\" \/>\n<meta property=\"og:locale\" content=\"lt_LT\" \/>\n<meta property=\"og:type\" content=\"article\" \/>\n<meta property=\"og:title\" content=\"Pro Lana mediniai kojini\u0173 blokatoriai - Happyinaknit.com\" \/>\n<meta property=\"og:description\" content=\"Pro Lana blokatoriai kojin\u0117ms \u2013 tai auk\u0161tos kokyb\u0117s mediniai \u012frankiai, skirti dailiam megzt\u0173 kojini\u0173 formavimui ir d\u017eiovinimui. Jie padeda i\u0161laikyti tobul\u0105 form\u0105 po skalbimo ar blokavimo, kad j\u016bs\u0173 rank\u0173 darbo kojin\u0117s visada atrodyt\u0173 profesionaliai. Pagaminti i\u0161 nat\u016bralios, tvirtos medienos, \u0161ie blokatoriai yra ne tik funkcional\u016bs, bet ir esteti\u0161ki.Papildomas privalumas \u2013 ant j\u0173 galima matuoti mezgimo [&hellip;]\" \/>\n<meta property=\"og:url\" content=\"https:\/\/happyinaknit.com\/lt\/produktas\/pro-lana-mediniai-kojiniu-blokatoriai\/\" \/>\n<meta property=\"og:site_name\" content=\"Happyinaknit.com\" \/>\n<meta property=\"article:modified_time\" content=\"2025-10-19T15:44:21+00:00\" \/>\n<meta property=\"og:image\" content=\"https:\/\/happyinaknit.com\/wp-content\/uploads\/2025\/10\/IMG_9981.webp\" \/>\n\t<meta property=\"og:image:width\" content=\"1500\" \/>\n\t<meta property=\"og:image:height\" content=\"1500\" \/>\n\t<meta property=\"og:image:type\" content=\"image\/webp\" \/>\n<meta name=\"twitter:card\" content=\"summary_large_image\" \/>\n<meta name=\"twitter:label1\" content=\"Est. reading time\" \/>\n\t<meta name=\"twitter:data1\" content=\"1 minut\u0117\" \/>\n<script type=\"application\/ld+json\" class=\"yoast-schema-graph\">{\"@context\":\"https:\/\/schema.org\",\"@graph\":[{\"@type\":\"WebPage\",\"@id\":\"https:\/\/happyinaknit.com\/produktas\/pro-lana-mediniai-kojiniu-blokatoriai\/\",\"url\":\"https:\/\/happyinaknit.com\/produktas\/pro-lana-mediniai-kojiniu-blokatoriai\/\",\"name\":\"Pro Lana mediniai kojini\u0173 blokatoriai - Happyinaknit.com\",\"isPartOf\":{\"@id\":\"https:\/\/happyinaknit.com\/lt\/#website\"},\"primaryImageOfPage\":{\"@id\":\"https:\/\/happyinaknit.com\/produktas\/pro-lana-mediniai-kojiniu-blokatoriai\/#primaryimage\"},\"image\":{\"@id\":\"https:\/\/happyinaknit.com\/produktas\/pro-lana-mediniai-kojiniu-blokatoriai\/#primaryimage\"},\"thumbnailUrl\":\"https:\/\/happyinaknit.com\/wp-content\/uploads\/2025\/10\/IMG_9981.webp\",\"datePublished\":\"2025-10-16T22:58:04+00:00\",\"dateModified\":\"2025-10-19T15:44:21+00:00\",\"breadcrumb\":{\"@id\":\"https:\/\/happyinaknit.com\/produktas\/pro-lana-mediniai-kojiniu-blokatoriai\/#breadcrumb\"},\"inLanguage\":\"lt-LT\",\"potentialAction\":[{\"@type\":\"ReadAction\",\"target\":[\"https:\/\/happyinaknit.com\/produktas\/pro-lana-mediniai-kojiniu-blokatoriai\/\"]}]},{\"@type\":\"ImageObject\",\"inLanguage\":\"lt-LT\",\"@id\":\"https:\/\/happyinaknit.com\/produktas\/pro-lana-mediniai-kojiniu-blokatoriai\/#primaryimage\",\"url\":\"https:\/\/happyinaknit.com\/wp-content\/uploads\/2025\/10\/IMG_9981.webp\",\"contentUrl\":\"https:\/\/happyinaknit.com\/wp-content\/uploads\/2025\/10\/IMG_9981.webp\",\"width\":1500,\"height\":1500},{\"@type\":\"BreadcrumbList\",\"@id\":\"https:\/\/happyinaknit.com\/produktas\/pro-lana-mediniai-kojiniu-blokatoriai\/#breadcrumb\",\"itemListElement\":[{\"@type\":\"ListItem\",\"position\":1,\"name\":\"Home\",\"item\":\"https:\/\/happyinaknit.com\/lt\/\"},{\"@type\":\"ListItem\",\"position\":2,\"name\":\"Parduotuv\u0117\",\"item\":\"https:\/\/happyinaknit.com\/lt\/parduotuve\/\"},{\"@type\":\"ListItem\",\"position\":3,\"name\":\"Pro Lana mediniai kojini\u0173 blokatoriai\"}]},{\"@type\":\"WebSite\",\"@id\":\"https:\/\/happyinaknit.com\/lt\/#website\",\"url\":\"https:\/\/happyinaknit.com\/lt\/\",\"name\":\"Happyinaknit.com\",\"description\":\"\",\"potentialAction\":[{\"@type\":\"SearchAction\",\"target\":{\"@type\":\"EntryPoint\",\"urlTemplate\":\"https:\/\/happyinaknit.com\/lt\/?s={search_term_string}\"},\"query-input\":{\"@type\":\"PropertyValueSpecification\",\"valueRequired\":true,\"valueName\":\"search_term_string\"}}],\"inLanguage\":\"lt-LT\"}]}<\/script>\n<!-- \/ Yoast SEO plugin. -->","yoast_head_json":{"title":"Pro Lana mediniai kojini\u0173 blokatoriai - Happyinaknit.com","robots":{"index":"index","follow":"follow","max-snippet":"max-snippet:-1","max-image-preview":"max-image-preview:large","max-video-preview":"max-video-preview:-1"},"canonical":"https:\/\/happyinaknit.com\/lt\/produktas\/pro-lana-mediniai-kojiniu-blokatoriai\/","og_locale":"lt_LT","og_type":"article","og_title":"Pro Lana mediniai kojini\u0173 blokatoriai - Happyinaknit.com","og_description":"Pro Lana blokatoriai kojin\u0117ms \u2013 tai auk\u0161tos kokyb\u0117s mediniai \u012frankiai, skirti dailiam megzt\u0173 kojini\u0173 formavimui ir d\u017eiovinimui. Jie padeda i\u0161laikyti tobul\u0105 form\u0105 po skalbimo ar blokavimo, kad j\u016bs\u0173 rank\u0173 darbo kojin\u0117s visada atrodyt\u0173 profesionaliai. Pagaminti i\u0161 nat\u016bralios, tvirtos medienos, \u0161ie blokatoriai yra ne tik funkcional\u016bs, bet ir esteti\u0161ki.Papildomas privalumas \u2013 ant j\u0173 galima matuoti mezgimo [&hellip;]","og_url":"https:\/\/happyinaknit.com\/lt\/produktas\/pro-lana-mediniai-kojiniu-blokatoriai\/","og_site_name":"Happyinaknit.com","article_modified_time":"2025-10-19T15:44:21+00:00","og_image":[{"width":1500,"height":1500,"url":"https:\/\/happyinaknit.com\/wp-content\/uploads\/2025\/10\/IMG_9981.webp","type":"image\/webp"}],"twitter_card":"summary_large_image","twitter_misc":{"Est. reading time":"1 minut\u0117"},"schema":{"@context":"https:\/\/schema.org","@graph":[{"@type":"WebPage","@id":"https:\/\/happyinaknit.com\/produktas\/pro-lana-mediniai-kojiniu-blokatoriai\/","url":"https:\/\/happyinaknit.com\/produktas\/pro-lana-mediniai-kojiniu-blokatoriai\/","name":"Pro Lana mediniai kojini\u0173 blokatoriai - Happyinaknit.com","isPartOf":{"@id":"https:\/\/happyinaknit.com\/lt\/#website"},"primaryImageOfPage":{"@id":"https:\/\/happyinaknit.com\/produktas\/pro-lana-mediniai-kojiniu-blokatoriai\/#primaryimage"},"image":{"@id":"https:\/\/happyinaknit.com\/produktas\/pro-lana-mediniai-kojiniu-blokatoriai\/#primaryimage"},"thumbnailUrl":"https:\/\/happyinaknit.com\/wp-content\/uploads\/2025\/10\/IMG_9981.webp","datePublished":"2025-10-16T22:58:04+00:00","dateModified":"2025-10-19T15:44:21+00:00","breadcrumb":{"@id":"https:\/\/happyinaknit.com\/produktas\/pro-lana-mediniai-kojiniu-blokatoriai\/#breadcrumb"},"inLanguage":"lt-LT","potentialAction":[{"@type":"ReadAction","target":["https:\/\/happyinaknit.com\/produktas\/pro-lana-mediniai-kojiniu-blokatoriai\/"]}]},{"@type":"ImageObject","inLanguage":"lt-LT","@id":"https:\/\/happyinaknit.com\/produktas\/pro-lana-mediniai-kojiniu-blokatoriai\/#primaryimage","url":"https:\/\/happyinaknit.com\/wp-content\/uploads\/2025\/10\/IMG_9981.webp","contentUrl":"https:\/\/happyinaknit.com\/wp-content\/uploads\/2025\/10\/IMG_9981.webp","width":1500,"height":1500},{"@type":"BreadcrumbList","@id":"https:\/\/happyinaknit.com\/produktas\/pro-lana-mediniai-kojiniu-blokatoriai\/#breadcrumb","itemListElement":[{"@type":"ListItem","position":1,"name":"Home","item":"https:\/\/happyinaknit.com\/lt\/"},{"@type":"ListItem","position":2,"name":"Parduotuv\u0117","item":"https:\/\/happyinaknit.com\/lt\/parduotuve\/"},{"@type":"ListItem","position":3,"name":"Pro Lana mediniai kojini\u0173 blokatoriai"}]},{"@type":"WebSite","@id":"https:\/\/happyinaknit.com\/lt\/#website","url":"https:\/\/happyinaknit.com\/lt\/","name":"Happyinaknit.com","description":"","potentialAction":[{"@type":"SearchAction","target":{"@type":"EntryPoint","urlTemplate":"https:\/\/happyinaknit.com\/lt\/?s={search_term_string}"},"query-input":{"@type":"PropertyValueSpecification","valueRequired":true,"valueName":"search_term_string"}}],"inLanguage":"lt-LT"}]}},"_links":{"self":[{"href":"https:\/\/happyinaknit.com\/lt\/wp-json\/wp\/v2\/product\/5597","targetHints":{"allow":["GET"]}}],"collection":[{"href":"https:\/\/happyinaknit.com\/lt\/wp-json\/wp\/v2\/product"}],"about":[{"href":"https:\/\/happyinaknit.com\/lt\/wp-json\/wp\/v2\/types\/product"}],"replies":[{"embeddable":true,"href":"https:\/\/happyinaknit.com\/lt\/wp-json\/wp\/v2\/comments?post=5597"}],"wp:featuredmedia":[{"embeddable":true,"href":"https:\/\/happyinaknit.com\/lt\/wp-json\/wp\/v2\/media\/5609"}],"wp:attachment":[{"href":"https:\/\/happyinaknit.com\/lt\/wp-json\/wp\/v2\/media?parent=5597"}],"wp:term":[{"taxonomy":"product_brand","embeddable":true,"href":"https:\/\/happyinaknit.com\/lt\/wp-json\/wp\/v2\/product_brand?post=5597"},{"taxonomy":"product_cat","embeddable":true,"href":"https:\/\/happyinaknit.com\/lt\/wp-json\/wp\/v2\/product_cat?post=5597"},{"taxonomy":"product_tag","embeddable":true,"href":"https:\/\/happyinaknit.com\/lt\/wp-json\/wp\/v2\/product_tag?post=5597"},{"taxonomy":"pro-kategorijos","embeddable":true,"href":"https:\/\/happyinaknit.com\/lt\/wp-json\/wp\/v2\/pro-kategorijos?post=5597"}],"curies":[{"name":"wp","href":"https:\/\/api.w.org\/{rel}","templated":true}]}}