{"id":5591,"date":"2025-10-16T22:40:39","date_gmt":"2025-10-16T22:40:39","guid":{"rendered":"https:\/\/happyinaknit.com\/?post_type=product&#038;p=5591"},"modified":"2026-03-10T14:26:22","modified_gmt":"2026-03-10T14:26:22","slug":"klijai-audiniams-gutermann-ht2-textil","status":"publish","type":"product","link":"https:\/\/happyinaknit.com\/lt\/produktas\/klijai-audiniams-gutermann-ht2-textil\/","title":{"rendered":"Klijai audiniams G\u00fctermann HT2 Textil"},"content":{"rendered":"<p data-start=\"47\" data-end=\"325\"><strong data-start=\"47\" data-end=\"71\">G\u00fctermann HT2 Textil<\/strong> \u2013 auk\u0161tos kokyb\u0117s <strong data-start=\"90\" data-end=\"121\">audini\u0173 klijai be tirpikli\u0173<\/strong>, skirti patikimam \u012fvairi\u0173 med\u017eiag\u0173 suklijavimui: <strong data-start=\"171\" data-end=\"216\">medviln\u0117s, lino, d\u017einso, veltinio, kanvos<\/strong> ir daugelio kit\u0173 audini\u0173.<br data-start=\"242\" data-end=\"245\" \/>Puikiai tinka tiek siuvimui, tiek k\u016brybiniams projektams ar smulkiems taisymams.<\/p>\n<p data-start=\"327\" data-end=\"465\">\u0160ie klijai yra <strong data-start=\"342\" data-end=\"409\">skaidr\u016bs, elastingi ir atspar\u016bs skalbimui bei cheminiam valymui<\/strong>.<br data-start=\"410\" data-end=\"413\" \/>Dar nei\u0161d\u017ei\u016bv\u0119 klijai lengvai nusiplauna vandeniu.<\/p>\n<h4 data-start=\"472\" data-end=\"503\"><strong data-start=\"477\" data-end=\"503\">Savyb\u0117s ir naudojimas:<\/strong><\/h4>\n<ul data-start=\"504\" data-end=\"907\">\n<li data-start=\"504\" data-end=\"582\">\n<p data-start=\"506\" data-end=\"582\">Skirti audini\u0173 kra\u0161t\u0173 apdorojimui nuo irimo (puiki alternatyva apsiuvimui)<\/p>\n<\/li>\n<li data-start=\"583\" data-end=\"643\">\n<p data-start=\"585\" data-end=\"643\">Tinka palenkimams, aplikacijoms ir dekoracijoms klijuoti<\/p>\n<\/li>\n<li data-start=\"644\" data-end=\"775\">\n<p data-start=\"646\" data-end=\"775\">Puikiai tinka stras\u0173 klijavimui \u2013 nesugadina pavir\u0161iaus, nesunaikina kristal\u0173 ir nei\u0161d\u017ei\u016bv\u0119 i\u0161lieka visi\u0161kai bespalviai<\/p>\n<\/li>\n<li data-start=\"776\" data-end=\"858\">\n<p data-start=\"778\" data-end=\"858\">Gali b\u016bti naudojami si\u016bl\u0173 suklijavimui ar si\u016bli\u0173 sutvirtinimui \u017eaisl\u0173 gamyboje<\/p>\n<\/li>\n<li data-start=\"859\" data-end=\"907\">\n<p data-start=\"861\" data-end=\"907\">Po i\u0161d\u017ei\u016bvimo <strong data-start=\"875\" data-end=\"905\">i\u0161lieka lankst\u016bs ir tvirti<\/strong><\/p>\n<\/li>\n<\/ul>\n<h4 data-start=\"914\" data-end=\"935\"><strong data-start=\"919\" data-end=\"935\">Pritaikymas:<\/strong><\/h4>\n<ul data-start=\"936\" data-end=\"1087\">\n<li data-start=\"936\" data-end=\"972\">\n<p data-start=\"938\" data-end=\"972\">audini\u0173 apdorojimui ir taisymui,<\/p>\n<\/li>\n<li data-start=\"973\" data-end=\"1012\">\n<p data-start=\"975\" data-end=\"1012\">aplikacij\u0173 ir papuo\u0161im\u0173 klijavimui,<\/p>\n<\/li>\n<li data-start=\"1013\" data-end=\"1059\">\n<p data-start=\"1015\" data-end=\"1059\">stras\u0173 tvirtinimui ant vis\u0173 r\u016b\u0161i\u0173 audini\u0173,<\/p>\n<\/li>\n<li data-start=\"1060\" data-end=\"1087\">\n<p data-start=\"1062\" data-end=\"1087\">k\u016brybiniams projektams.<\/p>\n<\/li>\n<\/ul>\n<p data-start=\"1094\" data-end=\"1109\"><strong data-start=\"1094\" data-end=\"1109\">Privalumai:<\/strong><\/p>\n<ul data-start=\"1110\" data-end=\"1220\">\n<li data-start=\"1110\" data-end=\"1126\">\n<p data-start=\"1112\" data-end=\"1126\">Be tirpikli\u0173<\/p>\n<\/li>\n<li data-start=\"1127\" data-end=\"1153\">\n<p data-start=\"1129\" data-end=\"1153\">Skaidr\u016bs po d\u017eiovinimo<\/p>\n<\/li>\n<li data-start=\"1154\" data-end=\"1189\">\n<p data-start=\"1156\" data-end=\"1189\">Elastingi ir atspar\u016bs skalbimui<\/p>\n<\/li>\n<li data-start=\"1190\" data-end=\"1220\">\n<p data-start=\"1192\" data-end=\"1220\">Tinka subtiliems audiniams<\/p>\n<\/li>\n<\/ul>\n<p data-start=\"1222\" data-end=\"1260\"><strong data-start=\"1222\" data-end=\"1237\">Gamintojas:<\/strong> G\u00fctermann, Vokietija<\/p>\n<p data-start=\"1262\" data-end=\"1350\" data-is-last-node=\"\" data-is-only-node=\"\"><strong data-start=\"1262\" data-end=\"1274\">Pastaba:<\/strong> spalv\u0173 atspalviai gali \u0161iek tiek skirtis priklausomai nuo \u012frenginio ekrano.<\/p>\n","protected":false},"excerpt":{"rendered":"<p>G\u00fctermann HT2 Textil \u2013 auk\u0161tos kokyb\u0117s audini\u0173 klijai be tirpikli\u0173, skirti patikimam \u012fvairi\u0173 med\u017eiag\u0173 suklijavimui: medviln\u0117s, lino, d\u017einso, veltinio, kanvos ir daugelio kit\u0173 audini\u0173.Puikiai tinka tiek siuvimui, tiek k\u016brybiniams projektams ar smulkiems taisymams. \u0160ie klijai yra skaidr\u016bs, elastingi ir atspar\u016bs skalbimui bei cheminiam valymui.Dar nei\u0161d\u017ei\u016bv\u0119 klijai lengvai nusiplauna vandeniu. Savyb\u0117s ir naudojimas: Skirti audini\u0173 kra\u0161t\u0173 [&hellip;]<\/p>\n","protected":false},"featured_media":8137,"comment_status":"open","ping_status":"closed","template":"","meta":{"_acf_changed":false},"product_brand":[1078],"product_cat":[15,1083,20],"product_tag":[],"pro-kategorijos":[],"class_list":{"0":"post-5591","1":"product","2":"type-product","3":"status-publish","4":"has-post-thumbnail","6":"product_brand-gutermann","7":"product_cat-visi-produktai","8":"product_cat-lateksasklijai","9":"product_cat-priedai-mezgimui","11":"first","12":"instock","13":"shipping-taxable","14":"purchasable","15":"product-type-simple"},"acf":[],"yoast_head":"<!-- This site is optimized with the Yoast SEO plugin v26.8 - https:\/\/yoast.com\/product\/yoast-seo-wordpress\/ -->\n<title>Klijai audiniams G\u00fctermann HT2 Textil - Happyinaknit.com<\/title>\n<meta name=\"robots\" content=\"index, follow, max-snippet:-1, max-image-preview:large, max-video-preview:-1\" \/>\n<link rel=\"canonical\" href=\"https:\/\/happyinaknit.com\/lt\/produktas\/klijai-audiniams-gutermann-ht2-textil\/\" \/>\n<meta property=\"og:locale\" content=\"lt_LT\" \/>\n<meta property=\"og:type\" content=\"article\" \/>\n<meta property=\"og:title\" content=\"Klijai audiniams G\u00fctermann HT2 Textil - Happyinaknit.com\" \/>\n<meta property=\"og:description\" content=\"G\u00fctermann HT2 Textil \u2013 auk\u0161tos kokyb\u0117s audini\u0173 klijai be tirpikli\u0173, skirti patikimam \u012fvairi\u0173 med\u017eiag\u0173 suklijavimui: medviln\u0117s, lino, d\u017einso, veltinio, kanvos ir daugelio kit\u0173 audini\u0173.Puikiai tinka tiek siuvimui, tiek k\u016brybiniams projektams ar smulkiems taisymams. \u0160ie klijai yra skaidr\u016bs, elastingi ir atspar\u016bs skalbimui bei cheminiam valymui.Dar nei\u0161d\u017ei\u016bv\u0119 klijai lengvai nusiplauna vandeniu. Savyb\u0117s ir naudojimas: Skirti audini\u0173 kra\u0161t\u0173 [&hellip;]\" \/>\n<meta property=\"og:url\" content=\"https:\/\/happyinaknit.com\/lt\/produktas\/klijai-audiniams-gutermann-ht2-textil\/\" \/>\n<meta property=\"og:site_name\" content=\"Happyinaknit.com\" \/>\n<meta property=\"article:modified_time\" content=\"2026-03-10T14:26:22+00:00\" \/>\n<meta property=\"og:image\" content=\"https:\/\/happyinaknit.com\/wp-content\/uploads\/2025\/10\/tekstiliniai-klijai-gutermann-ht2-3.jpg\" \/>\n\t<meta property=\"og:image:width\" content=\"425\" \/>\n\t<meta property=\"og:image:height\" content=\"425\" \/>\n\t<meta property=\"og:image:type\" content=\"image\/jpeg\" \/>\n<meta name=\"twitter:card\" content=\"summary_large_image\" \/>\n<meta name=\"twitter:label1\" content=\"Est. reading time\" \/>\n\t<meta name=\"twitter:data1\" content=\"1 minut\u0117\" \/>\n<script type=\"application\/ld+json\" class=\"yoast-schema-graph\">{\"@context\":\"https:\/\/schema.org\",\"@graph\":[{\"@type\":\"WebPage\",\"@id\":\"https:\/\/happyinaknit.com\/produktas\/klijai-audiniams-gutermann-ht2-textil\/\",\"url\":\"https:\/\/happyinaknit.com\/produktas\/klijai-audiniams-gutermann-ht2-textil\/\",\"name\":\"Klijai audiniams G\u00fctermann HT2 Textil - Happyinaknit.com\",\"isPartOf\":{\"@id\":\"https:\/\/happyinaknit.com\/lt\/#website\"},\"primaryImageOfPage\":{\"@id\":\"https:\/\/happyinaknit.com\/produktas\/klijai-audiniams-gutermann-ht2-textil\/#primaryimage\"},\"image\":{\"@id\":\"https:\/\/happyinaknit.com\/produktas\/klijai-audiniams-gutermann-ht2-textil\/#primaryimage\"},\"thumbnailUrl\":\"https:\/\/happyinaknit.com\/wp-content\/uploads\/2025\/10\/tekstiliniai-klijai-gutermann-ht2-3.jpg\",\"datePublished\":\"2025-10-16T22:40:39+00:00\",\"dateModified\":\"2026-03-10T14:26:22+00:00\",\"breadcrumb\":{\"@id\":\"https:\/\/happyinaknit.com\/produktas\/klijai-audiniams-gutermann-ht2-textil\/#breadcrumb\"},\"inLanguage\":\"lt-LT\",\"potentialAction\":[{\"@type\":\"ReadAction\",\"target\":[\"https:\/\/happyinaknit.com\/produktas\/klijai-audiniams-gutermann-ht2-textil\/\"]}]},{\"@type\":\"ImageObject\",\"inLanguage\":\"lt-LT\",\"@id\":\"https:\/\/happyinaknit.com\/produktas\/klijai-audiniams-gutermann-ht2-textil\/#primaryimage\",\"url\":\"https:\/\/happyinaknit.com\/wp-content\/uploads\/2025\/10\/tekstiliniai-klijai-gutermann-ht2-3.jpg\",\"contentUrl\":\"https:\/\/happyinaknit.com\/wp-content\/uploads\/2025\/10\/tekstiliniai-klijai-gutermann-ht2-3.jpg\",\"width\":425,\"height\":425},{\"@type\":\"BreadcrumbList\",\"@id\":\"https:\/\/happyinaknit.com\/produktas\/klijai-audiniams-gutermann-ht2-textil\/#breadcrumb\",\"itemListElement\":[{\"@type\":\"ListItem\",\"position\":1,\"name\":\"Home\",\"item\":\"https:\/\/happyinaknit.com\/lt\/\"},{\"@type\":\"ListItem\",\"position\":2,\"name\":\"Parduotuv\u0117\",\"item\":\"https:\/\/happyinaknit.com\/lt\/parduotuve\/\"},{\"@type\":\"ListItem\",\"position\":3,\"name\":\"Klijai audiniams G\u00fctermann HT2 Textil\"}]},{\"@type\":\"WebSite\",\"@id\":\"https:\/\/happyinaknit.com\/lt\/#website\",\"url\":\"https:\/\/happyinaknit.com\/lt\/\",\"name\":\"Happyinaknit.com\",\"description\":\"\",\"potentialAction\":[{\"@type\":\"SearchAction\",\"target\":{\"@type\":\"EntryPoint\",\"urlTemplate\":\"https:\/\/happyinaknit.com\/lt\/?s={search_term_string}\"},\"query-input\":{\"@type\":\"PropertyValueSpecification\",\"valueRequired\":true,\"valueName\":\"search_term_string\"}}],\"inLanguage\":\"lt-LT\"}]}<\/script>\n<!-- \/ Yoast SEO plugin. -->","yoast_head_json":{"title":"Klijai audiniams G\u00fctermann HT2 Textil - Happyinaknit.com","robots":{"index":"index","follow":"follow","max-snippet":"max-snippet:-1","max-image-preview":"max-image-preview:large","max-video-preview":"max-video-preview:-1"},"canonical":"https:\/\/happyinaknit.com\/lt\/produktas\/klijai-audiniams-gutermann-ht2-textil\/","og_locale":"lt_LT","og_type":"article","og_title":"Klijai audiniams G\u00fctermann HT2 Textil - Happyinaknit.com","og_description":"G\u00fctermann HT2 Textil \u2013 auk\u0161tos kokyb\u0117s audini\u0173 klijai be tirpikli\u0173, skirti patikimam \u012fvairi\u0173 med\u017eiag\u0173 suklijavimui: medviln\u0117s, lino, d\u017einso, veltinio, kanvos ir daugelio kit\u0173 audini\u0173.Puikiai tinka tiek siuvimui, tiek k\u016brybiniams projektams ar smulkiems taisymams. \u0160ie klijai yra skaidr\u016bs, elastingi ir atspar\u016bs skalbimui bei cheminiam valymui.Dar nei\u0161d\u017ei\u016bv\u0119 klijai lengvai nusiplauna vandeniu. Savyb\u0117s ir naudojimas: Skirti audini\u0173 kra\u0161t\u0173 [&hellip;]","og_url":"https:\/\/happyinaknit.com\/lt\/produktas\/klijai-audiniams-gutermann-ht2-textil\/","og_site_name":"Happyinaknit.com","article_modified_time":"2026-03-10T14:26:22+00:00","og_image":[{"width":425,"height":425,"url":"https:\/\/happyinaknit.com\/wp-content\/uploads\/2025\/10\/tekstiliniai-klijai-gutermann-ht2-3.jpg","type":"image\/jpeg"}],"twitter_card":"summary_large_image","twitter_misc":{"Est. reading time":"1 minut\u0117"},"schema":{"@context":"https:\/\/schema.org","@graph":[{"@type":"WebPage","@id":"https:\/\/happyinaknit.com\/produktas\/klijai-audiniams-gutermann-ht2-textil\/","url":"https:\/\/happyinaknit.com\/produktas\/klijai-audiniams-gutermann-ht2-textil\/","name":"Klijai audiniams G\u00fctermann HT2 Textil - Happyinaknit.com","isPartOf":{"@id":"https:\/\/happyinaknit.com\/lt\/#website"},"primaryImageOfPage":{"@id":"https:\/\/happyinaknit.com\/produktas\/klijai-audiniams-gutermann-ht2-textil\/#primaryimage"},"image":{"@id":"https:\/\/happyinaknit.com\/produktas\/klijai-audiniams-gutermann-ht2-textil\/#primaryimage"},"thumbnailUrl":"https:\/\/happyinaknit.com\/wp-content\/uploads\/2025\/10\/tekstiliniai-klijai-gutermann-ht2-3.jpg","datePublished":"2025-10-16T22:40:39+00:00","dateModified":"2026-03-10T14:26:22+00:00","breadcrumb":{"@id":"https:\/\/happyinaknit.com\/produktas\/klijai-audiniams-gutermann-ht2-textil\/#breadcrumb"},"inLanguage":"lt-LT","potentialAction":[{"@type":"ReadAction","target":["https:\/\/happyinaknit.com\/produktas\/klijai-audiniams-gutermann-ht2-textil\/"]}]},{"@type":"ImageObject","inLanguage":"lt-LT","@id":"https:\/\/happyinaknit.com\/produktas\/klijai-audiniams-gutermann-ht2-textil\/#primaryimage","url":"https:\/\/happyinaknit.com\/wp-content\/uploads\/2025\/10\/tekstiliniai-klijai-gutermann-ht2-3.jpg","contentUrl":"https:\/\/happyinaknit.com\/wp-content\/uploads\/2025\/10\/tekstiliniai-klijai-gutermann-ht2-3.jpg","width":425,"height":425},{"@type":"BreadcrumbList","@id":"https:\/\/happyinaknit.com\/produktas\/klijai-audiniams-gutermann-ht2-textil\/#breadcrumb","itemListElement":[{"@type":"ListItem","position":1,"name":"Home","item":"https:\/\/happyinaknit.com\/lt\/"},{"@type":"ListItem","position":2,"name":"Parduotuv\u0117","item":"https:\/\/happyinaknit.com\/lt\/parduotuve\/"},{"@type":"ListItem","position":3,"name":"Klijai audiniams G\u00fctermann HT2 Textil"}]},{"@type":"WebSite","@id":"https:\/\/happyinaknit.com\/lt\/#website","url":"https:\/\/happyinaknit.com\/lt\/","name":"Happyinaknit.com","description":"","potentialAction":[{"@type":"SearchAction","target":{"@type":"EntryPoint","urlTemplate":"https:\/\/happyinaknit.com\/lt\/?s={search_term_string}"},"query-input":{"@type":"PropertyValueSpecification","valueRequired":true,"valueName":"search_term_string"}}],"inLanguage":"lt-LT"}]}},"_links":{"self":[{"href":"https:\/\/happyinaknit.com\/lt\/wp-json\/wp\/v2\/product\/5591","targetHints":{"allow":["GET"]}}],"collection":[{"href":"https:\/\/happyinaknit.com\/lt\/wp-json\/wp\/v2\/product"}],"about":[{"href":"https:\/\/happyinaknit.com\/lt\/wp-json\/wp\/v2\/types\/product"}],"replies":[{"embeddable":true,"href":"https:\/\/happyinaknit.com\/lt\/wp-json\/wp\/v2\/comments?post=5591"}],"wp:featuredmedia":[{"embeddable":true,"href":"https:\/\/happyinaknit.com\/lt\/wp-json\/wp\/v2\/media\/8137"}],"wp:attachment":[{"href":"https:\/\/happyinaknit.com\/lt\/wp-json\/wp\/v2\/media?parent=5591"}],"wp:term":[{"taxonomy":"product_brand","embeddable":true,"href":"https:\/\/happyinaknit.com\/lt\/wp-json\/wp\/v2\/product_brand?post=5591"},{"taxonomy":"product_cat","embeddable":true,"href":"https:\/\/happyinaknit.com\/lt\/wp-json\/wp\/v2\/product_cat?post=5591"},{"taxonomy":"product_tag","embeddable":true,"href":"https:\/\/happyinaknit.com\/lt\/wp-json\/wp\/v2\/product_tag?post=5591"},{"taxonomy":"pro-kategorijos","embeddable":true,"href":"https:\/\/happyinaknit.com\/lt\/wp-json\/wp\/v2\/pro-kategorijos?post=5591"}],"curies":[{"name":"wp","href":"https:\/\/api.w.org\/{rel}","templated":true}]}}