{"id":5437,"date":"2025-10-15T21:33:33","date_gmt":"2025-10-15T21:33:33","guid":{"rendered":"https:\/\/happyinaknit.com\/?post_type=product&#038;p=5437"},"modified":"2026-01-21T06:39:36","modified_gmt":"2026-01-21T06:39:36","slug":"concept-by-katia-pure-alpaca-natural-colors","status":"publish","type":"product","link":"https:\/\/happyinaknit.com\/lt\/produktas\/concept-by-katia-pure-alpaca-natural-colors\/","title":{"rendered":"Concept by Katia Pure Alpaca Natural Colors"},"content":{"rendered":"<p data-start=\"53\" data-end=\"432\"><strong data-start=\"53\" data-end=\"100\">Concept by Katia Pure Alpaca Natural Colors<\/strong> \u2013 prabangaus nat\u016bralumo si\u016blai, pagaminti i\u0161 itin \u0161velnios alpakos vilnos. Jie neda\u017eyti, tod\u0117l i\u0161laiko autenti\u0161kus gamtos atspalvius ir nat\u016bral\u0173 pluo\u0161to blizges\u012f. \u0160ie si\u016blai pasi\u017eymi ypatingu \u0161velnumu, \u0161iluma ir purumu, tod\u0117l puikiai tinka megztiniams, \u0161alikams, kardiganams ar kitiems jaukiems \u017eiemos drabu\u017eiams bei aksesuarams.<\/p>\n<p data-start=\"434\" data-end=\"598\"><strong data-start=\"434\" data-end=\"446\">Sud\u0117tis:<\/strong> 93 % alpaka, 7 % poliamidas<br data-start=\"474\" data-end=\"477\" \/><strong data-start=\"477\" data-end=\"496\">Svoris \/ ilgis:<\/strong> 50 g &#8211; 100 m<br data-start=\"509\" data-end=\"512\" \/><strong data-start=\"512\" data-end=\"540\">Rekomenduojami virbalai:<\/strong> 7 \u2013 8 mm<br data-start=\"549\" data-end=\"552\" data-is-only-node=\"\" \/><strong data-start=\"552\" data-end=\"565\">Tankumas:<\/strong> 10 \u00d7 10 cm \u2013 9 akys \u00d7 12 eil\u0117s<\/p>\n<p data-start=\"600\" data-end=\"671\"><strong data-start=\"600\" data-end=\"627\">Apytikris sunaudojimas:<\/strong> megztiniui (M dydis) \u2013 apie 7 kamuoliukai<\/p>\n<p data-start=\"673\" data-end=\"772\"><strong data-start=\"673\" data-end=\"687\">Prie\u017ei\u016bra:<\/strong><br data-start=\"687\" data-end=\"690\" \/>Skalbti rankomis \u0161altame vandenyje, d\u017eiovinti patiesus horizontaliai, nelyginti.<\/p>\n<p data-start=\"774\" data-end=\"862\" data-is-last-node=\"\" data-is-only-node=\"\"><strong data-start=\"774\" data-end=\"786\">Pastaba:<\/strong> spalv\u0173 atspalviai gali \u0161iek tiek skirtis priklausomai nuo \u012frenginio ekrano.<\/p>\n","protected":false},"excerpt":{"rendered":"<p>Concept by Katia Pure Alpaca Natural Colors \u2013 prabangaus nat\u016bralumo si\u016blai, pagaminti i\u0161 itin \u0161velnios alpakos vilnos. Jie neda\u017eyti, tod\u0117l i\u0161laiko autenti\u0161kus gamtos atspalvius ir nat\u016bral\u0173 pluo\u0161to blizges\u012f. \u0160ie si\u016blai pasi\u017eymi ypatingu \u0161velnumu, \u0161iluma ir purumu, tod\u0117l puikiai tinka megztiniams, \u0161alikams, kardiganams ar kitiems jaukiems \u017eiemos drabu\u017eiams bei aksesuarams. Sud\u0117tis: 93 % alpaka, 7 % [&hellip;]<\/p>\n","protected":false},"featured_media":4660,"comment_status":"open","ping_status":"closed","template":"","meta":{"_acf_changed":false},"product_brand":[69],"product_cat":[15,182,18],"product_tag":[33],"pro-kategorijos":[54],"class_list":{"0":"post-5437","1":"product","2":"type-product","3":"status-publish","4":"has-post-thumbnail","6":"product_brand-concept-by-katia","7":"product_cat-visi-produktai","8":"product_cat-ispardavimas","9":"product_cat-siulai","10":"product_tag-ispardavimas","11":"pro-kategorijos-alpaka","13":"first","14":"instock","15":"sale","16":"shipping-taxable","17":"purchasable","18":"product-type-variable"},"acf":[],"yoast_head":"<!-- This site is optimized with the Yoast SEO plugin v26.8 - https:\/\/yoast.com\/product\/yoast-seo-wordpress\/ -->\n<title>Concept by Katia Pure Alpaca Natural Colors - Happyinaknit.com<\/title>\n<meta name=\"robots\" content=\"index, follow, max-snippet:-1, max-image-preview:large, max-video-preview:-1\" \/>\n<link rel=\"canonical\" href=\"https:\/\/happyinaknit.com\/lt\/produktas\/concept-by-katia-pure-alpaca-natural-colors\/\" \/>\n<meta property=\"og:locale\" content=\"lt_LT\" \/>\n<meta property=\"og:type\" content=\"article\" \/>\n<meta property=\"og:title\" content=\"Concept by Katia Pure Alpaca Natural Colors - Happyinaknit.com\" \/>\n<meta property=\"og:description\" content=\"Concept by Katia Pure Alpaca Natural Colors \u2013 prabangaus nat\u016bralumo si\u016blai, pagaminti i\u0161 itin \u0161velnios alpakos vilnos. Jie neda\u017eyti, tod\u0117l i\u0161laiko autenti\u0161kus gamtos atspalvius ir nat\u016bral\u0173 pluo\u0161to blizges\u012f. \u0160ie si\u016blai pasi\u017eymi ypatingu \u0161velnumu, \u0161iluma ir purumu, tod\u0117l puikiai tinka megztiniams, \u0161alikams, kardiganams ar kitiems jaukiems \u017eiemos drabu\u017eiams bei aksesuarams. Sud\u0117tis: 93 % alpaka, 7 % [&hellip;]\" \/>\n<meta property=\"og:url\" content=\"https:\/\/happyinaknit.com\/lt\/produktas\/concept-by-katia-pure-alpaca-natural-colors\/\" \/>\n<meta property=\"og:site_name\" content=\"Happyinaknit.com\" \/>\n<meta property=\"article:modified_time\" content=\"2026-01-21T06:39:36+00:00\" \/>\n<meta property=\"og:image\" content=\"https:\/\/happyinaknit.com\/wp-content\/uploads\/2025\/10\/IMG_9618.jpg\" \/>\n\t<meta property=\"og:image:width\" content=\"1320\" \/>\n\t<meta property=\"og:image:height\" content=\"1169\" \/>\n\t<meta property=\"og:image:type\" content=\"image\/jpeg\" \/>\n<meta name=\"twitter:card\" content=\"summary_large_image\" \/>\n<meta name=\"twitter:label1\" content=\"Est. reading time\" \/>\n\t<meta name=\"twitter:data1\" content=\"1 minut\u0117\" \/>\n<script type=\"application\/ld+json\" class=\"yoast-schema-graph\">{\"@context\":\"https:\/\/schema.org\",\"@graph\":[{\"@type\":\"WebPage\",\"@id\":\"https:\/\/happyinaknit.com\/produktas\/concept-by-katia-pure-alpaca-natural-colors\/\",\"url\":\"https:\/\/happyinaknit.com\/produktas\/concept-by-katia-pure-alpaca-natural-colors\/\",\"name\":\"Concept by Katia Pure Alpaca Natural Colors - Happyinaknit.com\",\"isPartOf\":{\"@id\":\"https:\/\/happyinaknit.com\/lt\/#website\"},\"primaryImageOfPage\":{\"@id\":\"https:\/\/happyinaknit.com\/produktas\/concept-by-katia-pure-alpaca-natural-colors\/#primaryimage\"},\"image\":{\"@id\":\"https:\/\/happyinaknit.com\/produktas\/concept-by-katia-pure-alpaca-natural-colors\/#primaryimage\"},\"thumbnailUrl\":\"https:\/\/happyinaknit.com\/wp-content\/uploads\/2025\/10\/IMG_9618.jpg\",\"datePublished\":\"2025-10-15T21:33:33+00:00\",\"dateModified\":\"2026-01-21T06:39:36+00:00\",\"breadcrumb\":{\"@id\":\"https:\/\/happyinaknit.com\/produktas\/concept-by-katia-pure-alpaca-natural-colors\/#breadcrumb\"},\"inLanguage\":\"lt-LT\",\"potentialAction\":[{\"@type\":\"ReadAction\",\"target\":[\"https:\/\/happyinaknit.com\/produktas\/concept-by-katia-pure-alpaca-natural-colors\/\"]}]},{\"@type\":\"ImageObject\",\"inLanguage\":\"lt-LT\",\"@id\":\"https:\/\/happyinaknit.com\/produktas\/concept-by-katia-pure-alpaca-natural-colors\/#primaryimage\",\"url\":\"https:\/\/happyinaknit.com\/wp-content\/uploads\/2025\/10\/IMG_9618.jpg\",\"contentUrl\":\"https:\/\/happyinaknit.com\/wp-content\/uploads\/2025\/10\/IMG_9618.jpg\",\"width\":1320,\"height\":1169},{\"@type\":\"BreadcrumbList\",\"@id\":\"https:\/\/happyinaknit.com\/produktas\/concept-by-katia-pure-alpaca-natural-colors\/#breadcrumb\",\"itemListElement\":[{\"@type\":\"ListItem\",\"position\":1,\"name\":\"Home\",\"item\":\"https:\/\/happyinaknit.com\/lt\/\"},{\"@type\":\"ListItem\",\"position\":2,\"name\":\"Parduotuv\u0117\",\"item\":\"https:\/\/happyinaknit.com\/lt\/parduotuve\/\"},{\"@type\":\"ListItem\",\"position\":3,\"name\":\"Concept by Katia Pure Alpaca Natural Colors\"}]},{\"@type\":\"WebSite\",\"@id\":\"https:\/\/happyinaknit.com\/lt\/#website\",\"url\":\"https:\/\/happyinaknit.com\/lt\/\",\"name\":\"Happyinaknit.com\",\"description\":\"\",\"potentialAction\":[{\"@type\":\"SearchAction\",\"target\":{\"@type\":\"EntryPoint\",\"urlTemplate\":\"https:\/\/happyinaknit.com\/lt\/?s={search_term_string}\"},\"query-input\":{\"@type\":\"PropertyValueSpecification\",\"valueRequired\":true,\"valueName\":\"search_term_string\"}}],\"inLanguage\":\"lt-LT\"}]}<\/script>\n<!-- \/ Yoast SEO plugin. -->","yoast_head_json":{"title":"Concept by Katia Pure Alpaca Natural Colors - Happyinaknit.com","robots":{"index":"index","follow":"follow","max-snippet":"max-snippet:-1","max-image-preview":"max-image-preview:large","max-video-preview":"max-video-preview:-1"},"canonical":"https:\/\/happyinaknit.com\/lt\/produktas\/concept-by-katia-pure-alpaca-natural-colors\/","og_locale":"lt_LT","og_type":"article","og_title":"Concept by Katia Pure Alpaca Natural Colors - Happyinaknit.com","og_description":"Concept by Katia Pure Alpaca Natural Colors \u2013 prabangaus nat\u016bralumo si\u016blai, pagaminti i\u0161 itin \u0161velnios alpakos vilnos. Jie neda\u017eyti, tod\u0117l i\u0161laiko autenti\u0161kus gamtos atspalvius ir nat\u016bral\u0173 pluo\u0161to blizges\u012f. \u0160ie si\u016blai pasi\u017eymi ypatingu \u0161velnumu, \u0161iluma ir purumu, tod\u0117l puikiai tinka megztiniams, \u0161alikams, kardiganams ar kitiems jaukiems \u017eiemos drabu\u017eiams bei aksesuarams. Sud\u0117tis: 93 % alpaka, 7 % [&hellip;]","og_url":"https:\/\/happyinaknit.com\/lt\/produktas\/concept-by-katia-pure-alpaca-natural-colors\/","og_site_name":"Happyinaknit.com","article_modified_time":"2026-01-21T06:39:36+00:00","og_image":[{"width":1320,"height":1169,"url":"https:\/\/happyinaknit.com\/wp-content\/uploads\/2025\/10\/IMG_9618.jpg","type":"image\/jpeg"}],"twitter_card":"summary_large_image","twitter_misc":{"Est. reading time":"1 minut\u0117"},"schema":{"@context":"https:\/\/schema.org","@graph":[{"@type":"WebPage","@id":"https:\/\/happyinaknit.com\/produktas\/concept-by-katia-pure-alpaca-natural-colors\/","url":"https:\/\/happyinaknit.com\/produktas\/concept-by-katia-pure-alpaca-natural-colors\/","name":"Concept by Katia Pure Alpaca Natural Colors - Happyinaknit.com","isPartOf":{"@id":"https:\/\/happyinaknit.com\/lt\/#website"},"primaryImageOfPage":{"@id":"https:\/\/happyinaknit.com\/produktas\/concept-by-katia-pure-alpaca-natural-colors\/#primaryimage"},"image":{"@id":"https:\/\/happyinaknit.com\/produktas\/concept-by-katia-pure-alpaca-natural-colors\/#primaryimage"},"thumbnailUrl":"https:\/\/happyinaknit.com\/wp-content\/uploads\/2025\/10\/IMG_9618.jpg","datePublished":"2025-10-15T21:33:33+00:00","dateModified":"2026-01-21T06:39:36+00:00","breadcrumb":{"@id":"https:\/\/happyinaknit.com\/produktas\/concept-by-katia-pure-alpaca-natural-colors\/#breadcrumb"},"inLanguage":"lt-LT","potentialAction":[{"@type":"ReadAction","target":["https:\/\/happyinaknit.com\/produktas\/concept-by-katia-pure-alpaca-natural-colors\/"]}]},{"@type":"ImageObject","inLanguage":"lt-LT","@id":"https:\/\/happyinaknit.com\/produktas\/concept-by-katia-pure-alpaca-natural-colors\/#primaryimage","url":"https:\/\/happyinaknit.com\/wp-content\/uploads\/2025\/10\/IMG_9618.jpg","contentUrl":"https:\/\/happyinaknit.com\/wp-content\/uploads\/2025\/10\/IMG_9618.jpg","width":1320,"height":1169},{"@type":"BreadcrumbList","@id":"https:\/\/happyinaknit.com\/produktas\/concept-by-katia-pure-alpaca-natural-colors\/#breadcrumb","itemListElement":[{"@type":"ListItem","position":1,"name":"Home","item":"https:\/\/happyinaknit.com\/lt\/"},{"@type":"ListItem","position":2,"name":"Parduotuv\u0117","item":"https:\/\/happyinaknit.com\/lt\/parduotuve\/"},{"@type":"ListItem","position":3,"name":"Concept by Katia Pure Alpaca Natural Colors"}]},{"@type":"WebSite","@id":"https:\/\/happyinaknit.com\/lt\/#website","url":"https:\/\/happyinaknit.com\/lt\/","name":"Happyinaknit.com","description":"","potentialAction":[{"@type":"SearchAction","target":{"@type":"EntryPoint","urlTemplate":"https:\/\/happyinaknit.com\/lt\/?s={search_term_string}"},"query-input":{"@type":"PropertyValueSpecification","valueRequired":true,"valueName":"search_term_string"}}],"inLanguage":"lt-LT"}]}},"_links":{"self":[{"href":"https:\/\/happyinaknit.com\/lt\/wp-json\/wp\/v2\/product\/5437","targetHints":{"allow":["GET"]}}],"collection":[{"href":"https:\/\/happyinaknit.com\/lt\/wp-json\/wp\/v2\/product"}],"about":[{"href":"https:\/\/happyinaknit.com\/lt\/wp-json\/wp\/v2\/types\/product"}],"replies":[{"embeddable":true,"href":"https:\/\/happyinaknit.com\/lt\/wp-json\/wp\/v2\/comments?post=5437"}],"wp:featuredmedia":[{"embeddable":true,"href":"https:\/\/happyinaknit.com\/lt\/wp-json\/wp\/v2\/media\/4660"}],"wp:attachment":[{"href":"https:\/\/happyinaknit.com\/lt\/wp-json\/wp\/v2\/media?parent=5437"}],"wp:term":[{"taxonomy":"product_brand","embeddable":true,"href":"https:\/\/happyinaknit.com\/lt\/wp-json\/wp\/v2\/product_brand?post=5437"},{"taxonomy":"product_cat","embeddable":true,"href":"https:\/\/happyinaknit.com\/lt\/wp-json\/wp\/v2\/product_cat?post=5437"},{"taxonomy":"product_tag","embeddable":true,"href":"https:\/\/happyinaknit.com\/lt\/wp-json\/wp\/v2\/product_tag?post=5437"},{"taxonomy":"pro-kategorijos","embeddable":true,"href":"https:\/\/happyinaknit.com\/lt\/wp-json\/wp\/v2\/pro-kategorijos?post=5437"}],"curies":[{"name":"wp","href":"https:\/\/api.w.org\/{rel}","templated":true}]}}