{"id":5423,"date":"2025-10-15T21:17:55","date_gmt":"2025-10-15T21:17:55","guid":{"rendered":"https:\/\/happyinaknit.com\/?post_type=product&#038;p=5423"},"modified":"2025-11-13T19:52:14","modified_gmt":"2025-11-13T19:52:14","slug":"katia-love-wool","status":"publish","type":"product","link":"https:\/\/happyinaknit.com\/lt\/produktas\/katia-love-wool\/","title":{"rendered":"Katia Love Wool"},"content":{"rendered":"<p><strong data-start=\"25\" data-end=\"44\">Katia Love Wool<\/strong> \u2013 tai nat\u016bralios sud\u0117ties, itin \u0161ilti ir pur\u016bs si\u016blai, pasi\u017eymintys sodriomis, ry\u0161kiomis spalvomis. Stori ir mink\u0161ti, jie idealiai tinka megzti dideliais virbalais ar v\u0105\u0161eliu. I\u0161 \u0161i\u0173 si\u016bl\u0173 lengvai sukursite stambaus ra\u0161to megztinius, \u0161iltas antklodes, pagalv\u0117les ar jaukius kaklo movus \u2013 dviem kamuoliukais galima numegzti vis\u0105 mov\u0105!<\/p>\n<p data-start=\"382\" data-end=\"651\"><strong data-start=\"382\" data-end=\"394\">Sud\u0117tis:<\/strong> 85 % vilna, 15 % alpaka<br data-start=\"418\" data-end=\"421\" \/><strong data-start=\"421\" data-end=\"440\">Svoris \/ ilgis:<\/strong> 100 g &#8211; 50 m<br data-start=\"453\" data-end=\"456\" \/><strong data-start=\"456\" data-end=\"484\" data-is-only-node=\"\">Rekomenduojami virbalai:<\/strong> 12 \u2013 15 mm<br data-start=\"495\" data-end=\"498\" \/><strong data-start=\"498\" data-end=\"526\">Rekomenduojamas v\u0105\u0161elis:<\/strong> 9 mm<br data-start=\"531\" data-end=\"534\" \/><strong data-start=\"534\" data-end=\"547\">Tankumas:<\/strong> 10 \u00d7 10 cm \u2013 7 akys \u00d7 9 eil\u0117s<br data-start=\"577\" data-end=\"580\" \/><strong data-start=\"580\" data-end=\"607\">Sunaudojimas:<\/strong> megztiniui (M dydis) \u2013 apie 7 kamuoliukai<\/p>\n<p data-start=\"653\" data-end=\"764\"><strong data-start=\"653\" data-end=\"667\">Prie\u017ei\u016bra:<\/strong><br data-start=\"667\" data-end=\"670\" \/>Skalbti rankomis ne auk\u0161tesn\u0117je nei 30 \u00b0C temperat\u016broje, ned\u017eiovinti d\u017eiovykl\u0117je, nelyginti.<\/p>\n<p data-start=\"766\" data-end=\"854\" data-is-last-node=\"\" data-is-only-node=\"\"><strong data-start=\"766\" data-end=\"778\">Pastaba:<\/strong> spalv\u0173 atspalviai gali \u0161iek tiek skirtis priklausomai nuo \u012frenginio ekrano.<\/p>\n","protected":false},"excerpt":{"rendered":"<p>Katia Love Wool \u2013 tai nat\u016bralios sud\u0117ties, itin \u0161ilti ir pur\u016bs si\u016blai, pasi\u017eymintys sodriomis, ry\u0161kiomis spalvomis. Stori ir mink\u0161ti, jie idealiai tinka megzti dideliais virbalais ar v\u0105\u0161eliu. I\u0161 \u0161i\u0173 si\u016bl\u0173 lengvai sukursite stambaus ra\u0161to megztinius, \u0161iltas antklodes, pagalv\u0117les ar jaukius kaklo movus \u2013 dviem kamuoliukais galima numegzti vis\u0105 mov\u0105! Sud\u0117tis: 85 % vilna, 15 % [&hellip;]<\/p>\n","protected":false},"featured_media":4671,"comment_status":"open","ping_status":"closed","template":"","meta":{"_acf_changed":false},"product_brand":[69],"product_cat":[15,182,18],"product_tag":[33],"pro-kategorijos":[54,71],"class_list":{"0":"post-5423","1":"product","2":"type-product","3":"status-publish","4":"has-post-thumbnail","6":"product_brand-concept-by-katia","7":"product_cat-visi-produktai","8":"product_cat-ispardavimas","9":"product_cat-siulai","10":"product_tag-ispardavimas","11":"pro-kategorijos-alpaka","12":"pro-kategorijos-merino-vilna","14":"first","15":"instock","16":"sale","17":"shipping-taxable","18":"purchasable","19":"product-type-variable"},"acf":[],"yoast_head":"<!-- This site is optimized with the Yoast SEO plugin v26.8 - https:\/\/yoast.com\/product\/yoast-seo-wordpress\/ -->\n<title>Katia Love Wool - Happyinaknit.com<\/title>\n<meta name=\"robots\" content=\"index, follow, max-snippet:-1, max-image-preview:large, max-video-preview:-1\" \/>\n<link rel=\"canonical\" href=\"https:\/\/happyinaknit.com\/lt\/produktas\/katia-love-wool\/\" \/>\n<meta property=\"og:locale\" content=\"lt_LT\" \/>\n<meta property=\"og:type\" content=\"article\" \/>\n<meta property=\"og:title\" content=\"Katia Love Wool - Happyinaknit.com\" \/>\n<meta property=\"og:description\" content=\"Katia Love Wool \u2013 tai nat\u016bralios sud\u0117ties, itin \u0161ilti ir pur\u016bs si\u016blai, pasi\u017eymintys sodriomis, ry\u0161kiomis spalvomis. Stori ir mink\u0161ti, jie idealiai tinka megzti dideliais virbalais ar v\u0105\u0161eliu. I\u0161 \u0161i\u0173 si\u016bl\u0173 lengvai sukursite stambaus ra\u0161to megztinius, \u0161iltas antklodes, pagalv\u0117les ar jaukius kaklo movus \u2013 dviem kamuoliukais galima numegzti vis\u0105 mov\u0105! Sud\u0117tis: 85 % vilna, 15 % [&hellip;]\" \/>\n<meta property=\"og:url\" content=\"https:\/\/happyinaknit.com\/lt\/produktas\/katia-love-wool\/\" \/>\n<meta property=\"og:site_name\" content=\"Happyinaknit.com\" \/>\n<meta property=\"article:modified_time\" content=\"2025-11-13T19:52:14+00:00\" \/>\n<meta property=\"og:image\" content=\"https:\/\/happyinaknit.com\/wp-content\/uploads\/2025\/10\/IMG_9607.jpg\" \/>\n\t<meta property=\"og:image:width\" content=\"1319\" \/>\n\t<meta property=\"og:image:height\" content=\"1276\" \/>\n\t<meta property=\"og:image:type\" content=\"image\/jpeg\" \/>\n<meta name=\"twitter:card\" content=\"summary_large_image\" \/>\n<meta name=\"twitter:label1\" content=\"Est. reading time\" \/>\n\t<meta name=\"twitter:data1\" content=\"1 minut\u0117\" \/>\n<script type=\"application\/ld+json\" class=\"yoast-schema-graph\">{\"@context\":\"https:\/\/schema.org\",\"@graph\":[{\"@type\":\"WebPage\",\"@id\":\"https:\/\/happyinaknit.com\/produktas\/katia-love-wool\/\",\"url\":\"https:\/\/happyinaknit.com\/produktas\/katia-love-wool\/\",\"name\":\"Katia Love Wool - Happyinaknit.com\",\"isPartOf\":{\"@id\":\"https:\/\/happyinaknit.com\/lt\/#website\"},\"primaryImageOfPage\":{\"@id\":\"https:\/\/happyinaknit.com\/produktas\/katia-love-wool\/#primaryimage\"},\"image\":{\"@id\":\"https:\/\/happyinaknit.com\/produktas\/katia-love-wool\/#primaryimage\"},\"thumbnailUrl\":\"https:\/\/happyinaknit.com\/wp-content\/uploads\/2025\/10\/IMG_9607.jpg\",\"datePublished\":\"2025-10-15T21:17:55+00:00\",\"dateModified\":\"2025-11-13T19:52:14+00:00\",\"breadcrumb\":{\"@id\":\"https:\/\/happyinaknit.com\/produktas\/katia-love-wool\/#breadcrumb\"},\"inLanguage\":\"lt-LT\",\"potentialAction\":[{\"@type\":\"ReadAction\",\"target\":[\"https:\/\/happyinaknit.com\/produktas\/katia-love-wool\/\"]}]},{\"@type\":\"ImageObject\",\"inLanguage\":\"lt-LT\",\"@id\":\"https:\/\/happyinaknit.com\/produktas\/katia-love-wool\/#primaryimage\",\"url\":\"https:\/\/happyinaknit.com\/wp-content\/uploads\/2025\/10\/IMG_9607.jpg\",\"contentUrl\":\"https:\/\/happyinaknit.com\/wp-content\/uploads\/2025\/10\/IMG_9607.jpg\",\"width\":1319,\"height\":1276},{\"@type\":\"BreadcrumbList\",\"@id\":\"https:\/\/happyinaknit.com\/produktas\/katia-love-wool\/#breadcrumb\",\"itemListElement\":[{\"@type\":\"ListItem\",\"position\":1,\"name\":\"Home\",\"item\":\"https:\/\/happyinaknit.com\/lt\/\"},{\"@type\":\"ListItem\",\"position\":2,\"name\":\"Parduotuv\u0117\",\"item\":\"https:\/\/happyinaknit.com\/lt\/parduotuve\/\"},{\"@type\":\"ListItem\",\"position\":3,\"name\":\"Katia Love Wool\"}]},{\"@type\":\"WebSite\",\"@id\":\"https:\/\/happyinaknit.com\/lt\/#website\",\"url\":\"https:\/\/happyinaknit.com\/lt\/\",\"name\":\"Happyinaknit.com\",\"description\":\"\",\"potentialAction\":[{\"@type\":\"SearchAction\",\"target\":{\"@type\":\"EntryPoint\",\"urlTemplate\":\"https:\/\/happyinaknit.com\/lt\/?s={search_term_string}\"},\"query-input\":{\"@type\":\"PropertyValueSpecification\",\"valueRequired\":true,\"valueName\":\"search_term_string\"}}],\"inLanguage\":\"lt-LT\"}]}<\/script>\n<!-- \/ Yoast SEO plugin. -->","yoast_head_json":{"title":"Katia Love Wool - Happyinaknit.com","robots":{"index":"index","follow":"follow","max-snippet":"max-snippet:-1","max-image-preview":"max-image-preview:large","max-video-preview":"max-video-preview:-1"},"canonical":"https:\/\/happyinaknit.com\/lt\/produktas\/katia-love-wool\/","og_locale":"lt_LT","og_type":"article","og_title":"Katia Love Wool - Happyinaknit.com","og_description":"Katia Love Wool \u2013 tai nat\u016bralios sud\u0117ties, itin \u0161ilti ir pur\u016bs si\u016blai, pasi\u017eymintys sodriomis, ry\u0161kiomis spalvomis. Stori ir mink\u0161ti, jie idealiai tinka megzti dideliais virbalais ar v\u0105\u0161eliu. I\u0161 \u0161i\u0173 si\u016bl\u0173 lengvai sukursite stambaus ra\u0161to megztinius, \u0161iltas antklodes, pagalv\u0117les ar jaukius kaklo movus \u2013 dviem kamuoliukais galima numegzti vis\u0105 mov\u0105! Sud\u0117tis: 85 % vilna, 15 % [&hellip;]","og_url":"https:\/\/happyinaknit.com\/lt\/produktas\/katia-love-wool\/","og_site_name":"Happyinaknit.com","article_modified_time":"2025-11-13T19:52:14+00:00","og_image":[{"width":1319,"height":1276,"url":"https:\/\/happyinaknit.com\/wp-content\/uploads\/2025\/10\/IMG_9607.jpg","type":"image\/jpeg"}],"twitter_card":"summary_large_image","twitter_misc":{"Est. reading time":"1 minut\u0117"},"schema":{"@context":"https:\/\/schema.org","@graph":[{"@type":"WebPage","@id":"https:\/\/happyinaknit.com\/produktas\/katia-love-wool\/","url":"https:\/\/happyinaknit.com\/produktas\/katia-love-wool\/","name":"Katia Love Wool - Happyinaknit.com","isPartOf":{"@id":"https:\/\/happyinaknit.com\/lt\/#website"},"primaryImageOfPage":{"@id":"https:\/\/happyinaknit.com\/produktas\/katia-love-wool\/#primaryimage"},"image":{"@id":"https:\/\/happyinaknit.com\/produktas\/katia-love-wool\/#primaryimage"},"thumbnailUrl":"https:\/\/happyinaknit.com\/wp-content\/uploads\/2025\/10\/IMG_9607.jpg","datePublished":"2025-10-15T21:17:55+00:00","dateModified":"2025-11-13T19:52:14+00:00","breadcrumb":{"@id":"https:\/\/happyinaknit.com\/produktas\/katia-love-wool\/#breadcrumb"},"inLanguage":"lt-LT","potentialAction":[{"@type":"ReadAction","target":["https:\/\/happyinaknit.com\/produktas\/katia-love-wool\/"]}]},{"@type":"ImageObject","inLanguage":"lt-LT","@id":"https:\/\/happyinaknit.com\/produktas\/katia-love-wool\/#primaryimage","url":"https:\/\/happyinaknit.com\/wp-content\/uploads\/2025\/10\/IMG_9607.jpg","contentUrl":"https:\/\/happyinaknit.com\/wp-content\/uploads\/2025\/10\/IMG_9607.jpg","width":1319,"height":1276},{"@type":"BreadcrumbList","@id":"https:\/\/happyinaknit.com\/produktas\/katia-love-wool\/#breadcrumb","itemListElement":[{"@type":"ListItem","position":1,"name":"Home","item":"https:\/\/happyinaknit.com\/lt\/"},{"@type":"ListItem","position":2,"name":"Parduotuv\u0117","item":"https:\/\/happyinaknit.com\/lt\/parduotuve\/"},{"@type":"ListItem","position":3,"name":"Katia Love Wool"}]},{"@type":"WebSite","@id":"https:\/\/happyinaknit.com\/lt\/#website","url":"https:\/\/happyinaknit.com\/lt\/","name":"Happyinaknit.com","description":"","potentialAction":[{"@type":"SearchAction","target":{"@type":"EntryPoint","urlTemplate":"https:\/\/happyinaknit.com\/lt\/?s={search_term_string}"},"query-input":{"@type":"PropertyValueSpecification","valueRequired":true,"valueName":"search_term_string"}}],"inLanguage":"lt-LT"}]}},"_links":{"self":[{"href":"https:\/\/happyinaknit.com\/lt\/wp-json\/wp\/v2\/product\/5423","targetHints":{"allow":["GET"]}}],"collection":[{"href":"https:\/\/happyinaknit.com\/lt\/wp-json\/wp\/v2\/product"}],"about":[{"href":"https:\/\/happyinaknit.com\/lt\/wp-json\/wp\/v2\/types\/product"}],"replies":[{"embeddable":true,"href":"https:\/\/happyinaknit.com\/lt\/wp-json\/wp\/v2\/comments?post=5423"}],"wp:featuredmedia":[{"embeddable":true,"href":"https:\/\/happyinaknit.com\/lt\/wp-json\/wp\/v2\/media\/4671"}],"wp:attachment":[{"href":"https:\/\/happyinaknit.com\/lt\/wp-json\/wp\/v2\/media?parent=5423"}],"wp:term":[{"taxonomy":"product_brand","embeddable":true,"href":"https:\/\/happyinaknit.com\/lt\/wp-json\/wp\/v2\/product_brand?post=5423"},{"taxonomy":"product_cat","embeddable":true,"href":"https:\/\/happyinaknit.com\/lt\/wp-json\/wp\/v2\/product_cat?post=5423"},{"taxonomy":"product_tag","embeddable":true,"href":"https:\/\/happyinaknit.com\/lt\/wp-json\/wp\/v2\/product_tag?post=5423"},{"taxonomy":"pro-kategorijos","embeddable":true,"href":"https:\/\/happyinaknit.com\/lt\/wp-json\/wp\/v2\/pro-kategorijos?post=5423"}],"curies":[{"name":"wp","href":"https:\/\/api.w.org\/{rel}","templated":true}]}}