{"id":5390,"date":"2025-10-15T20:28:37","date_gmt":"2025-10-15T20:28:37","guid":{"rendered":"https:\/\/happyinaknit.com\/?post_type=product&#038;p=5390"},"modified":"2025-11-13T19:50:28","modified_gmt":"2025-11-13T19:50:28","slug":"concept-by-katia-soffiato","status":"publish","type":"product","link":"https:\/\/happyinaknit.com\/lt\/produktas\/concept-by-katia-soffiato\/","title":{"rendered":"Concept by Katia Soffiato"},"content":{"rendered":"<p data-start=\"35\" data-end=\"450\"><strong data-start=\"35\" data-end=\"64\">Concept by Katia Soffiato<\/strong> \u2013 tai itin \u0161veln\u016bs ir pur\u016bs si\u016blai, pagaminti i\u0161 auk\u0161tos kokyb\u0117s \u201esuperfine\u201c alpakos su nedideliu poliamido kiekiu, suteikian\u010diu si\u016blui tvirtumo ir lengvumo. Stora, mink\u0161ta gija leid\u017eia greitai megzti \u0161iltus, purius ir eleganti\u0161kus drabu\u017eius \u2013 megztinius, kardiganus, \u0161alikus ar kepures. D\u0117l savo apimties si\u016blai sukuria \u012fsp\u016bding\u0105 mezginio tekst\u016br\u0105, i\u0161laikydami ne\u012ftik\u0117tin\u0105 lengvum\u0105.<\/p>\n<p data-start=\"452\" data-end=\"702\"><strong data-start=\"452\" data-end=\"464\">Sud\u0117tis:<\/strong> 70 % \u201esuperfine\u201c alpaka, 30 % poliamidas<br data-start=\"505\" data-end=\"508\" \/><strong data-start=\"508\" data-end=\"527\">Svoris \/ ilgis:<\/strong> 100 g &#8211; 80 m<br data-start=\"540\" data-end=\"543\" \/><strong data-start=\"543\" data-end=\"571\" data-is-only-node=\"\">Rekomenduojami virbalai:<\/strong> 8 \u2013 9 mm<br data-start=\"580\" data-end=\"583\" \/><strong data-start=\"583\" data-end=\"596\">Tankumas:<\/strong> 10 \u00d7 10 cm \u2013 10 aki\u0173 \u00d7 14 eil\u0117s<br data-start=\"628\" data-end=\"631\" \/><strong data-start=\"631\" data-end=\"658\">Apytikris sunaudojimas:<\/strong> megztiniui (M dydis) \u2013 apie 6 kamuoliukai<\/p>\n<p data-start=\"704\" data-end=\"803\"><strong data-start=\"704\" data-end=\"718\">Prie\u017ei\u016bra:<\/strong><br data-start=\"718\" data-end=\"721\" \/>Skalbti rankomis v\u0117siame vandenyje, d\u017eiovinti patiesus horizontaliai, nelyginti.<\/p>\n<p data-start=\"805\" data-end=\"893\" data-is-last-node=\"\" data-is-only-node=\"\"><strong data-start=\"805\" data-end=\"817\">Pastaba:<\/strong> spalv\u0173 atspalviai gali \u0161iek tiek skirtis priklausomai nuo \u012frenginio ekrano.<\/p>\n","protected":false},"excerpt":{"rendered":"<p>Concept by Katia Soffiato \u2013 tai itin \u0161veln\u016bs ir pur\u016bs si\u016blai, pagaminti i\u0161 auk\u0161tos kokyb\u0117s \u201esuperfine\u201c alpakos su nedideliu poliamido kiekiu, suteikian\u010diu si\u016blui tvirtumo ir lengvumo. Stora, mink\u0161ta gija leid\u017eia greitai megzti \u0161iltus, purius ir eleganti\u0161kus drabu\u017eius \u2013 megztinius, kardiganus, \u0161alikus ar kepures. D\u0117l savo apimties si\u016blai sukuria \u012fsp\u016bding\u0105 mezginio tekst\u016br\u0105, i\u0161laikydami ne\u012ftik\u0117tin\u0105 lengvum\u0105. Sud\u0117tis: [&hellip;]<\/p>\n","protected":false},"featured_media":4693,"comment_status":"open","ping_status":"closed","template":"","meta":{"_acf_changed":false},"product_brand":[69],"product_cat":[15,182,18],"product_tag":[33],"pro-kategorijos":[54],"class_list":{"0":"post-5390","1":"product","2":"type-product","3":"status-publish","4":"has-post-thumbnail","6":"product_brand-concept-by-katia","7":"product_cat-visi-produktai","8":"product_cat-ispardavimas","9":"product_cat-siulai","10":"product_tag-ispardavimas","11":"pro-kategorijos-alpaka","13":"first","14":"instock","15":"sale","16":"shipping-taxable","17":"purchasable","18":"product-type-variable"},"acf":[],"yoast_head":"<!-- This site is optimized with the Yoast SEO plugin v26.8 - https:\/\/yoast.com\/product\/yoast-seo-wordpress\/ -->\n<title>Concept by Katia Soffiato - Happyinaknit.com<\/title>\n<meta name=\"robots\" content=\"index, follow, max-snippet:-1, max-image-preview:large, max-video-preview:-1\" \/>\n<link rel=\"canonical\" href=\"https:\/\/happyinaknit.com\/lt\/produktas\/concept-by-katia-soffiato\/\" \/>\n<meta property=\"og:locale\" content=\"lt_LT\" \/>\n<meta property=\"og:type\" content=\"article\" \/>\n<meta property=\"og:title\" content=\"Concept by Katia Soffiato - Happyinaknit.com\" \/>\n<meta property=\"og:description\" content=\"Concept by Katia Soffiato \u2013 tai itin \u0161veln\u016bs ir pur\u016bs si\u016blai, pagaminti i\u0161 auk\u0161tos kokyb\u0117s \u201esuperfine\u201c alpakos su nedideliu poliamido kiekiu, suteikian\u010diu si\u016blui tvirtumo ir lengvumo. Stora, mink\u0161ta gija leid\u017eia greitai megzti \u0161iltus, purius ir eleganti\u0161kus drabu\u017eius \u2013 megztinius, kardiganus, \u0161alikus ar kepures. D\u0117l savo apimties si\u016blai sukuria \u012fsp\u016bding\u0105 mezginio tekst\u016br\u0105, i\u0161laikydami ne\u012ftik\u0117tin\u0105 lengvum\u0105. Sud\u0117tis: [&hellip;]\" \/>\n<meta property=\"og:url\" content=\"https:\/\/happyinaknit.com\/lt\/produktas\/concept-by-katia-soffiato\/\" \/>\n<meta property=\"og:site_name\" content=\"Happyinaknit.com\" \/>\n<meta property=\"article:modified_time\" content=\"2025-11-13T19:50:28+00:00\" \/>\n<meta property=\"og:image\" content=\"https:\/\/happyinaknit.com\/wp-content\/uploads\/2025\/10\/IMG_9584.jpg\" \/>\n\t<meta property=\"og:image:width\" content=\"1320\" \/>\n\t<meta property=\"og:image:height\" content=\"1164\" \/>\n\t<meta property=\"og:image:type\" content=\"image\/jpeg\" \/>\n<meta name=\"twitter:card\" content=\"summary_large_image\" \/>\n<meta name=\"twitter:label1\" content=\"Est. reading time\" \/>\n\t<meta name=\"twitter:data1\" content=\"1 minut\u0117\" \/>\n<script type=\"application\/ld+json\" class=\"yoast-schema-graph\">{\"@context\":\"https:\/\/schema.org\",\"@graph\":[{\"@type\":\"WebPage\",\"@id\":\"https:\/\/happyinaknit.com\/produktas\/concept-by-katia-soffiato\/\",\"url\":\"https:\/\/happyinaknit.com\/produktas\/concept-by-katia-soffiato\/\",\"name\":\"Concept by Katia Soffiato - Happyinaknit.com\",\"isPartOf\":{\"@id\":\"https:\/\/happyinaknit.com\/lt\/#website\"},\"primaryImageOfPage\":{\"@id\":\"https:\/\/happyinaknit.com\/produktas\/concept-by-katia-soffiato\/#primaryimage\"},\"image\":{\"@id\":\"https:\/\/happyinaknit.com\/produktas\/concept-by-katia-soffiato\/#primaryimage\"},\"thumbnailUrl\":\"https:\/\/happyinaknit.com\/wp-content\/uploads\/2025\/10\/IMG_9584.jpg\",\"datePublished\":\"2025-10-15T20:28:37+00:00\",\"dateModified\":\"2025-11-13T19:50:28+00:00\",\"breadcrumb\":{\"@id\":\"https:\/\/happyinaknit.com\/produktas\/concept-by-katia-soffiato\/#breadcrumb\"},\"inLanguage\":\"lt-LT\",\"potentialAction\":[{\"@type\":\"ReadAction\",\"target\":[\"https:\/\/happyinaknit.com\/produktas\/concept-by-katia-soffiato\/\"]}]},{\"@type\":\"ImageObject\",\"inLanguage\":\"lt-LT\",\"@id\":\"https:\/\/happyinaknit.com\/produktas\/concept-by-katia-soffiato\/#primaryimage\",\"url\":\"https:\/\/happyinaknit.com\/wp-content\/uploads\/2025\/10\/IMG_9584.jpg\",\"contentUrl\":\"https:\/\/happyinaknit.com\/wp-content\/uploads\/2025\/10\/IMG_9584.jpg\",\"width\":1320,\"height\":1164},{\"@type\":\"BreadcrumbList\",\"@id\":\"https:\/\/happyinaknit.com\/produktas\/concept-by-katia-soffiato\/#breadcrumb\",\"itemListElement\":[{\"@type\":\"ListItem\",\"position\":1,\"name\":\"Home\",\"item\":\"https:\/\/happyinaknit.com\/lt\/\"},{\"@type\":\"ListItem\",\"position\":2,\"name\":\"Parduotuv\u0117\",\"item\":\"https:\/\/happyinaknit.com\/lt\/parduotuve\/\"},{\"@type\":\"ListItem\",\"position\":3,\"name\":\"Concept by Katia Soffiato\"}]},{\"@type\":\"WebSite\",\"@id\":\"https:\/\/happyinaknit.com\/lt\/#website\",\"url\":\"https:\/\/happyinaknit.com\/lt\/\",\"name\":\"Happyinaknit.com\",\"description\":\"\",\"potentialAction\":[{\"@type\":\"SearchAction\",\"target\":{\"@type\":\"EntryPoint\",\"urlTemplate\":\"https:\/\/happyinaknit.com\/lt\/?s={search_term_string}\"},\"query-input\":{\"@type\":\"PropertyValueSpecification\",\"valueRequired\":true,\"valueName\":\"search_term_string\"}}],\"inLanguage\":\"lt-LT\"}]}<\/script>\n<!-- \/ Yoast SEO plugin. -->","yoast_head_json":{"title":"Concept by Katia Soffiato - Happyinaknit.com","robots":{"index":"index","follow":"follow","max-snippet":"max-snippet:-1","max-image-preview":"max-image-preview:large","max-video-preview":"max-video-preview:-1"},"canonical":"https:\/\/happyinaknit.com\/lt\/produktas\/concept-by-katia-soffiato\/","og_locale":"lt_LT","og_type":"article","og_title":"Concept by Katia Soffiato - Happyinaknit.com","og_description":"Concept by Katia Soffiato \u2013 tai itin \u0161veln\u016bs ir pur\u016bs si\u016blai, pagaminti i\u0161 auk\u0161tos kokyb\u0117s \u201esuperfine\u201c alpakos su nedideliu poliamido kiekiu, suteikian\u010diu si\u016blui tvirtumo ir lengvumo. Stora, mink\u0161ta gija leid\u017eia greitai megzti \u0161iltus, purius ir eleganti\u0161kus drabu\u017eius \u2013 megztinius, kardiganus, \u0161alikus ar kepures. D\u0117l savo apimties si\u016blai sukuria \u012fsp\u016bding\u0105 mezginio tekst\u016br\u0105, i\u0161laikydami ne\u012ftik\u0117tin\u0105 lengvum\u0105. Sud\u0117tis: [&hellip;]","og_url":"https:\/\/happyinaknit.com\/lt\/produktas\/concept-by-katia-soffiato\/","og_site_name":"Happyinaknit.com","article_modified_time":"2025-11-13T19:50:28+00:00","og_image":[{"width":1320,"height":1164,"url":"https:\/\/happyinaknit.com\/wp-content\/uploads\/2025\/10\/IMG_9584.jpg","type":"image\/jpeg"}],"twitter_card":"summary_large_image","twitter_misc":{"Est. reading time":"1 minut\u0117"},"schema":{"@context":"https:\/\/schema.org","@graph":[{"@type":"WebPage","@id":"https:\/\/happyinaknit.com\/produktas\/concept-by-katia-soffiato\/","url":"https:\/\/happyinaknit.com\/produktas\/concept-by-katia-soffiato\/","name":"Concept by Katia Soffiato - Happyinaknit.com","isPartOf":{"@id":"https:\/\/happyinaknit.com\/lt\/#website"},"primaryImageOfPage":{"@id":"https:\/\/happyinaknit.com\/produktas\/concept-by-katia-soffiato\/#primaryimage"},"image":{"@id":"https:\/\/happyinaknit.com\/produktas\/concept-by-katia-soffiato\/#primaryimage"},"thumbnailUrl":"https:\/\/happyinaknit.com\/wp-content\/uploads\/2025\/10\/IMG_9584.jpg","datePublished":"2025-10-15T20:28:37+00:00","dateModified":"2025-11-13T19:50:28+00:00","breadcrumb":{"@id":"https:\/\/happyinaknit.com\/produktas\/concept-by-katia-soffiato\/#breadcrumb"},"inLanguage":"lt-LT","potentialAction":[{"@type":"ReadAction","target":["https:\/\/happyinaknit.com\/produktas\/concept-by-katia-soffiato\/"]}]},{"@type":"ImageObject","inLanguage":"lt-LT","@id":"https:\/\/happyinaknit.com\/produktas\/concept-by-katia-soffiato\/#primaryimage","url":"https:\/\/happyinaknit.com\/wp-content\/uploads\/2025\/10\/IMG_9584.jpg","contentUrl":"https:\/\/happyinaknit.com\/wp-content\/uploads\/2025\/10\/IMG_9584.jpg","width":1320,"height":1164},{"@type":"BreadcrumbList","@id":"https:\/\/happyinaknit.com\/produktas\/concept-by-katia-soffiato\/#breadcrumb","itemListElement":[{"@type":"ListItem","position":1,"name":"Home","item":"https:\/\/happyinaknit.com\/lt\/"},{"@type":"ListItem","position":2,"name":"Parduotuv\u0117","item":"https:\/\/happyinaknit.com\/lt\/parduotuve\/"},{"@type":"ListItem","position":3,"name":"Concept by Katia Soffiato"}]},{"@type":"WebSite","@id":"https:\/\/happyinaknit.com\/lt\/#website","url":"https:\/\/happyinaknit.com\/lt\/","name":"Happyinaknit.com","description":"","potentialAction":[{"@type":"SearchAction","target":{"@type":"EntryPoint","urlTemplate":"https:\/\/happyinaknit.com\/lt\/?s={search_term_string}"},"query-input":{"@type":"PropertyValueSpecification","valueRequired":true,"valueName":"search_term_string"}}],"inLanguage":"lt-LT"}]}},"_links":{"self":[{"href":"https:\/\/happyinaknit.com\/lt\/wp-json\/wp\/v2\/product\/5390","targetHints":{"allow":["GET"]}}],"collection":[{"href":"https:\/\/happyinaknit.com\/lt\/wp-json\/wp\/v2\/product"}],"about":[{"href":"https:\/\/happyinaknit.com\/lt\/wp-json\/wp\/v2\/types\/product"}],"replies":[{"embeddable":true,"href":"https:\/\/happyinaknit.com\/lt\/wp-json\/wp\/v2\/comments?post=5390"}],"wp:featuredmedia":[{"embeddable":true,"href":"https:\/\/happyinaknit.com\/lt\/wp-json\/wp\/v2\/media\/4693"}],"wp:attachment":[{"href":"https:\/\/happyinaknit.com\/lt\/wp-json\/wp\/v2\/media?parent=5390"}],"wp:term":[{"taxonomy":"product_brand","embeddable":true,"href":"https:\/\/happyinaknit.com\/lt\/wp-json\/wp\/v2\/product_brand?post=5390"},{"taxonomy":"product_cat","embeddable":true,"href":"https:\/\/happyinaknit.com\/lt\/wp-json\/wp\/v2\/product_cat?post=5390"},{"taxonomy":"product_tag","embeddable":true,"href":"https:\/\/happyinaknit.com\/lt\/wp-json\/wp\/v2\/product_tag?post=5390"},{"taxonomy":"pro-kategorijos","embeddable":true,"href":"https:\/\/happyinaknit.com\/lt\/wp-json\/wp\/v2\/pro-kategorijos?post=5390"}],"curies":[{"name":"wp","href":"https:\/\/api.w.org\/{rel}","templated":true}]}}