{"id":5385,"date":"2025-10-15T20:20:57","date_gmt":"2025-10-15T20:20:57","guid":{"rendered":"https:\/\/happyinaknit.com\/?post_type=product&#038;p=5385"},"modified":"2025-11-13T19:50:08","modified_gmt":"2025-11-13T19:50:08","slug":"concept-by-katia-babilonia","status":"publish","type":"product","link":"https:\/\/happyinaknit.com\/lt\/produktas\/concept-by-katia-babilonia\/","title":{"rendered":"Concept by Katia Babilonia"},"content":{"rendered":"<p data-start=\"36\" data-end=\"456\"><strong data-start=\"36\" data-end=\"66\">Concept by Katia Babilonia<\/strong> \u2013 tai \u00a0\u0161veln\u016bs si\u016blai, pagaminti i\u0161 \u0161ukuotin\u0117s medviln\u0117s ir viskoz\u0117s derinio. D\u0117l savo sud\u0117ties si\u016blai pasi\u017eymi subtiliu nat\u016braliu \u017evilgesiu, lengvumu ir itin malonia tekst\u016bra. Puikiai tinka pavasario ir vasaros mezginiams \u2013 megztiniams, kardiganams ar palaidin\u0117ms. Mezginius i\u0161 Babilonia si\u016bl\u0173 malonu d\u0117v\u0117ti net ir kar\u0161tomis dienomis \u2013 jie priglunda prie k\u016bno, bet \u201ekv\u0117puoja\u201c.<\/p>\n<p data-start=\"458\" data-end=\"707\"><strong data-start=\"458\" data-end=\"470\">Sud\u0117tis:<\/strong> 70 % \u0161ukuotin\u0117 medviln\u0117, 30 % viskoz\u0117<br data-start=\"508\" data-end=\"511\" \/><strong data-start=\"511\" data-end=\"530\">Svoris \/ ilgis:<\/strong> 50 g &#8211; 110 m<br data-start=\"543\" data-end=\"546\" \/><strong data-start=\"546\" data-end=\"574\" data-is-only-node=\"\">Rekomenduojami virbalai:<\/strong> 4 \u2013 4,5 mm<br data-start=\"585\" data-end=\"588\" \/><strong data-start=\"588\" data-end=\"601\">Tankumas:<\/strong> 10 \u00d7 10 cm \u2013 21 akis \u00d7 28 eil\u0117s<br data-start=\"633\" data-end=\"636\" \/><strong data-start=\"636\" data-end=\"663\">Apytikris sunaudojimas:<\/strong> megztiniui (M dydis) \u2013 apie 9 kamuoliukai<\/p>\n<p data-start=\"709\" data-end=\"854\"><strong data-start=\"709\" data-end=\"723\">Prie\u017ei\u016bra:<\/strong><br data-start=\"723\" data-end=\"726\" \/>Skalbti rankomis arba vilnos \/ \u0161velni\u0173 audini\u0173 re\u017eimu iki 30 \u00b0C, d\u017eiovinti patiesus horizontaliai, nelyginti kar\u0161tu lygintuvu.<\/p>\n<p data-start=\"856\" data-end=\"944\" data-is-last-node=\"\" data-is-only-node=\"\"><strong data-start=\"856\" data-end=\"868\">Pastaba:<\/strong> spalv\u0173 atspalviai gali \u0161iek tiek skirtis priklausomai nuo \u012frenginio ekrano.<\/p>\n","protected":false},"excerpt":{"rendered":"<p>Concept by Katia Babilonia \u2013 tai \u00a0\u0161veln\u016bs si\u016blai, pagaminti i\u0161 \u0161ukuotin\u0117s medviln\u0117s ir viskoz\u0117s derinio. D\u0117l savo sud\u0117ties si\u016blai pasi\u017eymi subtiliu nat\u016braliu \u017evilgesiu, lengvumu ir itin malonia tekst\u016bra. Puikiai tinka pavasario ir vasaros mezginiams \u2013 megztiniams, kardiganams ar palaidin\u0117ms. Mezginius i\u0161 Babilonia si\u016bl\u0173 malonu d\u0117v\u0117ti net ir kar\u0161tomis dienomis \u2013 jie priglunda prie k\u016bno, bet [&hellip;]<\/p>\n","protected":false},"featured_media":4695,"comment_status":"open","ping_status":"closed","template":"","meta":{"_acf_changed":false},"product_brand":[69],"product_cat":[15,182,18],"product_tag":[33],"pro-kategorijos":[55,78],"class_list":{"0":"post-5385","1":"product","2":"type-product","3":"status-publish","4":"has-post-thumbnail","6":"product_brand-concept-by-katia","7":"product_cat-visi-produktai","8":"product_cat-ispardavimas","9":"product_cat-siulai","10":"product_tag-ispardavimas","11":"pro-kategorijos-medvilne","12":"pro-kategorijos-viskoze","14":"first","15":"instock","16":"sale","17":"shipping-taxable","18":"purchasable","19":"product-type-simple"},"acf":[],"yoast_head":"<!-- This site is optimized with the Yoast SEO plugin v26.8 - https:\/\/yoast.com\/product\/yoast-seo-wordpress\/ -->\n<title>Concept by Katia Babilonia - Happyinaknit.com<\/title>\n<meta name=\"robots\" content=\"index, follow, max-snippet:-1, max-image-preview:large, max-video-preview:-1\" \/>\n<link rel=\"canonical\" href=\"https:\/\/happyinaknit.com\/lt\/produktas\/concept-by-katia-babilonia\/\" \/>\n<meta property=\"og:locale\" content=\"lt_LT\" \/>\n<meta property=\"og:type\" content=\"article\" \/>\n<meta property=\"og:title\" content=\"Concept by Katia Babilonia - Happyinaknit.com\" \/>\n<meta property=\"og:description\" content=\"Concept by Katia Babilonia \u2013 tai \u00a0\u0161veln\u016bs si\u016blai, pagaminti i\u0161 \u0161ukuotin\u0117s medviln\u0117s ir viskoz\u0117s derinio. D\u0117l savo sud\u0117ties si\u016blai pasi\u017eymi subtiliu nat\u016braliu \u017evilgesiu, lengvumu ir itin malonia tekst\u016bra. Puikiai tinka pavasario ir vasaros mezginiams \u2013 megztiniams, kardiganams ar palaidin\u0117ms. Mezginius i\u0161 Babilonia si\u016bl\u0173 malonu d\u0117v\u0117ti net ir kar\u0161tomis dienomis \u2013 jie priglunda prie k\u016bno, bet [&hellip;]\" \/>\n<meta property=\"og:url\" content=\"https:\/\/happyinaknit.com\/lt\/produktas\/concept-by-katia-babilonia\/\" \/>\n<meta property=\"og:site_name\" content=\"Happyinaknit.com\" \/>\n<meta property=\"article:modified_time\" content=\"2025-11-13T19:50:08+00:00\" \/>\n<meta property=\"og:image\" content=\"https:\/\/happyinaknit.com\/wp-content\/uploads\/2025\/10\/IMG_9582.jpg\" \/>\n\t<meta property=\"og:image:width\" content=\"1320\" \/>\n\t<meta property=\"og:image:height\" content=\"1203\" \/>\n\t<meta property=\"og:image:type\" content=\"image\/jpeg\" \/>\n<meta name=\"twitter:card\" content=\"summary_large_image\" \/>\n<meta name=\"twitter:label1\" content=\"Est. reading time\" \/>\n\t<meta name=\"twitter:data1\" content=\"1 minut\u0117\" \/>\n<script type=\"application\/ld+json\" class=\"yoast-schema-graph\">{\"@context\":\"https:\/\/schema.org\",\"@graph\":[{\"@type\":\"WebPage\",\"@id\":\"https:\/\/happyinaknit.com\/produktas\/concept-by-katia-babilonia\/\",\"url\":\"https:\/\/happyinaknit.com\/produktas\/concept-by-katia-babilonia\/\",\"name\":\"Concept by Katia Babilonia - Happyinaknit.com\",\"isPartOf\":{\"@id\":\"https:\/\/happyinaknit.com\/lt\/#website\"},\"primaryImageOfPage\":{\"@id\":\"https:\/\/happyinaknit.com\/produktas\/concept-by-katia-babilonia\/#primaryimage\"},\"image\":{\"@id\":\"https:\/\/happyinaknit.com\/produktas\/concept-by-katia-babilonia\/#primaryimage\"},\"thumbnailUrl\":\"https:\/\/happyinaknit.com\/wp-content\/uploads\/2025\/10\/IMG_9582.jpg\",\"datePublished\":\"2025-10-15T20:20:57+00:00\",\"dateModified\":\"2025-11-13T19:50:08+00:00\",\"breadcrumb\":{\"@id\":\"https:\/\/happyinaknit.com\/produktas\/concept-by-katia-babilonia\/#breadcrumb\"},\"inLanguage\":\"lt-LT\",\"potentialAction\":[{\"@type\":\"ReadAction\",\"target\":[\"https:\/\/happyinaknit.com\/produktas\/concept-by-katia-babilonia\/\"]}]},{\"@type\":\"ImageObject\",\"inLanguage\":\"lt-LT\",\"@id\":\"https:\/\/happyinaknit.com\/produktas\/concept-by-katia-babilonia\/#primaryimage\",\"url\":\"https:\/\/happyinaknit.com\/wp-content\/uploads\/2025\/10\/IMG_9582.jpg\",\"contentUrl\":\"https:\/\/happyinaknit.com\/wp-content\/uploads\/2025\/10\/IMG_9582.jpg\",\"width\":1320,\"height\":1203},{\"@type\":\"BreadcrumbList\",\"@id\":\"https:\/\/happyinaknit.com\/produktas\/concept-by-katia-babilonia\/#breadcrumb\",\"itemListElement\":[{\"@type\":\"ListItem\",\"position\":1,\"name\":\"Home\",\"item\":\"https:\/\/happyinaknit.com\/lt\/\"},{\"@type\":\"ListItem\",\"position\":2,\"name\":\"Parduotuv\u0117\",\"item\":\"https:\/\/happyinaknit.com\/lt\/parduotuve\/\"},{\"@type\":\"ListItem\",\"position\":3,\"name\":\"Concept by Katia Babilonia\"}]},{\"@type\":\"WebSite\",\"@id\":\"https:\/\/happyinaknit.com\/lt\/#website\",\"url\":\"https:\/\/happyinaknit.com\/lt\/\",\"name\":\"Happyinaknit.com\",\"description\":\"\",\"potentialAction\":[{\"@type\":\"SearchAction\",\"target\":{\"@type\":\"EntryPoint\",\"urlTemplate\":\"https:\/\/happyinaknit.com\/lt\/?s={search_term_string}\"},\"query-input\":{\"@type\":\"PropertyValueSpecification\",\"valueRequired\":true,\"valueName\":\"search_term_string\"}}],\"inLanguage\":\"lt-LT\"}]}<\/script>\n<!-- \/ Yoast SEO plugin. -->","yoast_head_json":{"title":"Concept by Katia Babilonia - Happyinaknit.com","robots":{"index":"index","follow":"follow","max-snippet":"max-snippet:-1","max-image-preview":"max-image-preview:large","max-video-preview":"max-video-preview:-1"},"canonical":"https:\/\/happyinaknit.com\/lt\/produktas\/concept-by-katia-babilonia\/","og_locale":"lt_LT","og_type":"article","og_title":"Concept by Katia Babilonia - Happyinaknit.com","og_description":"Concept by Katia Babilonia \u2013 tai \u00a0\u0161veln\u016bs si\u016blai, pagaminti i\u0161 \u0161ukuotin\u0117s medviln\u0117s ir viskoz\u0117s derinio. D\u0117l savo sud\u0117ties si\u016blai pasi\u017eymi subtiliu nat\u016braliu \u017evilgesiu, lengvumu ir itin malonia tekst\u016bra. Puikiai tinka pavasario ir vasaros mezginiams \u2013 megztiniams, kardiganams ar palaidin\u0117ms. Mezginius i\u0161 Babilonia si\u016bl\u0173 malonu d\u0117v\u0117ti net ir kar\u0161tomis dienomis \u2013 jie priglunda prie k\u016bno, bet [&hellip;]","og_url":"https:\/\/happyinaknit.com\/lt\/produktas\/concept-by-katia-babilonia\/","og_site_name":"Happyinaknit.com","article_modified_time":"2025-11-13T19:50:08+00:00","og_image":[{"width":1320,"height":1203,"url":"https:\/\/happyinaknit.com\/wp-content\/uploads\/2025\/10\/IMG_9582.jpg","type":"image\/jpeg"}],"twitter_card":"summary_large_image","twitter_misc":{"Est. reading time":"1 minut\u0117"},"schema":{"@context":"https:\/\/schema.org","@graph":[{"@type":"WebPage","@id":"https:\/\/happyinaknit.com\/produktas\/concept-by-katia-babilonia\/","url":"https:\/\/happyinaknit.com\/produktas\/concept-by-katia-babilonia\/","name":"Concept by Katia Babilonia - Happyinaknit.com","isPartOf":{"@id":"https:\/\/happyinaknit.com\/lt\/#website"},"primaryImageOfPage":{"@id":"https:\/\/happyinaknit.com\/produktas\/concept-by-katia-babilonia\/#primaryimage"},"image":{"@id":"https:\/\/happyinaknit.com\/produktas\/concept-by-katia-babilonia\/#primaryimage"},"thumbnailUrl":"https:\/\/happyinaknit.com\/wp-content\/uploads\/2025\/10\/IMG_9582.jpg","datePublished":"2025-10-15T20:20:57+00:00","dateModified":"2025-11-13T19:50:08+00:00","breadcrumb":{"@id":"https:\/\/happyinaknit.com\/produktas\/concept-by-katia-babilonia\/#breadcrumb"},"inLanguage":"lt-LT","potentialAction":[{"@type":"ReadAction","target":["https:\/\/happyinaknit.com\/produktas\/concept-by-katia-babilonia\/"]}]},{"@type":"ImageObject","inLanguage":"lt-LT","@id":"https:\/\/happyinaknit.com\/produktas\/concept-by-katia-babilonia\/#primaryimage","url":"https:\/\/happyinaknit.com\/wp-content\/uploads\/2025\/10\/IMG_9582.jpg","contentUrl":"https:\/\/happyinaknit.com\/wp-content\/uploads\/2025\/10\/IMG_9582.jpg","width":1320,"height":1203},{"@type":"BreadcrumbList","@id":"https:\/\/happyinaknit.com\/produktas\/concept-by-katia-babilonia\/#breadcrumb","itemListElement":[{"@type":"ListItem","position":1,"name":"Home","item":"https:\/\/happyinaknit.com\/lt\/"},{"@type":"ListItem","position":2,"name":"Parduotuv\u0117","item":"https:\/\/happyinaknit.com\/lt\/parduotuve\/"},{"@type":"ListItem","position":3,"name":"Concept by Katia Babilonia"}]},{"@type":"WebSite","@id":"https:\/\/happyinaknit.com\/lt\/#website","url":"https:\/\/happyinaknit.com\/lt\/","name":"Happyinaknit.com","description":"","potentialAction":[{"@type":"SearchAction","target":{"@type":"EntryPoint","urlTemplate":"https:\/\/happyinaknit.com\/lt\/?s={search_term_string}"},"query-input":{"@type":"PropertyValueSpecification","valueRequired":true,"valueName":"search_term_string"}}],"inLanguage":"lt-LT"}]}},"_links":{"self":[{"href":"https:\/\/happyinaknit.com\/lt\/wp-json\/wp\/v2\/product\/5385","targetHints":{"allow":["GET"]}}],"collection":[{"href":"https:\/\/happyinaknit.com\/lt\/wp-json\/wp\/v2\/product"}],"about":[{"href":"https:\/\/happyinaknit.com\/lt\/wp-json\/wp\/v2\/types\/product"}],"replies":[{"embeddable":true,"href":"https:\/\/happyinaknit.com\/lt\/wp-json\/wp\/v2\/comments?post=5385"}],"wp:featuredmedia":[{"embeddable":true,"href":"https:\/\/happyinaknit.com\/lt\/wp-json\/wp\/v2\/media\/4695"}],"wp:attachment":[{"href":"https:\/\/happyinaknit.com\/lt\/wp-json\/wp\/v2\/media?parent=5385"}],"wp:term":[{"taxonomy":"product_brand","embeddable":true,"href":"https:\/\/happyinaknit.com\/lt\/wp-json\/wp\/v2\/product_brand?post=5385"},{"taxonomy":"product_cat","embeddable":true,"href":"https:\/\/happyinaknit.com\/lt\/wp-json\/wp\/v2\/product_cat?post=5385"},{"taxonomy":"product_tag","embeddable":true,"href":"https:\/\/happyinaknit.com\/lt\/wp-json\/wp\/v2\/product_tag?post=5385"},{"taxonomy":"pro-kategorijos","embeddable":true,"href":"https:\/\/happyinaknit.com\/lt\/wp-json\/wp\/v2\/pro-kategorijos?post=5385"}],"curies":[{"name":"wp","href":"https:\/\/api.w.org\/{rel}","templated":true}]}}