{"id":5356,"date":"2025-10-15T19:42:05","date_gmt":"2025-10-15T19:42:05","guid":{"rendered":"https:\/\/happyinaknit.com\/?post_type=product&#038;p=5356"},"modified":"2026-03-26T14:41:59","modified_gmt":"2026-03-26T14:41:59","slug":"concept-by-katia-alpaca-silver","status":"publish","type":"product","link":"https:\/\/happyinaknit.com\/lt\/produktas\/concept-by-katia-alpaca-silver\/","title":{"rendered":"Concept by Katia Alpaca Silver"},"content":{"rendered":"<p data-start=\"40\" data-end=\"400\"><strong data-start=\"40\" data-end=\"74\">Concept by Katia Alpaca Silver<\/strong> \u2013 tai \u0161veln\u016bs, lengvi ir subtiliai \u017evilgantys si\u016blai, sukurti i\u0161 prabangios \u201eSuperfine\u201c alpakos ir poliesterio. Sidabrinio spindesio gija suteikia si\u016blui rafinuotumo, o puri tekst\u016bra u\u017etikrina \u0161ilum\u0105 ir ypating\u0105 komfort\u0105. Puikiai tinka megztiniams, kardiganams, \u0161alikams ar skaroms \u2013 mezginiai atrodo eleganti\u0161kai ir jaukiai.<\/p>\n<p data-start=\"402\" data-end=\"671\"><strong data-start=\"402\" data-end=\"414\">Sud\u0117tis:<\/strong> 73 % alpaka, 20 % poliamidas, 7 % poliesteris<br data-start=\"460\" data-end=\"463\" \/><strong data-start=\"463\" data-end=\"482\">Svoris \/ ilgis:<\/strong> 25 g &#8211; 120 m<br data-start=\"495\" data-end=\"498\" \/><strong data-start=\"498\" data-end=\"526\" data-is-only-node=\"\">Rekomenduojami virbalai:<\/strong> 4 \u2013 4,5 mm<br data-start=\"537\" data-end=\"540\" \/><strong data-start=\"540\" data-end=\"553\">Tankumas:<\/strong> 10 \u00d7 10 cm \u2013 19 akys \u00d7 28 eil\u0117s<br data-start=\"585\" data-end=\"588\" \/><strong data-start=\"588\" data-end=\"615\">Apytikris sunaudojimas:<\/strong> moteri\u0161kam megztiniui (46 dydis) \u2013 apie 8 kamuoliukai<\/p>\n<p data-start=\"673\" data-end=\"810\"><strong data-start=\"673\" data-end=\"687\">Prie\u017ei\u016bra:<\/strong><br data-start=\"687\" data-end=\"690\" \/>Skalbti rankomis ne auk\u0161tesn\u0117je nei 30 \u00b0C temperat\u016broje, d\u017eiovinti patiesus horizontaliai, nelyginti kar\u0161tu lygintuvu.<\/p>\n<p data-start=\"812\" data-end=\"900\" data-is-last-node=\"\" data-is-only-node=\"\"><strong data-start=\"812\" data-end=\"824\">Pastaba:<\/strong> spalv\u0173 atspalviai gali \u0161iek tiek skirtis priklausomai nuo \u012frenginio ekrano.<\/p>\n","protected":false},"excerpt":{"rendered":"<p>Concept by Katia Alpaca Silver \u2013 tai \u0161veln\u016bs, lengvi ir subtiliai \u017evilgantys si\u016blai, sukurti i\u0161 prabangios \u201eSuperfine\u201c alpakos ir poliesterio. Sidabrinio spindesio gija suteikia si\u016blui rafinuotumo, o puri tekst\u016bra u\u017etikrina \u0161ilum\u0105 ir ypating\u0105 komfort\u0105. Puikiai tinka megztiniams, kardiganams, \u0161alikams ar skaroms \u2013 mezginiai atrodo eleganti\u0161kai ir jaukiai. Sud\u0117tis: 73 % alpaka, 20 % poliamidas, 7 [&hellip;]<\/p>\n","protected":false},"featured_media":4712,"comment_status":"open","ping_status":"closed","template":"","meta":{"_acf_changed":false},"product_brand":[69],"product_cat":[15,18,323],"product_tag":[],"pro-kategorijos":[54],"class_list":{"0":"post-5356","1":"product","2":"type-product","3":"status-publish","4":"has-post-thumbnail","6":"product_brand-concept-by-katia","7":"product_cat-visi-produktai","8":"product_cat-siulai","9":"product_cat-siulai-su-lureksu-ir-zvyneliais","10":"pro-kategorijos-alpaka","12":"first","13":"instock","14":"shipping-taxable","15":"purchasable","16":"product-type-variable"},"acf":[],"yoast_head":"<!-- This site is optimized with the Yoast SEO plugin v26.8 - https:\/\/yoast.com\/product\/yoast-seo-wordpress\/ -->\n<title>Concept by Katia Alpaca Silver - Happyinaknit.com<\/title>\n<meta name=\"robots\" content=\"index, follow, max-snippet:-1, max-image-preview:large, max-video-preview:-1\" \/>\n<link rel=\"canonical\" href=\"https:\/\/happyinaknit.com\/lt\/produktas\/concept-by-katia-alpaca-silver\/\" \/>\n<meta property=\"og:locale\" content=\"lt_LT\" \/>\n<meta property=\"og:type\" content=\"article\" \/>\n<meta property=\"og:title\" content=\"Concept by Katia Alpaca Silver - Happyinaknit.com\" \/>\n<meta property=\"og:description\" content=\"Concept by Katia Alpaca Silver \u2013 tai \u0161veln\u016bs, lengvi ir subtiliai \u017evilgantys si\u016blai, sukurti i\u0161 prabangios \u201eSuperfine\u201c alpakos ir poliesterio. Sidabrinio spindesio gija suteikia si\u016blui rafinuotumo, o puri tekst\u016bra u\u017etikrina \u0161ilum\u0105 ir ypating\u0105 komfort\u0105. Puikiai tinka megztiniams, kardiganams, \u0161alikams ar skaroms \u2013 mezginiai atrodo eleganti\u0161kai ir jaukiai. Sud\u0117tis: 73 % alpaka, 20 % poliamidas, 7 [&hellip;]\" \/>\n<meta property=\"og:url\" content=\"https:\/\/happyinaknit.com\/lt\/produktas\/concept-by-katia-alpaca-silver\/\" \/>\n<meta property=\"og:site_name\" content=\"Happyinaknit.com\" \/>\n<meta property=\"article:modified_time\" content=\"2026-03-26T14:41:59+00:00\" \/>\n<meta property=\"og:image\" content=\"https:\/\/happyinaknit.com\/wp-content\/uploads\/2025\/10\/IMG_9564.jpg\" \/>\n\t<meta property=\"og:image:width\" content=\"1320\" \/>\n\t<meta property=\"og:image:height\" content=\"1148\" \/>\n\t<meta property=\"og:image:type\" content=\"image\/jpeg\" \/>\n<meta name=\"twitter:card\" content=\"summary_large_image\" \/>\n<meta name=\"twitter:label1\" content=\"Est. reading time\" \/>\n\t<meta name=\"twitter:data1\" content=\"1 minut\u0117\" \/>\n<script type=\"application\/ld+json\" class=\"yoast-schema-graph\">{\"@context\":\"https:\/\/schema.org\",\"@graph\":[{\"@type\":\"WebPage\",\"@id\":\"https:\/\/happyinaknit.com\/produktas\/concept-by-katia-alpaca-silver\/\",\"url\":\"https:\/\/happyinaknit.com\/produktas\/concept-by-katia-alpaca-silver\/\",\"name\":\"Concept by Katia Alpaca Silver - Happyinaknit.com\",\"isPartOf\":{\"@id\":\"https:\/\/happyinaknit.com\/lt\/#website\"},\"primaryImageOfPage\":{\"@id\":\"https:\/\/happyinaknit.com\/produktas\/concept-by-katia-alpaca-silver\/#primaryimage\"},\"image\":{\"@id\":\"https:\/\/happyinaknit.com\/produktas\/concept-by-katia-alpaca-silver\/#primaryimage\"},\"thumbnailUrl\":\"https:\/\/happyinaknit.com\/wp-content\/uploads\/2025\/10\/IMG_9564.jpg\",\"datePublished\":\"2025-10-15T19:42:05+00:00\",\"dateModified\":\"2026-03-26T14:41:59+00:00\",\"breadcrumb\":{\"@id\":\"https:\/\/happyinaknit.com\/produktas\/concept-by-katia-alpaca-silver\/#breadcrumb\"},\"inLanguage\":\"lt-LT\",\"potentialAction\":[{\"@type\":\"ReadAction\",\"target\":[\"https:\/\/happyinaknit.com\/produktas\/concept-by-katia-alpaca-silver\/\"]}]},{\"@type\":\"ImageObject\",\"inLanguage\":\"lt-LT\",\"@id\":\"https:\/\/happyinaknit.com\/produktas\/concept-by-katia-alpaca-silver\/#primaryimage\",\"url\":\"https:\/\/happyinaknit.com\/wp-content\/uploads\/2025\/10\/IMG_9564.jpg\",\"contentUrl\":\"https:\/\/happyinaknit.com\/wp-content\/uploads\/2025\/10\/IMG_9564.jpg\",\"width\":1320,\"height\":1148},{\"@type\":\"BreadcrumbList\",\"@id\":\"https:\/\/happyinaknit.com\/produktas\/concept-by-katia-alpaca-silver\/#breadcrumb\",\"itemListElement\":[{\"@type\":\"ListItem\",\"position\":1,\"name\":\"Home\",\"item\":\"https:\/\/happyinaknit.com\/lt\/\"},{\"@type\":\"ListItem\",\"position\":2,\"name\":\"Parduotuv\u0117\",\"item\":\"https:\/\/happyinaknit.com\/lt\/parduotuve\/\"},{\"@type\":\"ListItem\",\"position\":3,\"name\":\"Concept by Katia Alpaca Silver\"}]},{\"@type\":\"WebSite\",\"@id\":\"https:\/\/happyinaknit.com\/lt\/#website\",\"url\":\"https:\/\/happyinaknit.com\/lt\/\",\"name\":\"Happyinaknit.com\",\"description\":\"\",\"potentialAction\":[{\"@type\":\"SearchAction\",\"target\":{\"@type\":\"EntryPoint\",\"urlTemplate\":\"https:\/\/happyinaknit.com\/lt\/?s={search_term_string}\"},\"query-input\":{\"@type\":\"PropertyValueSpecification\",\"valueRequired\":true,\"valueName\":\"search_term_string\"}}],\"inLanguage\":\"lt-LT\"}]}<\/script>\n<!-- \/ Yoast SEO plugin. -->","yoast_head_json":{"title":"Concept by Katia Alpaca Silver - Happyinaknit.com","robots":{"index":"index","follow":"follow","max-snippet":"max-snippet:-1","max-image-preview":"max-image-preview:large","max-video-preview":"max-video-preview:-1"},"canonical":"https:\/\/happyinaknit.com\/lt\/produktas\/concept-by-katia-alpaca-silver\/","og_locale":"lt_LT","og_type":"article","og_title":"Concept by Katia Alpaca Silver - Happyinaknit.com","og_description":"Concept by Katia Alpaca Silver \u2013 tai \u0161veln\u016bs, lengvi ir subtiliai \u017evilgantys si\u016blai, sukurti i\u0161 prabangios \u201eSuperfine\u201c alpakos ir poliesterio. Sidabrinio spindesio gija suteikia si\u016blui rafinuotumo, o puri tekst\u016bra u\u017etikrina \u0161ilum\u0105 ir ypating\u0105 komfort\u0105. Puikiai tinka megztiniams, kardiganams, \u0161alikams ar skaroms \u2013 mezginiai atrodo eleganti\u0161kai ir jaukiai. Sud\u0117tis: 73 % alpaka, 20 % poliamidas, 7 [&hellip;]","og_url":"https:\/\/happyinaknit.com\/lt\/produktas\/concept-by-katia-alpaca-silver\/","og_site_name":"Happyinaknit.com","article_modified_time":"2026-03-26T14:41:59+00:00","og_image":[{"width":1320,"height":1148,"url":"https:\/\/happyinaknit.com\/wp-content\/uploads\/2025\/10\/IMG_9564.jpg","type":"image\/jpeg"}],"twitter_card":"summary_large_image","twitter_misc":{"Est. reading time":"1 minut\u0117"},"schema":{"@context":"https:\/\/schema.org","@graph":[{"@type":"WebPage","@id":"https:\/\/happyinaknit.com\/produktas\/concept-by-katia-alpaca-silver\/","url":"https:\/\/happyinaknit.com\/produktas\/concept-by-katia-alpaca-silver\/","name":"Concept by Katia Alpaca Silver - Happyinaknit.com","isPartOf":{"@id":"https:\/\/happyinaknit.com\/lt\/#website"},"primaryImageOfPage":{"@id":"https:\/\/happyinaknit.com\/produktas\/concept-by-katia-alpaca-silver\/#primaryimage"},"image":{"@id":"https:\/\/happyinaknit.com\/produktas\/concept-by-katia-alpaca-silver\/#primaryimage"},"thumbnailUrl":"https:\/\/happyinaknit.com\/wp-content\/uploads\/2025\/10\/IMG_9564.jpg","datePublished":"2025-10-15T19:42:05+00:00","dateModified":"2026-03-26T14:41:59+00:00","breadcrumb":{"@id":"https:\/\/happyinaknit.com\/produktas\/concept-by-katia-alpaca-silver\/#breadcrumb"},"inLanguage":"lt-LT","potentialAction":[{"@type":"ReadAction","target":["https:\/\/happyinaknit.com\/produktas\/concept-by-katia-alpaca-silver\/"]}]},{"@type":"ImageObject","inLanguage":"lt-LT","@id":"https:\/\/happyinaknit.com\/produktas\/concept-by-katia-alpaca-silver\/#primaryimage","url":"https:\/\/happyinaknit.com\/wp-content\/uploads\/2025\/10\/IMG_9564.jpg","contentUrl":"https:\/\/happyinaknit.com\/wp-content\/uploads\/2025\/10\/IMG_9564.jpg","width":1320,"height":1148},{"@type":"BreadcrumbList","@id":"https:\/\/happyinaknit.com\/produktas\/concept-by-katia-alpaca-silver\/#breadcrumb","itemListElement":[{"@type":"ListItem","position":1,"name":"Home","item":"https:\/\/happyinaknit.com\/lt\/"},{"@type":"ListItem","position":2,"name":"Parduotuv\u0117","item":"https:\/\/happyinaknit.com\/lt\/parduotuve\/"},{"@type":"ListItem","position":3,"name":"Concept by Katia Alpaca Silver"}]},{"@type":"WebSite","@id":"https:\/\/happyinaknit.com\/lt\/#website","url":"https:\/\/happyinaknit.com\/lt\/","name":"Happyinaknit.com","description":"","potentialAction":[{"@type":"SearchAction","target":{"@type":"EntryPoint","urlTemplate":"https:\/\/happyinaknit.com\/lt\/?s={search_term_string}"},"query-input":{"@type":"PropertyValueSpecification","valueRequired":true,"valueName":"search_term_string"}}],"inLanguage":"lt-LT"}]}},"_links":{"self":[{"href":"https:\/\/happyinaknit.com\/lt\/wp-json\/wp\/v2\/product\/5356","targetHints":{"allow":["GET"]}}],"collection":[{"href":"https:\/\/happyinaknit.com\/lt\/wp-json\/wp\/v2\/product"}],"about":[{"href":"https:\/\/happyinaknit.com\/lt\/wp-json\/wp\/v2\/types\/product"}],"replies":[{"embeddable":true,"href":"https:\/\/happyinaknit.com\/lt\/wp-json\/wp\/v2\/comments?post=5356"}],"wp:featuredmedia":[{"embeddable":true,"href":"https:\/\/happyinaknit.com\/lt\/wp-json\/wp\/v2\/media\/4712"}],"wp:attachment":[{"href":"https:\/\/happyinaknit.com\/lt\/wp-json\/wp\/v2\/media?parent=5356"}],"wp:term":[{"taxonomy":"product_brand","embeddable":true,"href":"https:\/\/happyinaknit.com\/lt\/wp-json\/wp\/v2\/product_brand?post=5356"},{"taxonomy":"product_cat","embeddable":true,"href":"https:\/\/happyinaknit.com\/lt\/wp-json\/wp\/v2\/product_cat?post=5356"},{"taxonomy":"product_tag","embeddable":true,"href":"https:\/\/happyinaknit.com\/lt\/wp-json\/wp\/v2\/product_tag?post=5356"},{"taxonomy":"pro-kategorijos","embeddable":true,"href":"https:\/\/happyinaknit.com\/lt\/wp-json\/wp\/v2\/pro-kategorijos?post=5356"}],"curies":[{"name":"wp","href":"https:\/\/api.w.org\/{rel}","templated":true}]}}