{"id":5304,"date":"2025-10-15T10:54:19","date_gmt":"2025-10-15T10:54:19","guid":{"rendered":"https:\/\/happyinaknit.com\/?post_type=product&#038;p=5304"},"modified":"2026-01-01T20:48:43","modified_gmt":"2026-01-01T20:48:43","slug":"concept-by-katia-cotton-merino-tweed","status":"publish","type":"product","link":"https:\/\/happyinaknit.com\/lt\/produktas\/concept-by-katia-cotton-merino-tweed\/","title":{"rendered":"Concept by Katia Cotton-Merino Tweed"},"content":{"rendered":"<p data-start=\"46\" data-end=\"502\"><strong data-start=\"46\" data-end=\"86\">Concept by Katia Cotton-Merino Tweed<\/strong> \u2013 tai nat\u016bral\u016bs, mink\u0161ti ir tvar\u016bs si\u016blai, pagaminti i\u0161 perdirbtos medviln\u0117s, vilnos \u201eMerino Extrafine\u201c ir perdirbto poliesterio. \u0160iame si\u016ble susilieja klasikinis \u201etvido\u201c efektas ir \u0161iuolaikinis po\u017ei\u016bris \u012f ekologij\u0105. Si\u016blai yra \u0161veln\u016bs, \u0161iek tiek pur\u016bs ir turi subtili\u0173 spalvini\u0173 intarp\u0173, tod\u0117l mezginiai atrodo jauk\u016bs, \u0161ilti ir i\u0161skirtinio charakterio. Puikiai tinka megztiniams, liemen\u0117ms, \u0161alikams ar kepur\u0117ms.<\/p>\n<p data-start=\"504\" data-end=\"843\"><strong data-start=\"504\" data-end=\"516\">Sud\u0117tis:<\/strong> 53 % perdirbta medviln\u0117, 25 % merino vilna \u201eExtrafine\u201c, 22 % perdirbtas poliesteris<br data-start=\"600\" data-end=\"603\" \/><strong data-start=\"603\" data-end=\"622\">Svoris \/ ilgis:<\/strong> 50 g &#8211; 105 m<br data-start=\"635\" data-end=\"638\" \/><strong data-start=\"638\" data-end=\"666\" data-is-only-node=\"\">Rekomenduojami virbalai:<\/strong> 4,5 \u2013 5,0 mm<br data-start=\"679\" data-end=\"682\" \/><strong data-start=\"682\" data-end=\"710\">Rekomenduojamas v\u0105\u0161elis:<\/strong> 4,5 mm<br data-start=\"717\" data-end=\"720\" \/><strong data-start=\"720\" data-end=\"733\">Tankumas:<\/strong> 10 \u00d7 10 cm \u2013 16 akys \u00d7 23 eil\u0117s<br data-start=\"765\" data-end=\"768\" \/><strong data-start=\"768\" data-end=\"795\">Apytikris sunaudojimas:<\/strong> megztiniui (44\u201346 dydis) \u2013 apie 9 kamuoliukai<\/p>\n<p data-start=\"845\" data-end=\"982\"><strong data-start=\"845\" data-end=\"859\">Prie\u017ei\u016bra:<\/strong><br data-start=\"859\" data-end=\"862\" \/>Skalbti rankomis ne auk\u0161tesn\u0117je nei 30 \u00b0C temperat\u016broje, d\u017eiovinti patiesus horizontaliai, nelyginti kar\u0161tu lygintuvu.<\/p>\n<p data-start=\"984\" data-end=\"1072\" data-is-last-node=\"\" data-is-only-node=\"\"><strong data-start=\"984\" data-end=\"996\">Pastaba:<\/strong> spalv\u0173 atspalviai gali \u0161iek tiek skirtis priklausomai nuo \u012frenginio ekrano.<\/p>\n","protected":false},"excerpt":{"rendered":"<p>Concept by Katia Cotton-Merino Tweed \u2013 tai nat\u016bral\u016bs, mink\u0161ti ir tvar\u016bs si\u016blai, pagaminti i\u0161 perdirbtos medviln\u0117s, vilnos \u201eMerino Extrafine\u201c ir perdirbto poliesterio. \u0160iame si\u016ble susilieja klasikinis \u201etvido\u201c efektas ir \u0161iuolaikinis po\u017ei\u016bris \u012f ekologij\u0105. Si\u016blai yra \u0161veln\u016bs, \u0161iek tiek pur\u016bs ir turi subtili\u0173 spalvini\u0173 intarp\u0173, tod\u0117l mezginiai atrodo jauk\u016bs, \u0161ilti ir i\u0161skirtinio charakterio. Puikiai tinka megztiniams, [&hellip;]<\/p>\n","protected":false},"featured_media":4735,"comment_status":"open","ping_status":"closed","template":"","meta":{"_acf_changed":false},"product_brand":[69],"product_cat":[15,182,18],"product_tag":[33],"pro-kategorijos":[55,71],"class_list":{"0":"post-5304","1":"product","2":"type-product","3":"status-publish","4":"has-post-thumbnail","6":"product_brand-concept-by-katia","7":"product_cat-visi-produktai","8":"product_cat-ispardavimas","9":"product_cat-siulai","10":"product_tag-ispardavimas","11":"pro-kategorijos-medvilne","12":"pro-kategorijos-merino-vilna","14":"first","15":"instock","16":"sale","17":"shipping-taxable","18":"purchasable","19":"product-type-variable"},"acf":[],"yoast_head":"<!-- This site is optimized with the Yoast SEO plugin v26.8 - https:\/\/yoast.com\/product\/yoast-seo-wordpress\/ -->\n<title>Concept by Katia Cotton-Merino Tweed - Happyinaknit.com<\/title>\n<meta name=\"robots\" content=\"index, follow, max-snippet:-1, max-image-preview:large, max-video-preview:-1\" \/>\n<link rel=\"canonical\" href=\"https:\/\/happyinaknit.com\/lt\/produktas\/concept-by-katia-cotton-merino-tweed\/\" \/>\n<meta property=\"og:locale\" content=\"lt_LT\" \/>\n<meta property=\"og:type\" content=\"article\" \/>\n<meta property=\"og:title\" content=\"Concept by Katia Cotton-Merino Tweed - Happyinaknit.com\" \/>\n<meta property=\"og:description\" content=\"Concept by Katia Cotton-Merino Tweed \u2013 tai nat\u016bral\u016bs, mink\u0161ti ir tvar\u016bs si\u016blai, pagaminti i\u0161 perdirbtos medviln\u0117s, vilnos \u201eMerino Extrafine\u201c ir perdirbto poliesterio. \u0160iame si\u016ble susilieja klasikinis \u201etvido\u201c efektas ir \u0161iuolaikinis po\u017ei\u016bris \u012f ekologij\u0105. Si\u016blai yra \u0161veln\u016bs, \u0161iek tiek pur\u016bs ir turi subtili\u0173 spalvini\u0173 intarp\u0173, tod\u0117l mezginiai atrodo jauk\u016bs, \u0161ilti ir i\u0161skirtinio charakterio. Puikiai tinka megztiniams, [&hellip;]\" \/>\n<meta property=\"og:url\" content=\"https:\/\/happyinaknit.com\/lt\/produktas\/concept-by-katia-cotton-merino-tweed\/\" \/>\n<meta property=\"og:site_name\" content=\"Happyinaknit.com\" \/>\n<meta property=\"article:modified_time\" content=\"2026-01-01T20:48:43+00:00\" \/>\n<meta property=\"og:image\" content=\"https:\/\/happyinaknit.com\/wp-content\/uploads\/2025\/10\/IMG_9541.jpg\" \/>\n\t<meta property=\"og:image:width\" content=\"1320\" \/>\n\t<meta property=\"og:image:height\" content=\"1182\" \/>\n\t<meta property=\"og:image:type\" content=\"image\/jpeg\" \/>\n<meta name=\"twitter:card\" content=\"summary_large_image\" \/>\n<meta name=\"twitter:label1\" content=\"Est. reading time\" \/>\n\t<meta name=\"twitter:data1\" content=\"1 minut\u0117\" \/>\n<script type=\"application\/ld+json\" class=\"yoast-schema-graph\">{\"@context\":\"https:\/\/schema.org\",\"@graph\":[{\"@type\":\"WebPage\",\"@id\":\"https:\/\/happyinaknit.com\/produktas\/concept-by-katia-cotton-merino-tweed\/\",\"url\":\"https:\/\/happyinaknit.com\/produktas\/concept-by-katia-cotton-merino-tweed\/\",\"name\":\"Concept by Katia Cotton-Merino Tweed - Happyinaknit.com\",\"isPartOf\":{\"@id\":\"https:\/\/happyinaknit.com\/lt\/#website\"},\"primaryImageOfPage\":{\"@id\":\"https:\/\/happyinaknit.com\/produktas\/concept-by-katia-cotton-merino-tweed\/#primaryimage\"},\"image\":{\"@id\":\"https:\/\/happyinaknit.com\/produktas\/concept-by-katia-cotton-merino-tweed\/#primaryimage\"},\"thumbnailUrl\":\"https:\/\/happyinaknit.com\/wp-content\/uploads\/2025\/10\/IMG_9541.jpg\",\"datePublished\":\"2025-10-15T10:54:19+00:00\",\"dateModified\":\"2026-01-01T20:48:43+00:00\",\"breadcrumb\":{\"@id\":\"https:\/\/happyinaknit.com\/produktas\/concept-by-katia-cotton-merino-tweed\/#breadcrumb\"},\"inLanguage\":\"lt-LT\",\"potentialAction\":[{\"@type\":\"ReadAction\",\"target\":[\"https:\/\/happyinaknit.com\/produktas\/concept-by-katia-cotton-merino-tweed\/\"]}]},{\"@type\":\"ImageObject\",\"inLanguage\":\"lt-LT\",\"@id\":\"https:\/\/happyinaknit.com\/produktas\/concept-by-katia-cotton-merino-tweed\/#primaryimage\",\"url\":\"https:\/\/happyinaknit.com\/wp-content\/uploads\/2025\/10\/IMG_9541.jpg\",\"contentUrl\":\"https:\/\/happyinaknit.com\/wp-content\/uploads\/2025\/10\/IMG_9541.jpg\",\"width\":1320,\"height\":1182},{\"@type\":\"BreadcrumbList\",\"@id\":\"https:\/\/happyinaknit.com\/produktas\/concept-by-katia-cotton-merino-tweed\/#breadcrumb\",\"itemListElement\":[{\"@type\":\"ListItem\",\"position\":1,\"name\":\"Home\",\"item\":\"https:\/\/happyinaknit.com\/lt\/\"},{\"@type\":\"ListItem\",\"position\":2,\"name\":\"Parduotuv\u0117\",\"item\":\"https:\/\/happyinaknit.com\/lt\/parduotuve\/\"},{\"@type\":\"ListItem\",\"position\":3,\"name\":\"Concept by Katia Cotton-Merino Tweed\"}]},{\"@type\":\"WebSite\",\"@id\":\"https:\/\/happyinaknit.com\/lt\/#website\",\"url\":\"https:\/\/happyinaknit.com\/lt\/\",\"name\":\"Happyinaknit.com\",\"description\":\"\",\"potentialAction\":[{\"@type\":\"SearchAction\",\"target\":{\"@type\":\"EntryPoint\",\"urlTemplate\":\"https:\/\/happyinaknit.com\/lt\/?s={search_term_string}\"},\"query-input\":{\"@type\":\"PropertyValueSpecification\",\"valueRequired\":true,\"valueName\":\"search_term_string\"}}],\"inLanguage\":\"lt-LT\"}]}<\/script>\n<!-- \/ Yoast SEO plugin. -->","yoast_head_json":{"title":"Concept by Katia Cotton-Merino Tweed - Happyinaknit.com","robots":{"index":"index","follow":"follow","max-snippet":"max-snippet:-1","max-image-preview":"max-image-preview:large","max-video-preview":"max-video-preview:-1"},"canonical":"https:\/\/happyinaknit.com\/lt\/produktas\/concept-by-katia-cotton-merino-tweed\/","og_locale":"lt_LT","og_type":"article","og_title":"Concept by Katia Cotton-Merino Tweed - Happyinaknit.com","og_description":"Concept by Katia Cotton-Merino Tweed \u2013 tai nat\u016bral\u016bs, mink\u0161ti ir tvar\u016bs si\u016blai, pagaminti i\u0161 perdirbtos medviln\u0117s, vilnos \u201eMerino Extrafine\u201c ir perdirbto poliesterio. \u0160iame si\u016ble susilieja klasikinis \u201etvido\u201c efektas ir \u0161iuolaikinis po\u017ei\u016bris \u012f ekologij\u0105. Si\u016blai yra \u0161veln\u016bs, \u0161iek tiek pur\u016bs ir turi subtili\u0173 spalvini\u0173 intarp\u0173, tod\u0117l mezginiai atrodo jauk\u016bs, \u0161ilti ir i\u0161skirtinio charakterio. Puikiai tinka megztiniams, [&hellip;]","og_url":"https:\/\/happyinaknit.com\/lt\/produktas\/concept-by-katia-cotton-merino-tweed\/","og_site_name":"Happyinaknit.com","article_modified_time":"2026-01-01T20:48:43+00:00","og_image":[{"width":1320,"height":1182,"url":"https:\/\/happyinaknit.com\/wp-content\/uploads\/2025\/10\/IMG_9541.jpg","type":"image\/jpeg"}],"twitter_card":"summary_large_image","twitter_misc":{"Est. reading time":"1 minut\u0117"},"schema":{"@context":"https:\/\/schema.org","@graph":[{"@type":"WebPage","@id":"https:\/\/happyinaknit.com\/produktas\/concept-by-katia-cotton-merino-tweed\/","url":"https:\/\/happyinaknit.com\/produktas\/concept-by-katia-cotton-merino-tweed\/","name":"Concept by Katia Cotton-Merino Tweed - Happyinaknit.com","isPartOf":{"@id":"https:\/\/happyinaknit.com\/lt\/#website"},"primaryImageOfPage":{"@id":"https:\/\/happyinaknit.com\/produktas\/concept-by-katia-cotton-merino-tweed\/#primaryimage"},"image":{"@id":"https:\/\/happyinaknit.com\/produktas\/concept-by-katia-cotton-merino-tweed\/#primaryimage"},"thumbnailUrl":"https:\/\/happyinaknit.com\/wp-content\/uploads\/2025\/10\/IMG_9541.jpg","datePublished":"2025-10-15T10:54:19+00:00","dateModified":"2026-01-01T20:48:43+00:00","breadcrumb":{"@id":"https:\/\/happyinaknit.com\/produktas\/concept-by-katia-cotton-merino-tweed\/#breadcrumb"},"inLanguage":"lt-LT","potentialAction":[{"@type":"ReadAction","target":["https:\/\/happyinaknit.com\/produktas\/concept-by-katia-cotton-merino-tweed\/"]}]},{"@type":"ImageObject","inLanguage":"lt-LT","@id":"https:\/\/happyinaknit.com\/produktas\/concept-by-katia-cotton-merino-tweed\/#primaryimage","url":"https:\/\/happyinaknit.com\/wp-content\/uploads\/2025\/10\/IMG_9541.jpg","contentUrl":"https:\/\/happyinaknit.com\/wp-content\/uploads\/2025\/10\/IMG_9541.jpg","width":1320,"height":1182},{"@type":"BreadcrumbList","@id":"https:\/\/happyinaknit.com\/produktas\/concept-by-katia-cotton-merino-tweed\/#breadcrumb","itemListElement":[{"@type":"ListItem","position":1,"name":"Home","item":"https:\/\/happyinaknit.com\/lt\/"},{"@type":"ListItem","position":2,"name":"Parduotuv\u0117","item":"https:\/\/happyinaknit.com\/lt\/parduotuve\/"},{"@type":"ListItem","position":3,"name":"Concept by Katia Cotton-Merino Tweed"}]},{"@type":"WebSite","@id":"https:\/\/happyinaknit.com\/lt\/#website","url":"https:\/\/happyinaknit.com\/lt\/","name":"Happyinaknit.com","description":"","potentialAction":[{"@type":"SearchAction","target":{"@type":"EntryPoint","urlTemplate":"https:\/\/happyinaknit.com\/lt\/?s={search_term_string}"},"query-input":{"@type":"PropertyValueSpecification","valueRequired":true,"valueName":"search_term_string"}}],"inLanguage":"lt-LT"}]}},"_links":{"self":[{"href":"https:\/\/happyinaknit.com\/lt\/wp-json\/wp\/v2\/product\/5304","targetHints":{"allow":["GET"]}}],"collection":[{"href":"https:\/\/happyinaknit.com\/lt\/wp-json\/wp\/v2\/product"}],"about":[{"href":"https:\/\/happyinaknit.com\/lt\/wp-json\/wp\/v2\/types\/product"}],"replies":[{"embeddable":true,"href":"https:\/\/happyinaknit.com\/lt\/wp-json\/wp\/v2\/comments?post=5304"}],"wp:featuredmedia":[{"embeddable":true,"href":"https:\/\/happyinaknit.com\/lt\/wp-json\/wp\/v2\/media\/4735"}],"wp:attachment":[{"href":"https:\/\/happyinaknit.com\/lt\/wp-json\/wp\/v2\/media?parent=5304"}],"wp:term":[{"taxonomy":"product_brand","embeddable":true,"href":"https:\/\/happyinaknit.com\/lt\/wp-json\/wp\/v2\/product_brand?post=5304"},{"taxonomy":"product_cat","embeddable":true,"href":"https:\/\/happyinaknit.com\/lt\/wp-json\/wp\/v2\/product_cat?post=5304"},{"taxonomy":"product_tag","embeddable":true,"href":"https:\/\/happyinaknit.com\/lt\/wp-json\/wp\/v2\/product_tag?post=5304"},{"taxonomy":"pro-kategorijos","embeddable":true,"href":"https:\/\/happyinaknit.com\/lt\/wp-json\/wp\/v2\/pro-kategorijos?post=5304"}],"curies":[{"name":"wp","href":"https:\/\/api.w.org\/{rel}","templated":true}]}}