{"id":5238,"date":"2025-10-15T08:18:09","date_gmt":"2025-10-15T08:18:09","guid":{"rendered":"https:\/\/happyinaknit.com\/?post_type=product&#038;p=5238"},"modified":"2026-04-05T21:28:13","modified_gmt":"2026-04-05T21:28:13","slug":"concept-by-katia-cashmere-10","status":"publish","type":"product","link":"https:\/\/happyinaknit.com\/lt\/produktas\/concept-by-katia-cashmere-10\/","title":{"rendered":"Concept by Katia Cashmere 10"},"content":{"rendered":"<p data-start=\"38\" data-end=\"367\"><strong data-start=\"38\" data-end=\"70\">Concept by Katia Cashmere 10<\/strong> \u2013 tai itin \u0161veln\u016bs, prabang\u016bs si\u016blai, kuriuose derinami nat\u016bral\u016bs pluo\u0161tai: vilna, viskoz\u0117 ir ka\u0161myras. D\u0117l \u0161ios sud\u0117ties si\u016blai yra \u0161veln\u016bs, elastingi ir lengvai krintantys. Puikiai tinka megztiniams, kardiganams, kepur\u0117ms ar \u0161alikams, suteikiant mezginiams subtilaus spindesio ir rafinuotumo.<\/p>\n<p data-start=\"369\" data-end=\"567\"><strong data-start=\"369\" data-end=\"381\">Sud\u0117tis:<\/strong> 40 % vilna, 25 % viskoz\u0117, 25 % poliamidas, 10 % ka\u0161myras<br data-start=\"438\" data-end=\"441\" \/><strong data-start=\"441\" data-end=\"460\">Svoris \/ ilgis:<\/strong> 50 g &#8211; 120 m<br data-start=\"473\" data-end=\"476\" \/><strong data-start=\"476\" data-end=\"504\" data-is-only-node=\"\">Rekomenduojami virbalai:<\/strong> 3,5 \u2013 4,0 mm<br data-start=\"517\" data-end=\"520\" \/><strong data-start=\"520\" data-end=\"533\">Tankumas:<\/strong> 10 \u00d7 10 cm \u2013 19 akys \u00d7 28 eil\u0117s<\/p>\n<p data-start=\"569\" data-end=\"706\"><strong data-start=\"569\" data-end=\"583\">Prie\u017ei\u016bra:<\/strong><br data-start=\"583\" data-end=\"586\" \/>Skalbti rankomis ne auk\u0161tesn\u0117je nei 30 \u00b0C temperat\u016broje, d\u017eiovinti patiesus horizontaliai, nelyginti kar\u0161tu lygintuvu.<\/p>\n<p data-start=\"708\" data-end=\"796\" data-is-last-node=\"\" data-is-only-node=\"\"><strong data-start=\"708\" data-end=\"720\">Pastaba:<\/strong> spalv\u0173 atspalviai gali \u0161iek tiek skirtis priklausomai nuo \u012frenginio ekrano.<\/p>\n","protected":false},"excerpt":{"rendered":"<p>Concept by Katia Cashmere 10 \u2013 tai itin \u0161veln\u016bs, prabang\u016bs si\u016blai, kuriuose derinami nat\u016bral\u016bs pluo\u0161tai: vilna, viskoz\u0117 ir ka\u0161myras. D\u0117l \u0161ios sud\u0117ties si\u016blai yra \u0161veln\u016bs, elastingi ir lengvai krintantys. Puikiai tinka megztiniams, kardiganams, kepur\u0117ms ar \u0161alikams, suteikiant mezginiams subtilaus spindesio ir rafinuotumo. Sud\u0117tis: 40 % vilna, 25 % viskoz\u0117, 25 % poliamidas, 10 % ka\u0161myrasSvoris [&hellip;]<\/p>\n","protected":false},"featured_media":4775,"comment_status":"open","ping_status":"closed","template":"","meta":{"_acf_changed":false},"product_brand":[69],"product_cat":[15,182,18],"product_tag":[33],"pro-kategorijos":[46,56,78],"class_list":{"0":"post-5238","1":"product","2":"type-product","3":"status-publish","4":"has-post-thumbnail","6":"product_brand-concept-by-katia","7":"product_cat-visi-produktai","8":"product_cat-ispardavimas","9":"product_cat-siulai","10":"product_tag-ispardavimas","11":"pro-kategorijos-kasmyras","12":"pro-kategorijos-vilna","13":"pro-kategorijos-viskoze","15":"first","16":"instock","17":"sale","18":"shipping-taxable","19":"purchasable","20":"product-type-variable"},"acf":[],"yoast_head":"<!-- This site is optimized with the Yoast SEO plugin v26.8 - https:\/\/yoast.com\/product\/yoast-seo-wordpress\/ -->\n<title>Concept by Katia Cashmere 10 - Happyinaknit.com<\/title>\n<meta name=\"robots\" content=\"index, follow, max-snippet:-1, max-image-preview:large, max-video-preview:-1\" \/>\n<link rel=\"canonical\" href=\"https:\/\/happyinaknit.com\/lt\/produktas\/concept-by-katia-cashmere-10\/\" \/>\n<meta property=\"og:locale\" content=\"lt_LT\" \/>\n<meta property=\"og:type\" content=\"article\" \/>\n<meta property=\"og:title\" content=\"Concept by Katia Cashmere 10 - Happyinaknit.com\" \/>\n<meta property=\"og:description\" content=\"Concept by Katia Cashmere 10 \u2013 tai itin \u0161veln\u016bs, prabang\u016bs si\u016blai, kuriuose derinami nat\u016bral\u016bs pluo\u0161tai: vilna, viskoz\u0117 ir ka\u0161myras. D\u0117l \u0161ios sud\u0117ties si\u016blai yra \u0161veln\u016bs, elastingi ir lengvai krintantys. Puikiai tinka megztiniams, kardiganams, kepur\u0117ms ar \u0161alikams, suteikiant mezginiams subtilaus spindesio ir rafinuotumo. Sud\u0117tis: 40 % vilna, 25 % viskoz\u0117, 25 % poliamidas, 10 % ka\u0161myrasSvoris [&hellip;]\" \/>\n<meta property=\"og:url\" content=\"https:\/\/happyinaknit.com\/lt\/produktas\/concept-by-katia-cashmere-10\/\" \/>\n<meta property=\"og:site_name\" content=\"Happyinaknit.com\" \/>\n<meta property=\"article:modified_time\" content=\"2026-04-05T21:28:13+00:00\" \/>\n<meta property=\"og:image\" content=\"https:\/\/happyinaknit.com\/wp-content\/uploads\/2025\/10\/IMG_9501.jpg\" \/>\n\t<meta property=\"og:image:width\" content=\"1320\" \/>\n\t<meta property=\"og:image:height\" content=\"1131\" \/>\n\t<meta property=\"og:image:type\" content=\"image\/jpeg\" \/>\n<meta name=\"twitter:card\" content=\"summary_large_image\" \/>\n<meta name=\"twitter:label1\" content=\"Est. reading time\" \/>\n\t<meta name=\"twitter:data1\" content=\"1 minut\u0117\" \/>\n<script type=\"application\/ld+json\" class=\"yoast-schema-graph\">{\"@context\":\"https:\/\/schema.org\",\"@graph\":[{\"@type\":\"WebPage\",\"@id\":\"https:\/\/happyinaknit.com\/produktas\/concept-by-katia-cashmere-10\/\",\"url\":\"https:\/\/happyinaknit.com\/produktas\/concept-by-katia-cashmere-10\/\",\"name\":\"Concept by Katia Cashmere 10 - Happyinaknit.com\",\"isPartOf\":{\"@id\":\"https:\/\/happyinaknit.com\/lt\/#website\"},\"primaryImageOfPage\":{\"@id\":\"https:\/\/happyinaknit.com\/produktas\/concept-by-katia-cashmere-10\/#primaryimage\"},\"image\":{\"@id\":\"https:\/\/happyinaknit.com\/produktas\/concept-by-katia-cashmere-10\/#primaryimage\"},\"thumbnailUrl\":\"https:\/\/happyinaknit.com\/wp-content\/uploads\/2025\/10\/IMG_9501.jpg\",\"datePublished\":\"2025-10-15T08:18:09+00:00\",\"dateModified\":\"2026-04-05T21:28:13+00:00\",\"breadcrumb\":{\"@id\":\"https:\/\/happyinaknit.com\/produktas\/concept-by-katia-cashmere-10\/#breadcrumb\"},\"inLanguage\":\"lt-LT\",\"potentialAction\":[{\"@type\":\"ReadAction\",\"target\":[\"https:\/\/happyinaknit.com\/produktas\/concept-by-katia-cashmere-10\/\"]}]},{\"@type\":\"ImageObject\",\"inLanguage\":\"lt-LT\",\"@id\":\"https:\/\/happyinaknit.com\/produktas\/concept-by-katia-cashmere-10\/#primaryimage\",\"url\":\"https:\/\/happyinaknit.com\/wp-content\/uploads\/2025\/10\/IMG_9501.jpg\",\"contentUrl\":\"https:\/\/happyinaknit.com\/wp-content\/uploads\/2025\/10\/IMG_9501.jpg\",\"width\":1320,\"height\":1131},{\"@type\":\"BreadcrumbList\",\"@id\":\"https:\/\/happyinaknit.com\/produktas\/concept-by-katia-cashmere-10\/#breadcrumb\",\"itemListElement\":[{\"@type\":\"ListItem\",\"position\":1,\"name\":\"Home\",\"item\":\"https:\/\/happyinaknit.com\/lt\/\"},{\"@type\":\"ListItem\",\"position\":2,\"name\":\"Parduotuv\u0117\",\"item\":\"https:\/\/happyinaknit.com\/lt\/parduotuve\/\"},{\"@type\":\"ListItem\",\"position\":3,\"name\":\"Concept by Katia Cashmere 10\"}]},{\"@type\":\"WebSite\",\"@id\":\"https:\/\/happyinaknit.com\/lt\/#website\",\"url\":\"https:\/\/happyinaknit.com\/lt\/\",\"name\":\"Happyinaknit.com\",\"description\":\"\",\"potentialAction\":[{\"@type\":\"SearchAction\",\"target\":{\"@type\":\"EntryPoint\",\"urlTemplate\":\"https:\/\/happyinaknit.com\/lt\/?s={search_term_string}\"},\"query-input\":{\"@type\":\"PropertyValueSpecification\",\"valueRequired\":true,\"valueName\":\"search_term_string\"}}],\"inLanguage\":\"lt-LT\"}]}<\/script>\n<!-- \/ Yoast SEO plugin. -->","yoast_head_json":{"title":"Concept by Katia Cashmere 10 - Happyinaknit.com","robots":{"index":"index","follow":"follow","max-snippet":"max-snippet:-1","max-image-preview":"max-image-preview:large","max-video-preview":"max-video-preview:-1"},"canonical":"https:\/\/happyinaknit.com\/lt\/produktas\/concept-by-katia-cashmere-10\/","og_locale":"lt_LT","og_type":"article","og_title":"Concept by Katia Cashmere 10 - Happyinaknit.com","og_description":"Concept by Katia Cashmere 10 \u2013 tai itin \u0161veln\u016bs, prabang\u016bs si\u016blai, kuriuose derinami nat\u016bral\u016bs pluo\u0161tai: vilna, viskoz\u0117 ir ka\u0161myras. D\u0117l \u0161ios sud\u0117ties si\u016blai yra \u0161veln\u016bs, elastingi ir lengvai krintantys. Puikiai tinka megztiniams, kardiganams, kepur\u0117ms ar \u0161alikams, suteikiant mezginiams subtilaus spindesio ir rafinuotumo. Sud\u0117tis: 40 % vilna, 25 % viskoz\u0117, 25 % poliamidas, 10 % ka\u0161myrasSvoris [&hellip;]","og_url":"https:\/\/happyinaknit.com\/lt\/produktas\/concept-by-katia-cashmere-10\/","og_site_name":"Happyinaknit.com","article_modified_time":"2026-04-05T21:28:13+00:00","og_image":[{"width":1320,"height":1131,"url":"https:\/\/happyinaknit.com\/wp-content\/uploads\/2025\/10\/IMG_9501.jpg","type":"image\/jpeg"}],"twitter_card":"summary_large_image","twitter_misc":{"Est. reading time":"1 minut\u0117"},"schema":{"@context":"https:\/\/schema.org","@graph":[{"@type":"WebPage","@id":"https:\/\/happyinaknit.com\/produktas\/concept-by-katia-cashmere-10\/","url":"https:\/\/happyinaknit.com\/produktas\/concept-by-katia-cashmere-10\/","name":"Concept by Katia Cashmere 10 - Happyinaknit.com","isPartOf":{"@id":"https:\/\/happyinaknit.com\/lt\/#website"},"primaryImageOfPage":{"@id":"https:\/\/happyinaknit.com\/produktas\/concept-by-katia-cashmere-10\/#primaryimage"},"image":{"@id":"https:\/\/happyinaknit.com\/produktas\/concept-by-katia-cashmere-10\/#primaryimage"},"thumbnailUrl":"https:\/\/happyinaknit.com\/wp-content\/uploads\/2025\/10\/IMG_9501.jpg","datePublished":"2025-10-15T08:18:09+00:00","dateModified":"2026-04-05T21:28:13+00:00","breadcrumb":{"@id":"https:\/\/happyinaknit.com\/produktas\/concept-by-katia-cashmere-10\/#breadcrumb"},"inLanguage":"lt-LT","potentialAction":[{"@type":"ReadAction","target":["https:\/\/happyinaknit.com\/produktas\/concept-by-katia-cashmere-10\/"]}]},{"@type":"ImageObject","inLanguage":"lt-LT","@id":"https:\/\/happyinaknit.com\/produktas\/concept-by-katia-cashmere-10\/#primaryimage","url":"https:\/\/happyinaknit.com\/wp-content\/uploads\/2025\/10\/IMG_9501.jpg","contentUrl":"https:\/\/happyinaknit.com\/wp-content\/uploads\/2025\/10\/IMG_9501.jpg","width":1320,"height":1131},{"@type":"BreadcrumbList","@id":"https:\/\/happyinaknit.com\/produktas\/concept-by-katia-cashmere-10\/#breadcrumb","itemListElement":[{"@type":"ListItem","position":1,"name":"Home","item":"https:\/\/happyinaknit.com\/lt\/"},{"@type":"ListItem","position":2,"name":"Parduotuv\u0117","item":"https:\/\/happyinaknit.com\/lt\/parduotuve\/"},{"@type":"ListItem","position":3,"name":"Concept by Katia Cashmere 10"}]},{"@type":"WebSite","@id":"https:\/\/happyinaknit.com\/lt\/#website","url":"https:\/\/happyinaknit.com\/lt\/","name":"Happyinaknit.com","description":"","potentialAction":[{"@type":"SearchAction","target":{"@type":"EntryPoint","urlTemplate":"https:\/\/happyinaknit.com\/lt\/?s={search_term_string}"},"query-input":{"@type":"PropertyValueSpecification","valueRequired":true,"valueName":"search_term_string"}}],"inLanguage":"lt-LT"}]}},"_links":{"self":[{"href":"https:\/\/happyinaknit.com\/lt\/wp-json\/wp\/v2\/product\/5238","targetHints":{"allow":["GET"]}}],"collection":[{"href":"https:\/\/happyinaknit.com\/lt\/wp-json\/wp\/v2\/product"}],"about":[{"href":"https:\/\/happyinaknit.com\/lt\/wp-json\/wp\/v2\/types\/product"}],"replies":[{"embeddable":true,"href":"https:\/\/happyinaknit.com\/lt\/wp-json\/wp\/v2\/comments?post=5238"}],"wp:featuredmedia":[{"embeddable":true,"href":"https:\/\/happyinaknit.com\/lt\/wp-json\/wp\/v2\/media\/4775"}],"wp:attachment":[{"href":"https:\/\/happyinaknit.com\/lt\/wp-json\/wp\/v2\/media?parent=5238"}],"wp:term":[{"taxonomy":"product_brand","embeddable":true,"href":"https:\/\/happyinaknit.com\/lt\/wp-json\/wp\/v2\/product_brand?post=5238"},{"taxonomy":"product_cat","embeddable":true,"href":"https:\/\/happyinaknit.com\/lt\/wp-json\/wp\/v2\/product_cat?post=5238"},{"taxonomy":"product_tag","embeddable":true,"href":"https:\/\/happyinaknit.com\/lt\/wp-json\/wp\/v2\/product_tag?post=5238"},{"taxonomy":"pro-kategorijos","embeddable":true,"href":"https:\/\/happyinaknit.com\/lt\/wp-json\/wp\/v2\/pro-kategorijos?post=5238"}],"curies":[{"name":"wp","href":"https:\/\/api.w.org\/{rel}","templated":true}]}}