{"id":5231,"date":"2025-10-15T07:57:14","date_gmt":"2025-10-15T07:57:14","guid":{"rendered":"https:\/\/happyinaknit.com\/?post_type=product&#038;p=5231"},"modified":"2026-02-23T20:36:48","modified_gmt":"2026-02-23T20:36:48","slug":"concept-by-katia-air-alpaca-natural-color","status":"publish","type":"product","link":"https:\/\/happyinaknit.com\/lt\/produktas\/concept-by-katia-air-alpaca-natural-color\/","title":{"rendered":"Concept by Katia Air Alpaca Natural Color"},"content":{"rendered":"<p data-start=\"51\" data-end=\"425\"><strong data-start=\"51\" data-end=\"96\">Concept by Katia Air Alpaca Natural Color<\/strong> \u2013 tai prabang\u016bs, itin lengvi ir \u0161veln\u016bs p\u016bkuoti si\u016blai i\u0161 alpakos, medviln\u0117s ir merino vilnos mi\u0161inio. Nat\u016bralios, neda\u017eytos spalvos suteikia mezginiams subtilumo ir elegancijos, o \u0161velni, orui pralaidi strukt\u016bra u\u017etikrina i\u0161skirtin\u012f komfort\u0105. Puikiai tinka megztiniams, kardiganams, \u0161alikams ar kitoms \u017eiemos sezono detal\u0117ms.<\/p>\n<p data-start=\"427\" data-end=\"701\"><strong data-start=\"427\" data-end=\"439\">Sud\u0117tis:<\/strong> 60 % alpaka, 17 % medviln\u0117, 10 % merino vilna, 13 % poliamidas<br data-start=\"502\" data-end=\"505\" \/><strong data-start=\"505\" data-end=\"524\">Svoris \/ ilgis:<\/strong> 50 g &#8211; 135 m<br data-start=\"537\" data-end=\"540\" \/><strong data-start=\"540\" data-end=\"568\" data-is-only-node=\"\">Rekomenduojami virbalai:<\/strong> 6,5 \u2013 7,0 mm<br data-start=\"581\" data-end=\"584\" \/><strong data-start=\"584\" data-end=\"597\">Tankumas:<\/strong> 10 \u00d7 10 cm \u2013 14 akys \u00d7 20 eil\u0117s<br data-start=\"629\" data-end=\"632\" \/><strong data-start=\"632\" data-end=\"659\">Sunaudojimas:<\/strong> megztiniui (44 dydis) \u2013 6\u20137 kamuoliukai<\/p>\n<p data-start=\"703\" data-end=\"816\"><strong data-start=\"703\" data-end=\"717\">Prie\u017ei\u016bra:<\/strong><br data-start=\"717\" data-end=\"720\" \/>Skalbti rankomis v\u0117siame vandenyje, ned\u017eiovinti d\u017eiovykl\u0117je, d\u017eiovinti patiesus horizontaliai.<\/p>\n<p data-start=\"818\" data-end=\"906\" data-is-last-node=\"\" data-is-only-node=\"\"><strong data-start=\"818\" data-end=\"830\">Pastaba:<\/strong> spalv\u0173 atspalviai gali \u0161iek tiek skirtis priklausomai nuo \u012frenginio ekrano.<\/p>\n","protected":false},"excerpt":{"rendered":"<p>Concept by Katia Air Alpaca Natural Color \u2013 tai prabang\u016bs, itin lengvi ir \u0161veln\u016bs p\u016bkuoti si\u016blai i\u0161 alpakos, medviln\u0117s ir merino vilnos mi\u0161inio. Nat\u016bralios, neda\u017eytos spalvos suteikia mezginiams subtilumo ir elegancijos, o \u0161velni, orui pralaidi strukt\u016bra u\u017etikrina i\u0161skirtin\u012f komfort\u0105. Puikiai tinka megztiniams, kardiganams, \u0161alikams ar kitoms \u017eiemos sezono detal\u0117ms. Sud\u0117tis: 60 % alpaka, 17 % [&hellip;]<\/p>\n","protected":false},"featured_media":4785,"comment_status":"open","ping_status":"closed","template":"","meta":{"_acf_changed":false},"product_brand":[69],"product_cat":[15,182,18],"product_tag":[33],"pro-kategorijos":[54,55,71],"class_list":{"0":"post-5231","1":"product","2":"type-product","3":"status-publish","4":"has-post-thumbnail","6":"product_brand-concept-by-katia","7":"product_cat-visi-produktai","8":"product_cat-ispardavimas","9":"product_cat-siulai","10":"product_tag-ispardavimas","11":"pro-kategorijos-alpaka","12":"pro-kategorijos-medvilne","13":"pro-kategorijos-merino-vilna","15":"first","16":"instock","17":"sale","18":"shipping-taxable","19":"purchasable","20":"product-type-variable"},"acf":[],"yoast_head":"<!-- This site is optimized with the Yoast SEO plugin v26.8 - https:\/\/yoast.com\/product\/yoast-seo-wordpress\/ -->\n<title>Concept by Katia Air Alpaca Natural Color - Happyinaknit.com<\/title>\n<meta name=\"robots\" content=\"index, follow, max-snippet:-1, max-image-preview:large, max-video-preview:-1\" \/>\n<link rel=\"canonical\" href=\"https:\/\/happyinaknit.com\/lt\/produktas\/concept-by-katia-air-alpaca-natural-color\/\" \/>\n<meta property=\"og:locale\" content=\"lt_LT\" \/>\n<meta property=\"og:type\" content=\"article\" \/>\n<meta property=\"og:title\" content=\"Concept by Katia Air Alpaca Natural Color - Happyinaknit.com\" \/>\n<meta property=\"og:description\" content=\"Concept by Katia Air Alpaca Natural Color \u2013 tai prabang\u016bs, itin lengvi ir \u0161veln\u016bs p\u016bkuoti si\u016blai i\u0161 alpakos, medviln\u0117s ir merino vilnos mi\u0161inio. Nat\u016bralios, neda\u017eytos spalvos suteikia mezginiams subtilumo ir elegancijos, o \u0161velni, orui pralaidi strukt\u016bra u\u017etikrina i\u0161skirtin\u012f komfort\u0105. Puikiai tinka megztiniams, kardiganams, \u0161alikams ar kitoms \u017eiemos sezono detal\u0117ms. Sud\u0117tis: 60 % alpaka, 17 % [&hellip;]\" \/>\n<meta property=\"og:url\" content=\"https:\/\/happyinaknit.com\/lt\/produktas\/concept-by-katia-air-alpaca-natural-color\/\" \/>\n<meta property=\"og:site_name\" content=\"Happyinaknit.com\" \/>\n<meta property=\"article:modified_time\" content=\"2026-02-23T20:36:48+00:00\" \/>\n<meta property=\"og:image\" content=\"https:\/\/happyinaknit.com\/wp-content\/uploads\/2025\/10\/IMG_9491.jpg\" \/>\n\t<meta property=\"og:image:width\" content=\"1320\" \/>\n\t<meta property=\"og:image:height\" content=\"1133\" \/>\n\t<meta property=\"og:image:type\" content=\"image\/jpeg\" \/>\n<meta name=\"twitter:card\" content=\"summary_large_image\" \/>\n<meta name=\"twitter:label1\" content=\"Est. reading time\" \/>\n\t<meta name=\"twitter:data1\" content=\"1 minut\u0117\" \/>\n<script type=\"application\/ld+json\" class=\"yoast-schema-graph\">{\"@context\":\"https:\/\/schema.org\",\"@graph\":[{\"@type\":\"WebPage\",\"@id\":\"https:\/\/happyinaknit.com\/produktas\/concept-by-katia-air-alpaca-natural-color\/\",\"url\":\"https:\/\/happyinaknit.com\/produktas\/concept-by-katia-air-alpaca-natural-color\/\",\"name\":\"Concept by Katia Air Alpaca Natural Color - Happyinaknit.com\",\"isPartOf\":{\"@id\":\"https:\/\/happyinaknit.com\/lt\/#website\"},\"primaryImageOfPage\":{\"@id\":\"https:\/\/happyinaknit.com\/produktas\/concept-by-katia-air-alpaca-natural-color\/#primaryimage\"},\"image\":{\"@id\":\"https:\/\/happyinaknit.com\/produktas\/concept-by-katia-air-alpaca-natural-color\/#primaryimage\"},\"thumbnailUrl\":\"https:\/\/happyinaknit.com\/wp-content\/uploads\/2025\/10\/IMG_9491.jpg\",\"datePublished\":\"2025-10-15T07:57:14+00:00\",\"dateModified\":\"2026-02-23T20:36:48+00:00\",\"breadcrumb\":{\"@id\":\"https:\/\/happyinaknit.com\/produktas\/concept-by-katia-air-alpaca-natural-color\/#breadcrumb\"},\"inLanguage\":\"lt-LT\",\"potentialAction\":[{\"@type\":\"ReadAction\",\"target\":[\"https:\/\/happyinaknit.com\/produktas\/concept-by-katia-air-alpaca-natural-color\/\"]}]},{\"@type\":\"ImageObject\",\"inLanguage\":\"lt-LT\",\"@id\":\"https:\/\/happyinaknit.com\/produktas\/concept-by-katia-air-alpaca-natural-color\/#primaryimage\",\"url\":\"https:\/\/happyinaknit.com\/wp-content\/uploads\/2025\/10\/IMG_9491.jpg\",\"contentUrl\":\"https:\/\/happyinaknit.com\/wp-content\/uploads\/2025\/10\/IMG_9491.jpg\",\"width\":1320,\"height\":1133},{\"@type\":\"BreadcrumbList\",\"@id\":\"https:\/\/happyinaknit.com\/produktas\/concept-by-katia-air-alpaca-natural-color\/#breadcrumb\",\"itemListElement\":[{\"@type\":\"ListItem\",\"position\":1,\"name\":\"Home\",\"item\":\"https:\/\/happyinaknit.com\/lt\/\"},{\"@type\":\"ListItem\",\"position\":2,\"name\":\"Parduotuv\u0117\",\"item\":\"https:\/\/happyinaknit.com\/lt\/parduotuve\/\"},{\"@type\":\"ListItem\",\"position\":3,\"name\":\"Concept by Katia Air Alpaca Natural Color\"}]},{\"@type\":\"WebSite\",\"@id\":\"https:\/\/happyinaknit.com\/lt\/#website\",\"url\":\"https:\/\/happyinaknit.com\/lt\/\",\"name\":\"Happyinaknit.com\",\"description\":\"\",\"potentialAction\":[{\"@type\":\"SearchAction\",\"target\":{\"@type\":\"EntryPoint\",\"urlTemplate\":\"https:\/\/happyinaknit.com\/lt\/?s={search_term_string}\"},\"query-input\":{\"@type\":\"PropertyValueSpecification\",\"valueRequired\":true,\"valueName\":\"search_term_string\"}}],\"inLanguage\":\"lt-LT\"}]}<\/script>\n<!-- \/ Yoast SEO plugin. -->","yoast_head_json":{"title":"Concept by Katia Air Alpaca Natural Color - Happyinaknit.com","robots":{"index":"index","follow":"follow","max-snippet":"max-snippet:-1","max-image-preview":"max-image-preview:large","max-video-preview":"max-video-preview:-1"},"canonical":"https:\/\/happyinaknit.com\/lt\/produktas\/concept-by-katia-air-alpaca-natural-color\/","og_locale":"lt_LT","og_type":"article","og_title":"Concept by Katia Air Alpaca Natural Color - Happyinaknit.com","og_description":"Concept by Katia Air Alpaca Natural Color \u2013 tai prabang\u016bs, itin lengvi ir \u0161veln\u016bs p\u016bkuoti si\u016blai i\u0161 alpakos, medviln\u0117s ir merino vilnos mi\u0161inio. Nat\u016bralios, neda\u017eytos spalvos suteikia mezginiams subtilumo ir elegancijos, o \u0161velni, orui pralaidi strukt\u016bra u\u017etikrina i\u0161skirtin\u012f komfort\u0105. Puikiai tinka megztiniams, kardiganams, \u0161alikams ar kitoms \u017eiemos sezono detal\u0117ms. Sud\u0117tis: 60 % alpaka, 17 % [&hellip;]","og_url":"https:\/\/happyinaknit.com\/lt\/produktas\/concept-by-katia-air-alpaca-natural-color\/","og_site_name":"Happyinaknit.com","article_modified_time":"2026-02-23T20:36:48+00:00","og_image":[{"width":1320,"height":1133,"url":"https:\/\/happyinaknit.com\/wp-content\/uploads\/2025\/10\/IMG_9491.jpg","type":"image\/jpeg"}],"twitter_card":"summary_large_image","twitter_misc":{"Est. reading time":"1 minut\u0117"},"schema":{"@context":"https:\/\/schema.org","@graph":[{"@type":"WebPage","@id":"https:\/\/happyinaknit.com\/produktas\/concept-by-katia-air-alpaca-natural-color\/","url":"https:\/\/happyinaknit.com\/produktas\/concept-by-katia-air-alpaca-natural-color\/","name":"Concept by Katia Air Alpaca Natural Color - Happyinaknit.com","isPartOf":{"@id":"https:\/\/happyinaknit.com\/lt\/#website"},"primaryImageOfPage":{"@id":"https:\/\/happyinaknit.com\/produktas\/concept-by-katia-air-alpaca-natural-color\/#primaryimage"},"image":{"@id":"https:\/\/happyinaknit.com\/produktas\/concept-by-katia-air-alpaca-natural-color\/#primaryimage"},"thumbnailUrl":"https:\/\/happyinaknit.com\/wp-content\/uploads\/2025\/10\/IMG_9491.jpg","datePublished":"2025-10-15T07:57:14+00:00","dateModified":"2026-02-23T20:36:48+00:00","breadcrumb":{"@id":"https:\/\/happyinaknit.com\/produktas\/concept-by-katia-air-alpaca-natural-color\/#breadcrumb"},"inLanguage":"lt-LT","potentialAction":[{"@type":"ReadAction","target":["https:\/\/happyinaknit.com\/produktas\/concept-by-katia-air-alpaca-natural-color\/"]}]},{"@type":"ImageObject","inLanguage":"lt-LT","@id":"https:\/\/happyinaknit.com\/produktas\/concept-by-katia-air-alpaca-natural-color\/#primaryimage","url":"https:\/\/happyinaknit.com\/wp-content\/uploads\/2025\/10\/IMG_9491.jpg","contentUrl":"https:\/\/happyinaknit.com\/wp-content\/uploads\/2025\/10\/IMG_9491.jpg","width":1320,"height":1133},{"@type":"BreadcrumbList","@id":"https:\/\/happyinaknit.com\/produktas\/concept-by-katia-air-alpaca-natural-color\/#breadcrumb","itemListElement":[{"@type":"ListItem","position":1,"name":"Home","item":"https:\/\/happyinaknit.com\/lt\/"},{"@type":"ListItem","position":2,"name":"Parduotuv\u0117","item":"https:\/\/happyinaknit.com\/lt\/parduotuve\/"},{"@type":"ListItem","position":3,"name":"Concept by Katia Air Alpaca Natural Color"}]},{"@type":"WebSite","@id":"https:\/\/happyinaknit.com\/lt\/#website","url":"https:\/\/happyinaknit.com\/lt\/","name":"Happyinaknit.com","description":"","potentialAction":[{"@type":"SearchAction","target":{"@type":"EntryPoint","urlTemplate":"https:\/\/happyinaknit.com\/lt\/?s={search_term_string}"},"query-input":{"@type":"PropertyValueSpecification","valueRequired":true,"valueName":"search_term_string"}}],"inLanguage":"lt-LT"}]}},"_links":{"self":[{"href":"https:\/\/happyinaknit.com\/lt\/wp-json\/wp\/v2\/product\/5231","targetHints":{"allow":["GET"]}}],"collection":[{"href":"https:\/\/happyinaknit.com\/lt\/wp-json\/wp\/v2\/product"}],"about":[{"href":"https:\/\/happyinaknit.com\/lt\/wp-json\/wp\/v2\/types\/product"}],"replies":[{"embeddable":true,"href":"https:\/\/happyinaknit.com\/lt\/wp-json\/wp\/v2\/comments?post=5231"}],"wp:featuredmedia":[{"embeddable":true,"href":"https:\/\/happyinaknit.com\/lt\/wp-json\/wp\/v2\/media\/4785"}],"wp:attachment":[{"href":"https:\/\/happyinaknit.com\/lt\/wp-json\/wp\/v2\/media?parent=5231"}],"wp:term":[{"taxonomy":"product_brand","embeddable":true,"href":"https:\/\/happyinaknit.com\/lt\/wp-json\/wp\/v2\/product_brand?post=5231"},{"taxonomy":"product_cat","embeddable":true,"href":"https:\/\/happyinaknit.com\/lt\/wp-json\/wp\/v2\/product_cat?post=5231"},{"taxonomy":"product_tag","embeddable":true,"href":"https:\/\/happyinaknit.com\/lt\/wp-json\/wp\/v2\/product_tag?post=5231"},{"taxonomy":"pro-kategorijos","embeddable":true,"href":"https:\/\/happyinaknit.com\/lt\/wp-json\/wp\/v2\/pro-kategorijos?post=5231"}],"curies":[{"name":"wp","href":"https:\/\/api.w.org\/{rel}","templated":true}]}}