{"id":5222,"date":"2025-10-15T07:37:56","date_gmt":"2025-10-15T07:37:56","guid":{"rendered":"https:\/\/happyinaknit.com\/?post_type=product&#038;p=5222"},"modified":"2025-11-13T20:08:04","modified_gmt":"2025-11-13T20:08:04","slug":"katia-cool-cotton","status":"publish","type":"product","link":"https:\/\/happyinaknit.com\/lt\/produktas\/katia-cool-cotton\/","title":{"rendered":"Katia Cool Cotton"},"content":{"rendered":"<p data-start=\"27\" data-end=\"407\"><strong data-start=\"27\" data-end=\"48\">Katia Cool Cotton<\/strong> \u2013 tai ekologi\u0161ki, vasarai skirti si\u016blai, sukurti i\u0161 naujos ir perdirbtos medviln\u0117s bei perdirbto poliesterio. \u0160ie si\u016blai yra itin \u0161veln\u016bs, lengvi ir pralaid\u016bs orui \u2013 idealiai tinka mar\u0161kin\u0117liams, lengviems megztiniams ar k\u016bdiki\u0173 drabu\u017e\u0117liams. D\u0117l savo sud\u0117ties \u201eCool Cotton\u201c suteikia mezginiams nat\u016bral\u0173, \u0161iek tiek matin\u012f pavir\u0161i\u0173 ir puikiai i\u0161laiko form\u0105.<\/p>\n<p data-start=\"409\" data-end=\"618\"><strong data-start=\"409\" data-end=\"421\">Sud\u0117tis:<\/strong> 62 % medviln\u0117, 27 % perdirbta medviln\u0117, 11 % perdirbtas poliesteris<br data-start=\"489\" data-end=\"492\" \/><strong data-start=\"492\" data-end=\"511\">Svoris \/ ilgis:<\/strong> 50 g &#8211; 145 m<br data-start=\"524\" data-end=\"527\" \/><strong data-start=\"527\" data-end=\"555\" data-is-only-node=\"\">Rekomenduojami virbalai:<\/strong> 3,0 \u2013 3,5 mm<br data-start=\"568\" data-end=\"571\" \/><strong data-start=\"571\" data-end=\"584\">Tankumas:<\/strong> 10 \u00d7 10 cm \u2013 23 akys \u00d7 32 eil\u0117s<\/p>\n<p data-start=\"620\" data-end=\"757\"><strong data-start=\"620\" data-end=\"634\">Prie\u017ei\u016bra:<\/strong><br data-start=\"634\" data-end=\"637\" \/>Skalbti iki 30 \u00b0C temperat\u016broje \u0161velniu re\u017eimu, d\u017eiovinti patiesus horizontaliai, galima lyginti \u017eemoje temperat\u016broje.<\/p>\n<p data-start=\"759\" data-end=\"847\" data-is-last-node=\"\" data-is-only-node=\"\"><strong data-start=\"759\" data-end=\"771\">Pastaba:<\/strong> spalv\u0173 atspalviai gali \u0161iek tiek skirtis priklausomai nuo \u012frenginio ekrano.<\/p>\n","protected":false},"excerpt":{"rendered":"<p>Katia Cool Cotton \u2013 tai ekologi\u0161ki, vasarai skirti si\u016blai, sukurti i\u0161 naujos ir perdirbtos medviln\u0117s bei perdirbto poliesterio. \u0160ie si\u016blai yra itin \u0161veln\u016bs, lengvi ir pralaid\u016bs orui \u2013 idealiai tinka mar\u0161kin\u0117liams, lengviems megztiniams ar k\u016bdiki\u0173 drabu\u017e\u0117liams. D\u0117l savo sud\u0117ties \u201eCool Cotton\u201c suteikia mezginiams nat\u016bral\u0173, \u0161iek tiek matin\u012f pavir\u0161i\u0173 ir puikiai i\u0161laiko form\u0105. Sud\u0117tis: 62 % [&hellip;]<\/p>\n","protected":false},"featured_media":4791,"comment_status":"open","ping_status":"closed","template":"","meta":{"_acf_changed":false},"product_brand":[69],"product_cat":[15,182,18],"product_tag":[33],"pro-kategorijos":[55],"class_list":{"0":"post-5222","1":"product","2":"type-product","3":"status-publish","4":"has-post-thumbnail","6":"product_brand-concept-by-katia","7":"product_cat-visi-produktai","8":"product_cat-ispardavimas","9":"product_cat-siulai","10":"product_tag-ispardavimas","11":"pro-kategorijos-medvilne","13":"first","14":"instock","15":"sale","16":"shipping-taxable","17":"purchasable","18":"product-type-variable"},"acf":[],"yoast_head":"<!-- This site is optimized with the Yoast SEO plugin v26.8 - https:\/\/yoast.com\/product\/yoast-seo-wordpress\/ -->\n<title>Katia Cool Cotton - Happyinaknit.com<\/title>\n<meta name=\"robots\" content=\"index, follow, max-snippet:-1, max-image-preview:large, max-video-preview:-1\" \/>\n<link rel=\"canonical\" href=\"https:\/\/happyinaknit.com\/lt\/produktas\/katia-cool-cotton\/\" \/>\n<meta property=\"og:locale\" content=\"lt_LT\" \/>\n<meta property=\"og:type\" content=\"article\" \/>\n<meta property=\"og:title\" content=\"Katia Cool Cotton - Happyinaknit.com\" \/>\n<meta property=\"og:description\" content=\"Katia Cool Cotton \u2013 tai ekologi\u0161ki, vasarai skirti si\u016blai, sukurti i\u0161 naujos ir perdirbtos medviln\u0117s bei perdirbto poliesterio. \u0160ie si\u016blai yra itin \u0161veln\u016bs, lengvi ir pralaid\u016bs orui \u2013 idealiai tinka mar\u0161kin\u0117liams, lengviems megztiniams ar k\u016bdiki\u0173 drabu\u017e\u0117liams. D\u0117l savo sud\u0117ties \u201eCool Cotton\u201c suteikia mezginiams nat\u016bral\u0173, \u0161iek tiek matin\u012f pavir\u0161i\u0173 ir puikiai i\u0161laiko form\u0105. Sud\u0117tis: 62 % [&hellip;]\" \/>\n<meta property=\"og:url\" content=\"https:\/\/happyinaknit.com\/lt\/produktas\/katia-cool-cotton\/\" \/>\n<meta property=\"og:site_name\" content=\"Happyinaknit.com\" \/>\n<meta property=\"article:modified_time\" content=\"2025-11-13T20:08:04+00:00\" \/>\n<meta property=\"og:image\" content=\"https:\/\/happyinaknit.com\/wp-content\/uploads\/2025\/10\/IMG_9485.jpg\" \/>\n\t<meta property=\"og:image:width\" content=\"1320\" \/>\n\t<meta property=\"og:image:height\" content=\"1514\" \/>\n\t<meta property=\"og:image:type\" content=\"image\/jpeg\" \/>\n<meta name=\"twitter:card\" content=\"summary_large_image\" \/>\n<meta name=\"twitter:label1\" content=\"Est. reading time\" \/>\n\t<meta name=\"twitter:data1\" content=\"1 minut\u0117\" \/>\n<script type=\"application\/ld+json\" class=\"yoast-schema-graph\">{\"@context\":\"https:\/\/schema.org\",\"@graph\":[{\"@type\":\"WebPage\",\"@id\":\"https:\/\/happyinaknit.com\/produktas\/katia-cool-cotton\/\",\"url\":\"https:\/\/happyinaknit.com\/produktas\/katia-cool-cotton\/\",\"name\":\"Katia Cool Cotton - Happyinaknit.com\",\"isPartOf\":{\"@id\":\"https:\/\/happyinaknit.com\/lt\/#website\"},\"primaryImageOfPage\":{\"@id\":\"https:\/\/happyinaknit.com\/produktas\/katia-cool-cotton\/#primaryimage\"},\"image\":{\"@id\":\"https:\/\/happyinaknit.com\/produktas\/katia-cool-cotton\/#primaryimage\"},\"thumbnailUrl\":\"https:\/\/happyinaknit.com\/wp-content\/uploads\/2025\/10\/IMG_9485.jpg\",\"datePublished\":\"2025-10-15T07:37:56+00:00\",\"dateModified\":\"2025-11-13T20:08:04+00:00\",\"breadcrumb\":{\"@id\":\"https:\/\/happyinaknit.com\/produktas\/katia-cool-cotton\/#breadcrumb\"},\"inLanguage\":\"lt-LT\",\"potentialAction\":[{\"@type\":\"ReadAction\",\"target\":[\"https:\/\/happyinaknit.com\/produktas\/katia-cool-cotton\/\"]}]},{\"@type\":\"ImageObject\",\"inLanguage\":\"lt-LT\",\"@id\":\"https:\/\/happyinaknit.com\/produktas\/katia-cool-cotton\/#primaryimage\",\"url\":\"https:\/\/happyinaknit.com\/wp-content\/uploads\/2025\/10\/IMG_9485.jpg\",\"contentUrl\":\"https:\/\/happyinaknit.com\/wp-content\/uploads\/2025\/10\/IMG_9485.jpg\",\"width\":1320,\"height\":1514},{\"@type\":\"BreadcrumbList\",\"@id\":\"https:\/\/happyinaknit.com\/produktas\/katia-cool-cotton\/#breadcrumb\",\"itemListElement\":[{\"@type\":\"ListItem\",\"position\":1,\"name\":\"Home\",\"item\":\"https:\/\/happyinaknit.com\/lt\/\"},{\"@type\":\"ListItem\",\"position\":2,\"name\":\"Parduotuv\u0117\",\"item\":\"https:\/\/happyinaknit.com\/lt\/parduotuve\/\"},{\"@type\":\"ListItem\",\"position\":3,\"name\":\"Katia Cool Cotton\"}]},{\"@type\":\"WebSite\",\"@id\":\"https:\/\/happyinaknit.com\/lt\/#website\",\"url\":\"https:\/\/happyinaknit.com\/lt\/\",\"name\":\"Happyinaknit.com\",\"description\":\"\",\"potentialAction\":[{\"@type\":\"SearchAction\",\"target\":{\"@type\":\"EntryPoint\",\"urlTemplate\":\"https:\/\/happyinaknit.com\/lt\/?s={search_term_string}\"},\"query-input\":{\"@type\":\"PropertyValueSpecification\",\"valueRequired\":true,\"valueName\":\"search_term_string\"}}],\"inLanguage\":\"lt-LT\"}]}<\/script>\n<!-- \/ Yoast SEO plugin. -->","yoast_head_json":{"title":"Katia Cool Cotton - Happyinaknit.com","robots":{"index":"index","follow":"follow","max-snippet":"max-snippet:-1","max-image-preview":"max-image-preview:large","max-video-preview":"max-video-preview:-1"},"canonical":"https:\/\/happyinaknit.com\/lt\/produktas\/katia-cool-cotton\/","og_locale":"lt_LT","og_type":"article","og_title":"Katia Cool Cotton - Happyinaknit.com","og_description":"Katia Cool Cotton \u2013 tai ekologi\u0161ki, vasarai skirti si\u016blai, sukurti i\u0161 naujos ir perdirbtos medviln\u0117s bei perdirbto poliesterio. \u0160ie si\u016blai yra itin \u0161veln\u016bs, lengvi ir pralaid\u016bs orui \u2013 idealiai tinka mar\u0161kin\u0117liams, lengviems megztiniams ar k\u016bdiki\u0173 drabu\u017e\u0117liams. D\u0117l savo sud\u0117ties \u201eCool Cotton\u201c suteikia mezginiams nat\u016bral\u0173, \u0161iek tiek matin\u012f pavir\u0161i\u0173 ir puikiai i\u0161laiko form\u0105. Sud\u0117tis: 62 % [&hellip;]","og_url":"https:\/\/happyinaknit.com\/lt\/produktas\/katia-cool-cotton\/","og_site_name":"Happyinaknit.com","article_modified_time":"2025-11-13T20:08:04+00:00","og_image":[{"width":1320,"height":1514,"url":"https:\/\/happyinaknit.com\/wp-content\/uploads\/2025\/10\/IMG_9485.jpg","type":"image\/jpeg"}],"twitter_card":"summary_large_image","twitter_misc":{"Est. reading time":"1 minut\u0117"},"schema":{"@context":"https:\/\/schema.org","@graph":[{"@type":"WebPage","@id":"https:\/\/happyinaknit.com\/produktas\/katia-cool-cotton\/","url":"https:\/\/happyinaknit.com\/produktas\/katia-cool-cotton\/","name":"Katia Cool Cotton - Happyinaknit.com","isPartOf":{"@id":"https:\/\/happyinaknit.com\/lt\/#website"},"primaryImageOfPage":{"@id":"https:\/\/happyinaknit.com\/produktas\/katia-cool-cotton\/#primaryimage"},"image":{"@id":"https:\/\/happyinaknit.com\/produktas\/katia-cool-cotton\/#primaryimage"},"thumbnailUrl":"https:\/\/happyinaknit.com\/wp-content\/uploads\/2025\/10\/IMG_9485.jpg","datePublished":"2025-10-15T07:37:56+00:00","dateModified":"2025-11-13T20:08:04+00:00","breadcrumb":{"@id":"https:\/\/happyinaknit.com\/produktas\/katia-cool-cotton\/#breadcrumb"},"inLanguage":"lt-LT","potentialAction":[{"@type":"ReadAction","target":["https:\/\/happyinaknit.com\/produktas\/katia-cool-cotton\/"]}]},{"@type":"ImageObject","inLanguage":"lt-LT","@id":"https:\/\/happyinaknit.com\/produktas\/katia-cool-cotton\/#primaryimage","url":"https:\/\/happyinaknit.com\/wp-content\/uploads\/2025\/10\/IMG_9485.jpg","contentUrl":"https:\/\/happyinaknit.com\/wp-content\/uploads\/2025\/10\/IMG_9485.jpg","width":1320,"height":1514},{"@type":"BreadcrumbList","@id":"https:\/\/happyinaknit.com\/produktas\/katia-cool-cotton\/#breadcrumb","itemListElement":[{"@type":"ListItem","position":1,"name":"Home","item":"https:\/\/happyinaknit.com\/lt\/"},{"@type":"ListItem","position":2,"name":"Parduotuv\u0117","item":"https:\/\/happyinaknit.com\/lt\/parduotuve\/"},{"@type":"ListItem","position":3,"name":"Katia Cool Cotton"}]},{"@type":"WebSite","@id":"https:\/\/happyinaknit.com\/lt\/#website","url":"https:\/\/happyinaknit.com\/lt\/","name":"Happyinaknit.com","description":"","potentialAction":[{"@type":"SearchAction","target":{"@type":"EntryPoint","urlTemplate":"https:\/\/happyinaknit.com\/lt\/?s={search_term_string}"},"query-input":{"@type":"PropertyValueSpecification","valueRequired":true,"valueName":"search_term_string"}}],"inLanguage":"lt-LT"}]}},"_links":{"self":[{"href":"https:\/\/happyinaknit.com\/lt\/wp-json\/wp\/v2\/product\/5222","targetHints":{"allow":["GET"]}}],"collection":[{"href":"https:\/\/happyinaknit.com\/lt\/wp-json\/wp\/v2\/product"}],"about":[{"href":"https:\/\/happyinaknit.com\/lt\/wp-json\/wp\/v2\/types\/product"}],"replies":[{"embeddable":true,"href":"https:\/\/happyinaknit.com\/lt\/wp-json\/wp\/v2\/comments?post=5222"}],"wp:featuredmedia":[{"embeddable":true,"href":"https:\/\/happyinaknit.com\/lt\/wp-json\/wp\/v2\/media\/4791"}],"wp:attachment":[{"href":"https:\/\/happyinaknit.com\/lt\/wp-json\/wp\/v2\/media?parent=5222"}],"wp:term":[{"taxonomy":"product_brand","embeddable":true,"href":"https:\/\/happyinaknit.com\/lt\/wp-json\/wp\/v2\/product_brand?post=5222"},{"taxonomy":"product_cat","embeddable":true,"href":"https:\/\/happyinaknit.com\/lt\/wp-json\/wp\/v2\/product_cat?post=5222"},{"taxonomy":"product_tag","embeddable":true,"href":"https:\/\/happyinaknit.com\/lt\/wp-json\/wp\/v2\/product_tag?post=5222"},{"taxonomy":"pro-kategorijos","embeddable":true,"href":"https:\/\/happyinaknit.com\/lt\/wp-json\/wp\/v2\/pro-kategorijos?post=5222"}],"curies":[{"name":"wp","href":"https:\/\/api.w.org\/{rel}","templated":true}]}}