{"id":5217,"date":"2025-10-15T07:31:04","date_gmt":"2025-10-15T07:31:04","guid":{"rendered":"https:\/\/happyinaknit.com\/?post_type=product&#038;p=5217"},"modified":"2025-11-17T16:12:52","modified_gmt":"2025-11-17T16:12:52","slug":"concept-by-katia-camboya","status":"publish","type":"product","link":"https:\/\/happyinaknit.com\/lt\/produktas\/concept-by-katia-camboya\/","title":{"rendered":"Concept by Katia Camboya"},"content":{"rendered":"<p data-start=\"34\" data-end=\"352\"><strong data-start=\"34\" data-end=\"62\">Concept by Katia Camboya<\/strong> \u2013 tai nat\u016bral\u016bs 100 % medvilniniai si\u016blai, pasi\u017eymintys i\u0161skirtiniu mink\u0161tumu ir subtiliu, lengvai matinio pavir\u0161iaus efektu. \u0160ie si\u016blai tobulai tinka vasariniams megztiniams, liemen\u0117ms ar aksesuarams \u2013 gaminiai i\u0161 j\u0173 bus pralaid\u016bs orui, \u0161veln\u016bs ir malon\u016bs d\u0117v\u0117ti net kar\u0161tomis dienomis.<\/p>\n<p data-start=\"354\" data-end=\"509\"><strong data-start=\"354\" data-end=\"366\">Sud\u0117tis:<\/strong> 100 % medviln\u0117<br data-start=\"381\" data-end=\"384\" \/><strong data-start=\"384\" data-end=\"403\">Svoris \/ ilgis:<\/strong> 50 g &#8211; 85 m<br data-start=\"415\" data-end=\"418\" \/><strong data-start=\"418\" data-end=\"446\" data-is-only-node=\"\">Rekomenduojami virbalai:<\/strong> 5,0 \u2013 5,5 mm<br data-start=\"459\" data-end=\"462\" \/><strong data-start=\"462\" data-end=\"475\">Tankumas:<\/strong> 10 \u00d7 10 cm \u2013 17 akys \u00d7 22 eil\u0117s<\/p>\n<p data-start=\"511\" data-end=\"633\"><strong data-start=\"511\" data-end=\"525\">Prie\u017ei\u016bra:<\/strong><br data-start=\"525\" data-end=\"528\" \/>Skalbti iki 30 \u00b0C temperat\u016broje, d\u017eiovinti patiesus horizontaliai, galima lyginti \u017eemoje temperat\u016broje.<\/p>\n<p data-start=\"635\" data-end=\"723\" data-is-last-node=\"\" data-is-only-node=\"\"><strong data-start=\"635\" data-end=\"647\">Pastaba:<\/strong> spalv\u0173 atspalviai gali \u0161iek tiek skirtis priklausomai nuo \u012frenginio ekrano.<\/p>\n","protected":false},"excerpt":{"rendered":"<p>Concept by Katia Camboya \u2013 tai nat\u016bral\u016bs 100 % medvilniniai si\u016blai, pasi\u017eymintys i\u0161skirtiniu mink\u0161tumu ir subtiliu, lengvai matinio pavir\u0161iaus efektu. \u0160ie si\u016blai tobulai tinka vasariniams megztiniams, liemen\u0117ms ar aksesuarams \u2013 gaminiai i\u0161 j\u0173 bus pralaid\u016bs orui, \u0161veln\u016bs ir malon\u016bs d\u0117v\u0117ti net kar\u0161tomis dienomis. Sud\u0117tis: 100 % medviln\u0117Svoris \/ ilgis: 50 g &#8211; 85 mRekomenduojami virbalai: [&hellip;]<\/p>\n","protected":false},"featured_media":4793,"comment_status":"open","ping_status":"closed","template":"","meta":{"_acf_changed":false},"product_brand":[69],"product_cat":[15,182,18],"product_tag":[33],"pro-kategorijos":[55],"class_list":{"0":"post-5217","1":"product","2":"type-product","3":"status-publish","4":"has-post-thumbnail","6":"product_brand-concept-by-katia","7":"product_cat-visi-produktai","8":"product_cat-ispardavimas","9":"product_cat-siulai","10":"product_tag-ispardavimas","11":"pro-kategorijos-medvilne","13":"first","14":"instock","15":"sale","16":"shipping-taxable","17":"purchasable","18":"product-type-variable"},"acf":[],"yoast_head":"<!-- This site is optimized with the Yoast SEO plugin v26.8 - https:\/\/yoast.com\/product\/yoast-seo-wordpress\/ -->\n<title>Concept by Katia Camboya - Happyinaknit.com<\/title>\n<meta name=\"robots\" content=\"index, follow, max-snippet:-1, max-image-preview:large, max-video-preview:-1\" \/>\n<link rel=\"canonical\" href=\"https:\/\/happyinaknit.com\/lt\/produktas\/concept-by-katia-camboya\/\" \/>\n<meta property=\"og:locale\" content=\"lt_LT\" \/>\n<meta property=\"og:type\" content=\"article\" \/>\n<meta property=\"og:title\" content=\"Concept by Katia Camboya - Happyinaknit.com\" \/>\n<meta property=\"og:description\" content=\"Concept by Katia Camboya \u2013 tai nat\u016bral\u016bs 100 % medvilniniai si\u016blai, pasi\u017eymintys i\u0161skirtiniu mink\u0161tumu ir subtiliu, lengvai matinio pavir\u0161iaus efektu. \u0160ie si\u016blai tobulai tinka vasariniams megztiniams, liemen\u0117ms ar aksesuarams \u2013 gaminiai i\u0161 j\u0173 bus pralaid\u016bs orui, \u0161veln\u016bs ir malon\u016bs d\u0117v\u0117ti net kar\u0161tomis dienomis. Sud\u0117tis: 100 % medviln\u0117Svoris \/ ilgis: 50 g &#8211; 85 mRekomenduojami virbalai: [&hellip;]\" \/>\n<meta property=\"og:url\" content=\"https:\/\/happyinaknit.com\/lt\/produktas\/concept-by-katia-camboya\/\" \/>\n<meta property=\"og:site_name\" content=\"Happyinaknit.com\" \/>\n<meta property=\"article:modified_time\" content=\"2025-11-17T16:12:52+00:00\" \/>\n<meta property=\"og:image\" content=\"https:\/\/happyinaknit.com\/wp-content\/uploads\/2025\/10\/IMG_9483.jpg\" \/>\n\t<meta property=\"og:image:width\" content=\"1320\" \/>\n\t<meta property=\"og:image:height\" content=\"1132\" \/>\n\t<meta property=\"og:image:type\" content=\"image\/jpeg\" \/>\n<meta name=\"twitter:card\" content=\"summary_large_image\" \/>\n<script type=\"application\/ld+json\" class=\"yoast-schema-graph\">{\"@context\":\"https:\/\/schema.org\",\"@graph\":[{\"@type\":\"WebPage\",\"@id\":\"https:\/\/happyinaknit.com\/produktas\/concept-by-katia-camboya\/\",\"url\":\"https:\/\/happyinaknit.com\/produktas\/concept-by-katia-camboya\/\",\"name\":\"Concept by Katia Camboya - Happyinaknit.com\",\"isPartOf\":{\"@id\":\"https:\/\/happyinaknit.com\/lt\/#website\"},\"primaryImageOfPage\":{\"@id\":\"https:\/\/happyinaknit.com\/produktas\/concept-by-katia-camboya\/#primaryimage\"},\"image\":{\"@id\":\"https:\/\/happyinaknit.com\/produktas\/concept-by-katia-camboya\/#primaryimage\"},\"thumbnailUrl\":\"https:\/\/happyinaknit.com\/wp-content\/uploads\/2025\/10\/IMG_9483.jpg\",\"datePublished\":\"2025-10-15T07:31:04+00:00\",\"dateModified\":\"2025-11-17T16:12:52+00:00\",\"breadcrumb\":{\"@id\":\"https:\/\/happyinaknit.com\/produktas\/concept-by-katia-camboya\/#breadcrumb\"},\"inLanguage\":\"lt-LT\",\"potentialAction\":[{\"@type\":\"ReadAction\",\"target\":[\"https:\/\/happyinaknit.com\/produktas\/concept-by-katia-camboya\/\"]}]},{\"@type\":\"ImageObject\",\"inLanguage\":\"lt-LT\",\"@id\":\"https:\/\/happyinaknit.com\/produktas\/concept-by-katia-camboya\/#primaryimage\",\"url\":\"https:\/\/happyinaknit.com\/wp-content\/uploads\/2025\/10\/IMG_9483.jpg\",\"contentUrl\":\"https:\/\/happyinaknit.com\/wp-content\/uploads\/2025\/10\/IMG_9483.jpg\",\"width\":1320,\"height\":1132},{\"@type\":\"BreadcrumbList\",\"@id\":\"https:\/\/happyinaknit.com\/produktas\/concept-by-katia-camboya\/#breadcrumb\",\"itemListElement\":[{\"@type\":\"ListItem\",\"position\":1,\"name\":\"Home\",\"item\":\"https:\/\/happyinaknit.com\/lt\/\"},{\"@type\":\"ListItem\",\"position\":2,\"name\":\"Parduotuv\u0117\",\"item\":\"https:\/\/happyinaknit.com\/lt\/parduotuve\/\"},{\"@type\":\"ListItem\",\"position\":3,\"name\":\"Concept by Katia Camboya\"}]},{\"@type\":\"WebSite\",\"@id\":\"https:\/\/happyinaknit.com\/lt\/#website\",\"url\":\"https:\/\/happyinaknit.com\/lt\/\",\"name\":\"Happyinaknit.com\",\"description\":\"\",\"potentialAction\":[{\"@type\":\"SearchAction\",\"target\":{\"@type\":\"EntryPoint\",\"urlTemplate\":\"https:\/\/happyinaknit.com\/lt\/?s={search_term_string}\"},\"query-input\":{\"@type\":\"PropertyValueSpecification\",\"valueRequired\":true,\"valueName\":\"search_term_string\"}}],\"inLanguage\":\"lt-LT\"}]}<\/script>\n<!-- \/ Yoast SEO plugin. -->","yoast_head_json":{"title":"Concept by Katia Camboya - Happyinaknit.com","robots":{"index":"index","follow":"follow","max-snippet":"max-snippet:-1","max-image-preview":"max-image-preview:large","max-video-preview":"max-video-preview:-1"},"canonical":"https:\/\/happyinaknit.com\/lt\/produktas\/concept-by-katia-camboya\/","og_locale":"lt_LT","og_type":"article","og_title":"Concept by Katia Camboya - Happyinaknit.com","og_description":"Concept by Katia Camboya \u2013 tai nat\u016bral\u016bs 100 % medvilniniai si\u016blai, pasi\u017eymintys i\u0161skirtiniu mink\u0161tumu ir subtiliu, lengvai matinio pavir\u0161iaus efektu. \u0160ie si\u016blai tobulai tinka vasariniams megztiniams, liemen\u0117ms ar aksesuarams \u2013 gaminiai i\u0161 j\u0173 bus pralaid\u016bs orui, \u0161veln\u016bs ir malon\u016bs d\u0117v\u0117ti net kar\u0161tomis dienomis. Sud\u0117tis: 100 % medviln\u0117Svoris \/ ilgis: 50 g &#8211; 85 mRekomenduojami virbalai: [&hellip;]","og_url":"https:\/\/happyinaknit.com\/lt\/produktas\/concept-by-katia-camboya\/","og_site_name":"Happyinaknit.com","article_modified_time":"2025-11-17T16:12:52+00:00","og_image":[{"width":1320,"height":1132,"url":"https:\/\/happyinaknit.com\/wp-content\/uploads\/2025\/10\/IMG_9483.jpg","type":"image\/jpeg"}],"twitter_card":"summary_large_image","schema":{"@context":"https:\/\/schema.org","@graph":[{"@type":"WebPage","@id":"https:\/\/happyinaknit.com\/produktas\/concept-by-katia-camboya\/","url":"https:\/\/happyinaknit.com\/produktas\/concept-by-katia-camboya\/","name":"Concept by Katia Camboya - Happyinaknit.com","isPartOf":{"@id":"https:\/\/happyinaknit.com\/lt\/#website"},"primaryImageOfPage":{"@id":"https:\/\/happyinaknit.com\/produktas\/concept-by-katia-camboya\/#primaryimage"},"image":{"@id":"https:\/\/happyinaknit.com\/produktas\/concept-by-katia-camboya\/#primaryimage"},"thumbnailUrl":"https:\/\/happyinaknit.com\/wp-content\/uploads\/2025\/10\/IMG_9483.jpg","datePublished":"2025-10-15T07:31:04+00:00","dateModified":"2025-11-17T16:12:52+00:00","breadcrumb":{"@id":"https:\/\/happyinaknit.com\/produktas\/concept-by-katia-camboya\/#breadcrumb"},"inLanguage":"lt-LT","potentialAction":[{"@type":"ReadAction","target":["https:\/\/happyinaknit.com\/produktas\/concept-by-katia-camboya\/"]}]},{"@type":"ImageObject","inLanguage":"lt-LT","@id":"https:\/\/happyinaknit.com\/produktas\/concept-by-katia-camboya\/#primaryimage","url":"https:\/\/happyinaknit.com\/wp-content\/uploads\/2025\/10\/IMG_9483.jpg","contentUrl":"https:\/\/happyinaknit.com\/wp-content\/uploads\/2025\/10\/IMG_9483.jpg","width":1320,"height":1132},{"@type":"BreadcrumbList","@id":"https:\/\/happyinaknit.com\/produktas\/concept-by-katia-camboya\/#breadcrumb","itemListElement":[{"@type":"ListItem","position":1,"name":"Home","item":"https:\/\/happyinaknit.com\/lt\/"},{"@type":"ListItem","position":2,"name":"Parduotuv\u0117","item":"https:\/\/happyinaknit.com\/lt\/parduotuve\/"},{"@type":"ListItem","position":3,"name":"Concept by Katia Camboya"}]},{"@type":"WebSite","@id":"https:\/\/happyinaknit.com\/lt\/#website","url":"https:\/\/happyinaknit.com\/lt\/","name":"Happyinaknit.com","description":"","potentialAction":[{"@type":"SearchAction","target":{"@type":"EntryPoint","urlTemplate":"https:\/\/happyinaknit.com\/lt\/?s={search_term_string}"},"query-input":{"@type":"PropertyValueSpecification","valueRequired":true,"valueName":"search_term_string"}}],"inLanguage":"lt-LT"}]}},"_links":{"self":[{"href":"https:\/\/happyinaknit.com\/lt\/wp-json\/wp\/v2\/product\/5217","targetHints":{"allow":["GET"]}}],"collection":[{"href":"https:\/\/happyinaknit.com\/lt\/wp-json\/wp\/v2\/product"}],"about":[{"href":"https:\/\/happyinaknit.com\/lt\/wp-json\/wp\/v2\/types\/product"}],"replies":[{"embeddable":true,"href":"https:\/\/happyinaknit.com\/lt\/wp-json\/wp\/v2\/comments?post=5217"}],"wp:featuredmedia":[{"embeddable":true,"href":"https:\/\/happyinaknit.com\/lt\/wp-json\/wp\/v2\/media\/4793"}],"wp:attachment":[{"href":"https:\/\/happyinaknit.com\/lt\/wp-json\/wp\/v2\/media?parent=5217"}],"wp:term":[{"taxonomy":"product_brand","embeddable":true,"href":"https:\/\/happyinaknit.com\/lt\/wp-json\/wp\/v2\/product_brand?post=5217"},{"taxonomy":"product_cat","embeddable":true,"href":"https:\/\/happyinaknit.com\/lt\/wp-json\/wp\/v2\/product_cat?post=5217"},{"taxonomy":"product_tag","embeddable":true,"href":"https:\/\/happyinaknit.com\/lt\/wp-json\/wp\/v2\/product_tag?post=5217"},{"taxonomy":"pro-kategorijos","embeddable":true,"href":"https:\/\/happyinaknit.com\/lt\/wp-json\/wp\/v2\/pro-kategorijos?post=5217"}],"curies":[{"name":"wp","href":"https:\/\/api.w.org\/{rel}","templated":true}]}}