{"id":5212,"date":"2025-10-15T07:18:39","date_gmt":"2025-10-15T07:18:39","guid":{"rendered":"https:\/\/happyinaknit.com\/?post_type=product&#038;p=5212"},"modified":"2025-11-13T20:04:30","modified_gmt":"2025-11-13T20:04:30","slug":"concept-by-katia-linum","status":"publish","type":"product","link":"https:\/\/happyinaknit.com\/lt\/produktas\/concept-by-katia-linum\/","title":{"rendered":"Concept by Katia Linum"},"content":{"rendered":"<p data-start=\"32\" data-end=\"392\"><strong data-start=\"32\" data-end=\"58\">Concept by Katia Linum<\/strong> \u2013 nat\u016bral\u016bs, vasari\u0161ki si\u016blai, kuriuose harmoningai dera medviln\u0117 ir perdirbtas linas. \u0160i sud\u0117tis suteikia si\u016blui nat\u016bral\u0173, \u0161iek tiek rusti\u0161k\u0105 efekt\u0105, tuo pa\u010diu i\u0161laikant \u0161velnum\u0105 ir elastingum\u0105. \u201eLinum\u201c idealiai tinka megztiniams, mar\u0161kin\u0117liams ar vasarin\u0117ms palaidin\u0117ms \u2013 gaminiai bus lengvi, pralaid\u016bs orui ir malon\u016bs prie k\u016bno.<\/p>\n<p data-start=\"394\" data-end=\"661\"><strong data-start=\"394\" data-end=\"406\">Sud\u0117tis:<\/strong> 70 % medviln\u0117, 20 % perdirbtas linas, 10 % poliamidas<br data-start=\"460\" data-end=\"463\" \/><strong data-start=\"463\" data-end=\"482\">Svoris \/ ilgis:<\/strong> 50 g &#8211; 100 m<br data-start=\"495\" data-end=\"498\" \/><strong data-start=\"498\" data-end=\"526\" data-is-only-node=\"\">Rekomenduojami virbalai:<\/strong> 4,5 \u2013 5,0 mm<br data-start=\"539\" data-end=\"542\" \/><strong data-start=\"542\" data-end=\"555\">Tankumas:<\/strong> 10 \u00d7 10 cm \u2013 19 akys \u00d7 25 eil\u0117s<br data-start=\"587\" data-end=\"590\" \/><strong data-start=\"590\" data-end=\"617\">Apytikris sunaudojimas:<\/strong> megztiniui (M dydis) \u2013 apie 8 kamuoliukai<\/p>\n<p data-start=\"663\" data-end=\"777\"><strong data-start=\"663\" data-end=\"677\">Prie\u017ei\u016bra:<\/strong><br data-start=\"677\" data-end=\"680\" \/>Skalbti \u0161velniu re\u017eimu iki 30 \u00b0C temperat\u016broje, d\u017eiovinti patiesus, nelyginti kar\u0161tu lygintuvu.<\/p>\n<p data-start=\"779\" data-end=\"867\" data-is-last-node=\"\" data-is-only-node=\"\"><strong data-start=\"779\" data-end=\"791\">Pastaba:<\/strong> spalv\u0173 atspalviai gali \u0161iek tiek skirtis priklausomai nuo \u012frenginio ekrano.<\/p>\n","protected":false},"excerpt":{"rendered":"<p>Concept by Katia Linum \u2013 nat\u016bral\u016bs, vasari\u0161ki si\u016blai, kuriuose harmoningai dera medviln\u0117 ir perdirbtas linas. \u0160i sud\u0117tis suteikia si\u016blui nat\u016bral\u0173, \u0161iek tiek rusti\u0161k\u0105 efekt\u0105, tuo pa\u010diu i\u0161laikant \u0161velnum\u0105 ir elastingum\u0105. \u201eLinum\u201c idealiai tinka megztiniams, mar\u0161kin\u0117liams ar vasarin\u0117ms palaidin\u0117ms \u2013 gaminiai bus lengvi, pralaid\u016bs orui ir malon\u016bs prie k\u016bno. Sud\u0117tis: 70 % medviln\u0117, 20 % perdirbtas [&hellip;]<\/p>\n","protected":false},"featured_media":4795,"comment_status":"open","ping_status":"closed","template":"","meta":{"_acf_changed":false},"product_brand":[69],"product_cat":[15,18],"product_tag":[],"pro-kategorijos":[80,55],"class_list":{"0":"post-5212","1":"product","2":"type-product","3":"status-publish","4":"has-post-thumbnail","6":"product_brand-concept-by-katia","7":"product_cat-visi-produktai","8":"product_cat-siulai","9":"pro-kategorijos-linas","10":"pro-kategorijos-medvilne","12":"first","13":"instock","14":"shipping-taxable","15":"purchasable","16":"product-type-variable"},"acf":[],"yoast_head":"<!-- This site is optimized with the Yoast SEO plugin v26.8 - https:\/\/yoast.com\/product\/yoast-seo-wordpress\/ -->\n<title>Concept by Katia Linum - Happyinaknit.com<\/title>\n<meta name=\"robots\" content=\"index, follow, max-snippet:-1, max-image-preview:large, max-video-preview:-1\" \/>\n<link rel=\"canonical\" href=\"https:\/\/happyinaknit.com\/lt\/produktas\/concept-by-katia-linum\/\" \/>\n<meta property=\"og:locale\" content=\"lt_LT\" \/>\n<meta property=\"og:type\" content=\"article\" \/>\n<meta property=\"og:title\" content=\"Concept by Katia Linum - Happyinaknit.com\" \/>\n<meta property=\"og:description\" content=\"Concept by Katia Linum \u2013 nat\u016bral\u016bs, vasari\u0161ki si\u016blai, kuriuose harmoningai dera medviln\u0117 ir perdirbtas linas. \u0160i sud\u0117tis suteikia si\u016blui nat\u016bral\u0173, \u0161iek tiek rusti\u0161k\u0105 efekt\u0105, tuo pa\u010diu i\u0161laikant \u0161velnum\u0105 ir elastingum\u0105. \u201eLinum\u201c idealiai tinka megztiniams, mar\u0161kin\u0117liams ar vasarin\u0117ms palaidin\u0117ms \u2013 gaminiai bus lengvi, pralaid\u016bs orui ir malon\u016bs prie k\u016bno. Sud\u0117tis: 70 % medviln\u0117, 20 % perdirbtas [&hellip;]\" \/>\n<meta property=\"og:url\" content=\"https:\/\/happyinaknit.com\/lt\/produktas\/concept-by-katia-linum\/\" \/>\n<meta property=\"og:site_name\" content=\"Happyinaknit.com\" \/>\n<meta property=\"article:modified_time\" content=\"2025-11-13T20:04:30+00:00\" \/>\n<meta property=\"og:image\" content=\"https:\/\/happyinaknit.com\/wp-content\/uploads\/2025\/10\/IMG_9481.jpg\" \/>\n\t<meta property=\"og:image:width\" content=\"1320\" \/>\n\t<meta property=\"og:image:height\" content=\"1127\" \/>\n\t<meta property=\"og:image:type\" content=\"image\/jpeg\" \/>\n<meta name=\"twitter:card\" content=\"summary_large_image\" \/>\n<meta name=\"twitter:label1\" content=\"Est. reading time\" \/>\n\t<meta name=\"twitter:data1\" content=\"1 minut\u0117\" \/>\n<script type=\"application\/ld+json\" class=\"yoast-schema-graph\">{\"@context\":\"https:\/\/schema.org\",\"@graph\":[{\"@type\":\"WebPage\",\"@id\":\"https:\/\/happyinaknit.com\/produktas\/concept-by-katia-linum\/\",\"url\":\"https:\/\/happyinaknit.com\/produktas\/concept-by-katia-linum\/\",\"name\":\"Concept by Katia Linum - Happyinaknit.com\",\"isPartOf\":{\"@id\":\"https:\/\/happyinaknit.com\/lt\/#website\"},\"primaryImageOfPage\":{\"@id\":\"https:\/\/happyinaknit.com\/produktas\/concept-by-katia-linum\/#primaryimage\"},\"image\":{\"@id\":\"https:\/\/happyinaknit.com\/produktas\/concept-by-katia-linum\/#primaryimage\"},\"thumbnailUrl\":\"https:\/\/happyinaknit.com\/wp-content\/uploads\/2025\/10\/IMG_9481.jpg\",\"datePublished\":\"2025-10-15T07:18:39+00:00\",\"dateModified\":\"2025-11-13T20:04:30+00:00\",\"breadcrumb\":{\"@id\":\"https:\/\/happyinaknit.com\/produktas\/concept-by-katia-linum\/#breadcrumb\"},\"inLanguage\":\"lt-LT\",\"potentialAction\":[{\"@type\":\"ReadAction\",\"target\":[\"https:\/\/happyinaknit.com\/produktas\/concept-by-katia-linum\/\"]}]},{\"@type\":\"ImageObject\",\"inLanguage\":\"lt-LT\",\"@id\":\"https:\/\/happyinaknit.com\/produktas\/concept-by-katia-linum\/#primaryimage\",\"url\":\"https:\/\/happyinaknit.com\/wp-content\/uploads\/2025\/10\/IMG_9481.jpg\",\"contentUrl\":\"https:\/\/happyinaknit.com\/wp-content\/uploads\/2025\/10\/IMG_9481.jpg\",\"width\":1320,\"height\":1127},{\"@type\":\"BreadcrumbList\",\"@id\":\"https:\/\/happyinaknit.com\/produktas\/concept-by-katia-linum\/#breadcrumb\",\"itemListElement\":[{\"@type\":\"ListItem\",\"position\":1,\"name\":\"Home\",\"item\":\"https:\/\/happyinaknit.com\/lt\/\"},{\"@type\":\"ListItem\",\"position\":2,\"name\":\"Parduotuv\u0117\",\"item\":\"https:\/\/happyinaknit.com\/lt\/parduotuve\/\"},{\"@type\":\"ListItem\",\"position\":3,\"name\":\"Concept by Katia Linum\"}]},{\"@type\":\"WebSite\",\"@id\":\"https:\/\/happyinaknit.com\/lt\/#website\",\"url\":\"https:\/\/happyinaknit.com\/lt\/\",\"name\":\"Happyinaknit.com\",\"description\":\"\",\"potentialAction\":[{\"@type\":\"SearchAction\",\"target\":{\"@type\":\"EntryPoint\",\"urlTemplate\":\"https:\/\/happyinaknit.com\/lt\/?s={search_term_string}\"},\"query-input\":{\"@type\":\"PropertyValueSpecification\",\"valueRequired\":true,\"valueName\":\"search_term_string\"}}],\"inLanguage\":\"lt-LT\"}]}<\/script>\n<!-- \/ Yoast SEO plugin. -->","yoast_head_json":{"title":"Concept by Katia Linum - Happyinaknit.com","robots":{"index":"index","follow":"follow","max-snippet":"max-snippet:-1","max-image-preview":"max-image-preview:large","max-video-preview":"max-video-preview:-1"},"canonical":"https:\/\/happyinaknit.com\/lt\/produktas\/concept-by-katia-linum\/","og_locale":"lt_LT","og_type":"article","og_title":"Concept by Katia Linum - Happyinaknit.com","og_description":"Concept by Katia Linum \u2013 nat\u016bral\u016bs, vasari\u0161ki si\u016blai, kuriuose harmoningai dera medviln\u0117 ir perdirbtas linas. \u0160i sud\u0117tis suteikia si\u016blui nat\u016bral\u0173, \u0161iek tiek rusti\u0161k\u0105 efekt\u0105, tuo pa\u010diu i\u0161laikant \u0161velnum\u0105 ir elastingum\u0105. \u201eLinum\u201c idealiai tinka megztiniams, mar\u0161kin\u0117liams ar vasarin\u0117ms palaidin\u0117ms \u2013 gaminiai bus lengvi, pralaid\u016bs orui ir malon\u016bs prie k\u016bno. Sud\u0117tis: 70 % medviln\u0117, 20 % perdirbtas [&hellip;]","og_url":"https:\/\/happyinaknit.com\/lt\/produktas\/concept-by-katia-linum\/","og_site_name":"Happyinaknit.com","article_modified_time":"2025-11-13T20:04:30+00:00","og_image":[{"width":1320,"height":1127,"url":"https:\/\/happyinaknit.com\/wp-content\/uploads\/2025\/10\/IMG_9481.jpg","type":"image\/jpeg"}],"twitter_card":"summary_large_image","twitter_misc":{"Est. reading time":"1 minut\u0117"},"schema":{"@context":"https:\/\/schema.org","@graph":[{"@type":"WebPage","@id":"https:\/\/happyinaknit.com\/produktas\/concept-by-katia-linum\/","url":"https:\/\/happyinaknit.com\/produktas\/concept-by-katia-linum\/","name":"Concept by Katia Linum - Happyinaknit.com","isPartOf":{"@id":"https:\/\/happyinaknit.com\/lt\/#website"},"primaryImageOfPage":{"@id":"https:\/\/happyinaknit.com\/produktas\/concept-by-katia-linum\/#primaryimage"},"image":{"@id":"https:\/\/happyinaknit.com\/produktas\/concept-by-katia-linum\/#primaryimage"},"thumbnailUrl":"https:\/\/happyinaknit.com\/wp-content\/uploads\/2025\/10\/IMG_9481.jpg","datePublished":"2025-10-15T07:18:39+00:00","dateModified":"2025-11-13T20:04:30+00:00","breadcrumb":{"@id":"https:\/\/happyinaknit.com\/produktas\/concept-by-katia-linum\/#breadcrumb"},"inLanguage":"lt-LT","potentialAction":[{"@type":"ReadAction","target":["https:\/\/happyinaknit.com\/produktas\/concept-by-katia-linum\/"]}]},{"@type":"ImageObject","inLanguage":"lt-LT","@id":"https:\/\/happyinaknit.com\/produktas\/concept-by-katia-linum\/#primaryimage","url":"https:\/\/happyinaknit.com\/wp-content\/uploads\/2025\/10\/IMG_9481.jpg","contentUrl":"https:\/\/happyinaknit.com\/wp-content\/uploads\/2025\/10\/IMG_9481.jpg","width":1320,"height":1127},{"@type":"BreadcrumbList","@id":"https:\/\/happyinaknit.com\/produktas\/concept-by-katia-linum\/#breadcrumb","itemListElement":[{"@type":"ListItem","position":1,"name":"Home","item":"https:\/\/happyinaknit.com\/lt\/"},{"@type":"ListItem","position":2,"name":"Parduotuv\u0117","item":"https:\/\/happyinaknit.com\/lt\/parduotuve\/"},{"@type":"ListItem","position":3,"name":"Concept by Katia Linum"}]},{"@type":"WebSite","@id":"https:\/\/happyinaknit.com\/lt\/#website","url":"https:\/\/happyinaknit.com\/lt\/","name":"Happyinaknit.com","description":"","potentialAction":[{"@type":"SearchAction","target":{"@type":"EntryPoint","urlTemplate":"https:\/\/happyinaknit.com\/lt\/?s={search_term_string}"},"query-input":{"@type":"PropertyValueSpecification","valueRequired":true,"valueName":"search_term_string"}}],"inLanguage":"lt-LT"}]}},"_links":{"self":[{"href":"https:\/\/happyinaknit.com\/lt\/wp-json\/wp\/v2\/product\/5212","targetHints":{"allow":["GET"]}}],"collection":[{"href":"https:\/\/happyinaknit.com\/lt\/wp-json\/wp\/v2\/product"}],"about":[{"href":"https:\/\/happyinaknit.com\/lt\/wp-json\/wp\/v2\/types\/product"}],"replies":[{"embeddable":true,"href":"https:\/\/happyinaknit.com\/lt\/wp-json\/wp\/v2\/comments?post=5212"}],"wp:featuredmedia":[{"embeddable":true,"href":"https:\/\/happyinaknit.com\/lt\/wp-json\/wp\/v2\/media\/4795"}],"wp:attachment":[{"href":"https:\/\/happyinaknit.com\/lt\/wp-json\/wp\/v2\/media?parent=5212"}],"wp:term":[{"taxonomy":"product_brand","embeddable":true,"href":"https:\/\/happyinaknit.com\/lt\/wp-json\/wp\/v2\/product_brand?post=5212"},{"taxonomy":"product_cat","embeddable":true,"href":"https:\/\/happyinaknit.com\/lt\/wp-json\/wp\/v2\/product_cat?post=5212"},{"taxonomy":"product_tag","embeddable":true,"href":"https:\/\/happyinaknit.com\/lt\/wp-json\/wp\/v2\/product_tag?post=5212"},{"taxonomy":"pro-kategorijos","embeddable":true,"href":"https:\/\/happyinaknit.com\/lt\/wp-json\/wp\/v2\/pro-kategorijos?post=5212"}],"curies":[{"name":"wp","href":"https:\/\/api.w.org\/{rel}","templated":true}]}}