{"id":5178,"date":"2025-10-15T06:58:18","date_gmt":"2025-10-15T06:58:18","guid":{"rendered":"https:\/\/happyinaknit.com\/?post_type=product&#038;p=5178"},"modified":"2025-11-28T11:05:42","modified_gmt":"2025-11-28T11:05:42","slug":"concept-by-kati-reiki","status":"publish","type":"product","link":"https:\/\/happyinaknit.com\/lt\/produktas\/concept-by-kati-reiki\/","title":{"rendered":"Concept by Kati Reiki"},"content":{"rendered":"<p data-start=\"32\" data-end=\"429\"><strong data-start=\"32\" data-end=\"58\">Concept by Katia Reiki<\/strong> \u2013 prabang\u016bs, itin \u0161veln\u016bs si\u016blai su auk\u0161tos kokyb\u0117s alpakos ir merino vilna. Jie i\u0161siskiria subtiliais vienspalviais atspalviais ir i\u0161rai\u0161kingais margais dry\u017eiais, kurie harmoningai dera tarpusavyje. \u0160ie si\u016blai suteikia mezginiams lengvumo, \u0161ilumos ir i\u0161skirtinio stiliaus \u2013 idealiai tinka megztiniams, liemen\u0117ms ar aksesuarams, kurie trauks ak\u012f visur, kur beb\u016btum\u0117te.<\/p>\n<p data-start=\"431\" data-end=\"703\"><strong data-start=\"431\" data-end=\"443\">Sud\u0117tis:<\/strong> 60 % alpaka, 29 % merino vilna, 11 % poliamidas<br data-start=\"491\" data-end=\"494\" \/><strong data-start=\"494\" data-end=\"513\">Svoris \/ ilgis:<\/strong> 50 g &#8211; 110 m<br data-start=\"526\" data-end=\"529\" \/><strong data-start=\"529\" data-end=\"557\" data-is-only-node=\"\">Rekomenduojami virbalai:<\/strong> 5,5 \u2013 6,0 mm<br data-start=\"570\" data-end=\"573\" \/><strong data-start=\"573\" data-end=\"586\">Tankumas:<\/strong> 10 \u00d7 10 cm \u2013 13 akys \u00d7 20 eil\u0117s<br data-start=\"618\" data-end=\"621\" \/><strong data-start=\"621\" data-end=\"648\">Apytikris sunaudojimas:<\/strong> moteri\u0161kam megztiniui (M dydis) \u2013 apie 8 kamuoliukai<\/p>\n<p data-start=\"705\" data-end=\"819\"><strong data-start=\"705\" data-end=\"719\">Prie\u017ei\u016bra:<\/strong><br data-start=\"719\" data-end=\"722\" \/>Skalbti rankomis arba \u0161velniu re\u017eimu iki 30 \u00b0C temperat\u016broje, d\u017eiovinti patiesus horizontaliai.<\/p>\n<p data-start=\"821\" data-end=\"909\" data-is-last-node=\"\" data-is-only-node=\"\"><strong data-start=\"821\" data-end=\"833\">Pastaba:<\/strong> spalv\u0173 atspalviai gali \u0161iek tiek skirtis priklausomai nuo \u012frenginio ekrano.<\/p>\n","protected":false},"excerpt":{"rendered":"<p>Concept by Katia Reiki \u2013 prabang\u016bs, itin \u0161veln\u016bs si\u016blai su auk\u0161tos kokyb\u0117s alpakos ir merino vilna. Jie i\u0161siskiria subtiliais vienspalviais atspalviais ir i\u0161rai\u0161kingais margais dry\u017eiais, kurie harmoningai dera tarpusavyje. \u0160ie si\u016blai suteikia mezginiams lengvumo, \u0161ilumos ir i\u0161skirtinio stiliaus \u2013 idealiai tinka megztiniams, liemen\u0117ms ar aksesuarams, kurie trauks ak\u012f visur, kur beb\u016btum\u0117te. Sud\u0117tis: 60 % alpaka, [&hellip;]<\/p>\n","protected":false},"featured_media":4816,"comment_status":"open","ping_status":"closed","template":"","meta":{"_acf_changed":false},"product_brand":[69],"product_cat":[15,18],"product_tag":[],"pro-kategorijos":[],"class_list":{"0":"post-5178","1":"product","2":"type-product","3":"status-publish","4":"has-post-thumbnail","6":"product_brand-concept-by-katia","7":"product_cat-visi-produktai","8":"product_cat-siulai","10":"first","11":"instock","12":"shipping-taxable","13":"purchasable","14":"product-type-variable"},"acf":[],"yoast_head":"<!-- This site is optimized with the Yoast SEO plugin v26.8 - https:\/\/yoast.com\/product\/yoast-seo-wordpress\/ -->\n<title>Concept by Kati Reiki - Happyinaknit.com<\/title>\n<meta name=\"robots\" content=\"index, follow, max-snippet:-1, max-image-preview:large, max-video-preview:-1\" \/>\n<link rel=\"canonical\" href=\"https:\/\/happyinaknit.com\/lt\/produktas\/concept-by-kati-reiki\/\" \/>\n<meta property=\"og:locale\" content=\"lt_LT\" \/>\n<meta property=\"og:type\" content=\"article\" \/>\n<meta property=\"og:title\" content=\"Concept by Kati Reiki - Happyinaknit.com\" \/>\n<meta property=\"og:description\" content=\"Concept by Katia Reiki \u2013 prabang\u016bs, itin \u0161veln\u016bs si\u016blai su auk\u0161tos kokyb\u0117s alpakos ir merino vilna. Jie i\u0161siskiria subtiliais vienspalviais atspalviais ir i\u0161rai\u0161kingais margais dry\u017eiais, kurie harmoningai dera tarpusavyje. \u0160ie si\u016blai suteikia mezginiams lengvumo, \u0161ilumos ir i\u0161skirtinio stiliaus \u2013 idealiai tinka megztiniams, liemen\u0117ms ar aksesuarams, kurie trauks ak\u012f visur, kur beb\u016btum\u0117te. Sud\u0117tis: 60 % alpaka, [&hellip;]\" \/>\n<meta property=\"og:url\" content=\"https:\/\/happyinaknit.com\/lt\/produktas\/concept-by-kati-reiki\/\" \/>\n<meta property=\"og:site_name\" content=\"Happyinaknit.com\" \/>\n<meta property=\"article:modified_time\" content=\"2025-11-28T11:05:42+00:00\" \/>\n<meta property=\"og:image\" content=\"https:\/\/happyinaknit.com\/wp-content\/uploads\/2025\/10\/IMG_9460.jpg\" \/>\n\t<meta property=\"og:image:width\" content=\"1320\" \/>\n\t<meta property=\"og:image:height\" content=\"1215\" \/>\n\t<meta property=\"og:image:type\" content=\"image\/jpeg\" \/>\n<meta name=\"twitter:card\" content=\"summary_large_image\" \/>\n<meta name=\"twitter:label1\" content=\"Est. reading time\" \/>\n\t<meta name=\"twitter:data1\" content=\"1 minut\u0117\" \/>\n<script type=\"application\/ld+json\" class=\"yoast-schema-graph\">{\"@context\":\"https:\/\/schema.org\",\"@graph\":[{\"@type\":\"WebPage\",\"@id\":\"https:\/\/happyinaknit.com\/produktas\/concept-by-kati-reiki\/\",\"url\":\"https:\/\/happyinaknit.com\/produktas\/concept-by-kati-reiki\/\",\"name\":\"Concept by Kati Reiki - Happyinaknit.com\",\"isPartOf\":{\"@id\":\"https:\/\/happyinaknit.com\/lt\/#website\"},\"primaryImageOfPage\":{\"@id\":\"https:\/\/happyinaknit.com\/produktas\/concept-by-kati-reiki\/#primaryimage\"},\"image\":{\"@id\":\"https:\/\/happyinaknit.com\/produktas\/concept-by-kati-reiki\/#primaryimage\"},\"thumbnailUrl\":\"https:\/\/happyinaknit.com\/wp-content\/uploads\/2025\/10\/IMG_9460.jpg\",\"datePublished\":\"2025-10-15T06:58:18+00:00\",\"dateModified\":\"2025-11-28T11:05:42+00:00\",\"breadcrumb\":{\"@id\":\"https:\/\/happyinaknit.com\/produktas\/concept-by-kati-reiki\/#breadcrumb\"},\"inLanguage\":\"lt-LT\",\"potentialAction\":[{\"@type\":\"ReadAction\",\"target\":[\"https:\/\/happyinaknit.com\/produktas\/concept-by-kati-reiki\/\"]}]},{\"@type\":\"ImageObject\",\"inLanguage\":\"lt-LT\",\"@id\":\"https:\/\/happyinaknit.com\/produktas\/concept-by-kati-reiki\/#primaryimage\",\"url\":\"https:\/\/happyinaknit.com\/wp-content\/uploads\/2025\/10\/IMG_9460.jpg\",\"contentUrl\":\"https:\/\/happyinaknit.com\/wp-content\/uploads\/2025\/10\/IMG_9460.jpg\",\"width\":1320,\"height\":1215},{\"@type\":\"BreadcrumbList\",\"@id\":\"https:\/\/happyinaknit.com\/produktas\/concept-by-kati-reiki\/#breadcrumb\",\"itemListElement\":[{\"@type\":\"ListItem\",\"position\":1,\"name\":\"Home\",\"item\":\"https:\/\/happyinaknit.com\/lt\/\"},{\"@type\":\"ListItem\",\"position\":2,\"name\":\"Parduotuv\u0117\",\"item\":\"https:\/\/happyinaknit.com\/lt\/parduotuve\/\"},{\"@type\":\"ListItem\",\"position\":3,\"name\":\"Concept by Kati Reiki\"}]},{\"@type\":\"WebSite\",\"@id\":\"https:\/\/happyinaknit.com\/lt\/#website\",\"url\":\"https:\/\/happyinaknit.com\/lt\/\",\"name\":\"Happyinaknit.com\",\"description\":\"\",\"potentialAction\":[{\"@type\":\"SearchAction\",\"target\":{\"@type\":\"EntryPoint\",\"urlTemplate\":\"https:\/\/happyinaknit.com\/lt\/?s={search_term_string}\"},\"query-input\":{\"@type\":\"PropertyValueSpecification\",\"valueRequired\":true,\"valueName\":\"search_term_string\"}}],\"inLanguage\":\"lt-LT\"}]}<\/script>\n<!-- \/ Yoast SEO plugin. -->","yoast_head_json":{"title":"Concept by Kati Reiki - Happyinaknit.com","robots":{"index":"index","follow":"follow","max-snippet":"max-snippet:-1","max-image-preview":"max-image-preview:large","max-video-preview":"max-video-preview:-1"},"canonical":"https:\/\/happyinaknit.com\/lt\/produktas\/concept-by-kati-reiki\/","og_locale":"lt_LT","og_type":"article","og_title":"Concept by Kati Reiki - Happyinaknit.com","og_description":"Concept by Katia Reiki \u2013 prabang\u016bs, itin \u0161veln\u016bs si\u016blai su auk\u0161tos kokyb\u0117s alpakos ir merino vilna. Jie i\u0161siskiria subtiliais vienspalviais atspalviais ir i\u0161rai\u0161kingais margais dry\u017eiais, kurie harmoningai dera tarpusavyje. \u0160ie si\u016blai suteikia mezginiams lengvumo, \u0161ilumos ir i\u0161skirtinio stiliaus \u2013 idealiai tinka megztiniams, liemen\u0117ms ar aksesuarams, kurie trauks ak\u012f visur, kur beb\u016btum\u0117te. Sud\u0117tis: 60 % alpaka, [&hellip;]","og_url":"https:\/\/happyinaknit.com\/lt\/produktas\/concept-by-kati-reiki\/","og_site_name":"Happyinaknit.com","article_modified_time":"2025-11-28T11:05:42+00:00","og_image":[{"width":1320,"height":1215,"url":"https:\/\/happyinaknit.com\/wp-content\/uploads\/2025\/10\/IMG_9460.jpg","type":"image\/jpeg"}],"twitter_card":"summary_large_image","twitter_misc":{"Est. reading time":"1 minut\u0117"},"schema":{"@context":"https:\/\/schema.org","@graph":[{"@type":"WebPage","@id":"https:\/\/happyinaknit.com\/produktas\/concept-by-kati-reiki\/","url":"https:\/\/happyinaknit.com\/produktas\/concept-by-kati-reiki\/","name":"Concept by Kati Reiki - Happyinaknit.com","isPartOf":{"@id":"https:\/\/happyinaknit.com\/lt\/#website"},"primaryImageOfPage":{"@id":"https:\/\/happyinaknit.com\/produktas\/concept-by-kati-reiki\/#primaryimage"},"image":{"@id":"https:\/\/happyinaknit.com\/produktas\/concept-by-kati-reiki\/#primaryimage"},"thumbnailUrl":"https:\/\/happyinaknit.com\/wp-content\/uploads\/2025\/10\/IMG_9460.jpg","datePublished":"2025-10-15T06:58:18+00:00","dateModified":"2025-11-28T11:05:42+00:00","breadcrumb":{"@id":"https:\/\/happyinaknit.com\/produktas\/concept-by-kati-reiki\/#breadcrumb"},"inLanguage":"lt-LT","potentialAction":[{"@type":"ReadAction","target":["https:\/\/happyinaknit.com\/produktas\/concept-by-kati-reiki\/"]}]},{"@type":"ImageObject","inLanguage":"lt-LT","@id":"https:\/\/happyinaknit.com\/produktas\/concept-by-kati-reiki\/#primaryimage","url":"https:\/\/happyinaknit.com\/wp-content\/uploads\/2025\/10\/IMG_9460.jpg","contentUrl":"https:\/\/happyinaknit.com\/wp-content\/uploads\/2025\/10\/IMG_9460.jpg","width":1320,"height":1215},{"@type":"BreadcrumbList","@id":"https:\/\/happyinaknit.com\/produktas\/concept-by-kati-reiki\/#breadcrumb","itemListElement":[{"@type":"ListItem","position":1,"name":"Home","item":"https:\/\/happyinaknit.com\/lt\/"},{"@type":"ListItem","position":2,"name":"Parduotuv\u0117","item":"https:\/\/happyinaknit.com\/lt\/parduotuve\/"},{"@type":"ListItem","position":3,"name":"Concept by Kati Reiki"}]},{"@type":"WebSite","@id":"https:\/\/happyinaknit.com\/lt\/#website","url":"https:\/\/happyinaknit.com\/lt\/","name":"Happyinaknit.com","description":"","potentialAction":[{"@type":"SearchAction","target":{"@type":"EntryPoint","urlTemplate":"https:\/\/happyinaknit.com\/lt\/?s={search_term_string}"},"query-input":{"@type":"PropertyValueSpecification","valueRequired":true,"valueName":"search_term_string"}}],"inLanguage":"lt-LT"}]}},"_links":{"self":[{"href":"https:\/\/happyinaknit.com\/lt\/wp-json\/wp\/v2\/product\/5178","targetHints":{"allow":["GET"]}}],"collection":[{"href":"https:\/\/happyinaknit.com\/lt\/wp-json\/wp\/v2\/product"}],"about":[{"href":"https:\/\/happyinaknit.com\/lt\/wp-json\/wp\/v2\/types\/product"}],"replies":[{"embeddable":true,"href":"https:\/\/happyinaknit.com\/lt\/wp-json\/wp\/v2\/comments?post=5178"}],"wp:featuredmedia":[{"embeddable":true,"href":"https:\/\/happyinaknit.com\/lt\/wp-json\/wp\/v2\/media\/4816"}],"wp:attachment":[{"href":"https:\/\/happyinaknit.com\/lt\/wp-json\/wp\/v2\/media?parent=5178"}],"wp:term":[{"taxonomy":"product_brand","embeddable":true,"href":"https:\/\/happyinaknit.com\/lt\/wp-json\/wp\/v2\/product_brand?post=5178"},{"taxonomy":"product_cat","embeddable":true,"href":"https:\/\/happyinaknit.com\/lt\/wp-json\/wp\/v2\/product_cat?post=5178"},{"taxonomy":"product_tag","embeddable":true,"href":"https:\/\/happyinaknit.com\/lt\/wp-json\/wp\/v2\/product_tag?post=5178"},{"taxonomy":"pro-kategorijos","embeddable":true,"href":"https:\/\/happyinaknit.com\/lt\/wp-json\/wp\/v2\/pro-kategorijos?post=5178"}],"curies":[{"name":"wp","href":"https:\/\/api.w.org\/{rel}","templated":true}]}}