{"id":5151,"date":"2025-10-14T22:19:00","date_gmt":"2025-10-14T22:19:00","guid":{"rendered":"https:\/\/happyinaknit.com\/?post_type=product&#038;p=5151"},"modified":"2026-04-06T20:49:26","modified_gmt":"2026-04-06T20:49:26","slug":"concept-by-katia-pluma","status":"publish","type":"product","link":"https:\/\/happyinaknit.com\/lt\/produktas\/concept-by-katia-pluma\/","title":{"rendered":"Concept by Katia Pluma"},"content":{"rendered":"<p data-start=\"21\" data-end=\"408\"><strong data-start=\"21\" data-end=\"36\">Katia Pluma<\/strong> \u2013 tai unikal\u016bs, pur\u016bs vasariniai si\u016blai, suteikiantys mezginiams \u0161veln\u0173 \u0161epet\u0117lio efekt\u0105, primenant\u012f moher\u012f. D\u0117l savo mink\u0161tos, elastingos ir lengvos tekst\u016bros si\u016blai puikiai tinka vis\u0173 met\u0173 mezginiams \u2013 nuo lengv\u0173 megztini\u0173 iki mading\u0173 liemeni\u0173 ar \u0161varkeli\u0173. \u201ePluma\u201c galima megzti viena arba derinti su kitais si\u016blais, kad mezginiai \u012fgaut\u0173 daugiau apimties ir jaukumo.<\/p>\n<p data-start=\"410\" data-end=\"655\"><strong data-start=\"410\" data-end=\"422\">Sud\u0117tis:<\/strong> 85 % medviln\u0117, 15 % poliamidas<br data-start=\"453\" data-end=\"456\" \/><strong data-start=\"456\" data-end=\"475\">Svoris \/ ilgis:<\/strong> 50 g &#8211; 150 m<br data-start=\"488\" data-end=\"491\" \/><strong data-start=\"491\" data-end=\"519\" data-is-only-node=\"\">Rekomenduojami virbalai:<\/strong> 4,5 \u2013 5,0 mm<br data-start=\"532\" data-end=\"535\" \/><strong data-start=\"535\" data-end=\"548\">Tankumas:<\/strong> 10 \u00d7 10 cm \u2013 17 akys \u00d7 25 eil\u0117s<br data-start=\"580\" data-end=\"583\" \/><strong data-start=\"583\" data-end=\"610\">Apytikris sunaudojimas:<\/strong> megztiniui (42 dydis) \u2013 apie 5 kamuoliukai<\/p>\n<p data-start=\"657\" data-end=\"771\"><strong data-start=\"657\" data-end=\"671\">Prie\u017ei\u016bra:<\/strong><br data-start=\"671\" data-end=\"674\" \/>Skalbti rankomis arba \u0161velniu re\u017eimu iki 30 \u00b0C temperat\u016broje, d\u017eiovinti patiesus horizontaliai.<\/p>\n<p data-start=\"773\" data-end=\"861\" data-is-last-node=\"\" data-is-only-node=\"\"><strong data-start=\"773\" data-end=\"785\">Pastaba:<\/strong> spalv\u0173 atspalviai gali \u0161iek tiek skirtis priklausomai nuo \u012frenginio ekrano.<\/p>\n","protected":false},"excerpt":{"rendered":"<p>Katia Pluma \u2013 tai unikal\u016bs, pur\u016bs vasariniai si\u016blai, suteikiantys mezginiams \u0161veln\u0173 \u0161epet\u0117lio efekt\u0105, primenant\u012f moher\u012f. D\u0117l savo mink\u0161tos, elastingos ir lengvos tekst\u016bros si\u016blai puikiai tinka vis\u0173 met\u0173 mezginiams \u2013 nuo lengv\u0173 megztini\u0173 iki mading\u0173 liemeni\u0173 ar \u0161varkeli\u0173. \u201ePluma\u201c galima megzti viena arba derinti su kitais si\u016blais, kad mezginiai \u012fgaut\u0173 daugiau apimties ir jaukumo. Sud\u0117tis: 85 [&hellip;]<\/p>\n","protected":false},"featured_media":4851,"comment_status":"open","ping_status":"closed","template":"","meta":{"_acf_changed":false},"product_brand":[69],"product_cat":[15,18],"product_tag":[],"pro-kategorijos":[55],"class_list":{"0":"post-5151","1":"product","2":"type-product","3":"status-publish","4":"has-post-thumbnail","6":"product_brand-concept-by-katia","7":"product_cat-visi-produktai","8":"product_cat-siulai","9":"pro-kategorijos-medvilne","11":"first","12":"instock","13":"shipping-taxable","14":"purchasable","15":"product-type-variable"},"acf":[],"yoast_head":"<!-- This site is optimized with the Yoast SEO plugin v26.8 - https:\/\/yoast.com\/product\/yoast-seo-wordpress\/ -->\n<title>Concept by Katia Pluma - Happyinaknit.com<\/title>\n<meta name=\"robots\" content=\"index, follow, max-snippet:-1, max-image-preview:large, max-video-preview:-1\" \/>\n<link rel=\"canonical\" href=\"https:\/\/happyinaknit.com\/lt\/produktas\/concept-by-katia-pluma\/\" \/>\n<meta property=\"og:locale\" content=\"lt_LT\" \/>\n<meta property=\"og:type\" content=\"article\" \/>\n<meta property=\"og:title\" content=\"Concept by Katia Pluma - Happyinaknit.com\" \/>\n<meta property=\"og:description\" content=\"Katia Pluma \u2013 tai unikal\u016bs, pur\u016bs vasariniai si\u016blai, suteikiantys mezginiams \u0161veln\u0173 \u0161epet\u0117lio efekt\u0105, primenant\u012f moher\u012f. D\u0117l savo mink\u0161tos, elastingos ir lengvos tekst\u016bros si\u016blai puikiai tinka vis\u0173 met\u0173 mezginiams \u2013 nuo lengv\u0173 megztini\u0173 iki mading\u0173 liemeni\u0173 ar \u0161varkeli\u0173. \u201ePluma\u201c galima megzti viena arba derinti su kitais si\u016blais, kad mezginiai \u012fgaut\u0173 daugiau apimties ir jaukumo. Sud\u0117tis: 85 [&hellip;]\" \/>\n<meta property=\"og:url\" content=\"https:\/\/happyinaknit.com\/lt\/produktas\/concept-by-katia-pluma\/\" \/>\n<meta property=\"og:site_name\" content=\"Happyinaknit.com\" \/>\n<meta property=\"article:modified_time\" content=\"2026-04-06T20:49:26+00:00\" \/>\n<meta property=\"og:image\" content=\"https:\/\/happyinaknit.com\/wp-content\/uploads\/2025\/10\/IMG_9425.jpg\" \/>\n\t<meta property=\"og:image:width\" content=\"1320\" \/>\n\t<meta property=\"og:image:height\" content=\"1084\" \/>\n\t<meta property=\"og:image:type\" content=\"image\/jpeg\" \/>\n<meta name=\"twitter:card\" content=\"summary_large_image\" \/>\n<meta name=\"twitter:label1\" content=\"Est. reading time\" \/>\n\t<meta name=\"twitter:data1\" content=\"1 minut\u0117\" \/>\n<script type=\"application\/ld+json\" class=\"yoast-schema-graph\">{\"@context\":\"https:\/\/schema.org\",\"@graph\":[{\"@type\":\"WebPage\",\"@id\":\"https:\/\/happyinaknit.com\/produktas\/concept-by-katia-pluma\/\",\"url\":\"https:\/\/happyinaknit.com\/produktas\/concept-by-katia-pluma\/\",\"name\":\"Concept by Katia Pluma - Happyinaknit.com\",\"isPartOf\":{\"@id\":\"https:\/\/happyinaknit.com\/lt\/#website\"},\"primaryImageOfPage\":{\"@id\":\"https:\/\/happyinaknit.com\/produktas\/concept-by-katia-pluma\/#primaryimage\"},\"image\":{\"@id\":\"https:\/\/happyinaknit.com\/produktas\/concept-by-katia-pluma\/#primaryimage\"},\"thumbnailUrl\":\"https:\/\/happyinaknit.com\/wp-content\/uploads\/2025\/10\/IMG_9425.jpg\",\"datePublished\":\"2025-10-14T22:19:00+00:00\",\"dateModified\":\"2026-04-06T20:49:26+00:00\",\"breadcrumb\":{\"@id\":\"https:\/\/happyinaknit.com\/produktas\/concept-by-katia-pluma\/#breadcrumb\"},\"inLanguage\":\"lt-LT\",\"potentialAction\":[{\"@type\":\"ReadAction\",\"target\":[\"https:\/\/happyinaknit.com\/produktas\/concept-by-katia-pluma\/\"]}]},{\"@type\":\"ImageObject\",\"inLanguage\":\"lt-LT\",\"@id\":\"https:\/\/happyinaknit.com\/produktas\/concept-by-katia-pluma\/#primaryimage\",\"url\":\"https:\/\/happyinaknit.com\/wp-content\/uploads\/2025\/10\/IMG_9425.jpg\",\"contentUrl\":\"https:\/\/happyinaknit.com\/wp-content\/uploads\/2025\/10\/IMG_9425.jpg\",\"width\":1320,\"height\":1084},{\"@type\":\"BreadcrumbList\",\"@id\":\"https:\/\/happyinaknit.com\/produktas\/concept-by-katia-pluma\/#breadcrumb\",\"itemListElement\":[{\"@type\":\"ListItem\",\"position\":1,\"name\":\"Home\",\"item\":\"https:\/\/happyinaknit.com\/lt\/\"},{\"@type\":\"ListItem\",\"position\":2,\"name\":\"Parduotuv\u0117\",\"item\":\"https:\/\/happyinaknit.com\/lt\/parduotuve\/\"},{\"@type\":\"ListItem\",\"position\":3,\"name\":\"Concept by Katia Pluma\"}]},{\"@type\":\"WebSite\",\"@id\":\"https:\/\/happyinaknit.com\/lt\/#website\",\"url\":\"https:\/\/happyinaknit.com\/lt\/\",\"name\":\"Happyinaknit.com\",\"description\":\"\",\"potentialAction\":[{\"@type\":\"SearchAction\",\"target\":{\"@type\":\"EntryPoint\",\"urlTemplate\":\"https:\/\/happyinaknit.com\/lt\/?s={search_term_string}\"},\"query-input\":{\"@type\":\"PropertyValueSpecification\",\"valueRequired\":true,\"valueName\":\"search_term_string\"}}],\"inLanguage\":\"lt-LT\"}]}<\/script>\n<!-- \/ Yoast SEO plugin. -->","yoast_head_json":{"title":"Concept by Katia Pluma - Happyinaknit.com","robots":{"index":"index","follow":"follow","max-snippet":"max-snippet:-1","max-image-preview":"max-image-preview:large","max-video-preview":"max-video-preview:-1"},"canonical":"https:\/\/happyinaknit.com\/lt\/produktas\/concept-by-katia-pluma\/","og_locale":"lt_LT","og_type":"article","og_title":"Concept by Katia Pluma - Happyinaknit.com","og_description":"Katia Pluma \u2013 tai unikal\u016bs, pur\u016bs vasariniai si\u016blai, suteikiantys mezginiams \u0161veln\u0173 \u0161epet\u0117lio efekt\u0105, primenant\u012f moher\u012f. D\u0117l savo mink\u0161tos, elastingos ir lengvos tekst\u016bros si\u016blai puikiai tinka vis\u0173 met\u0173 mezginiams \u2013 nuo lengv\u0173 megztini\u0173 iki mading\u0173 liemeni\u0173 ar \u0161varkeli\u0173. \u201ePluma\u201c galima megzti viena arba derinti su kitais si\u016blais, kad mezginiai \u012fgaut\u0173 daugiau apimties ir jaukumo. Sud\u0117tis: 85 [&hellip;]","og_url":"https:\/\/happyinaknit.com\/lt\/produktas\/concept-by-katia-pluma\/","og_site_name":"Happyinaknit.com","article_modified_time":"2026-04-06T20:49:26+00:00","og_image":[{"width":1320,"height":1084,"url":"https:\/\/happyinaknit.com\/wp-content\/uploads\/2025\/10\/IMG_9425.jpg","type":"image\/jpeg"}],"twitter_card":"summary_large_image","twitter_misc":{"Est. reading time":"1 minut\u0117"},"schema":{"@context":"https:\/\/schema.org","@graph":[{"@type":"WebPage","@id":"https:\/\/happyinaknit.com\/produktas\/concept-by-katia-pluma\/","url":"https:\/\/happyinaknit.com\/produktas\/concept-by-katia-pluma\/","name":"Concept by Katia Pluma - Happyinaknit.com","isPartOf":{"@id":"https:\/\/happyinaknit.com\/lt\/#website"},"primaryImageOfPage":{"@id":"https:\/\/happyinaknit.com\/produktas\/concept-by-katia-pluma\/#primaryimage"},"image":{"@id":"https:\/\/happyinaknit.com\/produktas\/concept-by-katia-pluma\/#primaryimage"},"thumbnailUrl":"https:\/\/happyinaknit.com\/wp-content\/uploads\/2025\/10\/IMG_9425.jpg","datePublished":"2025-10-14T22:19:00+00:00","dateModified":"2026-04-06T20:49:26+00:00","breadcrumb":{"@id":"https:\/\/happyinaknit.com\/produktas\/concept-by-katia-pluma\/#breadcrumb"},"inLanguage":"lt-LT","potentialAction":[{"@type":"ReadAction","target":["https:\/\/happyinaknit.com\/produktas\/concept-by-katia-pluma\/"]}]},{"@type":"ImageObject","inLanguage":"lt-LT","@id":"https:\/\/happyinaknit.com\/produktas\/concept-by-katia-pluma\/#primaryimage","url":"https:\/\/happyinaknit.com\/wp-content\/uploads\/2025\/10\/IMG_9425.jpg","contentUrl":"https:\/\/happyinaknit.com\/wp-content\/uploads\/2025\/10\/IMG_9425.jpg","width":1320,"height":1084},{"@type":"BreadcrumbList","@id":"https:\/\/happyinaknit.com\/produktas\/concept-by-katia-pluma\/#breadcrumb","itemListElement":[{"@type":"ListItem","position":1,"name":"Home","item":"https:\/\/happyinaknit.com\/lt\/"},{"@type":"ListItem","position":2,"name":"Parduotuv\u0117","item":"https:\/\/happyinaknit.com\/lt\/parduotuve\/"},{"@type":"ListItem","position":3,"name":"Concept by Katia Pluma"}]},{"@type":"WebSite","@id":"https:\/\/happyinaknit.com\/lt\/#website","url":"https:\/\/happyinaknit.com\/lt\/","name":"Happyinaknit.com","description":"","potentialAction":[{"@type":"SearchAction","target":{"@type":"EntryPoint","urlTemplate":"https:\/\/happyinaknit.com\/lt\/?s={search_term_string}"},"query-input":{"@type":"PropertyValueSpecification","valueRequired":true,"valueName":"search_term_string"}}],"inLanguage":"lt-LT"}]}},"_links":{"self":[{"href":"https:\/\/happyinaknit.com\/lt\/wp-json\/wp\/v2\/product\/5151","targetHints":{"allow":["GET"]}}],"collection":[{"href":"https:\/\/happyinaknit.com\/lt\/wp-json\/wp\/v2\/product"}],"about":[{"href":"https:\/\/happyinaknit.com\/lt\/wp-json\/wp\/v2\/types\/product"}],"replies":[{"embeddable":true,"href":"https:\/\/happyinaknit.com\/lt\/wp-json\/wp\/v2\/comments?post=5151"}],"wp:featuredmedia":[{"embeddable":true,"href":"https:\/\/happyinaknit.com\/lt\/wp-json\/wp\/v2\/media\/4851"}],"wp:attachment":[{"href":"https:\/\/happyinaknit.com\/lt\/wp-json\/wp\/v2\/media?parent=5151"}],"wp:term":[{"taxonomy":"product_brand","embeddable":true,"href":"https:\/\/happyinaknit.com\/lt\/wp-json\/wp\/v2\/product_brand?post=5151"},{"taxonomy":"product_cat","embeddable":true,"href":"https:\/\/happyinaknit.com\/lt\/wp-json\/wp\/v2\/product_cat?post=5151"},{"taxonomy":"product_tag","embeddable":true,"href":"https:\/\/happyinaknit.com\/lt\/wp-json\/wp\/v2\/product_tag?post=5151"},{"taxonomy":"pro-kategorijos","embeddable":true,"href":"https:\/\/happyinaknit.com\/lt\/wp-json\/wp\/v2\/pro-kategorijos?post=5151"}],"curies":[{"name":"wp","href":"https:\/\/api.w.org\/{rel}","templated":true}]}}