{"id":5138,"date":"2025-10-14T22:02:39","date_gmt":"2025-10-14T22:02:39","guid":{"rendered":"https:\/\/happyinaknit.com\/?post_type=product&#038;p=5138"},"modified":"2026-03-02T15:24:29","modified_gmt":"2026-03-02T15:24:29","slug":"lana-grossa-landlust-soft-tweed-180","status":"publish","type":"product","link":"https:\/\/happyinaknit.com\/lt\/produktas\/lana-grossa-landlust-soft-tweed-180\/","title":{"rendered":"Lana Grossa LANDLUST Soft Tweed  180"},"content":{"rendered":"<p data-start=\"41\" data-end=\"483\"><strong data-start=\"41\" data-end=\"76\">Lana Grossa Landlust Soft Tweed<\/strong> \u2013 klasikiniai \u0161veln\u016bs merino vilnos si\u016blai su i\u0161rai\u0161kingu tvido efektu. Nepaisant to, kad sud\u0117tyje yra 100 % merino vilna, si\u016blai yra itin \u0161veln\u016bs ir malon\u016bs prie k\u016bno, puikiai i\u0161laiko form\u0105 ir suteikia jaukios \u0161ilumos. Drob\u0117je matomos netolygios spalvotos ta\u0161kel\u0117s suteikia mezginiams \u017eaismingumo ir ypatingo charakterio. Puikiai tinka megztiniams, kepur\u0117ms, pir\u0161tin\u0117ms ir kitiems \u017eieminiams drabu\u017eiams.<\/p>\n<p data-start=\"485\" data-end=\"816\"><strong data-start=\"485\" data-end=\"497\">Sud\u0117tis:<\/strong> 100 % merino vilna<br data-start=\"516\" data-end=\"519\" \/><strong data-start=\"519\" data-end=\"538\">Svoris \/ ilgis:<\/strong> 50 g &#8211; 180 m<br data-start=\"551\" data-end=\"554\" \/><strong data-start=\"554\" data-end=\"582\" data-is-only-node=\"\">Rekomenduojami virbalai:<\/strong> 3,5 \u2013 4,0 mm<br data-start=\"595\" data-end=\"598\" \/><strong data-start=\"598\" data-end=\"611\">Tankumas:<\/strong> 10 \u00d7 10 cm \u2013 20 akys \u00d7 28 eil\u0117s<br data-start=\"643\" data-end=\"646\" \/><strong data-start=\"646\" data-end=\"673\">Sunaudojimas:<\/strong><br data-start=\"673\" data-end=\"676\" \/>Kepurei su atlenkimu \u2013 1 kamuoliukas<br data-start=\"712\" data-end=\"715\" \/>Pir\u0161tin\u0117ms \u2013 1 kamuoliukas<br data-start=\"741\" data-end=\"744\" \/>Mani\u0161kei \u2013 2\u20133 kamuoliukai<br data-start=\"770\" data-end=\"773\" \/>Megztiniui (S dydis) \u2013 apie 6 kamuoliukai<\/p>\n<p data-start=\"818\" data-end=\"918\"><strong data-start=\"818\" data-end=\"832\">Prie\u017ei\u016bra:<\/strong><br data-start=\"832\" data-end=\"835\" \/>Skalbti rankomis arba \u0161velniu re\u017eimu iki 30 \u00b0C, d\u017eiovinti patiesus horizontaliai.<\/p>\n<p data-start=\"920\" data-end=\"1008\" data-is-last-node=\"\" data-is-only-node=\"\"><strong data-start=\"920\" data-end=\"932\">Pastaba:<\/strong> spalv\u0173 atspalviai gali \u0161iek tiek skirtis priklausomai nuo \u012frenginio ekrano.<\/p>\n","protected":false},"excerpt":{"rendered":"<p>Lana Grossa Landlust Soft Tweed \u2013 klasikiniai \u0161veln\u016bs merino vilnos si\u016blai su i\u0161rai\u0161kingu tvido efektu. Nepaisant to, kad sud\u0117tyje yra 100 % merino vilna, si\u016blai yra itin \u0161veln\u016bs ir malon\u016bs prie k\u016bno, puikiai i\u0161laiko form\u0105 ir suteikia jaukios \u0161ilumos. Drob\u0117je matomos netolygios spalvotos ta\u0161kel\u0117s suteikia mezginiams \u017eaismingumo ir ypatingo charakterio. Puikiai tinka megztiniams, kepur\u0117ms, pir\u0161tin\u0117ms [&hellip;]<\/p>\n","protected":false},"featured_media":5144,"comment_status":"open","ping_status":"closed","template":"","meta":{"_acf_changed":false},"product_brand":[67],"product_cat":[15,18],"product_tag":[],"pro-kategorijos":[71],"class_list":{"0":"post-5138","1":"product","2":"type-product","3":"status-publish","4":"has-post-thumbnail","6":"product_brand-lana-grossa","7":"product_cat-visi-produktai","8":"product_cat-siulai","9":"pro-kategorijos-merino-vilna","11":"first","12":"instock","13":"shipping-taxable","14":"purchasable","15":"product-type-variable"},"acf":[],"yoast_head":"<!-- This site is optimized with the Yoast SEO plugin v26.8 - https:\/\/yoast.com\/product\/yoast-seo-wordpress\/ -->\n<title>Lana Grossa LANDLUST Soft Tweed 180 - Happyinaknit.com<\/title>\n<meta name=\"robots\" content=\"index, follow, max-snippet:-1, max-image-preview:large, max-video-preview:-1\" \/>\n<link rel=\"canonical\" href=\"https:\/\/happyinaknit.com\/lt\/produktas\/lana-grossa-landlust-soft-tweed-180\/\" \/>\n<meta property=\"og:locale\" content=\"lt_LT\" \/>\n<meta property=\"og:type\" content=\"article\" \/>\n<meta property=\"og:title\" content=\"Lana Grossa LANDLUST Soft Tweed 180 - Happyinaknit.com\" \/>\n<meta property=\"og:description\" content=\"Lana Grossa Landlust Soft Tweed \u2013 klasikiniai \u0161veln\u016bs merino vilnos si\u016blai su i\u0161rai\u0161kingu tvido efektu. Nepaisant to, kad sud\u0117tyje yra 100 % merino vilna, si\u016blai yra itin \u0161veln\u016bs ir malon\u016bs prie k\u016bno, puikiai i\u0161laiko form\u0105 ir suteikia jaukios \u0161ilumos. Drob\u0117je matomos netolygios spalvotos ta\u0161kel\u0117s suteikia mezginiams \u017eaismingumo ir ypatingo charakterio. Puikiai tinka megztiniams, kepur\u0117ms, pir\u0161tin\u0117ms [&hellip;]\" \/>\n<meta property=\"og:url\" content=\"https:\/\/happyinaknit.com\/lt\/produktas\/lana-grossa-landlust-soft-tweed-180\/\" \/>\n<meta property=\"og:site_name\" content=\"Happyinaknit.com\" \/>\n<meta property=\"article:modified_time\" content=\"2026-03-02T15:24:29+00:00\" \/>\n<meta property=\"og:image\" content=\"https:\/\/happyinaknit.com\/wp-content\/uploads\/2025\/10\/IMG_9802.jpg\" \/>\n\t<meta property=\"og:image:width\" content=\"1284\" \/>\n\t<meta property=\"og:image:height\" content=\"1470\" \/>\n\t<meta property=\"og:image:type\" content=\"image\/jpeg\" \/>\n<meta name=\"twitter:card\" content=\"summary_large_image\" \/>\n<meta name=\"twitter:label1\" content=\"Est. reading time\" \/>\n\t<meta name=\"twitter:data1\" content=\"1 minut\u0117\" \/>\n<script type=\"application\/ld+json\" class=\"yoast-schema-graph\">{\"@context\":\"https:\/\/schema.org\",\"@graph\":[{\"@type\":\"WebPage\",\"@id\":\"https:\/\/happyinaknit.com\/produktas\/lana-grossa-landlust-soft-tweed-180\/\",\"url\":\"https:\/\/happyinaknit.com\/produktas\/lana-grossa-landlust-soft-tweed-180\/\",\"name\":\"Lana Grossa LANDLUST Soft Tweed 180 - Happyinaknit.com\",\"isPartOf\":{\"@id\":\"https:\/\/happyinaknit.com\/lt\/#website\"},\"primaryImageOfPage\":{\"@id\":\"https:\/\/happyinaknit.com\/produktas\/lana-grossa-landlust-soft-tweed-180\/#primaryimage\"},\"image\":{\"@id\":\"https:\/\/happyinaknit.com\/produktas\/lana-grossa-landlust-soft-tweed-180\/#primaryimage\"},\"thumbnailUrl\":\"https:\/\/happyinaknit.com\/wp-content\/uploads\/2025\/10\/IMG_9802.jpg\",\"datePublished\":\"2025-10-14T22:02:39+00:00\",\"dateModified\":\"2026-03-02T15:24:29+00:00\",\"breadcrumb\":{\"@id\":\"https:\/\/happyinaknit.com\/produktas\/lana-grossa-landlust-soft-tweed-180\/#breadcrumb\"},\"inLanguage\":\"lt-LT\",\"potentialAction\":[{\"@type\":\"ReadAction\",\"target\":[\"https:\/\/happyinaknit.com\/produktas\/lana-grossa-landlust-soft-tweed-180\/\"]}]},{\"@type\":\"ImageObject\",\"inLanguage\":\"lt-LT\",\"@id\":\"https:\/\/happyinaknit.com\/produktas\/lana-grossa-landlust-soft-tweed-180\/#primaryimage\",\"url\":\"https:\/\/happyinaknit.com\/wp-content\/uploads\/2025\/10\/IMG_9802.jpg\",\"contentUrl\":\"https:\/\/happyinaknit.com\/wp-content\/uploads\/2025\/10\/IMG_9802.jpg\",\"width\":1284,\"height\":1470},{\"@type\":\"BreadcrumbList\",\"@id\":\"https:\/\/happyinaknit.com\/produktas\/lana-grossa-landlust-soft-tweed-180\/#breadcrumb\",\"itemListElement\":[{\"@type\":\"ListItem\",\"position\":1,\"name\":\"Home\",\"item\":\"https:\/\/happyinaknit.com\/lt\/\"},{\"@type\":\"ListItem\",\"position\":2,\"name\":\"Parduotuv\u0117\",\"item\":\"https:\/\/happyinaknit.com\/lt\/parduotuve\/\"},{\"@type\":\"ListItem\",\"position\":3,\"name\":\"Lana Grossa LANDLUST Soft Tweed 180\"}]},{\"@type\":\"WebSite\",\"@id\":\"https:\/\/happyinaknit.com\/lt\/#website\",\"url\":\"https:\/\/happyinaknit.com\/lt\/\",\"name\":\"Happyinaknit.com\",\"description\":\"\",\"potentialAction\":[{\"@type\":\"SearchAction\",\"target\":{\"@type\":\"EntryPoint\",\"urlTemplate\":\"https:\/\/happyinaknit.com\/lt\/?s={search_term_string}\"},\"query-input\":{\"@type\":\"PropertyValueSpecification\",\"valueRequired\":true,\"valueName\":\"search_term_string\"}}],\"inLanguage\":\"lt-LT\"}]}<\/script>\n<!-- \/ Yoast SEO plugin. -->","yoast_head_json":{"title":"Lana Grossa LANDLUST Soft Tweed 180 - Happyinaknit.com","robots":{"index":"index","follow":"follow","max-snippet":"max-snippet:-1","max-image-preview":"max-image-preview:large","max-video-preview":"max-video-preview:-1"},"canonical":"https:\/\/happyinaknit.com\/lt\/produktas\/lana-grossa-landlust-soft-tweed-180\/","og_locale":"lt_LT","og_type":"article","og_title":"Lana Grossa LANDLUST Soft Tweed 180 - Happyinaknit.com","og_description":"Lana Grossa Landlust Soft Tweed \u2013 klasikiniai \u0161veln\u016bs merino vilnos si\u016blai su i\u0161rai\u0161kingu tvido efektu. Nepaisant to, kad sud\u0117tyje yra 100 % merino vilna, si\u016blai yra itin \u0161veln\u016bs ir malon\u016bs prie k\u016bno, puikiai i\u0161laiko form\u0105 ir suteikia jaukios \u0161ilumos. Drob\u0117je matomos netolygios spalvotos ta\u0161kel\u0117s suteikia mezginiams \u017eaismingumo ir ypatingo charakterio. Puikiai tinka megztiniams, kepur\u0117ms, pir\u0161tin\u0117ms [&hellip;]","og_url":"https:\/\/happyinaknit.com\/lt\/produktas\/lana-grossa-landlust-soft-tweed-180\/","og_site_name":"Happyinaknit.com","article_modified_time":"2026-03-02T15:24:29+00:00","og_image":[{"width":1284,"height":1470,"url":"https:\/\/happyinaknit.com\/wp-content\/uploads\/2025\/10\/IMG_9802.jpg","type":"image\/jpeg"}],"twitter_card":"summary_large_image","twitter_misc":{"Est. reading time":"1 minut\u0117"},"schema":{"@context":"https:\/\/schema.org","@graph":[{"@type":"WebPage","@id":"https:\/\/happyinaknit.com\/produktas\/lana-grossa-landlust-soft-tweed-180\/","url":"https:\/\/happyinaknit.com\/produktas\/lana-grossa-landlust-soft-tweed-180\/","name":"Lana Grossa LANDLUST Soft Tweed 180 - Happyinaknit.com","isPartOf":{"@id":"https:\/\/happyinaknit.com\/lt\/#website"},"primaryImageOfPage":{"@id":"https:\/\/happyinaknit.com\/produktas\/lana-grossa-landlust-soft-tweed-180\/#primaryimage"},"image":{"@id":"https:\/\/happyinaknit.com\/produktas\/lana-grossa-landlust-soft-tweed-180\/#primaryimage"},"thumbnailUrl":"https:\/\/happyinaknit.com\/wp-content\/uploads\/2025\/10\/IMG_9802.jpg","datePublished":"2025-10-14T22:02:39+00:00","dateModified":"2026-03-02T15:24:29+00:00","breadcrumb":{"@id":"https:\/\/happyinaknit.com\/produktas\/lana-grossa-landlust-soft-tweed-180\/#breadcrumb"},"inLanguage":"lt-LT","potentialAction":[{"@type":"ReadAction","target":["https:\/\/happyinaknit.com\/produktas\/lana-grossa-landlust-soft-tweed-180\/"]}]},{"@type":"ImageObject","inLanguage":"lt-LT","@id":"https:\/\/happyinaknit.com\/produktas\/lana-grossa-landlust-soft-tweed-180\/#primaryimage","url":"https:\/\/happyinaknit.com\/wp-content\/uploads\/2025\/10\/IMG_9802.jpg","contentUrl":"https:\/\/happyinaknit.com\/wp-content\/uploads\/2025\/10\/IMG_9802.jpg","width":1284,"height":1470},{"@type":"BreadcrumbList","@id":"https:\/\/happyinaknit.com\/produktas\/lana-grossa-landlust-soft-tweed-180\/#breadcrumb","itemListElement":[{"@type":"ListItem","position":1,"name":"Home","item":"https:\/\/happyinaknit.com\/lt\/"},{"@type":"ListItem","position":2,"name":"Parduotuv\u0117","item":"https:\/\/happyinaknit.com\/lt\/parduotuve\/"},{"@type":"ListItem","position":3,"name":"Lana Grossa LANDLUST Soft Tweed 180"}]},{"@type":"WebSite","@id":"https:\/\/happyinaknit.com\/lt\/#website","url":"https:\/\/happyinaknit.com\/lt\/","name":"Happyinaknit.com","description":"","potentialAction":[{"@type":"SearchAction","target":{"@type":"EntryPoint","urlTemplate":"https:\/\/happyinaknit.com\/lt\/?s={search_term_string}"},"query-input":{"@type":"PropertyValueSpecification","valueRequired":true,"valueName":"search_term_string"}}],"inLanguage":"lt-LT"}]}},"_links":{"self":[{"href":"https:\/\/happyinaknit.com\/lt\/wp-json\/wp\/v2\/product\/5138","targetHints":{"allow":["GET"]}}],"collection":[{"href":"https:\/\/happyinaknit.com\/lt\/wp-json\/wp\/v2\/product"}],"about":[{"href":"https:\/\/happyinaknit.com\/lt\/wp-json\/wp\/v2\/types\/product"}],"replies":[{"embeddable":true,"href":"https:\/\/happyinaknit.com\/lt\/wp-json\/wp\/v2\/comments?post=5138"}],"wp:featuredmedia":[{"embeddable":true,"href":"https:\/\/happyinaknit.com\/lt\/wp-json\/wp\/v2\/media\/5144"}],"wp:attachment":[{"href":"https:\/\/happyinaknit.com\/lt\/wp-json\/wp\/v2\/media?parent=5138"}],"wp:term":[{"taxonomy":"product_brand","embeddable":true,"href":"https:\/\/happyinaknit.com\/lt\/wp-json\/wp\/v2\/product_brand?post=5138"},{"taxonomy":"product_cat","embeddable":true,"href":"https:\/\/happyinaknit.com\/lt\/wp-json\/wp\/v2\/product_cat?post=5138"},{"taxonomy":"product_tag","embeddable":true,"href":"https:\/\/happyinaknit.com\/lt\/wp-json\/wp\/v2\/product_tag?post=5138"},{"taxonomy":"pro-kategorijos","embeddable":true,"href":"https:\/\/happyinaknit.com\/lt\/wp-json\/wp\/v2\/pro-kategorijos?post=5138"}],"curies":[{"name":"wp","href":"https:\/\/api.w.org\/{rel}","templated":true}]}}