{"id":5103,"date":"2025-10-14T21:17:25","date_gmt":"2025-10-14T21:17:25","guid":{"rendered":"https:\/\/happyinaknit.com\/?post_type=product&#038;p=5103"},"modified":"2025-11-13T20:01:43","modified_gmt":"2025-11-13T20:01:43","slug":"katia-linen","status":"publish","type":"product","link":"https:\/\/happyinaknit.com\/lt\/produktas\/katia-linen\/","title":{"rendered":"Katia Linen"},"content":{"rendered":"<p data-start=\"21\" data-end=\"367\"><strong data-start=\"21\" data-end=\"36\">Katia Linen<\/strong> \u2013 tai \u0161veln\u016bs, nat\u016bral\u016bs si\u016blai i\u0161 lino ir medviln\u0117s, pasi\u017eymintys gaivumu ir nat\u016braliu \u0161velniu \u0161iurk\u0161tumu, b\u016bdingu linui. \u0160ie si\u016blai idealiai tinka lengviems vasariniams mezginiams \u2013 megztiniams, topams ar skaroms. Po plovimo si\u016blai tampa dar mink\u0161tesni, tod\u0117l i\u0161 j\u0173 megzti drabu\u017eiai itin malon\u016bs d\u0117v\u0117ti net kar\u0161tomis dienomis.<\/p>\n<p data-start=\"369\" data-end=\"608\"><strong data-start=\"369\" data-end=\"381\">Sud\u0117tis:<\/strong> 53 % medviln\u0117, 47 % linas<br data-start=\"407\" data-end=\"410\" \/><strong data-start=\"410\" data-end=\"429\">Svoris \/ ilgis:<\/strong> 50 g &#8211; 112 m<br data-start=\"442\" data-end=\"445\" \/><strong data-start=\"445\" data-end=\"473\" data-is-only-node=\"\">Rekomenduojami virbalai:<\/strong> 3,5 \u2013 4,0 mm<br data-start=\"486\" data-end=\"489\" \/><strong data-start=\"489\" data-end=\"502\">Tankumas:<\/strong> 10 \u00d7 10 cm \u2013 22 akys \u00d7 29 eil\u0117s<br data-start=\"534\" data-end=\"537\" \/><strong data-start=\"537\" data-end=\"564\">Sunaudojimas:<\/strong> megztiniui (M dydis) \u2013 apie 8 kamuoliukai<\/p>\n<p data-start=\"610\" data-end=\"719\"><strong data-start=\"610\" data-end=\"624\">Prie\u017ei\u016bra:<\/strong><br data-start=\"624\" data-end=\"627\" \/>Skalbti rankomis ne auk\u0161tesn\u0117je nei 30 \u00b0C temperat\u016broje, d\u017eiovinti patiesus horizontaliai.<\/p>\n<p data-start=\"721\" data-end=\"809\" data-is-last-node=\"\" data-is-only-node=\"\"><strong data-start=\"721\" data-end=\"733\">Pastaba:<\/strong> spalv\u0173 atspalviai gali \u0161iek tiek skirtis priklausomai nuo \u012frenginio ekrano.<\/p>\n","protected":false},"excerpt":{"rendered":"<p>Katia Linen \u2013 tai \u0161veln\u016bs, nat\u016bral\u016bs si\u016blai i\u0161 lino ir medviln\u0117s, pasi\u017eymintys gaivumu ir nat\u016braliu \u0161velniu \u0161iurk\u0161tumu, b\u016bdingu linui. \u0160ie si\u016blai idealiai tinka lengviems vasariniams mezginiams \u2013 megztiniams, topams ar skaroms. Po plovimo si\u016blai tampa dar mink\u0161tesni, tod\u0117l i\u0161 j\u0173 megzti drabu\u017eiai itin malon\u016bs d\u0117v\u0117ti net kar\u0161tomis dienomis. Sud\u0117tis: 53 % medviln\u0117, 47 % linasSvoris [&hellip;]<\/p>\n","protected":false},"featured_media":4863,"comment_status":"open","ping_status":"closed","template":"","meta":{"_acf_changed":false},"product_brand":[69],"product_cat":[15,18],"product_tag":[],"pro-kategorijos":[80,55],"class_list":{"0":"post-5103","1":"product","2":"type-product","3":"status-publish","4":"has-post-thumbnail","6":"product_brand-concept-by-katia","7":"product_cat-visi-produktai","8":"product_cat-siulai","9":"pro-kategorijos-linas","10":"pro-kategorijos-medvilne","12":"first","13":"instock","14":"shipping-taxable","15":"purchasable","16":"product-type-variable"},"acf":[],"yoast_head":"<!-- This site is optimized with the Yoast SEO plugin v26.8 - https:\/\/yoast.com\/product\/yoast-seo-wordpress\/ -->\n<title>Katia Linen - Happyinaknit.com<\/title>\n<meta name=\"robots\" content=\"index, follow, max-snippet:-1, max-image-preview:large, max-video-preview:-1\" \/>\n<link rel=\"canonical\" href=\"https:\/\/happyinaknit.com\/lt\/produktas\/katia-linen\/\" \/>\n<meta property=\"og:locale\" content=\"lt_LT\" \/>\n<meta property=\"og:type\" content=\"article\" \/>\n<meta property=\"og:title\" content=\"Katia Linen - Happyinaknit.com\" \/>\n<meta property=\"og:description\" content=\"Katia Linen \u2013 tai \u0161veln\u016bs, nat\u016bral\u016bs si\u016blai i\u0161 lino ir medviln\u0117s, pasi\u017eymintys gaivumu ir nat\u016braliu \u0161velniu \u0161iurk\u0161tumu, b\u016bdingu linui. \u0160ie si\u016blai idealiai tinka lengviems vasariniams mezginiams \u2013 megztiniams, topams ar skaroms. Po plovimo si\u016blai tampa dar mink\u0161tesni, tod\u0117l i\u0161 j\u0173 megzti drabu\u017eiai itin malon\u016bs d\u0117v\u0117ti net kar\u0161tomis dienomis. Sud\u0117tis: 53 % medviln\u0117, 47 % linasSvoris [&hellip;]\" \/>\n<meta property=\"og:url\" content=\"https:\/\/happyinaknit.com\/lt\/produktas\/katia-linen\/\" \/>\n<meta property=\"og:site_name\" content=\"Happyinaknit.com\" \/>\n<meta property=\"article:modified_time\" content=\"2025-11-13T20:01:43+00:00\" \/>\n<meta property=\"og:image\" content=\"https:\/\/happyinaknit.com\/wp-content\/uploads\/2025\/10\/IMG_9410.jpg\" \/>\n\t<meta property=\"og:image:width\" content=\"1319\" \/>\n\t<meta property=\"og:image:height\" content=\"1189\" \/>\n\t<meta property=\"og:image:type\" content=\"image\/jpeg\" \/>\n<meta name=\"twitter:card\" content=\"summary_large_image\" \/>\n<meta name=\"twitter:label1\" content=\"Est. reading time\" \/>\n\t<meta name=\"twitter:data1\" content=\"1 minut\u0117\" \/>\n<script type=\"application\/ld+json\" class=\"yoast-schema-graph\">{\"@context\":\"https:\/\/schema.org\",\"@graph\":[{\"@type\":\"WebPage\",\"@id\":\"https:\/\/happyinaknit.com\/produktas\/katia-linen\/\",\"url\":\"https:\/\/happyinaknit.com\/produktas\/katia-linen\/\",\"name\":\"Katia Linen - Happyinaknit.com\",\"isPartOf\":{\"@id\":\"https:\/\/happyinaknit.com\/lt\/#website\"},\"primaryImageOfPage\":{\"@id\":\"https:\/\/happyinaknit.com\/produktas\/katia-linen\/#primaryimage\"},\"image\":{\"@id\":\"https:\/\/happyinaknit.com\/produktas\/katia-linen\/#primaryimage\"},\"thumbnailUrl\":\"https:\/\/happyinaknit.com\/wp-content\/uploads\/2025\/10\/IMG_9410.jpg\",\"datePublished\":\"2025-10-14T21:17:25+00:00\",\"dateModified\":\"2025-11-13T20:01:43+00:00\",\"breadcrumb\":{\"@id\":\"https:\/\/happyinaknit.com\/produktas\/katia-linen\/#breadcrumb\"},\"inLanguage\":\"lt-LT\",\"potentialAction\":[{\"@type\":\"ReadAction\",\"target\":[\"https:\/\/happyinaknit.com\/produktas\/katia-linen\/\"]}]},{\"@type\":\"ImageObject\",\"inLanguage\":\"lt-LT\",\"@id\":\"https:\/\/happyinaknit.com\/produktas\/katia-linen\/#primaryimage\",\"url\":\"https:\/\/happyinaknit.com\/wp-content\/uploads\/2025\/10\/IMG_9410.jpg\",\"contentUrl\":\"https:\/\/happyinaknit.com\/wp-content\/uploads\/2025\/10\/IMG_9410.jpg\",\"width\":1319,\"height\":1189},{\"@type\":\"BreadcrumbList\",\"@id\":\"https:\/\/happyinaknit.com\/produktas\/katia-linen\/#breadcrumb\",\"itemListElement\":[{\"@type\":\"ListItem\",\"position\":1,\"name\":\"Home\",\"item\":\"https:\/\/happyinaknit.com\/lt\/\"},{\"@type\":\"ListItem\",\"position\":2,\"name\":\"Parduotuv\u0117\",\"item\":\"https:\/\/happyinaknit.com\/lt\/parduotuve\/\"},{\"@type\":\"ListItem\",\"position\":3,\"name\":\"Katia Linen\"}]},{\"@type\":\"WebSite\",\"@id\":\"https:\/\/happyinaknit.com\/lt\/#website\",\"url\":\"https:\/\/happyinaknit.com\/lt\/\",\"name\":\"Happyinaknit.com\",\"description\":\"\",\"potentialAction\":[{\"@type\":\"SearchAction\",\"target\":{\"@type\":\"EntryPoint\",\"urlTemplate\":\"https:\/\/happyinaknit.com\/lt\/?s={search_term_string}\"},\"query-input\":{\"@type\":\"PropertyValueSpecification\",\"valueRequired\":true,\"valueName\":\"search_term_string\"}}],\"inLanguage\":\"lt-LT\"}]}<\/script>\n<!-- \/ Yoast SEO plugin. -->","yoast_head_json":{"title":"Katia Linen - Happyinaknit.com","robots":{"index":"index","follow":"follow","max-snippet":"max-snippet:-1","max-image-preview":"max-image-preview:large","max-video-preview":"max-video-preview:-1"},"canonical":"https:\/\/happyinaknit.com\/lt\/produktas\/katia-linen\/","og_locale":"lt_LT","og_type":"article","og_title":"Katia Linen - Happyinaknit.com","og_description":"Katia Linen \u2013 tai \u0161veln\u016bs, nat\u016bral\u016bs si\u016blai i\u0161 lino ir medviln\u0117s, pasi\u017eymintys gaivumu ir nat\u016braliu \u0161velniu \u0161iurk\u0161tumu, b\u016bdingu linui. \u0160ie si\u016blai idealiai tinka lengviems vasariniams mezginiams \u2013 megztiniams, topams ar skaroms. Po plovimo si\u016blai tampa dar mink\u0161tesni, tod\u0117l i\u0161 j\u0173 megzti drabu\u017eiai itin malon\u016bs d\u0117v\u0117ti net kar\u0161tomis dienomis. Sud\u0117tis: 53 % medviln\u0117, 47 % linasSvoris [&hellip;]","og_url":"https:\/\/happyinaknit.com\/lt\/produktas\/katia-linen\/","og_site_name":"Happyinaknit.com","article_modified_time":"2025-11-13T20:01:43+00:00","og_image":[{"width":1319,"height":1189,"url":"https:\/\/happyinaknit.com\/wp-content\/uploads\/2025\/10\/IMG_9410.jpg","type":"image\/jpeg"}],"twitter_card":"summary_large_image","twitter_misc":{"Est. reading time":"1 minut\u0117"},"schema":{"@context":"https:\/\/schema.org","@graph":[{"@type":"WebPage","@id":"https:\/\/happyinaknit.com\/produktas\/katia-linen\/","url":"https:\/\/happyinaknit.com\/produktas\/katia-linen\/","name":"Katia Linen - Happyinaknit.com","isPartOf":{"@id":"https:\/\/happyinaknit.com\/lt\/#website"},"primaryImageOfPage":{"@id":"https:\/\/happyinaknit.com\/produktas\/katia-linen\/#primaryimage"},"image":{"@id":"https:\/\/happyinaknit.com\/produktas\/katia-linen\/#primaryimage"},"thumbnailUrl":"https:\/\/happyinaknit.com\/wp-content\/uploads\/2025\/10\/IMG_9410.jpg","datePublished":"2025-10-14T21:17:25+00:00","dateModified":"2025-11-13T20:01:43+00:00","breadcrumb":{"@id":"https:\/\/happyinaknit.com\/produktas\/katia-linen\/#breadcrumb"},"inLanguage":"lt-LT","potentialAction":[{"@type":"ReadAction","target":["https:\/\/happyinaknit.com\/produktas\/katia-linen\/"]}]},{"@type":"ImageObject","inLanguage":"lt-LT","@id":"https:\/\/happyinaknit.com\/produktas\/katia-linen\/#primaryimage","url":"https:\/\/happyinaknit.com\/wp-content\/uploads\/2025\/10\/IMG_9410.jpg","contentUrl":"https:\/\/happyinaknit.com\/wp-content\/uploads\/2025\/10\/IMG_9410.jpg","width":1319,"height":1189},{"@type":"BreadcrumbList","@id":"https:\/\/happyinaknit.com\/produktas\/katia-linen\/#breadcrumb","itemListElement":[{"@type":"ListItem","position":1,"name":"Home","item":"https:\/\/happyinaknit.com\/lt\/"},{"@type":"ListItem","position":2,"name":"Parduotuv\u0117","item":"https:\/\/happyinaknit.com\/lt\/parduotuve\/"},{"@type":"ListItem","position":3,"name":"Katia Linen"}]},{"@type":"WebSite","@id":"https:\/\/happyinaknit.com\/lt\/#website","url":"https:\/\/happyinaknit.com\/lt\/","name":"Happyinaknit.com","description":"","potentialAction":[{"@type":"SearchAction","target":{"@type":"EntryPoint","urlTemplate":"https:\/\/happyinaknit.com\/lt\/?s={search_term_string}"},"query-input":{"@type":"PropertyValueSpecification","valueRequired":true,"valueName":"search_term_string"}}],"inLanguage":"lt-LT"}]}},"_links":{"self":[{"href":"https:\/\/happyinaknit.com\/lt\/wp-json\/wp\/v2\/product\/5103","targetHints":{"allow":["GET"]}}],"collection":[{"href":"https:\/\/happyinaknit.com\/lt\/wp-json\/wp\/v2\/product"}],"about":[{"href":"https:\/\/happyinaknit.com\/lt\/wp-json\/wp\/v2\/types\/product"}],"replies":[{"embeddable":true,"href":"https:\/\/happyinaknit.com\/lt\/wp-json\/wp\/v2\/comments?post=5103"}],"wp:featuredmedia":[{"embeddable":true,"href":"https:\/\/happyinaknit.com\/lt\/wp-json\/wp\/v2\/media\/4863"}],"wp:attachment":[{"href":"https:\/\/happyinaknit.com\/lt\/wp-json\/wp\/v2\/media?parent=5103"}],"wp:term":[{"taxonomy":"product_brand","embeddable":true,"href":"https:\/\/happyinaknit.com\/lt\/wp-json\/wp\/v2\/product_brand?post=5103"},{"taxonomy":"product_cat","embeddable":true,"href":"https:\/\/happyinaknit.com\/lt\/wp-json\/wp\/v2\/product_cat?post=5103"},{"taxonomy":"product_tag","embeddable":true,"href":"https:\/\/happyinaknit.com\/lt\/wp-json\/wp\/v2\/product_tag?post=5103"},{"taxonomy":"pro-kategorijos","embeddable":true,"href":"https:\/\/happyinaknit.com\/lt\/wp-json\/wp\/v2\/pro-kategorijos?post=5103"}],"curies":[{"name":"wp","href":"https:\/\/api.w.org\/{rel}","templated":true}]}}