{"id":5074,"date":"2025-10-14T18:40:33","date_gmt":"2025-10-14T18:40:33","guid":{"rendered":"https:\/\/happyinaknit.com\/?post_type=product&#038;p=5074"},"modified":"2026-01-12T16:21:00","modified_gmt":"2026-01-12T16:21:00","slug":"lana-grossa-orsetto-nera","status":"publish","type":"product","link":"https:\/\/happyinaknit.com\/lt\/produktas\/lana-grossa-orsetto-nera\/","title":{"rendered":"Lana Grossa Orsetto (Nera)"},"content":{"rendered":"<p data-start=\"38\" data-end=\"301\"><strong data-start=\"38\" data-end=\"68\">Lana Grossa Orsetto (Nera)<\/strong> \u2013 tai itin \u0161veln\u016bs, pur\u016bs si\u016blai su bukl\u0117 efektu, idealiai tinkantys \u0161iltiems megztiniams, liemen\u0117ms ir aksesuarams. Lengvi, jauk\u016bs ir malon\u016bs prie k\u016bno, \u0161ie si\u016blai suteikia mezginiams subtilios prabangos ir i\u0161skirtinio mink\u0161tumo.<\/p>\n<p data-start=\"303\" data-end=\"565\"><strong data-start=\"303\" data-end=\"315\">Sud\u0117tis:<\/strong> 60 % merino vilna, 40 % alpaka<br data-start=\"364\" data-end=\"367\" \/><strong data-start=\"367\" data-end=\"386\">Svoris \/ ilgis:<\/strong> 50 g &#8211; 75 m<br data-start=\"399\" data-end=\"402\" \/><strong data-start=\"402\" data-end=\"430\" data-is-only-node=\"\">Rekomenduojami virbalai:<\/strong> 6,0 \u2013 7,0 mm<br data-start=\"443\" data-end=\"446\" \/><strong data-start=\"446\" data-end=\"459\">Tankumas:<\/strong> 10 \u00d7 10 cm \u2013 12 akys \u00d7 16 eil\u0117s<br data-start=\"491\" data-end=\"494\" \/><strong data-start=\"494\" data-end=\"521\">Apytikris sunaudojimas:<\/strong> megztiniui (M dydis) \u2013 apie 8-10 kamuoliukai<\/p>\n<p data-start=\"567\" data-end=\"673\"><strong data-start=\"567\" data-end=\"581\">Prie\u017ei\u016bra:<\/strong><br data-start=\"581\" data-end=\"584\" \/>Skalbti rankomis ar \u0161velniu re\u017eimu \u0161altame vandenyje. D\u017eiovinti patiesus horizontaliai.<\/p>\n<p data-start=\"675\" data-end=\"763\" data-is-last-node=\"\" data-is-only-node=\"\"><strong data-start=\"675\" data-end=\"687\">Pastaba:<\/strong> spalv\u0173 atspalviai gali \u0161iek tiek skirtis priklausomai nuo \u012frenginio ekrano.<\/p>\n","protected":false},"excerpt":{"rendered":"<p>Lana Grossa Orsetto (Nera) \u2013 tai itin \u0161veln\u016bs, pur\u016bs si\u016blai su bukl\u0117 efektu, idealiai tinkantys \u0161iltiems megztiniams, liemen\u0117ms ir aksesuarams. Lengvi, jauk\u016bs ir malon\u016bs prie k\u016bno, \u0161ie si\u016blai suteikia mezginiams subtilios prabangos ir i\u0161skirtinio mink\u0161tumo. Sud\u0117tis: 60 % merino vilna, 40 % alpakaSvoris \/ ilgis: 50 g &#8211; 75 mRekomenduojami virbalai: 6,0 \u2013 7,0 mmTankumas: [&hellip;]<\/p>\n","protected":false},"featured_media":5080,"comment_status":"open","ping_status":"closed","template":"","meta":{"_acf_changed":false},"product_brand":[67],"product_cat":[15,18],"product_tag":[],"pro-kategorijos":[54,71],"class_list":{"0":"post-5074","1":"product","2":"type-product","3":"status-publish","4":"has-post-thumbnail","6":"product_brand-lana-grossa","7":"product_cat-visi-produktai","8":"product_cat-siulai","9":"pro-kategorijos-alpaka","10":"pro-kategorijos-merino-vilna","12":"first","13":"instock","14":"shipping-taxable","15":"purchasable","16":"product-type-variable"},"acf":[],"yoast_head":"<!-- This site is optimized with the Yoast SEO plugin v26.8 - https:\/\/yoast.com\/product\/yoast-seo-wordpress\/ -->\n<title>Lana Grossa Orsetto (Nera) - Happyinaknit.com<\/title>\n<meta name=\"robots\" content=\"index, follow, max-snippet:-1, max-image-preview:large, max-video-preview:-1\" \/>\n<link rel=\"canonical\" href=\"https:\/\/happyinaknit.com\/lt\/produktas\/lana-grossa-orsetto-nera\/\" \/>\n<meta property=\"og:locale\" content=\"lt_LT\" \/>\n<meta property=\"og:type\" content=\"article\" \/>\n<meta property=\"og:title\" content=\"Lana Grossa Orsetto (Nera) - Happyinaknit.com\" \/>\n<meta property=\"og:description\" content=\"Lana Grossa Orsetto (Nera) \u2013 tai itin \u0161veln\u016bs, pur\u016bs si\u016blai su bukl\u0117 efektu, idealiai tinkantys \u0161iltiems megztiniams, liemen\u0117ms ir aksesuarams. Lengvi, jauk\u016bs ir malon\u016bs prie k\u016bno, \u0161ie si\u016blai suteikia mezginiams subtilios prabangos ir i\u0161skirtinio mink\u0161tumo. Sud\u0117tis: 60 % merino vilna, 40 % alpakaSvoris \/ ilgis: 50 g &#8211; 75 mRekomenduojami virbalai: 6,0 \u2013 7,0 mmTankumas: [&hellip;]\" \/>\n<meta property=\"og:url\" content=\"https:\/\/happyinaknit.com\/lt\/produktas\/lana-grossa-orsetto-nera\/\" \/>\n<meta property=\"og:site_name\" content=\"Happyinaknit.com\" \/>\n<meta property=\"article:modified_time\" content=\"2026-01-12T16:21:00+00:00\" \/>\n<meta property=\"og:image\" content=\"https:\/\/happyinaknit.com\/wp-content\/uploads\/2025\/10\/IMG_9795.jpg\" \/>\n\t<meta property=\"og:image:width\" content=\"1301\" \/>\n\t<meta property=\"og:image:height\" content=\"1365\" \/>\n\t<meta property=\"og:image:type\" content=\"image\/jpeg\" \/>\n<meta name=\"twitter:card\" content=\"summary_large_image\" \/>\n<script type=\"application\/ld+json\" class=\"yoast-schema-graph\">{\"@context\":\"https:\/\/schema.org\",\"@graph\":[{\"@type\":\"WebPage\",\"@id\":\"https:\/\/happyinaknit.com\/produktas\/lana-grossa-orsetto-nera\/\",\"url\":\"https:\/\/happyinaknit.com\/produktas\/lana-grossa-orsetto-nera\/\",\"name\":\"Lana Grossa Orsetto (Nera) - Happyinaknit.com\",\"isPartOf\":{\"@id\":\"https:\/\/happyinaknit.com\/lt\/#website\"},\"primaryImageOfPage\":{\"@id\":\"https:\/\/happyinaknit.com\/produktas\/lana-grossa-orsetto-nera\/#primaryimage\"},\"image\":{\"@id\":\"https:\/\/happyinaknit.com\/produktas\/lana-grossa-orsetto-nera\/#primaryimage\"},\"thumbnailUrl\":\"https:\/\/happyinaknit.com\/wp-content\/uploads\/2025\/10\/IMG_9795.jpg\",\"datePublished\":\"2025-10-14T18:40:33+00:00\",\"dateModified\":\"2026-01-12T16:21:00+00:00\",\"breadcrumb\":{\"@id\":\"https:\/\/happyinaknit.com\/produktas\/lana-grossa-orsetto-nera\/#breadcrumb\"},\"inLanguage\":\"lt-LT\",\"potentialAction\":[{\"@type\":\"ReadAction\",\"target\":[\"https:\/\/happyinaknit.com\/produktas\/lana-grossa-orsetto-nera\/\"]}]},{\"@type\":\"ImageObject\",\"inLanguage\":\"lt-LT\",\"@id\":\"https:\/\/happyinaknit.com\/produktas\/lana-grossa-orsetto-nera\/#primaryimage\",\"url\":\"https:\/\/happyinaknit.com\/wp-content\/uploads\/2025\/10\/IMG_9795.jpg\",\"contentUrl\":\"https:\/\/happyinaknit.com\/wp-content\/uploads\/2025\/10\/IMG_9795.jpg\",\"width\":1301,\"height\":1365},{\"@type\":\"BreadcrumbList\",\"@id\":\"https:\/\/happyinaknit.com\/produktas\/lana-grossa-orsetto-nera\/#breadcrumb\",\"itemListElement\":[{\"@type\":\"ListItem\",\"position\":1,\"name\":\"Home\",\"item\":\"https:\/\/happyinaknit.com\/lt\/\"},{\"@type\":\"ListItem\",\"position\":2,\"name\":\"Parduotuv\u0117\",\"item\":\"https:\/\/happyinaknit.com\/lt\/parduotuve\/\"},{\"@type\":\"ListItem\",\"position\":3,\"name\":\"Lana Grossa Orsetto (Nera)\"}]},{\"@type\":\"WebSite\",\"@id\":\"https:\/\/happyinaknit.com\/lt\/#website\",\"url\":\"https:\/\/happyinaknit.com\/lt\/\",\"name\":\"Happyinaknit.com\",\"description\":\"\",\"potentialAction\":[{\"@type\":\"SearchAction\",\"target\":{\"@type\":\"EntryPoint\",\"urlTemplate\":\"https:\/\/happyinaknit.com\/lt\/?s={search_term_string}\"},\"query-input\":{\"@type\":\"PropertyValueSpecification\",\"valueRequired\":true,\"valueName\":\"search_term_string\"}}],\"inLanguage\":\"lt-LT\"}]}<\/script>\n<!-- \/ Yoast SEO plugin. -->","yoast_head_json":{"title":"Lana Grossa Orsetto (Nera) - Happyinaknit.com","robots":{"index":"index","follow":"follow","max-snippet":"max-snippet:-1","max-image-preview":"max-image-preview:large","max-video-preview":"max-video-preview:-1"},"canonical":"https:\/\/happyinaknit.com\/lt\/produktas\/lana-grossa-orsetto-nera\/","og_locale":"lt_LT","og_type":"article","og_title":"Lana Grossa Orsetto (Nera) - Happyinaknit.com","og_description":"Lana Grossa Orsetto (Nera) \u2013 tai itin \u0161veln\u016bs, pur\u016bs si\u016blai su bukl\u0117 efektu, idealiai tinkantys \u0161iltiems megztiniams, liemen\u0117ms ir aksesuarams. Lengvi, jauk\u016bs ir malon\u016bs prie k\u016bno, \u0161ie si\u016blai suteikia mezginiams subtilios prabangos ir i\u0161skirtinio mink\u0161tumo. Sud\u0117tis: 60 % merino vilna, 40 % alpakaSvoris \/ ilgis: 50 g &#8211; 75 mRekomenduojami virbalai: 6,0 \u2013 7,0 mmTankumas: [&hellip;]","og_url":"https:\/\/happyinaknit.com\/lt\/produktas\/lana-grossa-orsetto-nera\/","og_site_name":"Happyinaknit.com","article_modified_time":"2026-01-12T16:21:00+00:00","og_image":[{"width":1301,"height":1365,"url":"https:\/\/happyinaknit.com\/wp-content\/uploads\/2025\/10\/IMG_9795.jpg","type":"image\/jpeg"}],"twitter_card":"summary_large_image","schema":{"@context":"https:\/\/schema.org","@graph":[{"@type":"WebPage","@id":"https:\/\/happyinaknit.com\/produktas\/lana-grossa-orsetto-nera\/","url":"https:\/\/happyinaknit.com\/produktas\/lana-grossa-orsetto-nera\/","name":"Lana Grossa Orsetto (Nera) - Happyinaknit.com","isPartOf":{"@id":"https:\/\/happyinaknit.com\/lt\/#website"},"primaryImageOfPage":{"@id":"https:\/\/happyinaknit.com\/produktas\/lana-grossa-orsetto-nera\/#primaryimage"},"image":{"@id":"https:\/\/happyinaknit.com\/produktas\/lana-grossa-orsetto-nera\/#primaryimage"},"thumbnailUrl":"https:\/\/happyinaknit.com\/wp-content\/uploads\/2025\/10\/IMG_9795.jpg","datePublished":"2025-10-14T18:40:33+00:00","dateModified":"2026-01-12T16:21:00+00:00","breadcrumb":{"@id":"https:\/\/happyinaknit.com\/produktas\/lana-grossa-orsetto-nera\/#breadcrumb"},"inLanguage":"lt-LT","potentialAction":[{"@type":"ReadAction","target":["https:\/\/happyinaknit.com\/produktas\/lana-grossa-orsetto-nera\/"]}]},{"@type":"ImageObject","inLanguage":"lt-LT","@id":"https:\/\/happyinaknit.com\/produktas\/lana-grossa-orsetto-nera\/#primaryimage","url":"https:\/\/happyinaknit.com\/wp-content\/uploads\/2025\/10\/IMG_9795.jpg","contentUrl":"https:\/\/happyinaknit.com\/wp-content\/uploads\/2025\/10\/IMG_9795.jpg","width":1301,"height":1365},{"@type":"BreadcrumbList","@id":"https:\/\/happyinaknit.com\/produktas\/lana-grossa-orsetto-nera\/#breadcrumb","itemListElement":[{"@type":"ListItem","position":1,"name":"Home","item":"https:\/\/happyinaknit.com\/lt\/"},{"@type":"ListItem","position":2,"name":"Parduotuv\u0117","item":"https:\/\/happyinaknit.com\/lt\/parduotuve\/"},{"@type":"ListItem","position":3,"name":"Lana Grossa Orsetto (Nera)"}]},{"@type":"WebSite","@id":"https:\/\/happyinaknit.com\/lt\/#website","url":"https:\/\/happyinaknit.com\/lt\/","name":"Happyinaknit.com","description":"","potentialAction":[{"@type":"SearchAction","target":{"@type":"EntryPoint","urlTemplate":"https:\/\/happyinaknit.com\/lt\/?s={search_term_string}"},"query-input":{"@type":"PropertyValueSpecification","valueRequired":true,"valueName":"search_term_string"}}],"inLanguage":"lt-LT"}]}},"_links":{"self":[{"href":"https:\/\/happyinaknit.com\/lt\/wp-json\/wp\/v2\/product\/5074","targetHints":{"allow":["GET"]}}],"collection":[{"href":"https:\/\/happyinaknit.com\/lt\/wp-json\/wp\/v2\/product"}],"about":[{"href":"https:\/\/happyinaknit.com\/lt\/wp-json\/wp\/v2\/types\/product"}],"replies":[{"embeddable":true,"href":"https:\/\/happyinaknit.com\/lt\/wp-json\/wp\/v2\/comments?post=5074"}],"wp:featuredmedia":[{"embeddable":true,"href":"https:\/\/happyinaknit.com\/lt\/wp-json\/wp\/v2\/media\/5080"}],"wp:attachment":[{"href":"https:\/\/happyinaknit.com\/lt\/wp-json\/wp\/v2\/media?parent=5074"}],"wp:term":[{"taxonomy":"product_brand","embeddable":true,"href":"https:\/\/happyinaknit.com\/lt\/wp-json\/wp\/v2\/product_brand?post=5074"},{"taxonomy":"product_cat","embeddable":true,"href":"https:\/\/happyinaknit.com\/lt\/wp-json\/wp\/v2\/product_cat?post=5074"},{"taxonomy":"product_tag","embeddable":true,"href":"https:\/\/happyinaknit.com\/lt\/wp-json\/wp\/v2\/product_tag?post=5074"},{"taxonomy":"pro-kategorijos","embeddable":true,"href":"https:\/\/happyinaknit.com\/lt\/wp-json\/wp\/v2\/pro-kategorijos?post=5074"}],"curies":[{"name":"wp","href":"https:\/\/api.w.org\/{rel}","templated":true}]}}