{"id":5054,"date":"2025-10-14T18:35:27","date_gmt":"2025-10-14T18:35:27","guid":{"rendered":"https:\/\/happyinaknit.com\/?post_type=product&#038;p=5054"},"modified":"2026-02-17T08:38:16","modified_gmt":"2026-02-17T08:38:16","slug":"lana-grossa-gigante","status":"publish","type":"product","link":"https:\/\/happyinaknit.com\/lt\/produktas\/lana-grossa-gigante\/","title":{"rendered":"Lana grossa Gigante"},"content":{"rendered":"<p>Atraskite \u0161ilum\u0105 ir stili\u0173 su <strong data-start=\"57\" data-end=\"80\">Lana Grossa Gigante<\/strong>. Tai stori, purus si\u016blai i\u0161 alpakos ir poliamido, pasi\u017eymintys \u0161velniu spalviniu per\u0117jimu \u2013 tobulai tinka spalvingiems \u017eiemos mezginiams: megztiniams, \u0161varkeliams, \u0161alikams ar kepur\u0117ms. Spalv\u0173 deriniai sukuria unikal\u0173 dry\u017euot\u0105 ra\u0161t\u0105, suteikiant\u012f mezginiams jaukumo ir elegancijos.<\/p>\n<p><strong data-start=\"29\" data-end=\"41\">Sud\u0117tis:<\/strong> 70 % alpaka, 30 % poliamidas<br data-start=\"70\" data-end=\"73\" \/><strong data-start=\"73\" data-end=\"92\">Svoris \/ ilgis:<\/strong> 100 g &#8211; 300 m<br data-start=\"106\" data-end=\"109\" \/><strong data-start=\"109\" data-end=\"137\" data-is-only-node=\"\">Rekomenduojami virbalai:<\/strong> 6 mm<br data-start=\"142\" data-end=\"145\" \/><strong data-start=\"145\" data-end=\"158\">Tankumas:<\/strong> 10 \u00d7 10 cm \u2013 13 akys \u00d7 18,5 eil\u0117s<br data-start=\"192\" data-end=\"195\" \/><strong data-start=\"195\" data-end=\"222\">Apytikris sunaudojimas:<\/strong> megztiniui (38\u201340 dydis) \u2013 apie 3 vnt<\/p>\n<p data-start=\"575\" data-end=\"686\"><strong data-start=\"575\" data-end=\"589\">Prie\u017ei\u016bra:<\/strong><br data-start=\"589\" data-end=\"592\" \/>Skalbti rankomis ne auk\u0161tesn\u0117je nei 30 \u00b0C temperat\u016broje, nelyginti, ned\u017eiovinti d\u017eiovykl\u0117je.<\/p>\n<p data-start=\"688\" data-end=\"776\" data-is-last-node=\"\" data-is-only-node=\"\"><strong data-start=\"688\" data-end=\"700\">Pastaba:<\/strong> spalv\u0173 atspalviai gali \u0161iek tiek skirtis priklausomai nuo \u012frenginio ekrano.<\/p>\n<p>&nbsp;<\/p>\n","protected":false},"excerpt":{"rendered":"<p>Atraskite \u0161ilum\u0105 ir stili\u0173 su Lana Grossa Gigante. Tai stori, purus si\u016blai i\u0161 alpakos ir poliamido, pasi\u017eymintys \u0161velniu spalviniu per\u0117jimu \u2013 tobulai tinka spalvingiems \u017eiemos mezginiams: megztiniams, \u0161varkeliams, \u0161alikams ar kepur\u0117ms. Spalv\u0173 deriniai sukuria unikal\u0173 dry\u017euot\u0105 ra\u0161t\u0105, suteikiant\u012f mezginiams jaukumo ir elegancijos. Sud\u0117tis: 70 % alpaka, 30 % poliamidasSvoris \/ ilgis: 100 g &#8211; 300 [&hellip;]<\/p>\n","protected":false},"featured_media":5065,"comment_status":"open","ping_status":"closed","template":"","meta":{"_acf_changed":false},"product_brand":[67],"product_cat":[15,18],"product_tag":[],"pro-kategorijos":[54],"class_list":{"0":"post-5054","1":"product","2":"type-product","3":"status-publish","4":"has-post-thumbnail","6":"product_brand-lana-grossa","7":"product_cat-visi-produktai","8":"product_cat-siulai","9":"pro-kategorijos-alpaka","11":"first","12":"instock","13":"shipping-taxable","14":"purchasable","15":"product-type-variable"},"acf":[],"yoast_head":"<!-- This site is optimized with the Yoast SEO plugin v26.8 - https:\/\/yoast.com\/product\/yoast-seo-wordpress\/ -->\n<title>Lana grossa Gigante - Happyinaknit.com<\/title>\n<meta name=\"robots\" content=\"index, follow, max-snippet:-1, max-image-preview:large, max-video-preview:-1\" \/>\n<link rel=\"canonical\" href=\"https:\/\/happyinaknit.com\/lt\/produktas\/lana-grossa-gigante\/\" \/>\n<meta property=\"og:locale\" content=\"lt_LT\" \/>\n<meta property=\"og:type\" content=\"article\" \/>\n<meta property=\"og:title\" content=\"Lana grossa Gigante - Happyinaknit.com\" \/>\n<meta property=\"og:description\" content=\"Atraskite \u0161ilum\u0105 ir stili\u0173 su Lana Grossa Gigante. Tai stori, purus si\u016blai i\u0161 alpakos ir poliamido, pasi\u017eymintys \u0161velniu spalviniu per\u0117jimu \u2013 tobulai tinka spalvingiems \u017eiemos mezginiams: megztiniams, \u0161varkeliams, \u0161alikams ar kepur\u0117ms. Spalv\u0173 deriniai sukuria unikal\u0173 dry\u017euot\u0105 ra\u0161t\u0105, suteikiant\u012f mezginiams jaukumo ir elegancijos. Sud\u0117tis: 70 % alpaka, 30 % poliamidasSvoris \/ ilgis: 100 g &#8211; 300 [&hellip;]\" \/>\n<meta property=\"og:url\" content=\"https:\/\/happyinaknit.com\/lt\/produktas\/lana-grossa-gigante\/\" \/>\n<meta property=\"og:site_name\" content=\"Happyinaknit.com\" \/>\n<meta property=\"article:modified_time\" content=\"2026-02-17T08:38:16+00:00\" \/>\n<meta property=\"og:image\" content=\"https:\/\/happyinaknit.com\/wp-content\/uploads\/2025\/10\/IMG_9780.jpg\" \/>\n\t<meta property=\"og:image:width\" content=\"1320\" \/>\n\t<meta property=\"og:image:height\" content=\"1387\" \/>\n\t<meta property=\"og:image:type\" content=\"image\/jpeg\" \/>\n<meta name=\"twitter:card\" content=\"summary_large_image\" \/>\n<script type=\"application\/ld+json\" class=\"yoast-schema-graph\">{\"@context\":\"https:\/\/schema.org\",\"@graph\":[{\"@type\":\"WebPage\",\"@id\":\"https:\/\/happyinaknit.com\/produktas\/lana-grossa-gigante\/\",\"url\":\"https:\/\/happyinaknit.com\/produktas\/lana-grossa-gigante\/\",\"name\":\"Lana grossa Gigante - Happyinaknit.com\",\"isPartOf\":{\"@id\":\"https:\/\/happyinaknit.com\/lt\/#website\"},\"primaryImageOfPage\":{\"@id\":\"https:\/\/happyinaknit.com\/produktas\/lana-grossa-gigante\/#primaryimage\"},\"image\":{\"@id\":\"https:\/\/happyinaknit.com\/produktas\/lana-grossa-gigante\/#primaryimage\"},\"thumbnailUrl\":\"https:\/\/happyinaknit.com\/wp-content\/uploads\/2025\/10\/IMG_9780.jpg\",\"datePublished\":\"2025-10-14T18:35:27+00:00\",\"dateModified\":\"2026-02-17T08:38:16+00:00\",\"breadcrumb\":{\"@id\":\"https:\/\/happyinaknit.com\/produktas\/lana-grossa-gigante\/#breadcrumb\"},\"inLanguage\":\"lt-LT\",\"potentialAction\":[{\"@type\":\"ReadAction\",\"target\":[\"https:\/\/happyinaknit.com\/produktas\/lana-grossa-gigante\/\"]}]},{\"@type\":\"ImageObject\",\"inLanguage\":\"lt-LT\",\"@id\":\"https:\/\/happyinaknit.com\/produktas\/lana-grossa-gigante\/#primaryimage\",\"url\":\"https:\/\/happyinaknit.com\/wp-content\/uploads\/2025\/10\/IMG_9780.jpg\",\"contentUrl\":\"https:\/\/happyinaknit.com\/wp-content\/uploads\/2025\/10\/IMG_9780.jpg\",\"width\":1320,\"height\":1387},{\"@type\":\"BreadcrumbList\",\"@id\":\"https:\/\/happyinaknit.com\/produktas\/lana-grossa-gigante\/#breadcrumb\",\"itemListElement\":[{\"@type\":\"ListItem\",\"position\":1,\"name\":\"Home\",\"item\":\"https:\/\/happyinaknit.com\/lt\/\"},{\"@type\":\"ListItem\",\"position\":2,\"name\":\"Parduotuv\u0117\",\"item\":\"https:\/\/happyinaknit.com\/lt\/parduotuve\/\"},{\"@type\":\"ListItem\",\"position\":3,\"name\":\"Lana grossa Gigante\"}]},{\"@type\":\"WebSite\",\"@id\":\"https:\/\/happyinaknit.com\/lt\/#website\",\"url\":\"https:\/\/happyinaknit.com\/lt\/\",\"name\":\"Happyinaknit.com\",\"description\":\"\",\"potentialAction\":[{\"@type\":\"SearchAction\",\"target\":{\"@type\":\"EntryPoint\",\"urlTemplate\":\"https:\/\/happyinaknit.com\/lt\/?s={search_term_string}\"},\"query-input\":{\"@type\":\"PropertyValueSpecification\",\"valueRequired\":true,\"valueName\":\"search_term_string\"}}],\"inLanguage\":\"lt-LT\"}]}<\/script>\n<!-- \/ Yoast SEO plugin. -->","yoast_head_json":{"title":"Lana grossa Gigante - Happyinaknit.com","robots":{"index":"index","follow":"follow","max-snippet":"max-snippet:-1","max-image-preview":"max-image-preview:large","max-video-preview":"max-video-preview:-1"},"canonical":"https:\/\/happyinaknit.com\/lt\/produktas\/lana-grossa-gigante\/","og_locale":"lt_LT","og_type":"article","og_title":"Lana grossa Gigante - Happyinaknit.com","og_description":"Atraskite \u0161ilum\u0105 ir stili\u0173 su Lana Grossa Gigante. Tai stori, purus si\u016blai i\u0161 alpakos ir poliamido, pasi\u017eymintys \u0161velniu spalviniu per\u0117jimu \u2013 tobulai tinka spalvingiems \u017eiemos mezginiams: megztiniams, \u0161varkeliams, \u0161alikams ar kepur\u0117ms. Spalv\u0173 deriniai sukuria unikal\u0173 dry\u017euot\u0105 ra\u0161t\u0105, suteikiant\u012f mezginiams jaukumo ir elegancijos. Sud\u0117tis: 70 % alpaka, 30 % poliamidasSvoris \/ ilgis: 100 g &#8211; 300 [&hellip;]","og_url":"https:\/\/happyinaknit.com\/lt\/produktas\/lana-grossa-gigante\/","og_site_name":"Happyinaknit.com","article_modified_time":"2026-02-17T08:38:16+00:00","og_image":[{"width":1320,"height":1387,"url":"https:\/\/happyinaknit.com\/wp-content\/uploads\/2025\/10\/IMG_9780.jpg","type":"image\/jpeg"}],"twitter_card":"summary_large_image","schema":{"@context":"https:\/\/schema.org","@graph":[{"@type":"WebPage","@id":"https:\/\/happyinaknit.com\/produktas\/lana-grossa-gigante\/","url":"https:\/\/happyinaknit.com\/produktas\/lana-grossa-gigante\/","name":"Lana grossa Gigante - Happyinaknit.com","isPartOf":{"@id":"https:\/\/happyinaknit.com\/lt\/#website"},"primaryImageOfPage":{"@id":"https:\/\/happyinaknit.com\/produktas\/lana-grossa-gigante\/#primaryimage"},"image":{"@id":"https:\/\/happyinaknit.com\/produktas\/lana-grossa-gigante\/#primaryimage"},"thumbnailUrl":"https:\/\/happyinaknit.com\/wp-content\/uploads\/2025\/10\/IMG_9780.jpg","datePublished":"2025-10-14T18:35:27+00:00","dateModified":"2026-02-17T08:38:16+00:00","breadcrumb":{"@id":"https:\/\/happyinaknit.com\/produktas\/lana-grossa-gigante\/#breadcrumb"},"inLanguage":"lt-LT","potentialAction":[{"@type":"ReadAction","target":["https:\/\/happyinaknit.com\/produktas\/lana-grossa-gigante\/"]}]},{"@type":"ImageObject","inLanguage":"lt-LT","@id":"https:\/\/happyinaknit.com\/produktas\/lana-grossa-gigante\/#primaryimage","url":"https:\/\/happyinaknit.com\/wp-content\/uploads\/2025\/10\/IMG_9780.jpg","contentUrl":"https:\/\/happyinaknit.com\/wp-content\/uploads\/2025\/10\/IMG_9780.jpg","width":1320,"height":1387},{"@type":"BreadcrumbList","@id":"https:\/\/happyinaknit.com\/produktas\/lana-grossa-gigante\/#breadcrumb","itemListElement":[{"@type":"ListItem","position":1,"name":"Home","item":"https:\/\/happyinaknit.com\/lt\/"},{"@type":"ListItem","position":2,"name":"Parduotuv\u0117","item":"https:\/\/happyinaknit.com\/lt\/parduotuve\/"},{"@type":"ListItem","position":3,"name":"Lana grossa Gigante"}]},{"@type":"WebSite","@id":"https:\/\/happyinaknit.com\/lt\/#website","url":"https:\/\/happyinaknit.com\/lt\/","name":"Happyinaknit.com","description":"","potentialAction":[{"@type":"SearchAction","target":{"@type":"EntryPoint","urlTemplate":"https:\/\/happyinaknit.com\/lt\/?s={search_term_string}"},"query-input":{"@type":"PropertyValueSpecification","valueRequired":true,"valueName":"search_term_string"}}],"inLanguage":"lt-LT"}]}},"_links":{"self":[{"href":"https:\/\/happyinaknit.com\/lt\/wp-json\/wp\/v2\/product\/5054","targetHints":{"allow":["GET"]}}],"collection":[{"href":"https:\/\/happyinaknit.com\/lt\/wp-json\/wp\/v2\/product"}],"about":[{"href":"https:\/\/happyinaknit.com\/lt\/wp-json\/wp\/v2\/types\/product"}],"replies":[{"embeddable":true,"href":"https:\/\/happyinaknit.com\/lt\/wp-json\/wp\/v2\/comments?post=5054"}],"wp:featuredmedia":[{"embeddable":true,"href":"https:\/\/happyinaknit.com\/lt\/wp-json\/wp\/v2\/media\/5065"}],"wp:attachment":[{"href":"https:\/\/happyinaknit.com\/lt\/wp-json\/wp\/v2\/media?parent=5054"}],"wp:term":[{"taxonomy":"product_brand","embeddable":true,"href":"https:\/\/happyinaknit.com\/lt\/wp-json\/wp\/v2\/product_brand?post=5054"},{"taxonomy":"product_cat","embeddable":true,"href":"https:\/\/happyinaknit.com\/lt\/wp-json\/wp\/v2\/product_cat?post=5054"},{"taxonomy":"product_tag","embeddable":true,"href":"https:\/\/happyinaknit.com\/lt\/wp-json\/wp\/v2\/product_tag?post=5054"},{"taxonomy":"pro-kategorijos","embeddable":true,"href":"https:\/\/happyinaknit.com\/lt\/wp-json\/wp\/v2\/pro-kategorijos?post=5054"}],"curies":[{"name":"wp","href":"https:\/\/api.w.org\/{rel}","templated":true}]}}