{"id":4993,"date":"2025-10-14T09:10:14","date_gmt":"2025-10-14T09:10:14","guid":{"rendered":"https:\/\/happyinaknit.com\/?post_type=product&#038;p=4993"},"modified":"2026-01-23T13:16:46","modified_gmt":"2026-01-23T13:16:46","slug":"concept-by-katia-cotton-cashmere","status":"publish","type":"product","link":"https:\/\/happyinaknit.com\/lt\/produktas\/concept-by-katia-cotton-cashmere\/","title":{"rendered":"Concept by Katia Cotton-Cashmere"},"content":{"rendered":"<p data-start=\"0\" data-end=\"448\"><strong data-start=\"0\" data-end=\"43\">Concept by Katia Cotton-Cashmere si\u016blai<\/strong> \u2013 tai universali vis\u0173 sezon\u0173 klasika, derinanti <strong data-start=\"92\" data-end=\"113\">medviln\u0117s gaivum\u0105<\/strong> ir <strong data-start=\"117\" data-end=\"137\">ka\u0161myro prabang\u0105<\/strong>. \u0160ie si\u016blai yra ypatingai \u0161veln\u016bs, \u0161ilkiniai ir malon\u016bs prie k\u016bno, tod\u0117l puikiai tinka net <strong data-start=\"229\" data-end=\"268\">jautriai odai, k\u016bdikiams ir vaikams<\/strong>. D\u0117l didelio medviln\u0117s kiekio mezginiai i\u0161lieka kv\u0117puojantys ir lengvi, o ka\u0161myras u\u017etikrina puiki\u0105 <strong data-start=\"369\" data-end=\"391\" data-is-only-node=\"\">\u0161ilumos izoliacij\u0105<\/strong> \u2013 \u0161ilta v\u0117sesn\u0117mis dienomis ir maloniai v\u0117su kar\u0161tyje.<\/p>\n<p data-start=\"450\" data-end=\"569\">Puikus pasirinkimas tiek <strong data-start=\"475\" data-end=\"528\">vasariniams megztiniams, palaidin\u0117ms ar suknel\u0117ms<\/strong>, tiek <strong data-start=\"535\" data-end=\"566\">rudens ir \u017eiemos drabu\u017eiams<\/strong>.<\/p>\n<p data-start=\"571\" data-end=\"836\"><strong data-start=\"571\" data-end=\"583\">Sud\u0117tis:<\/strong> 90 % medviln\u0117, 10 % ka\u0161myras<br data-start=\"612\" data-end=\"615\" \/><strong data-start=\"615\" data-end=\"634\">Svoris \/ ilgis:<\/strong> 50 g &#8211; 155 m<br data-start=\"647\" data-end=\"650\" \/><strong data-start=\"650\" data-end=\"678\" data-is-only-node=\"\">Rekomenduojami virbalai:<\/strong> 2,5 \u2013 3,5 mm<br data-start=\"691\" data-end=\"694\" \/><strong data-start=\"694\" data-end=\"707\">Tankumas:<\/strong> 10 \u00d7 10 cm \u2013 26 akys \u00d7 32 eil\u0117s<br data-start=\"739\" data-end=\"742\" \/><strong data-start=\"742\" data-end=\"769\">Apytikris sunaudojimas:<\/strong> M dyd\u017eio megztiniui su trumpomis rankov\u0117mis \u2013 apie 7 kamuoliukai<\/p>\n<p data-start=\"838\" data-end=\"952\">Lengvi, \u0161veln\u016bs ir kv\u0117puojantys \u2013 <strong data-start=\"872\" data-end=\"891\">Cotton-Cashmere<\/strong> si\u016blai taps nepakei\u010diama klasika j\u016bs\u0173 mezgimo projektuose.<\/p>\n<p data-start=\"954\" data-end=\"1042\" data-is-last-node=\"\" data-is-only-node=\"\"><strong data-start=\"954\" data-end=\"966\">Pastaba:<\/strong> spalv\u0173 atspalviai gali \u0161iek tiek skirtis priklausomai nuo \u012frenginio ekrano.<\/p>\n","protected":false},"excerpt":{"rendered":"<p>Concept by Katia Cotton-Cashmere si\u016blai \u2013 tai universali vis\u0173 sezon\u0173 klasika, derinanti medviln\u0117s gaivum\u0105 ir ka\u0161myro prabang\u0105. \u0160ie si\u016blai yra ypatingai \u0161veln\u016bs, \u0161ilkiniai ir malon\u016bs prie k\u016bno, tod\u0117l puikiai tinka net jautriai odai, k\u016bdikiams ir vaikams. D\u0117l didelio medviln\u0117s kiekio mezginiai i\u0161lieka kv\u0117puojantys ir lengvi, o ka\u0161myras u\u017etikrina puiki\u0105 \u0161ilumos izoliacij\u0105 \u2013 \u0161ilta v\u0117sesn\u0117mis dienomis [&hellip;]<\/p>\n","protected":false},"featured_media":4871,"comment_status":"open","ping_status":"closed","template":"","meta":{"_acf_changed":false},"product_brand":[69],"product_cat":[18],"product_tag":[],"pro-kategorijos":[46,55],"class_list":{"0":"post-4993","1":"product","2":"type-product","3":"status-publish","4":"has-post-thumbnail","6":"product_brand-concept-by-katia","7":"product_cat-siulai","8":"pro-kategorijos-kasmyras","9":"pro-kategorijos-medvilne","11":"first","12":"instock","13":"shipping-taxable","14":"purchasable","15":"product-type-variable"},"acf":[],"yoast_head":"<!-- This site is optimized with the Yoast SEO plugin v26.8 - https:\/\/yoast.com\/product\/yoast-seo-wordpress\/ -->\n<title>Concept by Katia Cotton-Cashmere - Happyinaknit.com<\/title>\n<meta name=\"robots\" content=\"index, follow, max-snippet:-1, max-image-preview:large, max-video-preview:-1\" \/>\n<link rel=\"canonical\" href=\"https:\/\/happyinaknit.com\/lt\/produktas\/concept-by-katia-cotton-cashmere\/\" \/>\n<meta property=\"og:locale\" content=\"lt_LT\" \/>\n<meta property=\"og:type\" content=\"article\" \/>\n<meta property=\"og:title\" content=\"Concept by Katia Cotton-Cashmere - Happyinaknit.com\" \/>\n<meta property=\"og:description\" content=\"Concept by Katia Cotton-Cashmere si\u016blai \u2013 tai universali vis\u0173 sezon\u0173 klasika, derinanti medviln\u0117s gaivum\u0105 ir ka\u0161myro prabang\u0105. \u0160ie si\u016blai yra ypatingai \u0161veln\u016bs, \u0161ilkiniai ir malon\u016bs prie k\u016bno, tod\u0117l puikiai tinka net jautriai odai, k\u016bdikiams ir vaikams. D\u0117l didelio medviln\u0117s kiekio mezginiai i\u0161lieka kv\u0117puojantys ir lengvi, o ka\u0161myras u\u017etikrina puiki\u0105 \u0161ilumos izoliacij\u0105 \u2013 \u0161ilta v\u0117sesn\u0117mis dienomis [&hellip;]\" \/>\n<meta property=\"og:url\" content=\"https:\/\/happyinaknit.com\/lt\/produktas\/concept-by-katia-cotton-cashmere\/\" \/>\n<meta property=\"og:site_name\" content=\"Happyinaknit.com\" \/>\n<meta property=\"article:modified_time\" content=\"2026-01-23T13:16:46+00:00\" \/>\n<meta property=\"og:image\" content=\"https:\/\/happyinaknit.com\/wp-content\/uploads\/2025\/10\/IMG_9402.jpg\" \/>\n\t<meta property=\"og:image:width\" content=\"1320\" \/>\n\t<meta property=\"og:image:height\" content=\"1118\" \/>\n\t<meta property=\"og:image:type\" content=\"image\/jpeg\" \/>\n<meta name=\"twitter:card\" content=\"summary_large_image\" \/>\n<meta name=\"twitter:label1\" content=\"Est. reading time\" \/>\n\t<meta name=\"twitter:data1\" content=\"1 minut\u0117\" \/>\n<script type=\"application\/ld+json\" class=\"yoast-schema-graph\">{\"@context\":\"https:\/\/schema.org\",\"@graph\":[{\"@type\":\"WebPage\",\"@id\":\"https:\/\/happyinaknit.com\/produktas\/concept-by-katia-cotton-cashmere\/\",\"url\":\"https:\/\/happyinaknit.com\/produktas\/concept-by-katia-cotton-cashmere\/\",\"name\":\"Concept by Katia Cotton-Cashmere - Happyinaknit.com\",\"isPartOf\":{\"@id\":\"https:\/\/happyinaknit.com\/lt\/#website\"},\"primaryImageOfPage\":{\"@id\":\"https:\/\/happyinaknit.com\/produktas\/concept-by-katia-cotton-cashmere\/#primaryimage\"},\"image\":{\"@id\":\"https:\/\/happyinaknit.com\/produktas\/concept-by-katia-cotton-cashmere\/#primaryimage\"},\"thumbnailUrl\":\"https:\/\/happyinaknit.com\/wp-content\/uploads\/2025\/10\/IMG_9402.jpg\",\"datePublished\":\"2025-10-14T09:10:14+00:00\",\"dateModified\":\"2026-01-23T13:16:46+00:00\",\"breadcrumb\":{\"@id\":\"https:\/\/happyinaknit.com\/produktas\/concept-by-katia-cotton-cashmere\/#breadcrumb\"},\"inLanguage\":\"lt-LT\",\"potentialAction\":[{\"@type\":\"ReadAction\",\"target\":[\"https:\/\/happyinaknit.com\/produktas\/concept-by-katia-cotton-cashmere\/\"]}]},{\"@type\":\"ImageObject\",\"inLanguage\":\"lt-LT\",\"@id\":\"https:\/\/happyinaknit.com\/produktas\/concept-by-katia-cotton-cashmere\/#primaryimage\",\"url\":\"https:\/\/happyinaknit.com\/wp-content\/uploads\/2025\/10\/IMG_9402.jpg\",\"contentUrl\":\"https:\/\/happyinaknit.com\/wp-content\/uploads\/2025\/10\/IMG_9402.jpg\",\"width\":1320,\"height\":1118},{\"@type\":\"BreadcrumbList\",\"@id\":\"https:\/\/happyinaknit.com\/produktas\/concept-by-katia-cotton-cashmere\/#breadcrumb\",\"itemListElement\":[{\"@type\":\"ListItem\",\"position\":1,\"name\":\"Home\",\"item\":\"https:\/\/happyinaknit.com\/lt\/\"},{\"@type\":\"ListItem\",\"position\":2,\"name\":\"Parduotuv\u0117\",\"item\":\"https:\/\/happyinaknit.com\/lt\/parduotuve\/\"},{\"@type\":\"ListItem\",\"position\":3,\"name\":\"Concept by Katia Cotton-Cashmere\"}]},{\"@type\":\"WebSite\",\"@id\":\"https:\/\/happyinaknit.com\/lt\/#website\",\"url\":\"https:\/\/happyinaknit.com\/lt\/\",\"name\":\"Happyinaknit.com\",\"description\":\"\",\"potentialAction\":[{\"@type\":\"SearchAction\",\"target\":{\"@type\":\"EntryPoint\",\"urlTemplate\":\"https:\/\/happyinaknit.com\/lt\/?s={search_term_string}\"},\"query-input\":{\"@type\":\"PropertyValueSpecification\",\"valueRequired\":true,\"valueName\":\"search_term_string\"}}],\"inLanguage\":\"lt-LT\"}]}<\/script>\n<!-- \/ Yoast SEO plugin. -->","yoast_head_json":{"title":"Concept by Katia Cotton-Cashmere - Happyinaknit.com","robots":{"index":"index","follow":"follow","max-snippet":"max-snippet:-1","max-image-preview":"max-image-preview:large","max-video-preview":"max-video-preview:-1"},"canonical":"https:\/\/happyinaknit.com\/lt\/produktas\/concept-by-katia-cotton-cashmere\/","og_locale":"lt_LT","og_type":"article","og_title":"Concept by Katia Cotton-Cashmere - Happyinaknit.com","og_description":"Concept by Katia Cotton-Cashmere si\u016blai \u2013 tai universali vis\u0173 sezon\u0173 klasika, derinanti medviln\u0117s gaivum\u0105 ir ka\u0161myro prabang\u0105. \u0160ie si\u016blai yra ypatingai \u0161veln\u016bs, \u0161ilkiniai ir malon\u016bs prie k\u016bno, tod\u0117l puikiai tinka net jautriai odai, k\u016bdikiams ir vaikams. D\u0117l didelio medviln\u0117s kiekio mezginiai i\u0161lieka kv\u0117puojantys ir lengvi, o ka\u0161myras u\u017etikrina puiki\u0105 \u0161ilumos izoliacij\u0105 \u2013 \u0161ilta v\u0117sesn\u0117mis dienomis [&hellip;]","og_url":"https:\/\/happyinaknit.com\/lt\/produktas\/concept-by-katia-cotton-cashmere\/","og_site_name":"Happyinaknit.com","article_modified_time":"2026-01-23T13:16:46+00:00","og_image":[{"width":1320,"height":1118,"url":"https:\/\/happyinaknit.com\/wp-content\/uploads\/2025\/10\/IMG_9402.jpg","type":"image\/jpeg"}],"twitter_card":"summary_large_image","twitter_misc":{"Est. reading time":"1 minut\u0117"},"schema":{"@context":"https:\/\/schema.org","@graph":[{"@type":"WebPage","@id":"https:\/\/happyinaknit.com\/produktas\/concept-by-katia-cotton-cashmere\/","url":"https:\/\/happyinaknit.com\/produktas\/concept-by-katia-cotton-cashmere\/","name":"Concept by Katia Cotton-Cashmere - Happyinaknit.com","isPartOf":{"@id":"https:\/\/happyinaknit.com\/lt\/#website"},"primaryImageOfPage":{"@id":"https:\/\/happyinaknit.com\/produktas\/concept-by-katia-cotton-cashmere\/#primaryimage"},"image":{"@id":"https:\/\/happyinaknit.com\/produktas\/concept-by-katia-cotton-cashmere\/#primaryimage"},"thumbnailUrl":"https:\/\/happyinaknit.com\/wp-content\/uploads\/2025\/10\/IMG_9402.jpg","datePublished":"2025-10-14T09:10:14+00:00","dateModified":"2026-01-23T13:16:46+00:00","breadcrumb":{"@id":"https:\/\/happyinaknit.com\/produktas\/concept-by-katia-cotton-cashmere\/#breadcrumb"},"inLanguage":"lt-LT","potentialAction":[{"@type":"ReadAction","target":["https:\/\/happyinaknit.com\/produktas\/concept-by-katia-cotton-cashmere\/"]}]},{"@type":"ImageObject","inLanguage":"lt-LT","@id":"https:\/\/happyinaknit.com\/produktas\/concept-by-katia-cotton-cashmere\/#primaryimage","url":"https:\/\/happyinaknit.com\/wp-content\/uploads\/2025\/10\/IMG_9402.jpg","contentUrl":"https:\/\/happyinaknit.com\/wp-content\/uploads\/2025\/10\/IMG_9402.jpg","width":1320,"height":1118},{"@type":"BreadcrumbList","@id":"https:\/\/happyinaknit.com\/produktas\/concept-by-katia-cotton-cashmere\/#breadcrumb","itemListElement":[{"@type":"ListItem","position":1,"name":"Home","item":"https:\/\/happyinaknit.com\/lt\/"},{"@type":"ListItem","position":2,"name":"Parduotuv\u0117","item":"https:\/\/happyinaknit.com\/lt\/parduotuve\/"},{"@type":"ListItem","position":3,"name":"Concept by Katia Cotton-Cashmere"}]},{"@type":"WebSite","@id":"https:\/\/happyinaknit.com\/lt\/#website","url":"https:\/\/happyinaknit.com\/lt\/","name":"Happyinaknit.com","description":"","potentialAction":[{"@type":"SearchAction","target":{"@type":"EntryPoint","urlTemplate":"https:\/\/happyinaknit.com\/lt\/?s={search_term_string}"},"query-input":{"@type":"PropertyValueSpecification","valueRequired":true,"valueName":"search_term_string"}}],"inLanguage":"lt-LT"}]}},"_links":{"self":[{"href":"https:\/\/happyinaknit.com\/lt\/wp-json\/wp\/v2\/product\/4993","targetHints":{"allow":["GET"]}}],"collection":[{"href":"https:\/\/happyinaknit.com\/lt\/wp-json\/wp\/v2\/product"}],"about":[{"href":"https:\/\/happyinaknit.com\/lt\/wp-json\/wp\/v2\/types\/product"}],"replies":[{"embeddable":true,"href":"https:\/\/happyinaknit.com\/lt\/wp-json\/wp\/v2\/comments?post=4993"}],"wp:featuredmedia":[{"embeddable":true,"href":"https:\/\/happyinaknit.com\/lt\/wp-json\/wp\/v2\/media\/4871"}],"wp:attachment":[{"href":"https:\/\/happyinaknit.com\/lt\/wp-json\/wp\/v2\/media?parent=4993"}],"wp:term":[{"taxonomy":"product_brand","embeddable":true,"href":"https:\/\/happyinaknit.com\/lt\/wp-json\/wp\/v2\/product_brand?post=4993"},{"taxonomy":"product_cat","embeddable":true,"href":"https:\/\/happyinaknit.com\/lt\/wp-json\/wp\/v2\/product_cat?post=4993"},{"taxonomy":"product_tag","embeddable":true,"href":"https:\/\/happyinaknit.com\/lt\/wp-json\/wp\/v2\/product_tag?post=4993"},{"taxonomy":"pro-kategorijos","embeddable":true,"href":"https:\/\/happyinaknit.com\/lt\/wp-json\/wp\/v2\/pro-kategorijos?post=4993"}],"curies":[{"name":"wp","href":"https:\/\/api.w.org\/{rel}","templated":true}]}}