{"id":4989,"date":"2025-10-14T07:38:11","date_gmt":"2025-10-14T07:38:11","guid":{"rendered":"https:\/\/happyinaknit.com\/?post_type=product&#038;p=4989"},"modified":"2026-03-27T15:34:37","modified_gmt":"2026-03-27T15:34:37","slug":"concept-by-katia-louvre","status":"publish","type":"product","link":"https:\/\/happyinaknit.com\/lt\/produktas\/concept-by-katia-louvre\/","title":{"rendered":"Concept by Katia Louvre"},"content":{"rendered":"<p data-start=\"0\" data-end=\"417\"><strong data-start=\"0\" data-end=\"34\">Concept by Katia Louvre si\u016blai<\/strong> \u2013 tai lengvi ir \u017evilgantys si\u016blai, kuriuose dominuoja viskoz\u0117, suteikianti gaminiui subtil\u0173 \u0161ilkini\u0328 spindes\u012f ir \u0161veln\u0173 kritim\u0105. Nedidelis poliesterio ir poliamido kiekis u\u017etikrina tvirtum\u0105 bei ilgaam\u017ei\u0161kum\u0105. \u0160ie si\u016blai idealiai tinka <strong data-start=\"281\" data-end=\"359\">vasariniams megztiniams, palaidin\u0117ms, \u0161alik\u0117liams ar a\u017e\u016briniams projektams<\/strong>, kai norisi eleganti\u0161ko blizgesio ir ypatingo lengvumo.<\/p>\n<p data-start=\"419\" data-end=\"604\"><strong data-start=\"419\" data-end=\"431\">Sud\u0117tis:<\/strong> 96 % viskoz\u0117, 3 % poliesteris, 1 % poliamidas<br data-start=\"477\" data-end=\"480\" \/><strong data-start=\"480\" data-end=\"499\">Svoris \/ ilgis:<\/strong> 50 g &#8211; 165 m<br data-start=\"512\" data-end=\"515\" data-is-only-node=\"\" \/><strong data-start=\"515\" data-end=\"543\">Rekomenduojami virbalai:<\/strong> 2,5 \u2013 3 mm<br data-start=\"554\" data-end=\"557\" \/><strong data-start=\"557\" data-end=\"570\">Tankumas:<\/strong> 10 \u00d7 10 cm \u2013 29 akys \u00d7 36 eil\u0117s<\/p>\n<p data-start=\"606\" data-end=\"731\">Lengvi, subtiliai \u017evilgantys ir malon\u016bs liesti \u2013 <strong data-start=\"655\" data-end=\"665\">Louvre<\/strong> si\u016blai suteiks j\u016bs\u0173 mezginiams rafinuotumo ir prabangos poj\u016bt\u012f.<\/p>\n<p data-start=\"733\" data-end=\"821\" data-is-last-node=\"\" data-is-only-node=\"\"><strong data-start=\"733\" data-end=\"745\">Pastaba:<\/strong> spalv\u0173 atspalviai gali \u0161iek tiek skirtis priklausomai nuo \u012frenginio ekrano.<\/p>\n","protected":false},"excerpt":{"rendered":"<p>Concept by Katia Louvre si\u016blai \u2013 tai lengvi ir \u017evilgantys si\u016blai, kuriuose dominuoja viskoz\u0117, suteikianti gaminiui subtil\u0173 \u0161ilkini\u0328 spindes\u012f ir \u0161veln\u0173 kritim\u0105. Nedidelis poliesterio ir poliamido kiekis u\u017etikrina tvirtum\u0105 bei ilgaam\u017ei\u0161kum\u0105. \u0160ie si\u016blai idealiai tinka vasariniams megztiniams, palaidin\u0117ms, \u0161alik\u0117liams ar a\u017e\u016briniams projektams, kai norisi eleganti\u0161ko blizgesio ir ypatingo lengvumo. Sud\u0117tis: 96 % viskoz\u0117, 3 % [&hellip;]<\/p>\n","protected":false},"featured_media":4881,"comment_status":"open","ping_status":"closed","template":"","meta":{"_acf_changed":false},"product_brand":[69],"product_cat":[15,182,18,323],"product_tag":[33],"pro-kategorijos":[78],"class_list":{"0":"post-4989","1":"product","2":"type-product","3":"status-publish","4":"has-post-thumbnail","6":"product_brand-concept-by-katia","7":"product_cat-visi-produktai","8":"product_cat-ispardavimas","9":"product_cat-siulai","10":"product_cat-siulai-su-lureksu-ir-zvyneliais","11":"product_tag-ispardavimas","12":"pro-kategorijos-viskoze","14":"first","15":"instock","16":"sale","17":"shipping-taxable","18":"purchasable","19":"product-type-simple"},"acf":[],"yoast_head":"<!-- This site is optimized with the Yoast SEO plugin v26.8 - https:\/\/yoast.com\/product\/yoast-seo-wordpress\/ -->\n<title>Concept by Katia Louvre - Happyinaknit.com<\/title>\n<meta name=\"robots\" content=\"index, follow, max-snippet:-1, max-image-preview:large, max-video-preview:-1\" \/>\n<link rel=\"canonical\" href=\"https:\/\/happyinaknit.com\/lt\/produktas\/concept-by-katia-louvre\/\" \/>\n<meta property=\"og:locale\" content=\"lt_LT\" \/>\n<meta property=\"og:type\" content=\"article\" \/>\n<meta property=\"og:title\" content=\"Concept by Katia Louvre - Happyinaknit.com\" \/>\n<meta property=\"og:description\" content=\"Concept by Katia Louvre si\u016blai \u2013 tai lengvi ir \u017evilgantys si\u016blai, kuriuose dominuoja viskoz\u0117, suteikianti gaminiui subtil\u0173 \u0161ilkini\u0328 spindes\u012f ir \u0161veln\u0173 kritim\u0105. Nedidelis poliesterio ir poliamido kiekis u\u017etikrina tvirtum\u0105 bei ilgaam\u017ei\u0161kum\u0105. \u0160ie si\u016blai idealiai tinka vasariniams megztiniams, palaidin\u0117ms, \u0161alik\u0117liams ar a\u017e\u016briniams projektams, kai norisi eleganti\u0161ko blizgesio ir ypatingo lengvumo. Sud\u0117tis: 96 % viskoz\u0117, 3 % [&hellip;]\" \/>\n<meta property=\"og:url\" content=\"https:\/\/happyinaknit.com\/lt\/produktas\/concept-by-katia-louvre\/\" \/>\n<meta property=\"og:site_name\" content=\"Happyinaknit.com\" \/>\n<meta property=\"article:modified_time\" content=\"2026-03-27T15:34:37+00:00\" \/>\n<meta property=\"og:image\" content=\"https:\/\/happyinaknit.com\/wp-content\/uploads\/2025\/10\/IMG_9392.jpg\" \/>\n\t<meta property=\"og:image:width\" content=\"1320\" \/>\n\t<meta property=\"og:image:height\" content=\"1196\" \/>\n\t<meta property=\"og:image:type\" content=\"image\/jpeg\" \/>\n<meta name=\"twitter:card\" content=\"summary_large_image\" \/>\n<meta name=\"twitter:label1\" content=\"Est. reading time\" \/>\n\t<meta name=\"twitter:data1\" content=\"1 minut\u0117\" \/>\n<script type=\"application\/ld+json\" class=\"yoast-schema-graph\">{\"@context\":\"https:\/\/schema.org\",\"@graph\":[{\"@type\":\"WebPage\",\"@id\":\"https:\/\/happyinaknit.com\/produktas\/concept-by-katia-louvre\/\",\"url\":\"https:\/\/happyinaknit.com\/produktas\/concept-by-katia-louvre\/\",\"name\":\"Concept by Katia Louvre - Happyinaknit.com\",\"isPartOf\":{\"@id\":\"https:\/\/happyinaknit.com\/lt\/#website\"},\"primaryImageOfPage\":{\"@id\":\"https:\/\/happyinaknit.com\/produktas\/concept-by-katia-louvre\/#primaryimage\"},\"image\":{\"@id\":\"https:\/\/happyinaknit.com\/produktas\/concept-by-katia-louvre\/#primaryimage\"},\"thumbnailUrl\":\"https:\/\/happyinaknit.com\/wp-content\/uploads\/2025\/10\/IMG_9392.jpg\",\"datePublished\":\"2025-10-14T07:38:11+00:00\",\"dateModified\":\"2026-03-27T15:34:37+00:00\",\"breadcrumb\":{\"@id\":\"https:\/\/happyinaknit.com\/produktas\/concept-by-katia-louvre\/#breadcrumb\"},\"inLanguage\":\"lt-LT\",\"potentialAction\":[{\"@type\":\"ReadAction\",\"target\":[\"https:\/\/happyinaknit.com\/produktas\/concept-by-katia-louvre\/\"]}]},{\"@type\":\"ImageObject\",\"inLanguage\":\"lt-LT\",\"@id\":\"https:\/\/happyinaknit.com\/produktas\/concept-by-katia-louvre\/#primaryimage\",\"url\":\"https:\/\/happyinaknit.com\/wp-content\/uploads\/2025\/10\/IMG_9392.jpg\",\"contentUrl\":\"https:\/\/happyinaknit.com\/wp-content\/uploads\/2025\/10\/IMG_9392.jpg\",\"width\":1320,\"height\":1196},{\"@type\":\"BreadcrumbList\",\"@id\":\"https:\/\/happyinaknit.com\/produktas\/concept-by-katia-louvre\/#breadcrumb\",\"itemListElement\":[{\"@type\":\"ListItem\",\"position\":1,\"name\":\"Home\",\"item\":\"https:\/\/happyinaknit.com\/lt\/\"},{\"@type\":\"ListItem\",\"position\":2,\"name\":\"Parduotuv\u0117\",\"item\":\"https:\/\/happyinaknit.com\/lt\/parduotuve\/\"},{\"@type\":\"ListItem\",\"position\":3,\"name\":\"Concept by Katia Louvre\"}]},{\"@type\":\"WebSite\",\"@id\":\"https:\/\/happyinaknit.com\/lt\/#website\",\"url\":\"https:\/\/happyinaknit.com\/lt\/\",\"name\":\"Happyinaknit.com\",\"description\":\"\",\"potentialAction\":[{\"@type\":\"SearchAction\",\"target\":{\"@type\":\"EntryPoint\",\"urlTemplate\":\"https:\/\/happyinaknit.com\/lt\/?s={search_term_string}\"},\"query-input\":{\"@type\":\"PropertyValueSpecification\",\"valueRequired\":true,\"valueName\":\"search_term_string\"}}],\"inLanguage\":\"lt-LT\"}]}<\/script>\n<!-- \/ Yoast SEO plugin. -->","yoast_head_json":{"title":"Concept by Katia Louvre - Happyinaknit.com","robots":{"index":"index","follow":"follow","max-snippet":"max-snippet:-1","max-image-preview":"max-image-preview:large","max-video-preview":"max-video-preview:-1"},"canonical":"https:\/\/happyinaknit.com\/lt\/produktas\/concept-by-katia-louvre\/","og_locale":"lt_LT","og_type":"article","og_title":"Concept by Katia Louvre - Happyinaknit.com","og_description":"Concept by Katia Louvre si\u016blai \u2013 tai lengvi ir \u017evilgantys si\u016blai, kuriuose dominuoja viskoz\u0117, suteikianti gaminiui subtil\u0173 \u0161ilkini\u0328 spindes\u012f ir \u0161veln\u0173 kritim\u0105. Nedidelis poliesterio ir poliamido kiekis u\u017etikrina tvirtum\u0105 bei ilgaam\u017ei\u0161kum\u0105. \u0160ie si\u016blai idealiai tinka vasariniams megztiniams, palaidin\u0117ms, \u0161alik\u0117liams ar a\u017e\u016briniams projektams, kai norisi eleganti\u0161ko blizgesio ir ypatingo lengvumo. Sud\u0117tis: 96 % viskoz\u0117, 3 % [&hellip;]","og_url":"https:\/\/happyinaknit.com\/lt\/produktas\/concept-by-katia-louvre\/","og_site_name":"Happyinaknit.com","article_modified_time":"2026-03-27T15:34:37+00:00","og_image":[{"width":1320,"height":1196,"url":"https:\/\/happyinaknit.com\/wp-content\/uploads\/2025\/10\/IMG_9392.jpg","type":"image\/jpeg"}],"twitter_card":"summary_large_image","twitter_misc":{"Est. reading time":"1 minut\u0117"},"schema":{"@context":"https:\/\/schema.org","@graph":[{"@type":"WebPage","@id":"https:\/\/happyinaknit.com\/produktas\/concept-by-katia-louvre\/","url":"https:\/\/happyinaknit.com\/produktas\/concept-by-katia-louvre\/","name":"Concept by Katia Louvre - Happyinaknit.com","isPartOf":{"@id":"https:\/\/happyinaknit.com\/lt\/#website"},"primaryImageOfPage":{"@id":"https:\/\/happyinaknit.com\/produktas\/concept-by-katia-louvre\/#primaryimage"},"image":{"@id":"https:\/\/happyinaknit.com\/produktas\/concept-by-katia-louvre\/#primaryimage"},"thumbnailUrl":"https:\/\/happyinaknit.com\/wp-content\/uploads\/2025\/10\/IMG_9392.jpg","datePublished":"2025-10-14T07:38:11+00:00","dateModified":"2026-03-27T15:34:37+00:00","breadcrumb":{"@id":"https:\/\/happyinaknit.com\/produktas\/concept-by-katia-louvre\/#breadcrumb"},"inLanguage":"lt-LT","potentialAction":[{"@type":"ReadAction","target":["https:\/\/happyinaknit.com\/produktas\/concept-by-katia-louvre\/"]}]},{"@type":"ImageObject","inLanguage":"lt-LT","@id":"https:\/\/happyinaknit.com\/produktas\/concept-by-katia-louvre\/#primaryimage","url":"https:\/\/happyinaknit.com\/wp-content\/uploads\/2025\/10\/IMG_9392.jpg","contentUrl":"https:\/\/happyinaknit.com\/wp-content\/uploads\/2025\/10\/IMG_9392.jpg","width":1320,"height":1196},{"@type":"BreadcrumbList","@id":"https:\/\/happyinaknit.com\/produktas\/concept-by-katia-louvre\/#breadcrumb","itemListElement":[{"@type":"ListItem","position":1,"name":"Home","item":"https:\/\/happyinaknit.com\/lt\/"},{"@type":"ListItem","position":2,"name":"Parduotuv\u0117","item":"https:\/\/happyinaknit.com\/lt\/parduotuve\/"},{"@type":"ListItem","position":3,"name":"Concept by Katia Louvre"}]},{"@type":"WebSite","@id":"https:\/\/happyinaknit.com\/lt\/#website","url":"https:\/\/happyinaknit.com\/lt\/","name":"Happyinaknit.com","description":"","potentialAction":[{"@type":"SearchAction","target":{"@type":"EntryPoint","urlTemplate":"https:\/\/happyinaknit.com\/lt\/?s={search_term_string}"},"query-input":{"@type":"PropertyValueSpecification","valueRequired":true,"valueName":"search_term_string"}}],"inLanguage":"lt-LT"}]}},"_links":{"self":[{"href":"https:\/\/happyinaknit.com\/lt\/wp-json\/wp\/v2\/product\/4989","targetHints":{"allow":["GET"]}}],"collection":[{"href":"https:\/\/happyinaknit.com\/lt\/wp-json\/wp\/v2\/product"}],"about":[{"href":"https:\/\/happyinaknit.com\/lt\/wp-json\/wp\/v2\/types\/product"}],"replies":[{"embeddable":true,"href":"https:\/\/happyinaknit.com\/lt\/wp-json\/wp\/v2\/comments?post=4989"}],"wp:featuredmedia":[{"embeddable":true,"href":"https:\/\/happyinaknit.com\/lt\/wp-json\/wp\/v2\/media\/4881"}],"wp:attachment":[{"href":"https:\/\/happyinaknit.com\/lt\/wp-json\/wp\/v2\/media?parent=4989"}],"wp:term":[{"taxonomy":"product_brand","embeddable":true,"href":"https:\/\/happyinaknit.com\/lt\/wp-json\/wp\/v2\/product_brand?post=4989"},{"taxonomy":"product_cat","embeddable":true,"href":"https:\/\/happyinaknit.com\/lt\/wp-json\/wp\/v2\/product_cat?post=4989"},{"taxonomy":"product_tag","embeddable":true,"href":"https:\/\/happyinaknit.com\/lt\/wp-json\/wp\/v2\/product_tag?post=4989"},{"taxonomy":"pro-kategorijos","embeddable":true,"href":"https:\/\/happyinaknit.com\/lt\/wp-json\/wp\/v2\/pro-kategorijos?post=4989"}],"curies":[{"name":"wp","href":"https:\/\/api.w.org\/{rel}","templated":true}]}}