{"id":4984,"date":"2025-10-14T07:24:06","date_gmt":"2025-10-14T07:24:06","guid":{"rendered":"https:\/\/happyinaknit.com\/?post_type=product&#038;p=4984"},"modified":"2025-11-13T20:00:09","modified_gmt":"2025-11-13T20:00:09","slug":"katia-fair-cotton","status":"publish","type":"product","link":"https:\/\/happyinaknit.com\/lt\/produktas\/katia-fair-cotton\/","title":{"rendered":"Katia Fair Cotton"},"content":{"rendered":"<p data-start=\"0\" data-end=\"361\"><strong data-start=\"0\" data-end=\"28\">Katia Fair Cotton si\u016blai<\/strong> \u2013 tai 100 % ekologi\u0161ka, sertifikuota medviln\u0117, i\u0161auginta laikantis tvarios gamybos princip\u0173. \u0160ie si\u016blai yra \u0161veln\u016bs, kv\u0117puojantys ir itin malon\u016bs prie odos, tod\u0117l puikiai tinka <strong data-start=\"206\" data-end=\"231\">vaiki\u0161kiems gaminiams<\/strong>, <strong data-start=\"233\" data-end=\"255\">vasaros drabu\u017eiams<\/strong> bei <strong data-start=\"260\" data-end=\"273\" data-is-only-node=\"\">n\u0117riniams<\/strong>. Be to, si\u016blai pasi\u017eymi puikiu elastingumu ir i\u0161laiko form\u0105 net po daugelio skalbim\u0173.<\/p>\n<p data-start=\"363\" data-end=\"572\"><strong data-start=\"363\" data-end=\"375\">Sud\u0117tis:<\/strong> 100 % ekologi\u0161ka medviln\u0117<br data-start=\"401\" data-end=\"404\" \/><strong data-start=\"404\" data-end=\"423\">Svoris \/ ilgis:<\/strong> 50 g &#8211; 155 m<br data-start=\"436\" data-end=\"439\" data-is-only-node=\"\" \/><strong data-start=\"439\" data-end=\"467\">Rekomenduojami virbalai:<\/strong> 2,5 \u2013 3,5 mm<br data-start=\"480\" data-end=\"483\" \/><strong data-start=\"483\" data-end=\"511\">Rekomenduojamas v\u0105\u0161elis:<\/strong> 2 \u2013 2,5 mm<br data-start=\"522\" data-end=\"525\" \/><strong data-start=\"525\" data-end=\"538\">Tankumas:<\/strong> 10 \u00d7 10 cm \u2013 27 akys \u00d7 34 eil\u0117s<\/p>\n<p data-start=\"574\" data-end=\"714\">Tvarus, nat\u016bralus pasirinkimas j\u016bs\u0173 k\u016brybai \u2013 <strong data-start=\"620\" data-end=\"641\">Katia Fair Cotton<\/strong> leis sukurti kokybi\u0161kus, ilgalaikius ir aplinkai draugi\u0161kus mezginius.<\/p>\n<p data-start=\"716\" data-end=\"804\" data-is-last-node=\"\" data-is-only-node=\"\"><strong data-start=\"716\" data-end=\"728\">Pastaba:<\/strong> spalv\u0173 atspalviai gali \u0161iek tiek skirtis priklausomai nuo \u012frenginio ekrano.<\/p>\n","protected":false},"excerpt":{"rendered":"<p>Katia Fair Cotton si\u016blai \u2013 tai 100 % ekologi\u0161ka, sertifikuota medviln\u0117, i\u0161auginta laikantis tvarios gamybos princip\u0173. \u0160ie si\u016blai yra \u0161veln\u016bs, kv\u0117puojantys ir itin malon\u016bs prie odos, tod\u0117l puikiai tinka vaiki\u0161kiems gaminiams, vasaros drabu\u017eiams bei n\u0117riniams. Be to, si\u016blai pasi\u017eymi puikiu elastingumu ir i\u0161laiko form\u0105 net po daugelio skalbim\u0173. Sud\u0117tis: 100 % ekologi\u0161ka medviln\u0117Svoris \/ ilgis: [&hellip;]<\/p>\n","protected":false},"featured_media":4884,"comment_status":"open","ping_status":"closed","template":"","meta":{"_acf_changed":false},"product_brand":[69],"product_cat":[15,18],"product_tag":[],"pro-kategorijos":[55],"class_list":{"0":"post-4984","1":"product","2":"type-product","3":"status-publish","4":"has-post-thumbnail","6":"product_brand-concept-by-katia","7":"product_cat-visi-produktai","8":"product_cat-siulai","9":"pro-kategorijos-medvilne","11":"first","12":"instock","13":"shipping-taxable","14":"purchasable","15":"product-type-variable"},"acf":[],"yoast_head":"<!-- This site is optimized with the Yoast SEO plugin v26.8 - https:\/\/yoast.com\/product\/yoast-seo-wordpress\/ -->\n<title>Katia Fair Cotton - Happyinaknit.com<\/title>\n<meta name=\"robots\" content=\"index, follow, max-snippet:-1, max-image-preview:large, max-video-preview:-1\" \/>\n<link rel=\"canonical\" href=\"https:\/\/happyinaknit.com\/lt\/produktas\/katia-fair-cotton\/\" \/>\n<meta property=\"og:locale\" content=\"lt_LT\" \/>\n<meta property=\"og:type\" content=\"article\" \/>\n<meta property=\"og:title\" content=\"Katia Fair Cotton - Happyinaknit.com\" \/>\n<meta property=\"og:description\" content=\"Katia Fair Cotton si\u016blai \u2013 tai 100 % ekologi\u0161ka, sertifikuota medviln\u0117, i\u0161auginta laikantis tvarios gamybos princip\u0173. \u0160ie si\u016blai yra \u0161veln\u016bs, kv\u0117puojantys ir itin malon\u016bs prie odos, tod\u0117l puikiai tinka vaiki\u0161kiems gaminiams, vasaros drabu\u017eiams bei n\u0117riniams. Be to, si\u016blai pasi\u017eymi puikiu elastingumu ir i\u0161laiko form\u0105 net po daugelio skalbim\u0173. Sud\u0117tis: 100 % ekologi\u0161ka medviln\u0117Svoris \/ ilgis: [&hellip;]\" \/>\n<meta property=\"og:url\" content=\"https:\/\/happyinaknit.com\/lt\/produktas\/katia-fair-cotton\/\" \/>\n<meta property=\"og:site_name\" content=\"Happyinaknit.com\" \/>\n<meta property=\"article:modified_time\" content=\"2025-11-13T20:00:09+00:00\" \/>\n<meta property=\"og:image\" content=\"https:\/\/happyinaknit.com\/wp-content\/uploads\/2025\/10\/IMG_9389.jpg\" \/>\n\t<meta property=\"og:image:width\" content=\"1240\" \/>\n\t<meta property=\"og:image:height\" content=\"1054\" \/>\n\t<meta property=\"og:image:type\" content=\"image\/jpeg\" \/>\n<meta name=\"twitter:card\" content=\"summary_large_image\" \/>\n<meta name=\"twitter:label1\" content=\"Est. reading time\" \/>\n\t<meta name=\"twitter:data1\" content=\"1 minut\u0117\" \/>\n<script type=\"application\/ld+json\" class=\"yoast-schema-graph\">{\"@context\":\"https:\/\/schema.org\",\"@graph\":[{\"@type\":\"WebPage\",\"@id\":\"https:\/\/happyinaknit.com\/produktas\/katia-fair-cotton\/\",\"url\":\"https:\/\/happyinaknit.com\/produktas\/katia-fair-cotton\/\",\"name\":\"Katia Fair Cotton - Happyinaknit.com\",\"isPartOf\":{\"@id\":\"https:\/\/happyinaknit.com\/lt\/#website\"},\"primaryImageOfPage\":{\"@id\":\"https:\/\/happyinaknit.com\/produktas\/katia-fair-cotton\/#primaryimage\"},\"image\":{\"@id\":\"https:\/\/happyinaknit.com\/produktas\/katia-fair-cotton\/#primaryimage\"},\"thumbnailUrl\":\"https:\/\/happyinaknit.com\/wp-content\/uploads\/2025\/10\/IMG_9389.jpg\",\"datePublished\":\"2025-10-14T07:24:06+00:00\",\"dateModified\":\"2025-11-13T20:00:09+00:00\",\"breadcrumb\":{\"@id\":\"https:\/\/happyinaknit.com\/produktas\/katia-fair-cotton\/#breadcrumb\"},\"inLanguage\":\"lt-LT\",\"potentialAction\":[{\"@type\":\"ReadAction\",\"target\":[\"https:\/\/happyinaknit.com\/produktas\/katia-fair-cotton\/\"]}]},{\"@type\":\"ImageObject\",\"inLanguage\":\"lt-LT\",\"@id\":\"https:\/\/happyinaknit.com\/produktas\/katia-fair-cotton\/#primaryimage\",\"url\":\"https:\/\/happyinaknit.com\/wp-content\/uploads\/2025\/10\/IMG_9389.jpg\",\"contentUrl\":\"https:\/\/happyinaknit.com\/wp-content\/uploads\/2025\/10\/IMG_9389.jpg\",\"width\":1240,\"height\":1054},{\"@type\":\"BreadcrumbList\",\"@id\":\"https:\/\/happyinaknit.com\/produktas\/katia-fair-cotton\/#breadcrumb\",\"itemListElement\":[{\"@type\":\"ListItem\",\"position\":1,\"name\":\"Home\",\"item\":\"https:\/\/happyinaknit.com\/lt\/\"},{\"@type\":\"ListItem\",\"position\":2,\"name\":\"Parduotuv\u0117\",\"item\":\"https:\/\/happyinaknit.com\/lt\/parduotuve\/\"},{\"@type\":\"ListItem\",\"position\":3,\"name\":\"Katia Fair Cotton\"}]},{\"@type\":\"WebSite\",\"@id\":\"https:\/\/happyinaknit.com\/lt\/#website\",\"url\":\"https:\/\/happyinaknit.com\/lt\/\",\"name\":\"Happyinaknit.com\",\"description\":\"\",\"potentialAction\":[{\"@type\":\"SearchAction\",\"target\":{\"@type\":\"EntryPoint\",\"urlTemplate\":\"https:\/\/happyinaknit.com\/lt\/?s={search_term_string}\"},\"query-input\":{\"@type\":\"PropertyValueSpecification\",\"valueRequired\":true,\"valueName\":\"search_term_string\"}}],\"inLanguage\":\"lt-LT\"}]}<\/script>\n<!-- \/ Yoast SEO plugin. -->","yoast_head_json":{"title":"Katia Fair Cotton - Happyinaknit.com","robots":{"index":"index","follow":"follow","max-snippet":"max-snippet:-1","max-image-preview":"max-image-preview:large","max-video-preview":"max-video-preview:-1"},"canonical":"https:\/\/happyinaknit.com\/lt\/produktas\/katia-fair-cotton\/","og_locale":"lt_LT","og_type":"article","og_title":"Katia Fair Cotton - Happyinaknit.com","og_description":"Katia Fair Cotton si\u016blai \u2013 tai 100 % ekologi\u0161ka, sertifikuota medviln\u0117, i\u0161auginta laikantis tvarios gamybos princip\u0173. \u0160ie si\u016blai yra \u0161veln\u016bs, kv\u0117puojantys ir itin malon\u016bs prie odos, tod\u0117l puikiai tinka vaiki\u0161kiems gaminiams, vasaros drabu\u017eiams bei n\u0117riniams. Be to, si\u016blai pasi\u017eymi puikiu elastingumu ir i\u0161laiko form\u0105 net po daugelio skalbim\u0173. Sud\u0117tis: 100 % ekologi\u0161ka medviln\u0117Svoris \/ ilgis: [&hellip;]","og_url":"https:\/\/happyinaknit.com\/lt\/produktas\/katia-fair-cotton\/","og_site_name":"Happyinaknit.com","article_modified_time":"2025-11-13T20:00:09+00:00","og_image":[{"width":1240,"height":1054,"url":"https:\/\/happyinaknit.com\/wp-content\/uploads\/2025\/10\/IMG_9389.jpg","type":"image\/jpeg"}],"twitter_card":"summary_large_image","twitter_misc":{"Est. reading time":"1 minut\u0117"},"schema":{"@context":"https:\/\/schema.org","@graph":[{"@type":"WebPage","@id":"https:\/\/happyinaknit.com\/produktas\/katia-fair-cotton\/","url":"https:\/\/happyinaknit.com\/produktas\/katia-fair-cotton\/","name":"Katia Fair Cotton - Happyinaknit.com","isPartOf":{"@id":"https:\/\/happyinaknit.com\/lt\/#website"},"primaryImageOfPage":{"@id":"https:\/\/happyinaknit.com\/produktas\/katia-fair-cotton\/#primaryimage"},"image":{"@id":"https:\/\/happyinaknit.com\/produktas\/katia-fair-cotton\/#primaryimage"},"thumbnailUrl":"https:\/\/happyinaknit.com\/wp-content\/uploads\/2025\/10\/IMG_9389.jpg","datePublished":"2025-10-14T07:24:06+00:00","dateModified":"2025-11-13T20:00:09+00:00","breadcrumb":{"@id":"https:\/\/happyinaknit.com\/produktas\/katia-fair-cotton\/#breadcrumb"},"inLanguage":"lt-LT","potentialAction":[{"@type":"ReadAction","target":["https:\/\/happyinaknit.com\/produktas\/katia-fair-cotton\/"]}]},{"@type":"ImageObject","inLanguage":"lt-LT","@id":"https:\/\/happyinaknit.com\/produktas\/katia-fair-cotton\/#primaryimage","url":"https:\/\/happyinaknit.com\/wp-content\/uploads\/2025\/10\/IMG_9389.jpg","contentUrl":"https:\/\/happyinaknit.com\/wp-content\/uploads\/2025\/10\/IMG_9389.jpg","width":1240,"height":1054},{"@type":"BreadcrumbList","@id":"https:\/\/happyinaknit.com\/produktas\/katia-fair-cotton\/#breadcrumb","itemListElement":[{"@type":"ListItem","position":1,"name":"Home","item":"https:\/\/happyinaknit.com\/lt\/"},{"@type":"ListItem","position":2,"name":"Parduotuv\u0117","item":"https:\/\/happyinaknit.com\/lt\/parduotuve\/"},{"@type":"ListItem","position":3,"name":"Katia Fair Cotton"}]},{"@type":"WebSite","@id":"https:\/\/happyinaknit.com\/lt\/#website","url":"https:\/\/happyinaknit.com\/lt\/","name":"Happyinaknit.com","description":"","potentialAction":[{"@type":"SearchAction","target":{"@type":"EntryPoint","urlTemplate":"https:\/\/happyinaknit.com\/lt\/?s={search_term_string}"},"query-input":{"@type":"PropertyValueSpecification","valueRequired":true,"valueName":"search_term_string"}}],"inLanguage":"lt-LT"}]}},"_links":{"self":[{"href":"https:\/\/happyinaknit.com\/lt\/wp-json\/wp\/v2\/product\/4984","targetHints":{"allow":["GET"]}}],"collection":[{"href":"https:\/\/happyinaknit.com\/lt\/wp-json\/wp\/v2\/product"}],"about":[{"href":"https:\/\/happyinaknit.com\/lt\/wp-json\/wp\/v2\/types\/product"}],"replies":[{"embeddable":true,"href":"https:\/\/happyinaknit.com\/lt\/wp-json\/wp\/v2\/comments?post=4984"}],"wp:featuredmedia":[{"embeddable":true,"href":"https:\/\/happyinaknit.com\/lt\/wp-json\/wp\/v2\/media\/4884"}],"wp:attachment":[{"href":"https:\/\/happyinaknit.com\/lt\/wp-json\/wp\/v2\/media?parent=4984"}],"wp:term":[{"taxonomy":"product_brand","embeddable":true,"href":"https:\/\/happyinaknit.com\/lt\/wp-json\/wp\/v2\/product_brand?post=4984"},{"taxonomy":"product_cat","embeddable":true,"href":"https:\/\/happyinaknit.com\/lt\/wp-json\/wp\/v2\/product_cat?post=4984"},{"taxonomy":"product_tag","embeddable":true,"href":"https:\/\/happyinaknit.com\/lt\/wp-json\/wp\/v2\/product_tag?post=4984"},{"taxonomy":"pro-kategorijos","embeddable":true,"href":"https:\/\/happyinaknit.com\/lt\/wp-json\/wp\/v2\/pro-kategorijos?post=4984"}],"curies":[{"name":"wp","href":"https:\/\/api.w.org\/{rel}","templated":true}]}}