{"id":4983,"date":"2025-10-14T06:49:03","date_gmt":"2025-10-14T06:49:03","guid":{"rendered":"https:\/\/happyinaknit.com\/?post_type=product&#038;p=4983"},"modified":"2025-11-13T20:16:06","modified_gmt":"2025-11-13T20:16:06","slug":"katia-fair-cotton-granny","status":"publish","type":"product","link":"https:\/\/happyinaknit.com\/lt\/produktas\/katia-fair-cotton-granny\/","title":{"rendered":"Katia Fair Cotton Granny"},"content":{"rendered":"<p data-start=\"0\" data-end=\"389\"><strong data-start=\"0\" data-end=\"35\">Katia Fair Cotton Granny si\u016blai<\/strong> \u2013 tai 100 % ekologi\u0161ka medviln\u0117, pasi\u017eyminti i\u0161skirtiniu \u0161velnumu, nat\u016bralumu ir gra\u017eiais spalv\u0173 per\u0117jimais. \u0160ie si\u016blai idealiai tinka tiek <strong data-start=\"176\" data-end=\"201\">vaiki\u0161kiems gaminiams<\/strong>, tiek <strong data-start=\"208\" data-end=\"246\">\u0161alikams, \u0161operiams ar kardiganams<\/strong>. \u201eGranny\u201c versija leid\u017eia kurti spalvingus motyvus be papildomo si\u016bl\u0173 keitimo \u2013 kiekvienas kamuoliukas savyje slepia harmoning\u0105 spalv\u0173 sek\u0105.<\/p>\n<p data-start=\"391\" data-end=\"578\"><strong data-start=\"391\" data-end=\"403\">Sud\u0117tis:<\/strong> 100 % medviln\u0117<br data-start=\"418\" data-end=\"421\" \/><strong data-start=\"421\" data-end=\"440\">Svoris \/ ilgis:<\/strong> 150 g &#8211; 465 m<br data-start=\"454\" data-end=\"457\" \/><strong data-start=\"457\" data-end=\"485\">Rekomenduojami virbalai:<\/strong> 2,5 \u2013 3,5 mm<br data-start=\"498\" data-end=\"501\" data-is-only-node=\"\" \/><strong data-start=\"501\" data-end=\"514\">Tankumas:<\/strong> 10 \u00d7 10 cm \u2013 27 akys \u00d7 34 eil\u0117s<br data-start=\"546\" data-end=\"549\" \/><strong data-start=\"549\" data-end=\"576\">Apytikris sunaudojimas:<\/strong><\/p>\n<ul data-start=\"579\" data-end=\"687\">\n<li data-start=\"579\" data-end=\"625\">\n<p data-start=\"581\" data-end=\"625\">2 kamuoliukai \u2013 ma\u017eam vaiki\u0161kam u\u017etiesalui<\/p>\n<\/li>\n<li data-start=\"626\" data-end=\"654\">\n<p data-start=\"628\" data-end=\"654\">1 kamuoliukas \u2013 \u0161operiui<\/p>\n<\/li>\n<li data-start=\"655\" data-end=\"687\">\n<p data-start=\"657\" data-end=\"687\">3\u20134 kamuoliukai \u2013 kardiganui<\/p>\n<\/li>\n<\/ul>\n<p data-start=\"689\" data-end=\"706\">\ud83c\udf81 <strong data-start=\"692\" data-end=\"704\">Dovanos:<\/strong><\/p>\n<ul data-start=\"707\" data-end=\"777\">\n<li data-start=\"707\" data-end=\"741\">\n<p data-start=\"709\" data-end=\"741\">N\u0117rimo <strong data-start=\"716\" data-end=\"727\">\u0161operio<\/strong> instrukcija<\/p>\n<\/li>\n<li data-start=\"742\" data-end=\"777\">\n<p data-start=\"744\" data-end=\"777\">Mezgo <strong data-start=\"750\" data-end=\"763\">kardigano<\/strong> instrukcija<\/p>\n<\/li>\n<\/ul>\n<p data-start=\"779\" data-end=\"867\" data-is-last-node=\"\" data-is-only-node=\"\"><strong data-start=\"779\" data-end=\"791\">Pastaba:<\/strong> spalv\u0173 atspalviai gali \u0161iek tiek skirtis priklausomai nuo \u012frenginio ekrano.<\/p>\n","protected":false},"excerpt":{"rendered":"<p>Katia Fair Cotton Granny si\u016blai \u2013 tai 100 % ekologi\u0161ka medviln\u0117, pasi\u017eyminti i\u0161skirtiniu \u0161velnumu, nat\u016bralumu ir gra\u017eiais spalv\u0173 per\u0117jimais. \u0160ie si\u016blai idealiai tinka tiek vaiki\u0161kiems gaminiams, tiek \u0161alikams, \u0161operiams ar kardiganams. \u201eGranny\u201c versija leid\u017eia kurti spalvingus motyvus be papildomo si\u016bl\u0173 keitimo \u2013 kiekvienas kamuoliukas savyje slepia harmoning\u0105 spalv\u0173 sek\u0105. Sud\u0117tis: 100 % medviln\u0117Svoris \/ ilgis: [&hellip;]<\/p>\n","protected":false},"featured_media":4891,"comment_status":"open","ping_status":"closed","template":"","meta":{"_acf_changed":false},"product_brand":[69],"product_cat":[15,18],"product_tag":[],"pro-kategorijos":[55],"class_list":{"0":"post-4983","1":"product","2":"type-product","3":"status-publish","4":"has-post-thumbnail","6":"product_brand-concept-by-katia","7":"product_cat-visi-produktai","8":"product_cat-siulai","9":"pro-kategorijos-medvilne","11":"first","12":"instock","13":"shipping-taxable","14":"purchasable","15":"product-type-simple"},"acf":[],"yoast_head":"<!-- This site is optimized with the Yoast SEO plugin v26.8 - https:\/\/yoast.com\/product\/yoast-seo-wordpress\/ -->\n<title>Katia Fair Cotton Granny - Happyinaknit.com<\/title>\n<meta name=\"robots\" content=\"index, follow, max-snippet:-1, max-image-preview:large, max-video-preview:-1\" \/>\n<link rel=\"canonical\" href=\"https:\/\/happyinaknit.com\/lt\/produktas\/katia-fair-cotton-granny\/\" \/>\n<meta property=\"og:locale\" content=\"lt_LT\" \/>\n<meta property=\"og:type\" content=\"article\" \/>\n<meta property=\"og:title\" content=\"Katia Fair Cotton Granny - Happyinaknit.com\" \/>\n<meta property=\"og:description\" content=\"Katia Fair Cotton Granny si\u016blai \u2013 tai 100 % ekologi\u0161ka medviln\u0117, pasi\u017eyminti i\u0161skirtiniu \u0161velnumu, nat\u016bralumu ir gra\u017eiais spalv\u0173 per\u0117jimais. \u0160ie si\u016blai idealiai tinka tiek vaiki\u0161kiems gaminiams, tiek \u0161alikams, \u0161operiams ar kardiganams. \u201eGranny\u201c versija leid\u017eia kurti spalvingus motyvus be papildomo si\u016bl\u0173 keitimo \u2013 kiekvienas kamuoliukas savyje slepia harmoning\u0105 spalv\u0173 sek\u0105. Sud\u0117tis: 100 % medviln\u0117Svoris \/ ilgis: [&hellip;]\" \/>\n<meta property=\"og:url\" content=\"https:\/\/happyinaknit.com\/lt\/produktas\/katia-fair-cotton-granny\/\" \/>\n<meta property=\"og:site_name\" content=\"Happyinaknit.com\" \/>\n<meta property=\"article:modified_time\" content=\"2025-11-13T20:16:06+00:00\" \/>\n<meta property=\"og:image\" content=\"https:\/\/happyinaknit.com\/wp-content\/uploads\/2025\/10\/IMG_9382.jpg\" \/>\n\t<meta property=\"og:image:width\" content=\"1253\" \/>\n\t<meta property=\"og:image:height\" content=\"1131\" \/>\n\t<meta property=\"og:image:type\" content=\"image\/jpeg\" \/>\n<meta name=\"twitter:card\" content=\"summary_large_image\" \/>\n<meta name=\"twitter:label1\" content=\"Est. reading time\" \/>\n\t<meta name=\"twitter:data1\" content=\"1 minut\u0117\" \/>\n<script type=\"application\/ld+json\" class=\"yoast-schema-graph\">{\"@context\":\"https:\/\/schema.org\",\"@graph\":[{\"@type\":\"WebPage\",\"@id\":\"https:\/\/happyinaknit.com\/produktas\/katia-fair-cotton-granny\/\",\"url\":\"https:\/\/happyinaknit.com\/produktas\/katia-fair-cotton-granny\/\",\"name\":\"Katia Fair Cotton Granny - Happyinaknit.com\",\"isPartOf\":{\"@id\":\"https:\/\/happyinaknit.com\/lt\/#website\"},\"primaryImageOfPage\":{\"@id\":\"https:\/\/happyinaknit.com\/produktas\/katia-fair-cotton-granny\/#primaryimage\"},\"image\":{\"@id\":\"https:\/\/happyinaknit.com\/produktas\/katia-fair-cotton-granny\/#primaryimage\"},\"thumbnailUrl\":\"https:\/\/happyinaknit.com\/wp-content\/uploads\/2025\/10\/IMG_9382.jpg\",\"datePublished\":\"2025-10-14T06:49:03+00:00\",\"dateModified\":\"2025-11-13T20:16:06+00:00\",\"breadcrumb\":{\"@id\":\"https:\/\/happyinaknit.com\/produktas\/katia-fair-cotton-granny\/#breadcrumb\"},\"inLanguage\":\"lt-LT\",\"potentialAction\":[{\"@type\":\"ReadAction\",\"target\":[\"https:\/\/happyinaknit.com\/produktas\/katia-fair-cotton-granny\/\"]}]},{\"@type\":\"ImageObject\",\"inLanguage\":\"lt-LT\",\"@id\":\"https:\/\/happyinaknit.com\/produktas\/katia-fair-cotton-granny\/#primaryimage\",\"url\":\"https:\/\/happyinaknit.com\/wp-content\/uploads\/2025\/10\/IMG_9382.jpg\",\"contentUrl\":\"https:\/\/happyinaknit.com\/wp-content\/uploads\/2025\/10\/IMG_9382.jpg\",\"width\":1253,\"height\":1131},{\"@type\":\"BreadcrumbList\",\"@id\":\"https:\/\/happyinaknit.com\/produktas\/katia-fair-cotton-granny\/#breadcrumb\",\"itemListElement\":[{\"@type\":\"ListItem\",\"position\":1,\"name\":\"Home\",\"item\":\"https:\/\/happyinaknit.com\/lt\/\"},{\"@type\":\"ListItem\",\"position\":2,\"name\":\"Parduotuv\u0117\",\"item\":\"https:\/\/happyinaknit.com\/lt\/parduotuve\/\"},{\"@type\":\"ListItem\",\"position\":3,\"name\":\"Katia Fair Cotton Granny\"}]},{\"@type\":\"WebSite\",\"@id\":\"https:\/\/happyinaknit.com\/lt\/#website\",\"url\":\"https:\/\/happyinaknit.com\/lt\/\",\"name\":\"Happyinaknit.com\",\"description\":\"\",\"potentialAction\":[{\"@type\":\"SearchAction\",\"target\":{\"@type\":\"EntryPoint\",\"urlTemplate\":\"https:\/\/happyinaknit.com\/lt\/?s={search_term_string}\"},\"query-input\":{\"@type\":\"PropertyValueSpecification\",\"valueRequired\":true,\"valueName\":\"search_term_string\"}}],\"inLanguage\":\"lt-LT\"}]}<\/script>\n<!-- \/ Yoast SEO plugin. -->","yoast_head_json":{"title":"Katia Fair Cotton Granny - Happyinaknit.com","robots":{"index":"index","follow":"follow","max-snippet":"max-snippet:-1","max-image-preview":"max-image-preview:large","max-video-preview":"max-video-preview:-1"},"canonical":"https:\/\/happyinaknit.com\/lt\/produktas\/katia-fair-cotton-granny\/","og_locale":"lt_LT","og_type":"article","og_title":"Katia Fair Cotton Granny - Happyinaknit.com","og_description":"Katia Fair Cotton Granny si\u016blai \u2013 tai 100 % ekologi\u0161ka medviln\u0117, pasi\u017eyminti i\u0161skirtiniu \u0161velnumu, nat\u016bralumu ir gra\u017eiais spalv\u0173 per\u0117jimais. \u0160ie si\u016blai idealiai tinka tiek vaiki\u0161kiems gaminiams, tiek \u0161alikams, \u0161operiams ar kardiganams. \u201eGranny\u201c versija leid\u017eia kurti spalvingus motyvus be papildomo si\u016bl\u0173 keitimo \u2013 kiekvienas kamuoliukas savyje slepia harmoning\u0105 spalv\u0173 sek\u0105. Sud\u0117tis: 100 % medviln\u0117Svoris \/ ilgis: [&hellip;]","og_url":"https:\/\/happyinaknit.com\/lt\/produktas\/katia-fair-cotton-granny\/","og_site_name":"Happyinaknit.com","article_modified_time":"2025-11-13T20:16:06+00:00","og_image":[{"width":1253,"height":1131,"url":"https:\/\/happyinaknit.com\/wp-content\/uploads\/2025\/10\/IMG_9382.jpg","type":"image\/jpeg"}],"twitter_card":"summary_large_image","twitter_misc":{"Est. reading time":"1 minut\u0117"},"schema":{"@context":"https:\/\/schema.org","@graph":[{"@type":"WebPage","@id":"https:\/\/happyinaknit.com\/produktas\/katia-fair-cotton-granny\/","url":"https:\/\/happyinaknit.com\/produktas\/katia-fair-cotton-granny\/","name":"Katia Fair Cotton Granny - Happyinaknit.com","isPartOf":{"@id":"https:\/\/happyinaknit.com\/lt\/#website"},"primaryImageOfPage":{"@id":"https:\/\/happyinaknit.com\/produktas\/katia-fair-cotton-granny\/#primaryimage"},"image":{"@id":"https:\/\/happyinaknit.com\/produktas\/katia-fair-cotton-granny\/#primaryimage"},"thumbnailUrl":"https:\/\/happyinaknit.com\/wp-content\/uploads\/2025\/10\/IMG_9382.jpg","datePublished":"2025-10-14T06:49:03+00:00","dateModified":"2025-11-13T20:16:06+00:00","breadcrumb":{"@id":"https:\/\/happyinaknit.com\/produktas\/katia-fair-cotton-granny\/#breadcrumb"},"inLanguage":"lt-LT","potentialAction":[{"@type":"ReadAction","target":["https:\/\/happyinaknit.com\/produktas\/katia-fair-cotton-granny\/"]}]},{"@type":"ImageObject","inLanguage":"lt-LT","@id":"https:\/\/happyinaknit.com\/produktas\/katia-fair-cotton-granny\/#primaryimage","url":"https:\/\/happyinaknit.com\/wp-content\/uploads\/2025\/10\/IMG_9382.jpg","contentUrl":"https:\/\/happyinaknit.com\/wp-content\/uploads\/2025\/10\/IMG_9382.jpg","width":1253,"height":1131},{"@type":"BreadcrumbList","@id":"https:\/\/happyinaknit.com\/produktas\/katia-fair-cotton-granny\/#breadcrumb","itemListElement":[{"@type":"ListItem","position":1,"name":"Home","item":"https:\/\/happyinaknit.com\/lt\/"},{"@type":"ListItem","position":2,"name":"Parduotuv\u0117","item":"https:\/\/happyinaknit.com\/lt\/parduotuve\/"},{"@type":"ListItem","position":3,"name":"Katia Fair Cotton Granny"}]},{"@type":"WebSite","@id":"https:\/\/happyinaknit.com\/lt\/#website","url":"https:\/\/happyinaknit.com\/lt\/","name":"Happyinaknit.com","description":"","potentialAction":[{"@type":"SearchAction","target":{"@type":"EntryPoint","urlTemplate":"https:\/\/happyinaknit.com\/lt\/?s={search_term_string}"},"query-input":{"@type":"PropertyValueSpecification","valueRequired":true,"valueName":"search_term_string"}}],"inLanguage":"lt-LT"}]}},"_links":{"self":[{"href":"https:\/\/happyinaknit.com\/lt\/wp-json\/wp\/v2\/product\/4983","targetHints":{"allow":["GET"]}}],"collection":[{"href":"https:\/\/happyinaknit.com\/lt\/wp-json\/wp\/v2\/product"}],"about":[{"href":"https:\/\/happyinaknit.com\/lt\/wp-json\/wp\/v2\/types\/product"}],"replies":[{"embeddable":true,"href":"https:\/\/happyinaknit.com\/lt\/wp-json\/wp\/v2\/comments?post=4983"}],"wp:featuredmedia":[{"embeddable":true,"href":"https:\/\/happyinaknit.com\/lt\/wp-json\/wp\/v2\/media\/4891"}],"wp:attachment":[{"href":"https:\/\/happyinaknit.com\/lt\/wp-json\/wp\/v2\/media?parent=4983"}],"wp:term":[{"taxonomy":"product_brand","embeddable":true,"href":"https:\/\/happyinaknit.com\/lt\/wp-json\/wp\/v2\/product_brand?post=4983"},{"taxonomy":"product_cat","embeddable":true,"href":"https:\/\/happyinaknit.com\/lt\/wp-json\/wp\/v2\/product_cat?post=4983"},{"taxonomy":"product_tag","embeddable":true,"href":"https:\/\/happyinaknit.com\/lt\/wp-json\/wp\/v2\/product_tag?post=4983"},{"taxonomy":"pro-kategorijos","embeddable":true,"href":"https:\/\/happyinaknit.com\/lt\/wp-json\/wp\/v2\/pro-kategorijos?post=4983"}],"curies":[{"name":"wp","href":"https:\/\/api.w.org\/{rel}","templated":true}]}}