{"id":4971,"date":"2025-10-13T22:20:46","date_gmt":"2025-10-13T22:20:46","guid":{"rendered":"https:\/\/happyinaknit.com\/?post_type=product&#038;p=4971"},"modified":"2025-10-13T22:20:46","modified_gmt":"2025-10-13T22:20:46","slug":"tulip-etimo-silver-vaseliu-rinkinys","status":"publish","type":"product","link":"https:\/\/happyinaknit.com\/lt\/produktas\/tulip-etimo-silver-vaseliu-rinkinys\/","title":{"rendered":"Tulip Etimo Silver  v\u0105\u0161eli\u0173 rinkinys"},"content":{"rendered":"<p data-start=\"0\" data-end=\"234\"><strong data-start=\"0\" data-end=\"47\">Tulip Etimo Silver TEG-002 v\u0105\u0161eli\u0173 rinkinys<\/strong> \u2013 eleganti\u0161kas ir funkcionalus pasirinkimas kiekvienai n\u0117r\u0117jai, vertinan\u010diai kokyb\u0119, komfort\u0105 ir stili\u0173. \u0160is rinkinys sujungia japoni\u0161k\u0105 precizik\u0105, i\u0161skirtin\u012f dizain\u0105 ir ergonomi\u0161kum\u0105.<\/p>\n<p data-start=\"539\" data-end=\"806\">Tulip Etimo Silver serijos v\u0105\u0161eliai pasi\u017eymi <strong data-start=\"601\" data-end=\"631\">mink\u0161ta ergonomine rankena<\/strong>, kuri patogiai guli rankoje ir leid\u017eia dirbti be nuovargio net ilgai n\u0117riant. Auksiniai galiukai u\u017etikrina <strong data-start=\"739\" data-end=\"762\">puik\u0173 si\u016bl\u0173 slydim\u0105<\/strong>, tod\u0117l n\u0117rimas tampa sklandus ir malonus.<\/p>\n<p data-start=\"808\" data-end=\"979\">Visos priemon\u0117s sud\u0117tos \u012f <strong data-start=\"834\" data-end=\"865\">pilkos spalvos tvilio d\u0117kl\u0105<\/strong> su metaline u\u017esegimo saga \u2013 prakti\u0161k\u0105, stiling\u0105 ir puikiai tinkant\u012f tiek kelion\u0117ms, tiek kasdieniam naudojimui.<\/p>\n<p data-start=\"236\" data-end=\"256\"><strong data-start=\"236\" data-end=\"254\">Rinkinyje yra:<\/strong><\/p>\n<ul data-start=\"257\" data-end=\"537\">\n<li data-start=\"257\" data-end=\"425\">\n<p data-start=\"259\" data-end=\"425\"><strong data-start=\"259\" data-end=\"286\">8 ergonominiai v\u0105\u0161eliai<\/strong> su tamsiai pilkos spalvos rankena ir auksiniu galiuku:<br data-start=\"341\" data-end=\"344\" \/>2,00 mm \u00b7 2,20 mm \u00b7 2,50 mm \u00b7 3,00 mm \u00b7 3,50 mm \u00b7 4,00 mm \u00b7 5,00 mm \u00b7 6,00 mm<\/p>\n<\/li>\n<li data-start=\"426\" data-end=\"479\">\n<p data-start=\"428\" data-end=\"479\"><strong data-start=\"428\" data-end=\"455\">Auksu padengtos \u017eirkl\u0117s<\/strong> su originaliu dizainu<\/p>\n<\/li>\n<li data-start=\"480\" data-end=\"537\">\n<p data-start=\"482\" data-end=\"537\"><strong data-start=\"482\" data-end=\"512\">2 plienin\u0117s siuvimo adatos<\/strong> (55 mm ir 70 mm ilgio)<\/p>\n<\/li>\n<\/ul>\n<p data-start=\"981\" data-end=\"1015\"><strong data-start=\"981\" data-end=\"996\">Gamintojas:<\/strong> Tulip (Japonija)<\/p>\n<p data-start=\"1017\" data-end=\"1105\" data-is-last-node=\"\" data-is-only-node=\"\"><strong data-start=\"1017\" data-end=\"1029\">Pastaba:<\/strong> spalv\u0173 atspalviai gali \u0161iek tiek skirtis priklausomai nuo \u012frenginio ekrano.<\/p>\n","protected":false},"excerpt":{"rendered":"<p data-start=\"236\" data-end=\"256\">\n<ul data-start=\"257\" data-end=\"537\">\n<li data-start=\"257\" data-end=\"425\"><\/li>\n<\/ul>\n<p data-start=\"539\" data-end=\"806\">\n","protected":false},"featured_media":4973,"comment_status":"open","ping_status":"closed","template":"","meta":{"_acf_changed":false},"product_brand":[757],"product_cat":[15,19,788],"product_tag":[],"pro-kategorijos":[],"class_list":{"0":"post-4971","1":"product","2":"type-product","3":"status-publish","4":"has-post-thumbnail","6":"product_brand-tulip","7":"product_cat-visi-produktai","8":"product_cat-mezgimo-priemones","9":"product_cat-vaseliu-rinkiniai","11":"first","12":"instock","13":"shipping-taxable","14":"purchasable","15":"product-type-simple"},"acf":[],"yoast_head":"<!-- This site is optimized with the Yoast SEO plugin v26.8 - https:\/\/yoast.com\/product\/yoast-seo-wordpress\/ -->\n<title>Tulip Etimo Silver v\u0105\u0161eli\u0173 rinkinys - Happyinaknit.com<\/title>\n<meta name=\"robots\" content=\"index, follow, max-snippet:-1, max-image-preview:large, max-video-preview:-1\" \/>\n<link rel=\"canonical\" href=\"https:\/\/happyinaknit.com\/lt\/produktas\/tulip-etimo-silver-vaseliu-rinkinys\/\" \/>\n<meta property=\"og:locale\" content=\"lt_LT\" \/>\n<meta property=\"og:type\" content=\"article\" \/>\n<meta property=\"og:title\" content=\"Tulip Etimo Silver v\u0105\u0161eli\u0173 rinkinys - Happyinaknit.com\" \/>\n<meta property=\"og:url\" content=\"https:\/\/happyinaknit.com\/lt\/produktas\/tulip-etimo-silver-vaseliu-rinkinys\/\" \/>\n<meta property=\"og:site_name\" content=\"Happyinaknit.com\" \/>\n<meta property=\"og:image\" content=\"https:\/\/happyinaknit.com\/wp-content\/uploads\/2025\/10\/crochet-hooks-tulip-etimo-premium-gold-set.jpg.webp\" \/>\n\t<meta property=\"og:image:width\" content=\"800\" \/>\n\t<meta property=\"og:image:height\" content=\"800\" \/>\n\t<meta property=\"og:image:type\" content=\"image\/webp\" \/>\n<meta name=\"twitter:card\" content=\"summary_large_image\" \/>\n<meta name=\"twitter:label1\" content=\"Est. reading time\" \/>\n\t<meta name=\"twitter:data1\" content=\"1 minut\u0117\" \/>\n<script type=\"application\/ld+json\" class=\"yoast-schema-graph\">{\"@context\":\"https:\/\/schema.org\",\"@graph\":[{\"@type\":\"WebPage\",\"@id\":\"https:\/\/happyinaknit.com\/produktas\/tulip-etimo-silver-vaseliu-rinkinys\/\",\"url\":\"https:\/\/happyinaknit.com\/produktas\/tulip-etimo-silver-vaseliu-rinkinys\/\",\"name\":\"Tulip Etimo Silver v\u0105\u0161eli\u0173 rinkinys - Happyinaknit.com\",\"isPartOf\":{\"@id\":\"https:\/\/happyinaknit.com\/lt\/#website\"},\"primaryImageOfPage\":{\"@id\":\"https:\/\/happyinaknit.com\/produktas\/tulip-etimo-silver-vaseliu-rinkinys\/#primaryimage\"},\"image\":{\"@id\":\"https:\/\/happyinaknit.com\/produktas\/tulip-etimo-silver-vaseliu-rinkinys\/#primaryimage\"},\"thumbnailUrl\":\"https:\/\/happyinaknit.com\/wp-content\/uploads\/2025\/10\/crochet-hooks-tulip-etimo-premium-gold-set.jpg.webp\",\"datePublished\":\"2025-10-13T22:20:46+00:00\",\"breadcrumb\":{\"@id\":\"https:\/\/happyinaknit.com\/produktas\/tulip-etimo-silver-vaseliu-rinkinys\/#breadcrumb\"},\"inLanguage\":\"lt-LT\",\"potentialAction\":[{\"@type\":\"ReadAction\",\"target\":[\"https:\/\/happyinaknit.com\/produktas\/tulip-etimo-silver-vaseliu-rinkinys\/\"]}]},{\"@type\":\"ImageObject\",\"inLanguage\":\"lt-LT\",\"@id\":\"https:\/\/happyinaknit.com\/produktas\/tulip-etimo-silver-vaseliu-rinkinys\/#primaryimage\",\"url\":\"https:\/\/happyinaknit.com\/wp-content\/uploads\/2025\/10\/crochet-hooks-tulip-etimo-premium-gold-set.jpg.webp\",\"contentUrl\":\"https:\/\/happyinaknit.com\/wp-content\/uploads\/2025\/10\/crochet-hooks-tulip-etimo-premium-gold-set.jpg.webp\",\"width\":800,\"height\":800},{\"@type\":\"BreadcrumbList\",\"@id\":\"https:\/\/happyinaknit.com\/produktas\/tulip-etimo-silver-vaseliu-rinkinys\/#breadcrumb\",\"itemListElement\":[{\"@type\":\"ListItem\",\"position\":1,\"name\":\"Home\",\"item\":\"https:\/\/happyinaknit.com\/lt\/\"},{\"@type\":\"ListItem\",\"position\":2,\"name\":\"Parduotuv\u0117\",\"item\":\"https:\/\/happyinaknit.com\/lt\/parduotuve\/\"},{\"@type\":\"ListItem\",\"position\":3,\"name\":\"Tulip Etimo Silver v\u0105\u0161eli\u0173 rinkinys\"}]},{\"@type\":\"WebSite\",\"@id\":\"https:\/\/happyinaknit.com\/lt\/#website\",\"url\":\"https:\/\/happyinaknit.com\/lt\/\",\"name\":\"Happyinaknit.com\",\"description\":\"\",\"potentialAction\":[{\"@type\":\"SearchAction\",\"target\":{\"@type\":\"EntryPoint\",\"urlTemplate\":\"https:\/\/happyinaknit.com\/lt\/?s={search_term_string}\"},\"query-input\":{\"@type\":\"PropertyValueSpecification\",\"valueRequired\":true,\"valueName\":\"search_term_string\"}}],\"inLanguage\":\"lt-LT\"}]}<\/script>\n<!-- \/ Yoast SEO plugin. -->","yoast_head_json":{"title":"Tulip Etimo Silver v\u0105\u0161eli\u0173 rinkinys - Happyinaknit.com","robots":{"index":"index","follow":"follow","max-snippet":"max-snippet:-1","max-image-preview":"max-image-preview:large","max-video-preview":"max-video-preview:-1"},"canonical":"https:\/\/happyinaknit.com\/lt\/produktas\/tulip-etimo-silver-vaseliu-rinkinys\/","og_locale":"lt_LT","og_type":"article","og_title":"Tulip Etimo Silver v\u0105\u0161eli\u0173 rinkinys - Happyinaknit.com","og_url":"https:\/\/happyinaknit.com\/lt\/produktas\/tulip-etimo-silver-vaseliu-rinkinys\/","og_site_name":"Happyinaknit.com","og_image":[{"width":800,"height":800,"url":"https:\/\/happyinaknit.com\/wp-content\/uploads\/2025\/10\/crochet-hooks-tulip-etimo-premium-gold-set.jpg.webp","type":"image\/webp"}],"twitter_card":"summary_large_image","twitter_misc":{"Est. reading time":"1 minut\u0117"},"schema":{"@context":"https:\/\/schema.org","@graph":[{"@type":"WebPage","@id":"https:\/\/happyinaknit.com\/produktas\/tulip-etimo-silver-vaseliu-rinkinys\/","url":"https:\/\/happyinaknit.com\/produktas\/tulip-etimo-silver-vaseliu-rinkinys\/","name":"Tulip Etimo Silver v\u0105\u0161eli\u0173 rinkinys - Happyinaknit.com","isPartOf":{"@id":"https:\/\/happyinaknit.com\/lt\/#website"},"primaryImageOfPage":{"@id":"https:\/\/happyinaknit.com\/produktas\/tulip-etimo-silver-vaseliu-rinkinys\/#primaryimage"},"image":{"@id":"https:\/\/happyinaknit.com\/produktas\/tulip-etimo-silver-vaseliu-rinkinys\/#primaryimage"},"thumbnailUrl":"https:\/\/happyinaknit.com\/wp-content\/uploads\/2025\/10\/crochet-hooks-tulip-etimo-premium-gold-set.jpg.webp","datePublished":"2025-10-13T22:20:46+00:00","breadcrumb":{"@id":"https:\/\/happyinaknit.com\/produktas\/tulip-etimo-silver-vaseliu-rinkinys\/#breadcrumb"},"inLanguage":"lt-LT","potentialAction":[{"@type":"ReadAction","target":["https:\/\/happyinaknit.com\/produktas\/tulip-etimo-silver-vaseliu-rinkinys\/"]}]},{"@type":"ImageObject","inLanguage":"lt-LT","@id":"https:\/\/happyinaknit.com\/produktas\/tulip-etimo-silver-vaseliu-rinkinys\/#primaryimage","url":"https:\/\/happyinaknit.com\/wp-content\/uploads\/2025\/10\/crochet-hooks-tulip-etimo-premium-gold-set.jpg.webp","contentUrl":"https:\/\/happyinaknit.com\/wp-content\/uploads\/2025\/10\/crochet-hooks-tulip-etimo-premium-gold-set.jpg.webp","width":800,"height":800},{"@type":"BreadcrumbList","@id":"https:\/\/happyinaknit.com\/produktas\/tulip-etimo-silver-vaseliu-rinkinys\/#breadcrumb","itemListElement":[{"@type":"ListItem","position":1,"name":"Home","item":"https:\/\/happyinaknit.com\/lt\/"},{"@type":"ListItem","position":2,"name":"Parduotuv\u0117","item":"https:\/\/happyinaknit.com\/lt\/parduotuve\/"},{"@type":"ListItem","position":3,"name":"Tulip Etimo Silver v\u0105\u0161eli\u0173 rinkinys"}]},{"@type":"WebSite","@id":"https:\/\/happyinaknit.com\/lt\/#website","url":"https:\/\/happyinaknit.com\/lt\/","name":"Happyinaknit.com","description":"","potentialAction":[{"@type":"SearchAction","target":{"@type":"EntryPoint","urlTemplate":"https:\/\/happyinaknit.com\/lt\/?s={search_term_string}"},"query-input":{"@type":"PropertyValueSpecification","valueRequired":true,"valueName":"search_term_string"}}],"inLanguage":"lt-LT"}]}},"_links":{"self":[{"href":"https:\/\/happyinaknit.com\/lt\/wp-json\/wp\/v2\/product\/4971","targetHints":{"allow":["GET"]}}],"collection":[{"href":"https:\/\/happyinaknit.com\/lt\/wp-json\/wp\/v2\/product"}],"about":[{"href":"https:\/\/happyinaknit.com\/lt\/wp-json\/wp\/v2\/types\/product"}],"replies":[{"embeddable":true,"href":"https:\/\/happyinaknit.com\/lt\/wp-json\/wp\/v2\/comments?post=4971"}],"wp:featuredmedia":[{"embeddable":true,"href":"https:\/\/happyinaknit.com\/lt\/wp-json\/wp\/v2\/media\/4973"}],"wp:attachment":[{"href":"https:\/\/happyinaknit.com\/lt\/wp-json\/wp\/v2\/media?parent=4971"}],"wp:term":[{"taxonomy":"product_brand","embeddable":true,"href":"https:\/\/happyinaknit.com\/lt\/wp-json\/wp\/v2\/product_brand?post=4971"},{"taxonomy":"product_cat","embeddable":true,"href":"https:\/\/happyinaknit.com\/lt\/wp-json\/wp\/v2\/product_cat?post=4971"},{"taxonomy":"product_tag","embeddable":true,"href":"https:\/\/happyinaknit.com\/lt\/wp-json\/wp\/v2\/product_tag?post=4971"},{"taxonomy":"pro-kategorijos","embeddable":true,"href":"https:\/\/happyinaknit.com\/lt\/wp-json\/wp\/v2\/pro-kategorijos?post=4971"}],"curies":[{"name":"wp","href":"https:\/\/api.w.org\/{rel}","templated":true}]}}