{"id":4961,"date":"2025-10-13T22:04:26","date_gmt":"2025-10-13T22:04:26","guid":{"rendered":"https:\/\/happyinaknit.com\/?post_type=product&#038;p=4961"},"modified":"2025-11-28T08:37:45","modified_gmt":"2025-11-28T08:37:45","slug":"knitpro-jadore-cubics-deluxe-prisukamu-virbalu-rinkinys-13-cm","status":"publish","type":"product","link":"https:\/\/happyinaknit.com\/lt\/produktas\/knitpro-jadore-cubics-deluxe-prisukamu-virbalu-rinkinys-13-cm\/","title":{"rendered":"Knitpro J\u2019ADORE CUBICS DELUXE prisukam\u0173 virbal\u0173 rinkinys 13 cm"},"content":{"rendered":"<p data-start=\"0\" data-end=\"289\"><strong data-start=\"0\" data-end=\"62\">KnitPro J\u2019adore Cubics Deluxe prisukam\u0173j\u0173 virbal\u0173 rinkinys<\/strong> \u2013 tai i\u0161skirtinis rinkinys, kuris taps tobula dovana tiek sau, tiek kiekvienai mezgimo entuziastei. Eleganti\u0161kas dizainas, kubin\u0117s formos virbalai ir pasukami valai suteikia ne tik gro\u017eio, bet ir nepaprasto patogumo mezgant.<\/p>\n<p data-start=\"639\" data-end=\"957\">\u201eJ\u2019adore Cubics Deluxe\u201c virbalai \u2013 tai unikalus <strong data-start=\"704\" data-end=\"722\">kubin\u0117s formos<\/strong> dizainas, padedantis ma\u017eiau varginti rankas ir pir\u0161tus, tod\u0117l mezgimas tampa lengvesnis net ilg\u0173 projekt\u0173 metu. Kiekvienas virbalas turi \u0161velniai u\u017eapvalintus kampus, tod\u0117l si\u016blai slysta tolygiai, o mezgimo tankumas i\u0161lieka tikslus.<\/p>\n<p data-start=\"959\" data-end=\"1162\">Pasukami <strong data-start=\"968\" data-end=\"982\">360\u00b0 valai<\/strong> u\u017etikrina maksimal\u0173 komfort\u0105 \u2013 jie nesusisuka ir leid\u017eia virbalams jud\u0117ti laisvai.<br data-start=\"1065\" data-end=\"1068\" \/>Stilingas, prabangus d\u0117klas leid\u017eia visk\u0105 laikyti tvarkingai ir patogiai pasiimti su savimi.<\/p>\n<p data-start=\"1164\" data-end=\"1250\">Puikus pasirinkimas tiems, kurie vertina estetik\u0105, ergonomik\u0105 ir auk\u0161\u010diausi\u0105 kokyb\u0119.<\/p>\n<p data-start=\"291\" data-end=\"311\"><strong data-start=\"291\" data-end=\"309\">Rinkinyje yra:<\/strong><\/p>\n<ul data-start=\"312\" data-end=\"637\">\n<li data-start=\"312\" data-end=\"435\">\n<p data-start=\"314\" data-end=\"435\"><strong data-start=\"314\" data-end=\"353\">7 poros prisukam\u0173j\u0173 kubini\u0173 virbal\u0173<\/strong> (ilgis 13 cm):<br data-start=\"368\" data-end=\"371\" \/>4,0 mm \u00b7 4,5 mm \u00b7 5,0 mm \u00b7 5,5 mm \u00b7 6,0 mm \u00b7 7,0 mm \u00b7 8,0 mm<\/p>\n<\/li>\n<li data-start=\"436\" data-end=\"544\">\n<p data-start=\"438\" data-end=\"544\"><strong data-start=\"438\" data-end=\"465\">4 pasukami valai (360\u00b0)<\/strong> i\u0161 ner\u016bdijan\u010dio plieno su nailono danga:<br data-start=\"506\" data-end=\"509\" \/>60 cm \u00b7 80 cm (2 vnt.) \u00b7 100 cm<\/p>\n<\/li>\n<li data-start=\"545\" data-end=\"564\">\n<p data-start=\"547\" data-end=\"564\"><strong data-start=\"547\" data-end=\"562\">8 antgaliai<\/strong><\/p>\n<\/li>\n<li data-start=\"565\" data-end=\"594\">\n<p data-start=\"567\" data-end=\"594\"><strong data-start=\"567\" data-end=\"592\">4 u\u017ever\u017eimo rakteliai<\/strong><\/p>\n<\/li>\n<li data-start=\"595\" data-end=\"637\">\n<p data-start=\"597\" data-end=\"637\"><strong data-start=\"597\" data-end=\"635\">1 jung\u010di\u0173 rinkinys valams sujungti<\/strong><\/p>\n<\/li>\n<\/ul>\n<p data-start=\"1252\" data-end=\"1277\"><strong data-start=\"1252\" data-end=\"1267\">Gamintojas:<\/strong> KnitPro<\/p>\n<p data-start=\"1279\" data-end=\"1367\" data-is-last-node=\"\" data-is-only-node=\"\"><strong data-start=\"1279\" data-end=\"1291\">Pastaba:<\/strong> spalv\u0173 atspalviai gali \u0161iek tiek skirtis priklausomai nuo \u012frenginio ekrano.<\/p>\n","protected":false},"excerpt":{"rendered":"<p>KnitPro J\u2019adore Cubics Deluxe prisukam\u0173j\u0173 virbal\u0173 rinkinys \u2013 tai i\u0161skirtinis rinkinys, kuris taps tobula dovana tiek sau, tiek kiekvienai mezgimo entuziastei. Eleganti\u0161kas dizainas, kubin\u0117s formos virbalai ir pasukami valai suteikia ne tik gro\u017eio, bet ir nepaprasto patogumo mezgant. \u201eJ\u2019adore Cubics Deluxe\u201c virbalai \u2013 tai unikalus kubin\u0117s formos dizainas, padedantis ma\u017eiau varginti rankas ir pir\u0161tus, tod\u0117l [&hellip;]<\/p>\n","protected":false},"featured_media":4965,"comment_status":"open","ping_status":"closed","template":"","meta":{"_acf_changed":false},"product_brand":[1069],"product_cat":[15,19,861],"product_tag":[],"pro-kategorijos":[],"class_list":{"0":"post-4961","1":"product","2":"type-product","3":"status-publish","4":"has-post-thumbnail","6":"product_brand-knitpro","7":"product_cat-visi-produktai","8":"product_cat-mezgimo-priemones","9":"product_cat-virbalu-rinkiniai","11":"first","12":"outofstock","13":"shipping-taxable","14":"purchasable","15":"product-type-simple"},"acf":[],"yoast_head":"<!-- This site is optimized with the Yoast SEO plugin v26.8 - https:\/\/yoast.com\/product\/yoast-seo-wordpress\/ -->\n<title>Knitpro J\u2019ADORE CUBICS DELUXE prisukam\u0173 virbal\u0173 rinkinys 13 cm - Happyinaknit.com<\/title>\n<meta name=\"robots\" content=\"index, follow, max-snippet:-1, max-image-preview:large, max-video-preview:-1\" \/>\n<link rel=\"canonical\" href=\"https:\/\/happyinaknit.com\/lt\/produktas\/knitpro-jadore-cubics-deluxe-prisukamu-virbalu-rinkinys-13-cm\/\" \/>\n<meta property=\"og:locale\" content=\"lt_LT\" \/>\n<meta property=\"og:type\" content=\"article\" \/>\n<meta property=\"og:title\" content=\"Knitpro J\u2019ADORE CUBICS DELUXE prisukam\u0173 virbal\u0173 rinkinys 13 cm - Happyinaknit.com\" \/>\n<meta property=\"og:description\" content=\"KnitPro J\u2019adore Cubics Deluxe prisukam\u0173j\u0173 virbal\u0173 rinkinys \u2013 tai i\u0161skirtinis rinkinys, kuris taps tobula dovana tiek sau, tiek kiekvienai mezgimo entuziastei. Eleganti\u0161kas dizainas, kubin\u0117s formos virbalai ir pasukami valai suteikia ne tik gro\u017eio, bet ir nepaprasto patogumo mezgant. \u201eJ\u2019adore Cubics Deluxe\u201c virbalai \u2013 tai unikalus kubin\u0117s formos dizainas, padedantis ma\u017eiau varginti rankas ir pir\u0161tus, tod\u0117l [&hellip;]\" \/>\n<meta property=\"og:url\" content=\"https:\/\/happyinaknit.com\/lt\/produktas\/knitpro-jadore-cubics-deluxe-prisukamu-virbalu-rinkinys-13-cm\/\" \/>\n<meta property=\"og:site_name\" content=\"Happyinaknit.com\" \/>\n<meta property=\"article:modified_time\" content=\"2025-11-28T08:37:45+00:00\" \/>\n<meta property=\"og:image\" content=\"https:\/\/happyinaknit.com\/wp-content\/uploads\/2025\/10\/jadore-cubics-interchangeable-deluxe-set-13cm-2.webp\" \/>\n\t<meta property=\"og:image:width\" content=\"500\" \/>\n\t<meta property=\"og:image:height\" content=\"500\" \/>\n\t<meta property=\"og:image:type\" content=\"image\/webp\" \/>\n<meta name=\"twitter:card\" content=\"summary_large_image\" \/>\n<meta name=\"twitter:label1\" content=\"Est. reading time\" \/>\n\t<meta name=\"twitter:data1\" content=\"1 minut\u0117\" \/>\n<script type=\"application\/ld+json\" class=\"yoast-schema-graph\">{\"@context\":\"https:\/\/schema.org\",\"@graph\":[{\"@type\":\"WebPage\",\"@id\":\"https:\/\/happyinaknit.com\/produktas\/knitpro-jadore-cubics-deluxe-prisukamu-virbalu-rinkinys-13-cm\/\",\"url\":\"https:\/\/happyinaknit.com\/produktas\/knitpro-jadore-cubics-deluxe-prisukamu-virbalu-rinkinys-13-cm\/\",\"name\":\"Knitpro J\u2019ADORE CUBICS DELUXE prisukam\u0173 virbal\u0173 rinkinys 13 cm - Happyinaknit.com\",\"isPartOf\":{\"@id\":\"https:\/\/happyinaknit.com\/lt\/#website\"},\"primaryImageOfPage\":{\"@id\":\"https:\/\/happyinaknit.com\/produktas\/knitpro-jadore-cubics-deluxe-prisukamu-virbalu-rinkinys-13-cm\/#primaryimage\"},\"image\":{\"@id\":\"https:\/\/happyinaknit.com\/produktas\/knitpro-jadore-cubics-deluxe-prisukamu-virbalu-rinkinys-13-cm\/#primaryimage\"},\"thumbnailUrl\":\"https:\/\/happyinaknit.com\/wp-content\/uploads\/2025\/10\/jadore-cubics-interchangeable-deluxe-set-13cm-2.webp\",\"datePublished\":\"2025-10-13T22:04:26+00:00\",\"dateModified\":\"2025-11-28T08:37:45+00:00\",\"breadcrumb\":{\"@id\":\"https:\/\/happyinaknit.com\/produktas\/knitpro-jadore-cubics-deluxe-prisukamu-virbalu-rinkinys-13-cm\/#breadcrumb\"},\"inLanguage\":\"lt-LT\",\"potentialAction\":[{\"@type\":\"ReadAction\",\"target\":[\"https:\/\/happyinaknit.com\/produktas\/knitpro-jadore-cubics-deluxe-prisukamu-virbalu-rinkinys-13-cm\/\"]}]},{\"@type\":\"ImageObject\",\"inLanguage\":\"lt-LT\",\"@id\":\"https:\/\/happyinaknit.com\/produktas\/knitpro-jadore-cubics-deluxe-prisukamu-virbalu-rinkinys-13-cm\/#primaryimage\",\"url\":\"https:\/\/happyinaknit.com\/wp-content\/uploads\/2025\/10\/jadore-cubics-interchangeable-deluxe-set-13cm-2.webp\",\"contentUrl\":\"https:\/\/happyinaknit.com\/wp-content\/uploads\/2025\/10\/jadore-cubics-interchangeable-deluxe-set-13cm-2.webp\",\"width\":500,\"height\":500},{\"@type\":\"BreadcrumbList\",\"@id\":\"https:\/\/happyinaknit.com\/produktas\/knitpro-jadore-cubics-deluxe-prisukamu-virbalu-rinkinys-13-cm\/#breadcrumb\",\"itemListElement\":[{\"@type\":\"ListItem\",\"position\":1,\"name\":\"Home\",\"item\":\"https:\/\/happyinaknit.com\/lt\/\"},{\"@type\":\"ListItem\",\"position\":2,\"name\":\"Parduotuv\u0117\",\"item\":\"https:\/\/happyinaknit.com\/lt\/parduotuve\/\"},{\"@type\":\"ListItem\",\"position\":3,\"name\":\"Knitpro J\u2019ADORE CUBICS DELUXE prisukam\u0173 virbal\u0173 rinkinys 13 cm\"}]},{\"@type\":\"WebSite\",\"@id\":\"https:\/\/happyinaknit.com\/lt\/#website\",\"url\":\"https:\/\/happyinaknit.com\/lt\/\",\"name\":\"Happyinaknit.com\",\"description\":\"\",\"potentialAction\":[{\"@type\":\"SearchAction\",\"target\":{\"@type\":\"EntryPoint\",\"urlTemplate\":\"https:\/\/happyinaknit.com\/lt\/?s={search_term_string}\"},\"query-input\":{\"@type\":\"PropertyValueSpecification\",\"valueRequired\":true,\"valueName\":\"search_term_string\"}}],\"inLanguage\":\"lt-LT\"}]}<\/script>\n<!-- \/ Yoast SEO plugin. -->","yoast_head_json":{"title":"Knitpro J\u2019ADORE CUBICS DELUXE prisukam\u0173 virbal\u0173 rinkinys 13 cm - Happyinaknit.com","robots":{"index":"index","follow":"follow","max-snippet":"max-snippet:-1","max-image-preview":"max-image-preview:large","max-video-preview":"max-video-preview:-1"},"canonical":"https:\/\/happyinaknit.com\/lt\/produktas\/knitpro-jadore-cubics-deluxe-prisukamu-virbalu-rinkinys-13-cm\/","og_locale":"lt_LT","og_type":"article","og_title":"Knitpro J\u2019ADORE CUBICS DELUXE prisukam\u0173 virbal\u0173 rinkinys 13 cm - Happyinaknit.com","og_description":"KnitPro J\u2019adore Cubics Deluxe prisukam\u0173j\u0173 virbal\u0173 rinkinys \u2013 tai i\u0161skirtinis rinkinys, kuris taps tobula dovana tiek sau, tiek kiekvienai mezgimo entuziastei. Eleganti\u0161kas dizainas, kubin\u0117s formos virbalai ir pasukami valai suteikia ne tik gro\u017eio, bet ir nepaprasto patogumo mezgant. \u201eJ\u2019adore Cubics Deluxe\u201c virbalai \u2013 tai unikalus kubin\u0117s formos dizainas, padedantis ma\u017eiau varginti rankas ir pir\u0161tus, tod\u0117l [&hellip;]","og_url":"https:\/\/happyinaknit.com\/lt\/produktas\/knitpro-jadore-cubics-deluxe-prisukamu-virbalu-rinkinys-13-cm\/","og_site_name":"Happyinaknit.com","article_modified_time":"2025-11-28T08:37:45+00:00","og_image":[{"width":500,"height":500,"url":"https:\/\/happyinaknit.com\/wp-content\/uploads\/2025\/10\/jadore-cubics-interchangeable-deluxe-set-13cm-2.webp","type":"image\/webp"}],"twitter_card":"summary_large_image","twitter_misc":{"Est. reading time":"1 minut\u0117"},"schema":{"@context":"https:\/\/schema.org","@graph":[{"@type":"WebPage","@id":"https:\/\/happyinaknit.com\/produktas\/knitpro-jadore-cubics-deluxe-prisukamu-virbalu-rinkinys-13-cm\/","url":"https:\/\/happyinaknit.com\/produktas\/knitpro-jadore-cubics-deluxe-prisukamu-virbalu-rinkinys-13-cm\/","name":"Knitpro J\u2019ADORE CUBICS DELUXE prisukam\u0173 virbal\u0173 rinkinys 13 cm - Happyinaknit.com","isPartOf":{"@id":"https:\/\/happyinaknit.com\/lt\/#website"},"primaryImageOfPage":{"@id":"https:\/\/happyinaknit.com\/produktas\/knitpro-jadore-cubics-deluxe-prisukamu-virbalu-rinkinys-13-cm\/#primaryimage"},"image":{"@id":"https:\/\/happyinaknit.com\/produktas\/knitpro-jadore-cubics-deluxe-prisukamu-virbalu-rinkinys-13-cm\/#primaryimage"},"thumbnailUrl":"https:\/\/happyinaknit.com\/wp-content\/uploads\/2025\/10\/jadore-cubics-interchangeable-deluxe-set-13cm-2.webp","datePublished":"2025-10-13T22:04:26+00:00","dateModified":"2025-11-28T08:37:45+00:00","breadcrumb":{"@id":"https:\/\/happyinaknit.com\/produktas\/knitpro-jadore-cubics-deluxe-prisukamu-virbalu-rinkinys-13-cm\/#breadcrumb"},"inLanguage":"lt-LT","potentialAction":[{"@type":"ReadAction","target":["https:\/\/happyinaknit.com\/produktas\/knitpro-jadore-cubics-deluxe-prisukamu-virbalu-rinkinys-13-cm\/"]}]},{"@type":"ImageObject","inLanguage":"lt-LT","@id":"https:\/\/happyinaknit.com\/produktas\/knitpro-jadore-cubics-deluxe-prisukamu-virbalu-rinkinys-13-cm\/#primaryimage","url":"https:\/\/happyinaknit.com\/wp-content\/uploads\/2025\/10\/jadore-cubics-interchangeable-deluxe-set-13cm-2.webp","contentUrl":"https:\/\/happyinaknit.com\/wp-content\/uploads\/2025\/10\/jadore-cubics-interchangeable-deluxe-set-13cm-2.webp","width":500,"height":500},{"@type":"BreadcrumbList","@id":"https:\/\/happyinaknit.com\/produktas\/knitpro-jadore-cubics-deluxe-prisukamu-virbalu-rinkinys-13-cm\/#breadcrumb","itemListElement":[{"@type":"ListItem","position":1,"name":"Home","item":"https:\/\/happyinaknit.com\/lt\/"},{"@type":"ListItem","position":2,"name":"Parduotuv\u0117","item":"https:\/\/happyinaknit.com\/lt\/parduotuve\/"},{"@type":"ListItem","position":3,"name":"Knitpro J\u2019ADORE CUBICS DELUXE prisukam\u0173 virbal\u0173 rinkinys 13 cm"}]},{"@type":"WebSite","@id":"https:\/\/happyinaknit.com\/lt\/#website","url":"https:\/\/happyinaknit.com\/lt\/","name":"Happyinaknit.com","description":"","potentialAction":[{"@type":"SearchAction","target":{"@type":"EntryPoint","urlTemplate":"https:\/\/happyinaknit.com\/lt\/?s={search_term_string}"},"query-input":{"@type":"PropertyValueSpecification","valueRequired":true,"valueName":"search_term_string"}}],"inLanguage":"lt-LT"}]}},"_links":{"self":[{"href":"https:\/\/happyinaknit.com\/lt\/wp-json\/wp\/v2\/product\/4961","targetHints":{"allow":["GET"]}}],"collection":[{"href":"https:\/\/happyinaknit.com\/lt\/wp-json\/wp\/v2\/product"}],"about":[{"href":"https:\/\/happyinaknit.com\/lt\/wp-json\/wp\/v2\/types\/product"}],"replies":[{"embeddable":true,"href":"https:\/\/happyinaknit.com\/lt\/wp-json\/wp\/v2\/comments?post=4961"}],"wp:featuredmedia":[{"embeddable":true,"href":"https:\/\/happyinaknit.com\/lt\/wp-json\/wp\/v2\/media\/4965"}],"wp:attachment":[{"href":"https:\/\/happyinaknit.com\/lt\/wp-json\/wp\/v2\/media?parent=4961"}],"wp:term":[{"taxonomy":"product_brand","embeddable":true,"href":"https:\/\/happyinaknit.com\/lt\/wp-json\/wp\/v2\/product_brand?post=4961"},{"taxonomy":"product_cat","embeddable":true,"href":"https:\/\/happyinaknit.com\/lt\/wp-json\/wp\/v2\/product_cat?post=4961"},{"taxonomy":"product_tag","embeddable":true,"href":"https:\/\/happyinaknit.com\/lt\/wp-json\/wp\/v2\/product_tag?post=4961"},{"taxonomy":"pro-kategorijos","embeddable":true,"href":"https:\/\/happyinaknit.com\/lt\/wp-json\/wp\/v2\/pro-kategorijos?post=4961"}],"curies":[{"name":"wp","href":"https:\/\/api.w.org\/{rel}","templated":true}]}}