{"id":4953,"date":"2025-10-13T21:54:55","date_gmt":"2025-10-13T21:54:55","guid":{"rendered":"https:\/\/happyinaknit.com\/?post_type=product&#038;p=4953"},"modified":"2025-10-24T18:57:19","modified_gmt":"2025-10-24T18:57:19","slug":"knitpro-self-love-prisukamu-virbalu-rinkinys-13-cm","status":"publish","type":"product","link":"https:\/\/happyinaknit.com\/lt\/produktas\/knitpro-self-love-prisukamu-virbalu-rinkinys-13-cm\/","title":{"rendered":"Knitpro Self Love prisukam\u0173 virbal\u0173 rinkinys 13 cm"},"content":{"rendered":"<div class=\"flex max-w-full flex-col grow\">\n<div class=\"min-h-8 text-message relative flex w-full flex-col items-end gap-2 text-start break-words whitespace-normal [.text-message+&amp;]:mt-1\" dir=\"auto\" data-message-author-role=\"assistant\" data-message-id=\"7e33592a-47b5-46cb-8914-b618c38a9d03\" data-message-model-slug=\"gpt-5\">\n<div class=\"flex w-full flex-col gap-1 empty:hidden first:pt-[1px]\">\n<div class=\"markdown prose dark:prose-invert w-full break-words light markdown-new-styling\">\n<p data-start=\"0\" data-end=\"301\"><strong data-start=\"0\" data-end=\"50\">KnitPro Self Love prisukam\u0173j\u0173 virbal\u0173 rinkinys<\/strong> \u2013 tai prabangus, stilingas ir apgalvotas rinkinys, sukurtas tikriems mezgimo myl\u0117tojams. Eleganti\u0161kas dizainas, glotn\u016bs mediniai virbalai, mink\u0161ti valai ir kruop\u0161\u010diai apgalvotos detal\u0117s paver\u010dia \u0161\u012f rinkin\u012f tobulu pasirinkimu tiek sau, tiek dovanai.<\/p>\n<p data-start=\"303\" data-end=\"400\">Rinkinys pateiktas <strong data-start=\"322\" data-end=\"345\">knygos formos d\u0117kle<\/strong>, tod\u0117l atrodo itin i\u0161skirtinai ir patogiai laikomas.<\/p>\n<p data-start=\"402\" data-end=\"422\"><strong data-start=\"402\" data-end=\"420\">Rinkinyje yra:<\/strong><\/p>\n<ul data-start=\"423\" data-end=\"932\">\n<li data-start=\"423\" data-end=\"573\">\n<p data-start=\"425\" data-end=\"573\"><strong data-start=\"425\" data-end=\"475\">8 poros medini\u0173 prisukam\u0173j\u0173 virbal\u0173 \u201eSymfonie\u201c<\/strong> pastelini\u0173 atspalvi\u0173:<br data-start=\"497\" data-end=\"500\" \/>3,5 mm \u00b7 4,0 mm \u00b7 4,5 mm \u00b7 5,0 mm \u00b7 5,5 mm \u00b7 6,0 mm \u00b7 7,0 mm \u00b7 8,0 mm<\/p>\n<\/li>\n<li data-start=\"574\" data-end=\"665\">\n<p data-start=\"576\" data-end=\"665\"><strong data-start=\"576\" data-end=\"627\">4 juodi ner\u016bdijan\u010dio plieno valai be atminties:<\/strong><br data-start=\"627\" data-end=\"630\" \/>60 cm \u00b7 80 cm (2 vnt.) \u00b7 100 cm<\/p>\n<\/li>\n<li data-start=\"666\" data-end=\"685\">\n<p data-start=\"668\" data-end=\"685\"><strong data-start=\"668\" data-end=\"683\">4 antgaliai<\/strong><\/p>\n<\/li>\n<li data-start=\"686\" data-end=\"715\">\n<p data-start=\"688\" data-end=\"715\"><strong data-start=\"688\" data-end=\"713\">4 u\u017ever\u017eimo rakteliai<\/strong><\/p>\n<\/li>\n<li data-start=\"716\" data-end=\"749\">\n<p data-start=\"718\" data-end=\"749\"><strong data-start=\"718\" data-end=\"747\">2 jungtys valams sujungti<\/strong><\/p>\n<\/li>\n<li data-start=\"750\" data-end=\"841\">\n<p data-start=\"752\" data-end=\"841\"><strong data-start=\"752\" data-end=\"774\">2 prabang\u016bs d\u0117klai<\/strong> i\u0161 dirbtin\u0117s zom\u0161os pastelini\u0173 spalv\u0173 smulkiems daiktams laikyti<\/p>\n<\/li>\n<li data-start=\"842\" data-end=\"886\">\n<p data-start=\"844\" data-end=\"886\"><strong data-start=\"844\" data-end=\"884\">U\u017era\u0161\u0173 knygel\u0117 \/ mezgimo dienora\u0161tis<\/strong><\/p>\n<\/li>\n<li data-start=\"887\" data-end=\"932\">\n<p data-start=\"889\" data-end=\"932\"><strong data-start=\"889\" data-end=\"930\">Nerta g\u0117lyt\u0117s formos knygos skirtukas<\/strong><\/p>\n<\/li>\n<\/ul>\n<p data-start=\"1448\" data-end=\"1481\"><strong data-start=\"1448\" data-end=\"1463\">Gamintojas:<\/strong> KnitPro, Indija<\/p>\n<p data-start=\"1483\" data-end=\"1571\" data-is-last-node=\"\" data-is-only-node=\"\"><strong data-start=\"1483\" data-end=\"1495\">Pastaba:<\/strong> spalv\u0173 atspalviai gali \u0161iek tiek skirtis priklausomai nuo \u012frenginio ekrano.<\/p>\n<\/div>\n<\/div>\n<\/div>\n<\/div>\n<div class=\"z-0 flex min-h-[46px] justify-start\"><\/div>\n<div class=\"mt-3 w-full empty:hidden\">\n<div class=\"text-center\">\n<div class=\"mx-auto\">\n<div>\n<div class=\"inline-flex rounded-xl border border-gray-100 dark:border-gray-700\">\n<div class=\"me-12 flex items-center px-4 py-3 text-start\"><\/div>\n<\/div>\n<\/div>\n<\/div>\n<\/div>\n<\/div>\n","protected":false},"excerpt":{"rendered":"<p>KnitPro Self Love prisukam\u0173j\u0173 virbal\u0173 rinkinys \u2013 tai prabangus, stilingas ir apgalvotas rinkinys, sukurtas tikriems mezgimo myl\u0117tojams. Eleganti\u0161kas dizainas, glotn\u016bs mediniai virbalai, mink\u0161ti valai ir kruop\u0161\u010diai apgalvotos detal\u0117s paver\u010dia \u0161\u012f rinkin\u012f tobulu pasirinkimu tiek sau, tiek dovanai. Rinkinys pateiktas knygos formos d\u0117kle, tod\u0117l atrodo itin i\u0161skirtinai ir patogiai laikomas. Rinkinyje yra: 8 poros medini\u0173 prisukam\u0173j\u0173 [&hellip;]<\/p>\n","protected":false},"featured_media":4960,"comment_status":"open","ping_status":"closed","template":"","meta":{"_acf_changed":false},"product_brand":[1069],"product_cat":[15,19,861],"product_tag":[],"pro-kategorijos":[],"class_list":{"0":"post-4953","1":"product","2":"type-product","3":"status-publish","4":"has-post-thumbnail","6":"product_brand-knitpro","7":"product_cat-visi-produktai","8":"product_cat-mezgimo-priemones","9":"product_cat-virbalu-rinkiniai","11":"first","12":"instock","13":"shipping-taxable","14":"purchasable","15":"product-type-simple"},"acf":[],"yoast_head":"<!-- This site is optimized with the Yoast SEO plugin v26.8 - https:\/\/yoast.com\/product\/yoast-seo-wordpress\/ -->\n<title>Knitpro Self Love prisukam\u0173 virbal\u0173 rinkinys 13 cm - Happyinaknit.com<\/title>\n<meta name=\"robots\" content=\"index, follow, max-snippet:-1, max-image-preview:large, max-video-preview:-1\" \/>\n<link rel=\"canonical\" href=\"https:\/\/happyinaknit.com\/lt\/produktas\/knitpro-self-love-prisukamu-virbalu-rinkinys-13-cm\/\" \/>\n<meta property=\"og:locale\" content=\"lt_LT\" \/>\n<meta property=\"og:type\" content=\"article\" \/>\n<meta property=\"og:title\" content=\"Knitpro Self Love prisukam\u0173 virbal\u0173 rinkinys 13 cm - Happyinaknit.com\" \/>\n<meta property=\"og:description\" content=\"KnitPro Self Love prisukam\u0173j\u0173 virbal\u0173 rinkinys \u2013 tai prabangus, stilingas ir apgalvotas rinkinys, sukurtas tikriems mezgimo myl\u0117tojams. Eleganti\u0161kas dizainas, glotn\u016bs mediniai virbalai, mink\u0161ti valai ir kruop\u0161\u010diai apgalvotos detal\u0117s paver\u010dia \u0161\u012f rinkin\u012f tobulu pasirinkimu tiek sau, tiek dovanai. Rinkinys pateiktas knygos formos d\u0117kle, tod\u0117l atrodo itin i\u0161skirtinai ir patogiai laikomas. Rinkinyje yra: 8 poros medini\u0173 prisukam\u0173j\u0173 [&hellip;]\" \/>\n<meta property=\"og:url\" content=\"https:\/\/happyinaknit.com\/lt\/produktas\/knitpro-self-love-prisukamu-virbalu-rinkinys-13-cm\/\" \/>\n<meta property=\"og:site_name\" content=\"Happyinaknit.com\" \/>\n<meta property=\"article:modified_time\" content=\"2025-10-24T18:57:19+00:00\" \/>\n<meta property=\"og:image\" content=\"https:\/\/happyinaknit.com\/wp-content\/uploads\/2025\/10\/IMG_9702-1.jpg\" \/>\n\t<meta property=\"og:image:width\" content=\"1269\" \/>\n\t<meta property=\"og:image:height\" content=\"1183\" \/>\n\t<meta property=\"og:image:type\" content=\"image\/jpeg\" \/>\n<meta name=\"twitter:card\" content=\"summary_large_image\" \/>\n<meta name=\"twitter:label1\" content=\"Est. reading time\" \/>\n\t<meta name=\"twitter:data1\" content=\"1 minut\u0117\" \/>\n<script type=\"application\/ld+json\" class=\"yoast-schema-graph\">{\"@context\":\"https:\/\/schema.org\",\"@graph\":[{\"@type\":\"WebPage\",\"@id\":\"https:\/\/happyinaknit.com\/produktas\/knitpro-self-love-prisukamu-virbalu-rinkinys-13-cm\/\",\"url\":\"https:\/\/happyinaknit.com\/produktas\/knitpro-self-love-prisukamu-virbalu-rinkinys-13-cm\/\",\"name\":\"Knitpro Self Love prisukam\u0173 virbal\u0173 rinkinys 13 cm - Happyinaknit.com\",\"isPartOf\":{\"@id\":\"https:\/\/happyinaknit.com\/lt\/#website\"},\"primaryImageOfPage\":{\"@id\":\"https:\/\/happyinaknit.com\/produktas\/knitpro-self-love-prisukamu-virbalu-rinkinys-13-cm\/#primaryimage\"},\"image\":{\"@id\":\"https:\/\/happyinaknit.com\/produktas\/knitpro-self-love-prisukamu-virbalu-rinkinys-13-cm\/#primaryimage\"},\"thumbnailUrl\":\"https:\/\/happyinaknit.com\/wp-content\/uploads\/2025\/10\/IMG_9702-1.jpg\",\"datePublished\":\"2025-10-13T21:54:55+00:00\",\"dateModified\":\"2025-10-24T18:57:19+00:00\",\"breadcrumb\":{\"@id\":\"https:\/\/happyinaknit.com\/produktas\/knitpro-self-love-prisukamu-virbalu-rinkinys-13-cm\/#breadcrumb\"},\"inLanguage\":\"lt-LT\",\"potentialAction\":[{\"@type\":\"ReadAction\",\"target\":[\"https:\/\/happyinaknit.com\/produktas\/knitpro-self-love-prisukamu-virbalu-rinkinys-13-cm\/\"]}]},{\"@type\":\"ImageObject\",\"inLanguage\":\"lt-LT\",\"@id\":\"https:\/\/happyinaknit.com\/produktas\/knitpro-self-love-prisukamu-virbalu-rinkinys-13-cm\/#primaryimage\",\"url\":\"https:\/\/happyinaknit.com\/wp-content\/uploads\/2025\/10\/IMG_9702-1.jpg\",\"contentUrl\":\"https:\/\/happyinaknit.com\/wp-content\/uploads\/2025\/10\/IMG_9702-1.jpg\",\"width\":1269,\"height\":1183},{\"@type\":\"BreadcrumbList\",\"@id\":\"https:\/\/happyinaknit.com\/produktas\/knitpro-self-love-prisukamu-virbalu-rinkinys-13-cm\/#breadcrumb\",\"itemListElement\":[{\"@type\":\"ListItem\",\"position\":1,\"name\":\"Home\",\"item\":\"https:\/\/happyinaknit.com\/lt\/\"},{\"@type\":\"ListItem\",\"position\":2,\"name\":\"Parduotuv\u0117\",\"item\":\"https:\/\/happyinaknit.com\/lt\/parduotuve\/\"},{\"@type\":\"ListItem\",\"position\":3,\"name\":\"Knitpro Self Love prisukam\u0173 virbal\u0173 rinkinys 13 cm\"}]},{\"@type\":\"WebSite\",\"@id\":\"https:\/\/happyinaknit.com\/lt\/#website\",\"url\":\"https:\/\/happyinaknit.com\/lt\/\",\"name\":\"Happyinaknit.com\",\"description\":\"\",\"potentialAction\":[{\"@type\":\"SearchAction\",\"target\":{\"@type\":\"EntryPoint\",\"urlTemplate\":\"https:\/\/happyinaknit.com\/lt\/?s={search_term_string}\"},\"query-input\":{\"@type\":\"PropertyValueSpecification\",\"valueRequired\":true,\"valueName\":\"search_term_string\"}}],\"inLanguage\":\"lt-LT\"}]}<\/script>\n<!-- \/ Yoast SEO plugin. -->","yoast_head_json":{"title":"Knitpro Self Love prisukam\u0173 virbal\u0173 rinkinys 13 cm - Happyinaknit.com","robots":{"index":"index","follow":"follow","max-snippet":"max-snippet:-1","max-image-preview":"max-image-preview:large","max-video-preview":"max-video-preview:-1"},"canonical":"https:\/\/happyinaknit.com\/lt\/produktas\/knitpro-self-love-prisukamu-virbalu-rinkinys-13-cm\/","og_locale":"lt_LT","og_type":"article","og_title":"Knitpro Self Love prisukam\u0173 virbal\u0173 rinkinys 13 cm - Happyinaknit.com","og_description":"KnitPro Self Love prisukam\u0173j\u0173 virbal\u0173 rinkinys \u2013 tai prabangus, stilingas ir apgalvotas rinkinys, sukurtas tikriems mezgimo myl\u0117tojams. Eleganti\u0161kas dizainas, glotn\u016bs mediniai virbalai, mink\u0161ti valai ir kruop\u0161\u010diai apgalvotos detal\u0117s paver\u010dia \u0161\u012f rinkin\u012f tobulu pasirinkimu tiek sau, tiek dovanai. Rinkinys pateiktas knygos formos d\u0117kle, tod\u0117l atrodo itin i\u0161skirtinai ir patogiai laikomas. Rinkinyje yra: 8 poros medini\u0173 prisukam\u0173j\u0173 [&hellip;]","og_url":"https:\/\/happyinaknit.com\/lt\/produktas\/knitpro-self-love-prisukamu-virbalu-rinkinys-13-cm\/","og_site_name":"Happyinaknit.com","article_modified_time":"2025-10-24T18:57:19+00:00","og_image":[{"width":1269,"height":1183,"url":"https:\/\/happyinaknit.com\/wp-content\/uploads\/2025\/10\/IMG_9702-1.jpg","type":"image\/jpeg"}],"twitter_card":"summary_large_image","twitter_misc":{"Est. reading time":"1 minut\u0117"},"schema":{"@context":"https:\/\/schema.org","@graph":[{"@type":"WebPage","@id":"https:\/\/happyinaknit.com\/produktas\/knitpro-self-love-prisukamu-virbalu-rinkinys-13-cm\/","url":"https:\/\/happyinaknit.com\/produktas\/knitpro-self-love-prisukamu-virbalu-rinkinys-13-cm\/","name":"Knitpro Self Love prisukam\u0173 virbal\u0173 rinkinys 13 cm - Happyinaknit.com","isPartOf":{"@id":"https:\/\/happyinaknit.com\/lt\/#website"},"primaryImageOfPage":{"@id":"https:\/\/happyinaknit.com\/produktas\/knitpro-self-love-prisukamu-virbalu-rinkinys-13-cm\/#primaryimage"},"image":{"@id":"https:\/\/happyinaknit.com\/produktas\/knitpro-self-love-prisukamu-virbalu-rinkinys-13-cm\/#primaryimage"},"thumbnailUrl":"https:\/\/happyinaknit.com\/wp-content\/uploads\/2025\/10\/IMG_9702-1.jpg","datePublished":"2025-10-13T21:54:55+00:00","dateModified":"2025-10-24T18:57:19+00:00","breadcrumb":{"@id":"https:\/\/happyinaknit.com\/produktas\/knitpro-self-love-prisukamu-virbalu-rinkinys-13-cm\/#breadcrumb"},"inLanguage":"lt-LT","potentialAction":[{"@type":"ReadAction","target":["https:\/\/happyinaknit.com\/produktas\/knitpro-self-love-prisukamu-virbalu-rinkinys-13-cm\/"]}]},{"@type":"ImageObject","inLanguage":"lt-LT","@id":"https:\/\/happyinaknit.com\/produktas\/knitpro-self-love-prisukamu-virbalu-rinkinys-13-cm\/#primaryimage","url":"https:\/\/happyinaknit.com\/wp-content\/uploads\/2025\/10\/IMG_9702-1.jpg","contentUrl":"https:\/\/happyinaknit.com\/wp-content\/uploads\/2025\/10\/IMG_9702-1.jpg","width":1269,"height":1183},{"@type":"BreadcrumbList","@id":"https:\/\/happyinaknit.com\/produktas\/knitpro-self-love-prisukamu-virbalu-rinkinys-13-cm\/#breadcrumb","itemListElement":[{"@type":"ListItem","position":1,"name":"Home","item":"https:\/\/happyinaknit.com\/lt\/"},{"@type":"ListItem","position":2,"name":"Parduotuv\u0117","item":"https:\/\/happyinaknit.com\/lt\/parduotuve\/"},{"@type":"ListItem","position":3,"name":"Knitpro Self Love prisukam\u0173 virbal\u0173 rinkinys 13 cm"}]},{"@type":"WebSite","@id":"https:\/\/happyinaknit.com\/lt\/#website","url":"https:\/\/happyinaknit.com\/lt\/","name":"Happyinaknit.com","description":"","potentialAction":[{"@type":"SearchAction","target":{"@type":"EntryPoint","urlTemplate":"https:\/\/happyinaknit.com\/lt\/?s={search_term_string}"},"query-input":{"@type":"PropertyValueSpecification","valueRequired":true,"valueName":"search_term_string"}}],"inLanguage":"lt-LT"}]}},"_links":{"self":[{"href":"https:\/\/happyinaknit.com\/lt\/wp-json\/wp\/v2\/product\/4953","targetHints":{"allow":["GET"]}}],"collection":[{"href":"https:\/\/happyinaknit.com\/lt\/wp-json\/wp\/v2\/product"}],"about":[{"href":"https:\/\/happyinaknit.com\/lt\/wp-json\/wp\/v2\/types\/product"}],"replies":[{"embeddable":true,"href":"https:\/\/happyinaknit.com\/lt\/wp-json\/wp\/v2\/comments?post=4953"}],"wp:featuredmedia":[{"embeddable":true,"href":"https:\/\/happyinaknit.com\/lt\/wp-json\/wp\/v2\/media\/4960"}],"wp:attachment":[{"href":"https:\/\/happyinaknit.com\/lt\/wp-json\/wp\/v2\/media?parent=4953"}],"wp:term":[{"taxonomy":"product_brand","embeddable":true,"href":"https:\/\/happyinaknit.com\/lt\/wp-json\/wp\/v2\/product_brand?post=4953"},{"taxonomy":"product_cat","embeddable":true,"href":"https:\/\/happyinaknit.com\/lt\/wp-json\/wp\/v2\/product_cat?post=4953"},{"taxonomy":"product_tag","embeddable":true,"href":"https:\/\/happyinaknit.com\/lt\/wp-json\/wp\/v2\/product_tag?post=4953"},{"taxonomy":"pro-kategorijos","embeddable":true,"href":"https:\/\/happyinaknit.com\/lt\/wp-json\/wp\/v2\/pro-kategorijos?post=4953"}],"curies":[{"name":"wp","href":"https:\/\/api.w.org\/{rel}","templated":true}]}}