{"id":4940,"date":"2025-10-13T21:31:03","date_gmt":"2025-10-13T21:31:03","guid":{"rendered":"https:\/\/happyinaknit.com\/?post_type=product&#038;p=4940"},"modified":"2025-10-13T21:31:41","modified_gmt":"2025-10-13T21:31:41","slug":"the-mindful-collection-grateful-kojininiu-virbalu-rinkinys-15-cm","status":"publish","type":"product","link":"https:\/\/happyinaknit.com\/lt\/produktas\/the-mindful-collection-grateful-kojininiu-virbalu-rinkinys-15-cm\/","title":{"rendered":"The Mindful Collection &#8222;Grateful&#8221; kojinini\u0173 virbal\u0173 rinkinys 15 cm"},"content":{"rendered":"<p data-start=\"0\" data-end=\"192\"><strong data-start=\"0\" data-end=\"69\">KnitPro The Mindful Collection kojinini\u0173 virbal\u0173 rinkinys (15 cm)<\/strong> \u2013 tai eleganti\u0161kas ir pilnai sukomplektuotas rinkinys mezg\u0117joms, vertinan\u010dioms kokyb\u0119, tikslum\u0105 ir ram\u0173 k\u016brybos proces\u0105.<\/p>\n<p data-start=\"529\" data-end=\"869\">\u201eThe Mindful Collection\u201c kojininiai virbalai pagaminti i\u0161 <strong data-start=\"604\" data-end=\"643\">auk\u0161tos kokyb\u0117s ner\u016bdijan\u010dio plieno<\/strong>, tod\u0117l yra itin glotn\u016bs, tvirti ir patog\u016bs laikyti. D\u0117l 15 cm ilgio jie puikiai tinka megzti kojines, pir\u0161tines ir kitus ma\u017eesnius projektus. Kiekvienas virbalas pa\u017eym\u0117tas dyd\u017eiu lazeriniu b\u016bdu, tod\u0117l \u017eym\u0117jimas nenusitrina.<\/p>\n<p data-start=\"871\" data-end=\"1077\">Stilingas <strong data-start=\"881\" data-end=\"899\">audinio d\u0117klas<\/strong> pad\u0117s palaikyti tvark\u0105 ir saugiai laikyti visus rinkinio \u012frankius.<br data-start=\"966\" data-end=\"969\" \/>Rinkinys \u012fkv\u0117ptas \u201eMindful\u201c filosofijos \u2013 kuriantiems su d\u0117mesingumu, ramybe ir meile kiekvienam dygsniui.<\/p>\n<p data-start=\"194\" data-end=\"214\"><strong data-start=\"194\" data-end=\"212\">Rinkinyje yra:<\/strong><\/p>\n<ul data-start=\"215\" data-end=\"527\">\n<li data-start=\"215\" data-end=\"237\">\n<p data-start=\"217\" data-end=\"237\"><strong data-start=\"217\" data-end=\"235\">Audinio d\u0117klas<\/strong><\/p>\n<\/li>\n<li data-start=\"238\" data-end=\"361\">\n<p data-start=\"240\" data-end=\"361\"><strong data-start=\"240\" data-end=\"294\">7 poros kojinini\u0173 virbal\u0173 \u201eMindful\u201c (15 cm ilgio):<\/strong><br data-start=\"294\" data-end=\"297\" \/>2,0 mm \u00b7 2,5 mm \u00b7 3,0 mm \u00b7 3,5 mm \u00b7 4,0 mm \u00b7 4,5 mm \u00b7 5,0 mm<\/p>\n<\/li>\n<li data-start=\"362\" data-end=\"394\">\n<p data-start=\"364\" data-end=\"394\"><strong data-start=\"364\" data-end=\"392\">Virbal\u0173 dyd\u017ei\u0173 matuoklis<\/strong><\/p>\n<\/li>\n<li data-start=\"395\" data-end=\"430\">\n<p data-start=\"397\" data-end=\"430\"><strong data-start=\"397\" data-end=\"419\">2 trikota\u017eo adatos<\/strong> siuvimui<\/p>\n<\/li>\n<li data-start=\"431\" data-end=\"527\">\n<p data-start=\"433\" data-end=\"459\"><strong data-start=\"433\" data-end=\"457\">30 mezgimo \u017eymekli\u0173:<\/strong><\/p>\n<ul data-start=\"462\" data-end=\"527\">\n<li data-start=\"462\" data-end=\"492\">\n<p data-start=\"464\" data-end=\"492\">10 \u012fsegam\u0173<\/p>\n<\/li>\n<li data-start=\"495\" data-end=\"509\">\n<p data-start=\"497\" data-end=\"509\">10 apvali\u0173<\/p>\n<\/li>\n<li data-start=\"512\" data-end=\"527\">\n<p data-start=\"514\" data-end=\"527\">10 \u017eiedini\u0173<\/p>\n<\/li>\n<\/ul>\n<\/li>\n<\/ul>\n<p data-start=\"1079\" data-end=\"1104\"><strong data-start=\"1079\" data-end=\"1094\">Gamintojas:<\/strong> KnitPro<\/p>\n<p data-start=\"1106\" data-end=\"1194\" data-is-last-node=\"\" data-is-only-node=\"\"><strong data-start=\"1106\" data-end=\"1118\">Pastaba:<\/strong> spalv\u0173 atspalviai gali \u0161iek tiek skirtis priklausomai nuo \u012frenginio ekrano.<\/p>\n","protected":false},"excerpt":{"rendered":"<p>KnitPro The Mindful Collection kojinini\u0173 virbal\u0173 rinkinys (15 cm) \u2013 tai eleganti\u0161kas ir pilnai sukomplektuotas rinkinys mezg\u0117joms, vertinan\u010dioms kokyb\u0119, tikslum\u0105 ir ram\u0173 k\u016brybos proces\u0105. \u201eThe Mindful Collection\u201c kojininiai virbalai pagaminti i\u0161 auk\u0161tos kokyb\u0117s ner\u016bdijan\u010dio plieno, tod\u0117l yra itin glotn\u016bs, tvirti ir patog\u016bs laikyti. D\u0117l 15 cm ilgio jie puikiai tinka megzti kojines, pir\u0161tines ir kitus [&hellip;]<\/p>\n","protected":false},"featured_media":4942,"comment_status":"open","ping_status":"closed","template":"","meta":{"_acf_changed":false},"product_brand":[1069,1071],"product_cat":[15,19,861],"product_tag":[],"pro-kategorijos":[],"class_list":{"0":"post-4940","1":"product","2":"type-product","3":"status-publish","4":"has-post-thumbnail","6":"product_brand-knitpro","7":"product_brand-the-mindful-collection","8":"product_cat-visi-produktai","9":"product_cat-mezgimo-priemones","10":"product_cat-virbalu-rinkiniai","12":"first","13":"instock","14":"shipping-taxable","15":"purchasable","16":"product-type-simple"},"acf":[],"yoast_head":"<!-- This site is optimized with the Yoast SEO plugin v26.8 - https:\/\/yoast.com\/product\/yoast-seo-wordpress\/ -->\n<title>The Mindful Collection &quot;Grateful&quot; kojinini\u0173 virbal\u0173 rinkinys 15 cm - Happyinaknit.com<\/title>\n<meta name=\"robots\" content=\"index, follow, max-snippet:-1, max-image-preview:large, max-video-preview:-1\" \/>\n<link rel=\"canonical\" href=\"https:\/\/happyinaknit.com\/lt\/produktas\/the-mindful-collection-grateful-kojininiu-virbalu-rinkinys-15-cm\/\" \/>\n<meta property=\"og:locale\" content=\"lt_LT\" \/>\n<meta property=\"og:type\" content=\"article\" \/>\n<meta property=\"og:title\" content=\"The Mindful Collection &quot;Grateful&quot; kojinini\u0173 virbal\u0173 rinkinys 15 cm - Happyinaknit.com\" \/>\n<meta property=\"og:description\" content=\"KnitPro The Mindful Collection kojinini\u0173 virbal\u0173 rinkinys (15 cm) \u2013 tai eleganti\u0161kas ir pilnai sukomplektuotas rinkinys mezg\u0117joms, vertinan\u010dioms kokyb\u0119, tikslum\u0105 ir ram\u0173 k\u016brybos proces\u0105. \u201eThe Mindful Collection\u201c kojininiai virbalai pagaminti i\u0161 auk\u0161tos kokyb\u0117s ner\u016bdijan\u010dio plieno, tod\u0117l yra itin glotn\u016bs, tvirti ir patog\u016bs laikyti. D\u0117l 15 cm ilgio jie puikiai tinka megzti kojines, pir\u0161tines ir kitus [&hellip;]\" \/>\n<meta property=\"og:url\" content=\"https:\/\/happyinaknit.com\/lt\/produktas\/the-mindful-collection-grateful-kojininiu-virbalu-rinkinys-15-cm\/\" \/>\n<meta property=\"og:site_name\" content=\"Happyinaknit.com\" \/>\n<meta property=\"article:modified_time\" content=\"2025-10-13T21:31:41+00:00\" \/>\n<meta property=\"og:image\" content=\"https:\/\/happyinaknit.com\/wp-content\/uploads\/2025\/10\/knitpro-knitting-needles-the-mindful-collection-grateful-15cm-double-pointed-knitting-needle-set-37347218391198.png.webp\" \/>\n\t<meta property=\"og:image:width\" content=\"1000\" \/>\n\t<meta property=\"og:image:height\" content=\"1000\" \/>\n\t<meta property=\"og:image:type\" content=\"image\/webp\" \/>\n<meta name=\"twitter:card\" content=\"summary_large_image\" \/>\n<meta name=\"twitter:label1\" content=\"Est. reading time\" \/>\n\t<meta name=\"twitter:data1\" content=\"1 minut\u0117\" \/>\n<script type=\"application\/ld+json\" class=\"yoast-schema-graph\">{\"@context\":\"https:\/\/schema.org\",\"@graph\":[{\"@type\":\"WebPage\",\"@id\":\"https:\/\/happyinaknit.com\/produktas\/the-mindful-collection-grateful-kojininiu-virbalu-rinkinys-15-cm\/\",\"url\":\"https:\/\/happyinaknit.com\/produktas\/the-mindful-collection-grateful-kojininiu-virbalu-rinkinys-15-cm\/\",\"name\":\"The Mindful Collection \\\"Grateful\\\" kojinini\u0173 virbal\u0173 rinkinys 15 cm - Happyinaknit.com\",\"isPartOf\":{\"@id\":\"https:\/\/happyinaknit.com\/lt\/#website\"},\"primaryImageOfPage\":{\"@id\":\"https:\/\/happyinaknit.com\/produktas\/the-mindful-collection-grateful-kojininiu-virbalu-rinkinys-15-cm\/#primaryimage\"},\"image\":{\"@id\":\"https:\/\/happyinaknit.com\/produktas\/the-mindful-collection-grateful-kojininiu-virbalu-rinkinys-15-cm\/#primaryimage\"},\"thumbnailUrl\":\"https:\/\/happyinaknit.com\/wp-content\/uploads\/2025\/10\/knitpro-knitting-needles-the-mindful-collection-grateful-15cm-double-pointed-knitting-needle-set-37347218391198.png.webp\",\"datePublished\":\"2025-10-13T21:31:03+00:00\",\"dateModified\":\"2025-10-13T21:31:41+00:00\",\"breadcrumb\":{\"@id\":\"https:\/\/happyinaknit.com\/produktas\/the-mindful-collection-grateful-kojininiu-virbalu-rinkinys-15-cm\/#breadcrumb\"},\"inLanguage\":\"lt-LT\",\"potentialAction\":[{\"@type\":\"ReadAction\",\"target\":[\"https:\/\/happyinaknit.com\/produktas\/the-mindful-collection-grateful-kojininiu-virbalu-rinkinys-15-cm\/\"]}]},{\"@type\":\"ImageObject\",\"inLanguage\":\"lt-LT\",\"@id\":\"https:\/\/happyinaknit.com\/produktas\/the-mindful-collection-grateful-kojininiu-virbalu-rinkinys-15-cm\/#primaryimage\",\"url\":\"https:\/\/happyinaknit.com\/wp-content\/uploads\/2025\/10\/knitpro-knitting-needles-the-mindful-collection-grateful-15cm-double-pointed-knitting-needle-set-37347218391198.png.webp\",\"contentUrl\":\"https:\/\/happyinaknit.com\/wp-content\/uploads\/2025\/10\/knitpro-knitting-needles-the-mindful-collection-grateful-15cm-double-pointed-knitting-needle-set-37347218391198.png.webp\",\"width\":1000,\"height\":1000},{\"@type\":\"BreadcrumbList\",\"@id\":\"https:\/\/happyinaknit.com\/produktas\/the-mindful-collection-grateful-kojininiu-virbalu-rinkinys-15-cm\/#breadcrumb\",\"itemListElement\":[{\"@type\":\"ListItem\",\"position\":1,\"name\":\"Home\",\"item\":\"https:\/\/happyinaknit.com\/lt\/\"},{\"@type\":\"ListItem\",\"position\":2,\"name\":\"Parduotuv\u0117\",\"item\":\"https:\/\/happyinaknit.com\/lt\/parduotuve\/\"},{\"@type\":\"ListItem\",\"position\":3,\"name\":\"The Mindful Collection &#8222;Grateful&#8221; kojinini\u0173 virbal\u0173 rinkinys 15 cm\"}]},{\"@type\":\"WebSite\",\"@id\":\"https:\/\/happyinaknit.com\/lt\/#website\",\"url\":\"https:\/\/happyinaknit.com\/lt\/\",\"name\":\"Happyinaknit.com\",\"description\":\"\",\"potentialAction\":[{\"@type\":\"SearchAction\",\"target\":{\"@type\":\"EntryPoint\",\"urlTemplate\":\"https:\/\/happyinaknit.com\/lt\/?s={search_term_string}\"},\"query-input\":{\"@type\":\"PropertyValueSpecification\",\"valueRequired\":true,\"valueName\":\"search_term_string\"}}],\"inLanguage\":\"lt-LT\"}]}<\/script>\n<!-- \/ Yoast SEO plugin. -->","yoast_head_json":{"title":"The Mindful Collection \"Grateful\" kojinini\u0173 virbal\u0173 rinkinys 15 cm - Happyinaknit.com","robots":{"index":"index","follow":"follow","max-snippet":"max-snippet:-1","max-image-preview":"max-image-preview:large","max-video-preview":"max-video-preview:-1"},"canonical":"https:\/\/happyinaknit.com\/lt\/produktas\/the-mindful-collection-grateful-kojininiu-virbalu-rinkinys-15-cm\/","og_locale":"lt_LT","og_type":"article","og_title":"The Mindful Collection \"Grateful\" kojinini\u0173 virbal\u0173 rinkinys 15 cm - Happyinaknit.com","og_description":"KnitPro The Mindful Collection kojinini\u0173 virbal\u0173 rinkinys (15 cm) \u2013 tai eleganti\u0161kas ir pilnai sukomplektuotas rinkinys mezg\u0117joms, vertinan\u010dioms kokyb\u0119, tikslum\u0105 ir ram\u0173 k\u016brybos proces\u0105. \u201eThe Mindful Collection\u201c kojininiai virbalai pagaminti i\u0161 auk\u0161tos kokyb\u0117s ner\u016bdijan\u010dio plieno, tod\u0117l yra itin glotn\u016bs, tvirti ir patog\u016bs laikyti. D\u0117l 15 cm ilgio jie puikiai tinka megzti kojines, pir\u0161tines ir kitus [&hellip;]","og_url":"https:\/\/happyinaknit.com\/lt\/produktas\/the-mindful-collection-grateful-kojininiu-virbalu-rinkinys-15-cm\/","og_site_name":"Happyinaknit.com","article_modified_time":"2025-10-13T21:31:41+00:00","og_image":[{"width":1000,"height":1000,"url":"https:\/\/happyinaknit.com\/wp-content\/uploads\/2025\/10\/knitpro-knitting-needles-the-mindful-collection-grateful-15cm-double-pointed-knitting-needle-set-37347218391198.png.webp","type":"image\/webp"}],"twitter_card":"summary_large_image","twitter_misc":{"Est. reading time":"1 minut\u0117"},"schema":{"@context":"https:\/\/schema.org","@graph":[{"@type":"WebPage","@id":"https:\/\/happyinaknit.com\/produktas\/the-mindful-collection-grateful-kojininiu-virbalu-rinkinys-15-cm\/","url":"https:\/\/happyinaknit.com\/produktas\/the-mindful-collection-grateful-kojininiu-virbalu-rinkinys-15-cm\/","name":"The Mindful Collection \"Grateful\" kojinini\u0173 virbal\u0173 rinkinys 15 cm - Happyinaknit.com","isPartOf":{"@id":"https:\/\/happyinaknit.com\/lt\/#website"},"primaryImageOfPage":{"@id":"https:\/\/happyinaknit.com\/produktas\/the-mindful-collection-grateful-kojininiu-virbalu-rinkinys-15-cm\/#primaryimage"},"image":{"@id":"https:\/\/happyinaknit.com\/produktas\/the-mindful-collection-grateful-kojininiu-virbalu-rinkinys-15-cm\/#primaryimage"},"thumbnailUrl":"https:\/\/happyinaknit.com\/wp-content\/uploads\/2025\/10\/knitpro-knitting-needles-the-mindful-collection-grateful-15cm-double-pointed-knitting-needle-set-37347218391198.png.webp","datePublished":"2025-10-13T21:31:03+00:00","dateModified":"2025-10-13T21:31:41+00:00","breadcrumb":{"@id":"https:\/\/happyinaknit.com\/produktas\/the-mindful-collection-grateful-kojininiu-virbalu-rinkinys-15-cm\/#breadcrumb"},"inLanguage":"lt-LT","potentialAction":[{"@type":"ReadAction","target":["https:\/\/happyinaknit.com\/produktas\/the-mindful-collection-grateful-kojininiu-virbalu-rinkinys-15-cm\/"]}]},{"@type":"ImageObject","inLanguage":"lt-LT","@id":"https:\/\/happyinaknit.com\/produktas\/the-mindful-collection-grateful-kojininiu-virbalu-rinkinys-15-cm\/#primaryimage","url":"https:\/\/happyinaknit.com\/wp-content\/uploads\/2025\/10\/knitpro-knitting-needles-the-mindful-collection-grateful-15cm-double-pointed-knitting-needle-set-37347218391198.png.webp","contentUrl":"https:\/\/happyinaknit.com\/wp-content\/uploads\/2025\/10\/knitpro-knitting-needles-the-mindful-collection-grateful-15cm-double-pointed-knitting-needle-set-37347218391198.png.webp","width":1000,"height":1000},{"@type":"BreadcrumbList","@id":"https:\/\/happyinaknit.com\/produktas\/the-mindful-collection-grateful-kojininiu-virbalu-rinkinys-15-cm\/#breadcrumb","itemListElement":[{"@type":"ListItem","position":1,"name":"Home","item":"https:\/\/happyinaknit.com\/lt\/"},{"@type":"ListItem","position":2,"name":"Parduotuv\u0117","item":"https:\/\/happyinaknit.com\/lt\/parduotuve\/"},{"@type":"ListItem","position":3,"name":"The Mindful Collection &#8222;Grateful&#8221; kojinini\u0173 virbal\u0173 rinkinys 15 cm"}]},{"@type":"WebSite","@id":"https:\/\/happyinaknit.com\/lt\/#website","url":"https:\/\/happyinaknit.com\/lt\/","name":"Happyinaknit.com","description":"","potentialAction":[{"@type":"SearchAction","target":{"@type":"EntryPoint","urlTemplate":"https:\/\/happyinaknit.com\/lt\/?s={search_term_string}"},"query-input":{"@type":"PropertyValueSpecification","valueRequired":true,"valueName":"search_term_string"}}],"inLanguage":"lt-LT"}]}},"_links":{"self":[{"href":"https:\/\/happyinaknit.com\/lt\/wp-json\/wp\/v2\/product\/4940","targetHints":{"allow":["GET"]}}],"collection":[{"href":"https:\/\/happyinaknit.com\/lt\/wp-json\/wp\/v2\/product"}],"about":[{"href":"https:\/\/happyinaknit.com\/lt\/wp-json\/wp\/v2\/types\/product"}],"replies":[{"embeddable":true,"href":"https:\/\/happyinaknit.com\/lt\/wp-json\/wp\/v2\/comments?post=4940"}],"wp:featuredmedia":[{"embeddable":true,"href":"https:\/\/happyinaknit.com\/lt\/wp-json\/wp\/v2\/media\/4942"}],"wp:attachment":[{"href":"https:\/\/happyinaknit.com\/lt\/wp-json\/wp\/v2\/media?parent=4940"}],"wp:term":[{"taxonomy":"product_brand","embeddable":true,"href":"https:\/\/happyinaknit.com\/lt\/wp-json\/wp\/v2\/product_brand?post=4940"},{"taxonomy":"product_cat","embeddable":true,"href":"https:\/\/happyinaknit.com\/lt\/wp-json\/wp\/v2\/product_cat?post=4940"},{"taxonomy":"product_tag","embeddable":true,"href":"https:\/\/happyinaknit.com\/lt\/wp-json\/wp\/v2\/product_tag?post=4940"},{"taxonomy":"pro-kategorijos","embeddable":true,"href":"https:\/\/happyinaknit.com\/lt\/wp-json\/wp\/v2\/pro-kategorijos?post=4940"}],"curies":[{"name":"wp","href":"https:\/\/api.w.org\/{rel}","templated":true}]}}