{"id":4934,"date":"2025-10-13T21:17:10","date_gmt":"2025-10-13T21:17:10","guid":{"rendered":"https:\/\/happyinaknit.com\/?post_type=product&#038;p=4934"},"modified":"2025-10-13T21:19:12","modified_gmt":"2025-10-13T21:19:12","slug":"the-mindful-collection-gratitude-prisukamu-virbalu-rinkinys-13-cm","status":"publish","type":"product","link":"https:\/\/happyinaknit.com\/lt\/produktas\/the-mindful-collection-gratitude-prisukamu-virbalu-rinkinys-13-cm\/","title":{"rendered":"The Mindful Collection Gratitude prisukam\u0173 virbal\u0173 rinkinys 13 cm"},"content":{"rendered":"<p data-start=\"0\" data-end=\"334\"><strong data-start=\"0\" data-end=\"71\">KnitPro The Mindful Collection prisukam\u0173j\u0173 virbal\u0173 rinkinys (13 cm)<\/strong> \u2013 tai pilnas ir harmoningas \u00a0mezgimo \u012franki\u0173 rinkinys, sukurtas su meile, kruop\u0161tumu ir \u201eMindful\u201c filosofijos dvasia. Rinkinys apjungia auk\u0161\u010diausi\u0105 kokyb\u0119, patogum\u0105 bei estetik\u0105 \u2013 idealus pasirinkimas tiek pradedan\u010diajai, tiek patyrusiai mezg\u0117jai.<\/p>\n<p data-start=\"0\" data-end=\"334\">Kiekvienas \u201eMindful Collection\u201c serijos virbalas pagamintas i\u0161 <strong data-start=\"1000\" data-end=\"1039\">auk\u0161tos kokyb\u0117s ner\u016bdijan\u010dio plieno<\/strong>, pasi\u017eymin\u010dio itin glotniu pavir\u0161iumi ir subtiliu balansavimu. Pasukami valai suteikia ypating\u0105 laisv\u0119 ir patogum\u0105 mezgant, o \u0161velnios m\u0117lynos detal\u0117s simbolizuoja ramyb\u0119 ir k\u016brybin\u0119 \u012fkv\u0117pimo b\u016bsen\u0105.<br data-start=\"1239\" data-end=\"1242\" \/>Visi komponentai supakuoti \u012f <strong data-start=\"1271\" data-end=\"1300\">eleganti\u0161k\u0105 audinio d\u0117kl\u0105<\/strong>, kuris u\u017etikrina tvark\u0105 ir estetik\u0105 j\u016bs\u0173 mezgimo erdv\u0117je.<\/p>\n<p data-start=\"336\" data-end=\"356\"><strong data-start=\"336\" data-end=\"354\">Rinkinyje yra:<\/strong><\/p>\n<ul data-start=\"357\" data-end=\"918\">\n<li data-start=\"357\" data-end=\"539\">\n<p data-start=\"359\" data-end=\"539\"><strong data-start=\"359\" data-end=\"390\">14 por\u0173 prisukam\u0173j\u0173 virbal\u0173<\/strong> (13 cm ilgio):<br data-start=\"405\" data-end=\"408\" \/>3,0 mm \u00b7 3,25 mm \u00b7 3,5 mm \u00b7 3,75 mm \u00b7 4,0 mm \u00b7 4,5 mm \u00b7 5,0 mm \u00b7 5,5 mm \u00b7 6,0 mm \u00b7 7,0 mm \u00b7 8,0 mm \u00b7 9,0 mm \u00b7 10,0 mm \u00b7 12,0 mm<\/p>\n<\/li>\n<li data-start=\"540\" data-end=\"597\">\n<p data-start=\"542\" data-end=\"597\"><strong data-start=\"542\" data-end=\"563\">4 pasukami valai:<\/strong> 60 cm \u00b7 80 cm (2 vnt.) \u00b7 100 cm<\/p>\n<\/li>\n<li data-start=\"598\" data-end=\"617\">\n<p data-start=\"600\" data-end=\"617\"><strong data-start=\"600\" data-end=\"615\">6 antgaliai<\/strong><\/p>\n<\/li>\n<li data-start=\"618\" data-end=\"647\">\n<p data-start=\"620\" data-end=\"647\"><strong data-start=\"620\" data-end=\"645\">4 u\u017ever\u017eimo rakteliai<\/strong><\/p>\n<\/li>\n<li data-start=\"648\" data-end=\"690\">\n<p data-start=\"650\" data-end=\"690\"><strong data-start=\"650\" data-end=\"688\">1 jung\u010di\u0173 rinkinys valams sujungti<\/strong><\/p>\n<\/li>\n<li data-start=\"691\" data-end=\"723\">\n<p data-start=\"693\" data-end=\"723\"><strong data-start=\"693\" data-end=\"721\">Virbal\u0173 dyd\u017ei\u0173 matuoklis<\/strong><\/p>\n<\/li>\n<li data-start=\"724\" data-end=\"748\">\n<p data-start=\"726\" data-end=\"748\"><strong data-start=\"726\" data-end=\"746\">2 siuvimo adatos<\/strong><\/p>\n<\/li>\n<li data-start=\"749\" data-end=\"842\">\n<p data-start=\"751\" data-end=\"774\"><strong data-start=\"751\" data-end=\"772\">M\u0117lyni \u017eymekliai:<\/strong><\/p>\n<ul data-start=\"777\" data-end=\"842\">\n<li data-start=\"777\" data-end=\"807\">\n<p data-start=\"779\" data-end=\"807\">10 \u201esaugos kai\u0161\u010dio\u201c formos<\/p>\n<\/li>\n<li data-start=\"810\" data-end=\"824\">\n<p data-start=\"812\" data-end=\"824\">10 apvali\u0173<\/p>\n<\/li>\n<li data-start=\"827\" data-end=\"842\">\n<p data-start=\"829\" data-end=\"842\">30 \u017eiedini\u0173<\/p>\n<\/li>\n<\/ul>\n<\/li>\n<li data-start=\"843\" data-end=\"875\">\n<p data-start=\"845\" data-end=\"875\"><strong data-start=\"845\" data-end=\"873\">Audinio d\u0117klas virbalams<\/strong><\/p>\n<\/li>\n<li data-start=\"876\" data-end=\"918\">\n<p data-start=\"878\" data-end=\"918\"><strong data-start=\"878\" data-end=\"916\">Atskiras mai\u0161elis priedams laikyti<\/strong><\/p>\n<\/li>\n<\/ul>\n<p data-start=\"1362\" data-end=\"1387\"><strong data-start=\"1362\" data-end=\"1377\">Gamintojas:<\/strong> KnitPro<\/p>\n<p data-start=\"1389\" data-end=\"1477\" data-is-last-node=\"\" data-is-only-node=\"\"><strong data-start=\"1389\" data-end=\"1401\">Pastaba:<\/strong> spalv\u0173 atspalviai gali \u0161iek tiek skirtis priklausomai nuo \u012frenginio ekrano.<\/p>\n","protected":false},"excerpt":{"rendered":"<p>KnitPro The Mindful Collection prisukam\u0173j\u0173 virbal\u0173 rinkinys (13 cm) \u2013 tai pilnas ir harmoningas \u00a0mezgimo \u012franki\u0173 rinkinys, sukurtas su meile, kruop\u0161tumu ir \u201eMindful\u201c filosofijos dvasia. Rinkinys apjungia auk\u0161\u010diausi\u0105 kokyb\u0119, patogum\u0105 bei estetik\u0105 \u2013 idealus pasirinkimas tiek pradedan\u010diajai, tiek patyrusiai mezg\u0117jai. Kiekvienas \u201eMindful Collection\u201c serijos virbalas pagamintas i\u0161 auk\u0161tos kokyb\u0117s ner\u016bdijan\u010dio plieno, pasi\u017eymin\u010dio itin glotniu pavir\u0161iumi [&hellip;]<\/p>\n","protected":false},"featured_media":4937,"comment_status":"open","ping_status":"closed","template":"","meta":{"_acf_changed":false},"product_brand":[1069,1071],"product_cat":[15,19,861],"product_tag":[],"pro-kategorijos":[],"class_list":{"0":"post-4934","1":"product","2":"type-product","3":"status-publish","4":"has-post-thumbnail","6":"product_brand-knitpro","7":"product_brand-the-mindful-collection","8":"product_cat-visi-produktai","9":"product_cat-mezgimo-priemones","10":"product_cat-virbalu-rinkiniai","12":"first","13":"instock","14":"shipping-taxable","15":"purchasable","16":"product-type-simple"},"acf":[],"yoast_head":"<!-- This site is optimized with the Yoast SEO plugin v26.8 - https:\/\/yoast.com\/product\/yoast-seo-wordpress\/ -->\n<title>The Mindful Collection Gratitude prisukam\u0173 virbal\u0173 rinkinys 13 cm - Happyinaknit.com<\/title>\n<meta name=\"robots\" content=\"index, follow, max-snippet:-1, max-image-preview:large, max-video-preview:-1\" \/>\n<link rel=\"canonical\" href=\"https:\/\/happyinaknit.com\/lt\/produktas\/the-mindful-collection-gratitude-prisukamu-virbalu-rinkinys-13-cm\/\" \/>\n<meta property=\"og:locale\" content=\"lt_LT\" \/>\n<meta property=\"og:type\" content=\"article\" \/>\n<meta property=\"og:title\" content=\"The Mindful Collection Gratitude prisukam\u0173 virbal\u0173 rinkinys 13 cm - Happyinaknit.com\" \/>\n<meta property=\"og:description\" content=\"KnitPro The Mindful Collection prisukam\u0173j\u0173 virbal\u0173 rinkinys (13 cm) \u2013 tai pilnas ir harmoningas \u00a0mezgimo \u012franki\u0173 rinkinys, sukurtas su meile, kruop\u0161tumu ir \u201eMindful\u201c filosofijos dvasia. Rinkinys apjungia auk\u0161\u010diausi\u0105 kokyb\u0119, patogum\u0105 bei estetik\u0105 \u2013 idealus pasirinkimas tiek pradedan\u010diajai, tiek patyrusiai mezg\u0117jai. Kiekvienas \u201eMindful Collection\u201c serijos virbalas pagamintas i\u0161 auk\u0161tos kokyb\u0117s ner\u016bdijan\u010dio plieno, pasi\u017eymin\u010dio itin glotniu pavir\u0161iumi [&hellip;]\" \/>\n<meta property=\"og:url\" content=\"https:\/\/happyinaknit.com\/lt\/produktas\/the-mindful-collection-gratitude-prisukamu-virbalu-rinkinys-13-cm\/\" \/>\n<meta property=\"og:site_name\" content=\"Happyinaknit.com\" \/>\n<meta property=\"article:modified_time\" content=\"2025-10-13T21:19:12+00:00\" \/>\n<meta property=\"og:image\" content=\"https:\/\/happyinaknit.com\/wp-content\/uploads\/2025\/10\/KnitPro_36301_The_Mindful_Collection_The_Gratitude_Set_Stainless_Steel_Interchangeable_Needles_13cm_cases.jpg.webp\" \/>\n\t<meta property=\"og:image:width\" content=\"1000\" \/>\n\t<meta property=\"og:image:height\" content=\"1000\" \/>\n\t<meta property=\"og:image:type\" content=\"image\/webp\" \/>\n<meta name=\"twitter:card\" content=\"summary_large_image\" \/>\n<meta name=\"twitter:label1\" content=\"Est. reading time\" \/>\n\t<meta name=\"twitter:data1\" content=\"1 minut\u0117\" \/>\n<script type=\"application\/ld+json\" class=\"yoast-schema-graph\">{\"@context\":\"https:\/\/schema.org\",\"@graph\":[{\"@type\":\"WebPage\",\"@id\":\"https:\/\/happyinaknit.com\/produktas\/the-mindful-collection-gratitude-prisukamu-virbalu-rinkinys-13-cm\/\",\"url\":\"https:\/\/happyinaknit.com\/produktas\/the-mindful-collection-gratitude-prisukamu-virbalu-rinkinys-13-cm\/\",\"name\":\"The Mindful Collection Gratitude prisukam\u0173 virbal\u0173 rinkinys 13 cm - Happyinaknit.com\",\"isPartOf\":{\"@id\":\"https:\/\/happyinaknit.com\/lt\/#website\"},\"primaryImageOfPage\":{\"@id\":\"https:\/\/happyinaknit.com\/produktas\/the-mindful-collection-gratitude-prisukamu-virbalu-rinkinys-13-cm\/#primaryimage\"},\"image\":{\"@id\":\"https:\/\/happyinaknit.com\/produktas\/the-mindful-collection-gratitude-prisukamu-virbalu-rinkinys-13-cm\/#primaryimage\"},\"thumbnailUrl\":\"https:\/\/happyinaknit.com\/wp-content\/uploads\/2025\/10\/KnitPro_36301_The_Mindful_Collection_The_Gratitude_Set_Stainless_Steel_Interchangeable_Needles_13cm_cases.jpg.webp\",\"datePublished\":\"2025-10-13T21:17:10+00:00\",\"dateModified\":\"2025-10-13T21:19:12+00:00\",\"breadcrumb\":{\"@id\":\"https:\/\/happyinaknit.com\/produktas\/the-mindful-collection-gratitude-prisukamu-virbalu-rinkinys-13-cm\/#breadcrumb\"},\"inLanguage\":\"lt-LT\",\"potentialAction\":[{\"@type\":\"ReadAction\",\"target\":[\"https:\/\/happyinaknit.com\/produktas\/the-mindful-collection-gratitude-prisukamu-virbalu-rinkinys-13-cm\/\"]}]},{\"@type\":\"ImageObject\",\"inLanguage\":\"lt-LT\",\"@id\":\"https:\/\/happyinaknit.com\/produktas\/the-mindful-collection-gratitude-prisukamu-virbalu-rinkinys-13-cm\/#primaryimage\",\"url\":\"https:\/\/happyinaknit.com\/wp-content\/uploads\/2025\/10\/KnitPro_36301_The_Mindful_Collection_The_Gratitude_Set_Stainless_Steel_Interchangeable_Needles_13cm_cases.jpg.webp\",\"contentUrl\":\"https:\/\/happyinaknit.com\/wp-content\/uploads\/2025\/10\/KnitPro_36301_The_Mindful_Collection_The_Gratitude_Set_Stainless_Steel_Interchangeable_Needles_13cm_cases.jpg.webp\",\"width\":1000,\"height\":1000},{\"@type\":\"BreadcrumbList\",\"@id\":\"https:\/\/happyinaknit.com\/produktas\/the-mindful-collection-gratitude-prisukamu-virbalu-rinkinys-13-cm\/#breadcrumb\",\"itemListElement\":[{\"@type\":\"ListItem\",\"position\":1,\"name\":\"Home\",\"item\":\"https:\/\/happyinaknit.com\/lt\/\"},{\"@type\":\"ListItem\",\"position\":2,\"name\":\"Parduotuv\u0117\",\"item\":\"https:\/\/happyinaknit.com\/lt\/parduotuve\/\"},{\"@type\":\"ListItem\",\"position\":3,\"name\":\"The Mindful Collection Gratitude prisukam\u0173 virbal\u0173 rinkinys 13 cm\"}]},{\"@type\":\"WebSite\",\"@id\":\"https:\/\/happyinaknit.com\/lt\/#website\",\"url\":\"https:\/\/happyinaknit.com\/lt\/\",\"name\":\"Happyinaknit.com\",\"description\":\"\",\"potentialAction\":[{\"@type\":\"SearchAction\",\"target\":{\"@type\":\"EntryPoint\",\"urlTemplate\":\"https:\/\/happyinaknit.com\/lt\/?s={search_term_string}\"},\"query-input\":{\"@type\":\"PropertyValueSpecification\",\"valueRequired\":true,\"valueName\":\"search_term_string\"}}],\"inLanguage\":\"lt-LT\"}]}<\/script>\n<!-- \/ Yoast SEO plugin. -->","yoast_head_json":{"title":"The Mindful Collection Gratitude prisukam\u0173 virbal\u0173 rinkinys 13 cm - Happyinaknit.com","robots":{"index":"index","follow":"follow","max-snippet":"max-snippet:-1","max-image-preview":"max-image-preview:large","max-video-preview":"max-video-preview:-1"},"canonical":"https:\/\/happyinaknit.com\/lt\/produktas\/the-mindful-collection-gratitude-prisukamu-virbalu-rinkinys-13-cm\/","og_locale":"lt_LT","og_type":"article","og_title":"The Mindful Collection Gratitude prisukam\u0173 virbal\u0173 rinkinys 13 cm - Happyinaknit.com","og_description":"KnitPro The Mindful Collection prisukam\u0173j\u0173 virbal\u0173 rinkinys (13 cm) \u2013 tai pilnas ir harmoningas \u00a0mezgimo \u012franki\u0173 rinkinys, sukurtas su meile, kruop\u0161tumu ir \u201eMindful\u201c filosofijos dvasia. Rinkinys apjungia auk\u0161\u010diausi\u0105 kokyb\u0119, patogum\u0105 bei estetik\u0105 \u2013 idealus pasirinkimas tiek pradedan\u010diajai, tiek patyrusiai mezg\u0117jai. Kiekvienas \u201eMindful Collection\u201c serijos virbalas pagamintas i\u0161 auk\u0161tos kokyb\u0117s ner\u016bdijan\u010dio plieno, pasi\u017eymin\u010dio itin glotniu pavir\u0161iumi [&hellip;]","og_url":"https:\/\/happyinaknit.com\/lt\/produktas\/the-mindful-collection-gratitude-prisukamu-virbalu-rinkinys-13-cm\/","og_site_name":"Happyinaknit.com","article_modified_time":"2025-10-13T21:19:12+00:00","og_image":[{"width":1000,"height":1000,"url":"https:\/\/happyinaknit.com\/wp-content\/uploads\/2025\/10\/KnitPro_36301_The_Mindful_Collection_The_Gratitude_Set_Stainless_Steel_Interchangeable_Needles_13cm_cases.jpg.webp","type":"image\/webp"}],"twitter_card":"summary_large_image","twitter_misc":{"Est. reading time":"1 minut\u0117"},"schema":{"@context":"https:\/\/schema.org","@graph":[{"@type":"WebPage","@id":"https:\/\/happyinaknit.com\/produktas\/the-mindful-collection-gratitude-prisukamu-virbalu-rinkinys-13-cm\/","url":"https:\/\/happyinaknit.com\/produktas\/the-mindful-collection-gratitude-prisukamu-virbalu-rinkinys-13-cm\/","name":"The Mindful Collection Gratitude prisukam\u0173 virbal\u0173 rinkinys 13 cm - Happyinaknit.com","isPartOf":{"@id":"https:\/\/happyinaknit.com\/lt\/#website"},"primaryImageOfPage":{"@id":"https:\/\/happyinaknit.com\/produktas\/the-mindful-collection-gratitude-prisukamu-virbalu-rinkinys-13-cm\/#primaryimage"},"image":{"@id":"https:\/\/happyinaknit.com\/produktas\/the-mindful-collection-gratitude-prisukamu-virbalu-rinkinys-13-cm\/#primaryimage"},"thumbnailUrl":"https:\/\/happyinaknit.com\/wp-content\/uploads\/2025\/10\/KnitPro_36301_The_Mindful_Collection_The_Gratitude_Set_Stainless_Steel_Interchangeable_Needles_13cm_cases.jpg.webp","datePublished":"2025-10-13T21:17:10+00:00","dateModified":"2025-10-13T21:19:12+00:00","breadcrumb":{"@id":"https:\/\/happyinaknit.com\/produktas\/the-mindful-collection-gratitude-prisukamu-virbalu-rinkinys-13-cm\/#breadcrumb"},"inLanguage":"lt-LT","potentialAction":[{"@type":"ReadAction","target":["https:\/\/happyinaknit.com\/produktas\/the-mindful-collection-gratitude-prisukamu-virbalu-rinkinys-13-cm\/"]}]},{"@type":"ImageObject","inLanguage":"lt-LT","@id":"https:\/\/happyinaknit.com\/produktas\/the-mindful-collection-gratitude-prisukamu-virbalu-rinkinys-13-cm\/#primaryimage","url":"https:\/\/happyinaknit.com\/wp-content\/uploads\/2025\/10\/KnitPro_36301_The_Mindful_Collection_The_Gratitude_Set_Stainless_Steel_Interchangeable_Needles_13cm_cases.jpg.webp","contentUrl":"https:\/\/happyinaknit.com\/wp-content\/uploads\/2025\/10\/KnitPro_36301_The_Mindful_Collection_The_Gratitude_Set_Stainless_Steel_Interchangeable_Needles_13cm_cases.jpg.webp","width":1000,"height":1000},{"@type":"BreadcrumbList","@id":"https:\/\/happyinaknit.com\/produktas\/the-mindful-collection-gratitude-prisukamu-virbalu-rinkinys-13-cm\/#breadcrumb","itemListElement":[{"@type":"ListItem","position":1,"name":"Home","item":"https:\/\/happyinaknit.com\/lt\/"},{"@type":"ListItem","position":2,"name":"Parduotuv\u0117","item":"https:\/\/happyinaknit.com\/lt\/parduotuve\/"},{"@type":"ListItem","position":3,"name":"The Mindful Collection Gratitude prisukam\u0173 virbal\u0173 rinkinys 13 cm"}]},{"@type":"WebSite","@id":"https:\/\/happyinaknit.com\/lt\/#website","url":"https:\/\/happyinaknit.com\/lt\/","name":"Happyinaknit.com","description":"","potentialAction":[{"@type":"SearchAction","target":{"@type":"EntryPoint","urlTemplate":"https:\/\/happyinaknit.com\/lt\/?s={search_term_string}"},"query-input":{"@type":"PropertyValueSpecification","valueRequired":true,"valueName":"search_term_string"}}],"inLanguage":"lt-LT"}]}},"_links":{"self":[{"href":"https:\/\/happyinaknit.com\/lt\/wp-json\/wp\/v2\/product\/4934","targetHints":{"allow":["GET"]}}],"collection":[{"href":"https:\/\/happyinaknit.com\/lt\/wp-json\/wp\/v2\/product"}],"about":[{"href":"https:\/\/happyinaknit.com\/lt\/wp-json\/wp\/v2\/types\/product"}],"replies":[{"embeddable":true,"href":"https:\/\/happyinaknit.com\/lt\/wp-json\/wp\/v2\/comments?post=4934"}],"wp:featuredmedia":[{"embeddable":true,"href":"https:\/\/happyinaknit.com\/lt\/wp-json\/wp\/v2\/media\/4937"}],"wp:attachment":[{"href":"https:\/\/happyinaknit.com\/lt\/wp-json\/wp\/v2\/media?parent=4934"}],"wp:term":[{"taxonomy":"product_brand","embeddable":true,"href":"https:\/\/happyinaknit.com\/lt\/wp-json\/wp\/v2\/product_brand?post=4934"},{"taxonomy":"product_cat","embeddable":true,"href":"https:\/\/happyinaknit.com\/lt\/wp-json\/wp\/v2\/product_cat?post=4934"},{"taxonomy":"product_tag","embeddable":true,"href":"https:\/\/happyinaknit.com\/lt\/wp-json\/wp\/v2\/product_tag?post=4934"},{"taxonomy":"pro-kategorijos","embeddable":true,"href":"https:\/\/happyinaknit.com\/lt\/wp-json\/wp\/v2\/pro-kategorijos?post=4934"}],"curies":[{"name":"wp","href":"https:\/\/api.w.org\/{rel}","templated":true}]}}