{"id":4923,"date":"2025-10-13T20:54:44","date_gmt":"2025-10-13T20:54:44","guid":{"rendered":"https:\/\/happyinaknit.com\/?post_type=product&#038;p=4923"},"modified":"2025-10-13T22:31:04","modified_gmt":"2025-10-13T22:31:04","slug":"addi-click-hook-bamboo-prisukamu-vaseliu-rinkinys","status":"publish","type":"product","link":"https:\/\/happyinaknit.com\/lt\/produktas\/addi-click-hook-bamboo-prisukamu-vaseliu-rinkinys\/","title":{"rendered":"Addi Click  Hook  Bamboo prisukam\u0173 v\u0105\u0161eli\u0173 rinkinys"},"content":{"rendered":"<p><strong data-start=\"0\" data-end=\"53\">Addi Click Hook Bamboo prisukam\u0173 v\u0105\u0161eli\u0173 rinkinys<\/strong> \u2013 universalus ir prakti\u0161kas pasirinkimas tiek v\u0105\u0161elio, tiek virbal\u0173 m\u0117g\u0117jams. \u0160is rinkinys taps puikiu papildymu prie bet kurio \u201eAddi Click\u201c virbal\u0173 rinkinio.<\/p>\n<p>Tai auk\u0161tos kokyb\u0117s <strong data-start=\"456\" data-end=\"493\">bambukiniai prisukamieji v\u0105\u0161eliai<\/strong>, pagaminti i\u0161 nat\u016bralaus, lengvo ir \u0161ilto bambuko. \u0160is rinkinys puikiai dera su kitais <strong data-start=\"581\" data-end=\"597\">\u201eAddi Click\u201c<\/strong> serijos produktais \u2013 galite sujungti v\u0105\u0161el\u012f su bet kurio rinkinio virbalais arba valais. Tokiu b\u016bdu v\u0105\u0161elis virsta <strong data-start=\"713\" data-end=\"741\">tunisinio n\u0117rimo \u012frankiu<\/strong>, o ant valo galas gali b\u016bti u\u017efiksuotas <strong data-start=\"782\" data-end=\"794\">antgaliu<\/strong>, kad si\u016blai neslyst\u0173.<\/p>\n<p data-start=\"216\" data-end=\"236\"><strong data-start=\"216\" data-end=\"234\">Rinkinyje yra:<\/strong><\/p>\n<ul data-start=\"237\" data-end=\"390\">\n<li data-start=\"237\" data-end=\"339\">\n<p data-start=\"239\" data-end=\"339\"><strong data-start=\"239\" data-end=\"267\">8 prisukamieji v\u0105\u0161eliai:<\/strong> 3,5 mm \u00b7 4,0 mm \u00b7 4,5 mm \u00b7 5,0 mm \u00b7 5,5 mm \u00b7 6,0 mm \u00b7 7,0 mm \u00b7 8,0 mm<\/p>\n<\/li>\n<li data-start=\"237\" data-end=\"339\"><strong data-start=\"926\" data-end=\"939\">Med\u017eiaga:<\/strong> bambukas<\/li>\n<li data-start=\"340\" data-end=\"390\">\n<p data-start=\"342\" data-end=\"390\"><strong data-start=\"342\" data-end=\"360\">Patogus d\u0117klas<\/strong> laikymui ir transportavimui<\/p>\n<\/li>\n<\/ul>\n<p data-start=\"952\" data-end=\"1040\" data-is-last-node=\"\" data-is-only-node=\"\"><strong data-start=\"952\" data-end=\"964\">Pastaba:<\/strong> spalv\u0173 atspalviai gali \u0161iek tiek skirtis priklausomai nuo \u012frenginio ekrano.<\/p>\n","protected":false},"excerpt":{"rendered":"<p>Addi Click Hook Bamboo prisukam\u0173 v\u0105\u0161eli\u0173 rinkinys \u2013 universalus ir prakti\u0161kas pasirinkimas tiek v\u0105\u0161elio, tiek virbal\u0173 m\u0117g\u0117jams. \u0160is rinkinys taps puikiu papildymu prie bet kurio \u201eAddi Click\u201c virbal\u0173 rinkinio. Tai auk\u0161tos kokyb\u0117s bambukiniai prisukamieji v\u0105\u0161eliai, pagaminti i\u0161 nat\u016bralaus, lengvo ir \u0161ilto bambuko. \u0160is rinkinys puikiai dera su kitais \u201eAddi Click\u201c serijos produktais \u2013 galite sujungti [&hellip;]<\/p>\n","protected":false},"featured_media":4925,"comment_status":"open","ping_status":"closed","template":"","meta":{"_acf_changed":false},"product_brand":[786],"product_cat":[15,182,19,788],"product_tag":[33],"pro-kategorijos":[],"class_list":{"0":"post-4923","1":"product","2":"type-product","3":"status-publish","4":"has-post-thumbnail","6":"product_brand-addi","7":"product_cat-visi-produktai","8":"product_cat-ispardavimas","9":"product_cat-mezgimo-priemones","10":"product_cat-vaseliu-rinkiniai","11":"product_tag-ispardavimas","13":"first","14":"instock","15":"sale","16":"shipping-taxable","17":"purchasable","18":"product-type-simple"},"acf":[],"yoast_head":"<!-- This site is optimized with the Yoast SEO plugin v26.8 - https:\/\/yoast.com\/product\/yoast-seo-wordpress\/ -->\n<title>Addi Click Hook Bamboo prisukam\u0173 v\u0105\u0161eli\u0173 rinkinys - Happyinaknit.com<\/title>\n<meta name=\"robots\" content=\"index, follow, max-snippet:-1, max-image-preview:large, max-video-preview:-1\" \/>\n<link rel=\"canonical\" href=\"https:\/\/happyinaknit.com\/lt\/produktas\/addi-click-hook-bamboo-prisukamu-vaseliu-rinkinys\/\" \/>\n<meta property=\"og:locale\" content=\"lt_LT\" \/>\n<meta property=\"og:type\" content=\"article\" \/>\n<meta property=\"og:title\" content=\"Addi Click Hook Bamboo prisukam\u0173 v\u0105\u0161eli\u0173 rinkinys - Happyinaknit.com\" \/>\n<meta property=\"og:description\" content=\"Addi Click Hook Bamboo prisukam\u0173 v\u0105\u0161eli\u0173 rinkinys \u2013 universalus ir prakti\u0161kas pasirinkimas tiek v\u0105\u0161elio, tiek virbal\u0173 m\u0117g\u0117jams. \u0160is rinkinys taps puikiu papildymu prie bet kurio \u201eAddi Click\u201c virbal\u0173 rinkinio. Tai auk\u0161tos kokyb\u0117s bambukiniai prisukamieji v\u0105\u0161eliai, pagaminti i\u0161 nat\u016bralaus, lengvo ir \u0161ilto bambuko. \u0160is rinkinys puikiai dera su kitais \u201eAddi Click\u201c serijos produktais \u2013 galite sujungti [&hellip;]\" \/>\n<meta property=\"og:url\" content=\"https:\/\/happyinaknit.com\/lt\/produktas\/addi-click-hook-bamboo-prisukamu-vaseliu-rinkinys\/\" \/>\n<meta property=\"og:site_name\" content=\"Happyinaknit.com\" \/>\n<meta property=\"article:modified_time\" content=\"2025-10-13T22:31:04+00:00\" \/>\n<meta property=\"og:image\" content=\"https:\/\/happyinaknit.com\/wp-content\/uploads\/2025\/10\/IMG_9687.jpg\" \/>\n\t<meta property=\"og:image:width\" content=\"1320\" \/>\n\t<meta property=\"og:image:height\" content=\"1286\" \/>\n\t<meta property=\"og:image:type\" content=\"image\/jpeg\" \/>\n<meta name=\"twitter:card\" content=\"summary_large_image\" \/>\n<meta name=\"twitter:label1\" content=\"Est. reading time\" \/>\n\t<meta name=\"twitter:data1\" content=\"1 minut\u0117\" \/>\n<script type=\"application\/ld+json\" class=\"yoast-schema-graph\">{\"@context\":\"https:\/\/schema.org\",\"@graph\":[{\"@type\":\"WebPage\",\"@id\":\"https:\/\/happyinaknit.com\/produktas\/addi-click-hook-bamboo-prisukamu-vaseliu-rinkinys\/\",\"url\":\"https:\/\/happyinaknit.com\/produktas\/addi-click-hook-bamboo-prisukamu-vaseliu-rinkinys\/\",\"name\":\"Addi Click Hook Bamboo prisukam\u0173 v\u0105\u0161eli\u0173 rinkinys - Happyinaknit.com\",\"isPartOf\":{\"@id\":\"https:\/\/happyinaknit.com\/lt\/#website\"},\"primaryImageOfPage\":{\"@id\":\"https:\/\/happyinaknit.com\/produktas\/addi-click-hook-bamboo-prisukamu-vaseliu-rinkinys\/#primaryimage\"},\"image\":{\"@id\":\"https:\/\/happyinaknit.com\/produktas\/addi-click-hook-bamboo-prisukamu-vaseliu-rinkinys\/#primaryimage\"},\"thumbnailUrl\":\"https:\/\/happyinaknit.com\/wp-content\/uploads\/2025\/10\/IMG_9687.jpg\",\"datePublished\":\"2025-10-13T20:54:44+00:00\",\"dateModified\":\"2025-10-13T22:31:04+00:00\",\"breadcrumb\":{\"@id\":\"https:\/\/happyinaknit.com\/produktas\/addi-click-hook-bamboo-prisukamu-vaseliu-rinkinys\/#breadcrumb\"},\"inLanguage\":\"lt-LT\",\"potentialAction\":[{\"@type\":\"ReadAction\",\"target\":[\"https:\/\/happyinaknit.com\/produktas\/addi-click-hook-bamboo-prisukamu-vaseliu-rinkinys\/\"]}]},{\"@type\":\"ImageObject\",\"inLanguage\":\"lt-LT\",\"@id\":\"https:\/\/happyinaknit.com\/produktas\/addi-click-hook-bamboo-prisukamu-vaseliu-rinkinys\/#primaryimage\",\"url\":\"https:\/\/happyinaknit.com\/wp-content\/uploads\/2025\/10\/IMG_9687.jpg\",\"contentUrl\":\"https:\/\/happyinaknit.com\/wp-content\/uploads\/2025\/10\/IMG_9687.jpg\",\"width\":1320,\"height\":1286},{\"@type\":\"BreadcrumbList\",\"@id\":\"https:\/\/happyinaknit.com\/produktas\/addi-click-hook-bamboo-prisukamu-vaseliu-rinkinys\/#breadcrumb\",\"itemListElement\":[{\"@type\":\"ListItem\",\"position\":1,\"name\":\"Home\",\"item\":\"https:\/\/happyinaknit.com\/lt\/\"},{\"@type\":\"ListItem\",\"position\":2,\"name\":\"Parduotuv\u0117\",\"item\":\"https:\/\/happyinaknit.com\/lt\/parduotuve\/\"},{\"@type\":\"ListItem\",\"position\":3,\"name\":\"Addi Click Hook Bamboo prisukam\u0173 v\u0105\u0161eli\u0173 rinkinys\"}]},{\"@type\":\"WebSite\",\"@id\":\"https:\/\/happyinaknit.com\/lt\/#website\",\"url\":\"https:\/\/happyinaknit.com\/lt\/\",\"name\":\"Happyinaknit.com\",\"description\":\"\",\"potentialAction\":[{\"@type\":\"SearchAction\",\"target\":{\"@type\":\"EntryPoint\",\"urlTemplate\":\"https:\/\/happyinaknit.com\/lt\/?s={search_term_string}\"},\"query-input\":{\"@type\":\"PropertyValueSpecification\",\"valueRequired\":true,\"valueName\":\"search_term_string\"}}],\"inLanguage\":\"lt-LT\"}]}<\/script>\n<!-- \/ Yoast SEO plugin. -->","yoast_head_json":{"title":"Addi Click Hook Bamboo prisukam\u0173 v\u0105\u0161eli\u0173 rinkinys - Happyinaknit.com","robots":{"index":"index","follow":"follow","max-snippet":"max-snippet:-1","max-image-preview":"max-image-preview:large","max-video-preview":"max-video-preview:-1"},"canonical":"https:\/\/happyinaknit.com\/lt\/produktas\/addi-click-hook-bamboo-prisukamu-vaseliu-rinkinys\/","og_locale":"lt_LT","og_type":"article","og_title":"Addi Click Hook Bamboo prisukam\u0173 v\u0105\u0161eli\u0173 rinkinys - Happyinaknit.com","og_description":"Addi Click Hook Bamboo prisukam\u0173 v\u0105\u0161eli\u0173 rinkinys \u2013 universalus ir prakti\u0161kas pasirinkimas tiek v\u0105\u0161elio, tiek virbal\u0173 m\u0117g\u0117jams. \u0160is rinkinys taps puikiu papildymu prie bet kurio \u201eAddi Click\u201c virbal\u0173 rinkinio. Tai auk\u0161tos kokyb\u0117s bambukiniai prisukamieji v\u0105\u0161eliai, pagaminti i\u0161 nat\u016bralaus, lengvo ir \u0161ilto bambuko. \u0160is rinkinys puikiai dera su kitais \u201eAddi Click\u201c serijos produktais \u2013 galite sujungti [&hellip;]","og_url":"https:\/\/happyinaknit.com\/lt\/produktas\/addi-click-hook-bamboo-prisukamu-vaseliu-rinkinys\/","og_site_name":"Happyinaknit.com","article_modified_time":"2025-10-13T22:31:04+00:00","og_image":[{"width":1320,"height":1286,"url":"https:\/\/happyinaknit.com\/wp-content\/uploads\/2025\/10\/IMG_9687.jpg","type":"image\/jpeg"}],"twitter_card":"summary_large_image","twitter_misc":{"Est. reading time":"1 minut\u0117"},"schema":{"@context":"https:\/\/schema.org","@graph":[{"@type":"WebPage","@id":"https:\/\/happyinaknit.com\/produktas\/addi-click-hook-bamboo-prisukamu-vaseliu-rinkinys\/","url":"https:\/\/happyinaknit.com\/produktas\/addi-click-hook-bamboo-prisukamu-vaseliu-rinkinys\/","name":"Addi Click Hook Bamboo prisukam\u0173 v\u0105\u0161eli\u0173 rinkinys - Happyinaknit.com","isPartOf":{"@id":"https:\/\/happyinaknit.com\/lt\/#website"},"primaryImageOfPage":{"@id":"https:\/\/happyinaknit.com\/produktas\/addi-click-hook-bamboo-prisukamu-vaseliu-rinkinys\/#primaryimage"},"image":{"@id":"https:\/\/happyinaknit.com\/produktas\/addi-click-hook-bamboo-prisukamu-vaseliu-rinkinys\/#primaryimage"},"thumbnailUrl":"https:\/\/happyinaknit.com\/wp-content\/uploads\/2025\/10\/IMG_9687.jpg","datePublished":"2025-10-13T20:54:44+00:00","dateModified":"2025-10-13T22:31:04+00:00","breadcrumb":{"@id":"https:\/\/happyinaknit.com\/produktas\/addi-click-hook-bamboo-prisukamu-vaseliu-rinkinys\/#breadcrumb"},"inLanguage":"lt-LT","potentialAction":[{"@type":"ReadAction","target":["https:\/\/happyinaknit.com\/produktas\/addi-click-hook-bamboo-prisukamu-vaseliu-rinkinys\/"]}]},{"@type":"ImageObject","inLanguage":"lt-LT","@id":"https:\/\/happyinaknit.com\/produktas\/addi-click-hook-bamboo-prisukamu-vaseliu-rinkinys\/#primaryimage","url":"https:\/\/happyinaknit.com\/wp-content\/uploads\/2025\/10\/IMG_9687.jpg","contentUrl":"https:\/\/happyinaknit.com\/wp-content\/uploads\/2025\/10\/IMG_9687.jpg","width":1320,"height":1286},{"@type":"BreadcrumbList","@id":"https:\/\/happyinaknit.com\/produktas\/addi-click-hook-bamboo-prisukamu-vaseliu-rinkinys\/#breadcrumb","itemListElement":[{"@type":"ListItem","position":1,"name":"Home","item":"https:\/\/happyinaknit.com\/lt\/"},{"@type":"ListItem","position":2,"name":"Parduotuv\u0117","item":"https:\/\/happyinaknit.com\/lt\/parduotuve\/"},{"@type":"ListItem","position":3,"name":"Addi Click Hook Bamboo prisukam\u0173 v\u0105\u0161eli\u0173 rinkinys"}]},{"@type":"WebSite","@id":"https:\/\/happyinaknit.com\/lt\/#website","url":"https:\/\/happyinaknit.com\/lt\/","name":"Happyinaknit.com","description":"","potentialAction":[{"@type":"SearchAction","target":{"@type":"EntryPoint","urlTemplate":"https:\/\/happyinaknit.com\/lt\/?s={search_term_string}"},"query-input":{"@type":"PropertyValueSpecification","valueRequired":true,"valueName":"search_term_string"}}],"inLanguage":"lt-LT"}]}},"_links":{"self":[{"href":"https:\/\/happyinaknit.com\/lt\/wp-json\/wp\/v2\/product\/4923","targetHints":{"allow":["GET"]}}],"collection":[{"href":"https:\/\/happyinaknit.com\/lt\/wp-json\/wp\/v2\/product"}],"about":[{"href":"https:\/\/happyinaknit.com\/lt\/wp-json\/wp\/v2\/types\/product"}],"replies":[{"embeddable":true,"href":"https:\/\/happyinaknit.com\/lt\/wp-json\/wp\/v2\/comments?post=4923"}],"wp:featuredmedia":[{"embeddable":true,"href":"https:\/\/happyinaknit.com\/lt\/wp-json\/wp\/v2\/media\/4925"}],"wp:attachment":[{"href":"https:\/\/happyinaknit.com\/lt\/wp-json\/wp\/v2\/media?parent=4923"}],"wp:term":[{"taxonomy":"product_brand","embeddable":true,"href":"https:\/\/happyinaknit.com\/lt\/wp-json\/wp\/v2\/product_brand?post=4923"},{"taxonomy":"product_cat","embeddable":true,"href":"https:\/\/happyinaknit.com\/lt\/wp-json\/wp\/v2\/product_cat?post=4923"},{"taxonomy":"product_tag","embeddable":true,"href":"https:\/\/happyinaknit.com\/lt\/wp-json\/wp\/v2\/product_tag?post=4923"},{"taxonomy":"pro-kategorijos","embeddable":true,"href":"https:\/\/happyinaknit.com\/lt\/wp-json\/wp\/v2\/pro-kategorijos?post=4923"}],"curies":[{"name":"wp","href":"https:\/\/api.w.org\/{rel}","templated":true}]}}