{"id":4919,"date":"2025-10-13T20:42:56","date_gmt":"2025-10-13T20:42:56","guid":{"rendered":"https:\/\/happyinaknit.com\/?post_type=product&#038;p=4919"},"modified":"2025-10-13T20:43:59","modified_gmt":"2025-10-13T20:43:59","slug":"addi-click-basic-prisukamu-virbalu-rinkinys","status":"publish","type":"product","link":"https:\/\/happyinaknit.com\/lt\/produktas\/addi-click-basic-prisukamu-virbalu-rinkinys\/","title":{"rendered":"Addi Click Basic prisukam\u0173  virbal\u0173 rinkinys"},"content":{"rendered":"<p data-start=\"0\" data-end=\"232\"><strong data-start=\"0\" data-end=\"59\">Addi Click Basic prisukam\u0173j\u0173 virbal\u0173 rinkinys (12,5 cm)<\/strong> \u2013 klasikinis \u201eAddi\u201c serijos rinkinys, kuris sujungia voki\u0161k\u0105 kokyb\u0119, ilgaam\u017ei\u0161kum\u0105 ir patogum\u0105. Tai puikus pasirinkimas tiek pradedantiesiems, tiek patyrusiems mezg\u0117jams. \u00a0Tai universalus rinkinys, leid\u017eiantis lengvai keisti virbal\u0173 dyd\u017eius ir val\u0173 ilg\u012f pagal projekt\u0105. Virbalai pagaminti i\u0161 auk\u0161tos kokyb\u0117s metalo, tod\u0117l si\u016blai tolygiai slysta, o mezgimas yra itin malonus. Patikima \u201eClick\u201c jungimo sistema u\u017etikrina tvirt\u0105 ir saug\u0173 sujungim\u0105 be joki\u0173 \u012franki\u0173.<\/p>\n<p data-start=\"234\" data-end=\"254\"><strong data-start=\"234\" data-end=\"252\">Rinkinyje yra:<\/strong><\/p>\n<ul data-start=\"255\" data-end=\"521\">\n<li data-start=\"255\" data-end=\"400\">\n<p data-start=\"257\" data-end=\"400\"><strong data-start=\"257\" data-end=\"288\">10 por\u0173 prisukam\u0173j\u0173 virbal\u0173<\/strong> (12,5 cm ilgio):<br data-start=\"305\" data-end=\"308\" \/>3,5 mm \u00b7 4,0 mm \u00b7 4,5 mm \u00b7 5,0 mm \u00b7 5,5 mm \u00b7 6,0 mm \u00b7 7,0 mm \u00b7 8,0 mm \u00b7 9,0 mm \u00b7 10,0 mm<\/p>\n<\/li>\n<li data-start=\"401\" data-end=\"440\">\n<p data-start=\"403\" data-end=\"440\"><strong data-start=\"403\" data-end=\"415\">3 valai:<\/strong> 60 cm \u00b7 80 cm \u00b7 100 cm<\/p>\n<\/li>\n<li data-start=\"441\" data-end=\"521\">\n<p data-start=\"443\" data-end=\"521\"><strong data-start=\"443\" data-end=\"464\">Jungiamoji detal\u0117<\/strong>, leid\u017eianti sujungti du valus ir pasiekti didesn\u012f ilg\u012f<\/p>\n<\/li>\n<\/ul>\n<p data-start=\"523\" data-end=\"546\"><strong data-start=\"523\" data-end=\"536\">Med\u017eiaga:<\/strong> metalas<\/p>\n<p data-start=\"879\" data-end=\"967\" data-is-last-node=\"\" data-is-only-node=\"\"><strong data-start=\"879\" data-end=\"891\">Pastaba:<\/strong> spalv\u0173 atspalviai gali \u0161iek tiek skirtis priklausomai nuo \u012frenginio ekrano.<\/p>\n","protected":false},"excerpt":{"rendered":"<p>Addi Click Basic prisukam\u0173j\u0173 virbal\u0173 rinkinys (12,5 cm) \u2013 klasikinis \u201eAddi\u201c serijos rinkinys, kuris sujungia voki\u0161k\u0105 kokyb\u0119, ilgaam\u017ei\u0161kum\u0105 ir patogum\u0105. Tai puikus pasirinkimas tiek pradedantiesiems, tiek patyrusiems mezg\u0117jams. \u00a0Tai universalus rinkinys, leid\u017eiantis lengvai keisti virbal\u0173 dyd\u017eius ir val\u0173 ilg\u012f pagal projekt\u0105. Virbalai pagaminti i\u0161 auk\u0161tos kokyb\u0117s metalo, tod\u0117l si\u016blai tolygiai slysta, o mezgimas yra itin [&hellip;]<\/p>\n","protected":false},"featured_media":4921,"comment_status":"open","ping_status":"closed","template":"","meta":{"_acf_changed":false},"product_brand":[786],"product_cat":[15,182,19,861],"product_tag":[33],"pro-kategorijos":[],"class_list":{"0":"post-4919","1":"product","2":"type-product","3":"status-publish","4":"has-post-thumbnail","6":"product_brand-addi","7":"product_cat-visi-produktai","8":"product_cat-ispardavimas","9":"product_cat-mezgimo-priemones","10":"product_cat-virbalu-rinkiniai","11":"product_tag-ispardavimas","13":"first","14":"instock","15":"sale","16":"shipping-taxable","17":"purchasable","18":"product-type-simple"},"acf":[],"yoast_head":"<!-- This site is optimized with the Yoast SEO plugin v26.8 - https:\/\/yoast.com\/product\/yoast-seo-wordpress\/ -->\n<title>Addi Click Basic prisukam\u0173 virbal\u0173 rinkinys - Happyinaknit.com<\/title>\n<meta name=\"robots\" content=\"index, follow, max-snippet:-1, max-image-preview:large, max-video-preview:-1\" \/>\n<link rel=\"canonical\" href=\"https:\/\/happyinaknit.com\/lt\/produktas\/addi-click-basic-prisukamu-virbalu-rinkinys\/\" \/>\n<meta property=\"og:locale\" content=\"lt_LT\" \/>\n<meta property=\"og:type\" content=\"article\" \/>\n<meta property=\"og:title\" content=\"Addi Click Basic prisukam\u0173 virbal\u0173 rinkinys - Happyinaknit.com\" \/>\n<meta property=\"og:description\" content=\"Addi Click Basic prisukam\u0173j\u0173 virbal\u0173 rinkinys (12,5 cm) \u2013 klasikinis \u201eAddi\u201c serijos rinkinys, kuris sujungia voki\u0161k\u0105 kokyb\u0119, ilgaam\u017ei\u0161kum\u0105 ir patogum\u0105. Tai puikus pasirinkimas tiek pradedantiesiems, tiek patyrusiems mezg\u0117jams. \u00a0Tai universalus rinkinys, leid\u017eiantis lengvai keisti virbal\u0173 dyd\u017eius ir val\u0173 ilg\u012f pagal projekt\u0105. Virbalai pagaminti i\u0161 auk\u0161tos kokyb\u0117s metalo, tod\u0117l si\u016blai tolygiai slysta, o mezgimas yra itin [&hellip;]\" \/>\n<meta property=\"og:url\" content=\"https:\/\/happyinaknit.com\/lt\/produktas\/addi-click-basic-prisukamu-virbalu-rinkinys\/\" \/>\n<meta property=\"og:site_name\" content=\"Happyinaknit.com\" \/>\n<meta property=\"article:modified_time\" content=\"2025-10-13T20:43:59+00:00\" \/>\n<meta property=\"og:image\" content=\"https:\/\/happyinaknit.com\/wp-content\/uploads\/2025\/10\/IMG_9684-2.png\" \/>\n\t<meta property=\"og:image:width\" content=\"1200\" \/>\n\t<meta property=\"og:image:height\" content=\"1200\" \/>\n\t<meta property=\"og:image:type\" content=\"image\/png\" \/>\n<meta name=\"twitter:card\" content=\"summary_large_image\" \/>\n<meta name=\"twitter:label1\" content=\"Est. reading time\" \/>\n\t<meta name=\"twitter:data1\" content=\"1 minut\u0117\" \/>\n<script type=\"application\/ld+json\" class=\"yoast-schema-graph\">{\"@context\":\"https:\/\/schema.org\",\"@graph\":[{\"@type\":\"WebPage\",\"@id\":\"https:\/\/happyinaknit.com\/produktas\/addi-click-basic-prisukamu-virbalu-rinkinys\/\",\"url\":\"https:\/\/happyinaknit.com\/produktas\/addi-click-basic-prisukamu-virbalu-rinkinys\/\",\"name\":\"Addi Click Basic prisukam\u0173 virbal\u0173 rinkinys - Happyinaknit.com\",\"isPartOf\":{\"@id\":\"https:\/\/happyinaknit.com\/lt\/#website\"},\"primaryImageOfPage\":{\"@id\":\"https:\/\/happyinaknit.com\/produktas\/addi-click-basic-prisukamu-virbalu-rinkinys\/#primaryimage\"},\"image\":{\"@id\":\"https:\/\/happyinaknit.com\/produktas\/addi-click-basic-prisukamu-virbalu-rinkinys\/#primaryimage\"},\"thumbnailUrl\":\"https:\/\/happyinaknit.com\/wp-content\/uploads\/2025\/10\/IMG_9684-2.png\",\"datePublished\":\"2025-10-13T20:42:56+00:00\",\"dateModified\":\"2025-10-13T20:43:59+00:00\",\"breadcrumb\":{\"@id\":\"https:\/\/happyinaknit.com\/produktas\/addi-click-basic-prisukamu-virbalu-rinkinys\/#breadcrumb\"},\"inLanguage\":\"lt-LT\",\"potentialAction\":[{\"@type\":\"ReadAction\",\"target\":[\"https:\/\/happyinaknit.com\/produktas\/addi-click-basic-prisukamu-virbalu-rinkinys\/\"]}]},{\"@type\":\"ImageObject\",\"inLanguage\":\"lt-LT\",\"@id\":\"https:\/\/happyinaknit.com\/produktas\/addi-click-basic-prisukamu-virbalu-rinkinys\/#primaryimage\",\"url\":\"https:\/\/happyinaknit.com\/wp-content\/uploads\/2025\/10\/IMG_9684-2.png\",\"contentUrl\":\"https:\/\/happyinaknit.com\/wp-content\/uploads\/2025\/10\/IMG_9684-2.png\",\"width\":1200,\"height\":1200},{\"@type\":\"BreadcrumbList\",\"@id\":\"https:\/\/happyinaknit.com\/produktas\/addi-click-basic-prisukamu-virbalu-rinkinys\/#breadcrumb\",\"itemListElement\":[{\"@type\":\"ListItem\",\"position\":1,\"name\":\"Home\",\"item\":\"https:\/\/happyinaknit.com\/lt\/\"},{\"@type\":\"ListItem\",\"position\":2,\"name\":\"Parduotuv\u0117\",\"item\":\"https:\/\/happyinaknit.com\/lt\/parduotuve\/\"},{\"@type\":\"ListItem\",\"position\":3,\"name\":\"Addi Click Basic prisukam\u0173 virbal\u0173 rinkinys\"}]},{\"@type\":\"WebSite\",\"@id\":\"https:\/\/happyinaknit.com\/lt\/#website\",\"url\":\"https:\/\/happyinaknit.com\/lt\/\",\"name\":\"Happyinaknit.com\",\"description\":\"\",\"potentialAction\":[{\"@type\":\"SearchAction\",\"target\":{\"@type\":\"EntryPoint\",\"urlTemplate\":\"https:\/\/happyinaknit.com\/lt\/?s={search_term_string}\"},\"query-input\":{\"@type\":\"PropertyValueSpecification\",\"valueRequired\":true,\"valueName\":\"search_term_string\"}}],\"inLanguage\":\"lt-LT\"}]}<\/script>\n<!-- \/ Yoast SEO plugin. -->","yoast_head_json":{"title":"Addi Click Basic prisukam\u0173 virbal\u0173 rinkinys - Happyinaknit.com","robots":{"index":"index","follow":"follow","max-snippet":"max-snippet:-1","max-image-preview":"max-image-preview:large","max-video-preview":"max-video-preview:-1"},"canonical":"https:\/\/happyinaknit.com\/lt\/produktas\/addi-click-basic-prisukamu-virbalu-rinkinys\/","og_locale":"lt_LT","og_type":"article","og_title":"Addi Click Basic prisukam\u0173 virbal\u0173 rinkinys - Happyinaknit.com","og_description":"Addi Click Basic prisukam\u0173j\u0173 virbal\u0173 rinkinys (12,5 cm) \u2013 klasikinis \u201eAddi\u201c serijos rinkinys, kuris sujungia voki\u0161k\u0105 kokyb\u0119, ilgaam\u017ei\u0161kum\u0105 ir patogum\u0105. Tai puikus pasirinkimas tiek pradedantiesiems, tiek patyrusiems mezg\u0117jams. \u00a0Tai universalus rinkinys, leid\u017eiantis lengvai keisti virbal\u0173 dyd\u017eius ir val\u0173 ilg\u012f pagal projekt\u0105. Virbalai pagaminti i\u0161 auk\u0161tos kokyb\u0117s metalo, tod\u0117l si\u016blai tolygiai slysta, o mezgimas yra itin [&hellip;]","og_url":"https:\/\/happyinaknit.com\/lt\/produktas\/addi-click-basic-prisukamu-virbalu-rinkinys\/","og_site_name":"Happyinaknit.com","article_modified_time":"2025-10-13T20:43:59+00:00","og_image":[{"width":1200,"height":1200,"url":"https:\/\/happyinaknit.com\/wp-content\/uploads\/2025\/10\/IMG_9684-2.png","type":"image\/png"}],"twitter_card":"summary_large_image","twitter_misc":{"Est. reading time":"1 minut\u0117"},"schema":{"@context":"https:\/\/schema.org","@graph":[{"@type":"WebPage","@id":"https:\/\/happyinaknit.com\/produktas\/addi-click-basic-prisukamu-virbalu-rinkinys\/","url":"https:\/\/happyinaknit.com\/produktas\/addi-click-basic-prisukamu-virbalu-rinkinys\/","name":"Addi Click Basic prisukam\u0173 virbal\u0173 rinkinys - Happyinaknit.com","isPartOf":{"@id":"https:\/\/happyinaknit.com\/lt\/#website"},"primaryImageOfPage":{"@id":"https:\/\/happyinaknit.com\/produktas\/addi-click-basic-prisukamu-virbalu-rinkinys\/#primaryimage"},"image":{"@id":"https:\/\/happyinaknit.com\/produktas\/addi-click-basic-prisukamu-virbalu-rinkinys\/#primaryimage"},"thumbnailUrl":"https:\/\/happyinaknit.com\/wp-content\/uploads\/2025\/10\/IMG_9684-2.png","datePublished":"2025-10-13T20:42:56+00:00","dateModified":"2025-10-13T20:43:59+00:00","breadcrumb":{"@id":"https:\/\/happyinaknit.com\/produktas\/addi-click-basic-prisukamu-virbalu-rinkinys\/#breadcrumb"},"inLanguage":"lt-LT","potentialAction":[{"@type":"ReadAction","target":["https:\/\/happyinaknit.com\/produktas\/addi-click-basic-prisukamu-virbalu-rinkinys\/"]}]},{"@type":"ImageObject","inLanguage":"lt-LT","@id":"https:\/\/happyinaknit.com\/produktas\/addi-click-basic-prisukamu-virbalu-rinkinys\/#primaryimage","url":"https:\/\/happyinaknit.com\/wp-content\/uploads\/2025\/10\/IMG_9684-2.png","contentUrl":"https:\/\/happyinaknit.com\/wp-content\/uploads\/2025\/10\/IMG_9684-2.png","width":1200,"height":1200},{"@type":"BreadcrumbList","@id":"https:\/\/happyinaknit.com\/produktas\/addi-click-basic-prisukamu-virbalu-rinkinys\/#breadcrumb","itemListElement":[{"@type":"ListItem","position":1,"name":"Home","item":"https:\/\/happyinaknit.com\/lt\/"},{"@type":"ListItem","position":2,"name":"Parduotuv\u0117","item":"https:\/\/happyinaknit.com\/lt\/parduotuve\/"},{"@type":"ListItem","position":3,"name":"Addi Click Basic prisukam\u0173 virbal\u0173 rinkinys"}]},{"@type":"WebSite","@id":"https:\/\/happyinaknit.com\/lt\/#website","url":"https:\/\/happyinaknit.com\/lt\/","name":"Happyinaknit.com","description":"","potentialAction":[{"@type":"SearchAction","target":{"@type":"EntryPoint","urlTemplate":"https:\/\/happyinaknit.com\/lt\/?s={search_term_string}"},"query-input":{"@type":"PropertyValueSpecification","valueRequired":true,"valueName":"search_term_string"}}],"inLanguage":"lt-LT"}]}},"_links":{"self":[{"href":"https:\/\/happyinaknit.com\/lt\/wp-json\/wp\/v2\/product\/4919","targetHints":{"allow":["GET"]}}],"collection":[{"href":"https:\/\/happyinaknit.com\/lt\/wp-json\/wp\/v2\/product"}],"about":[{"href":"https:\/\/happyinaknit.com\/lt\/wp-json\/wp\/v2\/types\/product"}],"replies":[{"embeddable":true,"href":"https:\/\/happyinaknit.com\/lt\/wp-json\/wp\/v2\/comments?post=4919"}],"wp:featuredmedia":[{"embeddable":true,"href":"https:\/\/happyinaknit.com\/lt\/wp-json\/wp\/v2\/media\/4921"}],"wp:attachment":[{"href":"https:\/\/happyinaknit.com\/lt\/wp-json\/wp\/v2\/media?parent=4919"}],"wp:term":[{"taxonomy":"product_brand","embeddable":true,"href":"https:\/\/happyinaknit.com\/lt\/wp-json\/wp\/v2\/product_brand?post=4919"},{"taxonomy":"product_cat","embeddable":true,"href":"https:\/\/happyinaknit.com\/lt\/wp-json\/wp\/v2\/product_cat?post=4919"},{"taxonomy":"product_tag","embeddable":true,"href":"https:\/\/happyinaknit.com\/lt\/wp-json\/wp\/v2\/product_tag?post=4919"},{"taxonomy":"pro-kategorijos","embeddable":true,"href":"https:\/\/happyinaknit.com\/lt\/wp-json\/wp\/v2\/pro-kategorijos?post=4919"}],"curies":[{"name":"wp","href":"https:\/\/api.w.org\/{rel}","templated":true}]}}