{"id":4908,"date":"2025-10-13T20:03:06","date_gmt":"2025-10-13T20:03:06","guid":{"rendered":"https:\/\/happyinaknit.com\/?post_type=product&#038;p=4908"},"modified":"2025-10-22T20:52:21","modified_gmt":"2025-10-22T20:52:21","slug":"chiaogoo-twist-yellow-shorties-prisukamuju-metaliniu-virbalu-rinkinys-8-cm","status":"publish","type":"product","link":"https:\/\/happyinaknit.com\/lt\/produktas\/chiaogoo-twist-yellow-shorties-prisukamuju-metaliniu-virbalu-rinkinys-8-cm\/","title":{"rendered":"Chiaogoo Twist Yellow Shorties  prisukam\u0173j\u0173 metalini\u0173 virbal\u0173 rinkinys 8 cm"},"content":{"rendered":"<p data-start=\"0\" data-end=\"322\"><strong data-start=\"0\" data-end=\"80\">ChiaoGoo TWIST Yellow Shorties prisukam\u0173j\u0173 metalini\u0173 virbal\u0173 rinkinys (8 cm)<\/strong> \u2013 kompakti\u0161kas ir itin patogus rinkinys ma\u017eiems mezgimo projektams, pavyzd\u017eiui, rankov\u0117ms ar kepur\u0117ms megzti ratu. Naudodami rinkinyje esan\u010dius valus galite sudaryti trumpus apskritus virbalus, kuri\u0173 bendras ilgis bus <strong data-start=\"299\" data-end=\"319\">30 cm arba 36 cm<\/strong>.<\/p>\n<p data-start=\"324\" data-end=\"344\"><strong data-start=\"324\" data-end=\"342\">Rinkinyje yra:<\/strong><\/p>\n<ul data-start=\"345\" data-end=\"755\">\n<li data-start=\"345\" data-end=\"436\">\n<p data-start=\"347\" data-end=\"436\">4 poros 8 cm ilgio prisukam\u0173j\u0173 metalini\u0173 virbal\u0173:<br data-start=\"396\" data-end=\"399\" \/>5,5 mm \u00b7 6,0 mm \u00b7 6,5 mm \u00b7 8,0 mm<\/p>\n<\/li>\n<li data-start=\"437\" data-end=\"549\">\n<p data-start=\"439\" data-end=\"549\">3 skaidr\u016bs pasisukantys <strong data-start=\"463\" data-end=\"487\">SWIV360 Silver Cable<\/strong> valai (L tipo jungtis):<br data-start=\"511\" data-end=\"514\" \/>15 cm (2 vnt.) \u00b7 20 cm (1 vnt.)<\/p>\n<\/li>\n<li data-start=\"550\" data-end=\"755\">\n<p data-start=\"552\" data-end=\"573\">Aksesuar\u0173 rinkinys:<\/p>\n<ul data-start=\"576\" data-end=\"755\">\n<li data-start=\"576\" data-end=\"600\">\n<p data-start=\"578\" data-end=\"600\">Antgaliai<\/p>\n<\/li>\n<li data-start=\"603\" data-end=\"626\">\n<p data-start=\"605\" data-end=\"626\">U\u017ever\u017eimo rakteliai<\/p>\n<\/li>\n<li data-start=\"629\" data-end=\"655\">\n<p data-start=\"631\" data-end=\"655\">Jungtys (konnektoriai)<\/p>\n<\/li>\n<li data-start=\"658\" data-end=\"679\">\n<p data-start=\"660\" data-end=\"679\">Apval\u016bs \u017eymekliai<\/p>\n<\/li>\n<li data-start=\"682\" data-end=\"712\">\n<p data-start=\"684\" data-end=\"712\">\u0160irdel\u0117s formos spaustukas<\/p>\n<\/li>\n<li data-start=\"715\" data-end=\"755\">\n<p data-start=\"717\" data-end=\"755\">Virbal\u0173 dyd\u017eio matuoklis su liniuote<\/p>\n<\/li>\n<\/ul>\n<\/li>\n<\/ul>\n<p data-start=\"757\" data-end=\"865\"><strong data-start=\"757\" data-end=\"768\">D\u0117klas:<\/strong><br data-start=\"768\" data-end=\"771\" \/>Kompakti\u0161kas geltonos spalvos nailoninis d\u0117klas su u\u017etrauktuku<br data-start=\"833\" data-end=\"836\" \/>I\u0161matavimai: <strong data-start=\"849\" data-end=\"863\">12 \u00d7 10 cm<\/strong><\/p>\n<p data-start=\"1208\" data-end=\"1296\" data-is-last-node=\"\" data-is-only-node=\"\"><strong data-start=\"1208\" data-end=\"1220\">Pastaba:<\/strong> spalv\u0173 atspalviai gali \u0161iek tiek skirtis priklausomai nuo \u012frenginio ekrano.<\/p>\n","protected":false},"excerpt":{"rendered":"<p>ChiaoGoo TWIST Yellow Shorties prisukam\u0173j\u0173 metalini\u0173 virbal\u0173 rinkinys (8 cm) \u2013 kompakti\u0161kas ir itin patogus rinkinys ma\u017eiems mezgimo projektams, pavyzd\u017eiui, rankov\u0117ms ar kepur\u0117ms megzti ratu. Naudodami rinkinyje esan\u010dius valus galite sudaryti trumpus apskritus virbalus, kuri\u0173 bendras ilgis bus 30 cm arba 36 cm. Rinkinyje yra: 4 poros 8 cm ilgio prisukam\u0173j\u0173 metalini\u0173 virbal\u0173:5,5 mm \u00b7 [&hellip;]<\/p>\n","protected":false},"featured_media":4910,"comment_status":"open","ping_status":"closed","template":"","meta":{"_acf_changed":false},"product_brand":[166],"product_cat":[15,19,861],"product_tag":[],"pro-kategorijos":[],"class_list":{"0":"post-4908","1":"product","2":"type-product","3":"status-publish","4":"has-post-thumbnail","6":"product_brand-chiaogoo","7":"product_cat-visi-produktai","8":"product_cat-mezgimo-priemones","9":"product_cat-virbalu-rinkiniai","11":"first","12":"outofstock","13":"shipping-taxable","14":"purchasable","15":"product-type-simple"},"acf":[],"yoast_head":"<!-- This site is optimized with the Yoast SEO plugin v26.8 - https:\/\/yoast.com\/product\/yoast-seo-wordpress\/ -->\n<title>Chiaogoo Twist Yellow Shorties prisukam\u0173j\u0173 metalini\u0173 virbal\u0173 rinkinys 8 cm - Happyinaknit.com<\/title>\n<meta name=\"robots\" content=\"index, follow, max-snippet:-1, max-image-preview:large, max-video-preview:-1\" \/>\n<link rel=\"canonical\" href=\"https:\/\/happyinaknit.com\/lt\/produktas\/chiaogoo-twist-yellow-shorties-prisukamuju-metaliniu-virbalu-rinkinys-8-cm\/\" \/>\n<meta property=\"og:locale\" content=\"lt_LT\" \/>\n<meta property=\"og:type\" content=\"article\" \/>\n<meta property=\"og:title\" content=\"Chiaogoo Twist Yellow Shorties prisukam\u0173j\u0173 metalini\u0173 virbal\u0173 rinkinys 8 cm - Happyinaknit.com\" \/>\n<meta property=\"og:description\" content=\"ChiaoGoo TWIST Yellow Shorties prisukam\u0173j\u0173 metalini\u0173 virbal\u0173 rinkinys (8 cm) \u2013 kompakti\u0161kas ir itin patogus rinkinys ma\u017eiems mezgimo projektams, pavyzd\u017eiui, rankov\u0117ms ar kepur\u0117ms megzti ratu. Naudodami rinkinyje esan\u010dius valus galite sudaryti trumpus apskritus virbalus, kuri\u0173 bendras ilgis bus 30 cm arba 36 cm. Rinkinyje yra: 4 poros 8 cm ilgio prisukam\u0173j\u0173 metalini\u0173 virbal\u0173:5,5 mm \u00b7 [&hellip;]\" \/>\n<meta property=\"og:url\" content=\"https:\/\/happyinaknit.com\/lt\/produktas\/chiaogoo-twist-yellow-shorties-prisukamuju-metaliniu-virbalu-rinkinys-8-cm\/\" \/>\n<meta property=\"og:site_name\" content=\"Happyinaknit.com\" \/>\n<meta property=\"article:modified_time\" content=\"2025-10-22T20:52:21+00:00\" \/>\n<meta property=\"og:image\" content=\"https:\/\/happyinaknit.com\/wp-content\/uploads\/2025\/10\/IMG_9679.webp\" \/>\n\t<meta property=\"og:image:width\" content=\"1080\" \/>\n\t<meta property=\"og:image:height\" content=\"1080\" \/>\n\t<meta property=\"og:image:type\" content=\"image\/webp\" \/>\n<meta name=\"twitter:card\" content=\"summary_large_image\" \/>\n<meta name=\"twitter:label1\" content=\"Est. reading time\" \/>\n\t<meta name=\"twitter:data1\" content=\"1 minut\u0117\" \/>\n<script type=\"application\/ld+json\" class=\"yoast-schema-graph\">{\"@context\":\"https:\/\/schema.org\",\"@graph\":[{\"@type\":\"WebPage\",\"@id\":\"https:\/\/happyinaknit.com\/produktas\/chiaogoo-twist-yellow-shorties-prisukamuju-metaliniu-virbalu-rinkinys-8-cm\/\",\"url\":\"https:\/\/happyinaknit.com\/produktas\/chiaogoo-twist-yellow-shorties-prisukamuju-metaliniu-virbalu-rinkinys-8-cm\/\",\"name\":\"Chiaogoo Twist Yellow Shorties prisukam\u0173j\u0173 metalini\u0173 virbal\u0173 rinkinys 8 cm - Happyinaknit.com\",\"isPartOf\":{\"@id\":\"https:\/\/happyinaknit.com\/lt\/#website\"},\"primaryImageOfPage\":{\"@id\":\"https:\/\/happyinaknit.com\/produktas\/chiaogoo-twist-yellow-shorties-prisukamuju-metaliniu-virbalu-rinkinys-8-cm\/#primaryimage\"},\"image\":{\"@id\":\"https:\/\/happyinaknit.com\/produktas\/chiaogoo-twist-yellow-shorties-prisukamuju-metaliniu-virbalu-rinkinys-8-cm\/#primaryimage\"},\"thumbnailUrl\":\"https:\/\/happyinaknit.com\/wp-content\/uploads\/2025\/10\/IMG_9679.webp\",\"datePublished\":\"2025-10-13T20:03:06+00:00\",\"dateModified\":\"2025-10-22T20:52:21+00:00\",\"breadcrumb\":{\"@id\":\"https:\/\/happyinaknit.com\/produktas\/chiaogoo-twist-yellow-shorties-prisukamuju-metaliniu-virbalu-rinkinys-8-cm\/#breadcrumb\"},\"inLanguage\":\"lt-LT\",\"potentialAction\":[{\"@type\":\"ReadAction\",\"target\":[\"https:\/\/happyinaknit.com\/produktas\/chiaogoo-twist-yellow-shorties-prisukamuju-metaliniu-virbalu-rinkinys-8-cm\/\"]}]},{\"@type\":\"ImageObject\",\"inLanguage\":\"lt-LT\",\"@id\":\"https:\/\/happyinaknit.com\/produktas\/chiaogoo-twist-yellow-shorties-prisukamuju-metaliniu-virbalu-rinkinys-8-cm\/#primaryimage\",\"url\":\"https:\/\/happyinaknit.com\/wp-content\/uploads\/2025\/10\/IMG_9679.webp\",\"contentUrl\":\"https:\/\/happyinaknit.com\/wp-content\/uploads\/2025\/10\/IMG_9679.webp\",\"width\":1080,\"height\":1080},{\"@type\":\"BreadcrumbList\",\"@id\":\"https:\/\/happyinaknit.com\/produktas\/chiaogoo-twist-yellow-shorties-prisukamuju-metaliniu-virbalu-rinkinys-8-cm\/#breadcrumb\",\"itemListElement\":[{\"@type\":\"ListItem\",\"position\":1,\"name\":\"Home\",\"item\":\"https:\/\/happyinaknit.com\/lt\/\"},{\"@type\":\"ListItem\",\"position\":2,\"name\":\"Parduotuv\u0117\",\"item\":\"https:\/\/happyinaknit.com\/lt\/parduotuve\/\"},{\"@type\":\"ListItem\",\"position\":3,\"name\":\"Chiaogoo Twist Yellow Shorties prisukam\u0173j\u0173 metalini\u0173 virbal\u0173 rinkinys 8 cm\"}]},{\"@type\":\"WebSite\",\"@id\":\"https:\/\/happyinaknit.com\/lt\/#website\",\"url\":\"https:\/\/happyinaknit.com\/lt\/\",\"name\":\"Happyinaknit.com\",\"description\":\"\",\"potentialAction\":[{\"@type\":\"SearchAction\",\"target\":{\"@type\":\"EntryPoint\",\"urlTemplate\":\"https:\/\/happyinaknit.com\/lt\/?s={search_term_string}\"},\"query-input\":{\"@type\":\"PropertyValueSpecification\",\"valueRequired\":true,\"valueName\":\"search_term_string\"}}],\"inLanguage\":\"lt-LT\"}]}<\/script>\n<!-- \/ Yoast SEO plugin. -->","yoast_head_json":{"title":"Chiaogoo Twist Yellow Shorties prisukam\u0173j\u0173 metalini\u0173 virbal\u0173 rinkinys 8 cm - Happyinaknit.com","robots":{"index":"index","follow":"follow","max-snippet":"max-snippet:-1","max-image-preview":"max-image-preview:large","max-video-preview":"max-video-preview:-1"},"canonical":"https:\/\/happyinaknit.com\/lt\/produktas\/chiaogoo-twist-yellow-shorties-prisukamuju-metaliniu-virbalu-rinkinys-8-cm\/","og_locale":"lt_LT","og_type":"article","og_title":"Chiaogoo Twist Yellow Shorties prisukam\u0173j\u0173 metalini\u0173 virbal\u0173 rinkinys 8 cm - Happyinaknit.com","og_description":"ChiaoGoo TWIST Yellow Shorties prisukam\u0173j\u0173 metalini\u0173 virbal\u0173 rinkinys (8 cm) \u2013 kompakti\u0161kas ir itin patogus rinkinys ma\u017eiems mezgimo projektams, pavyzd\u017eiui, rankov\u0117ms ar kepur\u0117ms megzti ratu. Naudodami rinkinyje esan\u010dius valus galite sudaryti trumpus apskritus virbalus, kuri\u0173 bendras ilgis bus 30 cm arba 36 cm. Rinkinyje yra: 4 poros 8 cm ilgio prisukam\u0173j\u0173 metalini\u0173 virbal\u0173:5,5 mm \u00b7 [&hellip;]","og_url":"https:\/\/happyinaknit.com\/lt\/produktas\/chiaogoo-twist-yellow-shorties-prisukamuju-metaliniu-virbalu-rinkinys-8-cm\/","og_site_name":"Happyinaknit.com","article_modified_time":"2025-10-22T20:52:21+00:00","og_image":[{"width":1080,"height":1080,"url":"https:\/\/happyinaknit.com\/wp-content\/uploads\/2025\/10\/IMG_9679.webp","type":"image\/webp"}],"twitter_card":"summary_large_image","twitter_misc":{"Est. reading time":"1 minut\u0117"},"schema":{"@context":"https:\/\/schema.org","@graph":[{"@type":"WebPage","@id":"https:\/\/happyinaknit.com\/produktas\/chiaogoo-twist-yellow-shorties-prisukamuju-metaliniu-virbalu-rinkinys-8-cm\/","url":"https:\/\/happyinaknit.com\/produktas\/chiaogoo-twist-yellow-shorties-prisukamuju-metaliniu-virbalu-rinkinys-8-cm\/","name":"Chiaogoo Twist Yellow Shorties prisukam\u0173j\u0173 metalini\u0173 virbal\u0173 rinkinys 8 cm - Happyinaknit.com","isPartOf":{"@id":"https:\/\/happyinaknit.com\/lt\/#website"},"primaryImageOfPage":{"@id":"https:\/\/happyinaknit.com\/produktas\/chiaogoo-twist-yellow-shorties-prisukamuju-metaliniu-virbalu-rinkinys-8-cm\/#primaryimage"},"image":{"@id":"https:\/\/happyinaknit.com\/produktas\/chiaogoo-twist-yellow-shorties-prisukamuju-metaliniu-virbalu-rinkinys-8-cm\/#primaryimage"},"thumbnailUrl":"https:\/\/happyinaknit.com\/wp-content\/uploads\/2025\/10\/IMG_9679.webp","datePublished":"2025-10-13T20:03:06+00:00","dateModified":"2025-10-22T20:52:21+00:00","breadcrumb":{"@id":"https:\/\/happyinaknit.com\/produktas\/chiaogoo-twist-yellow-shorties-prisukamuju-metaliniu-virbalu-rinkinys-8-cm\/#breadcrumb"},"inLanguage":"lt-LT","potentialAction":[{"@type":"ReadAction","target":["https:\/\/happyinaknit.com\/produktas\/chiaogoo-twist-yellow-shorties-prisukamuju-metaliniu-virbalu-rinkinys-8-cm\/"]}]},{"@type":"ImageObject","inLanguage":"lt-LT","@id":"https:\/\/happyinaknit.com\/produktas\/chiaogoo-twist-yellow-shorties-prisukamuju-metaliniu-virbalu-rinkinys-8-cm\/#primaryimage","url":"https:\/\/happyinaknit.com\/wp-content\/uploads\/2025\/10\/IMG_9679.webp","contentUrl":"https:\/\/happyinaknit.com\/wp-content\/uploads\/2025\/10\/IMG_9679.webp","width":1080,"height":1080},{"@type":"BreadcrumbList","@id":"https:\/\/happyinaknit.com\/produktas\/chiaogoo-twist-yellow-shorties-prisukamuju-metaliniu-virbalu-rinkinys-8-cm\/#breadcrumb","itemListElement":[{"@type":"ListItem","position":1,"name":"Home","item":"https:\/\/happyinaknit.com\/lt\/"},{"@type":"ListItem","position":2,"name":"Parduotuv\u0117","item":"https:\/\/happyinaknit.com\/lt\/parduotuve\/"},{"@type":"ListItem","position":3,"name":"Chiaogoo Twist Yellow Shorties prisukam\u0173j\u0173 metalini\u0173 virbal\u0173 rinkinys 8 cm"}]},{"@type":"WebSite","@id":"https:\/\/happyinaknit.com\/lt\/#website","url":"https:\/\/happyinaknit.com\/lt\/","name":"Happyinaknit.com","description":"","potentialAction":[{"@type":"SearchAction","target":{"@type":"EntryPoint","urlTemplate":"https:\/\/happyinaknit.com\/lt\/?s={search_term_string}"},"query-input":{"@type":"PropertyValueSpecification","valueRequired":true,"valueName":"search_term_string"}}],"inLanguage":"lt-LT"}]}},"_links":{"self":[{"href":"https:\/\/happyinaknit.com\/lt\/wp-json\/wp\/v2\/product\/4908","targetHints":{"allow":["GET"]}}],"collection":[{"href":"https:\/\/happyinaknit.com\/lt\/wp-json\/wp\/v2\/product"}],"about":[{"href":"https:\/\/happyinaknit.com\/lt\/wp-json\/wp\/v2\/types\/product"}],"replies":[{"embeddable":true,"href":"https:\/\/happyinaknit.com\/lt\/wp-json\/wp\/v2\/comments?post=4908"}],"wp:featuredmedia":[{"embeddable":true,"href":"https:\/\/happyinaknit.com\/lt\/wp-json\/wp\/v2\/media\/4910"}],"wp:attachment":[{"href":"https:\/\/happyinaknit.com\/lt\/wp-json\/wp\/v2\/media?parent=4908"}],"wp:term":[{"taxonomy":"product_brand","embeddable":true,"href":"https:\/\/happyinaknit.com\/lt\/wp-json\/wp\/v2\/product_brand?post=4908"},{"taxonomy":"product_cat","embeddable":true,"href":"https:\/\/happyinaknit.com\/lt\/wp-json\/wp\/v2\/product_cat?post=4908"},{"taxonomy":"product_tag","embeddable":true,"href":"https:\/\/happyinaknit.com\/lt\/wp-json\/wp\/v2\/product_tag?post=4908"},{"taxonomy":"pro-kategorijos","embeddable":true,"href":"https:\/\/happyinaknit.com\/lt\/wp-json\/wp\/v2\/pro-kategorijos?post=4908"}],"curies":[{"name":"wp","href":"https:\/\/api.w.org\/{rel}","templated":true}]}}