{"id":4904,"date":"2025-10-13T19:38:05","date_gmt":"2025-10-13T19:38:05","guid":{"rendered":"https:\/\/happyinaknit.com\/?post_type=product&#038;p=4904"},"modified":"2026-03-08T19:03:22","modified_gmt":"2026-03-08T19:03:22","slug":"chiaogoo-twist-red-lace-prisukamu-virbalu-rinkinys-13-cm-5-50-10-0mm","status":"publish","type":"product","link":"https:\/\/happyinaknit.com\/lt\/produktas\/chiaogoo-twist-red-lace-prisukamu-virbalu-rinkinys-13-cm-5-50-10-0mm\/","title":{"rendered":"ChiaoGoo Twist Red Lace prisukam\u0173 virbal\u0173 rinkinys 13 cm 5.50-10.0mm"},"content":{"rendered":"<p data-start=\"0\" data-end=\"216\"><strong data-start=\"0\" data-end=\"63\">ChiaoGoo TWIST 13 cm prisukam\u0173j\u0173 virbal\u0173 rinkinys (L dydis)<\/strong> \u2013 puikus pasirinkimas megztiems projektams, kuriems reikia storesni\u0173 virbal\u0173. \u0160is rinkinys leis lengvai keisti virbalus ir valus pagal j\u016bs\u0173 poreikius.<\/p>\n<p data-start=\"218\" data-end=\"238\"><strong data-start=\"218\" data-end=\"236\">Rinkinyje yra:<\/strong><\/p>\n<ul data-start=\"239\" data-end=\"552\">\n<li data-start=\"239\" data-end=\"328\">\n<p data-start=\"241\" data-end=\"328\">6 poros 13 cm ilgio virbal\u0173:<br data-start=\"269\" data-end=\"272\" \/>5,5 mm \u00b7 6,0 mm \u00b7 6,5 mm \u00b7 8,0 mm \u00b7 9,0 mm \u00b7 10,0 mm<\/p>\n<\/li>\n<li data-start=\"329\" data-end=\"385\">\n<p data-start=\"331\" data-end=\"385\">3 nuimami valai (dydis L):<br data-start=\"357\" data-end=\"360\" \/>35 cm \u00b7 55 cm \u00b7 75 cm<\/p>\n<\/li>\n<li data-start=\"386\" data-end=\"406\">\n<p data-start=\"388\" data-end=\"406\">Jungtis (1 vnt.)<\/p>\n<\/li>\n<li data-start=\"407\" data-end=\"429\">\n<p data-start=\"409\" data-end=\"429\">Antgaliai (2 vnt.)<\/p>\n<\/li>\n<li data-start=\"430\" data-end=\"471\">\n<p data-start=\"432\" data-end=\"471\">T formos u\u017ever\u017eimo rakteliai (2 vnt.)<\/p>\n<\/li>\n<li data-start=\"472\" data-end=\"511\">\n<p data-start=\"474\" data-end=\"511\">6 mezgimo \u017eymekliai (dviej\u0173 dyd\u017ei\u0173)<\/p>\n<\/li>\n<li data-start=\"512\" data-end=\"552\">\n<p data-start=\"514\" data-end=\"552\">Virbal\u0173 dyd\u017eio matuoklis su liniuote<\/p>\n<\/li>\n<\/ul>\n<p data-start=\"858\" data-end=\"946\" data-is-last-node=\"\" data-is-only-node=\"\"><strong data-start=\"858\" data-end=\"870\">Pastaba:<\/strong> spalv\u0173 atspalviai gali \u0161iek tiek skirtis priklausomai nuo \u012frenginio ekrano.<\/p>\n","protected":false},"excerpt":{"rendered":"<p>ChiaoGoo TWIST 13 cm prisukam\u0173j\u0173 virbal\u0173 rinkinys (L dydis) \u2013 puikus pasirinkimas megztiems projektams, kuriems reikia storesni\u0173 virbal\u0173. \u0160is rinkinys leis lengvai keisti virbalus ir valus pagal j\u016bs\u0173 poreikius. Rinkinyje yra: 6 poros 13 cm ilgio virbal\u0173:5,5 mm \u00b7 6,0 mm \u00b7 6,5 mm \u00b7 8,0 mm \u00b7 9,0 mm \u00b7 10,0 mm 3 nuimami [&hellip;]<\/p>\n","protected":false},"featured_media":4902,"comment_status":"open","ping_status":"closed","template":"","meta":{"_acf_changed":false},"product_brand":[166],"product_cat":[15,19,861],"product_tag":[],"pro-kategorijos":[],"class_list":{"0":"post-4904","1":"product","2":"type-product","3":"status-publish","4":"has-post-thumbnail","6":"product_brand-chiaogoo","7":"product_cat-visi-produktai","8":"product_cat-mezgimo-priemones","9":"product_cat-virbalu-rinkiniai","11":"first","12":"outofstock","13":"shipping-taxable","14":"purchasable","15":"product-type-simple"},"acf":[],"yoast_head":"<!-- This site is optimized with the Yoast SEO plugin v26.8 - https:\/\/yoast.com\/product\/yoast-seo-wordpress\/ -->\n<title>ChiaoGoo Twist Red Lace prisukam\u0173 virbal\u0173 rinkinys 13 cm 5.50-10.0mm - Happyinaknit.com<\/title>\n<meta name=\"robots\" content=\"index, follow, max-snippet:-1, max-image-preview:large, max-video-preview:-1\" \/>\n<link rel=\"canonical\" href=\"https:\/\/happyinaknit.com\/lt\/produktas\/chiaogoo-twist-red-lace-prisukamu-virbalu-rinkinys-13-cm-5-50-10-0mm\/\" \/>\n<meta property=\"og:locale\" content=\"lt_LT\" \/>\n<meta property=\"og:type\" content=\"article\" \/>\n<meta property=\"og:title\" content=\"ChiaoGoo Twist Red Lace prisukam\u0173 virbal\u0173 rinkinys 13 cm 5.50-10.0mm - Happyinaknit.com\" \/>\n<meta property=\"og:description\" content=\"ChiaoGoo TWIST 13 cm prisukam\u0173j\u0173 virbal\u0173 rinkinys (L dydis) \u2013 puikus pasirinkimas megztiems projektams, kuriems reikia storesni\u0173 virbal\u0173. \u0160is rinkinys leis lengvai keisti virbalus ir valus pagal j\u016bs\u0173 poreikius. Rinkinyje yra: 6 poros 13 cm ilgio virbal\u0173:5,5 mm \u00b7 6,0 mm \u00b7 6,5 mm \u00b7 8,0 mm \u00b7 9,0 mm \u00b7 10,0 mm 3 nuimami [&hellip;]\" \/>\n<meta property=\"og:url\" content=\"https:\/\/happyinaknit.com\/lt\/produktas\/chiaogoo-twist-red-lace-prisukamu-virbalu-rinkinys-13-cm-5-50-10-0mm\/\" \/>\n<meta property=\"og:site_name\" content=\"Happyinaknit.com\" \/>\n<meta property=\"article:modified_time\" content=\"2026-03-08T19:03:22+00:00\" \/>\n<meta property=\"og:image\" content=\"https:\/\/happyinaknit.com\/wp-content\/uploads\/2025\/10\/IMG_9675.jpg\" \/>\n\t<meta property=\"og:image:width\" content=\"1500\" \/>\n\t<meta property=\"og:image:height\" content=\"1146\" \/>\n\t<meta property=\"og:image:type\" content=\"image\/jpeg\" \/>\n<meta name=\"twitter:card\" content=\"summary_large_image\" \/>\n<script type=\"application\/ld+json\" class=\"yoast-schema-graph\">{\"@context\":\"https:\/\/schema.org\",\"@graph\":[{\"@type\":\"WebPage\",\"@id\":\"https:\/\/happyinaknit.com\/produktas\/chiaogoo-twist-red-lace-prisukamu-virbalu-rinkinys-13-cm-5-50-10-0mm\/\",\"url\":\"https:\/\/happyinaknit.com\/produktas\/chiaogoo-twist-red-lace-prisukamu-virbalu-rinkinys-13-cm-5-50-10-0mm\/\",\"name\":\"ChiaoGoo Twist Red Lace prisukam\u0173 virbal\u0173 rinkinys 13 cm 5.50-10.0mm - Happyinaknit.com\",\"isPartOf\":{\"@id\":\"https:\/\/happyinaknit.com\/lt\/#website\"},\"primaryImageOfPage\":{\"@id\":\"https:\/\/happyinaknit.com\/produktas\/chiaogoo-twist-red-lace-prisukamu-virbalu-rinkinys-13-cm-5-50-10-0mm\/#primaryimage\"},\"image\":{\"@id\":\"https:\/\/happyinaknit.com\/produktas\/chiaogoo-twist-red-lace-prisukamu-virbalu-rinkinys-13-cm-5-50-10-0mm\/#primaryimage\"},\"thumbnailUrl\":\"https:\/\/happyinaknit.com\/wp-content\/uploads\/2025\/10\/IMG_9675.jpg\",\"datePublished\":\"2025-10-13T19:38:05+00:00\",\"dateModified\":\"2026-03-08T19:03:22+00:00\",\"breadcrumb\":{\"@id\":\"https:\/\/happyinaknit.com\/produktas\/chiaogoo-twist-red-lace-prisukamu-virbalu-rinkinys-13-cm-5-50-10-0mm\/#breadcrumb\"},\"inLanguage\":\"lt-LT\",\"potentialAction\":[{\"@type\":\"ReadAction\",\"target\":[\"https:\/\/happyinaknit.com\/produktas\/chiaogoo-twist-red-lace-prisukamu-virbalu-rinkinys-13-cm-5-50-10-0mm\/\"]}]},{\"@type\":\"ImageObject\",\"inLanguage\":\"lt-LT\",\"@id\":\"https:\/\/happyinaknit.com\/produktas\/chiaogoo-twist-red-lace-prisukamu-virbalu-rinkinys-13-cm-5-50-10-0mm\/#primaryimage\",\"url\":\"https:\/\/happyinaknit.com\/wp-content\/uploads\/2025\/10\/IMG_9675.jpg\",\"contentUrl\":\"https:\/\/happyinaknit.com\/wp-content\/uploads\/2025\/10\/IMG_9675.jpg\",\"width\":1500,\"height\":1146},{\"@type\":\"BreadcrumbList\",\"@id\":\"https:\/\/happyinaknit.com\/produktas\/chiaogoo-twist-red-lace-prisukamu-virbalu-rinkinys-13-cm-5-50-10-0mm\/#breadcrumb\",\"itemListElement\":[{\"@type\":\"ListItem\",\"position\":1,\"name\":\"Home\",\"item\":\"https:\/\/happyinaknit.com\/lt\/\"},{\"@type\":\"ListItem\",\"position\":2,\"name\":\"Parduotuv\u0117\",\"item\":\"https:\/\/happyinaknit.com\/lt\/parduotuve\/\"},{\"@type\":\"ListItem\",\"position\":3,\"name\":\"ChiaoGoo Twist Red Lace prisukam\u0173 virbal\u0173 rinkinys 13 cm 5.50-10.0mm\"}]},{\"@type\":\"WebSite\",\"@id\":\"https:\/\/happyinaknit.com\/lt\/#website\",\"url\":\"https:\/\/happyinaknit.com\/lt\/\",\"name\":\"Happyinaknit.com\",\"description\":\"\",\"potentialAction\":[{\"@type\":\"SearchAction\",\"target\":{\"@type\":\"EntryPoint\",\"urlTemplate\":\"https:\/\/happyinaknit.com\/lt\/?s={search_term_string}\"},\"query-input\":{\"@type\":\"PropertyValueSpecification\",\"valueRequired\":true,\"valueName\":\"search_term_string\"}}],\"inLanguage\":\"lt-LT\"}]}<\/script>\n<!-- \/ Yoast SEO plugin. -->","yoast_head_json":{"title":"ChiaoGoo Twist Red Lace prisukam\u0173 virbal\u0173 rinkinys 13 cm 5.50-10.0mm - Happyinaknit.com","robots":{"index":"index","follow":"follow","max-snippet":"max-snippet:-1","max-image-preview":"max-image-preview:large","max-video-preview":"max-video-preview:-1"},"canonical":"https:\/\/happyinaknit.com\/lt\/produktas\/chiaogoo-twist-red-lace-prisukamu-virbalu-rinkinys-13-cm-5-50-10-0mm\/","og_locale":"lt_LT","og_type":"article","og_title":"ChiaoGoo Twist Red Lace prisukam\u0173 virbal\u0173 rinkinys 13 cm 5.50-10.0mm - Happyinaknit.com","og_description":"ChiaoGoo TWIST 13 cm prisukam\u0173j\u0173 virbal\u0173 rinkinys (L dydis) \u2013 puikus pasirinkimas megztiems projektams, kuriems reikia storesni\u0173 virbal\u0173. \u0160is rinkinys leis lengvai keisti virbalus ir valus pagal j\u016bs\u0173 poreikius. Rinkinyje yra: 6 poros 13 cm ilgio virbal\u0173:5,5 mm \u00b7 6,0 mm \u00b7 6,5 mm \u00b7 8,0 mm \u00b7 9,0 mm \u00b7 10,0 mm 3 nuimami [&hellip;]","og_url":"https:\/\/happyinaknit.com\/lt\/produktas\/chiaogoo-twist-red-lace-prisukamu-virbalu-rinkinys-13-cm-5-50-10-0mm\/","og_site_name":"Happyinaknit.com","article_modified_time":"2026-03-08T19:03:22+00:00","og_image":[{"width":1500,"height":1146,"url":"https:\/\/happyinaknit.com\/wp-content\/uploads\/2025\/10\/IMG_9675.jpg","type":"image\/jpeg"}],"twitter_card":"summary_large_image","schema":{"@context":"https:\/\/schema.org","@graph":[{"@type":"WebPage","@id":"https:\/\/happyinaknit.com\/produktas\/chiaogoo-twist-red-lace-prisukamu-virbalu-rinkinys-13-cm-5-50-10-0mm\/","url":"https:\/\/happyinaknit.com\/produktas\/chiaogoo-twist-red-lace-prisukamu-virbalu-rinkinys-13-cm-5-50-10-0mm\/","name":"ChiaoGoo Twist Red Lace prisukam\u0173 virbal\u0173 rinkinys 13 cm 5.50-10.0mm - Happyinaknit.com","isPartOf":{"@id":"https:\/\/happyinaknit.com\/lt\/#website"},"primaryImageOfPage":{"@id":"https:\/\/happyinaknit.com\/produktas\/chiaogoo-twist-red-lace-prisukamu-virbalu-rinkinys-13-cm-5-50-10-0mm\/#primaryimage"},"image":{"@id":"https:\/\/happyinaknit.com\/produktas\/chiaogoo-twist-red-lace-prisukamu-virbalu-rinkinys-13-cm-5-50-10-0mm\/#primaryimage"},"thumbnailUrl":"https:\/\/happyinaknit.com\/wp-content\/uploads\/2025\/10\/IMG_9675.jpg","datePublished":"2025-10-13T19:38:05+00:00","dateModified":"2026-03-08T19:03:22+00:00","breadcrumb":{"@id":"https:\/\/happyinaknit.com\/produktas\/chiaogoo-twist-red-lace-prisukamu-virbalu-rinkinys-13-cm-5-50-10-0mm\/#breadcrumb"},"inLanguage":"lt-LT","potentialAction":[{"@type":"ReadAction","target":["https:\/\/happyinaknit.com\/produktas\/chiaogoo-twist-red-lace-prisukamu-virbalu-rinkinys-13-cm-5-50-10-0mm\/"]}]},{"@type":"ImageObject","inLanguage":"lt-LT","@id":"https:\/\/happyinaknit.com\/produktas\/chiaogoo-twist-red-lace-prisukamu-virbalu-rinkinys-13-cm-5-50-10-0mm\/#primaryimage","url":"https:\/\/happyinaknit.com\/wp-content\/uploads\/2025\/10\/IMG_9675.jpg","contentUrl":"https:\/\/happyinaknit.com\/wp-content\/uploads\/2025\/10\/IMG_9675.jpg","width":1500,"height":1146},{"@type":"BreadcrumbList","@id":"https:\/\/happyinaknit.com\/produktas\/chiaogoo-twist-red-lace-prisukamu-virbalu-rinkinys-13-cm-5-50-10-0mm\/#breadcrumb","itemListElement":[{"@type":"ListItem","position":1,"name":"Home","item":"https:\/\/happyinaknit.com\/lt\/"},{"@type":"ListItem","position":2,"name":"Parduotuv\u0117","item":"https:\/\/happyinaknit.com\/lt\/parduotuve\/"},{"@type":"ListItem","position":3,"name":"ChiaoGoo Twist Red Lace prisukam\u0173 virbal\u0173 rinkinys 13 cm 5.50-10.0mm"}]},{"@type":"WebSite","@id":"https:\/\/happyinaknit.com\/lt\/#website","url":"https:\/\/happyinaknit.com\/lt\/","name":"Happyinaknit.com","description":"","potentialAction":[{"@type":"SearchAction","target":{"@type":"EntryPoint","urlTemplate":"https:\/\/happyinaknit.com\/lt\/?s={search_term_string}"},"query-input":{"@type":"PropertyValueSpecification","valueRequired":true,"valueName":"search_term_string"}}],"inLanguage":"lt-LT"}]}},"_links":{"self":[{"href":"https:\/\/happyinaknit.com\/lt\/wp-json\/wp\/v2\/product\/4904","targetHints":{"allow":["GET"]}}],"collection":[{"href":"https:\/\/happyinaknit.com\/lt\/wp-json\/wp\/v2\/product"}],"about":[{"href":"https:\/\/happyinaknit.com\/lt\/wp-json\/wp\/v2\/types\/product"}],"replies":[{"embeddable":true,"href":"https:\/\/happyinaknit.com\/lt\/wp-json\/wp\/v2\/comments?post=4904"}],"wp:featuredmedia":[{"embeddable":true,"href":"https:\/\/happyinaknit.com\/lt\/wp-json\/wp\/v2\/media\/4902"}],"wp:attachment":[{"href":"https:\/\/happyinaknit.com\/lt\/wp-json\/wp\/v2\/media?parent=4904"}],"wp:term":[{"taxonomy":"product_brand","embeddable":true,"href":"https:\/\/happyinaknit.com\/lt\/wp-json\/wp\/v2\/product_brand?post=4904"},{"taxonomy":"product_cat","embeddable":true,"href":"https:\/\/happyinaknit.com\/lt\/wp-json\/wp\/v2\/product_cat?post=4904"},{"taxonomy":"product_tag","embeddable":true,"href":"https:\/\/happyinaknit.com\/lt\/wp-json\/wp\/v2\/product_tag?post=4904"},{"taxonomy":"pro-kategorijos","embeddable":true,"href":"https:\/\/happyinaknit.com\/lt\/wp-json\/wp\/v2\/pro-kategorijos?post=4904"}],"curies":[{"name":"wp","href":"https:\/\/api.w.org\/{rel}","templated":true}]}}