{"id":4892,"date":"2025-10-13T18:58:13","date_gmt":"2025-10-13T18:58:13","guid":{"rendered":"https:\/\/happyinaknit.com\/?post_type=product&#038;p=4892"},"modified":"2026-03-13T12:52:50","modified_gmt":"2026-03-13T12:52:50","slug":"chiaogoo-forte-2-0-prisukamu-virbalu-rinkinys","status":"publish","type":"product","link":"https:\/\/happyinaknit.com\/lt\/produktas\/chiaogoo-forte-2-0-prisukamu-virbalu-rinkinys\/","title":{"rendered":"Chiaogoo Forte 2.0 prisukam\u0173 virbal\u0173 rinkinys"},"content":{"rendered":"<p data-start=\"0\" data-end=\"269\"><strong data-start=\"0\" data-end=\"56\">ChiaoGoo Fort\u00e9 \u2013 prabangus kei\u010diam\u0173 virbal\u0173 rinkinys<\/strong>, kuriame dera modernios med\u017eiagos ir rafinuotas dizainas. Tai eleganti\u0161kas derinys i\u0161 ner\u016bdijan\u010dio plieno, auk\u0161t\u0173j\u0173 technologij\u0173 anglies pluo\u0161to (karbono) ir prabangaus Afrikos juodmed\u017eio (<em data-start=\"246\" data-end=\"265\">African Blackwood<\/em>).<\/p>\n<p data-start=\"271\" data-end=\"376\">\u0160is rinkinys sukurtas meistrams, vertinantiems ne tik funkcionalum\u0105, bet ir i\u0161skirtin\u012f estetin\u012f poj\u016bt\u012f.<\/p>\n<p data-start=\"378\" data-end=\"401\"><strong data-start=\"378\" data-end=\"399\">Rinkinio sud\u0117tis:<\/strong><\/p>\n<ul data-start=\"402\" data-end=\"753\">\n<li data-start=\"402\" data-end=\"753\">\n<p data-start=\"404\" data-end=\"525\">14 por\u0173 virbal\u0173 (13 cm ilgio): 2,75 \/ 3,0 \/ 3,25 \/ 3,5 \/ 3,75 \/ 4,0 \/ 4,5 \/ 5,0 \/ 5,5 \/ 6,0 \/ 6,5 \/ 8,0 \/ 9,0 \/ 10,0 mm<\/p>\n<ul data-start=\"528\" data-end=\"753\">\n<li data-start=\"528\" data-end=\"605\">\n<p data-start=\"530\" data-end=\"605\">Virbalai nuo 2,75 iki 5,0 mm pagaminti i\u0161 ner\u016bdijan\u010dio plieno ir karbono.<\/p>\n<\/li>\n<li data-start=\"608\" data-end=\"665\">\n<p data-start=\"610\" data-end=\"665\">Virbalai nuo 5,0 iki 10,0 mm \u2013 i\u0161 Afrikos juodmed\u017eio.<\/p>\n<\/li>\n<li data-start=\"668\" data-end=\"753\">\n<p data-start=\"670\" data-end=\"753\">Ant plienini\u0173 dali\u0173 yra lazerinis dyd\u017eio graviravimas, kuris niekada nenusitrins.<\/p>\n<\/li>\n<\/ul>\n<\/li>\n<\/ul>\n<p data-start=\"755\" data-end=\"771\"><strong data-start=\"755\" data-end=\"769\">Valai:<\/strong><\/p>\n<ul>\n<li>6 SWIV360 rotaciniai valai ( S \u2013 35 cm, 55 cm, 75 cm, L \u2013 35 vm, 55 cm, 75 cm)<\/li>\n<li>3 TWIST RED raudoni valai be atminties ( S \u2013 35 cm, 55 cm, 75 cm)<\/li>\n<\/ul>\n<p data-start=\"927\" data-end=\"954\"><strong data-start=\"927\" data-end=\"952\">Papildomos priemon\u0117s:<\/strong><\/p>\n<ul data-start=\"955\" data-end=\"1091\">\n<li data-start=\"955\" data-end=\"978\">\n<p data-start=\"957\" data-end=\"978\">plienin\u0117s \u017eirklut\u0117s<\/p>\n<\/li>\n<li data-start=\"955\" data-end=\"978\">\n<p data-start=\"957\" data-end=\"978\">Matavimo juosta<\/p>\n<\/li>\n<li data-start=\"955\" data-end=\"978\">\n<p data-start=\"957\" data-end=\"978\">sustabdymo kam\u0161tukai<\/p>\n<\/li>\n<li data-start=\"955\" data-end=\"978\">\n<p data-start=\"957\" data-end=\"978\">2 vnt adat\u0173<\/p>\n<\/li>\n<li data-start=\"955\" data-end=\"978\">\n<p data-start=\"957\" data-end=\"978\">\u017dymekliai<\/p>\n<\/li>\n<li data-start=\"955\" data-end=\"978\">\n<p data-start=\"957\" data-end=\"978\">Liniuot\u0117 virbal\u0173 storiui matuoti<\/p>\n<\/li>\n<li data-start=\"955\" data-end=\"978\">\n<p data-start=\"957\" data-end=\"978\">2 \u017eiogeliai<\/p>\n<\/li>\n<li data-start=\"955\" data-end=\"978\">\n<p data-start=\"957\" data-end=\"978\">1 \u010diuptuv\u0117lis<\/p>\n<\/li>\n<li data-start=\"955\" data-end=\"978\">\n<p data-start=\"957\" data-end=\"978\">2 rakteliai<\/p>\n<\/li>\n<li data-start=\"955\" data-end=\"978\">\n<p data-start=\"957\" data-end=\"978\">Jungtys prisukamiems virbalams (S ir L)<\/p>\n<\/li>\n<li data-start=\"955\" data-end=\"978\">\n<p data-start=\"957\" data-end=\"978\">Adapteriai prisukamiems virbalams<\/p>\n<\/li>\n<li data-start=\"955\" data-end=\"978\">\n<p data-start=\"957\" data-end=\"978\">Antgaliai prisukamiems virbalams (S ir L)<\/p>\n<\/li>\n<li data-start=\"955\" data-end=\"978\">\n<p data-start=\"957\" data-end=\"978\">Ra\u0161iklis<\/p>\n<\/li>\n<\/ul>\n<p data-start=\"1093\" data-end=\"1261\">Visos <strong data-start=\"1099\" data-end=\"1108\">Fort\u00e9<\/strong> rinkinio dalys turi <strong data-start=\"1129\" data-end=\"1138\">Small<\/strong> arba <strong data-start=\"1144\" data-end=\"1153\">Large<\/strong> jungtis, tod\u0117l yra visi\u0161kai suderinamos su visais <strong data-start=\"1204\" data-end=\"1216\">ChiaoGoo<\/strong> virbalais ir troseliais atitinkamo dyd\u017eio.<\/p>\n<p data-start=\"1263\" data-end=\"1348\"><strong data-start=\"1263\" data-end=\"1274\">D\u0117klas:<\/strong><br data-start=\"1274\" data-end=\"1277\" \/>Eleganti\u0161kas, funkcionalus pilkos spalvos d\u0117klas i\u0161 ekologi\u0161kos odos.<\/p>\n<ul data-start=\"1349\" data-end=\"1616\">\n<li data-start=\"1349\" data-end=\"1441\">\n<p data-start=\"1351\" data-end=\"1441\">Dviej\u0173 pusi\u0173 i\u0161imamas pagrindas su gumin\u0117mis juostel\u0117mis, tvirtai laikan\u010diomis virbalus.<\/p>\n<\/li>\n<li data-start=\"1442\" data-end=\"1508\">\n<p data-start=\"1444\" data-end=\"1508\">Keturi ki\u0161eniai priedams, \u012fskaitant viet\u0105 ra\u0161tams ar u\u017era\u0161ams.<\/p>\n<\/li>\n<li data-start=\"1509\" data-end=\"1616\">\n<p data-start=\"1511\" data-end=\"1616\">U\u017esegimas u\u017etrauktuku per vis\u0105 perimetr\u0105, atsidaro kaip knyga \u2013 kaip ir kituose \u201eChiaoGoo\u201c rinkiniuose.<\/p>\n<\/li>\n<\/ul>\n<p data-start=\"1618\" data-end=\"1706\" data-is-last-node=\"\" data-is-only-node=\"\"><strong data-start=\"1618\" data-end=\"1630\">Pastaba:<\/strong> spalv\u0173 atspalviai gali \u0161iek tiek skirtis priklausomai nuo \u012frenginio ekrano.<\/p>\n","protected":false},"excerpt":{"rendered":"<p>ChiaoGoo Fort\u00e9 \u2013 prabangus kei\u010diam\u0173 virbal\u0173 rinkinys, kuriame dera modernios med\u017eiagos ir rafinuotas dizainas. Tai eleganti\u0161kas derinys i\u0161 ner\u016bdijan\u010dio plieno, auk\u0161t\u0173j\u0173 technologij\u0173 anglies pluo\u0161to (karbono) ir prabangaus Afrikos juodmed\u017eio (African Blackwood). \u0160is rinkinys sukurtas meistrams, vertinantiems ne tik funkcionalum\u0105, bet ir i\u0161skirtin\u012f estetin\u012f poj\u016bt\u012f. Rinkinio sud\u0117tis: 14 por\u0173 virbal\u0173 (13 cm ilgio): 2,75 \/ 3,0 [&hellip;]<\/p>\n","protected":false},"featured_media":4897,"comment_status":"open","ping_status":"closed","template":"","meta":{"_acf_changed":false},"product_brand":[166],"product_cat":[15,19,861],"product_tag":[],"pro-kategorijos":[],"class_list":{"0":"post-4892","1":"product","2":"type-product","3":"status-publish","4":"has-post-thumbnail","6":"product_brand-chiaogoo","7":"product_cat-visi-produktai","8":"product_cat-mezgimo-priemones","9":"product_cat-virbalu-rinkiniai","11":"first","12":"instock","13":"shipping-taxable","14":"purchasable","15":"product-type-simple"},"acf":[],"yoast_head":"<!-- This site is optimized with the Yoast SEO plugin v26.8 - https:\/\/yoast.com\/product\/yoast-seo-wordpress\/ -->\n<title>Chiaogoo Forte 2.0 prisukam\u0173 virbal\u0173 rinkinys - Happyinaknit.com<\/title>\n<meta name=\"robots\" content=\"index, follow, max-snippet:-1, max-image-preview:large, max-video-preview:-1\" \/>\n<link rel=\"canonical\" href=\"https:\/\/happyinaknit.com\/lt\/produktas\/chiaogoo-forte-2-0-prisukamu-virbalu-rinkinys\/\" \/>\n<meta property=\"og:locale\" content=\"lt_LT\" \/>\n<meta property=\"og:type\" content=\"article\" \/>\n<meta property=\"og:title\" content=\"Chiaogoo Forte 2.0 prisukam\u0173 virbal\u0173 rinkinys - Happyinaknit.com\" \/>\n<meta property=\"og:description\" content=\"ChiaoGoo Fort\u00e9 \u2013 prabangus kei\u010diam\u0173 virbal\u0173 rinkinys, kuriame dera modernios med\u017eiagos ir rafinuotas dizainas. Tai eleganti\u0161kas derinys i\u0161 ner\u016bdijan\u010dio plieno, auk\u0161t\u0173j\u0173 technologij\u0173 anglies pluo\u0161to (karbono) ir prabangaus Afrikos juodmed\u017eio (African Blackwood). \u0160is rinkinys sukurtas meistrams, vertinantiems ne tik funkcionalum\u0105, bet ir i\u0161skirtin\u012f estetin\u012f poj\u016bt\u012f. Rinkinio sud\u0117tis: 14 por\u0173 virbal\u0173 (13 cm ilgio): 2,75 \/ 3,0 [&hellip;]\" \/>\n<meta property=\"og:url\" content=\"https:\/\/happyinaknit.com\/lt\/produktas\/chiaogoo-forte-2-0-prisukamu-virbalu-rinkinys\/\" \/>\n<meta property=\"og:site_name\" content=\"Happyinaknit.com\" \/>\n<meta property=\"article:modified_time\" content=\"2026-03-13T12:52:50+00:00\" \/>\n<meta property=\"og:image\" content=\"https:\/\/happyinaknit.com\/wp-content\/uploads\/2025\/10\/Forte_7.webp\" \/>\n\t<meta property=\"og:image:width\" content=\"1120\" \/>\n\t<meta property=\"og:image:height\" content=\"1120\" \/>\n\t<meta property=\"og:image:type\" content=\"image\/webp\" \/>\n<meta name=\"twitter:card\" content=\"summary_large_image\" \/>\n<meta name=\"twitter:label1\" content=\"Est. reading time\" \/>\n\t<meta name=\"twitter:data1\" content=\"1 minut\u0117\" \/>\n<script type=\"application\/ld+json\" class=\"yoast-schema-graph\">{\"@context\":\"https:\/\/schema.org\",\"@graph\":[{\"@type\":\"WebPage\",\"@id\":\"https:\/\/happyinaknit.com\/produktas\/chiaogoo-forte-2-0-prisukamu-virbalu-rinkinys\/\",\"url\":\"https:\/\/happyinaknit.com\/produktas\/chiaogoo-forte-2-0-prisukamu-virbalu-rinkinys\/\",\"name\":\"Chiaogoo Forte 2.0 prisukam\u0173 virbal\u0173 rinkinys - Happyinaknit.com\",\"isPartOf\":{\"@id\":\"https:\/\/happyinaknit.com\/lt\/#website\"},\"primaryImageOfPage\":{\"@id\":\"https:\/\/happyinaknit.com\/produktas\/chiaogoo-forte-2-0-prisukamu-virbalu-rinkinys\/#primaryimage\"},\"image\":{\"@id\":\"https:\/\/happyinaknit.com\/produktas\/chiaogoo-forte-2-0-prisukamu-virbalu-rinkinys\/#primaryimage\"},\"thumbnailUrl\":\"https:\/\/happyinaknit.com\/wp-content\/uploads\/2025\/10\/Forte_7.webp\",\"datePublished\":\"2025-10-13T18:58:13+00:00\",\"dateModified\":\"2026-03-13T12:52:50+00:00\",\"breadcrumb\":{\"@id\":\"https:\/\/happyinaknit.com\/produktas\/chiaogoo-forte-2-0-prisukamu-virbalu-rinkinys\/#breadcrumb\"},\"inLanguage\":\"lt-LT\",\"potentialAction\":[{\"@type\":\"ReadAction\",\"target\":[\"https:\/\/happyinaknit.com\/produktas\/chiaogoo-forte-2-0-prisukamu-virbalu-rinkinys\/\"]}]},{\"@type\":\"ImageObject\",\"inLanguage\":\"lt-LT\",\"@id\":\"https:\/\/happyinaknit.com\/produktas\/chiaogoo-forte-2-0-prisukamu-virbalu-rinkinys\/#primaryimage\",\"url\":\"https:\/\/happyinaknit.com\/wp-content\/uploads\/2025\/10\/Forte_7.webp\",\"contentUrl\":\"https:\/\/happyinaknit.com\/wp-content\/uploads\/2025\/10\/Forte_7.webp\",\"width\":1120,\"height\":1120},{\"@type\":\"BreadcrumbList\",\"@id\":\"https:\/\/happyinaknit.com\/produktas\/chiaogoo-forte-2-0-prisukamu-virbalu-rinkinys\/#breadcrumb\",\"itemListElement\":[{\"@type\":\"ListItem\",\"position\":1,\"name\":\"Home\",\"item\":\"https:\/\/happyinaknit.com\/lt\/\"},{\"@type\":\"ListItem\",\"position\":2,\"name\":\"Parduotuv\u0117\",\"item\":\"https:\/\/happyinaknit.com\/lt\/parduotuve\/\"},{\"@type\":\"ListItem\",\"position\":3,\"name\":\"Chiaogoo Forte 2.0 prisukam\u0173 virbal\u0173 rinkinys\"}]},{\"@type\":\"WebSite\",\"@id\":\"https:\/\/happyinaknit.com\/lt\/#website\",\"url\":\"https:\/\/happyinaknit.com\/lt\/\",\"name\":\"Happyinaknit.com\",\"description\":\"\",\"potentialAction\":[{\"@type\":\"SearchAction\",\"target\":{\"@type\":\"EntryPoint\",\"urlTemplate\":\"https:\/\/happyinaknit.com\/lt\/?s={search_term_string}\"},\"query-input\":{\"@type\":\"PropertyValueSpecification\",\"valueRequired\":true,\"valueName\":\"search_term_string\"}}],\"inLanguage\":\"lt-LT\"}]}<\/script>\n<!-- \/ Yoast SEO plugin. -->","yoast_head_json":{"title":"Chiaogoo Forte 2.0 prisukam\u0173 virbal\u0173 rinkinys - Happyinaknit.com","robots":{"index":"index","follow":"follow","max-snippet":"max-snippet:-1","max-image-preview":"max-image-preview:large","max-video-preview":"max-video-preview:-1"},"canonical":"https:\/\/happyinaknit.com\/lt\/produktas\/chiaogoo-forte-2-0-prisukamu-virbalu-rinkinys\/","og_locale":"lt_LT","og_type":"article","og_title":"Chiaogoo Forte 2.0 prisukam\u0173 virbal\u0173 rinkinys - Happyinaknit.com","og_description":"ChiaoGoo Fort\u00e9 \u2013 prabangus kei\u010diam\u0173 virbal\u0173 rinkinys, kuriame dera modernios med\u017eiagos ir rafinuotas dizainas. Tai eleganti\u0161kas derinys i\u0161 ner\u016bdijan\u010dio plieno, auk\u0161t\u0173j\u0173 technologij\u0173 anglies pluo\u0161to (karbono) ir prabangaus Afrikos juodmed\u017eio (African Blackwood). \u0160is rinkinys sukurtas meistrams, vertinantiems ne tik funkcionalum\u0105, bet ir i\u0161skirtin\u012f estetin\u012f poj\u016bt\u012f. Rinkinio sud\u0117tis: 14 por\u0173 virbal\u0173 (13 cm ilgio): 2,75 \/ 3,0 [&hellip;]","og_url":"https:\/\/happyinaknit.com\/lt\/produktas\/chiaogoo-forte-2-0-prisukamu-virbalu-rinkinys\/","og_site_name":"Happyinaknit.com","article_modified_time":"2026-03-13T12:52:50+00:00","og_image":[{"width":1120,"height":1120,"url":"https:\/\/happyinaknit.com\/wp-content\/uploads\/2025\/10\/Forte_7.webp","type":"image\/webp"}],"twitter_card":"summary_large_image","twitter_misc":{"Est. reading time":"1 minut\u0117"},"schema":{"@context":"https:\/\/schema.org","@graph":[{"@type":"WebPage","@id":"https:\/\/happyinaknit.com\/produktas\/chiaogoo-forte-2-0-prisukamu-virbalu-rinkinys\/","url":"https:\/\/happyinaknit.com\/produktas\/chiaogoo-forte-2-0-prisukamu-virbalu-rinkinys\/","name":"Chiaogoo Forte 2.0 prisukam\u0173 virbal\u0173 rinkinys - Happyinaknit.com","isPartOf":{"@id":"https:\/\/happyinaknit.com\/lt\/#website"},"primaryImageOfPage":{"@id":"https:\/\/happyinaknit.com\/produktas\/chiaogoo-forte-2-0-prisukamu-virbalu-rinkinys\/#primaryimage"},"image":{"@id":"https:\/\/happyinaknit.com\/produktas\/chiaogoo-forte-2-0-prisukamu-virbalu-rinkinys\/#primaryimage"},"thumbnailUrl":"https:\/\/happyinaknit.com\/wp-content\/uploads\/2025\/10\/Forte_7.webp","datePublished":"2025-10-13T18:58:13+00:00","dateModified":"2026-03-13T12:52:50+00:00","breadcrumb":{"@id":"https:\/\/happyinaknit.com\/produktas\/chiaogoo-forte-2-0-prisukamu-virbalu-rinkinys\/#breadcrumb"},"inLanguage":"lt-LT","potentialAction":[{"@type":"ReadAction","target":["https:\/\/happyinaknit.com\/produktas\/chiaogoo-forte-2-0-prisukamu-virbalu-rinkinys\/"]}]},{"@type":"ImageObject","inLanguage":"lt-LT","@id":"https:\/\/happyinaknit.com\/produktas\/chiaogoo-forte-2-0-prisukamu-virbalu-rinkinys\/#primaryimage","url":"https:\/\/happyinaknit.com\/wp-content\/uploads\/2025\/10\/Forte_7.webp","contentUrl":"https:\/\/happyinaknit.com\/wp-content\/uploads\/2025\/10\/Forte_7.webp","width":1120,"height":1120},{"@type":"BreadcrumbList","@id":"https:\/\/happyinaknit.com\/produktas\/chiaogoo-forte-2-0-prisukamu-virbalu-rinkinys\/#breadcrumb","itemListElement":[{"@type":"ListItem","position":1,"name":"Home","item":"https:\/\/happyinaknit.com\/lt\/"},{"@type":"ListItem","position":2,"name":"Parduotuv\u0117","item":"https:\/\/happyinaknit.com\/lt\/parduotuve\/"},{"@type":"ListItem","position":3,"name":"Chiaogoo Forte 2.0 prisukam\u0173 virbal\u0173 rinkinys"}]},{"@type":"WebSite","@id":"https:\/\/happyinaknit.com\/lt\/#website","url":"https:\/\/happyinaknit.com\/lt\/","name":"Happyinaknit.com","description":"","potentialAction":[{"@type":"SearchAction","target":{"@type":"EntryPoint","urlTemplate":"https:\/\/happyinaknit.com\/lt\/?s={search_term_string}"},"query-input":{"@type":"PropertyValueSpecification","valueRequired":true,"valueName":"search_term_string"}}],"inLanguage":"lt-LT"}]}},"_links":{"self":[{"href":"https:\/\/happyinaknit.com\/lt\/wp-json\/wp\/v2\/product\/4892","targetHints":{"allow":["GET"]}}],"collection":[{"href":"https:\/\/happyinaknit.com\/lt\/wp-json\/wp\/v2\/product"}],"about":[{"href":"https:\/\/happyinaknit.com\/lt\/wp-json\/wp\/v2\/types\/product"}],"replies":[{"embeddable":true,"href":"https:\/\/happyinaknit.com\/lt\/wp-json\/wp\/v2\/comments?post=4892"}],"wp:featuredmedia":[{"embeddable":true,"href":"https:\/\/happyinaknit.com\/lt\/wp-json\/wp\/v2\/media\/4897"}],"wp:attachment":[{"href":"https:\/\/happyinaknit.com\/lt\/wp-json\/wp\/v2\/media?parent=4892"}],"wp:term":[{"taxonomy":"product_brand","embeddable":true,"href":"https:\/\/happyinaknit.com\/lt\/wp-json\/wp\/v2\/product_brand?post=4892"},{"taxonomy":"product_cat","embeddable":true,"href":"https:\/\/happyinaknit.com\/lt\/wp-json\/wp\/v2\/product_cat?post=4892"},{"taxonomy":"product_tag","embeddable":true,"href":"https:\/\/happyinaknit.com\/lt\/wp-json\/wp\/v2\/product_tag?post=4892"},{"taxonomy":"pro-kategorijos","embeddable":true,"href":"https:\/\/happyinaknit.com\/lt\/wp-json\/wp\/v2\/pro-kategorijos?post=4892"}],"curies":[{"name":"wp","href":"https:\/\/api.w.org\/{rel}","templated":true}]}}