{"id":4542,"date":"2025-10-11T23:16:44","date_gmt":"2025-10-11T23:16:44","guid":{"rendered":"https:\/\/happyinaknit.com\/?post_type=product&#038;p=4542"},"modified":"2025-10-13T13:38:58","modified_gmt":"2025-10-13T13:38:58","slug":"lana-grossa-tucher-co-9","status":"publish","type":"product","link":"https:\/\/happyinaknit.com\/lt\/produktas\/lana-grossa-tucher-co-9\/","title":{"rendered":"Lana grossa Tucher &#038; Co 9"},"content":{"rendered":"<p data-start=\"0\" data-end=\"181\"><strong data-start=\"0\" data-end=\"33\">Lana Grossa T\u00fccher &amp; Co Nr. 9<\/strong> \u2013 naujausias \u017eurnalo numeris, kuriame rasite <strong data-start=\"79\" data-end=\"111\">32 rudens aksesuar\u0173 modelius<\/strong> su i\u0161samiomis mezgimo instrukcijomis <strong data-start=\"149\" data-end=\"178\">rus\u0173 ir vokie\u010di\u0173 kalbomis<\/strong>.<\/p>\n<p data-start=\"183\" data-end=\"479\">\u0160iame leidinyje pateikiami <strong data-start=\"210\" data-end=\"280\">\u0161alikai, skaros, movai, kepur\u0117s ir kiti stilingi rudens aksesuarai<\/strong>, megzti i\u0161 auk\u0161tos kokyb\u0117s <strong data-start=\"308\" data-end=\"323\">Lana Grossa<\/strong> si\u016bl\u0173. Visi modeliai pasi\u017eymi \u0161iuolaiki\u0161ku dizainu, madingomis spalvomis ir kruop\u0161\u010diai apgalvotomis detal\u0117mis \u2013 nuo klasikos iki subtili\u0173 a\u017e\u016brini\u0173 ra\u0161t\u0173.<\/p>\n<p data-start=\"481\" data-end=\"599\"><strong data-start=\"481\" data-end=\"494\">Leid\u0117jas:<\/strong> Lana Grossa<br data-start=\"506\" data-end=\"509\" \/><strong data-start=\"509\" data-end=\"521\">Numeris:<\/strong> T\u00fccher &amp; Co Nr. 9<br data-start=\"539\" data-end=\"542\" data-is-only-node=\"\" \/><strong data-start=\"542\" data-end=\"553\">Kalbos:<\/strong> rus\u0173 ir vokie\u010di\u0173<br data-start=\"570\" data-end=\"573\" \/><strong data-start=\"573\" data-end=\"594\">Modeli\u0173 skai\u010dius:<\/strong> 32<\/p>\n<p data-start=\"601\" data-end=\"809\" data-is-last-node=\"\" data-is-only-node=\"\">Puikus pasirinkimas ie\u0161kantiems \u012fkv\u0117pimo naujam sezonui ir norintiems kurti jaukius, \u0161iltus bei stilingus aksesuarus.<br data-start=\"718\" data-end=\"721\" \/><strong data-start=\"721\" data-end=\"733\">Pastaba:<\/strong> spalv\u0173 atspalviai gali \u0161iek tiek skirtis priklausomai nuo \u012frenginio ekrano.<\/p>\n","protected":false},"excerpt":{"rendered":"<p>Lana Grossa T\u00fccher &amp; Co Nr. 9 \u2013 naujausias \u017eurnalo numeris, kuriame rasite 32 rudens aksesuar\u0173 modelius su i\u0161samiomis mezgimo instrukcijomis rus\u0173 ir vokie\u010di\u0173 kalbomis. \u0160iame leidinyje pateikiami \u0161alikai, skaros, movai, kepur\u0117s ir kiti stilingi rudens aksesuarai, megzti i\u0161 auk\u0161tos kokyb\u0117s Lana Grossa si\u016bl\u0173. Visi modeliai pasi\u017eymi \u0161iuolaiki\u0161ku dizainu, madingomis spalvomis ir kruop\u0161\u010diai apgalvotomis detal\u0117mis [&hellip;]<\/p>\n","protected":false},"featured_media":4548,"comment_status":"open","ping_status":"closed","template":"","meta":{"_acf_changed":false},"product_brand":[67],"product_cat":[15,397],"product_tag":[],"pro-kategorijos":[],"class_list":{"0":"post-4542","1":"product","2":"type-product","3":"status-publish","4":"has-post-thumbnail","6":"product_brand-lana-grossa","7":"product_cat-visi-produktai","8":"product_cat-spauda","10":"first","11":"instock","12":"shipping-taxable","13":"purchasable","14":"product-type-simple"},"acf":[],"yoast_head":"<!-- This site is optimized with the Yoast SEO plugin v26.8 - https:\/\/yoast.com\/product\/yoast-seo-wordpress\/ -->\n<title>Lana grossa Tucher &amp; Co 9 - Happyinaknit.com<\/title>\n<meta name=\"robots\" content=\"index, follow, max-snippet:-1, max-image-preview:large, max-video-preview:-1\" \/>\n<link rel=\"canonical\" href=\"https:\/\/happyinaknit.com\/lt\/produktas\/lana-grossa-tucher-co-9\/\" \/>\n<meta property=\"og:locale\" content=\"lt_LT\" \/>\n<meta property=\"og:type\" content=\"article\" \/>\n<meta property=\"og:title\" content=\"Lana grossa Tucher &amp; Co 9 - Happyinaknit.com\" \/>\n<meta property=\"og:description\" content=\"Lana Grossa T\u00fccher &amp; Co Nr. 9 \u2013 naujausias \u017eurnalo numeris, kuriame rasite 32 rudens aksesuar\u0173 modelius su i\u0161samiomis mezgimo instrukcijomis rus\u0173 ir vokie\u010di\u0173 kalbomis. \u0160iame leidinyje pateikiami \u0161alikai, skaros, movai, kepur\u0117s ir kiti stilingi rudens aksesuarai, megzti i\u0161 auk\u0161tos kokyb\u0117s Lana Grossa si\u016bl\u0173. Visi modeliai pasi\u017eymi \u0161iuolaiki\u0161ku dizainu, madingomis spalvomis ir kruop\u0161\u010diai apgalvotomis detal\u0117mis [&hellip;]\" \/>\n<meta property=\"og:url\" content=\"https:\/\/happyinaknit.com\/lt\/produktas\/lana-grossa-tucher-co-9\/\" \/>\n<meta property=\"og:site_name\" content=\"Happyinaknit.com\" \/>\n<meta property=\"article:modified_time\" content=\"2025-10-13T13:38:58+00:00\" \/>\n<meta property=\"og:image\" content=\"https:\/\/happyinaknit.com\/wp-content\/uploads\/2025\/10\/IMG_9302.jpg\" \/>\n\t<meta property=\"og:image:width\" content=\"1320\" \/>\n\t<meta property=\"og:image:height\" content=\"1597\" \/>\n\t<meta property=\"og:image:type\" content=\"image\/jpeg\" \/>\n<meta name=\"twitter:card\" content=\"summary_large_image\" \/>\n<meta name=\"twitter:label1\" content=\"Est. reading time\" \/>\n\t<meta name=\"twitter:data1\" content=\"1 minut\u0117\" \/>\n<script type=\"application\/ld+json\" class=\"yoast-schema-graph\">{\"@context\":\"https:\/\/schema.org\",\"@graph\":[{\"@type\":\"WebPage\",\"@id\":\"https:\/\/happyinaknit.com\/produktas\/lana-grossa-tucher-co-9\/\",\"url\":\"https:\/\/happyinaknit.com\/produktas\/lana-grossa-tucher-co-9\/\",\"name\":\"Lana grossa Tucher & Co 9 - Happyinaknit.com\",\"isPartOf\":{\"@id\":\"https:\/\/happyinaknit.com\/lt\/#website\"},\"primaryImageOfPage\":{\"@id\":\"https:\/\/happyinaknit.com\/produktas\/lana-grossa-tucher-co-9\/#primaryimage\"},\"image\":{\"@id\":\"https:\/\/happyinaknit.com\/produktas\/lana-grossa-tucher-co-9\/#primaryimage\"},\"thumbnailUrl\":\"https:\/\/happyinaknit.com\/wp-content\/uploads\/2025\/10\/IMG_9302.jpg\",\"datePublished\":\"2025-10-11T23:16:44+00:00\",\"dateModified\":\"2025-10-13T13:38:58+00:00\",\"breadcrumb\":{\"@id\":\"https:\/\/happyinaknit.com\/produktas\/lana-grossa-tucher-co-9\/#breadcrumb\"},\"inLanguage\":\"lt-LT\",\"potentialAction\":[{\"@type\":\"ReadAction\",\"target\":[\"https:\/\/happyinaknit.com\/produktas\/lana-grossa-tucher-co-9\/\"]}]},{\"@type\":\"ImageObject\",\"inLanguage\":\"lt-LT\",\"@id\":\"https:\/\/happyinaknit.com\/produktas\/lana-grossa-tucher-co-9\/#primaryimage\",\"url\":\"https:\/\/happyinaknit.com\/wp-content\/uploads\/2025\/10\/IMG_9302.jpg\",\"contentUrl\":\"https:\/\/happyinaknit.com\/wp-content\/uploads\/2025\/10\/IMG_9302.jpg\",\"width\":1320,\"height\":1597},{\"@type\":\"BreadcrumbList\",\"@id\":\"https:\/\/happyinaknit.com\/produktas\/lana-grossa-tucher-co-9\/#breadcrumb\",\"itemListElement\":[{\"@type\":\"ListItem\",\"position\":1,\"name\":\"Home\",\"item\":\"https:\/\/happyinaknit.com\/lt\/\"},{\"@type\":\"ListItem\",\"position\":2,\"name\":\"Parduotuv\u0117\",\"item\":\"https:\/\/happyinaknit.com\/lt\/parduotuve\/\"},{\"@type\":\"ListItem\",\"position\":3,\"name\":\"Lana grossa Tucher &#038; Co 9\"}]},{\"@type\":\"WebSite\",\"@id\":\"https:\/\/happyinaknit.com\/lt\/#website\",\"url\":\"https:\/\/happyinaknit.com\/lt\/\",\"name\":\"Happyinaknit.com\",\"description\":\"\",\"potentialAction\":[{\"@type\":\"SearchAction\",\"target\":{\"@type\":\"EntryPoint\",\"urlTemplate\":\"https:\/\/happyinaknit.com\/lt\/?s={search_term_string}\"},\"query-input\":{\"@type\":\"PropertyValueSpecification\",\"valueRequired\":true,\"valueName\":\"search_term_string\"}}],\"inLanguage\":\"lt-LT\"}]}<\/script>\n<!-- \/ Yoast SEO plugin. -->","yoast_head_json":{"title":"Lana grossa Tucher & Co 9 - Happyinaknit.com","robots":{"index":"index","follow":"follow","max-snippet":"max-snippet:-1","max-image-preview":"max-image-preview:large","max-video-preview":"max-video-preview:-1"},"canonical":"https:\/\/happyinaknit.com\/lt\/produktas\/lana-grossa-tucher-co-9\/","og_locale":"lt_LT","og_type":"article","og_title":"Lana grossa Tucher & Co 9 - Happyinaknit.com","og_description":"Lana Grossa T\u00fccher &amp; Co Nr. 9 \u2013 naujausias \u017eurnalo numeris, kuriame rasite 32 rudens aksesuar\u0173 modelius su i\u0161samiomis mezgimo instrukcijomis rus\u0173 ir vokie\u010di\u0173 kalbomis. \u0160iame leidinyje pateikiami \u0161alikai, skaros, movai, kepur\u0117s ir kiti stilingi rudens aksesuarai, megzti i\u0161 auk\u0161tos kokyb\u0117s Lana Grossa si\u016bl\u0173. Visi modeliai pasi\u017eymi \u0161iuolaiki\u0161ku dizainu, madingomis spalvomis ir kruop\u0161\u010diai apgalvotomis detal\u0117mis [&hellip;]","og_url":"https:\/\/happyinaknit.com\/lt\/produktas\/lana-grossa-tucher-co-9\/","og_site_name":"Happyinaknit.com","article_modified_time":"2025-10-13T13:38:58+00:00","og_image":[{"width":1320,"height":1597,"url":"https:\/\/happyinaknit.com\/wp-content\/uploads\/2025\/10\/IMG_9302.jpg","type":"image\/jpeg"}],"twitter_card":"summary_large_image","twitter_misc":{"Est. reading time":"1 minut\u0117"},"schema":{"@context":"https:\/\/schema.org","@graph":[{"@type":"WebPage","@id":"https:\/\/happyinaknit.com\/produktas\/lana-grossa-tucher-co-9\/","url":"https:\/\/happyinaknit.com\/produktas\/lana-grossa-tucher-co-9\/","name":"Lana grossa Tucher & Co 9 - Happyinaknit.com","isPartOf":{"@id":"https:\/\/happyinaknit.com\/lt\/#website"},"primaryImageOfPage":{"@id":"https:\/\/happyinaknit.com\/produktas\/lana-grossa-tucher-co-9\/#primaryimage"},"image":{"@id":"https:\/\/happyinaknit.com\/produktas\/lana-grossa-tucher-co-9\/#primaryimage"},"thumbnailUrl":"https:\/\/happyinaknit.com\/wp-content\/uploads\/2025\/10\/IMG_9302.jpg","datePublished":"2025-10-11T23:16:44+00:00","dateModified":"2025-10-13T13:38:58+00:00","breadcrumb":{"@id":"https:\/\/happyinaknit.com\/produktas\/lana-grossa-tucher-co-9\/#breadcrumb"},"inLanguage":"lt-LT","potentialAction":[{"@type":"ReadAction","target":["https:\/\/happyinaknit.com\/produktas\/lana-grossa-tucher-co-9\/"]}]},{"@type":"ImageObject","inLanguage":"lt-LT","@id":"https:\/\/happyinaknit.com\/produktas\/lana-grossa-tucher-co-9\/#primaryimage","url":"https:\/\/happyinaknit.com\/wp-content\/uploads\/2025\/10\/IMG_9302.jpg","contentUrl":"https:\/\/happyinaknit.com\/wp-content\/uploads\/2025\/10\/IMG_9302.jpg","width":1320,"height":1597},{"@type":"BreadcrumbList","@id":"https:\/\/happyinaknit.com\/produktas\/lana-grossa-tucher-co-9\/#breadcrumb","itemListElement":[{"@type":"ListItem","position":1,"name":"Home","item":"https:\/\/happyinaknit.com\/lt\/"},{"@type":"ListItem","position":2,"name":"Parduotuv\u0117","item":"https:\/\/happyinaknit.com\/lt\/parduotuve\/"},{"@type":"ListItem","position":3,"name":"Lana grossa Tucher &#038; Co 9"}]},{"@type":"WebSite","@id":"https:\/\/happyinaknit.com\/lt\/#website","url":"https:\/\/happyinaknit.com\/lt\/","name":"Happyinaknit.com","description":"","potentialAction":[{"@type":"SearchAction","target":{"@type":"EntryPoint","urlTemplate":"https:\/\/happyinaknit.com\/lt\/?s={search_term_string}"},"query-input":{"@type":"PropertyValueSpecification","valueRequired":true,"valueName":"search_term_string"}}],"inLanguage":"lt-LT"}]}},"_links":{"self":[{"href":"https:\/\/happyinaknit.com\/lt\/wp-json\/wp\/v2\/product\/4542","targetHints":{"allow":["GET"]}}],"collection":[{"href":"https:\/\/happyinaknit.com\/lt\/wp-json\/wp\/v2\/product"}],"about":[{"href":"https:\/\/happyinaknit.com\/lt\/wp-json\/wp\/v2\/types\/product"}],"replies":[{"embeddable":true,"href":"https:\/\/happyinaknit.com\/lt\/wp-json\/wp\/v2\/comments?post=4542"}],"wp:featuredmedia":[{"embeddable":true,"href":"https:\/\/happyinaknit.com\/lt\/wp-json\/wp\/v2\/media\/4548"}],"wp:attachment":[{"href":"https:\/\/happyinaknit.com\/lt\/wp-json\/wp\/v2\/media?parent=4542"}],"wp:term":[{"taxonomy":"product_brand","embeddable":true,"href":"https:\/\/happyinaknit.com\/lt\/wp-json\/wp\/v2\/product_brand?post=4542"},{"taxonomy":"product_cat","embeddable":true,"href":"https:\/\/happyinaknit.com\/lt\/wp-json\/wp\/v2\/product_cat?post=4542"},{"taxonomy":"product_tag","embeddable":true,"href":"https:\/\/happyinaknit.com\/lt\/wp-json\/wp\/v2\/product_tag?post=4542"},{"taxonomy":"pro-kategorijos","embeddable":true,"href":"https:\/\/happyinaknit.com\/lt\/wp-json\/wp\/v2\/pro-kategorijos?post=4542"}],"curies":[{"name":"wp","href":"https:\/\/api.w.org\/{rel}","templated":true}]}}