{"id":4395,"date":"2025-10-10T23:19:14","date_gmt":"2025-10-10T23:19:14","guid":{"rendered":"https:\/\/happyinaknit.com\/?post_type=product&#038;p=4395"},"modified":"2025-11-13T21:28:58","modified_gmt":"2025-11-13T21:28:58","slug":"rico-design-essentials-baby-alpaca-loves-silk","status":"publish","type":"product","link":"https:\/\/happyinaknit.com\/lt\/produktas\/rico-design-essentials-baby-alpaca-loves-silk\/","title":{"rendered":"Rico Design Essentials Baby Alpaca Loves Silk"},"content":{"rendered":"<p data-start=\"0\" data-end=\"386\">Rico Design Essentials Baby Alpaca Loves Silk \u2013 prabang\u016bs si\u016blai, sukurti i\u0161 \u0161velnios baby alpakos ir nat\u016bralaus \u0161ilko derinio. \u0160i kokybi\u0161ka nat\u016brali gija gali b\u016bti naudojama tiek kaip purus n\u0117rini\u0173 tipo si\u016blas (<em data-start=\"216\" data-end=\"222\">lace<\/em>), tiek kaip priedinis si\u016blas, suteikiantis mezginiui \u0161velnumo ir apimties. Intensyv\u016bs, sodr\u016bs atspalviai suteikia j\u016bs\u0173 darbams i\u0161skirtinio gilumo ir elegancijos.<\/p>\n<p data-start=\"388\" data-end=\"714\"><strong data-start=\"388\" data-end=\"400\">Sud\u0117tis:<\/strong> 75 % baby alpakos vilna, 25 % \u0161ilkas<br data-start=\"437\" data-end=\"440\" \/><strong data-start=\"440\" data-end=\"459\" data-is-only-node=\"\">Svoris \/ ilgis:<\/strong> 25 g &#8211; 200 m<br data-start=\"472\" data-end=\"475\" \/><strong data-start=\"475\" data-end=\"493\">Virbal\u0173 dydis:<\/strong> 4\u20134,5 mm<br data-start=\"502\" data-end=\"505\" \/><strong data-start=\"505\" data-end=\"518\">Tankumas:<\/strong> 10 \u00d7 10 cm \u2013 20 akys \u00d7 36 eil\u0117s<br data-start=\"550\" data-end=\"553\" \/><strong data-start=\"553\" data-end=\"570\">Sunaudojimas:<\/strong> 40 dyd\u017eio megztiniui \u2013 apie 200 g<br data-start=\"604\" data-end=\"607\" \/><strong data-start=\"607\" data-end=\"621\">Prie\u017ei\u016bra:<\/strong> skalbti rankomis, ne auk\u0161tesn\u0117je nei 30 \u00b0C temperat\u016broje, d\u017eiovinti patiesus horizontaliai<\/p>\n<p data-start=\"716\" data-end=\"893\" data-is-last-node=\"\" data-is-only-node=\"\">\u0160ie lengvi, \u0161veln\u016bs si\u016blai suteiks mezginiams subtilaus spindesio ir prabangos poj\u016bt\u012f.<br data-start=\"802\" data-end=\"805\" \/><strong data-start=\"805\" data-end=\"817\">Pastaba:<\/strong> spalv\u0173 atspalviai gali \u0161iek tiek skirtis priklausomai nuo \u012frenginio ekrano.<\/p>\n","protected":false},"excerpt":{"rendered":"<p>Rico Design Essentials Baby Alpaca Loves Silk \u2013 prabang\u016bs si\u016blai, sukurti i\u0161 \u0161velnios baby alpakos ir nat\u016bralaus \u0161ilko derinio. \u0160i kokybi\u0161ka nat\u016brali gija gali b\u016bti naudojama tiek kaip purus n\u0117rini\u0173 tipo si\u016blas (lace), tiek kaip priedinis si\u016blas, suteikiantis mezginiui \u0161velnumo ir apimties. Intensyv\u016bs, sodr\u016bs atspalviai suteikia j\u016bs\u0173 darbams i\u0161skirtinio gilumo ir elegancijos. Sud\u0117tis: 75 % [&hellip;]<\/p>\n","protected":false},"featured_media":4400,"comment_status":"open","ping_status":"closed","template":"","meta":{"_acf_changed":false},"product_brand":[68],"product_cat":[15,18],"product_tag":[],"pro-kategorijos":[72,77],"class_list":{"0":"post-4395","1":"product","2":"type-product","3":"status-publish","4":"has-post-thumbnail","6":"product_brand-rico-design","7":"product_cat-visi-produktai","8":"product_cat-siulai","9":"pro-kategorijos-baby-alpaka","10":"pro-kategorijos-silkas","12":"first","13":"instock","14":"shipping-taxable","15":"purchasable","16":"product-type-variable"},"acf":[],"yoast_head":"<!-- This site is optimized with the Yoast SEO plugin v26.8 - https:\/\/yoast.com\/product\/yoast-seo-wordpress\/ -->\n<title>Rico Design Essentials Baby Alpaca Loves Silk - Happyinaknit.com<\/title>\n<meta name=\"robots\" content=\"index, follow, max-snippet:-1, max-image-preview:large, max-video-preview:-1\" \/>\n<link rel=\"canonical\" href=\"https:\/\/happyinaknit.com\/lt\/produktas\/rico-design-essentials-baby-alpaca-loves-silk\/\" \/>\n<meta property=\"og:locale\" content=\"lt_LT\" \/>\n<meta property=\"og:type\" content=\"article\" \/>\n<meta property=\"og:title\" content=\"Rico Design Essentials Baby Alpaca Loves Silk - Happyinaknit.com\" \/>\n<meta property=\"og:description\" content=\"Rico Design Essentials Baby Alpaca Loves Silk \u2013 prabang\u016bs si\u016blai, sukurti i\u0161 \u0161velnios baby alpakos ir nat\u016bralaus \u0161ilko derinio. \u0160i kokybi\u0161ka nat\u016brali gija gali b\u016bti naudojama tiek kaip purus n\u0117rini\u0173 tipo si\u016blas (lace), tiek kaip priedinis si\u016blas, suteikiantis mezginiui \u0161velnumo ir apimties. Intensyv\u016bs, sodr\u016bs atspalviai suteikia j\u016bs\u0173 darbams i\u0161skirtinio gilumo ir elegancijos. Sud\u0117tis: 75 % [&hellip;]\" \/>\n<meta property=\"og:url\" content=\"https:\/\/happyinaknit.com\/lt\/produktas\/rico-design-essentials-baby-alpaca-loves-silk\/\" \/>\n<meta property=\"og:site_name\" content=\"Happyinaknit.com\" \/>\n<meta property=\"article:modified_time\" content=\"2025-11-13T21:28:58+00:00\" \/>\n<meta property=\"og:image\" content=\"https:\/\/happyinaknit.com\/wp-content\/uploads\/2025\/10\/IMG_9202.jpg\" \/>\n\t<meta property=\"og:image:width\" content=\"1320\" \/>\n\t<meta property=\"og:image:height\" content=\"1491\" \/>\n\t<meta property=\"og:image:type\" content=\"image\/jpeg\" \/>\n<meta name=\"twitter:card\" content=\"summary_large_image\" \/>\n<meta name=\"twitter:label1\" content=\"Est. reading time\" \/>\n\t<meta name=\"twitter:data1\" content=\"1 minut\u0117\" \/>\n<script type=\"application\/ld+json\" class=\"yoast-schema-graph\">{\"@context\":\"https:\/\/schema.org\",\"@graph\":[{\"@type\":\"WebPage\",\"@id\":\"https:\/\/happyinaknit.com\/produktas\/rico-design-essentials-baby-alpaca-loves-silk\/\",\"url\":\"https:\/\/happyinaknit.com\/produktas\/rico-design-essentials-baby-alpaca-loves-silk\/\",\"name\":\"Rico Design Essentials Baby Alpaca Loves Silk - Happyinaknit.com\",\"isPartOf\":{\"@id\":\"https:\/\/happyinaknit.com\/lt\/#website\"},\"primaryImageOfPage\":{\"@id\":\"https:\/\/happyinaknit.com\/produktas\/rico-design-essentials-baby-alpaca-loves-silk\/#primaryimage\"},\"image\":{\"@id\":\"https:\/\/happyinaknit.com\/produktas\/rico-design-essentials-baby-alpaca-loves-silk\/#primaryimage\"},\"thumbnailUrl\":\"https:\/\/happyinaknit.com\/wp-content\/uploads\/2025\/10\/IMG_9202.jpg\",\"datePublished\":\"2025-10-10T23:19:14+00:00\",\"dateModified\":\"2025-11-13T21:28:58+00:00\",\"breadcrumb\":{\"@id\":\"https:\/\/happyinaknit.com\/produktas\/rico-design-essentials-baby-alpaca-loves-silk\/#breadcrumb\"},\"inLanguage\":\"lt-LT\",\"potentialAction\":[{\"@type\":\"ReadAction\",\"target\":[\"https:\/\/happyinaknit.com\/produktas\/rico-design-essentials-baby-alpaca-loves-silk\/\"]}]},{\"@type\":\"ImageObject\",\"inLanguage\":\"lt-LT\",\"@id\":\"https:\/\/happyinaknit.com\/produktas\/rico-design-essentials-baby-alpaca-loves-silk\/#primaryimage\",\"url\":\"https:\/\/happyinaknit.com\/wp-content\/uploads\/2025\/10\/IMG_9202.jpg\",\"contentUrl\":\"https:\/\/happyinaknit.com\/wp-content\/uploads\/2025\/10\/IMG_9202.jpg\",\"width\":1320,\"height\":1491},{\"@type\":\"BreadcrumbList\",\"@id\":\"https:\/\/happyinaknit.com\/produktas\/rico-design-essentials-baby-alpaca-loves-silk\/#breadcrumb\",\"itemListElement\":[{\"@type\":\"ListItem\",\"position\":1,\"name\":\"Home\",\"item\":\"https:\/\/happyinaknit.com\/lt\/\"},{\"@type\":\"ListItem\",\"position\":2,\"name\":\"Parduotuv\u0117\",\"item\":\"https:\/\/happyinaknit.com\/lt\/parduotuve\/\"},{\"@type\":\"ListItem\",\"position\":3,\"name\":\"Rico Design Essentials Baby Alpaca Loves Silk\"}]},{\"@type\":\"WebSite\",\"@id\":\"https:\/\/happyinaknit.com\/lt\/#website\",\"url\":\"https:\/\/happyinaknit.com\/lt\/\",\"name\":\"Happyinaknit.com\",\"description\":\"\",\"potentialAction\":[{\"@type\":\"SearchAction\",\"target\":{\"@type\":\"EntryPoint\",\"urlTemplate\":\"https:\/\/happyinaknit.com\/lt\/?s={search_term_string}\"},\"query-input\":{\"@type\":\"PropertyValueSpecification\",\"valueRequired\":true,\"valueName\":\"search_term_string\"}}],\"inLanguage\":\"lt-LT\"}]}<\/script>\n<!-- \/ Yoast SEO plugin. -->","yoast_head_json":{"title":"Rico Design Essentials Baby Alpaca Loves Silk - Happyinaknit.com","robots":{"index":"index","follow":"follow","max-snippet":"max-snippet:-1","max-image-preview":"max-image-preview:large","max-video-preview":"max-video-preview:-1"},"canonical":"https:\/\/happyinaknit.com\/lt\/produktas\/rico-design-essentials-baby-alpaca-loves-silk\/","og_locale":"lt_LT","og_type":"article","og_title":"Rico Design Essentials Baby Alpaca Loves Silk - Happyinaknit.com","og_description":"Rico Design Essentials Baby Alpaca Loves Silk \u2013 prabang\u016bs si\u016blai, sukurti i\u0161 \u0161velnios baby alpakos ir nat\u016bralaus \u0161ilko derinio. \u0160i kokybi\u0161ka nat\u016brali gija gali b\u016bti naudojama tiek kaip purus n\u0117rini\u0173 tipo si\u016blas (lace), tiek kaip priedinis si\u016blas, suteikiantis mezginiui \u0161velnumo ir apimties. Intensyv\u016bs, sodr\u016bs atspalviai suteikia j\u016bs\u0173 darbams i\u0161skirtinio gilumo ir elegancijos. Sud\u0117tis: 75 % [&hellip;]","og_url":"https:\/\/happyinaknit.com\/lt\/produktas\/rico-design-essentials-baby-alpaca-loves-silk\/","og_site_name":"Happyinaknit.com","article_modified_time":"2025-11-13T21:28:58+00:00","og_image":[{"width":1320,"height":1491,"url":"https:\/\/happyinaknit.com\/wp-content\/uploads\/2025\/10\/IMG_9202.jpg","type":"image\/jpeg"}],"twitter_card":"summary_large_image","twitter_misc":{"Est. reading time":"1 minut\u0117"},"schema":{"@context":"https:\/\/schema.org","@graph":[{"@type":"WebPage","@id":"https:\/\/happyinaknit.com\/produktas\/rico-design-essentials-baby-alpaca-loves-silk\/","url":"https:\/\/happyinaknit.com\/produktas\/rico-design-essentials-baby-alpaca-loves-silk\/","name":"Rico Design Essentials Baby Alpaca Loves Silk - Happyinaknit.com","isPartOf":{"@id":"https:\/\/happyinaknit.com\/lt\/#website"},"primaryImageOfPage":{"@id":"https:\/\/happyinaknit.com\/produktas\/rico-design-essentials-baby-alpaca-loves-silk\/#primaryimage"},"image":{"@id":"https:\/\/happyinaknit.com\/produktas\/rico-design-essentials-baby-alpaca-loves-silk\/#primaryimage"},"thumbnailUrl":"https:\/\/happyinaknit.com\/wp-content\/uploads\/2025\/10\/IMG_9202.jpg","datePublished":"2025-10-10T23:19:14+00:00","dateModified":"2025-11-13T21:28:58+00:00","breadcrumb":{"@id":"https:\/\/happyinaknit.com\/produktas\/rico-design-essentials-baby-alpaca-loves-silk\/#breadcrumb"},"inLanguage":"lt-LT","potentialAction":[{"@type":"ReadAction","target":["https:\/\/happyinaknit.com\/produktas\/rico-design-essentials-baby-alpaca-loves-silk\/"]}]},{"@type":"ImageObject","inLanguage":"lt-LT","@id":"https:\/\/happyinaknit.com\/produktas\/rico-design-essentials-baby-alpaca-loves-silk\/#primaryimage","url":"https:\/\/happyinaknit.com\/wp-content\/uploads\/2025\/10\/IMG_9202.jpg","contentUrl":"https:\/\/happyinaknit.com\/wp-content\/uploads\/2025\/10\/IMG_9202.jpg","width":1320,"height":1491},{"@type":"BreadcrumbList","@id":"https:\/\/happyinaknit.com\/produktas\/rico-design-essentials-baby-alpaca-loves-silk\/#breadcrumb","itemListElement":[{"@type":"ListItem","position":1,"name":"Home","item":"https:\/\/happyinaknit.com\/lt\/"},{"@type":"ListItem","position":2,"name":"Parduotuv\u0117","item":"https:\/\/happyinaknit.com\/lt\/parduotuve\/"},{"@type":"ListItem","position":3,"name":"Rico Design Essentials Baby Alpaca Loves Silk"}]},{"@type":"WebSite","@id":"https:\/\/happyinaknit.com\/lt\/#website","url":"https:\/\/happyinaknit.com\/lt\/","name":"Happyinaknit.com","description":"","potentialAction":[{"@type":"SearchAction","target":{"@type":"EntryPoint","urlTemplate":"https:\/\/happyinaknit.com\/lt\/?s={search_term_string}"},"query-input":{"@type":"PropertyValueSpecification","valueRequired":true,"valueName":"search_term_string"}}],"inLanguage":"lt-LT"}]}},"_links":{"self":[{"href":"https:\/\/happyinaknit.com\/lt\/wp-json\/wp\/v2\/product\/4395","targetHints":{"allow":["GET"]}}],"collection":[{"href":"https:\/\/happyinaknit.com\/lt\/wp-json\/wp\/v2\/product"}],"about":[{"href":"https:\/\/happyinaknit.com\/lt\/wp-json\/wp\/v2\/types\/product"}],"replies":[{"embeddable":true,"href":"https:\/\/happyinaknit.com\/lt\/wp-json\/wp\/v2\/comments?post=4395"}],"wp:featuredmedia":[{"embeddable":true,"href":"https:\/\/happyinaknit.com\/lt\/wp-json\/wp\/v2\/media\/4400"}],"wp:attachment":[{"href":"https:\/\/happyinaknit.com\/lt\/wp-json\/wp\/v2\/media?parent=4395"}],"wp:term":[{"taxonomy":"product_brand","embeddable":true,"href":"https:\/\/happyinaknit.com\/lt\/wp-json\/wp\/v2\/product_brand?post=4395"},{"taxonomy":"product_cat","embeddable":true,"href":"https:\/\/happyinaknit.com\/lt\/wp-json\/wp\/v2\/product_cat?post=4395"},{"taxonomy":"product_tag","embeddable":true,"href":"https:\/\/happyinaknit.com\/lt\/wp-json\/wp\/v2\/product_tag?post=4395"},{"taxonomy":"pro-kategorijos","embeddable":true,"href":"https:\/\/happyinaknit.com\/lt\/wp-json\/wp\/v2\/pro-kategorijos?post=4395"}],"curies":[{"name":"wp","href":"https:\/\/api.w.org\/{rel}","templated":true}]}}