{"id":4323,"date":"2025-10-10T21:40:01","date_gmt":"2025-10-10T21:40:01","guid":{"rendered":"https:\/\/happyinaknit.com\/?post_type=product&#038;p=4323"},"modified":"2026-02-01T18:54:57","modified_gmt":"2026-02-01T18:54:57","slug":"rico-design-creative-make-it-rainbow-multicolor","status":"publish","type":"product","link":"https:\/\/happyinaknit.com\/lt\/produktas\/rico-design-creative-make-it-rainbow-multicolor\/","title":{"rendered":"Rico Design Creative Make It Rainbow Multicolor"},"content":{"rendered":"<p data-start=\"0\" data-end=\"260\"><strong data-start=\"0\" data-end=\"51\">Rico Design Creative Make It Rainbow Multicolor<\/strong> \u2013 tai dekoratyvinis priedinis si\u016blas, suteikiantis mezginiams i\u0161skirtin\u012f <em data-start=\"125\" data-end=\"146\">vaivoryk\u0161t\u0117s efekt\u0105<\/em>. Tereikia megzti kartu su pagrindiniu si\u016blu \u2013 ir j\u016bs\u0173 darbas \u012fgaus subtil\u0173 spalv\u0173 per\u0117jim\u0105 bei lengv\u0105 blizges\u012f.<\/p>\n<p data-start=\"262\" data-end=\"417\">\u00a0<strong data-start=\"265\" data-end=\"277\">Sud\u0117tis:<\/strong> 38 % viskoz\u0117, 38 % poliakrilas, 24 % poliamidas<br data-start=\"325\" data-end=\"328\" \/>\u00a0<strong data-start=\"331\" data-end=\"350\">Svoris \/ ilgis:<\/strong> 50 g &#8211; 340 m<br data-start=\"363\" data-end=\"366\" \/>\u00a0<strong data-start=\"369\" data-end=\"383\">Prie\u017ei\u016bra:<\/strong> skalbti vilnos re\u017eimu iki 30 \u00b0C<\/p>\n<p data-start=\"419\" data-end=\"530\" data-is-last-node=\"\" data-is-only-node=\"\">\u00a0Puikiai tinka suteikti spalvingumo ir \u017eaismingumo megztiniams, \u0161alikams, kepur\u0117ms bei \u012fvairiems aksesuarams.<\/p>\n","protected":false},"excerpt":{"rendered":"<p>Rico Design Creative Make It Rainbow Multicolor \u2013 tai dekoratyvinis priedinis si\u016blas, suteikiantis mezginiams i\u0161skirtin\u012f vaivoryk\u0161t\u0117s efekt\u0105. Tereikia megzti kartu su pagrindiniu si\u016blu \u2013 ir j\u016bs\u0173 darbas \u012fgaus subtil\u0173 spalv\u0173 per\u0117jim\u0105 bei lengv\u0105 blizges\u012f. \u00a0Sud\u0117tis: 38 % viskoz\u0117, 38 % poliakrilas, 24 % poliamidas\u00a0Svoris \/ ilgis: 50 g &#8211; 340 m\u00a0Prie\u017ei\u016bra: skalbti vilnos re\u017eimu iki [&hellip;]<\/p>\n","protected":false},"featured_media":4302,"comment_status":"open","ping_status":"closed","template":"","meta":{"_acf_changed":false},"product_brand":[68],"product_cat":[15,18,323],"product_tag":[],"pro-kategorijos":[78],"class_list":{"0":"post-4323","1":"product","2":"type-product","3":"status-publish","4":"has-post-thumbnail","6":"product_brand-rico-design","7":"product_cat-visi-produktai","8":"product_cat-siulai","9":"product_cat-siulai-su-lureksu-ir-zvyneliais","10":"pro-kategorijos-viskoze","12":"first","13":"outofstock","14":"shipping-taxable","15":"purchasable","16":"product-type-variable"},"acf":[],"yoast_head":"<!-- This site is optimized with the Yoast SEO plugin v26.8 - https:\/\/yoast.com\/product\/yoast-seo-wordpress\/ -->\n<title>Rico Design Creative Make It Rainbow Multicolor - Happyinaknit.com<\/title>\n<meta name=\"robots\" content=\"index, follow, max-snippet:-1, max-image-preview:large, max-video-preview:-1\" \/>\n<link rel=\"canonical\" href=\"https:\/\/happyinaknit.com\/lt\/produktas\/rico-design-creative-make-it-rainbow-multicolor\/\" \/>\n<meta property=\"og:locale\" content=\"lt_LT\" \/>\n<meta property=\"og:type\" content=\"article\" \/>\n<meta property=\"og:title\" content=\"Rico Design Creative Make It Rainbow Multicolor - Happyinaknit.com\" \/>\n<meta property=\"og:description\" content=\"Rico Design Creative Make It Rainbow Multicolor \u2013 tai dekoratyvinis priedinis si\u016blas, suteikiantis mezginiams i\u0161skirtin\u012f vaivoryk\u0161t\u0117s efekt\u0105. Tereikia megzti kartu su pagrindiniu si\u016blu \u2013 ir j\u016bs\u0173 darbas \u012fgaus subtil\u0173 spalv\u0173 per\u0117jim\u0105 bei lengv\u0105 blizges\u012f. \u00a0Sud\u0117tis: 38 % viskoz\u0117, 38 % poliakrilas, 24 % poliamidas\u00a0Svoris \/ ilgis: 50 g &#8211; 340 m\u00a0Prie\u017ei\u016bra: skalbti vilnos re\u017eimu iki [&hellip;]\" \/>\n<meta property=\"og:url\" content=\"https:\/\/happyinaknit.com\/lt\/produktas\/rico-design-creative-make-it-rainbow-multicolor\/\" \/>\n<meta property=\"og:site_name\" content=\"Happyinaknit.com\" \/>\n<meta property=\"article:modified_time\" content=\"2026-02-01T18:54:57+00:00\" \/>\n<meta property=\"og:image\" content=\"https:\/\/happyinaknit.com\/wp-content\/uploads\/2025\/10\/IMG_9137.jpg\" \/>\n\t<meta property=\"og:image:width\" content=\"1320\" \/>\n\t<meta property=\"og:image:height\" content=\"1774\" \/>\n\t<meta property=\"og:image:type\" content=\"image\/jpeg\" \/>\n<meta name=\"twitter:card\" content=\"summary_large_image\" \/>\n<script type=\"application\/ld+json\" class=\"yoast-schema-graph\">{\"@context\":\"https:\/\/schema.org\",\"@graph\":[{\"@type\":\"WebPage\",\"@id\":\"https:\/\/happyinaknit.com\/produktas\/rico-design-creative-make-it-rainbow-multicolor\/\",\"url\":\"https:\/\/happyinaknit.com\/produktas\/rico-design-creative-make-it-rainbow-multicolor\/\",\"name\":\"Rico Design Creative Make It Rainbow Multicolor - Happyinaknit.com\",\"isPartOf\":{\"@id\":\"https:\/\/happyinaknit.com\/lt\/#website\"},\"primaryImageOfPage\":{\"@id\":\"https:\/\/happyinaknit.com\/produktas\/rico-design-creative-make-it-rainbow-multicolor\/#primaryimage\"},\"image\":{\"@id\":\"https:\/\/happyinaknit.com\/produktas\/rico-design-creative-make-it-rainbow-multicolor\/#primaryimage\"},\"thumbnailUrl\":\"https:\/\/happyinaknit.com\/wp-content\/uploads\/2025\/10\/IMG_9137.jpg\",\"datePublished\":\"2025-10-10T21:40:01+00:00\",\"dateModified\":\"2026-02-01T18:54:57+00:00\",\"breadcrumb\":{\"@id\":\"https:\/\/happyinaknit.com\/produktas\/rico-design-creative-make-it-rainbow-multicolor\/#breadcrumb\"},\"inLanguage\":\"lt-LT\",\"potentialAction\":[{\"@type\":\"ReadAction\",\"target\":[\"https:\/\/happyinaknit.com\/produktas\/rico-design-creative-make-it-rainbow-multicolor\/\"]}]},{\"@type\":\"ImageObject\",\"inLanguage\":\"lt-LT\",\"@id\":\"https:\/\/happyinaknit.com\/produktas\/rico-design-creative-make-it-rainbow-multicolor\/#primaryimage\",\"url\":\"https:\/\/happyinaknit.com\/wp-content\/uploads\/2025\/10\/IMG_9137.jpg\",\"contentUrl\":\"https:\/\/happyinaknit.com\/wp-content\/uploads\/2025\/10\/IMG_9137.jpg\",\"width\":1320,\"height\":1774},{\"@type\":\"BreadcrumbList\",\"@id\":\"https:\/\/happyinaknit.com\/produktas\/rico-design-creative-make-it-rainbow-multicolor\/#breadcrumb\",\"itemListElement\":[{\"@type\":\"ListItem\",\"position\":1,\"name\":\"Home\",\"item\":\"https:\/\/happyinaknit.com\/lt\/\"},{\"@type\":\"ListItem\",\"position\":2,\"name\":\"Parduotuv\u0117\",\"item\":\"https:\/\/happyinaknit.com\/lt\/parduotuve\/\"},{\"@type\":\"ListItem\",\"position\":3,\"name\":\"Rico Design Creative Make It Rainbow Multicolor\"}]},{\"@type\":\"WebSite\",\"@id\":\"https:\/\/happyinaknit.com\/lt\/#website\",\"url\":\"https:\/\/happyinaknit.com\/lt\/\",\"name\":\"Happyinaknit.com\",\"description\":\"\",\"potentialAction\":[{\"@type\":\"SearchAction\",\"target\":{\"@type\":\"EntryPoint\",\"urlTemplate\":\"https:\/\/happyinaknit.com\/lt\/?s={search_term_string}\"},\"query-input\":{\"@type\":\"PropertyValueSpecification\",\"valueRequired\":true,\"valueName\":\"search_term_string\"}}],\"inLanguage\":\"lt-LT\"}]}<\/script>\n<!-- \/ Yoast SEO plugin. -->","yoast_head_json":{"title":"Rico Design Creative Make It Rainbow Multicolor - Happyinaknit.com","robots":{"index":"index","follow":"follow","max-snippet":"max-snippet:-1","max-image-preview":"max-image-preview:large","max-video-preview":"max-video-preview:-1"},"canonical":"https:\/\/happyinaknit.com\/lt\/produktas\/rico-design-creative-make-it-rainbow-multicolor\/","og_locale":"lt_LT","og_type":"article","og_title":"Rico Design Creative Make It Rainbow Multicolor - Happyinaknit.com","og_description":"Rico Design Creative Make It Rainbow Multicolor \u2013 tai dekoratyvinis priedinis si\u016blas, suteikiantis mezginiams i\u0161skirtin\u012f vaivoryk\u0161t\u0117s efekt\u0105. Tereikia megzti kartu su pagrindiniu si\u016blu \u2013 ir j\u016bs\u0173 darbas \u012fgaus subtil\u0173 spalv\u0173 per\u0117jim\u0105 bei lengv\u0105 blizges\u012f. \u00a0Sud\u0117tis: 38 % viskoz\u0117, 38 % poliakrilas, 24 % poliamidas\u00a0Svoris \/ ilgis: 50 g &#8211; 340 m\u00a0Prie\u017ei\u016bra: skalbti vilnos re\u017eimu iki [&hellip;]","og_url":"https:\/\/happyinaknit.com\/lt\/produktas\/rico-design-creative-make-it-rainbow-multicolor\/","og_site_name":"Happyinaknit.com","article_modified_time":"2026-02-01T18:54:57+00:00","og_image":[{"width":1320,"height":1774,"url":"https:\/\/happyinaknit.com\/wp-content\/uploads\/2025\/10\/IMG_9137.jpg","type":"image\/jpeg"}],"twitter_card":"summary_large_image","schema":{"@context":"https:\/\/schema.org","@graph":[{"@type":"WebPage","@id":"https:\/\/happyinaknit.com\/produktas\/rico-design-creative-make-it-rainbow-multicolor\/","url":"https:\/\/happyinaknit.com\/produktas\/rico-design-creative-make-it-rainbow-multicolor\/","name":"Rico Design Creative Make It Rainbow Multicolor - Happyinaknit.com","isPartOf":{"@id":"https:\/\/happyinaknit.com\/lt\/#website"},"primaryImageOfPage":{"@id":"https:\/\/happyinaknit.com\/produktas\/rico-design-creative-make-it-rainbow-multicolor\/#primaryimage"},"image":{"@id":"https:\/\/happyinaknit.com\/produktas\/rico-design-creative-make-it-rainbow-multicolor\/#primaryimage"},"thumbnailUrl":"https:\/\/happyinaknit.com\/wp-content\/uploads\/2025\/10\/IMG_9137.jpg","datePublished":"2025-10-10T21:40:01+00:00","dateModified":"2026-02-01T18:54:57+00:00","breadcrumb":{"@id":"https:\/\/happyinaknit.com\/produktas\/rico-design-creative-make-it-rainbow-multicolor\/#breadcrumb"},"inLanguage":"lt-LT","potentialAction":[{"@type":"ReadAction","target":["https:\/\/happyinaknit.com\/produktas\/rico-design-creative-make-it-rainbow-multicolor\/"]}]},{"@type":"ImageObject","inLanguage":"lt-LT","@id":"https:\/\/happyinaknit.com\/produktas\/rico-design-creative-make-it-rainbow-multicolor\/#primaryimage","url":"https:\/\/happyinaknit.com\/wp-content\/uploads\/2025\/10\/IMG_9137.jpg","contentUrl":"https:\/\/happyinaknit.com\/wp-content\/uploads\/2025\/10\/IMG_9137.jpg","width":1320,"height":1774},{"@type":"BreadcrumbList","@id":"https:\/\/happyinaknit.com\/produktas\/rico-design-creative-make-it-rainbow-multicolor\/#breadcrumb","itemListElement":[{"@type":"ListItem","position":1,"name":"Home","item":"https:\/\/happyinaknit.com\/lt\/"},{"@type":"ListItem","position":2,"name":"Parduotuv\u0117","item":"https:\/\/happyinaknit.com\/lt\/parduotuve\/"},{"@type":"ListItem","position":3,"name":"Rico Design Creative Make It Rainbow Multicolor"}]},{"@type":"WebSite","@id":"https:\/\/happyinaknit.com\/lt\/#website","url":"https:\/\/happyinaknit.com\/lt\/","name":"Happyinaknit.com","description":"","potentialAction":[{"@type":"SearchAction","target":{"@type":"EntryPoint","urlTemplate":"https:\/\/happyinaknit.com\/lt\/?s={search_term_string}"},"query-input":{"@type":"PropertyValueSpecification","valueRequired":true,"valueName":"search_term_string"}}],"inLanguage":"lt-LT"}]}},"_links":{"self":[{"href":"https:\/\/happyinaknit.com\/lt\/wp-json\/wp\/v2\/product\/4323","targetHints":{"allow":["GET"]}}],"collection":[{"href":"https:\/\/happyinaknit.com\/lt\/wp-json\/wp\/v2\/product"}],"about":[{"href":"https:\/\/happyinaknit.com\/lt\/wp-json\/wp\/v2\/types\/product"}],"replies":[{"embeddable":true,"href":"https:\/\/happyinaknit.com\/lt\/wp-json\/wp\/v2\/comments?post=4323"}],"wp:featuredmedia":[{"embeddable":true,"href":"https:\/\/happyinaknit.com\/lt\/wp-json\/wp\/v2\/media\/4302"}],"wp:attachment":[{"href":"https:\/\/happyinaknit.com\/lt\/wp-json\/wp\/v2\/media?parent=4323"}],"wp:term":[{"taxonomy":"product_brand","embeddable":true,"href":"https:\/\/happyinaknit.com\/lt\/wp-json\/wp\/v2\/product_brand?post=4323"},{"taxonomy":"product_cat","embeddable":true,"href":"https:\/\/happyinaknit.com\/lt\/wp-json\/wp\/v2\/product_cat?post=4323"},{"taxonomy":"product_tag","embeddable":true,"href":"https:\/\/happyinaknit.com\/lt\/wp-json\/wp\/v2\/product_tag?post=4323"},{"taxonomy":"pro-kategorijos","embeddable":true,"href":"https:\/\/happyinaknit.com\/lt\/wp-json\/wp\/v2\/pro-kategorijos?post=4323"}],"curies":[{"name":"wp","href":"https:\/\/api.w.org\/{rel}","templated":true}]}}