{"id":4267,"date":"2025-10-10T20:05:18","date_gmt":"2025-10-10T20:05:18","guid":{"rendered":"https:\/\/happyinaknit.com\/?post_type=product&#038;p=4267"},"modified":"2026-02-06T14:00:19","modified_gmt":"2026-02-06T14:00:19","slug":"rico-design-creative-make-it-rainbow-glitz","status":"publish","type":"product","link":"https:\/\/happyinaknit.com\/lt\/produktas\/rico-design-creative-make-it-rainbow-glitz\/","title":{"rendered":"Rico Design Creative  MAKE IT RAINBOW GLITZ"},"content":{"rendered":"<p data-start=\"0\" data-end=\"279\">Creative Make It Rainbow Glitz \u2013 tai spindintys si\u016blai su vaivoryk\u0161t\u0117s ir \u017evilgan\u010dio \u201etvido\u201c efektu, kurie suteikia mezginiams ypatingo \u017eavesio. Tereikia \u0161iuos si\u016blus megzti kartu su pagrindiniu si\u016blu \u2013 ir j\u016bs\u0173 darbas \u012fgaus subtil\u0173 blizges\u012f bei i\u0161skirtin\u012f spindes\u012f.<\/p>\n<p data-start=\"281\" data-end=\"395\">Puikus pasirinkimas norint suteikti ypating\u0105 akcent\u0105 megztiniams, \u0161alikams, kepur\u0117ms ar kitiems aksesuarams.<\/p>\n<p data-start=\"397\" data-end=\"593\"><strong data-start=\"397\" data-end=\"409\">Sud\u0117tis:<\/strong> 41 % akrilas, 33 % poliamidas, 16 % viskoz\u0117, 10 % metalizuoti si\u016blai<br data-start=\"478\" data-end=\"481\" \/><strong data-start=\"481\" data-end=\"500\">Svoris \/ ilgis:<\/strong> 50 g \u2013 525 m<br data-start=\"513\" data-end=\"516\" data-is-only-node=\"\" \/><strong data-start=\"516\" data-end=\"530\">Prie\u017ei\u016bra:<\/strong> vilnos skalbimas iki 30 \u00b0C, d\u017eiovinti patiesus horizontaliai<\/p>\n<p data-start=\"595\" data-end=\"683\" data-is-last-node=\"\" data-is-only-node=\"\"><strong data-start=\"595\" data-end=\"607\">Pastaba:<\/strong> spalv\u0173 atspalviai gali \u0161iek tiek skirtis priklausomai nuo \u012frenginio ekrano.<\/p>\n","protected":false},"excerpt":{"rendered":"<p>Creative Make It Rainbow Glitz \u2013 tai spindintys si\u016blai su vaivoryk\u0161t\u0117s ir \u017evilgan\u010dio \u201etvido\u201c efektu, kurie suteikia mezginiams ypatingo \u017eavesio. Tereikia \u0161iuos si\u016blus megzti kartu su pagrindiniu si\u016blu \u2013 ir j\u016bs\u0173 darbas \u012fgaus subtil\u0173 blizges\u012f bei i\u0161skirtin\u012f spindes\u012f. Puikus pasirinkimas norint suteikti ypating\u0105 akcent\u0105 megztiniams, \u0161alikams, kepur\u0117ms ar kitiems aksesuarams. Sud\u0117tis: 41 % akrilas, 33 [&hellip;]<\/p>\n","protected":false},"featured_media":4269,"comment_status":"open","ping_status":"closed","template":"","meta":{"_acf_changed":false},"product_brand":[68],"product_cat":[15,18,323],"product_tag":[],"pro-kategorijos":[81,79],"class_list":{"0":"post-4267","1":"product","2":"type-product","3":"status-publish","4":"has-post-thumbnail","6":"product_brand-rico-design","7":"product_cat-visi-produktai","8":"product_cat-siulai","9":"product_cat-siulai-su-lureksu-ir-zvyneliais","10":"pro-kategorijos-poliamidas-zvyneliai","11":"pro-kategorijos-poliesteris","13":"first","14":"instock","15":"shipping-taxable","16":"purchasable","17":"product-type-variable"},"acf":[],"yoast_head":"<!-- This site is optimized with the Yoast SEO plugin v26.8 - https:\/\/yoast.com\/product\/yoast-seo-wordpress\/ -->\n<title>Rico Design Creative MAKE IT RAINBOW GLITZ - Happyinaknit.com<\/title>\n<meta name=\"robots\" content=\"index, follow, max-snippet:-1, max-image-preview:large, max-video-preview:-1\" \/>\n<link rel=\"canonical\" href=\"https:\/\/happyinaknit.com\/lt\/produktas\/rico-design-creative-make-it-rainbow-glitz\/\" \/>\n<meta property=\"og:locale\" content=\"lt_LT\" \/>\n<meta property=\"og:type\" content=\"article\" \/>\n<meta property=\"og:title\" content=\"Rico Design Creative MAKE IT RAINBOW GLITZ - Happyinaknit.com\" \/>\n<meta property=\"og:description\" content=\"Creative Make It Rainbow Glitz \u2013 tai spindintys si\u016blai su vaivoryk\u0161t\u0117s ir \u017evilgan\u010dio \u201etvido\u201c efektu, kurie suteikia mezginiams ypatingo \u017eavesio. Tereikia \u0161iuos si\u016blus megzti kartu su pagrindiniu si\u016blu \u2013 ir j\u016bs\u0173 darbas \u012fgaus subtil\u0173 blizges\u012f bei i\u0161skirtin\u012f spindes\u012f. Puikus pasirinkimas norint suteikti ypating\u0105 akcent\u0105 megztiniams, \u0161alikams, kepur\u0117ms ar kitiems aksesuarams. Sud\u0117tis: 41 % akrilas, 33 [&hellip;]\" \/>\n<meta property=\"og:url\" content=\"https:\/\/happyinaknit.com\/lt\/produktas\/rico-design-creative-make-it-rainbow-glitz\/\" \/>\n<meta property=\"og:site_name\" content=\"Happyinaknit.com\" \/>\n<meta property=\"article:modified_time\" content=\"2026-02-06T14:00:19+00:00\" \/>\n<meta property=\"og:image\" content=\"https:\/\/happyinaknit.com\/wp-content\/uploads\/2025\/10\/IMG_9110.jpg\" \/>\n\t<meta property=\"og:image:width\" content=\"1320\" \/>\n\t<meta property=\"og:image:height\" content=\"1710\" \/>\n\t<meta property=\"og:image:type\" content=\"image\/jpeg\" \/>\n<meta name=\"twitter:card\" content=\"summary_large_image\" \/>\n<script type=\"application\/ld+json\" class=\"yoast-schema-graph\">{\"@context\":\"https:\/\/schema.org\",\"@graph\":[{\"@type\":\"WebPage\",\"@id\":\"https:\/\/happyinaknit.com\/produktas\/rico-design-creative-make-it-rainbow-glitz\/\",\"url\":\"https:\/\/happyinaknit.com\/produktas\/rico-design-creative-make-it-rainbow-glitz\/\",\"name\":\"Rico Design Creative MAKE IT RAINBOW GLITZ - Happyinaknit.com\",\"isPartOf\":{\"@id\":\"https:\/\/happyinaknit.com\/lt\/#website\"},\"primaryImageOfPage\":{\"@id\":\"https:\/\/happyinaknit.com\/produktas\/rico-design-creative-make-it-rainbow-glitz\/#primaryimage\"},\"image\":{\"@id\":\"https:\/\/happyinaknit.com\/produktas\/rico-design-creative-make-it-rainbow-glitz\/#primaryimage\"},\"thumbnailUrl\":\"https:\/\/happyinaknit.com\/wp-content\/uploads\/2025\/10\/IMG_9110.jpg\",\"datePublished\":\"2025-10-10T20:05:18+00:00\",\"dateModified\":\"2026-02-06T14:00:19+00:00\",\"breadcrumb\":{\"@id\":\"https:\/\/happyinaknit.com\/produktas\/rico-design-creative-make-it-rainbow-glitz\/#breadcrumb\"},\"inLanguage\":\"lt-LT\",\"potentialAction\":[{\"@type\":\"ReadAction\",\"target\":[\"https:\/\/happyinaknit.com\/produktas\/rico-design-creative-make-it-rainbow-glitz\/\"]}]},{\"@type\":\"ImageObject\",\"inLanguage\":\"lt-LT\",\"@id\":\"https:\/\/happyinaknit.com\/produktas\/rico-design-creative-make-it-rainbow-glitz\/#primaryimage\",\"url\":\"https:\/\/happyinaknit.com\/wp-content\/uploads\/2025\/10\/IMG_9110.jpg\",\"contentUrl\":\"https:\/\/happyinaknit.com\/wp-content\/uploads\/2025\/10\/IMG_9110.jpg\",\"width\":1320,\"height\":1710},{\"@type\":\"BreadcrumbList\",\"@id\":\"https:\/\/happyinaknit.com\/produktas\/rico-design-creative-make-it-rainbow-glitz\/#breadcrumb\",\"itemListElement\":[{\"@type\":\"ListItem\",\"position\":1,\"name\":\"Home\",\"item\":\"https:\/\/happyinaknit.com\/lt\/\"},{\"@type\":\"ListItem\",\"position\":2,\"name\":\"Parduotuv\u0117\",\"item\":\"https:\/\/happyinaknit.com\/lt\/parduotuve\/\"},{\"@type\":\"ListItem\",\"position\":3,\"name\":\"Rico Design Creative MAKE IT RAINBOW GLITZ\"}]},{\"@type\":\"WebSite\",\"@id\":\"https:\/\/happyinaknit.com\/lt\/#website\",\"url\":\"https:\/\/happyinaknit.com\/lt\/\",\"name\":\"Happyinaknit.com\",\"description\":\"\",\"potentialAction\":[{\"@type\":\"SearchAction\",\"target\":{\"@type\":\"EntryPoint\",\"urlTemplate\":\"https:\/\/happyinaknit.com\/lt\/?s={search_term_string}\"},\"query-input\":{\"@type\":\"PropertyValueSpecification\",\"valueRequired\":true,\"valueName\":\"search_term_string\"}}],\"inLanguage\":\"lt-LT\"}]}<\/script>\n<!-- \/ Yoast SEO plugin. -->","yoast_head_json":{"title":"Rico Design Creative MAKE IT RAINBOW GLITZ - Happyinaknit.com","robots":{"index":"index","follow":"follow","max-snippet":"max-snippet:-1","max-image-preview":"max-image-preview:large","max-video-preview":"max-video-preview:-1"},"canonical":"https:\/\/happyinaknit.com\/lt\/produktas\/rico-design-creative-make-it-rainbow-glitz\/","og_locale":"lt_LT","og_type":"article","og_title":"Rico Design Creative MAKE IT RAINBOW GLITZ - Happyinaknit.com","og_description":"Creative Make It Rainbow Glitz \u2013 tai spindintys si\u016blai su vaivoryk\u0161t\u0117s ir \u017evilgan\u010dio \u201etvido\u201c efektu, kurie suteikia mezginiams ypatingo \u017eavesio. Tereikia \u0161iuos si\u016blus megzti kartu su pagrindiniu si\u016blu \u2013 ir j\u016bs\u0173 darbas \u012fgaus subtil\u0173 blizges\u012f bei i\u0161skirtin\u012f spindes\u012f. Puikus pasirinkimas norint suteikti ypating\u0105 akcent\u0105 megztiniams, \u0161alikams, kepur\u0117ms ar kitiems aksesuarams. Sud\u0117tis: 41 % akrilas, 33 [&hellip;]","og_url":"https:\/\/happyinaknit.com\/lt\/produktas\/rico-design-creative-make-it-rainbow-glitz\/","og_site_name":"Happyinaknit.com","article_modified_time":"2026-02-06T14:00:19+00:00","og_image":[{"width":1320,"height":1710,"url":"https:\/\/happyinaknit.com\/wp-content\/uploads\/2025\/10\/IMG_9110.jpg","type":"image\/jpeg"}],"twitter_card":"summary_large_image","schema":{"@context":"https:\/\/schema.org","@graph":[{"@type":"WebPage","@id":"https:\/\/happyinaknit.com\/produktas\/rico-design-creative-make-it-rainbow-glitz\/","url":"https:\/\/happyinaknit.com\/produktas\/rico-design-creative-make-it-rainbow-glitz\/","name":"Rico Design Creative MAKE IT RAINBOW GLITZ - Happyinaknit.com","isPartOf":{"@id":"https:\/\/happyinaknit.com\/lt\/#website"},"primaryImageOfPage":{"@id":"https:\/\/happyinaknit.com\/produktas\/rico-design-creative-make-it-rainbow-glitz\/#primaryimage"},"image":{"@id":"https:\/\/happyinaknit.com\/produktas\/rico-design-creative-make-it-rainbow-glitz\/#primaryimage"},"thumbnailUrl":"https:\/\/happyinaknit.com\/wp-content\/uploads\/2025\/10\/IMG_9110.jpg","datePublished":"2025-10-10T20:05:18+00:00","dateModified":"2026-02-06T14:00:19+00:00","breadcrumb":{"@id":"https:\/\/happyinaknit.com\/produktas\/rico-design-creative-make-it-rainbow-glitz\/#breadcrumb"},"inLanguage":"lt-LT","potentialAction":[{"@type":"ReadAction","target":["https:\/\/happyinaknit.com\/produktas\/rico-design-creative-make-it-rainbow-glitz\/"]}]},{"@type":"ImageObject","inLanguage":"lt-LT","@id":"https:\/\/happyinaknit.com\/produktas\/rico-design-creative-make-it-rainbow-glitz\/#primaryimage","url":"https:\/\/happyinaknit.com\/wp-content\/uploads\/2025\/10\/IMG_9110.jpg","contentUrl":"https:\/\/happyinaknit.com\/wp-content\/uploads\/2025\/10\/IMG_9110.jpg","width":1320,"height":1710},{"@type":"BreadcrumbList","@id":"https:\/\/happyinaknit.com\/produktas\/rico-design-creative-make-it-rainbow-glitz\/#breadcrumb","itemListElement":[{"@type":"ListItem","position":1,"name":"Home","item":"https:\/\/happyinaknit.com\/lt\/"},{"@type":"ListItem","position":2,"name":"Parduotuv\u0117","item":"https:\/\/happyinaknit.com\/lt\/parduotuve\/"},{"@type":"ListItem","position":3,"name":"Rico Design Creative MAKE IT RAINBOW GLITZ"}]},{"@type":"WebSite","@id":"https:\/\/happyinaknit.com\/lt\/#website","url":"https:\/\/happyinaknit.com\/lt\/","name":"Happyinaknit.com","description":"","potentialAction":[{"@type":"SearchAction","target":{"@type":"EntryPoint","urlTemplate":"https:\/\/happyinaknit.com\/lt\/?s={search_term_string}"},"query-input":{"@type":"PropertyValueSpecification","valueRequired":true,"valueName":"search_term_string"}}],"inLanguage":"lt-LT"}]}},"_links":{"self":[{"href":"https:\/\/happyinaknit.com\/lt\/wp-json\/wp\/v2\/product\/4267","targetHints":{"allow":["GET"]}}],"collection":[{"href":"https:\/\/happyinaknit.com\/lt\/wp-json\/wp\/v2\/product"}],"about":[{"href":"https:\/\/happyinaknit.com\/lt\/wp-json\/wp\/v2\/types\/product"}],"replies":[{"embeddable":true,"href":"https:\/\/happyinaknit.com\/lt\/wp-json\/wp\/v2\/comments?post=4267"}],"wp:featuredmedia":[{"embeddable":true,"href":"https:\/\/happyinaknit.com\/lt\/wp-json\/wp\/v2\/media\/4269"}],"wp:attachment":[{"href":"https:\/\/happyinaknit.com\/lt\/wp-json\/wp\/v2\/media?parent=4267"}],"wp:term":[{"taxonomy":"product_brand","embeddable":true,"href":"https:\/\/happyinaknit.com\/lt\/wp-json\/wp\/v2\/product_brand?post=4267"},{"taxonomy":"product_cat","embeddable":true,"href":"https:\/\/happyinaknit.com\/lt\/wp-json\/wp\/v2\/product_cat?post=4267"},{"taxonomy":"product_tag","embeddable":true,"href":"https:\/\/happyinaknit.com\/lt\/wp-json\/wp\/v2\/product_tag?post=4267"},{"taxonomy":"pro-kategorijos","embeddable":true,"href":"https:\/\/happyinaknit.com\/lt\/wp-json\/wp\/v2\/pro-kategorijos?post=4267"}],"curies":[{"name":"wp","href":"https:\/\/api.w.org\/{rel}","templated":true}]}}