{"id":4168,"date":"2025-10-10T10:46:35","date_gmt":"2025-10-10T10:46:35","guid":{"rendered":"https:\/\/happyinaknit.com\/?post_type=product&#038;p=4168"},"modified":"2025-11-13T21:39:16","modified_gmt":"2025-11-13T21:39:16","slug":"rico-design-fashion-alpaca-superfine-heavens-big-cloud","status":"publish","type":"product","link":"https:\/\/happyinaknit.com\/lt\/produktas\/rico-design-fashion-alpaca-superfine-heavens-big-cloud\/","title":{"rendered":"Rico Design Fashion Alpaca Superfine HEAVENS BIG CLOUD"},"content":{"rendered":"<p data-start=\"0\" data-end=\"390\">Fashion Alpaca Superfine Heavens Big Cloud \u2013 tai prabang\u016bs, pur\u016bs ir ypa\u010d lengvi si\u016blai, kuri\u0173 mink\u0161tas ir p\u016bkuotas si\u016blas suteikia mezginiui ne\u012ftik\u0117tin\u0105 apimt\u012f bei \u0161velnum\u0105. D\u0117l ypatingai ilgo metra\u017eo i\u0161 vieno 100 g kamuoliuko galima numegzti apie 40 \u00d7 180 cm gamin\u012f, nenutraukiant spalvinio per\u0117jimo. Subtil\u016bs, modern\u016bs spalv\u0173 per\u0117jimai atrodo itin harmoningai ir stilingai.<\/p>\n<p data-start=\"392\" data-end=\"600\">\u0160ie auk\u0161tos kokyb\u0117s si\u016blai i\u0161 alpakos ir poliamido mi\u0161inio puikiai tinka \u0161alikams, megztiniams, kardiganams ar kitiems \u017eiemi\u0161kiems projektams, suteikdami jiems lengvumo, jaukumo ir prabangos poj\u016bt\u012f.<\/p>\n<p data-start=\"602\" data-end=\"911\"><strong data-start=\"602\" data-end=\"614\">Sud\u0117tis:<\/strong> 63 % alpakos, 37 % poliamidas<br data-start=\"644\" data-end=\"647\" \/><strong data-start=\"647\" data-end=\"666\">Svoris \/ ilgis:<\/strong> 100 g \u2013 280 m<br data-start=\"680\" data-end=\"683\" data-is-only-node=\"\" \/><strong data-start=\"683\" data-end=\"696\">Tankumas:<\/strong> 10 \u00d7 10 cm \u2013 12 akys \u00d7 20 eil\u0117s<br data-start=\"728\" data-end=\"731\" \/><strong data-start=\"731\" data-end=\"759\">Rekomenduojami virbalai:<\/strong> 6,0 mm<br data-start=\"766\" data-end=\"769\" \/><strong data-start=\"769\" data-end=\"786\">Sunaudojimas:<\/strong> 40 dyd\u017eio megztiniui reikia apie 300 g<br data-start=\"825\" data-end=\"828\" \/><strong data-start=\"828\" data-end=\"842\">Prie\u017ei\u016bra:<\/strong> skalbti \u0161velniu re\u017eimu iki 30 \u00b0C, d\u017eiovinti patiesus horizontaliai<\/p>\n<p data-start=\"913\" data-end=\"1001\" data-is-last-node=\"\" data-is-only-node=\"\"><strong data-start=\"913\" data-end=\"925\">Pastaba:<\/strong> spalv\u0173 atspalviai gali \u0161iek tiek skirtis priklausomai nuo \u012frenginio ekrano.<\/p>\n","protected":false},"excerpt":{"rendered":"<p>Fashion Alpaca Superfine Heavens Big Cloud \u2013 tai prabang\u016bs, pur\u016bs ir ypa\u010d lengvi si\u016blai, kuri\u0173 mink\u0161tas ir p\u016bkuotas si\u016blas suteikia mezginiui ne\u012ftik\u0117tin\u0105 apimt\u012f bei \u0161velnum\u0105. D\u0117l ypatingai ilgo metra\u017eo i\u0161 vieno 100 g kamuoliuko galima numegzti apie 40 \u00d7 180 cm gamin\u012f, nenutraukiant spalvinio per\u0117jimo. Subtil\u016bs, modern\u016bs spalv\u0173 per\u0117jimai atrodo itin harmoningai ir stilingai. \u0160ie [&hellip;]<\/p>\n","protected":false},"featured_media":4174,"comment_status":"open","ping_status":"closed","template":"","meta":{"_acf_changed":false},"product_brand":[68],"product_cat":[15,18],"product_tag":[],"pro-kategorijos":[54],"class_list":{"0":"post-4168","1":"product","2":"type-product","3":"status-publish","4":"has-post-thumbnail","6":"product_brand-rico-design","7":"product_cat-visi-produktai","8":"product_cat-siulai","9":"pro-kategorijos-alpaka","11":"first","12":"instock","13":"shipping-taxable","14":"purchasable","15":"product-type-variable"},"acf":[],"yoast_head":"<!-- This site is optimized with the Yoast SEO plugin v26.8 - https:\/\/yoast.com\/product\/yoast-seo-wordpress\/ -->\n<title>Rico Design Fashion Alpaca Superfine HEAVENS BIG CLOUD - Happyinaknit.com<\/title>\n<meta name=\"robots\" content=\"index, follow, max-snippet:-1, max-image-preview:large, max-video-preview:-1\" \/>\n<link rel=\"canonical\" href=\"https:\/\/happyinaknit.com\/lt\/produktas\/rico-design-fashion-alpaca-superfine-heavens-big-cloud\/\" \/>\n<meta property=\"og:locale\" content=\"lt_LT\" \/>\n<meta property=\"og:type\" content=\"article\" \/>\n<meta property=\"og:title\" content=\"Rico Design Fashion Alpaca Superfine HEAVENS BIG CLOUD - Happyinaknit.com\" \/>\n<meta property=\"og:description\" content=\"Fashion Alpaca Superfine Heavens Big Cloud \u2013 tai prabang\u016bs, pur\u016bs ir ypa\u010d lengvi si\u016blai, kuri\u0173 mink\u0161tas ir p\u016bkuotas si\u016blas suteikia mezginiui ne\u012ftik\u0117tin\u0105 apimt\u012f bei \u0161velnum\u0105. D\u0117l ypatingai ilgo metra\u017eo i\u0161 vieno 100 g kamuoliuko galima numegzti apie 40 \u00d7 180 cm gamin\u012f, nenutraukiant spalvinio per\u0117jimo. Subtil\u016bs, modern\u016bs spalv\u0173 per\u0117jimai atrodo itin harmoningai ir stilingai. \u0160ie [&hellip;]\" \/>\n<meta property=\"og:url\" content=\"https:\/\/happyinaknit.com\/lt\/produktas\/rico-design-fashion-alpaca-superfine-heavens-big-cloud\/\" \/>\n<meta property=\"og:site_name\" content=\"Happyinaknit.com\" \/>\n<meta property=\"article:modified_time\" content=\"2025-11-13T21:39:16+00:00\" \/>\n<meta property=\"og:image\" content=\"https:\/\/happyinaknit.com\/wp-content\/uploads\/2025\/10\/IMG_9025.jpg\" \/>\n\t<meta property=\"og:image:width\" content=\"1320\" \/>\n\t<meta property=\"og:image:height\" content=\"1522\" \/>\n\t<meta property=\"og:image:type\" content=\"image\/jpeg\" \/>\n<meta name=\"twitter:card\" content=\"summary_large_image\" \/>\n<meta name=\"twitter:label1\" content=\"Est. reading time\" \/>\n\t<meta name=\"twitter:data1\" content=\"1 minut\u0117\" \/>\n<script type=\"application\/ld+json\" class=\"yoast-schema-graph\">{\"@context\":\"https:\/\/schema.org\",\"@graph\":[{\"@type\":\"WebPage\",\"@id\":\"https:\/\/happyinaknit.com\/produktas\/rico-design-fashion-alpaca-superfine-heavens-big-cloud\/\",\"url\":\"https:\/\/happyinaknit.com\/produktas\/rico-design-fashion-alpaca-superfine-heavens-big-cloud\/\",\"name\":\"Rico Design Fashion Alpaca Superfine HEAVENS BIG CLOUD - Happyinaknit.com\",\"isPartOf\":{\"@id\":\"https:\/\/happyinaknit.com\/lt\/#website\"},\"primaryImageOfPage\":{\"@id\":\"https:\/\/happyinaknit.com\/produktas\/rico-design-fashion-alpaca-superfine-heavens-big-cloud\/#primaryimage\"},\"image\":{\"@id\":\"https:\/\/happyinaknit.com\/produktas\/rico-design-fashion-alpaca-superfine-heavens-big-cloud\/#primaryimage\"},\"thumbnailUrl\":\"https:\/\/happyinaknit.com\/wp-content\/uploads\/2025\/10\/IMG_9025.jpg\",\"datePublished\":\"2025-10-10T10:46:35+00:00\",\"dateModified\":\"2025-11-13T21:39:16+00:00\",\"breadcrumb\":{\"@id\":\"https:\/\/happyinaknit.com\/produktas\/rico-design-fashion-alpaca-superfine-heavens-big-cloud\/#breadcrumb\"},\"inLanguage\":\"lt-LT\",\"potentialAction\":[{\"@type\":\"ReadAction\",\"target\":[\"https:\/\/happyinaknit.com\/produktas\/rico-design-fashion-alpaca-superfine-heavens-big-cloud\/\"]}]},{\"@type\":\"ImageObject\",\"inLanguage\":\"lt-LT\",\"@id\":\"https:\/\/happyinaknit.com\/produktas\/rico-design-fashion-alpaca-superfine-heavens-big-cloud\/#primaryimage\",\"url\":\"https:\/\/happyinaknit.com\/wp-content\/uploads\/2025\/10\/IMG_9025.jpg\",\"contentUrl\":\"https:\/\/happyinaknit.com\/wp-content\/uploads\/2025\/10\/IMG_9025.jpg\",\"width\":1320,\"height\":1522},{\"@type\":\"BreadcrumbList\",\"@id\":\"https:\/\/happyinaknit.com\/produktas\/rico-design-fashion-alpaca-superfine-heavens-big-cloud\/#breadcrumb\",\"itemListElement\":[{\"@type\":\"ListItem\",\"position\":1,\"name\":\"Home\",\"item\":\"https:\/\/happyinaknit.com\/lt\/\"},{\"@type\":\"ListItem\",\"position\":2,\"name\":\"Parduotuv\u0117\",\"item\":\"https:\/\/happyinaknit.com\/lt\/parduotuve\/\"},{\"@type\":\"ListItem\",\"position\":3,\"name\":\"Rico Design Fashion Alpaca Superfine HEAVENS BIG CLOUD\"}]},{\"@type\":\"WebSite\",\"@id\":\"https:\/\/happyinaknit.com\/lt\/#website\",\"url\":\"https:\/\/happyinaknit.com\/lt\/\",\"name\":\"Happyinaknit.com\",\"description\":\"\",\"potentialAction\":[{\"@type\":\"SearchAction\",\"target\":{\"@type\":\"EntryPoint\",\"urlTemplate\":\"https:\/\/happyinaknit.com\/lt\/?s={search_term_string}\"},\"query-input\":{\"@type\":\"PropertyValueSpecification\",\"valueRequired\":true,\"valueName\":\"search_term_string\"}}],\"inLanguage\":\"lt-LT\"}]}<\/script>\n<!-- \/ Yoast SEO plugin. -->","yoast_head_json":{"title":"Rico Design Fashion Alpaca Superfine HEAVENS BIG CLOUD - Happyinaknit.com","robots":{"index":"index","follow":"follow","max-snippet":"max-snippet:-1","max-image-preview":"max-image-preview:large","max-video-preview":"max-video-preview:-1"},"canonical":"https:\/\/happyinaknit.com\/lt\/produktas\/rico-design-fashion-alpaca-superfine-heavens-big-cloud\/","og_locale":"lt_LT","og_type":"article","og_title":"Rico Design Fashion Alpaca Superfine HEAVENS BIG CLOUD - Happyinaknit.com","og_description":"Fashion Alpaca Superfine Heavens Big Cloud \u2013 tai prabang\u016bs, pur\u016bs ir ypa\u010d lengvi si\u016blai, kuri\u0173 mink\u0161tas ir p\u016bkuotas si\u016blas suteikia mezginiui ne\u012ftik\u0117tin\u0105 apimt\u012f bei \u0161velnum\u0105. D\u0117l ypatingai ilgo metra\u017eo i\u0161 vieno 100 g kamuoliuko galima numegzti apie 40 \u00d7 180 cm gamin\u012f, nenutraukiant spalvinio per\u0117jimo. Subtil\u016bs, modern\u016bs spalv\u0173 per\u0117jimai atrodo itin harmoningai ir stilingai. \u0160ie [&hellip;]","og_url":"https:\/\/happyinaknit.com\/lt\/produktas\/rico-design-fashion-alpaca-superfine-heavens-big-cloud\/","og_site_name":"Happyinaknit.com","article_modified_time":"2025-11-13T21:39:16+00:00","og_image":[{"width":1320,"height":1522,"url":"https:\/\/happyinaknit.com\/wp-content\/uploads\/2025\/10\/IMG_9025.jpg","type":"image\/jpeg"}],"twitter_card":"summary_large_image","twitter_misc":{"Est. reading time":"1 minut\u0117"},"schema":{"@context":"https:\/\/schema.org","@graph":[{"@type":"WebPage","@id":"https:\/\/happyinaknit.com\/produktas\/rico-design-fashion-alpaca-superfine-heavens-big-cloud\/","url":"https:\/\/happyinaknit.com\/produktas\/rico-design-fashion-alpaca-superfine-heavens-big-cloud\/","name":"Rico Design Fashion Alpaca Superfine HEAVENS BIG CLOUD - Happyinaknit.com","isPartOf":{"@id":"https:\/\/happyinaknit.com\/lt\/#website"},"primaryImageOfPage":{"@id":"https:\/\/happyinaknit.com\/produktas\/rico-design-fashion-alpaca-superfine-heavens-big-cloud\/#primaryimage"},"image":{"@id":"https:\/\/happyinaknit.com\/produktas\/rico-design-fashion-alpaca-superfine-heavens-big-cloud\/#primaryimage"},"thumbnailUrl":"https:\/\/happyinaknit.com\/wp-content\/uploads\/2025\/10\/IMG_9025.jpg","datePublished":"2025-10-10T10:46:35+00:00","dateModified":"2025-11-13T21:39:16+00:00","breadcrumb":{"@id":"https:\/\/happyinaknit.com\/produktas\/rico-design-fashion-alpaca-superfine-heavens-big-cloud\/#breadcrumb"},"inLanguage":"lt-LT","potentialAction":[{"@type":"ReadAction","target":["https:\/\/happyinaknit.com\/produktas\/rico-design-fashion-alpaca-superfine-heavens-big-cloud\/"]}]},{"@type":"ImageObject","inLanguage":"lt-LT","@id":"https:\/\/happyinaknit.com\/produktas\/rico-design-fashion-alpaca-superfine-heavens-big-cloud\/#primaryimage","url":"https:\/\/happyinaknit.com\/wp-content\/uploads\/2025\/10\/IMG_9025.jpg","contentUrl":"https:\/\/happyinaknit.com\/wp-content\/uploads\/2025\/10\/IMG_9025.jpg","width":1320,"height":1522},{"@type":"BreadcrumbList","@id":"https:\/\/happyinaknit.com\/produktas\/rico-design-fashion-alpaca-superfine-heavens-big-cloud\/#breadcrumb","itemListElement":[{"@type":"ListItem","position":1,"name":"Home","item":"https:\/\/happyinaknit.com\/lt\/"},{"@type":"ListItem","position":2,"name":"Parduotuv\u0117","item":"https:\/\/happyinaknit.com\/lt\/parduotuve\/"},{"@type":"ListItem","position":3,"name":"Rico Design Fashion Alpaca Superfine HEAVENS BIG CLOUD"}]},{"@type":"WebSite","@id":"https:\/\/happyinaknit.com\/lt\/#website","url":"https:\/\/happyinaknit.com\/lt\/","name":"Happyinaknit.com","description":"","potentialAction":[{"@type":"SearchAction","target":{"@type":"EntryPoint","urlTemplate":"https:\/\/happyinaknit.com\/lt\/?s={search_term_string}"},"query-input":{"@type":"PropertyValueSpecification","valueRequired":true,"valueName":"search_term_string"}}],"inLanguage":"lt-LT"}]}},"_links":{"self":[{"href":"https:\/\/happyinaknit.com\/lt\/wp-json\/wp\/v2\/product\/4168","targetHints":{"allow":["GET"]}}],"collection":[{"href":"https:\/\/happyinaknit.com\/lt\/wp-json\/wp\/v2\/product"}],"about":[{"href":"https:\/\/happyinaknit.com\/lt\/wp-json\/wp\/v2\/types\/product"}],"replies":[{"embeddable":true,"href":"https:\/\/happyinaknit.com\/lt\/wp-json\/wp\/v2\/comments?post=4168"}],"wp:featuredmedia":[{"embeddable":true,"href":"https:\/\/happyinaknit.com\/lt\/wp-json\/wp\/v2\/media\/4174"}],"wp:attachment":[{"href":"https:\/\/happyinaknit.com\/lt\/wp-json\/wp\/v2\/media?parent=4168"}],"wp:term":[{"taxonomy":"product_brand","embeddable":true,"href":"https:\/\/happyinaknit.com\/lt\/wp-json\/wp\/v2\/product_brand?post=4168"},{"taxonomy":"product_cat","embeddable":true,"href":"https:\/\/happyinaknit.com\/lt\/wp-json\/wp\/v2\/product_cat?post=4168"},{"taxonomy":"product_tag","embeddable":true,"href":"https:\/\/happyinaknit.com\/lt\/wp-json\/wp\/v2\/product_tag?post=4168"},{"taxonomy":"pro-kategorijos","embeddable":true,"href":"https:\/\/happyinaknit.com\/lt\/wp-json\/wp\/v2\/pro-kategorijos?post=4168"}],"curies":[{"name":"wp","href":"https:\/\/api.w.org\/{rel}","templated":true}]}}